{"id":995,"date":"2025-07-22T06:28:56","date_gmt":"2025-07-22T06:28:56","guid":{"rendered":"https:\/\/vestpetproducts.com\/?post_type=product&#038;p=995"},"modified":"2025-07-22T06:28:57","modified_gmt":"2025-07-22T06:28:57","slug":"dog-meteorite-teething-ball","status":"publish","type":"product","link":"https:\/\/vestpetproducts.com\/pt\/produto\/dog-meteorite-teething-ball\/","title":{"rendered":"Bola de denti\u00e7\u00e3o de meteorito para c\u00e3es"},"content":{"rendered":"<p><img loading=\"lazy\" decoding=\"async\" class=\"aligncenter size-full wp-image-998\" src=\"http:\/\/vestpetproducts.com\/wp-content\/uploads\/2025\/07\/2-3-1.jpg\" alt=\"\" width=\"1000\" height=\"2000\" srcset=\"https:\/\/vestpetproducts.com\/wp-content\/uploads\/2025\/07\/2-3-1.jpg 1000w, https:\/\/vestpetproducts.com\/wp-content\/uploads\/2025\/07\/2-3-1-250x500.jpg 250w, https:\/\/vestpetproducts.com\/wp-content\/uploads\/2025\/07\/2-3-1-600x1200.jpg 600w, https:\/\/vestpetproducts.com\/wp-content\/uploads\/2025\/07\/2-3-1-150x300.jpg 150w, https:\/\/vestpetproducts.com\/wp-content\/uploads\/2025\/07\/2-3-1-768x1536.jpg 768w, https:\/\/vestpetproducts.com\/wp-content\/uploads\/2025\/07\/2-3-1-6x12.jpg 6w, https:\/\/vestpetproducts.com\/wp-content\/uploads\/2025\/07\/2-3-1-38x75.jpg 38w, https:\/\/vestpetproducts.com\/wp-content\/uploads\/2025\/07\/2-3-1-480x960.jpg 480w, https:\/\/vestpetproducts.com\/wp-content\/uploads\/2025\/07\/2-3-1-800x1600.jpg 800w\" sizes=\"auto, (max-width:767px) 480px, (max-width:1000px) 100vw, 1000px\" \/> <img loading=\"lazy\" decoding=\"async\" class=\"aligncenter size-full wp-image-999\" src=\"http:\/\/vestpetproducts.com\/wp-content\/uploads\/2025\/07\/3-3-1.jpg\" alt=\"\" width=\"1000\" height=\"2000\" srcset=\"https:\/\/vestpetproducts.com\/wp-content\/uploads\/2025\/07\/3-3-1.jpg 1000w, https:\/\/vestpetproducts.com\/wp-content\/uploads\/2025\/07\/3-3-1-250x500.jpg 250w, https:\/\/vestpetproducts.com\/wp-content\/uploads\/2025\/07\/3-3-1-600x1200.jpg 600w, https:\/\/vestpetproducts.com\/wp-content\/uploads\/2025\/07\/3-3-1-150x300.jpg 150w, https:\/\/vestpetproducts.com\/wp-content\/uploads\/2025\/07\/3-3-1-768x1536.jpg 768w, https:\/\/vestpetproducts.com\/wp-content\/uploads\/2025\/07\/3-3-1-6x12.jpg 6w, https:\/\/vestpetproducts.com\/wp-content\/uploads\/2025\/07\/3-3-1-38x75.jpg 38w, https:\/\/vestpetproducts.com\/wp-content\/uploads\/2025\/07\/3-3-1-480x960.jpg 480w, https:\/\/vestpetproducts.com\/wp-content\/uploads\/2025\/07\/3-3-1-800x1600.jpg 800w\" sizes=\"auto, (max-width:767px) 480px, (max-width:1000px) 100vw, 1000px\" \/> <img loading=\"lazy\" decoding=\"async\" class=\"aligncenter size-full wp-image-1000\" src=\"http:\/\/vestpetproducts.com\/wp-content\/uploads\/2025\/07\/4-3-1.jpg\" alt=\"\" width=\"1000\" height=\"2000\" srcset=\"https:\/\/vestpetproducts.com\/wp-content\/uploads\/2025\/07\/4-3-1.jpg 1000w, https:\/\/vestpetproducts.com\/wp-content\/uploads\/2025\/07\/4-3-1-250x500.jpg 250w, https:\/\/vestpetproducts.com\/wp-content\/uploads\/2025\/07\/4-3-1-600x1200.jpg 600w, https:\/\/vestpetproducts.com\/wp-content\/uploads\/2025\/07\/4-3-1-150x300.jpg 150w, https:\/\/vestpetproducts.com\/wp-content\/uploads\/2025\/07\/4-3-1-768x1536.jpg 768w, https:\/\/vestpetproducts.com\/wp-content\/uploads\/2025\/07\/4-3-1-6x12.jpg 6w, https:\/\/vestpetproducts.com\/wp-content\/uploads\/2025\/07\/4-3-1-38x75.jpg 38w, https:\/\/vestpetproducts.com\/wp-content\/uploads\/2025\/07\/4-3-1-480x960.jpg 480w, https:\/\/vestpetproducts.com\/wp-content\/uploads\/2025\/07\/4-3-1-800x1600.jpg 800w\" sizes=\"auto, (max-width:767px) 480px, (max-width:1000px) 100vw, 1000px\" \/> <img loading=\"lazy\" decoding=\"async\" class=\"aligncenter size-full wp-image-1001\" src=\"http:\/\/vestpetproducts.com\/wp-content\/uploads\/2025\/07\/6-3-1.jpg\" alt=\"\" width=\"1000\" height=\"2000\" srcset=\"https:\/\/vestpetproducts.com\/wp-content\/uploads\/2025\/07\/6-3-1.jpg 1000w, https:\/\/vestpetproducts.com\/wp-content\/uploads\/2025\/07\/6-3-1-250x500.jpg 250w, https:\/\/vestpetproducts.com\/wp-content\/uploads\/2025\/07\/6-3-1-600x1200.jpg 600w, https:\/\/vestpetproducts.com\/wp-content\/uploads\/2025\/07\/6-3-1-150x300.jpg 150w, https:\/\/vestpetproducts.com\/wp-content\/uploads\/2025\/07\/6-3-1-768x1536.jpg 768w, https:\/\/vestpetproducts.com\/wp-content\/uploads\/2025\/07\/6-3-1-6x12.jpg 6w, https:\/\/vestpetproducts.com\/wp-content\/uploads\/2025\/07\/6-3-1-38x75.jpg 38w, https:\/\/vestpetproducts.com\/wp-content\/uploads\/2025\/07\/6-3-1-480x960.jpg 480w, https:\/\/vestpetproducts.com\/wp-content\/uploads\/2025\/07\/6-3-1-800x1600.jpg 800w\" sizes=\"auto, (max-width:767px) 480px, (max-width:1000px) 100vw, 1000px\" \/><\/p>","protected":false},"excerpt":{"rendered":"<p>Cor: azul lago amarelo<\/p>\n<p>Peso Peso l\u00edquido: 360g Peso bruto: 413g<br \/>\nPar\u00e2metros do produto e da embalagem<br \/>\nDimens\u00f5es do produto 116 x 116 x 117 mm<br \/>\nDimens\u00f5es da caixa de papel 120 x 120 x 122 mm<br \/>\nDimens\u00f5es da caixa externa 37,5 x 37,5 x 39 cm<br \/>\nN\u00famero de unidades por caixa 27<br \/>\nPeso l\u00edquido da caixa 11,2 kg<br \/>\nPeso bruto da caixa 12 kg<\/p>","protected":false},"featured_media":996,"template":"","meta":{"content-type":""},"product_brand":[],"product_cat":[16],"product_tag":[],"class_list":{"0":"post-995","1":"product","2":"type-product","3":"status-publish","4":"has-post-thumbnail","6":"product_cat-pet-toys","8":"first","9":"instock","10":"shipping-taxable","11":"product-type-simple"},"yoast_head":"<!-- This site is optimized with the Yoast SEO plugin v24.9 - https:\/\/yoast.com\/wordpress\/plugins\/seo\/ -->\n<title>Dog meteorite teething ball - Shandong Vest International Trade Co., Ltd.<\/title>\n<meta name=\"robots\" content=\"index, follow, max-snippet:-1, max-image-preview:large, max-video-preview:-1\" \/>\n<link rel=\"canonical\" href=\"https:\/\/vestpetproducts.com\/pt\/produto\/dog-meteorite-teething-ball\/\" \/>\n<meta property=\"og:locale\" content=\"pt_PT\" \/>\n<meta property=\"og:type\" content=\"article\" \/>\n<meta property=\"og:title\" content=\"Dog meteorite teething ball - Shandong Vest International Trade Co., Ltd.\" \/>\n<meta property=\"og:description\" content=\"Color\uff1alake blue yellow  Weight Net weight: 360g Gross weight: 413g Product and Packaging Parameters Product Dimensions 116 x 116 x 117 mm Paper Box Dimensions 120 x 120 x 122 mm Outer Box Dimensions 37.5 x 37.5 x 39 cm Number of Units per Carton 27 Carton Net Weight 11.2 kg Carton Gross Weight 12 kg\" \/>\n<meta property=\"og:url\" content=\"https:\/\/vestpetproducts.com\/pt\/produto\/dog-meteorite-teething-ball\/\" \/>\n<meta property=\"og:site_name\" content=\"Shandong Vest International Trade Co., Ltd.\" \/>\n<meta property=\"article:modified_time\" content=\"2025-07-22T06:28:57+00:00\" \/>\n<meta property=\"og:image\" content=\"https:\/\/vestpetproducts.com\/wp-content\/uploads\/2025\/07\/1-3-1.jpg\" \/>\n\t<meta property=\"og:image:width\" content=\"1000\" \/>\n\t<meta property=\"og:image:height\" content=\"1000\" \/>\n\t<meta property=\"og:image:type\" content=\"image\/jpeg\" \/>\n<meta name=\"twitter:card\" content=\"summary_large_image\" \/>\n<meta name=\"twitter:label1\" content=\"Tempo estimado de leitura\" \/>\n\t<meta name=\"twitter:data1\" content=\"1 minuto\" \/>\n<script type=\"application\/ld+json\" class=\"yoast-schema-graph\">{\"@context\":\"https:\/\/schema.org\",\"@graph\":[{\"@type\":\"WebPage\",\"@id\":\"https:\/\/vestpetproducts.com\/product\/dog-meteorite-teething-ball\/\",\"url\":\"https:\/\/vestpetproducts.com\/product\/dog-meteorite-teething-ball\/\",\"name\":\"Dog meteorite teething ball - Shandong Vest International Trade Co., Ltd.\",\"isPartOf\":{\"@id\":\"https:\/\/vestpetproducts.com\/#website\"},\"primaryImageOfPage\":{\"@id\":\"https:\/\/vestpetproducts.com\/product\/dog-meteorite-teething-ball\/#primaryimage\"},\"image\":{\"@id\":\"https:\/\/vestpetproducts.com\/product\/dog-meteorite-teething-ball\/#primaryimage\"},\"thumbnailUrl\":\"https:\/\/vestpetproducts.com\/wp-content\/uploads\/2025\/07\/1-3-1.jpg\",\"datePublished\":\"2025-07-22T06:28:56+00:00\",\"dateModified\":\"2025-07-22T06:28:57+00:00\",\"breadcrumb\":{\"@id\":\"https:\/\/vestpetproducts.com\/product\/dog-meteorite-teething-ball\/#breadcrumb\"},\"inLanguage\":\"pt-PT\",\"potentialAction\":[{\"@type\":\"ReadAction\",\"target\":[\"https:\/\/vestpetproducts.com\/product\/dog-meteorite-teething-ball\/\"]}]},{\"@type\":\"ImageObject\",\"inLanguage\":\"pt-PT\",\"@id\":\"https:\/\/vestpetproducts.com\/product\/dog-meteorite-teething-ball\/#primaryimage\",\"url\":\"https:\/\/vestpetproducts.com\/wp-content\/uploads\/2025\/07\/1-3-1.jpg\",\"contentUrl\":\"https:\/\/vestpetproducts.com\/wp-content\/uploads\/2025\/07\/1-3-1.jpg\",\"width\":1000,\"height\":1000},{\"@type\":\"BreadcrumbList\",\"@id\":\"https:\/\/vestpetproducts.com\/product\/dog-meteorite-teething-ball\/#breadcrumb\",\"itemListElement\":[{\"@type\":\"ListItem\",\"position\":1,\"name\":\"\u9996\u9875\",\"item\":\"https:\/\/vestpetproducts.com\/\"},{\"@type\":\"ListItem\",\"position\":2,\"name\":\"Product\",\"item\":\"https:\/\/vestpetproducts.com\/product\/\"},{\"@type\":\"ListItem\",\"position\":3,\"name\":\"Dog meteorite teething ball\"}]},{\"@type\":\"WebSite\",\"@id\":\"https:\/\/vestpetproducts.com\/#website\",\"url\":\"https:\/\/vestpetproducts.com\/\",\"name\":\"Shandong Vest International Trade Co., Ltd.\",\"description\":\"Shandong Vest International Trade Co., Ltd.\",\"potentialAction\":[{\"@type\":\"SearchAction\",\"target\":{\"@type\":\"EntryPoint\",\"urlTemplate\":\"https:\/\/vestpetproducts.com\/?s={search_term_string}\"},\"query-input\":{\"@type\":\"PropertyValueSpecification\",\"valueRequired\":true,\"valueName\":\"search_term_string\"}}],\"inLanguage\":\"pt-PT\"}]}<\/script>\n<!-- \/ Yoast SEO plugin. -->","yoast_head_json":{"title":"Dog meteorite teething ball - Shandong Vest International Trade Co., Ltd.","robots":{"index":"index","follow":"follow","max-snippet":"max-snippet:-1","max-image-preview":"max-image-preview:large","max-video-preview":"max-video-preview:-1"},"canonical":"https:\/\/vestpetproducts.com\/pt\/produto\/dog-meteorite-teething-ball\/","og_locale":"pt_PT","og_type":"article","og_title":"Dog meteorite teething ball - Shandong Vest International Trade Co., Ltd.","og_description":"Color\uff1alake blue yellow  Weight Net weight: 360g Gross weight: 413g Product and Packaging Parameters Product Dimensions 116 x 116 x 117 mm Paper Box Dimensions 120 x 120 x 122 mm Outer Box Dimensions 37.5 x 37.5 x 39 cm Number of Units per Carton 27 Carton Net Weight 11.2 kg Carton Gross Weight 12 kg","og_url":"https:\/\/vestpetproducts.com\/pt\/produto\/dog-meteorite-teething-ball\/","og_site_name":"Shandong Vest International Trade Co., Ltd.","article_modified_time":"2025-07-22T06:28:57+00:00","og_image":[{"width":1000,"height":1000,"url":"https:\/\/vestpetproducts.com\/wp-content\/uploads\/2025\/07\/1-3-1.jpg","type":"image\/jpeg"}],"twitter_card":"summary_large_image","twitter_misc":{"Tempo estimado de leitura":"1 minuto"},"schema":{"@context":"https:\/\/schema.org","@graph":[{"@type":"WebPage","@id":"https:\/\/vestpetproducts.com\/product\/dog-meteorite-teething-ball\/","url":"https:\/\/vestpetproducts.com\/product\/dog-meteorite-teething-ball\/","name":"Dog meteorite teething ball - Shandong Vest International Trade Co., Ltd.","isPartOf":{"@id":"https:\/\/vestpetproducts.com\/#website"},"primaryImageOfPage":{"@id":"https:\/\/vestpetproducts.com\/product\/dog-meteorite-teething-ball\/#primaryimage"},"image":{"@id":"https:\/\/vestpetproducts.com\/product\/dog-meteorite-teething-ball\/#primaryimage"},"thumbnailUrl":"https:\/\/vestpetproducts.com\/wp-content\/uploads\/2025\/07\/1-3-1.jpg","datePublished":"2025-07-22T06:28:56+00:00","dateModified":"2025-07-22T06:28:57+00:00","breadcrumb":{"@id":"https:\/\/vestpetproducts.com\/product\/dog-meteorite-teething-ball\/#breadcrumb"},"inLanguage":"pt-PT","potentialAction":[{"@type":"ReadAction","target":["https:\/\/vestpetproducts.com\/product\/dog-meteorite-teething-ball\/"]}]},{"@type":"ImageObject","inLanguage":"pt-PT","@id":"https:\/\/vestpetproducts.com\/product\/dog-meteorite-teething-ball\/#primaryimage","url":"https:\/\/vestpetproducts.com\/wp-content\/uploads\/2025\/07\/1-3-1.jpg","contentUrl":"https:\/\/vestpetproducts.com\/wp-content\/uploads\/2025\/07\/1-3-1.jpg","width":1000,"height":1000},{"@type":"BreadcrumbList","@id":"https:\/\/vestpetproducts.com\/product\/dog-meteorite-teething-ball\/#breadcrumb","itemListElement":[{"@type":"ListItem","position":1,"name":"\u9996\u9875","item":"https:\/\/vestpetproducts.com\/"},{"@type":"ListItem","position":2,"name":"Product","item":"https:\/\/vestpetproducts.com\/product\/"},{"@type":"ListItem","position":3,"name":"Dog meteorite teething ball"}]},{"@type":"WebSite","@id":"https:\/\/vestpetproducts.com\/#website","url":"https:\/\/vestpetproducts.com\/","name":"Shandong Vest International Trade Co., Ltd.","description":"Shandong Vest International Trade Co., Ltd.","potentialAction":[{"@type":"SearchAction","target":{"@type":"EntryPoint","urlTemplate":"https:\/\/vestpetproducts.com\/?s={search_term_string}"},"query-input":{"@type":"PropertyValueSpecification","valueRequired":true,"valueName":"search_term_string"}}],"inLanguage":"pt-PT"}]}},"_links":{"self":[{"href":"https:\/\/vestpetproducts.com\/pt\/wp-json\/wp\/v2\/product\/995","targetHints":{"allow":["GET"]}}],"collection":[{"href":"https:\/\/vestpetproducts.com\/pt\/wp-json\/wp\/v2\/product"}],"about":[{"href":"https:\/\/vestpetproducts.com\/pt\/wp-json\/wp\/v2\/types\/product"}],"wp:featuredmedia":[{"embeddable":true,"href":"https:\/\/vestpetproducts.com\/pt\/wp-json\/wp\/v2\/media\/996"}],"wp:attachment":[{"href":"https:\/\/vestpetproducts.com\/pt\/wp-json\/wp\/v2\/media?parent=995"}],"wp:term":[{"taxonomy":"product_brand","embeddable":true,"href":"https:\/\/vestpetproducts.com\/pt\/wp-json\/wp\/v2\/product_brand?post=995"},{"taxonomy":"product_cat","embeddable":true,"href":"https:\/\/vestpetproducts.com\/pt\/wp-json\/wp\/v2\/product_cat?post=995"},{"taxonomy":"product_tag","embeddable":true,"href":"https:\/\/vestpetproducts.com\/pt\/wp-json\/wp\/v2\/product_tag?post=995"}],"curies":[{"name":"wp","href":"https:\/\/api.w.org\/{rel}","templated":true}]}}