{"id":892,"date":"2025-07-21T08:30:49","date_gmt":"2025-07-21T08:30:49","guid":{"rendered":"https:\/\/vestpetproducts.com\/?post_type=product&#038;p=892"},"modified":"2025-08-07T09:24:25","modified_gmt":"2025-08-07T09:24:25","slug":"cassava-cat-litter","status":"publish","type":"product","link":"https:\/\/vestpetproducts.com\/pt\/produto\/cassava-cat-litter\/","title":{"rendered":"Areia de gato de mandioca"},"content":{"rendered":"<p>Caracter\u00edsticas do produto: feito de ingredientes vegetais, seguro em caso de ingest\u00e3o acidental<br \/>\nDesodoriza\u00e7\u00e3o dupla com extrato de algas marinhas e fatores bioenzim\u00e1ticos, mantendo o ar fresco<br \/>\nLivre de fragr\u00e2ncias artificiais, naturalmente perfumado com aroma de arroz, oferecendo uma experi\u00eancia olfativa natural<br \/>\nO tamanho moderado das part\u00edculas reduz efetivamente o rastreamento, com uma apar\u00eancia elegante, textura suave e uma sensa\u00e7\u00e3o confort\u00e1vel de deserto<br \/>\nFeito com ingredientes de origem vegetal, naturalmente perfumado com aroma de arroz, desodoriza e inibe odores, \u00e9 rapidamente absorvido e forma grumos, n\u00e3o gruda no fundo e \u00e9 f\u00e1cil de recolher<\/p>","protected":false},"excerpt":{"rendered":"<p>Ingredientes principais: amido de mandioca, amido de milho, extrato de algas marinhas<\/p>\n<p>*Desodoriza\u00e7\u00e3o dupla com extrato de algas marinhas e fatores bioenzim\u00e1ticos, mantendo o ar fresco.<br \/>\n*Sem fragr\u00e2ncias artificiais, naturalmente perfumado com aroma de arroz, proporcionando uma experi\u00eancia olfativa natural.<br \/>\n*O tamanho moderado das part\u00edculas reduz efetivamente o rastreamento, com uma apar\u00eancia elegante.<br \/>\n*Suave e confort\u00e1vel, proporcionando uma sensa\u00e7\u00e3o de p\u00e9 semelhante \u00e0 do deserto.<br \/>\nVantagens do produto: Ingredientes \u00e0 base de plantas com fragr\u00e2ncia natural de bambu, propriedades desodorizantes e inibidoras de odores, r\u00e1pida absor\u00e7\u00e3o e aglomera\u00e7\u00e3o, n\u00e3o gruda no fundo, f\u00e1cil de recolher.<\/p>","protected":false},"featured_media":893,"template":"","meta":{"content-type":""},"product_brand":[],"product_cat":[125],"product_tag":[],"class_list":{"0":"post-892","1":"product","2":"type-product","3":"status-publish","4":"has-post-thumbnail","6":"product_cat-cassava-litter","8":"first","9":"instock","10":"shipping-taxable","11":"product-type-simple"},"yoast_head":"<!-- This site is optimized with the Yoast SEO plugin v24.9 - https:\/\/yoast.com\/wordpress\/plugins\/seo\/ -->\n<title>Cassava cat litter - Shandong Vest International Trade Co., Ltd.<\/title>\n<meta name=\"robots\" content=\"index, follow, max-snippet:-1, max-image-preview:large, max-video-preview:-1\" \/>\n<link rel=\"canonical\" href=\"https:\/\/vestpetproducts.com\/pt\/produto\/cassava-cat-litter\/\" \/>\n<meta property=\"og:locale\" content=\"pt_PT\" \/>\n<meta property=\"og:type\" content=\"article\" \/>\n<meta property=\"og:title\" content=\"Cassava cat litter - Shandong Vest International Trade Co., Ltd.\" \/>\n<meta property=\"og:description\" content=\"Main ingredients: cassava starch, corn starch, seaweed extract  *Dual deodorisation with seaweed extract and bio-enzyme factors, keeping the air fresh. *Free from artificial fragrances, naturally scented with rice aroma, offering a natural olfactory experience. *Moderate particle size effectively reduces tracking, with a stylish appearance. *Smooth and comfortable, providing a desert-like foot feel. Product Advantages: Plant-based ingredients with a natural bamboo fragrance, deodorising and odour-inhibiting properties, quick absorption and clumping, does not stick to the bottom, easy to scoop up.\" \/>\n<meta property=\"og:url\" content=\"https:\/\/vestpetproducts.com\/pt\/produto\/cassava-cat-litter\/\" \/>\n<meta property=\"og:site_name\" content=\"Shandong Vest International Trade Co., Ltd.\" \/>\n<meta property=\"article:modified_time\" content=\"2025-08-07T09:24:25+00:00\" \/>\n<meta property=\"og:image\" content=\"https:\/\/vestpetproducts.com\/wp-content\/uploads\/2025\/07\/657dbae834325de2907d9a523411599.jpg\" \/>\n\t<meta property=\"og:image:width\" content=\"2126\" \/>\n\t<meta property=\"og:image:height\" content=\"1772\" \/>\n\t<meta property=\"og:image:type\" content=\"image\/jpeg\" \/>\n<meta name=\"twitter:card\" content=\"summary_large_image\" \/>\n<meta name=\"twitter:label1\" content=\"Tempo estimado de leitura\" \/>\n\t<meta name=\"twitter:data1\" content=\"1 minuto\" \/>\n<script type=\"application\/ld+json\" class=\"yoast-schema-graph\">{\"@context\":\"https:\/\/schema.org\",\"@graph\":[{\"@type\":\"WebPage\",\"@id\":\"https:\/\/vestpetproducts.com\/product\/cassava-cat-litter\/\",\"url\":\"https:\/\/vestpetproducts.com\/product\/cassava-cat-litter\/\",\"name\":\"Cassava cat litter - Shandong Vest International Trade Co., Ltd.\",\"isPartOf\":{\"@id\":\"https:\/\/vestpetproducts.com\/#website\"},\"primaryImageOfPage\":{\"@id\":\"https:\/\/vestpetproducts.com\/product\/cassava-cat-litter\/#primaryimage\"},\"image\":{\"@id\":\"https:\/\/vestpetproducts.com\/product\/cassava-cat-litter\/#primaryimage\"},\"thumbnailUrl\":\"https:\/\/vestpetproducts.com\/wp-content\/uploads\/2025\/07\/657dbae834325de2907d9a523411599.jpg\",\"datePublished\":\"2025-07-21T08:30:49+00:00\",\"dateModified\":\"2025-08-07T09:24:25+00:00\",\"breadcrumb\":{\"@id\":\"https:\/\/vestpetproducts.com\/product\/cassava-cat-litter\/#breadcrumb\"},\"inLanguage\":\"pt-PT\",\"potentialAction\":[{\"@type\":\"ReadAction\",\"target\":[\"https:\/\/vestpetproducts.com\/product\/cassava-cat-litter\/\"]}]},{\"@type\":\"ImageObject\",\"inLanguage\":\"pt-PT\",\"@id\":\"https:\/\/vestpetproducts.com\/product\/cassava-cat-litter\/#primaryimage\",\"url\":\"https:\/\/vestpetproducts.com\/wp-content\/uploads\/2025\/07\/657dbae834325de2907d9a523411599.jpg\",\"contentUrl\":\"https:\/\/vestpetproducts.com\/wp-content\/uploads\/2025\/07\/657dbae834325de2907d9a523411599.jpg\",\"width\":2126,\"height\":1772},{\"@type\":\"BreadcrumbList\",\"@id\":\"https:\/\/vestpetproducts.com\/product\/cassava-cat-litter\/#breadcrumb\",\"itemListElement\":[{\"@type\":\"ListItem\",\"position\":1,\"name\":\"\u9996\u9875\",\"item\":\"https:\/\/vestpetproducts.com\/\"},{\"@type\":\"ListItem\",\"position\":2,\"name\":\"Product\",\"item\":\"https:\/\/vestpetproducts.com\/product\/\"},{\"@type\":\"ListItem\",\"position\":3,\"name\":\"Cassava cat litter\"}]},{\"@type\":\"WebSite\",\"@id\":\"https:\/\/vestpetproducts.com\/#website\",\"url\":\"https:\/\/vestpetproducts.com\/\",\"name\":\"Shandong Vest International Trade Co., Ltd.\",\"description\":\"Shandong Vest International Trade Co., Ltd.\",\"potentialAction\":[{\"@type\":\"SearchAction\",\"target\":{\"@type\":\"EntryPoint\",\"urlTemplate\":\"https:\/\/vestpetproducts.com\/?s={search_term_string}\"},\"query-input\":{\"@type\":\"PropertyValueSpecification\",\"valueRequired\":true,\"valueName\":\"search_term_string\"}}],\"inLanguage\":\"pt-PT\"}]}<\/script>\n<!-- \/ Yoast SEO plugin. -->","yoast_head_json":{"title":"Cassava cat litter - Shandong Vest International Trade Co., Ltd.","robots":{"index":"index","follow":"follow","max-snippet":"max-snippet:-1","max-image-preview":"max-image-preview:large","max-video-preview":"max-video-preview:-1"},"canonical":"https:\/\/vestpetproducts.com\/pt\/produto\/cassava-cat-litter\/","og_locale":"pt_PT","og_type":"article","og_title":"Cassava cat litter - Shandong Vest International Trade Co., Ltd.","og_description":"Main ingredients: cassava starch, corn starch, seaweed extract  *Dual deodorisation with seaweed extract and bio-enzyme factors, keeping the air fresh. *Free from artificial fragrances, naturally scented with rice aroma, offering a natural olfactory experience. *Moderate particle size effectively reduces tracking, with a stylish appearance. *Smooth and comfortable, providing a desert-like foot feel. Product Advantages: Plant-based ingredients with a natural bamboo fragrance, deodorising and odour-inhibiting properties, quick absorption and clumping, does not stick to the bottom, easy to scoop up.","og_url":"https:\/\/vestpetproducts.com\/pt\/produto\/cassava-cat-litter\/","og_site_name":"Shandong Vest International Trade Co., Ltd.","article_modified_time":"2025-08-07T09:24:25+00:00","og_image":[{"width":2126,"height":1772,"url":"https:\/\/vestpetproducts.com\/wp-content\/uploads\/2025\/07\/657dbae834325de2907d9a523411599.jpg","type":"image\/jpeg"}],"twitter_card":"summary_large_image","twitter_misc":{"Tempo estimado de leitura":"1 minuto"},"schema":{"@context":"https:\/\/schema.org","@graph":[{"@type":"WebPage","@id":"https:\/\/vestpetproducts.com\/product\/cassava-cat-litter\/","url":"https:\/\/vestpetproducts.com\/product\/cassava-cat-litter\/","name":"Cassava cat litter - Shandong Vest International Trade Co., Ltd.","isPartOf":{"@id":"https:\/\/vestpetproducts.com\/#website"},"primaryImageOfPage":{"@id":"https:\/\/vestpetproducts.com\/product\/cassava-cat-litter\/#primaryimage"},"image":{"@id":"https:\/\/vestpetproducts.com\/product\/cassava-cat-litter\/#primaryimage"},"thumbnailUrl":"https:\/\/vestpetproducts.com\/wp-content\/uploads\/2025\/07\/657dbae834325de2907d9a523411599.jpg","datePublished":"2025-07-21T08:30:49+00:00","dateModified":"2025-08-07T09:24:25+00:00","breadcrumb":{"@id":"https:\/\/vestpetproducts.com\/product\/cassava-cat-litter\/#breadcrumb"},"inLanguage":"pt-PT","potentialAction":[{"@type":"ReadAction","target":["https:\/\/vestpetproducts.com\/product\/cassava-cat-litter\/"]}]},{"@type":"ImageObject","inLanguage":"pt-PT","@id":"https:\/\/vestpetproducts.com\/product\/cassava-cat-litter\/#primaryimage","url":"https:\/\/vestpetproducts.com\/wp-content\/uploads\/2025\/07\/657dbae834325de2907d9a523411599.jpg","contentUrl":"https:\/\/vestpetproducts.com\/wp-content\/uploads\/2025\/07\/657dbae834325de2907d9a523411599.jpg","width":2126,"height":1772},{"@type":"BreadcrumbList","@id":"https:\/\/vestpetproducts.com\/product\/cassava-cat-litter\/#breadcrumb","itemListElement":[{"@type":"ListItem","position":1,"name":"\u9996\u9875","item":"https:\/\/vestpetproducts.com\/"},{"@type":"ListItem","position":2,"name":"Product","item":"https:\/\/vestpetproducts.com\/product\/"},{"@type":"ListItem","position":3,"name":"Cassava cat litter"}]},{"@type":"WebSite","@id":"https:\/\/vestpetproducts.com\/#website","url":"https:\/\/vestpetproducts.com\/","name":"Shandong Vest International Trade Co., Ltd.","description":"Shandong Vest International Trade Co., Ltd.","potentialAction":[{"@type":"SearchAction","target":{"@type":"EntryPoint","urlTemplate":"https:\/\/vestpetproducts.com\/?s={search_term_string}"},"query-input":{"@type":"PropertyValueSpecification","valueRequired":true,"valueName":"search_term_string"}}],"inLanguage":"pt-PT"}]}},"_links":{"self":[{"href":"https:\/\/vestpetproducts.com\/pt\/wp-json\/wp\/v2\/product\/892","targetHints":{"allow":["GET"]}}],"collection":[{"href":"https:\/\/vestpetproducts.com\/pt\/wp-json\/wp\/v2\/product"}],"about":[{"href":"https:\/\/vestpetproducts.com\/pt\/wp-json\/wp\/v2\/types\/product"}],"wp:featuredmedia":[{"embeddable":true,"href":"https:\/\/vestpetproducts.com\/pt\/wp-json\/wp\/v2\/media\/893"}],"wp:attachment":[{"href":"https:\/\/vestpetproducts.com\/pt\/wp-json\/wp\/v2\/media?parent=892"}],"wp:term":[{"taxonomy":"product_brand","embeddable":true,"href":"https:\/\/vestpetproducts.com\/pt\/wp-json\/wp\/v2\/product_brand?post=892"},{"taxonomy":"product_cat","embeddable":true,"href":"https:\/\/vestpetproducts.com\/pt\/wp-json\/wp\/v2\/product_cat?post=892"},{"taxonomy":"product_tag","embeddable":true,"href":"https:\/\/vestpetproducts.com\/pt\/wp-json\/wp\/v2\/product_tag?post=892"}],"curies":[{"name":"wp","href":"https:\/\/api.w.org\/{rel}","templated":true}]}}