{"id":887,"date":"2025-07-21T06:28:00","date_gmt":"2025-07-21T06:28:00","guid":{"rendered":"https:\/\/vestpetproducts.com\/?post_type=product&#038;p=887"},"modified":"2025-08-07T09:26:48","modified_gmt":"2025-08-07T09:26:48","slug":"green-bamboo-cat-litter","status":"publish","type":"product","link":"https:\/\/vestpetproducts.com\/pt\/produto\/green-bamboo-cat-litter\/","title":{"rendered":"Areia de gato de bambu verde"},"content":{"rendered":"<p><strong>Caracter\u00edsticas do produto:<\/strong> Feito de fibra de bambu verde de alta qualidade, seguro se ingerido<br \/>\nO bambu verde \u00e9 rico em fatores de \u201cquinona de bambu\u201d, que t\u00eam excelentes capacidades de absor\u00e7\u00e3o de odores, mantendo o ar fresco<br \/>\nLivre de fragr\u00e2ncias artificiais, emite naturalmente um aroma de bambu verde, proporcionando uma experi\u00eancia olfativa natural<br \/>\nO tamanho das part\u00edculas \u00e9 dimensionado apropriadamente para minimizar o rastreamento, com uma apar\u00eancia moderna, textura suave e uma sensa\u00e7\u00e3o confort\u00e1vel de deserto<br \/>\nFeito de materiais \u00e0 base de plantas, emite naturalmente uma fragr\u00e2ncia de bambu, absorve e neutraliza odores de forma eficaz, forma grumos rapidamente, n\u00e3o gruda no fundo e \u00e9 f\u00e1cil de recolher<\/p>","protected":false},"excerpt":{"rendered":"<p>Ingredientes principais: fibra de bambu verde, amido de mandioca, amido de milho, extrato de algas marinhas<\/p>\n<p>Caracter\u00edsticas do produto: *Feito de fibra de bambu verde de alta qualidade.<br \/>\n*O bambu verde \u00e9 rico em fatores &#039;quinona de bambu&#039;, que t\u00eam excelentes capacidades desodorizantes e adsorventes, mantendo o ar fresco.<br \/>\n*Livre de fragr\u00e2ncias artificiais, emite naturalmente o aroma do bambu verde, proporcionando uma experi\u00eancia olfativa natural.<br \/>\n*As part\u00edculas s\u00e3o de tamanho moderado, reduzindo efetivamente a queda de pelos. O produto tem apar\u00eancia moderna, textura macia e proporciona uma sensa\u00e7\u00e3o confort\u00e1vel, semelhante \u00e0 da areia, sob os p\u00e9s.<br \/>\nVantagens do produto: mat\u00e9rias-primas \u00e0 base de plantas, fragr\u00e2ncia natural de bambu, propriedades desodorizantes e inibidoras de odores, r\u00e1pida absor\u00e7\u00e3o e aglomera\u00e7\u00e3o, n\u00e3o gruda no fundo, f\u00e1cil de recolher.<\/p>","protected":false},"featured_media":888,"template":"","meta":{"content-type":""},"product_brand":[],"product_cat":[125],"product_tag":[],"class_list":{"0":"post-887","1":"product","2":"type-product","3":"status-publish","4":"has-post-thumbnail","6":"product_cat-cassava-litter","8":"first","9":"instock","10":"shipping-taxable","11":"product-type-simple"},"yoast_head":"<!-- This site is optimized with the Yoast SEO plugin v24.9 - https:\/\/yoast.com\/wordpress\/plugins\/seo\/ -->\n<title>Green Bamboo Cat Litter - Shandong Vest International Trade Co., Ltd.<\/title>\n<meta name=\"robots\" content=\"index, follow, max-snippet:-1, max-image-preview:large, max-video-preview:-1\" \/>\n<link rel=\"canonical\" href=\"https:\/\/vestpetproducts.com\/pt\/produto\/green-bamboo-cat-litter\/\" \/>\n<meta property=\"og:locale\" content=\"pt_PT\" \/>\n<meta property=\"og:type\" content=\"article\" \/>\n<meta property=\"og:title\" content=\"Green Bamboo Cat Litter - Shandong Vest International Trade Co., Ltd.\" \/>\n<meta property=\"og:description\" content=\"Main ingredients: green bamboo fiber, cassava starch, corn starch, seaweed extract  Product Features: *Made from high-quality green bamboo fibre. *Green bamboo is rich in \u2018bamboo quinone\u2019 factors, which have excellent deodorising and adsorbing capabilities, keeping the air fresh. *Free from artificial fragrances, it naturally emits the scent of green bamboo, offering a natural olfactory experience. *The particles are of moderate size, effectively reducing shedding. The product has a modern appearance, a smooth texture, and provides a comfortable, sand-like feel underfoot. Product Advantages: Plant-based raw materials, natural bamboo fragrance, deodorising and odour-inhibiting properties, quick absorption and clumping, does not stick to the bottom, easy to scoop up.\" \/>\n<meta property=\"og:url\" content=\"https:\/\/vestpetproducts.com\/pt\/produto\/green-bamboo-cat-litter\/\" \/>\n<meta property=\"og:site_name\" content=\"Shandong Vest International Trade Co., Ltd.\" \/>\n<meta property=\"article:modified_time\" content=\"2025-08-07T09:26:48+00:00\" \/>\n<meta property=\"og:image\" content=\"https:\/\/vestpetproducts.com\/wp-content\/uploads\/2025\/07\/4d8ee15317727b6de4cc65b17be8a5b.jpg\" \/>\n\t<meta property=\"og:image:width\" content=\"2126\" \/>\n\t<meta property=\"og:image:height\" content=\"1772\" \/>\n\t<meta property=\"og:image:type\" content=\"image\/jpeg\" \/>\n<meta name=\"twitter:card\" content=\"summary_large_image\" \/>\n<meta name=\"twitter:label1\" content=\"Tempo estimado de leitura\" \/>\n\t<meta name=\"twitter:data1\" content=\"1 minuto\" \/>\n<script type=\"application\/ld+json\" class=\"yoast-schema-graph\">{\"@context\":\"https:\/\/schema.org\",\"@graph\":[{\"@type\":\"WebPage\",\"@id\":\"https:\/\/vestpetproducts.com\/product\/green-bamboo-cat-litter\/\",\"url\":\"https:\/\/vestpetproducts.com\/product\/green-bamboo-cat-litter\/\",\"name\":\"Green Bamboo Cat Litter - Shandong Vest International Trade Co., Ltd.\",\"isPartOf\":{\"@id\":\"https:\/\/vestpetproducts.com\/#website\"},\"primaryImageOfPage\":{\"@id\":\"https:\/\/vestpetproducts.com\/product\/green-bamboo-cat-litter\/#primaryimage\"},\"image\":{\"@id\":\"https:\/\/vestpetproducts.com\/product\/green-bamboo-cat-litter\/#primaryimage\"},\"thumbnailUrl\":\"https:\/\/vestpetproducts.com\/wp-content\/uploads\/2025\/07\/4d8ee15317727b6de4cc65b17be8a5b.jpg\",\"datePublished\":\"2025-07-21T06:28:00+00:00\",\"dateModified\":\"2025-08-07T09:26:48+00:00\",\"breadcrumb\":{\"@id\":\"https:\/\/vestpetproducts.com\/product\/green-bamboo-cat-litter\/#breadcrumb\"},\"inLanguage\":\"pt-PT\",\"potentialAction\":[{\"@type\":\"ReadAction\",\"target\":[\"https:\/\/vestpetproducts.com\/product\/green-bamboo-cat-litter\/\"]}]},{\"@type\":\"ImageObject\",\"inLanguage\":\"pt-PT\",\"@id\":\"https:\/\/vestpetproducts.com\/product\/green-bamboo-cat-litter\/#primaryimage\",\"url\":\"https:\/\/vestpetproducts.com\/wp-content\/uploads\/2025\/07\/4d8ee15317727b6de4cc65b17be8a5b.jpg\",\"contentUrl\":\"https:\/\/vestpetproducts.com\/wp-content\/uploads\/2025\/07\/4d8ee15317727b6de4cc65b17be8a5b.jpg\",\"width\":2126,\"height\":1772},{\"@type\":\"BreadcrumbList\",\"@id\":\"https:\/\/vestpetproducts.com\/product\/green-bamboo-cat-litter\/#breadcrumb\",\"itemListElement\":[{\"@type\":\"ListItem\",\"position\":1,\"name\":\"\u9996\u9875\",\"item\":\"https:\/\/vestpetproducts.com\/\"},{\"@type\":\"ListItem\",\"position\":2,\"name\":\"Product\",\"item\":\"https:\/\/vestpetproducts.com\/product\/\"},{\"@type\":\"ListItem\",\"position\":3,\"name\":\"Green Bamboo Cat Litter\"}]},{\"@type\":\"WebSite\",\"@id\":\"https:\/\/vestpetproducts.com\/#website\",\"url\":\"https:\/\/vestpetproducts.com\/\",\"name\":\"Shandong Vest International Trade Co., Ltd.\",\"description\":\"Shandong Vest International Trade Co., Ltd.\",\"potentialAction\":[{\"@type\":\"SearchAction\",\"target\":{\"@type\":\"EntryPoint\",\"urlTemplate\":\"https:\/\/vestpetproducts.com\/?s={search_term_string}\"},\"query-input\":{\"@type\":\"PropertyValueSpecification\",\"valueRequired\":true,\"valueName\":\"search_term_string\"}}],\"inLanguage\":\"pt-PT\"}]}<\/script>\n<!-- \/ Yoast SEO plugin. -->","yoast_head_json":{"title":"Green Bamboo Cat Litter - Shandong Vest International Trade Co., Ltd.","robots":{"index":"index","follow":"follow","max-snippet":"max-snippet:-1","max-image-preview":"max-image-preview:large","max-video-preview":"max-video-preview:-1"},"canonical":"https:\/\/vestpetproducts.com\/pt\/produto\/green-bamboo-cat-litter\/","og_locale":"pt_PT","og_type":"article","og_title":"Green Bamboo Cat Litter - Shandong Vest International Trade Co., Ltd.","og_description":"Main ingredients: green bamboo fiber, cassava starch, corn starch, seaweed extract  Product Features: *Made from high-quality green bamboo fibre. *Green bamboo is rich in \u2018bamboo quinone\u2019 factors, which have excellent deodorising and adsorbing capabilities, keeping the air fresh. *Free from artificial fragrances, it naturally emits the scent of green bamboo, offering a natural olfactory experience. *The particles are of moderate size, effectively reducing shedding. The product has a modern appearance, a smooth texture, and provides a comfortable, sand-like feel underfoot. Product Advantages: Plant-based raw materials, natural bamboo fragrance, deodorising and odour-inhibiting properties, quick absorption and clumping, does not stick to the bottom, easy to scoop up.","og_url":"https:\/\/vestpetproducts.com\/pt\/produto\/green-bamboo-cat-litter\/","og_site_name":"Shandong Vest International Trade Co., Ltd.","article_modified_time":"2025-08-07T09:26:48+00:00","og_image":[{"width":2126,"height":1772,"url":"https:\/\/vestpetproducts.com\/wp-content\/uploads\/2025\/07\/4d8ee15317727b6de4cc65b17be8a5b.jpg","type":"image\/jpeg"}],"twitter_card":"summary_large_image","twitter_misc":{"Tempo estimado de leitura":"1 minuto"},"schema":{"@context":"https:\/\/schema.org","@graph":[{"@type":"WebPage","@id":"https:\/\/vestpetproducts.com\/product\/green-bamboo-cat-litter\/","url":"https:\/\/vestpetproducts.com\/product\/green-bamboo-cat-litter\/","name":"Green Bamboo Cat Litter - Shandong Vest International Trade Co., Ltd.","isPartOf":{"@id":"https:\/\/vestpetproducts.com\/#website"},"primaryImageOfPage":{"@id":"https:\/\/vestpetproducts.com\/product\/green-bamboo-cat-litter\/#primaryimage"},"image":{"@id":"https:\/\/vestpetproducts.com\/product\/green-bamboo-cat-litter\/#primaryimage"},"thumbnailUrl":"https:\/\/vestpetproducts.com\/wp-content\/uploads\/2025\/07\/4d8ee15317727b6de4cc65b17be8a5b.jpg","datePublished":"2025-07-21T06:28:00+00:00","dateModified":"2025-08-07T09:26:48+00:00","breadcrumb":{"@id":"https:\/\/vestpetproducts.com\/product\/green-bamboo-cat-litter\/#breadcrumb"},"inLanguage":"pt-PT","potentialAction":[{"@type":"ReadAction","target":["https:\/\/vestpetproducts.com\/product\/green-bamboo-cat-litter\/"]}]},{"@type":"ImageObject","inLanguage":"pt-PT","@id":"https:\/\/vestpetproducts.com\/product\/green-bamboo-cat-litter\/#primaryimage","url":"https:\/\/vestpetproducts.com\/wp-content\/uploads\/2025\/07\/4d8ee15317727b6de4cc65b17be8a5b.jpg","contentUrl":"https:\/\/vestpetproducts.com\/wp-content\/uploads\/2025\/07\/4d8ee15317727b6de4cc65b17be8a5b.jpg","width":2126,"height":1772},{"@type":"BreadcrumbList","@id":"https:\/\/vestpetproducts.com\/product\/green-bamboo-cat-litter\/#breadcrumb","itemListElement":[{"@type":"ListItem","position":1,"name":"\u9996\u9875","item":"https:\/\/vestpetproducts.com\/"},{"@type":"ListItem","position":2,"name":"Product","item":"https:\/\/vestpetproducts.com\/product\/"},{"@type":"ListItem","position":3,"name":"Green Bamboo Cat Litter"}]},{"@type":"WebSite","@id":"https:\/\/vestpetproducts.com\/#website","url":"https:\/\/vestpetproducts.com\/","name":"Shandong Vest International Trade Co., Ltd.","description":"Shandong Vest International Trade Co., Ltd.","potentialAction":[{"@type":"SearchAction","target":{"@type":"EntryPoint","urlTemplate":"https:\/\/vestpetproducts.com\/?s={search_term_string}"},"query-input":{"@type":"PropertyValueSpecification","valueRequired":true,"valueName":"search_term_string"}}],"inLanguage":"pt-PT"}]}},"_links":{"self":[{"href":"https:\/\/vestpetproducts.com\/pt\/wp-json\/wp\/v2\/product\/887","targetHints":{"allow":["GET"]}}],"collection":[{"href":"https:\/\/vestpetproducts.com\/pt\/wp-json\/wp\/v2\/product"}],"about":[{"href":"https:\/\/vestpetproducts.com\/pt\/wp-json\/wp\/v2\/types\/product"}],"wp:featuredmedia":[{"embeddable":true,"href":"https:\/\/vestpetproducts.com\/pt\/wp-json\/wp\/v2\/media\/888"}],"wp:attachment":[{"href":"https:\/\/vestpetproducts.com\/pt\/wp-json\/wp\/v2\/media?parent=887"}],"wp:term":[{"taxonomy":"product_brand","embeddable":true,"href":"https:\/\/vestpetproducts.com\/pt\/wp-json\/wp\/v2\/product_brand?post=887"},{"taxonomy":"product_cat","embeddable":true,"href":"https:\/\/vestpetproducts.com\/pt\/wp-json\/wp\/v2\/product_cat?post=887"},{"taxonomy":"product_tag","embeddable":true,"href":"https:\/\/vestpetproducts.com\/pt\/wp-json\/wp\/v2\/product_tag?post=887"}],"curies":[{"name":"wp","href":"https:\/\/api.w.org\/{rel}","templated":true}]}}