{"id":879,"date":"2025-07-21T06:14:34","date_gmt":"2025-07-21T06:14:34","guid":{"rendered":"https:\/\/vestpetproducts.com\/?post_type=product&#038;p=879"},"modified":"2025-08-07T09:31:45","modified_gmt":"2025-08-07T09:31:45","slug":"algae-deodorizing-granules-specifically-for-cat-litter","status":"publish","type":"product","link":"https:\/\/vestpetproducts.com\/pt\/produto\/algae-deodorizing-granules-specifically-for-cat-litter\/","title":{"rendered":"Gr\u00e2nulos desodorizantes de algas espec\u00edficos para areia de gato"},"content":{"rendered":"<p><strong>Uso do produto:<\/strong> Use com areia para gatos para eliminar o odor das fezes. Compat\u00edvel com todos os tipos de areia para gatos dispon\u00edveis no mercado.<br \/>\n<strong>Caracter\u00edsticas do produto:<\/strong> Elimina\u00e7\u00e3o dupla de odores com alginato de s\u00f3dio e enzimas vegetais para manter o ar fresco.<br \/>\nAutoadesivo, adere facilmente a todos os tipos de areia para gatos dispon\u00edveis no mercado.<br \/>\nSem fragr\u00e2ncias, sem corantes, f\u00f3rmula minimalista, suave para a sa\u00fade do seu gato.<br \/>\nO tamanho das part\u00edculas \u00e9 moderado, suave e delicado, proporcionando uma sensa\u00e7\u00e3o confort\u00e1vel semelhante \u00e0 do deserto.<br \/>\n<strong>Mecanismo de desodoriza\u00e7\u00e3o:<\/strong><br \/>\n1&gt; Alginato de s\u00f3dio \u2014 Um extrato vegetal derivado de algas marinhas profundas, seguro e ecol\u00f3gico, absorve efetivamente a am\u00f4nia produzida pela urina do gato para eliminar odores.<br \/>\n2&gt; Enzimas vegetais \u2014 ricas em enzimas bioativas com capacidade de decomposi\u00e7\u00e3o catal\u00edtica, quebrando e absorvendo compostos org\u00e2nicos causadores de odores em sua fonte para realmente eliminar as mol\u00e9culas de odor.<br \/>\nModo de usar: Espalhe os gr\u00e2nulos desodorizantes de algas marinhas uniformemente sobre a areia para gatos. Uso recomendado: 200 g por caixa de areia.<\/p>","protected":false},"excerpt":{"rendered":"<p>Ingredientes principais: Alginato de s\u00f3dio, enzimas vegetais.<\/p>\n<p>Em rela\u00e7\u00e3o \u00e0 remo\u00e7\u00e3o de odores: Tanto o amido de mandioca quanto a fibra de bambu possuem propriedades de adsor\u00e7\u00e3o extremamente fortes. As paredes celulares da fibra de bambu cont\u00eam uma subst\u00e2ncia antibacteriana chamada &quot;quinona de bambu&quot;, que possui propriedades antibacterianas, anti\u00e1caros e antiodor naturais. Ela possui um efeito inibit\u00f3rio extremamente forte contra bact\u00e9rias como Staphylococcus aureus, Escherichia coli e Candida albicans. Al\u00e9m disso, quando combinada com extratos de algas marinhas e enzimas desodorizantes naturais, a capacidade de adsor\u00e7\u00e3o se torna ainda mais forte, absorvendo eficazmente o odor de fezes de gato. A taxa de adsor\u00e7\u00e3o efetiva para mol\u00e9culas de am\u00f4nia excede 95%.<br \/>\nAdicionamos alginato de s\u00f3dio, um extrato vegetal derivado de algas marinhas de \u00e1guas profundas. O alginato de s\u00f3dio \u00e9 o agente espessante vegetal mais natural e seguro, possuindo viscosidade e potentes capacidades de adsor\u00e7\u00e3o, degrada\u00e7\u00e3o e troca i\u00f4nica. Ele adsorve e decomp\u00f5e eficazmente os odores presentes nas fezes dos gatos.<\/p>","protected":false},"featured_media":883,"template":"","meta":{"content-type":""},"product_brand":[],"product_cat":[125],"product_tag":[],"class_list":{"0":"post-879","1":"product","2":"type-product","3":"status-publish","4":"has-post-thumbnail","6":"product_cat-cassava-litter","8":"first","9":"instock","10":"shipping-taxable","11":"product-type-simple"},"yoast_head":"<!-- This site is optimized with the Yoast SEO plugin v24.9 - https:\/\/yoast.com\/wordpress\/plugins\/seo\/ -->\n<title>Algae deodorizing granules specifically for cat litter - Shandong Vest International Trade Co., Ltd.<\/title>\n<meta name=\"robots\" content=\"index, follow, max-snippet:-1, max-image-preview:large, max-video-preview:-1\" \/>\n<link rel=\"canonical\" href=\"https:\/\/vestpetproducts.com\/pt\/produto\/algae-deodorizing-granules-specifically-for-cat-litter\/\" \/>\n<meta property=\"og:locale\" content=\"pt_PT\" \/>\n<meta property=\"og:type\" content=\"article\" \/>\n<meta property=\"og:title\" content=\"Algae deodorizing granules specifically for cat litter - Shandong Vest International Trade Co., Ltd.\" \/>\n<meta property=\"og:description\" content=\"Main Ingredients: Sodium alginate, plant enzymes.  Regarding odour removal: Both cassava starch and bamboo fibre raw materials have super strong adsorption properties. The cell walls of bamboo fibre contain an antibacterial substance called \u2018bamboo quinone,\u2019 which has natural antibacterial, anti-mite, and anti-odour properties. It has a super strong inhibitory effect on bacteria such as Staphylococcus aureus, Escherichia coli, and Candida albicans. Additionally, when combined with seaweed extracts and natural deodorising enzymes, the adsorption capacity becomes even stronger, effectively absorbing the odour of cat excrement. The effective adsorption rate for ammonia molecules exceeds 95%. We have added sodium alginate, a plant extract derived from deep-sea kelp. Sodium alginate is the most natural and safest plant-based thickening agent, possessing viscosity and powerful adsorption, degradation, and ion exchange capabilities. It effectively adsorbs and decomposes the odours in cat excrement.\" \/>\n<meta property=\"og:url\" content=\"https:\/\/vestpetproducts.com\/pt\/produto\/algae-deodorizing-granules-specifically-for-cat-litter\/\" \/>\n<meta property=\"og:site_name\" content=\"Shandong Vest International Trade Co., Ltd.\" \/>\n<meta property=\"article:modified_time\" content=\"2025-08-07T09:31:45+00:00\" \/>\n<meta property=\"og:image\" content=\"https:\/\/vestpetproducts.com\/wp-content\/uploads\/2025\/07\/\u9664\u81ed\u54c1-scaled.jpg\" \/>\n\t<meta property=\"og:image:width\" content=\"2560\" \/>\n\t<meta property=\"og:image:height\" content=\"1920\" \/>\n\t<meta property=\"og:image:type\" content=\"image\/jpeg\" \/>\n<meta name=\"twitter:card\" content=\"summary_large_image\" \/>\n<meta name=\"twitter:label1\" content=\"Tempo estimado de leitura\" \/>\n\t<meta name=\"twitter:data1\" content=\"1 minuto\" \/>\n<script type=\"application\/ld+json\" class=\"yoast-schema-graph\">{\"@context\":\"https:\/\/schema.org\",\"@graph\":[{\"@type\":\"WebPage\",\"@id\":\"https:\/\/vestpetproducts.com\/product\/algae-deodorizing-granules-specifically-for-cat-litter\/\",\"url\":\"https:\/\/vestpetproducts.com\/product\/algae-deodorizing-granules-specifically-for-cat-litter\/\",\"name\":\"Algae deodorizing granules specifically for cat litter - Shandong Vest International Trade Co., Ltd.\",\"isPartOf\":{\"@id\":\"https:\/\/vestpetproducts.com\/#website\"},\"primaryImageOfPage\":{\"@id\":\"https:\/\/vestpetproducts.com\/product\/algae-deodorizing-granules-specifically-for-cat-litter\/#primaryimage\"},\"image\":{\"@id\":\"https:\/\/vestpetproducts.com\/product\/algae-deodorizing-granules-specifically-for-cat-litter\/#primaryimage\"},\"thumbnailUrl\":\"https:\/\/vestpetproducts.com\/wp-content\/uploads\/2025\/07\/\u9664\u81ed\u54c1-scaled.jpg\",\"datePublished\":\"2025-07-21T06:14:34+00:00\",\"dateModified\":\"2025-08-07T09:31:45+00:00\",\"breadcrumb\":{\"@id\":\"https:\/\/vestpetproducts.com\/product\/algae-deodorizing-granules-specifically-for-cat-litter\/#breadcrumb\"},\"inLanguage\":\"pt-PT\",\"potentialAction\":[{\"@type\":\"ReadAction\",\"target\":[\"https:\/\/vestpetproducts.com\/product\/algae-deodorizing-granules-specifically-for-cat-litter\/\"]}]},{\"@type\":\"ImageObject\",\"inLanguage\":\"pt-PT\",\"@id\":\"https:\/\/vestpetproducts.com\/product\/algae-deodorizing-granules-specifically-for-cat-litter\/#primaryimage\",\"url\":\"https:\/\/vestpetproducts.com\/wp-content\/uploads\/2025\/07\/\u9664\u81ed\u54c1-scaled.jpg\",\"contentUrl\":\"https:\/\/vestpetproducts.com\/wp-content\/uploads\/2025\/07\/\u9664\u81ed\u54c1-scaled.jpg\",\"width\":2560,\"height\":1920},{\"@type\":\"BreadcrumbList\",\"@id\":\"https:\/\/vestpetproducts.com\/product\/algae-deodorizing-granules-specifically-for-cat-litter\/#breadcrumb\",\"itemListElement\":[{\"@type\":\"ListItem\",\"position\":1,\"name\":\"\u9996\u9875\",\"item\":\"https:\/\/vestpetproducts.com\/\"},{\"@type\":\"ListItem\",\"position\":2,\"name\":\"Product\",\"item\":\"https:\/\/vestpetproducts.com\/product\/\"},{\"@type\":\"ListItem\",\"position\":3,\"name\":\"Algae deodorizing granules specifically for cat litter\"}]},{\"@type\":\"WebSite\",\"@id\":\"https:\/\/vestpetproducts.com\/#website\",\"url\":\"https:\/\/vestpetproducts.com\/\",\"name\":\"Shandong Vest International Trade Co., Ltd.\",\"description\":\"Shandong Vest International Trade Co., Ltd.\",\"potentialAction\":[{\"@type\":\"SearchAction\",\"target\":{\"@type\":\"EntryPoint\",\"urlTemplate\":\"https:\/\/vestpetproducts.com\/?s={search_term_string}\"},\"query-input\":{\"@type\":\"PropertyValueSpecification\",\"valueRequired\":true,\"valueName\":\"search_term_string\"}}],\"inLanguage\":\"pt-PT\"}]}<\/script>\n<!-- \/ Yoast SEO plugin. -->","yoast_head_json":{"title":"Algae deodorizing granules specifically for cat litter - Shandong Vest International Trade Co., Ltd.","robots":{"index":"index","follow":"follow","max-snippet":"max-snippet:-1","max-image-preview":"max-image-preview:large","max-video-preview":"max-video-preview:-1"},"canonical":"https:\/\/vestpetproducts.com\/pt\/produto\/algae-deodorizing-granules-specifically-for-cat-litter\/","og_locale":"pt_PT","og_type":"article","og_title":"Algae deodorizing granules specifically for cat litter - Shandong Vest International Trade Co., Ltd.","og_description":"Main Ingredients: Sodium alginate, plant enzymes.  Regarding odour removal: Both cassava starch and bamboo fibre raw materials have super strong adsorption properties. The cell walls of bamboo fibre contain an antibacterial substance called \u2018bamboo quinone,\u2019 which has natural antibacterial, anti-mite, and anti-odour properties. It has a super strong inhibitory effect on bacteria such as Staphylococcus aureus, Escherichia coli, and Candida albicans. Additionally, when combined with seaweed extracts and natural deodorising enzymes, the adsorption capacity becomes even stronger, effectively absorbing the odour of cat excrement. The effective adsorption rate for ammonia molecules exceeds 95%. We have added sodium alginate, a plant extract derived from deep-sea kelp. Sodium alginate is the most natural and safest plant-based thickening agent, possessing viscosity and powerful adsorption, degradation, and ion exchange capabilities. It effectively adsorbs and decomposes the odours in cat excrement.","og_url":"https:\/\/vestpetproducts.com\/pt\/produto\/algae-deodorizing-granules-specifically-for-cat-litter\/","og_site_name":"Shandong Vest International Trade Co., Ltd.","article_modified_time":"2025-08-07T09:31:45+00:00","og_image":[{"width":2560,"height":1920,"url":"https:\/\/vestpetproducts.com\/wp-content\/uploads\/2025\/07\/\u9664\u81ed\u54c1-scaled.jpg","type":"image\/jpeg"}],"twitter_card":"summary_large_image","twitter_misc":{"Tempo estimado de leitura":"1 minuto"},"schema":{"@context":"https:\/\/schema.org","@graph":[{"@type":"WebPage","@id":"https:\/\/vestpetproducts.com\/product\/algae-deodorizing-granules-specifically-for-cat-litter\/","url":"https:\/\/vestpetproducts.com\/product\/algae-deodorizing-granules-specifically-for-cat-litter\/","name":"Algae deodorizing granules specifically for cat litter - Shandong Vest International Trade Co., Ltd.","isPartOf":{"@id":"https:\/\/vestpetproducts.com\/#website"},"primaryImageOfPage":{"@id":"https:\/\/vestpetproducts.com\/product\/algae-deodorizing-granules-specifically-for-cat-litter\/#primaryimage"},"image":{"@id":"https:\/\/vestpetproducts.com\/product\/algae-deodorizing-granules-specifically-for-cat-litter\/#primaryimage"},"thumbnailUrl":"https:\/\/vestpetproducts.com\/wp-content\/uploads\/2025\/07\/\u9664\u81ed\u54c1-scaled.jpg","datePublished":"2025-07-21T06:14:34+00:00","dateModified":"2025-08-07T09:31:45+00:00","breadcrumb":{"@id":"https:\/\/vestpetproducts.com\/product\/algae-deodorizing-granules-specifically-for-cat-litter\/#breadcrumb"},"inLanguage":"pt-PT","potentialAction":[{"@type":"ReadAction","target":["https:\/\/vestpetproducts.com\/product\/algae-deodorizing-granules-specifically-for-cat-litter\/"]}]},{"@type":"ImageObject","inLanguage":"pt-PT","@id":"https:\/\/vestpetproducts.com\/product\/algae-deodorizing-granules-specifically-for-cat-litter\/#primaryimage","url":"https:\/\/vestpetproducts.com\/wp-content\/uploads\/2025\/07\/\u9664\u81ed\u54c1-scaled.jpg","contentUrl":"https:\/\/vestpetproducts.com\/wp-content\/uploads\/2025\/07\/\u9664\u81ed\u54c1-scaled.jpg","width":2560,"height":1920},{"@type":"BreadcrumbList","@id":"https:\/\/vestpetproducts.com\/product\/algae-deodorizing-granules-specifically-for-cat-litter\/#breadcrumb","itemListElement":[{"@type":"ListItem","position":1,"name":"\u9996\u9875","item":"https:\/\/vestpetproducts.com\/"},{"@type":"ListItem","position":2,"name":"Product","item":"https:\/\/vestpetproducts.com\/product\/"},{"@type":"ListItem","position":3,"name":"Algae deodorizing granules specifically for cat litter"}]},{"@type":"WebSite","@id":"https:\/\/vestpetproducts.com\/#website","url":"https:\/\/vestpetproducts.com\/","name":"Shandong Vest International Trade Co., Ltd.","description":"Shandong Vest International Trade Co., Ltd.","potentialAction":[{"@type":"SearchAction","target":{"@type":"EntryPoint","urlTemplate":"https:\/\/vestpetproducts.com\/?s={search_term_string}"},"query-input":{"@type":"PropertyValueSpecification","valueRequired":true,"valueName":"search_term_string"}}],"inLanguage":"pt-PT"}]}},"_links":{"self":[{"href":"https:\/\/vestpetproducts.com\/pt\/wp-json\/wp\/v2\/product\/879","targetHints":{"allow":["GET"]}}],"collection":[{"href":"https:\/\/vestpetproducts.com\/pt\/wp-json\/wp\/v2\/product"}],"about":[{"href":"https:\/\/vestpetproducts.com\/pt\/wp-json\/wp\/v2\/types\/product"}],"wp:featuredmedia":[{"embeddable":true,"href":"https:\/\/vestpetproducts.com\/pt\/wp-json\/wp\/v2\/media\/883"}],"wp:attachment":[{"href":"https:\/\/vestpetproducts.com\/pt\/wp-json\/wp\/v2\/media?parent=879"}],"wp:term":[{"taxonomy":"product_brand","embeddable":true,"href":"https:\/\/vestpetproducts.com\/pt\/wp-json\/wp\/v2\/product_brand?post=879"},{"taxonomy":"product_cat","embeddable":true,"href":"https:\/\/vestpetproducts.com\/pt\/wp-json\/wp\/v2\/product_cat?post=879"},{"taxonomy":"product_tag","embeddable":true,"href":"https:\/\/vestpetproducts.com\/pt\/wp-json\/wp\/v2\/product_tag?post=879"}],"curies":[{"name":"wp","href":"https:\/\/api.w.org\/{rel}","templated":true}]}}