{"id":808,"date":"2025-07-17T08:43:36","date_gmt":"2025-07-17T08:43:36","guid":{"rendered":"https:\/\/vestpetproducts.com\/?post_type=product&#038;p=808"},"modified":"2025-08-12T07:36:03","modified_gmt":"2025-08-12T07:36:03","slug":"wholesale-oem-odm-375g-canned-dog-cat-wet-food-canned-pet-food-wet-food-pet-snack-no-reviews-yet","status":"publish","type":"product","link":"https:\/\/vestpetproducts.com\/pt\/produto\/wholesale-oem-odm-375g-canned-dog-cat-wet-food-canned-pet-food-wet-food-pet-snack-no-reviews-yet\/","title":{"rendered":"Atacado OEM ODM 375g comida enlatada para c\u00e3es e gatos comida \u00famida comida enlatada para animais de estima\u00e7\u00e3o comida \u00famida lanche para animais de estima\u00e7\u00e3o Nenhuma avalia\u00e7\u00e3o ainda"},"content":{"rendered":"<p><img loading=\"lazy\" decoding=\"async\" class=\"aligncenter size-full wp-image-814\" src=\"http:\/\/vestpetproducts.com\/wp-content\/uploads\/2025\/07\/\u6cd5\u6069\u8d1d375g\u72d7\u7f50\u8be6\u60c5_01-1.jpg\" alt=\"\" width=\"750\" height=\"1236\" srcset=\"https:\/\/vestpetproducts.com\/wp-content\/uploads\/2025\/07\/\u6cd5\u6069\u8d1d375g\u72d7\u7f50\u8be6\u60c5_01-1.jpg 750w, https:\/\/vestpetproducts.com\/wp-content\/uploads\/2025\/07\/\u6cd5\u6069\u8d1d375g\u72d7\u7f50\u8be6\u60c5_01-1-303x500.jpg 303w, https:\/\/vestpetproducts.com\/wp-content\/uploads\/2025\/07\/\u6cd5\u6069\u8d1d375g\u72d7\u7f50\u8be6\u60c5_01-1-728x1200.jpg 728w, https:\/\/vestpetproducts.com\/wp-content\/uploads\/2025\/07\/\u6cd5\u6069\u8d1d375g\u72d7\u7f50\u8be6\u60c5_01-1-182x300.jpg 182w, https:\/\/vestpetproducts.com\/wp-content\/uploads\/2025\/07\/\u6cd5\u6069\u8d1d375g\u72d7\u7f50\u8be6\u60c5_01-1-7x12.jpg 7w, https:\/\/vestpetproducts.com\/wp-content\/uploads\/2025\/07\/\u6cd5\u6069\u8d1d375g\u72d7\u7f50\u8be6\u60c5_01-1-46x75.jpg 46w, https:\/\/vestpetproducts.com\/wp-content\/uploads\/2025\/07\/\u6cd5\u6069\u8d1d375g\u72d7\u7f50\u8be6\u60c5_01-1-480x791.jpg 480w\" sizes=\"auto, (max-width:767px) 480px, 750px\" \/><img loading=\"lazy\" decoding=\"async\" class=\"aligncenter size-full wp-image-815\" src=\"http:\/\/vestpetproducts.com\/wp-content\/uploads\/2025\/07\/\u6cd5\u6069\u8d1d375g\u72d7\u7f50\u8be6\u60c5_02-1.jpg\" alt=\"\" width=\"750\" height=\"833\" srcset=\"https:\/\/vestpetproducts.com\/wp-content\/uploads\/2025\/07\/\u6cd5\u6069\u8d1d375g\u72d7\u7f50\u8be6\u60c5_02-1.jpg 750w, https:\/\/vestpetproducts.com\/wp-content\/uploads\/2025\/07\/\u6cd5\u6069\u8d1d375g\u72d7\u7f50\u8be6\u60c5_02-1-450x500.jpg 450w, https:\/\/vestpetproducts.com\/wp-content\/uploads\/2025\/07\/\u6cd5\u6069\u8d1d375g\u72d7\u7f50\u8be6\u60c5_02-1-270x300.jpg 270w, https:\/\/vestpetproducts.com\/wp-content\/uploads\/2025\/07\/\u6cd5\u6069\u8d1d375g\u72d7\u7f50\u8be6\u60c5_02-1-11x12.jpg 11w, https:\/\/vestpetproducts.com\/wp-content\/uploads\/2025\/07\/\u6cd5\u6069\u8d1d375g\u72d7\u7f50\u8be6\u60c5_02-1-68x75.jpg 68w, https:\/\/vestpetproducts.com\/wp-content\/uploads\/2025\/07\/\u6cd5\u6069\u8d1d375g\u72d7\u7f50\u8be6\u60c5_02-1-480x533.jpg 480w\" sizes=\"auto, (max-width:767px) 480px, 750px\" \/><img loading=\"lazy\" decoding=\"async\" class=\"aligncenter size-full wp-image-816\" src=\"http:\/\/vestpetproducts.com\/wp-content\/uploads\/2025\/07\/\u6cd5\u6069\u8d1d375g\u72d7\u7f50\u8be6\u60c5_03-1.jpg\" alt=\"\" width=\"750\" height=\"641\" srcset=\"https:\/\/vestpetproducts.com\/wp-content\/uploads\/2025\/07\/\u6cd5\u6069\u8d1d375g\u72d7\u7f50\u8be6\u60c5_03-1.jpg 750w, https:\/\/vestpetproducts.com\/wp-content\/uploads\/2025\/07\/\u6cd5\u6069\u8d1d375g\u72d7\u7f50\u8be6\u60c5_03-1-500x427.jpg 500w, https:\/\/vestpetproducts.com\/wp-content\/uploads\/2025\/07\/\u6cd5\u6069\u8d1d375g\u72d7\u7f50\u8be6\u60c5_03-1-300x256.jpg 300w, https:\/\/vestpetproducts.com\/wp-content\/uploads\/2025\/07\/\u6cd5\u6069\u8d1d375g\u72d7\u7f50\u8be6\u60c5_03-1-14x12.jpg 14w, https:\/\/vestpetproducts.com\/wp-content\/uploads\/2025\/07\/\u6cd5\u6069\u8d1d375g\u72d7\u7f50\u8be6\u60c5_03-1-88x75.jpg 88w, https:\/\/vestpetproducts.com\/wp-content\/uploads\/2025\/07\/\u6cd5\u6069\u8d1d375g\u72d7\u7f50\u8be6\u60c5_03-1-480x410.jpg 480w\" sizes=\"auto, (max-width:767px) 480px, 750px\" \/><img loading=\"lazy\" decoding=\"async\" class=\"aligncenter size-full wp-image-817\" src=\"http:\/\/vestpetproducts.com\/wp-content\/uploads\/2025\/07\/\u6cd5\u6069\u8d1d375g\u72d7\u7f50\u8be6\u60c5_04-3.jpg\" alt=\"\" width=\"750\" height=\"1041\" srcset=\"https:\/\/vestpetproducts.com\/wp-content\/uploads\/2025\/07\/\u6cd5\u6069\u8d1d375g\u72d7\u7f50\u8be6\u60c5_04-3.jpg 750w, https:\/\/vestpetproducts.com\/wp-content\/uploads\/2025\/07\/\u6cd5\u6069\u8d1d375g\u72d7\u7f50\u8be6\u60c5_04-3-360x500.jpg 360w, https:\/\/vestpetproducts.com\/wp-content\/uploads\/2025\/07\/\u6cd5\u6069\u8d1d375g\u72d7\u7f50\u8be6\u60c5_04-3-216x300.jpg 216w, https:\/\/vestpetproducts.com\/wp-content\/uploads\/2025\/07\/\u6cd5\u6069\u8d1d375g\u72d7\u7f50\u8be6\u60c5_04-3-9x12.jpg 9w, https:\/\/vestpetproducts.com\/wp-content\/uploads\/2025\/07\/\u6cd5\u6069\u8d1d375g\u72d7\u7f50\u8be6\u60c5_04-3-54x75.jpg 54w, https:\/\/vestpetproducts.com\/wp-content\/uploads\/2025\/07\/\u6cd5\u6069\u8d1d375g\u72d7\u7f50\u8be6\u60c5_04-3-480x666.jpg 480w\" sizes=\"auto, (max-width:767px) 480px, 750px\" \/><img loading=\"lazy\" decoding=\"async\" class=\"aligncenter wp-image-374\" src=\"http:\/\/vestpetproducts.com\/wp-content\/uploads\/2025\/07\/\u5fae\u4fe1\u56fe\u7247_20250715165725.jpg\" alt=\"\" width=\"692\" height=\"692\" srcset=\"https:\/\/vestpetproducts.com\/wp-content\/uploads\/2025\/07\/\u5fae\u4fe1\u56fe\u7247_20250715165725.jpg 800w, https:\/\/vestpetproducts.com\/wp-content\/uploads\/2025\/07\/\u5fae\u4fe1\u56fe\u7247_20250715165725-500x500.jpg 500w, https:\/\/vestpetproducts.com\/wp-content\/uploads\/2025\/07\/\u5fae\u4fe1\u56fe\u7247_20250715165725-300x300.jpg 300w, https:\/\/vestpetproducts.com\/wp-content\/uploads\/2025\/07\/\u5fae\u4fe1\u56fe\u7247_20250715165725-768x768.jpg 768w, https:\/\/vestpetproducts.com\/wp-content\/uploads\/2025\/07\/\u5fae\u4fe1\u56fe\u7247_20250715165725-12x12.jpg 12w, https:\/\/vestpetproducts.com\/wp-content\/uploads\/2025\/07\/\u5fae\u4fe1\u56fe\u7247_20250715165725-150x150.jpg 150w, https:\/\/vestpetproducts.com\/wp-content\/uploads\/2025\/07\/\u5fae\u4fe1\u56fe\u7247_20250715165725-75x75.jpg 75w, https:\/\/vestpetproducts.com\/wp-content\/uploads\/2025\/07\/\u5fae\u4fe1\u56fe\u7247_20250715165725-480x480.jpg 480w\" sizes=\"auto, (max-width:767px) 480px, 692px\" \/><img loading=\"lazy\" decoding=\"async\" class=\"aligncenter wp-image-376\" src=\"http:\/\/vestpetproducts.com\/wp-content\/uploads\/2025\/07\/\u5fae\u4fe1\u56fe\u7247_20250715165719.jpg\" alt=\"\" width=\"680\" height=\"680\" srcset=\"https:\/\/vestpetproducts.com\/wp-content\/uploads\/2025\/07\/\u5fae\u4fe1\u56fe\u7247_20250715165719.jpg 1200w, https:\/\/vestpetproducts.com\/wp-content\/uploads\/2025\/07\/\u5fae\u4fe1\u56fe\u7247_20250715165719-500x500.jpg 500w, https:\/\/vestpetproducts.com\/wp-content\/uploads\/2025\/07\/\u5fae\u4fe1\u56fe\u7247_20250715165719-300x300.jpg 300w, https:\/\/vestpetproducts.com\/wp-content\/uploads\/2025\/07\/\u5fae\u4fe1\u56fe\u7247_20250715165719-768x768.jpg 768w, https:\/\/vestpetproducts.com\/wp-content\/uploads\/2025\/07\/\u5fae\u4fe1\u56fe\u7247_20250715165719-12x12.jpg 12w, https:\/\/vestpetproducts.com\/wp-content\/uploads\/2025\/07\/\u5fae\u4fe1\u56fe\u7247_20250715165719-150x150.jpg 150w, https:\/\/vestpetproducts.com\/wp-content\/uploads\/2025\/07\/\u5fae\u4fe1\u56fe\u7247_20250715165719-75x75.jpg 75w, https:\/\/vestpetproducts.com\/wp-content\/uploads\/2025\/07\/\u5fae\u4fe1\u56fe\u7247_20250715165719-480x480.jpg 480w, https:\/\/vestpetproducts.com\/wp-content\/uploads\/2025\/07\/\u5fae\u4fe1\u56fe\u7247_20250715165719-800x800.jpg 800w\" sizes=\"auto, (max-width:767px) 480px, 680px\" \/><\/p>\n<p><img loading=\"lazy\" decoding=\"async\" class=\"wp-image-391 aligncenter\" src=\"http:\/\/vestpetproducts.com\/wp-content\/uploads\/2025\/07\/\u8d44\u8d28\u8bc1\u4e66\u5c55\u793a.jpg\" alt=\"\" width=\"730\" height=\"814\" srcset=\"https:\/\/vestpetproducts.com\/wp-content\/uploads\/2025\/07\/\u8d44\u8d28\u8bc1\u4e66\u5c55\u793a.jpg 918w, https:\/\/vestpetproducts.com\/wp-content\/uploads\/2025\/07\/\u8d44\u8d28\u8bc1\u4e66\u5c55\u793a-448x500.jpg 448w, https:\/\/vestpetproducts.com\/wp-content\/uploads\/2025\/07\/\u8d44\u8d28\u8bc1\u4e66\u5c55\u793a-269x300.jpg 269w, https:\/\/vestpetproducts.com\/wp-content\/uploads\/2025\/07\/\u8d44\u8d28\u8bc1\u4e66\u5c55\u793a-768x857.jpg 768w, https:\/\/vestpetproducts.com\/wp-content\/uploads\/2025\/07\/\u8d44\u8d28\u8bc1\u4e66\u5c55\u793a-11x12.jpg 11w, https:\/\/vestpetproducts.com\/wp-content\/uploads\/2025\/07\/\u8d44\u8d28\u8bc1\u4e66\u5c55\u793a-67x75.jpg 67w, https:\/\/vestpetproducts.com\/wp-content\/uploads\/2025\/07\/\u8d44\u8d28\u8bc1\u4e66\u5c55\u793a-480x535.jpg 480w, https:\/\/vestpetproducts.com\/wp-content\/uploads\/2025\/07\/\u8d44\u8d28\u8bc1\u4e66\u5c55\u793a-800x892.jpg 800w\" sizes=\"auto, (max-width:767px) 480px, 730px\" \/><\/p>\n<p>&nbsp;<\/p>\n<p><img loading=\"lazy\" decoding=\"async\" class=\"aligncenter wp-image-379\" src=\"http:\/\/vestpetproducts.com\/wp-content\/uploads\/2025\/07\/\u5fae\u4fe1\u56fe\u7247_20250715165659.jpg\" alt=\"\" width=\"728\" height=\"1056\" srcset=\"https:\/\/vestpetproducts.com\/wp-content\/uploads\/2025\/07\/\u5fae\u4fe1\u56fe\u7247_20250715165659.jpg 803w, https:\/\/vestpetproducts.com\/wp-content\/uploads\/2025\/07\/\u5fae\u4fe1\u56fe\u7247_20250715165659-345x500.jpg 345w, https:\/\/vestpetproducts.com\/wp-content\/uploads\/2025\/07\/\u5fae\u4fe1\u56fe\u7247_20250715165659-207x300.jpg 207w, https:\/\/vestpetproducts.com\/wp-content\/uploads\/2025\/07\/\u5fae\u4fe1\u56fe\u7247_20250715165659-768x1114.jpg 768w, https:\/\/vestpetproducts.com\/wp-content\/uploads\/2025\/07\/\u5fae\u4fe1\u56fe\u7247_20250715165659-8x12.jpg 8w, https:\/\/vestpetproducts.com\/wp-content\/uploads\/2025\/07\/\u5fae\u4fe1\u56fe\u7247_20250715165659-52x75.jpg 52w, https:\/\/vestpetproducts.com\/wp-content\/uploads\/2025\/07\/\u5fae\u4fe1\u56fe\u7247_20250715165659-480x696.jpg 480w, https:\/\/vestpetproducts.com\/wp-content\/uploads\/2025\/07\/\u5fae\u4fe1\u56fe\u7247_20250715165659-800x1161.jpg 800w\" sizes=\"auto, (max-width:767px) 480px, 728px\" \/><\/p>","protected":false},"excerpt":{"rendered":"<p>Peso unit\u00e1rio: 0,375 g*p\u00e7s<\/p>\n<p>Sabor: Frango e Carne<\/p>\n<p>\ud83c\udf56\ud83d\udc31\u3010O aroma da carne preenche o ar!\u3011Ra\u00e7\u00e3o nutritiva para gatos com alto teor de prote\u00edna \u2014 formulada cientificamente, at\u00e9 os gatos mais exigentes limpam os pratos! \ud83d\udc31\ud83c\udf56<\/p>\n<p>\ud83c\udf1f Carne de verdade como base, repleta de nutrientes! \ud83c\udf1f<\/p>\n<p>1: Frango + Carne + Cenoura, fontes duplas de prote\u00edna animal para uma textura de carne rica!<\/p>\n<p>2: Frango + Cenoura, uma combina\u00e7\u00e3o cl\u00e1ssica, leve e f\u00e1cil de digerir!<\/p>\n<p>Enriquecimento de amino\u00e1cidos: Glicina e Lisina para promover o crescimento muscular!<\/p>\n<p>Vitaminas e minerais: colina, vitamina E, c\u00e1lcio, f\u00f3sforo, etc., para promover a sa\u00fade dos ossos e da pelagem!<\/p>\n<p>Agentes espessantes naturais: carragenina (\u22651%) e goma xantana, para uma textura suave que n\u00e3o gruda nos dentes!<\/p>\n<p>\ud83d\udcca Alto teor de prote\u00edna e baixo teor de gordura \u2014 os n\u00fameros falam por si!<\/p>\n<p>Prote\u00edna bruta \u22656,5% (l\u00edder do setor!), gordura bruta \u22652,0%, umidade \u226485,5%, nutri\u00e7\u00e3o concentrada para m\u00e1xima saciedade!<\/p>","protected":false},"featured_media":809,"template":"","meta":{"content-type":""},"product_brand":[],"product_cat":[14,121],"product_tag":[],"class_list":{"0":"post-808","1":"product","2":"type-product","3":"status-publish","4":"has-post-thumbnail","6":"product_cat-pet-food","7":"product_cat-wet-food","9":"first","10":"instock","11":"shipping-taxable","12":"product-type-simple"},"yoast_head":"<!-- This site is optimized with the Yoast SEO plugin v24.9 - https:\/\/yoast.com\/wordpress\/plugins\/seo\/ -->\n<title>Wholesale OEM ODM 375g Canned Dog Cat Wet Food Canned Pet Food Wet Food Pet Snack No reviews yet - Shandong Vest International Trade Co., Ltd.<\/title>\n<meta name=\"robots\" content=\"index, follow, max-snippet:-1, max-image-preview:large, max-video-preview:-1\" \/>\n<link rel=\"canonical\" href=\"https:\/\/vestpetproducts.com\/pt\/produto\/wholesale-oem-odm-375g-canned-dog-cat-wet-food-canned-pet-food-wet-food-pet-snack-no-reviews-yet\/\" \/>\n<meta property=\"og:locale\" content=\"pt_PT\" \/>\n<meta property=\"og:type\" content=\"article\" \/>\n<meta property=\"og:title\" content=\"Wholesale OEM ODM 375g Canned Dog Cat Wet Food Canned Pet Food Wet Food Pet Snack No reviews yet - Shandong Vest International Trade Co., Ltd.\" \/>\n<meta property=\"og:description\" content=\"Unit Weight\uff1b0.375g*pcs  Flavor\uff1aChicken\u00a0 \u00a0Beef  &#x1f356;&#x1f431;\u3010The aroma of meat fills the air!\u3011High-protein nutritional cat food \u2014 scientifically formulated, even picky cats will clean their plates! &#x1f431;&#x1f356;  &#x1f31f; Real meat as the base, packed with nutrition! &#x1f31f;  1: Chicken + Beef + Carrots, dual animal protein sources for a rich meat texture!  2: Chicken + Carrots, a classic combination that\u2019s light and easy to digest!  Amino Acid Enrichment: Glycine and Lysine to promote muscle growth!  Vitamins &amp; Minerals: Choline, Vitamin E, Calcium, Phosphorus, etc., to support bone and coat health!  Natural thickening agents: carrageenan (\u22651%) and xanthan gum, for a smooth texture that doesn&#039;t stick to teeth!  &#x1f4ca; High protein, low fat\u2014the numbers speak for themselves!  Crude protein \u22656.5% (industry-leading!), crude fat \u22652.0%, moisture \u226485.5%, concentrated nutrition for maximum satiety!\" \/>\n<meta property=\"og:url\" content=\"https:\/\/vestpetproducts.com\/pt\/produto\/wholesale-oem-odm-375g-canned-dog-cat-wet-food-canned-pet-food-wet-food-pet-snack-no-reviews-yet\/\" \/>\n<meta property=\"og:site_name\" content=\"Shandong Vest International Trade Co., Ltd.\" \/>\n<meta property=\"article:modified_time\" content=\"2025-08-12T07:36:03+00:00\" \/>\n<meta property=\"og:image\" content=\"https:\/\/vestpetproducts.com\/wp-content\/uploads\/2025\/07\/44_\u753b\u677f-1-scaled.png\" \/>\n\t<meta property=\"og:image:width\" content=\"2560\" \/>\n\t<meta property=\"og:image:height\" content=\"2560\" \/>\n\t<meta property=\"og:image:type\" content=\"image\/png\" \/>\n<meta name=\"twitter:card\" content=\"summary_large_image\" \/>\n<meta name=\"twitter:label1\" content=\"Tempo estimado de leitura\" \/>\n\t<meta name=\"twitter:data1\" content=\"2 minutos\" \/>\n<script type=\"application\/ld+json\" class=\"yoast-schema-graph\">{\"@context\":\"https:\/\/schema.org\",\"@graph\":[{\"@type\":\"WebPage\",\"@id\":\"https:\/\/vestpetproducts.com\/product\/wholesale-oem-odm-375g-canned-dog-cat-wet-food-canned-pet-food-wet-food-pet-snack-no-reviews-yet\/\",\"url\":\"https:\/\/vestpetproducts.com\/product\/wholesale-oem-odm-375g-canned-dog-cat-wet-food-canned-pet-food-wet-food-pet-snack-no-reviews-yet\/\",\"name\":\"Wholesale OEM ODM 375g Canned Dog Cat Wet Food Canned Pet Food Wet Food Pet Snack No reviews yet - Shandong Vest International Trade Co., Ltd.\",\"isPartOf\":{\"@id\":\"https:\/\/vestpetproducts.com\/#website\"},\"primaryImageOfPage\":{\"@id\":\"https:\/\/vestpetproducts.com\/product\/wholesale-oem-odm-375g-canned-dog-cat-wet-food-canned-pet-food-wet-food-pet-snack-no-reviews-yet\/#primaryimage\"},\"image\":{\"@id\":\"https:\/\/vestpetproducts.com\/product\/wholesale-oem-odm-375g-canned-dog-cat-wet-food-canned-pet-food-wet-food-pet-snack-no-reviews-yet\/#primaryimage\"},\"thumbnailUrl\":\"https:\/\/vestpetproducts.com\/wp-content\/uploads\/2025\/07\/44_\u753b\u677f-1-scaled.png\",\"datePublished\":\"2025-07-17T08:43:36+00:00\",\"dateModified\":\"2025-08-12T07:36:03+00:00\",\"breadcrumb\":{\"@id\":\"https:\/\/vestpetproducts.com\/product\/wholesale-oem-odm-375g-canned-dog-cat-wet-food-canned-pet-food-wet-food-pet-snack-no-reviews-yet\/#breadcrumb\"},\"inLanguage\":\"pt-PT\",\"potentialAction\":[{\"@type\":\"ReadAction\",\"target\":[\"https:\/\/vestpetproducts.com\/product\/wholesale-oem-odm-375g-canned-dog-cat-wet-food-canned-pet-food-wet-food-pet-snack-no-reviews-yet\/\"]}]},{\"@type\":\"ImageObject\",\"inLanguage\":\"pt-PT\",\"@id\":\"https:\/\/vestpetproducts.com\/product\/wholesale-oem-odm-375g-canned-dog-cat-wet-food-canned-pet-food-wet-food-pet-snack-no-reviews-yet\/#primaryimage\",\"url\":\"https:\/\/vestpetproducts.com\/wp-content\/uploads\/2025\/07\/44_\u753b\u677f-1-scaled.png\",\"contentUrl\":\"https:\/\/vestpetproducts.com\/wp-content\/uploads\/2025\/07\/44_\u753b\u677f-1-scaled.png\",\"width\":2560,\"height\":2560},{\"@type\":\"BreadcrumbList\",\"@id\":\"https:\/\/vestpetproducts.com\/product\/wholesale-oem-odm-375g-canned-dog-cat-wet-food-canned-pet-food-wet-food-pet-snack-no-reviews-yet\/#breadcrumb\",\"itemListElement\":[{\"@type\":\"ListItem\",\"position\":1,\"name\":\"\u9996\u9875\",\"item\":\"https:\/\/vestpetproducts.com\/\"},{\"@type\":\"ListItem\",\"position\":2,\"name\":\"Product\",\"item\":\"https:\/\/vestpetproducts.com\/product\/\"},{\"@type\":\"ListItem\",\"position\":3,\"name\":\"Wholesale OEM ODM 375g Canned Dog Cat Wet Food Canned Pet Food Wet Food Pet Snack No reviews yet\"}]},{\"@type\":\"WebSite\",\"@id\":\"https:\/\/vestpetproducts.com\/#website\",\"url\":\"https:\/\/vestpetproducts.com\/\",\"name\":\"Shandong Vest International Trade Co., Ltd.\",\"description\":\"Shandong Vest International Trade Co., Ltd.\",\"potentialAction\":[{\"@type\":\"SearchAction\",\"target\":{\"@type\":\"EntryPoint\",\"urlTemplate\":\"https:\/\/vestpetproducts.com\/?s={search_term_string}\"},\"query-input\":{\"@type\":\"PropertyValueSpecification\",\"valueRequired\":true,\"valueName\":\"search_term_string\"}}],\"inLanguage\":\"pt-PT\"}]}<\/script>\n<!-- \/ Yoast SEO plugin. -->","yoast_head_json":{"title":"Wholesale OEM ODM 375g Canned Dog Cat Wet Food Canned Pet Food Wet Food Pet Snack No reviews yet - Shandong Vest International Trade Co., Ltd.","robots":{"index":"index","follow":"follow","max-snippet":"max-snippet:-1","max-image-preview":"max-image-preview:large","max-video-preview":"max-video-preview:-1"},"canonical":"https:\/\/vestpetproducts.com\/pt\/produto\/wholesale-oem-odm-375g-canned-dog-cat-wet-food-canned-pet-food-wet-food-pet-snack-no-reviews-yet\/","og_locale":"pt_PT","og_type":"article","og_title":"Wholesale OEM ODM 375g Canned Dog Cat Wet Food Canned Pet Food Wet Food Pet Snack No reviews yet - Shandong Vest International Trade Co., Ltd.","og_description":"Unit Weight\uff1b0.375g*pcs  Flavor\uff1aChicken\u00a0 \u00a0Beef  &#x1f356;&#x1f431;\u3010The aroma of meat fills the air!\u3011High-protein nutritional cat food \u2014 scientifically formulated, even picky cats will clean their plates! &#x1f431;&#x1f356;  &#x1f31f; Real meat as the base, packed with nutrition! &#x1f31f;  1: Chicken + Beef + Carrots, dual animal protein sources for a rich meat texture!  2: Chicken + Carrots, a classic combination that\u2019s light and easy to digest!  Amino Acid Enrichment: Glycine and Lysine to promote muscle growth!  Vitamins &amp; Minerals: Choline, Vitamin E, Calcium, Phosphorus, etc., to support bone and coat health!  Natural thickening agents: carrageenan (\u22651%) and xanthan gum, for a smooth texture that doesn't stick to teeth!  &#x1f4ca; High protein, low fat\u2014the numbers speak for themselves!  Crude protein \u22656.5% (industry-leading!), crude fat \u22652.0%, moisture \u226485.5%, concentrated nutrition for maximum satiety!","og_url":"https:\/\/vestpetproducts.com\/pt\/produto\/wholesale-oem-odm-375g-canned-dog-cat-wet-food-canned-pet-food-wet-food-pet-snack-no-reviews-yet\/","og_site_name":"Shandong Vest International Trade Co., Ltd.","article_modified_time":"2025-08-12T07:36:03+00:00","og_image":[{"width":2560,"height":2560,"url":"https:\/\/vestpetproducts.com\/wp-content\/uploads\/2025\/07\/44_\u753b\u677f-1-scaled.png","type":"image\/png"}],"twitter_card":"summary_large_image","twitter_misc":{"Tempo estimado de leitura":"2 minutos"},"schema":{"@context":"https:\/\/schema.org","@graph":[{"@type":"WebPage","@id":"https:\/\/vestpetproducts.com\/product\/wholesale-oem-odm-375g-canned-dog-cat-wet-food-canned-pet-food-wet-food-pet-snack-no-reviews-yet\/","url":"https:\/\/vestpetproducts.com\/product\/wholesale-oem-odm-375g-canned-dog-cat-wet-food-canned-pet-food-wet-food-pet-snack-no-reviews-yet\/","name":"Wholesale OEM ODM 375g Canned Dog Cat Wet Food Canned Pet Food Wet Food Pet Snack No reviews yet - Shandong Vest International Trade Co., Ltd.","isPartOf":{"@id":"https:\/\/vestpetproducts.com\/#website"},"primaryImageOfPage":{"@id":"https:\/\/vestpetproducts.com\/product\/wholesale-oem-odm-375g-canned-dog-cat-wet-food-canned-pet-food-wet-food-pet-snack-no-reviews-yet\/#primaryimage"},"image":{"@id":"https:\/\/vestpetproducts.com\/product\/wholesale-oem-odm-375g-canned-dog-cat-wet-food-canned-pet-food-wet-food-pet-snack-no-reviews-yet\/#primaryimage"},"thumbnailUrl":"https:\/\/vestpetproducts.com\/wp-content\/uploads\/2025\/07\/44_\u753b\u677f-1-scaled.png","datePublished":"2025-07-17T08:43:36+00:00","dateModified":"2025-08-12T07:36:03+00:00","breadcrumb":{"@id":"https:\/\/vestpetproducts.com\/product\/wholesale-oem-odm-375g-canned-dog-cat-wet-food-canned-pet-food-wet-food-pet-snack-no-reviews-yet\/#breadcrumb"},"inLanguage":"pt-PT","potentialAction":[{"@type":"ReadAction","target":["https:\/\/vestpetproducts.com\/product\/wholesale-oem-odm-375g-canned-dog-cat-wet-food-canned-pet-food-wet-food-pet-snack-no-reviews-yet\/"]}]},{"@type":"ImageObject","inLanguage":"pt-PT","@id":"https:\/\/vestpetproducts.com\/product\/wholesale-oem-odm-375g-canned-dog-cat-wet-food-canned-pet-food-wet-food-pet-snack-no-reviews-yet\/#primaryimage","url":"https:\/\/vestpetproducts.com\/wp-content\/uploads\/2025\/07\/44_\u753b\u677f-1-scaled.png","contentUrl":"https:\/\/vestpetproducts.com\/wp-content\/uploads\/2025\/07\/44_\u753b\u677f-1-scaled.png","width":2560,"height":2560},{"@type":"BreadcrumbList","@id":"https:\/\/vestpetproducts.com\/product\/wholesale-oem-odm-375g-canned-dog-cat-wet-food-canned-pet-food-wet-food-pet-snack-no-reviews-yet\/#breadcrumb","itemListElement":[{"@type":"ListItem","position":1,"name":"\u9996\u9875","item":"https:\/\/vestpetproducts.com\/"},{"@type":"ListItem","position":2,"name":"Product","item":"https:\/\/vestpetproducts.com\/product\/"},{"@type":"ListItem","position":3,"name":"Wholesale OEM ODM 375g Canned Dog Cat Wet Food Canned Pet Food Wet Food Pet Snack No reviews yet"}]},{"@type":"WebSite","@id":"https:\/\/vestpetproducts.com\/#website","url":"https:\/\/vestpetproducts.com\/","name":"Shandong Vest International Trade Co., Ltd.","description":"Shandong Vest International Trade Co., Ltd.","potentialAction":[{"@type":"SearchAction","target":{"@type":"EntryPoint","urlTemplate":"https:\/\/vestpetproducts.com\/?s={search_term_string}"},"query-input":{"@type":"PropertyValueSpecification","valueRequired":true,"valueName":"search_term_string"}}],"inLanguage":"pt-PT"}]}},"_links":{"self":[{"href":"https:\/\/vestpetproducts.com\/pt\/wp-json\/wp\/v2\/product\/808","targetHints":{"allow":["GET"]}}],"collection":[{"href":"https:\/\/vestpetproducts.com\/pt\/wp-json\/wp\/v2\/product"}],"about":[{"href":"https:\/\/vestpetproducts.com\/pt\/wp-json\/wp\/v2\/types\/product"}],"wp:featuredmedia":[{"embeddable":true,"href":"https:\/\/vestpetproducts.com\/pt\/wp-json\/wp\/v2\/media\/809"}],"wp:attachment":[{"href":"https:\/\/vestpetproducts.com\/pt\/wp-json\/wp\/v2\/media?parent=808"}],"wp:term":[{"taxonomy":"product_brand","embeddable":true,"href":"https:\/\/vestpetproducts.com\/pt\/wp-json\/wp\/v2\/product_brand?post=808"},{"taxonomy":"product_cat","embeddable":true,"href":"https:\/\/vestpetproducts.com\/pt\/wp-json\/wp\/v2\/product_cat?post=808"},{"taxonomy":"product_tag","embeddable":true,"href":"https:\/\/vestpetproducts.com\/pt\/wp-json\/wp\/v2\/product_tag?post=808"}],"curies":[{"name":"wp","href":"https:\/\/api.w.org\/{rel}","templated":true}]}}