{"id":786,"date":"2025-07-17T08:12:56","date_gmt":"2025-07-17T08:12:56","guid":{"rendered":"https:\/\/vestpetproducts.com\/?post_type=product&#038;p=786"},"modified":"2025-08-12T07:50:22","modified_gmt":"2025-08-12T07:50:22","slug":"pet-snacks-wet-food-pack-nutritious-dog-snacks-adult-puppy-wet-food-nutrition-mousse-meat-puree-bulk-130g-pack","status":"publish","type":"product","link":"https:\/\/vestpetproducts.com\/pt\/produto\/pet-snacks-wet-food-pack-nutritious-dog-snacks-adult-puppy-wet-food-nutrition-mousse-meat-puree-bulk-130g-pack\/","title":{"rendered":"Petiscos para c\u00e3es Petiscos para c\u00e3es Petiscos para c\u00e3es adultos ..."},"content":{"rendered":"<p><img loading=\"lazy\" decoding=\"async\" class=\"aligncenter size-full wp-image-794\" src=\"http:\/\/vestpetproducts.com\/wp-content\/uploads\/2025\/07\/85g\u6e7f\u7cae\u5305\u8be6\u60c5_01-1.jpg\" alt=\"\" width=\"750\" height=\"835\" srcset=\"https:\/\/vestpetproducts.com\/wp-content\/uploads\/2025\/07\/85g\u6e7f\u7cae\u5305\u8be6\u60c5_01-1.jpg 750w, https:\/\/vestpetproducts.com\/wp-content\/uploads\/2025\/07\/85g\u6e7f\u7cae\u5305\u8be6\u60c5_01-1-449x500.jpg 449w, https:\/\/vestpetproducts.com\/wp-content\/uploads\/2025\/07\/85g\u6e7f\u7cae\u5305\u8be6\u60c5_01-1-269x300.jpg 269w, https:\/\/vestpetproducts.com\/wp-content\/uploads\/2025\/07\/85g\u6e7f\u7cae\u5305\u8be6\u60c5_01-1-11x12.jpg 11w, https:\/\/vestpetproducts.com\/wp-content\/uploads\/2025\/07\/85g\u6e7f\u7cae\u5305\u8be6\u60c5_01-1-67x75.jpg 67w, https:\/\/vestpetproducts.com\/wp-content\/uploads\/2025\/07\/85g\u6e7f\u7cae\u5305\u8be6\u60c5_01-1-480x534.jpg 480w\" sizes=\"auto, (max-width:767px) 480px, 750px\" \/><img loading=\"lazy\" decoding=\"async\" class=\"aligncenter size-full wp-image-795\" src=\"http:\/\/vestpetproducts.com\/wp-content\/uploads\/2025\/07\/85g\u6e7f\u7cae\u5305\u8be6\u60c5_02-1.jpg\" alt=\"\" width=\"750\" height=\"834\" srcset=\"https:\/\/vestpetproducts.com\/wp-content\/uploads\/2025\/07\/85g\u6e7f\u7cae\u5305\u8be6\u60c5_02-1.jpg 750w, https:\/\/vestpetproducts.com\/wp-content\/uploads\/2025\/07\/85g\u6e7f\u7cae\u5305\u8be6\u60c5_02-1-450x500.jpg 450w, https:\/\/vestpetproducts.com\/wp-content\/uploads\/2025\/07\/85g\u6e7f\u7cae\u5305\u8be6\u60c5_02-1-270x300.jpg 270w, https:\/\/vestpetproducts.com\/wp-content\/uploads\/2025\/07\/85g\u6e7f\u7cae\u5305\u8be6\u60c5_02-1-11x12.jpg 11w, https:\/\/vestpetproducts.com\/wp-content\/uploads\/2025\/07\/85g\u6e7f\u7cae\u5305\u8be6\u60c5_02-1-67x75.jpg 67w, https:\/\/vestpetproducts.com\/wp-content\/uploads\/2025\/07\/85g\u6e7f\u7cae\u5305\u8be6\u60c5_02-1-480x534.jpg 480w\" sizes=\"auto, (max-width:767px) 480px, 750px\" \/><img loading=\"lazy\" decoding=\"async\" class=\"aligncenter size-full wp-image-796\" src=\"http:\/\/vestpetproducts.com\/wp-content\/uploads\/2025\/07\/85g\u6e7f\u7cae\u5305\u8be6\u60c5_03-1.jpg\" alt=\"\" width=\"750\" height=\"835\" srcset=\"https:\/\/vestpetproducts.com\/wp-content\/uploads\/2025\/07\/85g\u6e7f\u7cae\u5305\u8be6\u60c5_03-1.jpg 750w, https:\/\/vestpetproducts.com\/wp-content\/uploads\/2025\/07\/85g\u6e7f\u7cae\u5305\u8be6\u60c5_03-1-449x500.jpg 449w, https:\/\/vestpetproducts.com\/wp-content\/uploads\/2025\/07\/85g\u6e7f\u7cae\u5305\u8be6\u60c5_03-1-269x300.jpg 269w, https:\/\/vestpetproducts.com\/wp-content\/uploads\/2025\/07\/85g\u6e7f\u7cae\u5305\u8be6\u60c5_03-1-11x12.jpg 11w, https:\/\/vestpetproducts.com\/wp-content\/uploads\/2025\/07\/85g\u6e7f\u7cae\u5305\u8be6\u60c5_03-1-67x75.jpg 67w, https:\/\/vestpetproducts.com\/wp-content\/uploads\/2025\/07\/85g\u6e7f\u7cae\u5305\u8be6\u60c5_03-1-480x534.jpg 480w\" sizes=\"auto, (max-width:767px) 480px, 750px\" \/><img loading=\"lazy\" decoding=\"async\" class=\"aligncenter size-full wp-image-797\" src=\"http:\/\/vestpetproducts.com\/wp-content\/uploads\/2025\/07\/85g\u6e7f\u7cae\u5305\u8be6\u60c5_04-1.jpg\" alt=\"\" width=\"750\" height=\"835\" srcset=\"https:\/\/vestpetproducts.com\/wp-content\/uploads\/2025\/07\/85g\u6e7f\u7cae\u5305\u8be6\u60c5_04-1.jpg 750w, https:\/\/vestpetproducts.com\/wp-content\/uploads\/2025\/07\/85g\u6e7f\u7cae\u5305\u8be6\u60c5_04-1-449x500.jpg 449w, https:\/\/vestpetproducts.com\/wp-content\/uploads\/2025\/07\/85g\u6e7f\u7cae\u5305\u8be6\u60c5_04-1-269x300.jpg 269w, https:\/\/vestpetproducts.com\/wp-content\/uploads\/2025\/07\/85g\u6e7f\u7cae\u5305\u8be6\u60c5_04-1-11x12.jpg 11w, https:\/\/vestpetproducts.com\/wp-content\/uploads\/2025\/07\/85g\u6e7f\u7cae\u5305\u8be6\u60c5_04-1-67x75.jpg 67w, https:\/\/vestpetproducts.com\/wp-content\/uploads\/2025\/07\/85g\u6e7f\u7cae\u5305\u8be6\u60c5_04-1-480x534.jpg 480w\" sizes=\"auto, (max-width:767px) 480px, 750px\" \/><img loading=\"lazy\" decoding=\"async\" class=\"aligncenter size-full wp-image-798\" src=\"http:\/\/vestpetproducts.com\/wp-content\/uploads\/2025\/07\/39d021b6d43e724fc0f5e51134598d3.jpg\" alt=\"\" width=\"750\" height=\"386\" srcset=\"https:\/\/vestpetproducts.com\/wp-content\/uploads\/2025\/07\/39d021b6d43e724fc0f5e51134598d3.jpg 750w, https:\/\/vestpetproducts.com\/wp-content\/uploads\/2025\/07\/39d021b6d43e724fc0f5e51134598d3-500x257.jpg 500w, https:\/\/vestpetproducts.com\/wp-content\/uploads\/2025\/07\/39d021b6d43e724fc0f5e51134598d3-300x154.jpg 300w, https:\/\/vestpetproducts.com\/wp-content\/uploads\/2025\/07\/39d021b6d43e724fc0f5e51134598d3-18x9.jpg 18w, https:\/\/vestpetproducts.com\/wp-content\/uploads\/2025\/07\/39d021b6d43e724fc0f5e51134598d3-146x75.jpg 146w, https:\/\/vestpetproducts.com\/wp-content\/uploads\/2025\/07\/39d021b6d43e724fc0f5e51134598d3-480x247.jpg 480w\" sizes=\"auto, (max-width:767px) 480px, 750px\" \/><img loading=\"lazy\" decoding=\"async\" class=\"aligncenter wp-image-374\" src=\"http:\/\/vestpetproducts.com\/wp-content\/uploads\/2025\/07\/\u5fae\u4fe1\u56fe\u7247_20250715165725.jpg\" alt=\"\" width=\"766\" height=\"766\" srcset=\"https:\/\/vestpetproducts.com\/wp-content\/uploads\/2025\/07\/\u5fae\u4fe1\u56fe\u7247_20250715165725.jpg 800w, https:\/\/vestpetproducts.com\/wp-content\/uploads\/2025\/07\/\u5fae\u4fe1\u56fe\u7247_20250715165725-500x500.jpg 500w, https:\/\/vestpetproducts.com\/wp-content\/uploads\/2025\/07\/\u5fae\u4fe1\u56fe\u7247_20250715165725-300x300.jpg 300w, https:\/\/vestpetproducts.com\/wp-content\/uploads\/2025\/07\/\u5fae\u4fe1\u56fe\u7247_20250715165725-768x768.jpg 768w, https:\/\/vestpetproducts.com\/wp-content\/uploads\/2025\/07\/\u5fae\u4fe1\u56fe\u7247_20250715165725-12x12.jpg 12w, https:\/\/vestpetproducts.com\/wp-content\/uploads\/2025\/07\/\u5fae\u4fe1\u56fe\u7247_20250715165725-150x150.jpg 150w, https:\/\/vestpetproducts.com\/wp-content\/uploads\/2025\/07\/\u5fae\u4fe1\u56fe\u7247_20250715165725-75x75.jpg 75w, https:\/\/vestpetproducts.com\/wp-content\/uploads\/2025\/07\/\u5fae\u4fe1\u56fe\u7247_20250715165725-480x480.jpg 480w\" sizes=\"auto, (max-width:767px) 480px, 766px\" \/><img loading=\"lazy\" decoding=\"async\" class=\"aligncenter wp-image-376\" src=\"http:\/\/vestpetproducts.com\/wp-content\/uploads\/2025\/07\/\u5fae\u4fe1\u56fe\u7247_20250715165719.jpg\" alt=\"\" width=\"680\" height=\"680\" srcset=\"https:\/\/vestpetproducts.com\/wp-content\/uploads\/2025\/07\/\u5fae\u4fe1\u56fe\u7247_20250715165719.jpg 1200w, https:\/\/vestpetproducts.com\/wp-content\/uploads\/2025\/07\/\u5fae\u4fe1\u56fe\u7247_20250715165719-500x500.jpg 500w, https:\/\/vestpetproducts.com\/wp-content\/uploads\/2025\/07\/\u5fae\u4fe1\u56fe\u7247_20250715165719-300x300.jpg 300w, https:\/\/vestpetproducts.com\/wp-content\/uploads\/2025\/07\/\u5fae\u4fe1\u56fe\u7247_20250715165719-768x768.jpg 768w, https:\/\/vestpetproducts.com\/wp-content\/uploads\/2025\/07\/\u5fae\u4fe1\u56fe\u7247_20250715165719-12x12.jpg 12w, https:\/\/vestpetproducts.com\/wp-content\/uploads\/2025\/07\/\u5fae\u4fe1\u56fe\u7247_20250715165719-150x150.jpg 150w, https:\/\/vestpetproducts.com\/wp-content\/uploads\/2025\/07\/\u5fae\u4fe1\u56fe\u7247_20250715165719-75x75.jpg 75w, https:\/\/vestpetproducts.com\/wp-content\/uploads\/2025\/07\/\u5fae\u4fe1\u56fe\u7247_20250715165719-480x480.jpg 480w, https:\/\/vestpetproducts.com\/wp-content\/uploads\/2025\/07\/\u5fae\u4fe1\u56fe\u7247_20250715165719-800x800.jpg 800w\" sizes=\"auto, (max-width:767px) 480px, 680px\" \/><\/p>\n<p><img loading=\"lazy\" decoding=\"async\" class=\"wp-image-391 aligncenter\" src=\"http:\/\/vestpetproducts.com\/wp-content\/uploads\/2025\/07\/\u8d44\u8d28\u8bc1\u4e66\u5c55\u793a.jpg\" alt=\"\" width=\"730\" height=\"814\" srcset=\"https:\/\/vestpetproducts.com\/wp-content\/uploads\/2025\/07\/\u8d44\u8d28\u8bc1\u4e66\u5c55\u793a.jpg 918w, https:\/\/vestpetproducts.com\/wp-content\/uploads\/2025\/07\/\u8d44\u8d28\u8bc1\u4e66\u5c55\u793a-448x500.jpg 448w, https:\/\/vestpetproducts.com\/wp-content\/uploads\/2025\/07\/\u8d44\u8d28\u8bc1\u4e66\u5c55\u793a-269x300.jpg 269w, https:\/\/vestpetproducts.com\/wp-content\/uploads\/2025\/07\/\u8d44\u8d28\u8bc1\u4e66\u5c55\u793a-768x857.jpg 768w, https:\/\/vestpetproducts.com\/wp-content\/uploads\/2025\/07\/\u8d44\u8d28\u8bc1\u4e66\u5c55\u793a-11x12.jpg 11w, https:\/\/vestpetproducts.com\/wp-content\/uploads\/2025\/07\/\u8d44\u8d28\u8bc1\u4e66\u5c55\u793a-67x75.jpg 67w, https:\/\/vestpetproducts.com\/wp-content\/uploads\/2025\/07\/\u8d44\u8d28\u8bc1\u4e66\u5c55\u793a-480x535.jpg 480w, https:\/\/vestpetproducts.com\/wp-content\/uploads\/2025\/07\/\u8d44\u8d28\u8bc1\u4e66\u5c55\u793a-800x892.jpg 800w\" sizes=\"auto, (max-width:767px) 480px, 730px\" \/><\/p>\n<p>&nbsp;<\/p>\n<p><img loading=\"lazy\" decoding=\"async\" class=\"aligncenter wp-image-379\" src=\"http:\/\/vestpetproducts.com\/wp-content\/uploads\/2025\/07\/\u5fae\u4fe1\u56fe\u7247_20250715165659.jpg\" alt=\"\" width=\"728\" height=\"1056\" srcset=\"https:\/\/vestpetproducts.com\/wp-content\/uploads\/2025\/07\/\u5fae\u4fe1\u56fe\u7247_20250715165659.jpg 803w, https:\/\/vestpetproducts.com\/wp-content\/uploads\/2025\/07\/\u5fae\u4fe1\u56fe\u7247_20250715165659-345x500.jpg 345w, https:\/\/vestpetproducts.com\/wp-content\/uploads\/2025\/07\/\u5fae\u4fe1\u56fe\u7247_20250715165659-207x300.jpg 207w, https:\/\/vestpetproducts.com\/wp-content\/uploads\/2025\/07\/\u5fae\u4fe1\u56fe\u7247_20250715165659-768x1114.jpg 768w, https:\/\/vestpetproducts.com\/wp-content\/uploads\/2025\/07\/\u5fae\u4fe1\u56fe\u7247_20250715165659-8x12.jpg 8w, https:\/\/vestpetproducts.com\/wp-content\/uploads\/2025\/07\/\u5fae\u4fe1\u56fe\u7247_20250715165659-52x75.jpg 52w, https:\/\/vestpetproducts.com\/wp-content\/uploads\/2025\/07\/\u5fae\u4fe1\u56fe\u7247_20250715165659-480x696.jpg 480w, https:\/\/vestpetproducts.com\/wp-content\/uploads\/2025\/07\/\u5fae\u4fe1\u56fe\u7247_20250715165659-800x1161.jpg 800w\" sizes=\"auto, (max-width:767px) 480px, 728px\" \/><\/p>","protected":false},"excerpt":{"rendered":"<p>Peso unit\u00e1rio; 130g*pacote<\/p>\n<p>Sabor: Frango, Atum, Carne<\/p>\n<p>\ud83d\udc36\u3010Banquete de Carnes de Luxo\u3011Pacote de Alimento \u00damido Nutricional Tr\u00eas em Um para C\u00e3es \u2014 A Solu\u00e7\u00e3o Definitiva para C\u00e3es com Comil\u00f5es Exigentes!<br \/>\n\ud83c\udf56 Ingredientes de verdade, com peda\u00e7os grandes de carne vis\u00edveis!<br \/>\n1: Frango + Atum + Ab\u00f3bora \u2014 \u00d3leo de peixe de \u00e1guas profundas + fibra alimentar para pelos brilhantes e digest\u00e3o saud\u00e1vel<\/p>\n<p>2: Frango + Leite de Cabra em P\u00f3 + F\u00edgado de Frango \u2014 Exclusivo para filhotes durante o desmame, imitando o leite materno para f\u00e1cil absor\u00e7\u00e3o.<\/p>\n<p>3: Carne + Cenoura + Ervilha \u2014 Pacote energ\u00e9tico de carne vermelha, a fonte de energia para c\u00e3es ativos.<\/p>\n<p>Nutri\u00e7\u00e3o profissional, precisamente adaptada \u00e0s necessidades caninas.<br \/>\nCondroitina natural (de f\u00edgado de galinha) + complexo mineral de zinco-cobre-mangan\u00eas<\/p>\n<p>Combina\u00e7\u00e3o de fibras de ab\u00f3bora e ervilha, um rem\u00e9dio para fezes moles.<\/p>\n<p>Cor caramelo + aroma natural de carne, at\u00e9 os c\u00e3es mais exigentes adoram!<\/p>","protected":false},"featured_media":788,"template":"","meta":{"content-type":""},"product_brand":[],"product_cat":[14,121],"product_tag":[],"class_list":{"0":"post-786","1":"product","2":"type-product","3":"status-publish","4":"has-post-thumbnail","6":"product_cat-pet-food","7":"product_cat-wet-food","9":"first","10":"instock","11":"shipping-taxable","12":"product-type-simple"},"yoast_head":"<!-- This site is optimized with the Yoast SEO plugin v24.9 - https:\/\/yoast.com\/wordpress\/plugins\/seo\/ -->\n<title>Pet Snacks Wet Food Pack Nutritious Dog Snacks Adult Puppy Wet Food Nutrition Mousse Meat Puree Bulk 130g\/pack - Shandong Vest International Trade Co., Ltd.<\/title>\n<meta name=\"robots\" content=\"index, follow, max-snippet:-1, max-image-preview:large, max-video-preview:-1\" \/>\n<link rel=\"canonical\" href=\"https:\/\/vestpetproducts.com\/pt\/produto\/pet-snacks-wet-food-pack-nutritious-dog-snacks-adult-puppy-wet-food-nutrition-mousse-meat-puree-bulk-130g-pack\/\" \/>\n<meta property=\"og:locale\" content=\"pt_PT\" \/>\n<meta property=\"og:type\" content=\"article\" \/>\n<meta property=\"og:title\" content=\"Pet Snacks Wet Food Pack Nutritious Dog Snacks Adult Puppy Wet Food Nutrition Mousse Meat Puree Bulk 130g\/pack - Shandong Vest International Trade Co., Ltd.\" \/>\n<meta property=\"og:description\" content=\"Unit Weight\uff1b130g*pack  Flavor\uff1aChicken\u00a0 \u00a0Tuna\u00a0 Beef  &#x1f436;\u3010Luxury Meat Feast\u3011Three-in-One Nutritional Dog Wet Food Pack \u2014 The Ultimate Solution for Picky Eaters! &#x1f356; Real ingredients, with large chunks of meat visible! 1: Chicken + Tuna + Pumpkin \u2014 Deep-sea fish oil + dietary fibre for shiny fur and healthy digestion  2: Chicken + Goat Milk Powder + Chicken Liver \u2014 Exclusive for puppies during weaning, mimicking mother&#039;s milk for easy absorption  3: Beef + Carrot + Pea \u2014 Red meat energy pack, the charging station for active dogs  Professional nutrition, precisely tailored to canine needs Natural chondroitin (from chicken liver) + zinc-copper-manganese mineral complex  Pumpkin + pea fibre combination, a remedy for soft stools  Caramel colour + natural meat aroma, even the pickiest dogs go wild for it\" \/>\n<meta property=\"og:url\" content=\"https:\/\/vestpetproducts.com\/pt\/produto\/pet-snacks-wet-food-pack-nutritious-dog-snacks-adult-puppy-wet-food-nutrition-mousse-meat-puree-bulk-130g-pack\/\" \/>\n<meta property=\"og:site_name\" content=\"Shandong Vest International Trade Co., Ltd.\" \/>\n<meta property=\"article:modified_time\" content=\"2025-08-12T07:50:22+00:00\" \/>\n<meta property=\"og:image\" content=\"https:\/\/vestpetproducts.com\/wp-content\/uploads\/2025\/07\/1-7-scaled.png\" \/>\n\t<meta property=\"og:image:width\" content=\"2560\" \/>\n\t<meta property=\"og:image:height\" content=\"2560\" \/>\n\t<meta property=\"og:image:type\" content=\"image\/png\" \/>\n<meta name=\"twitter:card\" content=\"summary_large_image\" \/>\n<meta name=\"twitter:label1\" content=\"Tempo estimado de leitura\" \/>\n\t<meta name=\"twitter:data1\" content=\"2 minutos\" \/>\n<script type=\"application\/ld+json\" class=\"yoast-schema-graph\">{\"@context\":\"https:\/\/schema.org\",\"@graph\":[{\"@type\":\"WebPage\",\"@id\":\"https:\/\/vestpetproducts.com\/product\/pet-snacks-wet-food-pack-nutritious-dog-snacks-adult-puppy-wet-food-nutrition-mousse-meat-puree-bulk-130g-pack\/\",\"url\":\"https:\/\/vestpetproducts.com\/product\/pet-snacks-wet-food-pack-nutritious-dog-snacks-adult-puppy-wet-food-nutrition-mousse-meat-puree-bulk-130g-pack\/\",\"name\":\"Pet Snacks Wet Food Pack Nutritious Dog Snacks Adult Puppy Wet Food Nutrition Mousse Meat Puree Bulk 130g\/pack - Shandong Vest International Trade Co., Ltd.\",\"isPartOf\":{\"@id\":\"https:\/\/vestpetproducts.com\/#website\"},\"primaryImageOfPage\":{\"@id\":\"https:\/\/vestpetproducts.com\/product\/pet-snacks-wet-food-pack-nutritious-dog-snacks-adult-puppy-wet-food-nutrition-mousse-meat-puree-bulk-130g-pack\/#primaryimage\"},\"image\":{\"@id\":\"https:\/\/vestpetproducts.com\/product\/pet-snacks-wet-food-pack-nutritious-dog-snacks-adult-puppy-wet-food-nutrition-mousse-meat-puree-bulk-130g-pack\/#primaryimage\"},\"thumbnailUrl\":\"https:\/\/vestpetproducts.com\/wp-content\/uploads\/2025\/07\/1-7-scaled.png\",\"datePublished\":\"2025-07-17T08:12:56+00:00\",\"dateModified\":\"2025-08-12T07:50:22+00:00\",\"breadcrumb\":{\"@id\":\"https:\/\/vestpetproducts.com\/product\/pet-snacks-wet-food-pack-nutritious-dog-snacks-adult-puppy-wet-food-nutrition-mousse-meat-puree-bulk-130g-pack\/#breadcrumb\"},\"inLanguage\":\"pt-PT\",\"potentialAction\":[{\"@type\":\"ReadAction\",\"target\":[\"https:\/\/vestpetproducts.com\/product\/pet-snacks-wet-food-pack-nutritious-dog-snacks-adult-puppy-wet-food-nutrition-mousse-meat-puree-bulk-130g-pack\/\"]}]},{\"@type\":\"ImageObject\",\"inLanguage\":\"pt-PT\",\"@id\":\"https:\/\/vestpetproducts.com\/product\/pet-snacks-wet-food-pack-nutritious-dog-snacks-adult-puppy-wet-food-nutrition-mousse-meat-puree-bulk-130g-pack\/#primaryimage\",\"url\":\"https:\/\/vestpetproducts.com\/wp-content\/uploads\/2025\/07\/1-7-scaled.png\",\"contentUrl\":\"https:\/\/vestpetproducts.com\/wp-content\/uploads\/2025\/07\/1-7-scaled.png\",\"width\":2560,\"height\":2560},{\"@type\":\"BreadcrumbList\",\"@id\":\"https:\/\/vestpetproducts.com\/product\/pet-snacks-wet-food-pack-nutritious-dog-snacks-adult-puppy-wet-food-nutrition-mousse-meat-puree-bulk-130g-pack\/#breadcrumb\",\"itemListElement\":[{\"@type\":\"ListItem\",\"position\":1,\"name\":\"\u9996\u9875\",\"item\":\"https:\/\/vestpetproducts.com\/\"},{\"@type\":\"ListItem\",\"position\":2,\"name\":\"Product\",\"item\":\"https:\/\/vestpetproducts.com\/product\/\"},{\"@type\":\"ListItem\",\"position\":3,\"name\":\"Pet Snacks Wet Food Pack Nutritious Dog Snacks Adult Puppy Wet Food Nutrition Mousse Meat Puree Bulk 130g\/pack\"}]},{\"@type\":\"WebSite\",\"@id\":\"https:\/\/vestpetproducts.com\/#website\",\"url\":\"https:\/\/vestpetproducts.com\/\",\"name\":\"Shandong Vest International Trade Co., Ltd.\",\"description\":\"Shandong Vest International Trade Co., Ltd.\",\"potentialAction\":[{\"@type\":\"SearchAction\",\"target\":{\"@type\":\"EntryPoint\",\"urlTemplate\":\"https:\/\/vestpetproducts.com\/?s={search_term_string}\"},\"query-input\":{\"@type\":\"PropertyValueSpecification\",\"valueRequired\":true,\"valueName\":\"search_term_string\"}}],\"inLanguage\":\"pt-PT\"}]}<\/script>\n<!-- \/ Yoast SEO plugin. -->","yoast_head_json":{"title":"Pet Snacks Wet Food Pack Nutritious Dog Snacks Adult Puppy Wet Food Nutrition Mousse Meat Puree Bulk 130g\/pack - Shandong Vest International Trade Co., Ltd.","robots":{"index":"index","follow":"follow","max-snippet":"max-snippet:-1","max-image-preview":"max-image-preview:large","max-video-preview":"max-video-preview:-1"},"canonical":"https:\/\/vestpetproducts.com\/pt\/produto\/pet-snacks-wet-food-pack-nutritious-dog-snacks-adult-puppy-wet-food-nutrition-mousse-meat-puree-bulk-130g-pack\/","og_locale":"pt_PT","og_type":"article","og_title":"Pet Snacks Wet Food Pack Nutritious Dog Snacks Adult Puppy Wet Food Nutrition Mousse Meat Puree Bulk 130g\/pack - Shandong Vest International Trade Co., Ltd.","og_description":"Unit Weight\uff1b130g*pack  Flavor\uff1aChicken\u00a0 \u00a0Tuna\u00a0 Beef  &#x1f436;\u3010Luxury Meat Feast\u3011Three-in-One Nutritional Dog Wet Food Pack \u2014 The Ultimate Solution for Picky Eaters! &#x1f356; Real ingredients, with large chunks of meat visible! 1: Chicken + Tuna + Pumpkin \u2014 Deep-sea fish oil + dietary fibre for shiny fur and healthy digestion  2: Chicken + Goat Milk Powder + Chicken Liver \u2014 Exclusive for puppies during weaning, mimicking mother's milk for easy absorption  3: Beef + Carrot + Pea \u2014 Red meat energy pack, the charging station for active dogs  Professional nutrition, precisely tailored to canine needs Natural chondroitin (from chicken liver) + zinc-copper-manganese mineral complex  Pumpkin + pea fibre combination, a remedy for soft stools  Caramel colour + natural meat aroma, even the pickiest dogs go wild for it","og_url":"https:\/\/vestpetproducts.com\/pt\/produto\/pet-snacks-wet-food-pack-nutritious-dog-snacks-adult-puppy-wet-food-nutrition-mousse-meat-puree-bulk-130g-pack\/","og_site_name":"Shandong Vest International Trade Co., Ltd.","article_modified_time":"2025-08-12T07:50:22+00:00","og_image":[{"width":2560,"height":2560,"url":"https:\/\/vestpetproducts.com\/wp-content\/uploads\/2025\/07\/1-7-scaled.png","type":"image\/png"}],"twitter_card":"summary_large_image","twitter_misc":{"Tempo estimado de leitura":"2 minutos"},"schema":{"@context":"https:\/\/schema.org","@graph":[{"@type":"WebPage","@id":"https:\/\/vestpetproducts.com\/product\/pet-snacks-wet-food-pack-nutritious-dog-snacks-adult-puppy-wet-food-nutrition-mousse-meat-puree-bulk-130g-pack\/","url":"https:\/\/vestpetproducts.com\/product\/pet-snacks-wet-food-pack-nutritious-dog-snacks-adult-puppy-wet-food-nutrition-mousse-meat-puree-bulk-130g-pack\/","name":"Pet Snacks Wet Food Pack Nutritious Dog Snacks Adult Puppy Wet Food Nutrition Mousse Meat Puree Bulk 130g\/pack - Shandong Vest International Trade Co., Ltd.","isPartOf":{"@id":"https:\/\/vestpetproducts.com\/#website"},"primaryImageOfPage":{"@id":"https:\/\/vestpetproducts.com\/product\/pet-snacks-wet-food-pack-nutritious-dog-snacks-adult-puppy-wet-food-nutrition-mousse-meat-puree-bulk-130g-pack\/#primaryimage"},"image":{"@id":"https:\/\/vestpetproducts.com\/product\/pet-snacks-wet-food-pack-nutritious-dog-snacks-adult-puppy-wet-food-nutrition-mousse-meat-puree-bulk-130g-pack\/#primaryimage"},"thumbnailUrl":"https:\/\/vestpetproducts.com\/wp-content\/uploads\/2025\/07\/1-7-scaled.png","datePublished":"2025-07-17T08:12:56+00:00","dateModified":"2025-08-12T07:50:22+00:00","breadcrumb":{"@id":"https:\/\/vestpetproducts.com\/product\/pet-snacks-wet-food-pack-nutritious-dog-snacks-adult-puppy-wet-food-nutrition-mousse-meat-puree-bulk-130g-pack\/#breadcrumb"},"inLanguage":"pt-PT","potentialAction":[{"@type":"ReadAction","target":["https:\/\/vestpetproducts.com\/product\/pet-snacks-wet-food-pack-nutritious-dog-snacks-adult-puppy-wet-food-nutrition-mousse-meat-puree-bulk-130g-pack\/"]}]},{"@type":"ImageObject","inLanguage":"pt-PT","@id":"https:\/\/vestpetproducts.com\/product\/pet-snacks-wet-food-pack-nutritious-dog-snacks-adult-puppy-wet-food-nutrition-mousse-meat-puree-bulk-130g-pack\/#primaryimage","url":"https:\/\/vestpetproducts.com\/wp-content\/uploads\/2025\/07\/1-7-scaled.png","contentUrl":"https:\/\/vestpetproducts.com\/wp-content\/uploads\/2025\/07\/1-7-scaled.png","width":2560,"height":2560},{"@type":"BreadcrumbList","@id":"https:\/\/vestpetproducts.com\/product\/pet-snacks-wet-food-pack-nutritious-dog-snacks-adult-puppy-wet-food-nutrition-mousse-meat-puree-bulk-130g-pack\/#breadcrumb","itemListElement":[{"@type":"ListItem","position":1,"name":"\u9996\u9875","item":"https:\/\/vestpetproducts.com\/"},{"@type":"ListItem","position":2,"name":"Product","item":"https:\/\/vestpetproducts.com\/product\/"},{"@type":"ListItem","position":3,"name":"Pet Snacks Wet Food Pack Nutritious Dog Snacks Adult Puppy Wet Food Nutrition Mousse Meat Puree Bulk 130g\/pack"}]},{"@type":"WebSite","@id":"https:\/\/vestpetproducts.com\/#website","url":"https:\/\/vestpetproducts.com\/","name":"Shandong Vest International Trade Co., Ltd.","description":"Shandong Vest International Trade Co., Ltd.","potentialAction":[{"@type":"SearchAction","target":{"@type":"EntryPoint","urlTemplate":"https:\/\/vestpetproducts.com\/?s={search_term_string}"},"query-input":{"@type":"PropertyValueSpecification","valueRequired":true,"valueName":"search_term_string"}}],"inLanguage":"pt-PT"}]}},"_links":{"self":[{"href":"https:\/\/vestpetproducts.com\/pt\/wp-json\/wp\/v2\/product\/786","targetHints":{"allow":["GET"]}}],"collection":[{"href":"https:\/\/vestpetproducts.com\/pt\/wp-json\/wp\/v2\/product"}],"about":[{"href":"https:\/\/vestpetproducts.com\/pt\/wp-json\/wp\/v2\/types\/product"}],"wp:featuredmedia":[{"embeddable":true,"href":"https:\/\/vestpetproducts.com\/pt\/wp-json\/wp\/v2\/media\/788"}],"wp:attachment":[{"href":"https:\/\/vestpetproducts.com\/pt\/wp-json\/wp\/v2\/media?parent=786"}],"wp:term":[{"taxonomy":"product_brand","embeddable":true,"href":"https:\/\/vestpetproducts.com\/pt\/wp-json\/wp\/v2\/product_brand?post=786"},{"taxonomy":"product_cat","embeddable":true,"href":"https:\/\/vestpetproducts.com\/pt\/wp-json\/wp\/v2\/product_cat?post=786"},{"taxonomy":"product_tag","embeddable":true,"href":"https:\/\/vestpetproducts.com\/pt\/wp-json\/wp\/v2\/product_tag?post=786"}],"curies":[{"name":"wp","href":"https:\/\/api.w.org\/{rel}","templated":true}]}}