{"id":750,"date":"2025-07-17T07:42:15","date_gmt":"2025-07-17T07:42:15","guid":{"rendered":"https:\/\/vestpetproducts.com\/?post_type=product&#038;p=750"},"modified":"2025-08-12T08:14:19","modified_gmt":"2025-08-12T08:14:19","slug":"factory-wholesale-85g-pet-snacks-english-packaging-wet-food-cat-snacks-support-export-cat-red-meat-wet-food-package","status":"publish","type":"product","link":"https:\/\/vestpetproducts.com\/pt\/produto\/factory-wholesale-85g-pet-snacks-english-packaging-wet-food-cat-snacks-support-export-cat-red-meat-wet-food-package\/","title":{"rendered":"F\u00e1brica de atacado 85g Petiscos para animais de estima\u00e7\u00e3o Embalagem em ingl\u00eas Comida \u00famida para gatos Suporte para exporta\u00e7\u00e3o Pacote de comida \u00famida para gatos com carne vermelha"},"content":{"rendered":"<p><img loading=\"lazy\" decoding=\"async\" class=\"aligncenter size-full wp-image-756\" src=\"http:\/\/vestpetproducts.com\/wp-content\/uploads\/2025\/07\/85g\u7ea2\u8089\u6e7f\u7cae\u5305\u8be6\u60c5\u888b\u88c5_01.jpg\" alt=\"\" width=\"750\" height=\"605\" srcset=\"https:\/\/vestpetproducts.com\/wp-content\/uploads\/2025\/07\/85g\u7ea2\u8089\u6e7f\u7cae\u5305\u8be6\u60c5\u888b\u88c5_01.jpg 750w, https:\/\/vestpetproducts.com\/wp-content\/uploads\/2025\/07\/85g\u7ea2\u8089\u6e7f\u7cae\u5305\u8be6\u60c5\u888b\u88c5_01-500x403.jpg 500w, https:\/\/vestpetproducts.com\/wp-content\/uploads\/2025\/07\/85g\u7ea2\u8089\u6e7f\u7cae\u5305\u8be6\u60c5\u888b\u88c5_01-300x242.jpg 300w, https:\/\/vestpetproducts.com\/wp-content\/uploads\/2025\/07\/85g\u7ea2\u8089\u6e7f\u7cae\u5305\u8be6\u60c5\u888b\u88c5_01-15x12.jpg 15w, https:\/\/vestpetproducts.com\/wp-content\/uploads\/2025\/07\/85g\u7ea2\u8089\u6e7f\u7cae\u5305\u8be6\u60c5\u888b\u88c5_01-93x75.jpg 93w, https:\/\/vestpetproducts.com\/wp-content\/uploads\/2025\/07\/85g\u7ea2\u8089\u6e7f\u7cae\u5305\u8be6\u60c5\u888b\u88c5_01-480x387.jpg 480w\" sizes=\"auto, (max-width:767px) 480px, 750px\" \/> <img loading=\"lazy\" decoding=\"async\" class=\"aligncenter size-full wp-image-757\" src=\"http:\/\/vestpetproducts.com\/wp-content\/uploads\/2025\/07\/85g\u7ea2\u8089\u6e7f\u7cae\u5305\u8be6\u60c5\u888b\u88c5_02.jpg\" alt=\"\" width=\"750\" height=\"547\" srcset=\"https:\/\/vestpetproducts.com\/wp-content\/uploads\/2025\/07\/85g\u7ea2\u8089\u6e7f\u7cae\u5305\u8be6\u60c5\u888b\u88c5_02.jpg 750w, https:\/\/vestpetproducts.com\/wp-content\/uploads\/2025\/07\/85g\u7ea2\u8089\u6e7f\u7cae\u5305\u8be6\u60c5\u888b\u88c5_02-500x365.jpg 500w, https:\/\/vestpetproducts.com\/wp-content\/uploads\/2025\/07\/85g\u7ea2\u8089\u6e7f\u7cae\u5305\u8be6\u60c5\u888b\u88c5_02-300x219.jpg 300w, https:\/\/vestpetproducts.com\/wp-content\/uploads\/2025\/07\/85g\u7ea2\u8089\u6e7f\u7cae\u5305\u8be6\u60c5\u888b\u88c5_02-16x12.jpg 16w, https:\/\/vestpetproducts.com\/wp-content\/uploads\/2025\/07\/85g\u7ea2\u8089\u6e7f\u7cae\u5305\u8be6\u60c5\u888b\u88c5_02-103x75.jpg 103w, https:\/\/vestpetproducts.com\/wp-content\/uploads\/2025\/07\/85g\u7ea2\u8089\u6e7f\u7cae\u5305\u8be6\u60c5\u888b\u88c5_02-480x350.jpg 480w\" sizes=\"auto, (max-width:767px) 480px, 750px\" \/> <img loading=\"lazy\" decoding=\"async\" class=\"aligncenter size-full wp-image-758\" src=\"http:\/\/vestpetproducts.com\/wp-content\/uploads\/2025\/07\/85g\u7ea2\u8089\u6e7f\u7cae\u5305\u8be6\u60c5\u888b\u88c5_04.jpg\" alt=\"\" width=\"750\" height=\"763\" srcset=\"https:\/\/vestpetproducts.com\/wp-content\/uploads\/2025\/07\/85g\u7ea2\u8089\u6e7f\u7cae\u5305\u8be6\u60c5\u888b\u88c5_04.jpg 750w, https:\/\/vestpetproducts.com\/wp-content\/uploads\/2025\/07\/85g\u7ea2\u8089\u6e7f\u7cae\u5305\u8be6\u60c5\u888b\u88c5_04-491x500.jpg 491w, https:\/\/vestpetproducts.com\/wp-content\/uploads\/2025\/07\/85g\u7ea2\u8089\u6e7f\u7cae\u5305\u8be6\u60c5\u888b\u88c5_04-295x300.jpg 295w, https:\/\/vestpetproducts.com\/wp-content\/uploads\/2025\/07\/85g\u7ea2\u8089\u6e7f\u7cae\u5305\u8be6\u60c5\u888b\u88c5_04-12x12.jpg 12w, https:\/\/vestpetproducts.com\/wp-content\/uploads\/2025\/07\/85g\u7ea2\u8089\u6e7f\u7cae\u5305\u8be6\u60c5\u888b\u88c5_04-74x75.jpg 74w, https:\/\/vestpetproducts.com\/wp-content\/uploads\/2025\/07\/85g\u7ea2\u8089\u6e7f\u7cae\u5305\u8be6\u60c5\u888b\u88c5_04-480x488.jpg 480w\" sizes=\"auto, (max-width:767px) 480px, 750px\" \/> <img loading=\"lazy\" decoding=\"async\" class=\"aligncenter wp-image-761\" src=\"http:\/\/vestpetproducts.com\/wp-content\/uploads\/2025\/07\/85g\u7ea2\u8089\u6e7f\u7cae\u5305\u8be6\u60c5\u888b\u88c5_06-1.jpg\" alt=\"\" width=\"735\" height=\"798\" srcset=\"https:\/\/vestpetproducts.com\/wp-content\/uploads\/2025\/07\/85g\u7ea2\u8089\u6e7f\u7cae\u5305\u8be6\u60c5\u888b\u88c5_06-1.jpg 1562w, https:\/\/vestpetproducts.com\/wp-content\/uploads\/2025\/07\/85g\u7ea2\u8089\u6e7f\u7cae\u5305\u8be6\u60c5\u888b\u88c5_06-1-460x500.jpg 460w, https:\/\/vestpetproducts.com\/wp-content\/uploads\/2025\/07\/85g\u7ea2\u8089\u6e7f\u7cae\u5305\u8be6\u60c5\u888b\u88c5_06-1-1105x1200.jpg 1105w, https:\/\/vestpetproducts.com\/wp-content\/uploads\/2025\/07\/85g\u7ea2\u8089\u6e7f\u7cae\u5305\u8be6\u60c5\u888b\u88c5_06-1-276x300.jpg 276w, https:\/\/vestpetproducts.com\/wp-content\/uploads\/2025\/07\/85g\u7ea2\u8089\u6e7f\u7cae\u5305\u8be6\u60c5\u888b\u88c5_06-1-768x834.jpg 768w, https:\/\/vestpetproducts.com\/wp-content\/uploads\/2025\/07\/85g\u7ea2\u8089\u6e7f\u7cae\u5305\u8be6\u60c5\u888b\u88c5_06-1-1415x1536.jpg 1415w, https:\/\/vestpetproducts.com\/wp-content\/uploads\/2025\/07\/85g\u7ea2\u8089\u6e7f\u7cae\u5305\u8be6\u60c5\u888b\u88c5_06-1-11x12.jpg 11w, https:\/\/vestpetproducts.com\/wp-content\/uploads\/2025\/07\/85g\u7ea2\u8089\u6e7f\u7cae\u5305\u8be6\u60c5\u888b\u88c5_06-1-69x75.jpg 69w, https:\/\/vestpetproducts.com\/wp-content\/uploads\/2025\/07\/85g\u7ea2\u8089\u6e7f\u7cae\u5305\u8be6\u60c5\u888b\u88c5_06-1-480x521.jpg 480w, https:\/\/vestpetproducts.com\/wp-content\/uploads\/2025\/07\/85g\u7ea2\u8089\u6e7f\u7cae\u5305\u8be6\u60c5\u888b\u88c5_06-1-800x869.jpg 800w\" sizes=\"auto, (max-width:767px) 480px, 735px\" \/><img loading=\"lazy\" decoding=\"async\" class=\"aligncenter wp-image-374\" src=\"http:\/\/vestpetproducts.com\/wp-content\/uploads\/2025\/07\/\u5fae\u4fe1\u56fe\u7247_20250715165725.jpg\" alt=\"\" width=\"766\" height=\"766\" srcset=\"https:\/\/vestpetproducts.com\/wp-content\/uploads\/2025\/07\/\u5fae\u4fe1\u56fe\u7247_20250715165725.jpg 800w, https:\/\/vestpetproducts.com\/wp-content\/uploads\/2025\/07\/\u5fae\u4fe1\u56fe\u7247_20250715165725-500x500.jpg 500w, https:\/\/vestpetproducts.com\/wp-content\/uploads\/2025\/07\/\u5fae\u4fe1\u56fe\u7247_20250715165725-300x300.jpg 300w, https:\/\/vestpetproducts.com\/wp-content\/uploads\/2025\/07\/\u5fae\u4fe1\u56fe\u7247_20250715165725-768x768.jpg 768w, https:\/\/vestpetproducts.com\/wp-content\/uploads\/2025\/07\/\u5fae\u4fe1\u56fe\u7247_20250715165725-12x12.jpg 12w, https:\/\/vestpetproducts.com\/wp-content\/uploads\/2025\/07\/\u5fae\u4fe1\u56fe\u7247_20250715165725-150x150.jpg 150w, https:\/\/vestpetproducts.com\/wp-content\/uploads\/2025\/07\/\u5fae\u4fe1\u56fe\u7247_20250715165725-75x75.jpg 75w, https:\/\/vestpetproducts.com\/wp-content\/uploads\/2025\/07\/\u5fae\u4fe1\u56fe\u7247_20250715165725-480x480.jpg 480w\" sizes=\"auto, (max-width:767px) 480px, 766px\" \/><img loading=\"lazy\" decoding=\"async\" class=\"aligncenter wp-image-376\" src=\"http:\/\/vestpetproducts.com\/wp-content\/uploads\/2025\/07\/\u5fae\u4fe1\u56fe\u7247_20250715165719.jpg\" alt=\"\" width=\"680\" height=\"680\" srcset=\"https:\/\/vestpetproducts.com\/wp-content\/uploads\/2025\/07\/\u5fae\u4fe1\u56fe\u7247_20250715165719.jpg 1200w, https:\/\/vestpetproducts.com\/wp-content\/uploads\/2025\/07\/\u5fae\u4fe1\u56fe\u7247_20250715165719-500x500.jpg 500w, https:\/\/vestpetproducts.com\/wp-content\/uploads\/2025\/07\/\u5fae\u4fe1\u56fe\u7247_20250715165719-300x300.jpg 300w, https:\/\/vestpetproducts.com\/wp-content\/uploads\/2025\/07\/\u5fae\u4fe1\u56fe\u7247_20250715165719-768x768.jpg 768w, https:\/\/vestpetproducts.com\/wp-content\/uploads\/2025\/07\/\u5fae\u4fe1\u56fe\u7247_20250715165719-12x12.jpg 12w, https:\/\/vestpetproducts.com\/wp-content\/uploads\/2025\/07\/\u5fae\u4fe1\u56fe\u7247_20250715165719-150x150.jpg 150w, https:\/\/vestpetproducts.com\/wp-content\/uploads\/2025\/07\/\u5fae\u4fe1\u56fe\u7247_20250715165719-75x75.jpg 75w, https:\/\/vestpetproducts.com\/wp-content\/uploads\/2025\/07\/\u5fae\u4fe1\u56fe\u7247_20250715165719-480x480.jpg 480w, https:\/\/vestpetproducts.com\/wp-content\/uploads\/2025\/07\/\u5fae\u4fe1\u56fe\u7247_20250715165719-800x800.jpg 800w\" sizes=\"auto, (max-width:767px) 480px, 680px\" \/><\/p>\n<p><img loading=\"lazy\" decoding=\"async\" class=\"wp-image-391 aligncenter\" src=\"http:\/\/vestpetproducts.com\/wp-content\/uploads\/2025\/07\/\u8d44\u8d28\u8bc1\u4e66\u5c55\u793a.jpg\" alt=\"\" width=\"730\" height=\"814\" srcset=\"https:\/\/vestpetproducts.com\/wp-content\/uploads\/2025\/07\/\u8d44\u8d28\u8bc1\u4e66\u5c55\u793a.jpg 918w, https:\/\/vestpetproducts.com\/wp-content\/uploads\/2025\/07\/\u8d44\u8d28\u8bc1\u4e66\u5c55\u793a-448x500.jpg 448w, https:\/\/vestpetproducts.com\/wp-content\/uploads\/2025\/07\/\u8d44\u8d28\u8bc1\u4e66\u5c55\u793a-269x300.jpg 269w, https:\/\/vestpetproducts.com\/wp-content\/uploads\/2025\/07\/\u8d44\u8d28\u8bc1\u4e66\u5c55\u793a-768x857.jpg 768w, https:\/\/vestpetproducts.com\/wp-content\/uploads\/2025\/07\/\u8d44\u8d28\u8bc1\u4e66\u5c55\u793a-11x12.jpg 11w, https:\/\/vestpetproducts.com\/wp-content\/uploads\/2025\/07\/\u8d44\u8d28\u8bc1\u4e66\u5c55\u793a-67x75.jpg 67w, https:\/\/vestpetproducts.com\/wp-content\/uploads\/2025\/07\/\u8d44\u8d28\u8bc1\u4e66\u5c55\u793a-480x535.jpg 480w, https:\/\/vestpetproducts.com\/wp-content\/uploads\/2025\/07\/\u8d44\u8d28\u8bc1\u4e66\u5c55\u793a-800x892.jpg 800w\" sizes=\"auto, (max-width:767px) 480px, 730px\" \/><\/p>\n<p>&nbsp;<\/p>\n<p><img loading=\"lazy\" decoding=\"async\" class=\"aligncenter wp-image-379\" src=\"http:\/\/vestpetproducts.com\/wp-content\/uploads\/2025\/07\/\u5fae\u4fe1\u56fe\u7247_20250715165659.jpg\" alt=\"\" width=\"728\" height=\"1056\" srcset=\"https:\/\/vestpetproducts.com\/wp-content\/uploads\/2025\/07\/\u5fae\u4fe1\u56fe\u7247_20250715165659.jpg 803w, https:\/\/vestpetproducts.com\/wp-content\/uploads\/2025\/07\/\u5fae\u4fe1\u56fe\u7247_20250715165659-345x500.jpg 345w, https:\/\/vestpetproducts.com\/wp-content\/uploads\/2025\/07\/\u5fae\u4fe1\u56fe\u7247_20250715165659-207x300.jpg 207w, https:\/\/vestpetproducts.com\/wp-content\/uploads\/2025\/07\/\u5fae\u4fe1\u56fe\u7247_20250715165659-768x1114.jpg 768w, https:\/\/vestpetproducts.com\/wp-content\/uploads\/2025\/07\/\u5fae\u4fe1\u56fe\u7247_20250715165659-8x12.jpg 8w, https:\/\/vestpetproducts.com\/wp-content\/uploads\/2025\/07\/\u5fae\u4fe1\u56fe\u7247_20250715165659-52x75.jpg 52w, https:\/\/vestpetproducts.com\/wp-content\/uploads\/2025\/07\/\u5fae\u4fe1\u56fe\u7247_20250715165659-480x696.jpg 480w, https:\/\/vestpetproducts.com\/wp-content\/uploads\/2025\/07\/\u5fae\u4fe1\u56fe\u7247_20250715165659-800x1161.jpg 800w\" sizes=\"auto, (max-width:767px) 480px, 728px\" \/><\/p>","protected":false},"excerpt":{"rendered":"<p>Peso unit\u00e1rio: 85g*pacote<\/p>\n<p>Sabor: frango + atum, salm\u00e3o + cavala<\/p>\n<p>Sach\u00eas de comida \u00famida premium de carne vermelha para gatos<\/p>\n<p>Satisfa\u00e7a os desejos naturais do seu felino com nossas embalagens de ra\u00e7\u00e3o \u00famida para carne vermelha, ricas em prote\u00ednas e sem gr\u00e3os, elaboradas para oferecer os sabores ricos e carnudos que os gatos adoram instintivamente. Feitas com prote\u00ednas animais reais e enriquecidas com vitaminas e minerais essenciais, cada embalagem fornece nutri\u00e7\u00e3o completa e balanceada para gatos adultos de todas as ra\u00e7as e fases da vida.<\/p>\n<p>Principais benef\u00edcios:<br \/>\n\u2714 F\u00f3rmula rica em prote\u00ednas \u2013 Auxilia na manuten\u00e7\u00e3o da massa muscular magra e na energia<br \/>\n\u2714 Sem gr\u00e3os e baixo teor de carboidratos \u2013 Ideal para gatos com digest\u00e3o sens\u00edvel<br \/>\n\u2714 Ingredientes naturais \u2013 Sem corantes, aromatizantes ou conservantes artificiais<br \/>\n\u2714 Suporte de hidrata\u00e7\u00e3o \u2013 Alto teor de umidade promove a sa\u00fade urin\u00e1ria<br \/>\n\u2714 Sach\u00eas pr\u00e1ticos para servir individualmente \u2013 f\u00e1ceis de servir, sem sobras que podem fazer bagun\u00e7a<\/p>","protected":false},"featured_media":751,"template":"","meta":{"content-type":""},"product_brand":[],"product_cat":[14,121],"product_tag":[],"class_list":{"0":"post-750","1":"product","2":"type-product","3":"status-publish","4":"has-post-thumbnail","6":"product_cat-pet-food","7":"product_cat-wet-food","9":"first","10":"instock","11":"shipping-taxable","12":"product-type-simple"},"yoast_head":"<!-- This site is optimized with the Yoast SEO plugin v24.9 - https:\/\/yoast.com\/wordpress\/plugins\/seo\/ -->\n<title>Factory Wholesale 85g Pet Snacks English Packaging Wet Food Cat Snacks Support Export Cat Red Meat Wet Food Package - Shandong Vest International Trade Co., Ltd.<\/title>\n<meta name=\"robots\" content=\"index, follow, max-snippet:-1, max-image-preview:large, max-video-preview:-1\" \/>\n<link rel=\"canonical\" href=\"https:\/\/vestpetproducts.com\/pt\/produto\/factory-wholesale-85g-pet-snacks-english-packaging-wet-food-cat-snacks-support-export-cat-red-meat-wet-food-package\/\" \/>\n<meta property=\"og:locale\" content=\"pt_PT\" \/>\n<meta property=\"og:type\" content=\"article\" \/>\n<meta property=\"og:title\" content=\"Factory Wholesale 85g Pet Snacks English Packaging Wet Food Cat Snacks Support Export Cat Red Meat Wet Food Package - Shandong Vest International Trade Co., Ltd.\" \/>\n<meta property=\"og:description\" content=\"Unit Weight\uff1a85g*pack  Flavor\uff1a\u00a0 chicken+tuna\u00a0 Salmon+mackerel  Premium Red Meat Wet Food Pouches for Cats  Indulge your feline\u2019s natural cravings with our high-protein, grain-free red meat wet food pouches\u2014crafted to deliver the rich, meaty flavors cats instinctively love. Made with real animal proteins and fortified with essential vitamins and minerals, each pouch provides complete and balanced nutrition for adult cats of all breeds and life stages.  Key Benefits: &#x2714; Protein-Rich Formula \u2013 Supports lean muscle maintenance and energy &#x2714; Grain-Free &amp; Low-Carb \u2013 Ideal for cats with sensitive digestion &#x2714; Natural Ingredients \u2013 No artificial colors, flavors, or preservatives &#x2714; Hydration Support \u2013 High moisture content promotes urinary health &#x2714; Convenient Single-Serve Pouches \u2013 Easy to serve, no messy leftovers\" \/>\n<meta property=\"og:url\" content=\"https:\/\/vestpetproducts.com\/pt\/produto\/factory-wholesale-85g-pet-snacks-english-packaging-wet-food-cat-snacks-support-export-cat-red-meat-wet-food-package\/\" \/>\n<meta property=\"og:site_name\" content=\"Shandong Vest International Trade Co., Ltd.\" \/>\n<meta property=\"article:modified_time\" content=\"2025-08-12T08:14:19+00:00\" \/>\n<meta property=\"og:image\" content=\"https:\/\/vestpetproducts.com\/wp-content\/uploads\/2025\/07\/\u6cd5\u6069\u8d1d85g\u7ea2\u8089\u5305\u4e3b\u56fe-8.jpg\" \/>\n\t<meta property=\"og:image:width\" content=\"800\" \/>\n\t<meta property=\"og:image:height\" content=\"800\" \/>\n\t<meta property=\"og:image:type\" content=\"image\/jpeg\" \/>\n<meta name=\"twitter:card\" content=\"summary_large_image\" \/>\n<meta name=\"twitter:label1\" content=\"Tempo estimado de leitura\" \/>\n\t<meta name=\"twitter:data1\" content=\"2 minutos\" \/>\n<script type=\"application\/ld+json\" class=\"yoast-schema-graph\">{\"@context\":\"https:\/\/schema.org\",\"@graph\":[{\"@type\":\"WebPage\",\"@id\":\"https:\/\/vestpetproducts.com\/product\/factory-wholesale-85g-pet-snacks-english-packaging-wet-food-cat-snacks-support-export-cat-red-meat-wet-food-package\/\",\"url\":\"https:\/\/vestpetproducts.com\/product\/factory-wholesale-85g-pet-snacks-english-packaging-wet-food-cat-snacks-support-export-cat-red-meat-wet-food-package\/\",\"name\":\"Factory Wholesale 85g Pet Snacks English Packaging Wet Food Cat Snacks Support Export Cat Red Meat Wet Food Package - Shandong Vest International Trade Co., Ltd.\",\"isPartOf\":{\"@id\":\"https:\/\/vestpetproducts.com\/#website\"},\"primaryImageOfPage\":{\"@id\":\"https:\/\/vestpetproducts.com\/product\/factory-wholesale-85g-pet-snacks-english-packaging-wet-food-cat-snacks-support-export-cat-red-meat-wet-food-package\/#primaryimage\"},\"image\":{\"@id\":\"https:\/\/vestpetproducts.com\/product\/factory-wholesale-85g-pet-snacks-english-packaging-wet-food-cat-snacks-support-export-cat-red-meat-wet-food-package\/#primaryimage\"},\"thumbnailUrl\":\"https:\/\/vestpetproducts.com\/wp-content\/uploads\/2025\/07\/\u6cd5\u6069\u8d1d85g\u7ea2\u8089\u5305\u4e3b\u56fe-8.jpg\",\"datePublished\":\"2025-07-17T07:42:15+00:00\",\"dateModified\":\"2025-08-12T08:14:19+00:00\",\"breadcrumb\":{\"@id\":\"https:\/\/vestpetproducts.com\/product\/factory-wholesale-85g-pet-snacks-english-packaging-wet-food-cat-snacks-support-export-cat-red-meat-wet-food-package\/#breadcrumb\"},\"inLanguage\":\"pt-PT\",\"potentialAction\":[{\"@type\":\"ReadAction\",\"target\":[\"https:\/\/vestpetproducts.com\/product\/factory-wholesale-85g-pet-snacks-english-packaging-wet-food-cat-snacks-support-export-cat-red-meat-wet-food-package\/\"]}]},{\"@type\":\"ImageObject\",\"inLanguage\":\"pt-PT\",\"@id\":\"https:\/\/vestpetproducts.com\/product\/factory-wholesale-85g-pet-snacks-english-packaging-wet-food-cat-snacks-support-export-cat-red-meat-wet-food-package\/#primaryimage\",\"url\":\"https:\/\/vestpetproducts.com\/wp-content\/uploads\/2025\/07\/\u6cd5\u6069\u8d1d85g\u7ea2\u8089\u5305\u4e3b\u56fe-8.jpg\",\"contentUrl\":\"https:\/\/vestpetproducts.com\/wp-content\/uploads\/2025\/07\/\u6cd5\u6069\u8d1d85g\u7ea2\u8089\u5305\u4e3b\u56fe-8.jpg\",\"width\":800,\"height\":800},{\"@type\":\"BreadcrumbList\",\"@id\":\"https:\/\/vestpetproducts.com\/product\/factory-wholesale-85g-pet-snacks-english-packaging-wet-food-cat-snacks-support-export-cat-red-meat-wet-food-package\/#breadcrumb\",\"itemListElement\":[{\"@type\":\"ListItem\",\"position\":1,\"name\":\"\u9996\u9875\",\"item\":\"https:\/\/vestpetproducts.com\/\"},{\"@type\":\"ListItem\",\"position\":2,\"name\":\"Product\",\"item\":\"https:\/\/vestpetproducts.com\/product\/\"},{\"@type\":\"ListItem\",\"position\":3,\"name\":\"Factory Wholesale 85g Pet Snacks English Packaging Wet Food Cat Snacks Support Export Cat Red Meat Wet Food Package\"}]},{\"@type\":\"WebSite\",\"@id\":\"https:\/\/vestpetproducts.com\/#website\",\"url\":\"https:\/\/vestpetproducts.com\/\",\"name\":\"Shandong Vest International Trade Co., Ltd.\",\"description\":\"Shandong Vest International Trade Co., Ltd.\",\"potentialAction\":[{\"@type\":\"SearchAction\",\"target\":{\"@type\":\"EntryPoint\",\"urlTemplate\":\"https:\/\/vestpetproducts.com\/?s={search_term_string}\"},\"query-input\":{\"@type\":\"PropertyValueSpecification\",\"valueRequired\":true,\"valueName\":\"search_term_string\"}}],\"inLanguage\":\"pt-PT\"}]}<\/script>\n<!-- \/ Yoast SEO plugin. -->","yoast_head_json":{"title":"Factory Wholesale 85g Pet Snacks English Packaging Wet Food Cat Snacks Support Export Cat Red Meat Wet Food Package - Shandong Vest International Trade Co., Ltd.","robots":{"index":"index","follow":"follow","max-snippet":"max-snippet:-1","max-image-preview":"max-image-preview:large","max-video-preview":"max-video-preview:-1"},"canonical":"https:\/\/vestpetproducts.com\/pt\/produto\/factory-wholesale-85g-pet-snacks-english-packaging-wet-food-cat-snacks-support-export-cat-red-meat-wet-food-package\/","og_locale":"pt_PT","og_type":"article","og_title":"Factory Wholesale 85g Pet Snacks English Packaging Wet Food Cat Snacks Support Export Cat Red Meat Wet Food Package - Shandong Vest International Trade Co., Ltd.","og_description":"Unit Weight\uff1a85g*pack  Flavor\uff1a\u00a0 chicken+tuna\u00a0 Salmon+mackerel  Premium Red Meat Wet Food Pouches for Cats  Indulge your feline\u2019s natural cravings with our high-protein, grain-free red meat wet food pouches\u2014crafted to deliver the rich, meaty flavors cats instinctively love. Made with real animal proteins and fortified with essential vitamins and minerals, each pouch provides complete and balanced nutrition for adult cats of all breeds and life stages.  Key Benefits: &#x2714; Protein-Rich Formula \u2013 Supports lean muscle maintenance and energy &#x2714; Grain-Free &amp; Low-Carb \u2013 Ideal for cats with sensitive digestion &#x2714; Natural Ingredients \u2013 No artificial colors, flavors, or preservatives &#x2714; Hydration Support \u2013 High moisture content promotes urinary health &#x2714; Convenient Single-Serve Pouches \u2013 Easy to serve, no messy leftovers","og_url":"https:\/\/vestpetproducts.com\/pt\/produto\/factory-wholesale-85g-pet-snacks-english-packaging-wet-food-cat-snacks-support-export-cat-red-meat-wet-food-package\/","og_site_name":"Shandong Vest International Trade Co., Ltd.","article_modified_time":"2025-08-12T08:14:19+00:00","og_image":[{"width":800,"height":800,"url":"https:\/\/vestpetproducts.com\/wp-content\/uploads\/2025\/07\/\u6cd5\u6069\u8d1d85g\u7ea2\u8089\u5305\u4e3b\u56fe-8.jpg","type":"image\/jpeg"}],"twitter_card":"summary_large_image","twitter_misc":{"Tempo estimado de leitura":"2 minutos"},"schema":{"@context":"https:\/\/schema.org","@graph":[{"@type":"WebPage","@id":"https:\/\/vestpetproducts.com\/product\/factory-wholesale-85g-pet-snacks-english-packaging-wet-food-cat-snacks-support-export-cat-red-meat-wet-food-package\/","url":"https:\/\/vestpetproducts.com\/product\/factory-wholesale-85g-pet-snacks-english-packaging-wet-food-cat-snacks-support-export-cat-red-meat-wet-food-package\/","name":"Factory Wholesale 85g Pet Snacks English Packaging Wet Food Cat Snacks Support Export Cat Red Meat Wet Food Package - Shandong Vest International Trade Co., Ltd.","isPartOf":{"@id":"https:\/\/vestpetproducts.com\/#website"},"primaryImageOfPage":{"@id":"https:\/\/vestpetproducts.com\/product\/factory-wholesale-85g-pet-snacks-english-packaging-wet-food-cat-snacks-support-export-cat-red-meat-wet-food-package\/#primaryimage"},"image":{"@id":"https:\/\/vestpetproducts.com\/product\/factory-wholesale-85g-pet-snacks-english-packaging-wet-food-cat-snacks-support-export-cat-red-meat-wet-food-package\/#primaryimage"},"thumbnailUrl":"https:\/\/vestpetproducts.com\/wp-content\/uploads\/2025\/07\/\u6cd5\u6069\u8d1d85g\u7ea2\u8089\u5305\u4e3b\u56fe-8.jpg","datePublished":"2025-07-17T07:42:15+00:00","dateModified":"2025-08-12T08:14:19+00:00","breadcrumb":{"@id":"https:\/\/vestpetproducts.com\/product\/factory-wholesale-85g-pet-snacks-english-packaging-wet-food-cat-snacks-support-export-cat-red-meat-wet-food-package\/#breadcrumb"},"inLanguage":"pt-PT","potentialAction":[{"@type":"ReadAction","target":["https:\/\/vestpetproducts.com\/product\/factory-wholesale-85g-pet-snacks-english-packaging-wet-food-cat-snacks-support-export-cat-red-meat-wet-food-package\/"]}]},{"@type":"ImageObject","inLanguage":"pt-PT","@id":"https:\/\/vestpetproducts.com\/product\/factory-wholesale-85g-pet-snacks-english-packaging-wet-food-cat-snacks-support-export-cat-red-meat-wet-food-package\/#primaryimage","url":"https:\/\/vestpetproducts.com\/wp-content\/uploads\/2025\/07\/\u6cd5\u6069\u8d1d85g\u7ea2\u8089\u5305\u4e3b\u56fe-8.jpg","contentUrl":"https:\/\/vestpetproducts.com\/wp-content\/uploads\/2025\/07\/\u6cd5\u6069\u8d1d85g\u7ea2\u8089\u5305\u4e3b\u56fe-8.jpg","width":800,"height":800},{"@type":"BreadcrumbList","@id":"https:\/\/vestpetproducts.com\/product\/factory-wholesale-85g-pet-snacks-english-packaging-wet-food-cat-snacks-support-export-cat-red-meat-wet-food-package\/#breadcrumb","itemListElement":[{"@type":"ListItem","position":1,"name":"\u9996\u9875","item":"https:\/\/vestpetproducts.com\/"},{"@type":"ListItem","position":2,"name":"Product","item":"https:\/\/vestpetproducts.com\/product\/"},{"@type":"ListItem","position":3,"name":"Factory Wholesale 85g Pet Snacks English Packaging Wet Food Cat Snacks Support Export Cat Red Meat Wet Food Package"}]},{"@type":"WebSite","@id":"https:\/\/vestpetproducts.com\/#website","url":"https:\/\/vestpetproducts.com\/","name":"Shandong Vest International Trade Co., Ltd.","description":"Shandong Vest International Trade Co., Ltd.","potentialAction":[{"@type":"SearchAction","target":{"@type":"EntryPoint","urlTemplate":"https:\/\/vestpetproducts.com\/?s={search_term_string}"},"query-input":{"@type":"PropertyValueSpecification","valueRequired":true,"valueName":"search_term_string"}}],"inLanguage":"pt-PT"}]}},"_links":{"self":[{"href":"https:\/\/vestpetproducts.com\/pt\/wp-json\/wp\/v2\/product\/750","targetHints":{"allow":["GET"]}}],"collection":[{"href":"https:\/\/vestpetproducts.com\/pt\/wp-json\/wp\/v2\/product"}],"about":[{"href":"https:\/\/vestpetproducts.com\/pt\/wp-json\/wp\/v2\/types\/product"}],"wp:featuredmedia":[{"embeddable":true,"href":"https:\/\/vestpetproducts.com\/pt\/wp-json\/wp\/v2\/media\/751"}],"wp:attachment":[{"href":"https:\/\/vestpetproducts.com\/pt\/wp-json\/wp\/v2\/media?parent=750"}],"wp:term":[{"taxonomy":"product_brand","embeddable":true,"href":"https:\/\/vestpetproducts.com\/pt\/wp-json\/wp\/v2\/product_brand?post=750"},{"taxonomy":"product_cat","embeddable":true,"href":"https:\/\/vestpetproducts.com\/pt\/wp-json\/wp\/v2\/product_cat?post=750"},{"taxonomy":"product_tag","embeddable":true,"href":"https:\/\/vestpetproducts.com\/pt\/wp-json\/wp\/v2\/product_tag?post=750"}],"curies":[{"name":"wp","href":"https:\/\/api.w.org\/{rel}","templated":true}]}}