{"id":738,"date":"2025-07-17T07:32:54","date_gmt":"2025-07-17T07:32:54","guid":{"rendered":"https:\/\/vestpetproducts.com\/?post_type=product&#038;p=738"},"modified":"2025-08-12T08:16:34","modified_gmt":"2025-08-12T08:16:34","slug":"738","status":"publish","type":"product","link":"https:\/\/vestpetproducts.com\/pt\/produto\/738\/","title":{"rendered":"F\u00e1brica por atacado OEM embalagem inglesa mousse comida \u00famida para gatos petiscos suporte exporta\u00e7\u00e3o"},"content":{"rendered":"<p><img loading=\"lazy\" decoding=\"async\" class=\"aligncenter size-full wp-image-746\" src=\"http:\/\/vestpetproducts.com\/wp-content\/uploads\/2025\/07\/85g\u6155\u65af\u6e7f\u7cae\u5305\u8be6\u60c5_01-1.jpg\" alt=\"\" width=\"750\" height=\"835\" srcset=\"https:\/\/vestpetproducts.com\/wp-content\/uploads\/2025\/07\/85g\u6155\u65af\u6e7f\u7cae\u5305\u8be6\u60c5_01-1.jpg 750w, https:\/\/vestpetproducts.com\/wp-content\/uploads\/2025\/07\/85g\u6155\u65af\u6e7f\u7cae\u5305\u8be6\u60c5_01-1-449x500.jpg 449w, https:\/\/vestpetproducts.com\/wp-content\/uploads\/2025\/07\/85g\u6155\u65af\u6e7f\u7cae\u5305\u8be6\u60c5_01-1-269x300.jpg 269w, https:\/\/vestpetproducts.com\/wp-content\/uploads\/2025\/07\/85g\u6155\u65af\u6e7f\u7cae\u5305\u8be6\u60c5_01-1-11x12.jpg 11w, https:\/\/vestpetproducts.com\/wp-content\/uploads\/2025\/07\/85g\u6155\u65af\u6e7f\u7cae\u5305\u8be6\u60c5_01-1-67x75.jpg 67w, https:\/\/vestpetproducts.com\/wp-content\/uploads\/2025\/07\/85g\u6155\u65af\u6e7f\u7cae\u5305\u8be6\u60c5_01-1-480x534.jpg 480w\" sizes=\"auto, (max-width:767px) 480px, 750px\" \/> <img loading=\"lazy\" decoding=\"async\" class=\"aligncenter size-full wp-image-747\" src=\"http:\/\/vestpetproducts.com\/wp-content\/uploads\/2025\/07\/85g\u6155\u65af\u6e7f\u7cae\u5305\u8be6\u60c5_02-1.jpg\" alt=\"\" width=\"750\" height=\"834\" srcset=\"https:\/\/vestpetproducts.com\/wp-content\/uploads\/2025\/07\/85g\u6155\u65af\u6e7f\u7cae\u5305\u8be6\u60c5_02-1.jpg 750w, https:\/\/vestpetproducts.com\/wp-content\/uploads\/2025\/07\/85g\u6155\u65af\u6e7f\u7cae\u5305\u8be6\u60c5_02-1-450x500.jpg 450w, https:\/\/vestpetproducts.com\/wp-content\/uploads\/2025\/07\/85g\u6155\u65af\u6e7f\u7cae\u5305\u8be6\u60c5_02-1-270x300.jpg 270w, https:\/\/vestpetproducts.com\/wp-content\/uploads\/2025\/07\/85g\u6155\u65af\u6e7f\u7cae\u5305\u8be6\u60c5_02-1-11x12.jpg 11w, https:\/\/vestpetproducts.com\/wp-content\/uploads\/2025\/07\/85g\u6155\u65af\u6e7f\u7cae\u5305\u8be6\u60c5_02-1-67x75.jpg 67w, https:\/\/vestpetproducts.com\/wp-content\/uploads\/2025\/07\/85g\u6155\u65af\u6e7f\u7cae\u5305\u8be6\u60c5_02-1-480x534.jpg 480w\" sizes=\"auto, (max-width:767px) 480px, 750px\" \/> <img loading=\"lazy\" decoding=\"async\" class=\"aligncenter size-full wp-image-748\" src=\"http:\/\/vestpetproducts.com\/wp-content\/uploads\/2025\/07\/85g\u5ba0\u7269\u6155\u65af\u6e7f\u7cae\u5305_03-1.jpg\" alt=\"\" width=\"750\" height=\"835\" srcset=\"https:\/\/vestpetproducts.com\/wp-content\/uploads\/2025\/07\/85g\u5ba0\u7269\u6155\u65af\u6e7f\u7cae\u5305_03-1.jpg 750w, https:\/\/vestpetproducts.com\/wp-content\/uploads\/2025\/07\/85g\u5ba0\u7269\u6155\u65af\u6e7f\u7cae\u5305_03-1-449x500.jpg 449w, https:\/\/vestpetproducts.com\/wp-content\/uploads\/2025\/07\/85g\u5ba0\u7269\u6155\u65af\u6e7f\u7cae\u5305_03-1-269x300.jpg 269w, https:\/\/vestpetproducts.com\/wp-content\/uploads\/2025\/07\/85g\u5ba0\u7269\u6155\u65af\u6e7f\u7cae\u5305_03-1-11x12.jpg 11w, https:\/\/vestpetproducts.com\/wp-content\/uploads\/2025\/07\/85g\u5ba0\u7269\u6155\u65af\u6e7f\u7cae\u5305_03-1-67x75.jpg 67w, https:\/\/vestpetproducts.com\/wp-content\/uploads\/2025\/07\/85g\u5ba0\u7269\u6155\u65af\u6e7f\u7cae\u5305_03-1-480x534.jpg 480w\" sizes=\"auto, (max-width:767px) 480px, 750px\" \/> <img loading=\"lazy\" decoding=\"async\" class=\"aligncenter size-full wp-image-749\" src=\"http:\/\/vestpetproducts.com\/wp-content\/uploads\/2025\/07\/85g\u6155\u65af\u6e7f\u7cae\u5305\u8be6\u60c5_04-1.jpg\" alt=\"\" width=\"750\" height=\"835\" srcset=\"https:\/\/vestpetproducts.com\/wp-content\/uploads\/2025\/07\/85g\u6155\u65af\u6e7f\u7cae\u5305\u8be6\u60c5_04-1.jpg 750w, https:\/\/vestpetproducts.com\/wp-content\/uploads\/2025\/07\/85g\u6155\u65af\u6e7f\u7cae\u5305\u8be6\u60c5_04-1-449x500.jpg 449w, https:\/\/vestpetproducts.com\/wp-content\/uploads\/2025\/07\/85g\u6155\u65af\u6e7f\u7cae\u5305\u8be6\u60c5_04-1-269x300.jpg 269w, https:\/\/vestpetproducts.com\/wp-content\/uploads\/2025\/07\/85g\u6155\u65af\u6e7f\u7cae\u5305\u8be6\u60c5_04-1-11x12.jpg 11w, https:\/\/vestpetproducts.com\/wp-content\/uploads\/2025\/07\/85g\u6155\u65af\u6e7f\u7cae\u5305\u8be6\u60c5_04-1-67x75.jpg 67w, https:\/\/vestpetproducts.com\/wp-content\/uploads\/2025\/07\/85g\u6155\u65af\u6e7f\u7cae\u5305\u8be6\u60c5_04-1-480x534.jpg 480w\" sizes=\"auto, (max-width:767px) 480px, 750px\" \/> <img loading=\"lazy\" decoding=\"async\" class=\"aligncenter wp-image-374\" src=\"http:\/\/vestpetproducts.com\/wp-content\/uploads\/2025\/07\/\u5fae\u4fe1\u56fe\u7247_20250715165725.jpg\" alt=\"\" width=\"766\" height=\"766\" srcset=\"https:\/\/vestpetproducts.com\/wp-content\/uploads\/2025\/07\/\u5fae\u4fe1\u56fe\u7247_20250715165725.jpg 800w, https:\/\/vestpetproducts.com\/wp-content\/uploads\/2025\/07\/\u5fae\u4fe1\u56fe\u7247_20250715165725-500x500.jpg 500w, https:\/\/vestpetproducts.com\/wp-content\/uploads\/2025\/07\/\u5fae\u4fe1\u56fe\u7247_20250715165725-300x300.jpg 300w, https:\/\/vestpetproducts.com\/wp-content\/uploads\/2025\/07\/\u5fae\u4fe1\u56fe\u7247_20250715165725-768x768.jpg 768w, https:\/\/vestpetproducts.com\/wp-content\/uploads\/2025\/07\/\u5fae\u4fe1\u56fe\u7247_20250715165725-12x12.jpg 12w, https:\/\/vestpetproducts.com\/wp-content\/uploads\/2025\/07\/\u5fae\u4fe1\u56fe\u7247_20250715165725-150x150.jpg 150w, https:\/\/vestpetproducts.com\/wp-content\/uploads\/2025\/07\/\u5fae\u4fe1\u56fe\u7247_20250715165725-75x75.jpg 75w, https:\/\/vestpetproducts.com\/wp-content\/uploads\/2025\/07\/\u5fae\u4fe1\u56fe\u7247_20250715165725-480x480.jpg 480w\" sizes=\"auto, (max-width:767px) 480px, 766px\" \/><img loading=\"lazy\" decoding=\"async\" class=\"aligncenter wp-image-376\" src=\"http:\/\/vestpetproducts.com\/wp-content\/uploads\/2025\/07\/\u5fae\u4fe1\u56fe\u7247_20250715165719.jpg\" alt=\"\" width=\"680\" height=\"680\" srcset=\"https:\/\/vestpetproducts.com\/wp-content\/uploads\/2025\/07\/\u5fae\u4fe1\u56fe\u7247_20250715165719.jpg 1200w, https:\/\/vestpetproducts.com\/wp-content\/uploads\/2025\/07\/\u5fae\u4fe1\u56fe\u7247_20250715165719-500x500.jpg 500w, https:\/\/vestpetproducts.com\/wp-content\/uploads\/2025\/07\/\u5fae\u4fe1\u56fe\u7247_20250715165719-300x300.jpg 300w, https:\/\/vestpetproducts.com\/wp-content\/uploads\/2025\/07\/\u5fae\u4fe1\u56fe\u7247_20250715165719-768x768.jpg 768w, https:\/\/vestpetproducts.com\/wp-content\/uploads\/2025\/07\/\u5fae\u4fe1\u56fe\u7247_20250715165719-12x12.jpg 12w, https:\/\/vestpetproducts.com\/wp-content\/uploads\/2025\/07\/\u5fae\u4fe1\u56fe\u7247_20250715165719-150x150.jpg 150w, https:\/\/vestpetproducts.com\/wp-content\/uploads\/2025\/07\/\u5fae\u4fe1\u56fe\u7247_20250715165719-75x75.jpg 75w, https:\/\/vestpetproducts.com\/wp-content\/uploads\/2025\/07\/\u5fae\u4fe1\u56fe\u7247_20250715165719-480x480.jpg 480w, https:\/\/vestpetproducts.com\/wp-content\/uploads\/2025\/07\/\u5fae\u4fe1\u56fe\u7247_20250715165719-800x800.jpg 800w\" sizes=\"auto, (max-width:767px) 480px, 680px\" \/><\/p>\n<p><img loading=\"lazy\" decoding=\"async\" class=\"wp-image-391 aligncenter\" src=\"http:\/\/vestpetproducts.com\/wp-content\/uploads\/2025\/07\/\u8d44\u8d28\u8bc1\u4e66\u5c55\u793a.jpg\" alt=\"\" width=\"730\" height=\"814\" srcset=\"https:\/\/vestpetproducts.com\/wp-content\/uploads\/2025\/07\/\u8d44\u8d28\u8bc1\u4e66\u5c55\u793a.jpg 918w, https:\/\/vestpetproducts.com\/wp-content\/uploads\/2025\/07\/\u8d44\u8d28\u8bc1\u4e66\u5c55\u793a-448x500.jpg 448w, https:\/\/vestpetproducts.com\/wp-content\/uploads\/2025\/07\/\u8d44\u8d28\u8bc1\u4e66\u5c55\u793a-269x300.jpg 269w, https:\/\/vestpetproducts.com\/wp-content\/uploads\/2025\/07\/\u8d44\u8d28\u8bc1\u4e66\u5c55\u793a-768x857.jpg 768w, https:\/\/vestpetproducts.com\/wp-content\/uploads\/2025\/07\/\u8d44\u8d28\u8bc1\u4e66\u5c55\u793a-11x12.jpg 11w, https:\/\/vestpetproducts.com\/wp-content\/uploads\/2025\/07\/\u8d44\u8d28\u8bc1\u4e66\u5c55\u793a-67x75.jpg 67w, https:\/\/vestpetproducts.com\/wp-content\/uploads\/2025\/07\/\u8d44\u8d28\u8bc1\u4e66\u5c55\u793a-480x535.jpg 480w, https:\/\/vestpetproducts.com\/wp-content\/uploads\/2025\/07\/\u8d44\u8d28\u8bc1\u4e66\u5c55\u793a-800x892.jpg 800w\" sizes=\"auto, (max-width:767px) 480px, 730px\" \/><\/p>\n<p>&nbsp;<\/p>\n<p><img loading=\"lazy\" decoding=\"async\" class=\"aligncenter wp-image-379\" src=\"http:\/\/vestpetproducts.com\/wp-content\/uploads\/2025\/07\/\u5fae\u4fe1\u56fe\u7247_20250715165659.jpg\" alt=\"\" width=\"728\" height=\"1056\" srcset=\"https:\/\/vestpetproducts.com\/wp-content\/uploads\/2025\/07\/\u5fae\u4fe1\u56fe\u7247_20250715165659.jpg 803w, https:\/\/vestpetproducts.com\/wp-content\/uploads\/2025\/07\/\u5fae\u4fe1\u56fe\u7247_20250715165659-345x500.jpg 345w, https:\/\/vestpetproducts.com\/wp-content\/uploads\/2025\/07\/\u5fae\u4fe1\u56fe\u7247_20250715165659-207x300.jpg 207w, https:\/\/vestpetproducts.com\/wp-content\/uploads\/2025\/07\/\u5fae\u4fe1\u56fe\u7247_20250715165659-768x1114.jpg 768w, https:\/\/vestpetproducts.com\/wp-content\/uploads\/2025\/07\/\u5fae\u4fe1\u56fe\u7247_20250715165659-8x12.jpg 8w, https:\/\/vestpetproducts.com\/wp-content\/uploads\/2025\/07\/\u5fae\u4fe1\u56fe\u7247_20250715165659-52x75.jpg 52w, https:\/\/vestpetproducts.com\/wp-content\/uploads\/2025\/07\/\u5fae\u4fe1\u56fe\u7247_20250715165659-480x696.jpg 480w, https:\/\/vestpetproducts.com\/wp-content\/uploads\/2025\/07\/\u5fae\u4fe1\u56fe\u7247_20250715165659-800x1161.jpg 800w\" sizes=\"auto, (max-width:767px) 480px, 728px\" \/><\/p>","protected":false},"excerpt":{"rendered":"<p>Peso unit\u00e1rio: 85g*saco<\/p>\n<p>Sabor: Carne, Frango, Frango + Atum<\/p>\n<p>Sach\u00eas de comida \u00famida premium de carne vermelha para gatos<\/p>\n<p>Satisfa\u00e7a os desejos naturais do seu felino com nossas embalagens de ra\u00e7\u00e3o \u00famida para carne vermelha, ricas em prote\u00ednas e sem gr\u00e3os, elaboradas para oferecer os sabores ricos e carnudos que os gatos adoram instintivamente. Feitas com prote\u00ednas animais reais e enriquecidas com vitaminas e minerais essenciais, cada embalagem fornece nutri\u00e7\u00e3o completa e balanceada para gatos adultos de todas as ra\u00e7as e fases da vida.<\/p>\n<p>Principais benef\u00edcios:<br \/>\n\u2714 F\u00f3rmula rica em prote\u00ednas \u2013 Auxilia na manuten\u00e7\u00e3o da massa muscular magra e na energia<br \/>\n\u2714 Sem gr\u00e3os e baixo teor de carboidratos \u2013 Ideal para gatos com digest\u00e3o sens\u00edvel<br \/>\n\u2714 Ingredientes naturais \u2013 Sem corantes, aromatizantes ou conservantes artificiais<br \/>\n\u2714 Suporte de hidrata\u00e7\u00e3o \u2013 Alto teor de umidade promove a sa\u00fade urin\u00e1ria<br \/>\n\u2714 Sach\u00eas pr\u00e1ticos para servir individualmente \u2013 f\u00e1ceis de servir, sem sobras que podem fazer bagun\u00e7a<\/p>","protected":false},"featured_media":739,"template":"","meta":{"content-type":""},"product_brand":[],"product_cat":[14,121],"product_tag":[],"class_list":{"0":"post-738","1":"product","2":"type-product","3":"status-publish","4":"has-post-thumbnail","6":"product_cat-pet-food","7":"product_cat-wet-food","9":"first","10":"instock","11":"shipping-taxable","12":"product-type-simple"},"yoast_head":"<!-- This site is optimized with the Yoast SEO plugin v24.9 - https:\/\/yoast.com\/wordpress\/plugins\/seo\/ -->\n<title>Factory Wholesale OEM English Packaging Mousse Wet Food Cat SnacksSupport Export - Shandong Vest International Trade Co., Ltd.<\/title>\n<meta name=\"robots\" content=\"index, follow, max-snippet:-1, max-image-preview:large, max-video-preview:-1\" \/>\n<link rel=\"canonical\" href=\"https:\/\/vestpetproducts.com\/pt\/produto\/738\/\" \/>\n<meta property=\"og:locale\" content=\"pt_PT\" \/>\n<meta property=\"og:type\" content=\"article\" \/>\n<meta property=\"og:title\" content=\"Factory Wholesale OEM English Packaging Mousse Wet Food Cat SnacksSupport Export - Shandong Vest International Trade Co., Ltd.\" \/>\n<meta property=\"og:description\" content=\"Unit Weight\uff1a85g*bag  Flavor\uff1a Beef Chicken chicken+tuna  Premium Red Meat Wet Food Pouches for Cats  Indulge your feline\u2019s natural cravings with our high-protein, grain-free red meat wet food pouches\u2014crafted to deliver the rich, meaty flavors cats instinctively love. Made with real animal proteins and fortified with essential vitamins and minerals, each pouch provides complete and balanced nutrition for adult cats of all breeds and life stages.  Key Benefits: &#x2714; Protein-Rich Formula \u2013 Supports lean muscle maintenance and energy &#x2714; Grain-Free &amp; Low-Carb \u2013 Ideal for cats with sensitive digestion &#x2714; Natural Ingredients \u2013 No artificial colors, flavors, or preservatives &#x2714; Hydration Support \u2013 High moisture content promotes urinary health &#x2714; Convenient Single-Serve Pouches \u2013 Easy to serve, no messy leftovers\" \/>\n<meta property=\"og:url\" content=\"https:\/\/vestpetproducts.com\/pt\/produto\/738\/\" \/>\n<meta property=\"og:site_name\" content=\"Shandong Vest International Trade Co., Ltd.\" \/>\n<meta property=\"article:modified_time\" content=\"2025-08-12T08:16:34+00:00\" \/>\n<meta property=\"og:image\" content=\"https:\/\/vestpetproducts.com\/wp-content\/uploads\/2025\/07\/\u6cd5\u6069\u8d1d85g\u6155\u65af\u5305\u4e3b\u56fesku.jpg\" \/>\n\t<meta property=\"og:image:width\" content=\"800\" \/>\n\t<meta property=\"og:image:height\" content=\"800\" \/>\n\t<meta property=\"og:image:type\" content=\"image\/jpeg\" \/>\n<meta name=\"twitter:card\" content=\"summary_large_image\" \/>\n<meta name=\"twitter:label1\" content=\"Tempo estimado de leitura\" \/>\n\t<meta name=\"twitter:data1\" content=\"2 minutos\" \/>\n<script type=\"application\/ld+json\" class=\"yoast-schema-graph\">{\"@context\":\"https:\/\/schema.org\",\"@graph\":[{\"@type\":\"WebPage\",\"@id\":\"https:\/\/vestpetproducts.com\/product\/738\/\",\"url\":\"https:\/\/vestpetproducts.com\/product\/738\/\",\"name\":\"Factory Wholesale OEM English Packaging Mousse Wet Food Cat SnacksSupport Export - Shandong Vest International Trade Co., Ltd.\",\"isPartOf\":{\"@id\":\"https:\/\/vestpetproducts.com\/#website\"},\"primaryImageOfPage\":{\"@id\":\"https:\/\/vestpetproducts.com\/product\/738\/#primaryimage\"},\"image\":{\"@id\":\"https:\/\/vestpetproducts.com\/product\/738\/#primaryimage\"},\"thumbnailUrl\":\"https:\/\/vestpetproducts.com\/wp-content\/uploads\/2025\/07\/\u6cd5\u6069\u8d1d85g\u6155\u65af\u5305\u4e3b\u56fesku.jpg\",\"datePublished\":\"2025-07-17T07:32:54+00:00\",\"dateModified\":\"2025-08-12T08:16:34+00:00\",\"breadcrumb\":{\"@id\":\"https:\/\/vestpetproducts.com\/product\/738\/#breadcrumb\"},\"inLanguage\":\"pt-PT\",\"potentialAction\":[{\"@type\":\"ReadAction\",\"target\":[\"https:\/\/vestpetproducts.com\/product\/738\/\"]}]},{\"@type\":\"ImageObject\",\"inLanguage\":\"pt-PT\",\"@id\":\"https:\/\/vestpetproducts.com\/product\/738\/#primaryimage\",\"url\":\"https:\/\/vestpetproducts.com\/wp-content\/uploads\/2025\/07\/\u6cd5\u6069\u8d1d85g\u6155\u65af\u5305\u4e3b\u56fesku.jpg\",\"contentUrl\":\"https:\/\/vestpetproducts.com\/wp-content\/uploads\/2025\/07\/\u6cd5\u6069\u8d1d85g\u6155\u65af\u5305\u4e3b\u56fesku.jpg\",\"width\":800,\"height\":800},{\"@type\":\"BreadcrumbList\",\"@id\":\"https:\/\/vestpetproducts.com\/product\/738\/#breadcrumb\",\"itemListElement\":[{\"@type\":\"ListItem\",\"position\":1,\"name\":\"\u9996\u9875\",\"item\":\"https:\/\/vestpetproducts.com\/\"},{\"@type\":\"ListItem\",\"position\":2,\"name\":\"Product\",\"item\":\"https:\/\/vestpetproducts.com\/product\/\"},{\"@type\":\"ListItem\",\"position\":3,\"name\":\"Factory Wholesale OEM English Packaging Mousse Wet Food Cat SnacksSupport Export\"}]},{\"@type\":\"WebSite\",\"@id\":\"https:\/\/vestpetproducts.com\/#website\",\"url\":\"https:\/\/vestpetproducts.com\/\",\"name\":\"Shandong Vest International Trade Co., Ltd.\",\"description\":\"Shandong Vest International Trade Co., Ltd.\",\"potentialAction\":[{\"@type\":\"SearchAction\",\"target\":{\"@type\":\"EntryPoint\",\"urlTemplate\":\"https:\/\/vestpetproducts.com\/?s={search_term_string}\"},\"query-input\":{\"@type\":\"PropertyValueSpecification\",\"valueRequired\":true,\"valueName\":\"search_term_string\"}}],\"inLanguage\":\"pt-PT\"}]}<\/script>\n<!-- \/ Yoast SEO plugin. -->","yoast_head_json":{"title":"Factory Wholesale OEM English Packaging Mousse Wet Food Cat SnacksSupport Export - Shandong Vest International Trade Co., Ltd.","robots":{"index":"index","follow":"follow","max-snippet":"max-snippet:-1","max-image-preview":"max-image-preview:large","max-video-preview":"max-video-preview:-1"},"canonical":"https:\/\/vestpetproducts.com\/pt\/produto\/738\/","og_locale":"pt_PT","og_type":"article","og_title":"Factory Wholesale OEM English Packaging Mousse Wet Food Cat SnacksSupport Export - Shandong Vest International Trade Co., Ltd.","og_description":"Unit Weight\uff1a85g*bag  Flavor\uff1a Beef Chicken chicken+tuna  Premium Red Meat Wet Food Pouches for Cats  Indulge your feline\u2019s natural cravings with our high-protein, grain-free red meat wet food pouches\u2014crafted to deliver the rich, meaty flavors cats instinctively love. Made with real animal proteins and fortified with essential vitamins and minerals, each pouch provides complete and balanced nutrition for adult cats of all breeds and life stages.  Key Benefits: &#x2714; Protein-Rich Formula \u2013 Supports lean muscle maintenance and energy &#x2714; Grain-Free &amp; Low-Carb \u2013 Ideal for cats with sensitive digestion &#x2714; Natural Ingredients \u2013 No artificial colors, flavors, or preservatives &#x2714; Hydration Support \u2013 High moisture content promotes urinary health &#x2714; Convenient Single-Serve Pouches \u2013 Easy to serve, no messy leftovers","og_url":"https:\/\/vestpetproducts.com\/pt\/produto\/738\/","og_site_name":"Shandong Vest International Trade Co., Ltd.","article_modified_time":"2025-08-12T08:16:34+00:00","og_image":[{"width":800,"height":800,"url":"https:\/\/vestpetproducts.com\/wp-content\/uploads\/2025\/07\/\u6cd5\u6069\u8d1d85g\u6155\u65af\u5305\u4e3b\u56fesku.jpg","type":"image\/jpeg"}],"twitter_card":"summary_large_image","twitter_misc":{"Tempo estimado de leitura":"2 minutos"},"schema":{"@context":"https:\/\/schema.org","@graph":[{"@type":"WebPage","@id":"https:\/\/vestpetproducts.com\/product\/738\/","url":"https:\/\/vestpetproducts.com\/product\/738\/","name":"Factory Wholesale OEM English Packaging Mousse Wet Food Cat SnacksSupport Export - Shandong Vest International Trade Co., Ltd.","isPartOf":{"@id":"https:\/\/vestpetproducts.com\/#website"},"primaryImageOfPage":{"@id":"https:\/\/vestpetproducts.com\/product\/738\/#primaryimage"},"image":{"@id":"https:\/\/vestpetproducts.com\/product\/738\/#primaryimage"},"thumbnailUrl":"https:\/\/vestpetproducts.com\/wp-content\/uploads\/2025\/07\/\u6cd5\u6069\u8d1d85g\u6155\u65af\u5305\u4e3b\u56fesku.jpg","datePublished":"2025-07-17T07:32:54+00:00","dateModified":"2025-08-12T08:16:34+00:00","breadcrumb":{"@id":"https:\/\/vestpetproducts.com\/product\/738\/#breadcrumb"},"inLanguage":"pt-PT","potentialAction":[{"@type":"ReadAction","target":["https:\/\/vestpetproducts.com\/product\/738\/"]}]},{"@type":"ImageObject","inLanguage":"pt-PT","@id":"https:\/\/vestpetproducts.com\/product\/738\/#primaryimage","url":"https:\/\/vestpetproducts.com\/wp-content\/uploads\/2025\/07\/\u6cd5\u6069\u8d1d85g\u6155\u65af\u5305\u4e3b\u56fesku.jpg","contentUrl":"https:\/\/vestpetproducts.com\/wp-content\/uploads\/2025\/07\/\u6cd5\u6069\u8d1d85g\u6155\u65af\u5305\u4e3b\u56fesku.jpg","width":800,"height":800},{"@type":"BreadcrumbList","@id":"https:\/\/vestpetproducts.com\/product\/738\/#breadcrumb","itemListElement":[{"@type":"ListItem","position":1,"name":"\u9996\u9875","item":"https:\/\/vestpetproducts.com\/"},{"@type":"ListItem","position":2,"name":"Product","item":"https:\/\/vestpetproducts.com\/product\/"},{"@type":"ListItem","position":3,"name":"Factory Wholesale OEM English Packaging Mousse Wet Food Cat SnacksSupport Export"}]},{"@type":"WebSite","@id":"https:\/\/vestpetproducts.com\/#website","url":"https:\/\/vestpetproducts.com\/","name":"Shandong Vest International Trade Co., Ltd.","description":"Shandong Vest International Trade Co., Ltd.","potentialAction":[{"@type":"SearchAction","target":{"@type":"EntryPoint","urlTemplate":"https:\/\/vestpetproducts.com\/?s={search_term_string}"},"query-input":{"@type":"PropertyValueSpecification","valueRequired":true,"valueName":"search_term_string"}}],"inLanguage":"pt-PT"}]}},"_links":{"self":[{"href":"https:\/\/vestpetproducts.com\/pt\/wp-json\/wp\/v2\/product\/738","targetHints":{"allow":["GET"]}}],"collection":[{"href":"https:\/\/vestpetproducts.com\/pt\/wp-json\/wp\/v2\/product"}],"about":[{"href":"https:\/\/vestpetproducts.com\/pt\/wp-json\/wp\/v2\/types\/product"}],"wp:featuredmedia":[{"embeddable":true,"href":"https:\/\/vestpetproducts.com\/pt\/wp-json\/wp\/v2\/media\/739"}],"wp:attachment":[{"href":"https:\/\/vestpetproducts.com\/pt\/wp-json\/wp\/v2\/media?parent=738"}],"wp:term":[{"taxonomy":"product_brand","embeddable":true,"href":"https:\/\/vestpetproducts.com\/pt\/wp-json\/wp\/v2\/product_brand?post=738"},{"taxonomy":"product_cat","embeddable":true,"href":"https:\/\/vestpetproducts.com\/pt\/wp-json\/wp\/v2\/product_cat?post=738"},{"taxonomy":"product_tag","embeddable":true,"href":"https:\/\/vestpetproducts.com\/pt\/wp-json\/wp\/v2\/product_tag?post=738"}],"curies":[{"name":"wp","href":"https:\/\/api.w.org\/{rel}","templated":true}]}}