{"id":704,"date":"2025-07-17T06:55:20","date_gmt":"2025-07-17T06:55:20","guid":{"rendered":"https:\/\/vestpetproducts.com\/?post_type=product&#038;p=704"},"modified":"2025-08-12T08:25:35","modified_gmt":"2025-08-12T08:25:35","slug":"goat-milk-chicken-meal-box-cat-staple-food-wholesale-oem-odm-wet-food-main-meal-kittens-can-be-customization","status":"publish","type":"product","link":"https:\/\/vestpetproducts.com\/pt\/produto\/goat-milk-chicken-meal-box-cat-staple-food-wholesale-oem-odm-wet-food-main-meal-kittens-can-be-customization\/","title":{"rendered":"Caixa de refei\u00e7\u00e3o de frango com leite de cabra, comida b\u00e1sica para gatos, atacado, OEM ODM, comida \u00famida, refei\u00e7\u00e3o principal para gatinhos, pode ser personalizada"},"content":{"rendered":"<p><img loading=\"lazy\" decoding=\"async\" class=\"aligncenter size-full wp-image-709\" src=\"http:\/\/vestpetproducts.com\/wp-content\/uploads\/2025\/07\/\u6cd5\u6069\u8d1d\u7f8a\u5976\u9e21\u4e1d\u5c0f\u94dd\u7f50\u8be6\u60c5_01.jpg\" alt=\"\" width=\"750\" height=\"1236\" srcset=\"https:\/\/vestpetproducts.com\/wp-content\/uploads\/2025\/07\/\u6cd5\u6069\u8d1d\u7f8a\u5976\u9e21\u4e1d\u5c0f\u94dd\u7f50\u8be6\u60c5_01.jpg 750w, https:\/\/vestpetproducts.com\/wp-content\/uploads\/2025\/07\/\u6cd5\u6069\u8d1d\u7f8a\u5976\u9e21\u4e1d\u5c0f\u94dd\u7f50\u8be6\u60c5_01-303x500.jpg 303w, https:\/\/vestpetproducts.com\/wp-content\/uploads\/2025\/07\/\u6cd5\u6069\u8d1d\u7f8a\u5976\u9e21\u4e1d\u5c0f\u94dd\u7f50\u8be6\u60c5_01-728x1200.jpg 728w, https:\/\/vestpetproducts.com\/wp-content\/uploads\/2025\/07\/\u6cd5\u6069\u8d1d\u7f8a\u5976\u9e21\u4e1d\u5c0f\u94dd\u7f50\u8be6\u60c5_01-182x300.jpg 182w, https:\/\/vestpetproducts.com\/wp-content\/uploads\/2025\/07\/\u6cd5\u6069\u8d1d\u7f8a\u5976\u9e21\u4e1d\u5c0f\u94dd\u7f50\u8be6\u60c5_01-7x12.jpg 7w, https:\/\/vestpetproducts.com\/wp-content\/uploads\/2025\/07\/\u6cd5\u6069\u8d1d\u7f8a\u5976\u9e21\u4e1d\u5c0f\u94dd\u7f50\u8be6\u60c5_01-46x75.jpg 46w, https:\/\/vestpetproducts.com\/wp-content\/uploads\/2025\/07\/\u6cd5\u6069\u8d1d\u7f8a\u5976\u9e21\u4e1d\u5c0f\u94dd\u7f50\u8be6\u60c5_01-480x791.jpg 480w\" sizes=\"auto, (max-width:767px) 480px, 750px\" \/> <img loading=\"lazy\" decoding=\"async\" class=\"aligncenter size-full wp-image-710\" src=\"http:\/\/vestpetproducts.com\/wp-content\/uploads\/2025\/07\/\u6cd5\u6069\u8d1d\u7f8a\u5976\u9e21\u4e1d\u5c0f\u94dd\u7f50\u8be6\u60c5_02.jpg\" alt=\"\" width=\"750\" height=\"833\" srcset=\"https:\/\/vestpetproducts.com\/wp-content\/uploads\/2025\/07\/\u6cd5\u6069\u8d1d\u7f8a\u5976\u9e21\u4e1d\u5c0f\u94dd\u7f50\u8be6\u60c5_02.jpg 750w, https:\/\/vestpetproducts.com\/wp-content\/uploads\/2025\/07\/\u6cd5\u6069\u8d1d\u7f8a\u5976\u9e21\u4e1d\u5c0f\u94dd\u7f50\u8be6\u60c5_02-450x500.jpg 450w, https:\/\/vestpetproducts.com\/wp-content\/uploads\/2025\/07\/\u6cd5\u6069\u8d1d\u7f8a\u5976\u9e21\u4e1d\u5c0f\u94dd\u7f50\u8be6\u60c5_02-270x300.jpg 270w, https:\/\/vestpetproducts.com\/wp-content\/uploads\/2025\/07\/\u6cd5\u6069\u8d1d\u7f8a\u5976\u9e21\u4e1d\u5c0f\u94dd\u7f50\u8be6\u60c5_02-11x12.jpg 11w, https:\/\/vestpetproducts.com\/wp-content\/uploads\/2025\/07\/\u6cd5\u6069\u8d1d\u7f8a\u5976\u9e21\u4e1d\u5c0f\u94dd\u7f50\u8be6\u60c5_02-68x75.jpg 68w, https:\/\/vestpetproducts.com\/wp-content\/uploads\/2025\/07\/\u6cd5\u6069\u8d1d\u7f8a\u5976\u9e21\u4e1d\u5c0f\u94dd\u7f50\u8be6\u60c5_02-480x533.jpg 480w\" sizes=\"auto, (max-width:767px) 480px, 750px\" \/> <img loading=\"lazy\" decoding=\"async\" class=\"aligncenter size-full wp-image-711\" src=\"http:\/\/vestpetproducts.com\/wp-content\/uploads\/2025\/07\/\u6cd5\u6069\u8d1d\u7f8a\u5976\u9e21\u4e1d\u5c0f\u94dd\u7f50\u8be6\u60c5_03.jpg\" alt=\"\" width=\"750\" height=\"641\" srcset=\"https:\/\/vestpetproducts.com\/wp-content\/uploads\/2025\/07\/\u6cd5\u6069\u8d1d\u7f8a\u5976\u9e21\u4e1d\u5c0f\u94dd\u7f50\u8be6\u60c5_03.jpg 750w, https:\/\/vestpetproducts.com\/wp-content\/uploads\/2025\/07\/\u6cd5\u6069\u8d1d\u7f8a\u5976\u9e21\u4e1d\u5c0f\u94dd\u7f50\u8be6\u60c5_03-500x427.jpg 500w, https:\/\/vestpetproducts.com\/wp-content\/uploads\/2025\/07\/\u6cd5\u6069\u8d1d\u7f8a\u5976\u9e21\u4e1d\u5c0f\u94dd\u7f50\u8be6\u60c5_03-300x256.jpg 300w, https:\/\/vestpetproducts.com\/wp-content\/uploads\/2025\/07\/\u6cd5\u6069\u8d1d\u7f8a\u5976\u9e21\u4e1d\u5c0f\u94dd\u7f50\u8be6\u60c5_03-14x12.jpg 14w, https:\/\/vestpetproducts.com\/wp-content\/uploads\/2025\/07\/\u6cd5\u6069\u8d1d\u7f8a\u5976\u9e21\u4e1d\u5c0f\u94dd\u7f50\u8be6\u60c5_03-88x75.jpg 88w, https:\/\/vestpetproducts.com\/wp-content\/uploads\/2025\/07\/\u6cd5\u6069\u8d1d\u7f8a\u5976\u9e21\u4e1d\u5c0f\u94dd\u7f50\u8be6\u60c5_03-480x410.jpg 480w\" sizes=\"auto, (max-width:767px) 480px, 750px\" \/> <img loading=\"lazy\" decoding=\"async\" class=\"aligncenter size-full wp-image-712\" src=\"http:\/\/vestpetproducts.com\/wp-content\/uploads\/2025\/07\/\u6cd5\u6069\u8d1d375g\u72d7\u7f50\u8be6\u60c5_04-2.jpg\" alt=\"\" width=\"750\" height=\"1041\" srcset=\"https:\/\/vestpetproducts.com\/wp-content\/uploads\/2025\/07\/\u6cd5\u6069\u8d1d375g\u72d7\u7f50\u8be6\u60c5_04-2.jpg 750w, https:\/\/vestpetproducts.com\/wp-content\/uploads\/2025\/07\/\u6cd5\u6069\u8d1d375g\u72d7\u7f50\u8be6\u60c5_04-2-360x500.jpg 360w, https:\/\/vestpetproducts.com\/wp-content\/uploads\/2025\/07\/\u6cd5\u6069\u8d1d375g\u72d7\u7f50\u8be6\u60c5_04-2-216x300.jpg 216w, https:\/\/vestpetproducts.com\/wp-content\/uploads\/2025\/07\/\u6cd5\u6069\u8d1d375g\u72d7\u7f50\u8be6\u60c5_04-2-9x12.jpg 9w, https:\/\/vestpetproducts.com\/wp-content\/uploads\/2025\/07\/\u6cd5\u6069\u8d1d375g\u72d7\u7f50\u8be6\u60c5_04-2-54x75.jpg 54w, https:\/\/vestpetproducts.com\/wp-content\/uploads\/2025\/07\/\u6cd5\u6069\u8d1d375g\u72d7\u7f50\u8be6\u60c5_04-2-480x666.jpg 480w\" sizes=\"auto, (max-width:767px) 480px, 750px\" \/> <img loading=\"lazy\" decoding=\"async\" class=\"aligncenter size-full wp-image-713\" src=\"http:\/\/vestpetproducts.com\/wp-content\/uploads\/2025\/07\/\u6cd5\u6069\u8d1d\u7f8a\u5976\u9e21\u4e1d\u5c0f\u94dd\u7f50\u8be6\u60c5_05.jpg\" alt=\"\" width=\"750\" height=\"780\" srcset=\"https:\/\/vestpetproducts.com\/wp-content\/uploads\/2025\/07\/\u6cd5\u6069\u8d1d\u7f8a\u5976\u9e21\u4e1d\u5c0f\u94dd\u7f50\u8be6\u60c5_05.jpg 750w, https:\/\/vestpetproducts.com\/wp-content\/uploads\/2025\/07\/\u6cd5\u6069\u8d1d\u7f8a\u5976\u9e21\u4e1d\u5c0f\u94dd\u7f50\u8be6\u60c5_05-481x500.jpg 481w, https:\/\/vestpetproducts.com\/wp-content\/uploads\/2025\/07\/\u6cd5\u6069\u8d1d\u7f8a\u5976\u9e21\u4e1d\u5c0f\u94dd\u7f50\u8be6\u60c5_05-288x300.jpg 288w, https:\/\/vestpetproducts.com\/wp-content\/uploads\/2025\/07\/\u6cd5\u6069\u8d1d\u7f8a\u5976\u9e21\u4e1d\u5c0f\u94dd\u7f50\u8be6\u60c5_05-12x12.jpg 12w, https:\/\/vestpetproducts.com\/wp-content\/uploads\/2025\/07\/\u6cd5\u6069\u8d1d\u7f8a\u5976\u9e21\u4e1d\u5c0f\u94dd\u7f50\u8be6\u60c5_05-72x75.jpg 72w, https:\/\/vestpetproducts.com\/wp-content\/uploads\/2025\/07\/\u6cd5\u6069\u8d1d\u7f8a\u5976\u9e21\u4e1d\u5c0f\u94dd\u7f50\u8be6\u60c5_05-480x499.jpg 480w\" sizes=\"auto, (max-width:767px) 480px, 750px\" \/><img loading=\"lazy\" decoding=\"async\" class=\"aligncenter size-full wp-image-374\" src=\"http:\/\/vestpetproducts.com\/wp-content\/uploads\/2025\/07\/\u5fae\u4fe1\u56fe\u7247_20250715165725.jpg\" alt=\"\" width=\"800\" height=\"800\" srcset=\"https:\/\/vestpetproducts.com\/wp-content\/uploads\/2025\/07\/\u5fae\u4fe1\u56fe\u7247_20250715165725.jpg 800w, https:\/\/vestpetproducts.com\/wp-content\/uploads\/2025\/07\/\u5fae\u4fe1\u56fe\u7247_20250715165725-500x500.jpg 500w, https:\/\/vestpetproducts.com\/wp-content\/uploads\/2025\/07\/\u5fae\u4fe1\u56fe\u7247_20250715165725-300x300.jpg 300w, https:\/\/vestpetproducts.com\/wp-content\/uploads\/2025\/07\/\u5fae\u4fe1\u56fe\u7247_20250715165725-768x768.jpg 768w, https:\/\/vestpetproducts.com\/wp-content\/uploads\/2025\/07\/\u5fae\u4fe1\u56fe\u7247_20250715165725-12x12.jpg 12w, https:\/\/vestpetproducts.com\/wp-content\/uploads\/2025\/07\/\u5fae\u4fe1\u56fe\u7247_20250715165725-150x150.jpg 150w, https:\/\/vestpetproducts.com\/wp-content\/uploads\/2025\/07\/\u5fae\u4fe1\u56fe\u7247_20250715165725-75x75.jpg 75w, https:\/\/vestpetproducts.com\/wp-content\/uploads\/2025\/07\/\u5fae\u4fe1\u56fe\u7247_20250715165725-480x480.jpg 480w\" sizes=\"auto, (max-width:767px) 480px, (max-width:800px) 100vw, 800px\" \/><img loading=\"lazy\" decoding=\"async\" class=\"aligncenter wp-image-376\" src=\"http:\/\/vestpetproducts.com\/wp-content\/uploads\/2025\/07\/\u5fae\u4fe1\u56fe\u7247_20250715165719.jpg\" alt=\"\" width=\"680\" height=\"680\" srcset=\"https:\/\/vestpetproducts.com\/wp-content\/uploads\/2025\/07\/\u5fae\u4fe1\u56fe\u7247_20250715165719.jpg 1200w, https:\/\/vestpetproducts.com\/wp-content\/uploads\/2025\/07\/\u5fae\u4fe1\u56fe\u7247_20250715165719-500x500.jpg 500w, https:\/\/vestpetproducts.com\/wp-content\/uploads\/2025\/07\/\u5fae\u4fe1\u56fe\u7247_20250715165719-300x300.jpg 300w, https:\/\/vestpetproducts.com\/wp-content\/uploads\/2025\/07\/\u5fae\u4fe1\u56fe\u7247_20250715165719-768x768.jpg 768w, https:\/\/vestpetproducts.com\/wp-content\/uploads\/2025\/07\/\u5fae\u4fe1\u56fe\u7247_20250715165719-12x12.jpg 12w, https:\/\/vestpetproducts.com\/wp-content\/uploads\/2025\/07\/\u5fae\u4fe1\u56fe\u7247_20250715165719-150x150.jpg 150w, https:\/\/vestpetproducts.com\/wp-content\/uploads\/2025\/07\/\u5fae\u4fe1\u56fe\u7247_20250715165719-75x75.jpg 75w, https:\/\/vestpetproducts.com\/wp-content\/uploads\/2025\/07\/\u5fae\u4fe1\u56fe\u7247_20250715165719-480x480.jpg 480w, https:\/\/vestpetproducts.com\/wp-content\/uploads\/2025\/07\/\u5fae\u4fe1\u56fe\u7247_20250715165719-800x800.jpg 800w\" sizes=\"auto, (max-width:767px) 480px, 680px\" \/><\/p>\n<p><img loading=\"lazy\" decoding=\"async\" class=\"wp-image-391 aligncenter\" src=\"http:\/\/vestpetproducts.com\/wp-content\/uploads\/2025\/07\/\u8d44\u8d28\u8bc1\u4e66\u5c55\u793a.jpg\" alt=\"\" width=\"730\" height=\"814\" srcset=\"https:\/\/vestpetproducts.com\/wp-content\/uploads\/2025\/07\/\u8d44\u8d28\u8bc1\u4e66\u5c55\u793a.jpg 918w, https:\/\/vestpetproducts.com\/wp-content\/uploads\/2025\/07\/\u8d44\u8d28\u8bc1\u4e66\u5c55\u793a-448x500.jpg 448w, https:\/\/vestpetproducts.com\/wp-content\/uploads\/2025\/07\/\u8d44\u8d28\u8bc1\u4e66\u5c55\u793a-269x300.jpg 269w, https:\/\/vestpetproducts.com\/wp-content\/uploads\/2025\/07\/\u8d44\u8d28\u8bc1\u4e66\u5c55\u793a-768x857.jpg 768w, https:\/\/vestpetproducts.com\/wp-content\/uploads\/2025\/07\/\u8d44\u8d28\u8bc1\u4e66\u5c55\u793a-11x12.jpg 11w, https:\/\/vestpetproducts.com\/wp-content\/uploads\/2025\/07\/\u8d44\u8d28\u8bc1\u4e66\u5c55\u793a-67x75.jpg 67w, https:\/\/vestpetproducts.com\/wp-content\/uploads\/2025\/07\/\u8d44\u8d28\u8bc1\u4e66\u5c55\u793a-480x535.jpg 480w, https:\/\/vestpetproducts.com\/wp-content\/uploads\/2025\/07\/\u8d44\u8d28\u8bc1\u4e66\u5c55\u793a-800x892.jpg 800w\" sizes=\"auto, (max-width:767px) 480px, 730px\" \/><\/p>\n<p>&nbsp;<\/p>\n<p><img loading=\"lazy\" decoding=\"async\" class=\"aligncenter wp-image-379\" src=\"http:\/\/vestpetproducts.com\/wp-content\/uploads\/2025\/07\/\u5fae\u4fe1\u56fe\u7247_20250715165659.jpg\" alt=\"\" width=\"728\" height=\"1056\" srcset=\"https:\/\/vestpetproducts.com\/wp-content\/uploads\/2025\/07\/\u5fae\u4fe1\u56fe\u7247_20250715165659.jpg 803w, https:\/\/vestpetproducts.com\/wp-content\/uploads\/2025\/07\/\u5fae\u4fe1\u56fe\u7247_20250715165659-345x500.jpg 345w, https:\/\/vestpetproducts.com\/wp-content\/uploads\/2025\/07\/\u5fae\u4fe1\u56fe\u7247_20250715165659-207x300.jpg 207w, https:\/\/vestpetproducts.com\/wp-content\/uploads\/2025\/07\/\u5fae\u4fe1\u56fe\u7247_20250715165659-768x1114.jpg 768w, https:\/\/vestpetproducts.com\/wp-content\/uploads\/2025\/07\/\u5fae\u4fe1\u56fe\u7247_20250715165659-8x12.jpg 8w, https:\/\/vestpetproducts.com\/wp-content\/uploads\/2025\/07\/\u5fae\u4fe1\u56fe\u7247_20250715165659-52x75.jpg 52w, https:\/\/vestpetproducts.com\/wp-content\/uploads\/2025\/07\/\u5fae\u4fe1\u56fe\u7247_20250715165659-480x696.jpg 480w, https:\/\/vestpetproducts.com\/wp-content\/uploads\/2025\/07\/\u5fae\u4fe1\u56fe\u7247_20250715165659-800x1161.jpg 800w\" sizes=\"auto, (max-width:767px) 480px, 728px\" \/><\/p>","protected":false},"excerpt":{"rendered":"<p>Peso unit\u00e1rio: 50g * 6 unidades<\/p>\n<p>Sabor: Frango<\/p>\n<p>Mousse cremosa de frango em bisnagas port\u00e1teis \u2013 Petiscos irresist\u00edveis para gatos<\/p>\n<p>Mime seu felino com nossa mousse de frango macia e sedosa, embalada em pr\u00e1ticas mini-tubos para uma experi\u00eancia sem sujeira. Esta f\u00f3rmula rica em prote\u00ednas e aprovada por veterin\u00e1rios oferece uma explos\u00e3o de sabor irresist\u00edvel em uma textura que os gatos adoram \u2014 perfeita para recompensar, fortalecer o v\u00ednculo ou simplesmente mimar seu pet.<\/p>\n<p>Principais caracter\u00edsticas:<br \/>\n\u2714 Receita Gourmet de Frango \u2013 Carne de verdade como ingrediente principal #1<br \/>\n\u2714 Textura de mousse ultramacia \u2013 Ideal para gatinhos e animais idosos<br \/>\n\u2714 Suporte \u00e0 hidrata\u00e7\u00e3o \u2013 F\u00f3rmula rica em hidrata\u00e7\u00e3o<br \/>\n\u2714 Tubos port\u00e1teis \u2013 \u00d3timos para viagens ou para levar guloseimas para qualquer lugar.<br \/>\n\u2714 Sem aditivos nocivos \u2013 Livre de gr\u00e3os, gomas e conservantes artificiais<\/p>","protected":false},"featured_media":705,"template":"","meta":{"content-type":""},"product_brand":[],"product_cat":[14,121],"product_tag":[],"class_list":{"0":"post-704","1":"product","2":"type-product","3":"status-publish","4":"has-post-thumbnail","6":"product_cat-pet-food","7":"product_cat-wet-food","9":"first","10":"instock","11":"shipping-taxable","12":"product-type-simple"},"yoast_head":"<!-- This site is optimized with the Yoast SEO plugin v24.9 - https:\/\/yoast.com\/wordpress\/plugins\/seo\/ -->\n<title>Goat Milk Chicken Meal Box Cat Staple Food Wholesale OEM ODM Wet Food Main Meal Kittens Can Be Customization - Shandong Vest International Trade Co., Ltd.<\/title>\n<meta name=\"robots\" content=\"index, follow, max-snippet:-1, max-image-preview:large, max-video-preview:-1\" \/>\n<link rel=\"canonical\" href=\"https:\/\/vestpetproducts.com\/pt\/produto\/goat-milk-chicken-meal-box-cat-staple-food-wholesale-oem-odm-wet-food-main-meal-kittens-can-be-customization\/\" \/>\n<meta property=\"og:locale\" content=\"pt_PT\" \/>\n<meta property=\"og:type\" content=\"article\" \/>\n<meta property=\"og:title\" content=\"Goat Milk Chicken Meal Box Cat Staple Food Wholesale OEM ODM Wet Food Main Meal Kittens Can Be Customization - Shandong Vest International Trade Co., Ltd.\" \/>\n<meta property=\"og:description\" content=\"Unit Weight\uff1a50g*6 pcs  Flavor\uff1a\u00a0 Chicken  Creamy Chicken Mousse in Portable Tubes \u2013 Irresistible Cat Treats  Pamper your feline with our silky-smooth chicken mousse, packed in convenient mini tubes for mess-free enjoyment. This high-protein, vet-approved formula delivers a burst of savory flavor in a lickable texture cats adore\u2014perfect for rewarding, bonding, or simply spoiling your pet.  Key Features: &#x2714; Gourmet Chicken Recipe \u2013 Real meat as the #1 ingredient &#x2714; Ultra-Smooth Mousse Texture \u2013 Ideal for kittens &amp; seniors &#x2714; Hydration Support \u2013 Moisture-rich formula &#x2714; Portable Tubes \u2013 Great for travel or on-the-go treats &#x2714; No Harmful Additives \u2013 Free from grains, gums, and artificial preservatives\" \/>\n<meta property=\"og:url\" content=\"https:\/\/vestpetproducts.com\/pt\/produto\/goat-milk-chicken-meal-box-cat-staple-food-wholesale-oem-odm-wet-food-main-meal-kittens-can-be-customization\/\" \/>\n<meta property=\"og:site_name\" content=\"Shandong Vest International Trade Co., Ltd.\" \/>\n<meta property=\"article:modified_time\" content=\"2025-08-12T08:25:35+00:00\" \/>\n<meta property=\"og:image\" content=\"https:\/\/vestpetproducts.com\/wp-content\/uploads\/2025\/07\/3-5.png\" \/>\n\t<meta property=\"og:image:width\" content=\"800\" \/>\n\t<meta property=\"og:image:height\" content=\"800\" \/>\n\t<meta property=\"og:image:type\" content=\"image\/png\" \/>\n<meta name=\"twitter:card\" content=\"summary_large_image\" \/>\n<meta name=\"twitter:label1\" content=\"Tempo estimado de leitura\" \/>\n\t<meta name=\"twitter:data1\" content=\"2 minutos\" \/>\n<script type=\"application\/ld+json\" class=\"yoast-schema-graph\">{\"@context\":\"https:\/\/schema.org\",\"@graph\":[{\"@type\":\"WebPage\",\"@id\":\"https:\/\/vestpetproducts.com\/product\/goat-milk-chicken-meal-box-cat-staple-food-wholesale-oem-odm-wet-food-main-meal-kittens-can-be-customization\/\",\"url\":\"https:\/\/vestpetproducts.com\/product\/goat-milk-chicken-meal-box-cat-staple-food-wholesale-oem-odm-wet-food-main-meal-kittens-can-be-customization\/\",\"name\":\"Goat Milk Chicken Meal Box Cat Staple Food Wholesale OEM ODM Wet Food Main Meal Kittens Can Be Customization - Shandong Vest International Trade Co., Ltd.\",\"isPartOf\":{\"@id\":\"https:\/\/vestpetproducts.com\/#website\"},\"primaryImageOfPage\":{\"@id\":\"https:\/\/vestpetproducts.com\/product\/goat-milk-chicken-meal-box-cat-staple-food-wholesale-oem-odm-wet-food-main-meal-kittens-can-be-customization\/#primaryimage\"},\"image\":{\"@id\":\"https:\/\/vestpetproducts.com\/product\/goat-milk-chicken-meal-box-cat-staple-food-wholesale-oem-odm-wet-food-main-meal-kittens-can-be-customization\/#primaryimage\"},\"thumbnailUrl\":\"https:\/\/vestpetproducts.com\/wp-content\/uploads\/2025\/07\/3-5.png\",\"datePublished\":\"2025-07-17T06:55:20+00:00\",\"dateModified\":\"2025-08-12T08:25:35+00:00\",\"breadcrumb\":{\"@id\":\"https:\/\/vestpetproducts.com\/product\/goat-milk-chicken-meal-box-cat-staple-food-wholesale-oem-odm-wet-food-main-meal-kittens-can-be-customization\/#breadcrumb\"},\"inLanguage\":\"pt-PT\",\"potentialAction\":[{\"@type\":\"ReadAction\",\"target\":[\"https:\/\/vestpetproducts.com\/product\/goat-milk-chicken-meal-box-cat-staple-food-wholesale-oem-odm-wet-food-main-meal-kittens-can-be-customization\/\"]}]},{\"@type\":\"ImageObject\",\"inLanguage\":\"pt-PT\",\"@id\":\"https:\/\/vestpetproducts.com\/product\/goat-milk-chicken-meal-box-cat-staple-food-wholesale-oem-odm-wet-food-main-meal-kittens-can-be-customization\/#primaryimage\",\"url\":\"https:\/\/vestpetproducts.com\/wp-content\/uploads\/2025\/07\/3-5.png\",\"contentUrl\":\"https:\/\/vestpetproducts.com\/wp-content\/uploads\/2025\/07\/3-5.png\",\"width\":800,\"height\":800},{\"@type\":\"BreadcrumbList\",\"@id\":\"https:\/\/vestpetproducts.com\/product\/goat-milk-chicken-meal-box-cat-staple-food-wholesale-oem-odm-wet-food-main-meal-kittens-can-be-customization\/#breadcrumb\",\"itemListElement\":[{\"@type\":\"ListItem\",\"position\":1,\"name\":\"\u9996\u9875\",\"item\":\"https:\/\/vestpetproducts.com\/\"},{\"@type\":\"ListItem\",\"position\":2,\"name\":\"Product\",\"item\":\"https:\/\/vestpetproducts.com\/product\/\"},{\"@type\":\"ListItem\",\"position\":3,\"name\":\"Goat Milk Chicken Meal Box Cat Staple Food Wholesale OEM ODM Wet Food Main Meal Kittens Can Be Customization\"}]},{\"@type\":\"WebSite\",\"@id\":\"https:\/\/vestpetproducts.com\/#website\",\"url\":\"https:\/\/vestpetproducts.com\/\",\"name\":\"Shandong Vest International Trade Co., Ltd.\",\"description\":\"Shandong Vest International Trade Co., Ltd.\",\"potentialAction\":[{\"@type\":\"SearchAction\",\"target\":{\"@type\":\"EntryPoint\",\"urlTemplate\":\"https:\/\/vestpetproducts.com\/?s={search_term_string}\"},\"query-input\":{\"@type\":\"PropertyValueSpecification\",\"valueRequired\":true,\"valueName\":\"search_term_string\"}}],\"inLanguage\":\"pt-PT\"}]}<\/script>\n<!-- \/ Yoast SEO plugin. -->","yoast_head_json":{"title":"Goat Milk Chicken Meal Box Cat Staple Food Wholesale OEM ODM Wet Food Main Meal Kittens Can Be Customization - Shandong Vest International Trade Co., Ltd.","robots":{"index":"index","follow":"follow","max-snippet":"max-snippet:-1","max-image-preview":"max-image-preview:large","max-video-preview":"max-video-preview:-1"},"canonical":"https:\/\/vestpetproducts.com\/pt\/produto\/goat-milk-chicken-meal-box-cat-staple-food-wholesale-oem-odm-wet-food-main-meal-kittens-can-be-customization\/","og_locale":"pt_PT","og_type":"article","og_title":"Goat Milk Chicken Meal Box Cat Staple Food Wholesale OEM ODM Wet Food Main Meal Kittens Can Be Customization - Shandong Vest International Trade Co., Ltd.","og_description":"Unit Weight\uff1a50g*6 pcs  Flavor\uff1a\u00a0 Chicken  Creamy Chicken Mousse in Portable Tubes \u2013 Irresistible Cat Treats  Pamper your feline with our silky-smooth chicken mousse, packed in convenient mini tubes for mess-free enjoyment. This high-protein, vet-approved formula delivers a burst of savory flavor in a lickable texture cats adore\u2014perfect for rewarding, bonding, or simply spoiling your pet.  Key Features: &#x2714; Gourmet Chicken Recipe \u2013 Real meat as the #1 ingredient &#x2714; Ultra-Smooth Mousse Texture \u2013 Ideal for kittens &amp; seniors &#x2714; Hydration Support \u2013 Moisture-rich formula &#x2714; Portable Tubes \u2013 Great for travel or on-the-go treats &#x2714; No Harmful Additives \u2013 Free from grains, gums, and artificial preservatives","og_url":"https:\/\/vestpetproducts.com\/pt\/produto\/goat-milk-chicken-meal-box-cat-staple-food-wholesale-oem-odm-wet-food-main-meal-kittens-can-be-customization\/","og_site_name":"Shandong Vest International Trade Co., Ltd.","article_modified_time":"2025-08-12T08:25:35+00:00","og_image":[{"width":800,"height":800,"url":"https:\/\/vestpetproducts.com\/wp-content\/uploads\/2025\/07\/3-5.png","type":"image\/png"}],"twitter_card":"summary_large_image","twitter_misc":{"Tempo estimado de leitura":"2 minutos"},"schema":{"@context":"https:\/\/schema.org","@graph":[{"@type":"WebPage","@id":"https:\/\/vestpetproducts.com\/product\/goat-milk-chicken-meal-box-cat-staple-food-wholesale-oem-odm-wet-food-main-meal-kittens-can-be-customization\/","url":"https:\/\/vestpetproducts.com\/product\/goat-milk-chicken-meal-box-cat-staple-food-wholesale-oem-odm-wet-food-main-meal-kittens-can-be-customization\/","name":"Goat Milk Chicken Meal Box Cat Staple Food Wholesale OEM ODM Wet Food Main Meal Kittens Can Be Customization - Shandong Vest International Trade Co., Ltd.","isPartOf":{"@id":"https:\/\/vestpetproducts.com\/#website"},"primaryImageOfPage":{"@id":"https:\/\/vestpetproducts.com\/product\/goat-milk-chicken-meal-box-cat-staple-food-wholesale-oem-odm-wet-food-main-meal-kittens-can-be-customization\/#primaryimage"},"image":{"@id":"https:\/\/vestpetproducts.com\/product\/goat-milk-chicken-meal-box-cat-staple-food-wholesale-oem-odm-wet-food-main-meal-kittens-can-be-customization\/#primaryimage"},"thumbnailUrl":"https:\/\/vestpetproducts.com\/wp-content\/uploads\/2025\/07\/3-5.png","datePublished":"2025-07-17T06:55:20+00:00","dateModified":"2025-08-12T08:25:35+00:00","breadcrumb":{"@id":"https:\/\/vestpetproducts.com\/product\/goat-milk-chicken-meal-box-cat-staple-food-wholesale-oem-odm-wet-food-main-meal-kittens-can-be-customization\/#breadcrumb"},"inLanguage":"pt-PT","potentialAction":[{"@type":"ReadAction","target":["https:\/\/vestpetproducts.com\/product\/goat-milk-chicken-meal-box-cat-staple-food-wholesale-oem-odm-wet-food-main-meal-kittens-can-be-customization\/"]}]},{"@type":"ImageObject","inLanguage":"pt-PT","@id":"https:\/\/vestpetproducts.com\/product\/goat-milk-chicken-meal-box-cat-staple-food-wholesale-oem-odm-wet-food-main-meal-kittens-can-be-customization\/#primaryimage","url":"https:\/\/vestpetproducts.com\/wp-content\/uploads\/2025\/07\/3-5.png","contentUrl":"https:\/\/vestpetproducts.com\/wp-content\/uploads\/2025\/07\/3-5.png","width":800,"height":800},{"@type":"BreadcrumbList","@id":"https:\/\/vestpetproducts.com\/product\/goat-milk-chicken-meal-box-cat-staple-food-wholesale-oem-odm-wet-food-main-meal-kittens-can-be-customization\/#breadcrumb","itemListElement":[{"@type":"ListItem","position":1,"name":"\u9996\u9875","item":"https:\/\/vestpetproducts.com\/"},{"@type":"ListItem","position":2,"name":"Product","item":"https:\/\/vestpetproducts.com\/product\/"},{"@type":"ListItem","position":3,"name":"Goat Milk Chicken Meal Box Cat Staple Food Wholesale OEM ODM Wet Food Main Meal Kittens Can Be Customization"}]},{"@type":"WebSite","@id":"https:\/\/vestpetproducts.com\/#website","url":"https:\/\/vestpetproducts.com\/","name":"Shandong Vest International Trade Co., Ltd.","description":"Shandong Vest International Trade Co., Ltd.","potentialAction":[{"@type":"SearchAction","target":{"@type":"EntryPoint","urlTemplate":"https:\/\/vestpetproducts.com\/?s={search_term_string}"},"query-input":{"@type":"PropertyValueSpecification","valueRequired":true,"valueName":"search_term_string"}}],"inLanguage":"pt-PT"}]}},"_links":{"self":[{"href":"https:\/\/vestpetproducts.com\/pt\/wp-json\/wp\/v2\/product\/704","targetHints":{"allow":["GET"]}}],"collection":[{"href":"https:\/\/vestpetproducts.com\/pt\/wp-json\/wp\/v2\/product"}],"about":[{"href":"https:\/\/vestpetproducts.com\/pt\/wp-json\/wp\/v2\/types\/product"}],"wp:featuredmedia":[{"embeddable":true,"href":"https:\/\/vestpetproducts.com\/pt\/wp-json\/wp\/v2\/media\/705"}],"wp:attachment":[{"href":"https:\/\/vestpetproducts.com\/pt\/wp-json\/wp\/v2\/media?parent=704"}],"wp:term":[{"taxonomy":"product_brand","embeddable":true,"href":"https:\/\/vestpetproducts.com\/pt\/wp-json\/wp\/v2\/product_brand?post=704"},{"taxonomy":"product_cat","embeddable":true,"href":"https:\/\/vestpetproducts.com\/pt\/wp-json\/wp\/v2\/product_cat?post=704"},{"taxonomy":"product_tag","embeddable":true,"href":"https:\/\/vestpetproducts.com\/pt\/wp-json\/wp\/v2\/product_tag?post=704"}],"curies":[{"name":"wp","href":"https:\/\/api.w.org\/{rel}","templated":true}]}}