{"id":645,"date":"2025-07-17T05:38:08","date_gmt":"2025-07-17T05:38:08","guid":{"rendered":"https:\/\/vestpetproducts.com\/?post_type=product&#038;p=645"},"modified":"2025-08-12T08:50:59","modified_gmt":"2025-08-12T08:50:59","slug":"export-oem-odm-hot-sale-wet-food-cat-snacks-creamy-cat-bars-creamy-treat-cat-strips","status":"publish","type":"product","link":"https:\/\/vestpetproducts.com\/pt\/produto\/export-oem-odm-hot-sale-wet-food-cat-snacks-creamy-cat-bars-creamy-treat-cat-strips\/","title":{"rendered":"Exporta\u00e7\u00e3o OEM\/ODM Venda Quente Comida \u00damida Petiscos para Gatos Barras Cremosas para Gatos Tiras Cremosas para Gatos"},"content":{"rendered":"<p><img loading=\"lazy\" decoding=\"async\" class=\"aligncenter size-full wp-image-653\" src=\"http:\/\/vestpetproducts.com\/wp-content\/uploads\/2025\/07\/\u6cd5\u6069\u8d1d15g\u82f1\u6587\u732b\u676145\u8089\u542b-\u773c\u955c\u732b_03.jpg\" alt=\"\" width=\"750\" height=\"575\" srcset=\"https:\/\/vestpetproducts.com\/wp-content\/uploads\/2025\/07\/\u6cd5\u6069\u8d1d15g\u82f1\u6587\u732b\u676145\u8089\u542b-\u773c\u955c\u732b_03.jpg 750w, https:\/\/vestpetproducts.com\/wp-content\/uploads\/2025\/07\/\u6cd5\u6069\u8d1d15g\u82f1\u6587\u732b\u676145\u8089\u542b-\u773c\u955c\u732b_03-500x383.jpg 500w, https:\/\/vestpetproducts.com\/wp-content\/uploads\/2025\/07\/\u6cd5\u6069\u8d1d15g\u82f1\u6587\u732b\u676145\u8089\u542b-\u773c\u955c\u732b_03-300x230.jpg 300w, https:\/\/vestpetproducts.com\/wp-content\/uploads\/2025\/07\/\u6cd5\u6069\u8d1d15g\u82f1\u6587\u732b\u676145\u8089\u542b-\u773c\u955c\u732b_03-16x12.jpg 16w, https:\/\/vestpetproducts.com\/wp-content\/uploads\/2025\/07\/\u6cd5\u6069\u8d1d15g\u82f1\u6587\u732b\u676145\u8089\u542b-\u773c\u955c\u732b_03-98x75.jpg 98w, https:\/\/vestpetproducts.com\/wp-content\/uploads\/2025\/07\/\u6cd5\u6069\u8d1d15g\u82f1\u6587\u732b\u676145\u8089\u542b-\u773c\u955c\u732b_03-480x368.jpg 480w\" sizes=\"auto, (max-width:767px) 480px, 750px\" \/><img loading=\"lazy\" decoding=\"async\" class=\"aligncenter size-full wp-image-654\" src=\"http:\/\/vestpetproducts.com\/wp-content\/uploads\/2025\/07\/\u6cd5\u6069\u8d1d15g\u82f1\u6587\u732b\u676145\u8089\u542b-\u773c\u955c\u732b_04.jpg\" alt=\"\" width=\"750\" height=\"1220\" srcset=\"https:\/\/vestpetproducts.com\/wp-content\/uploads\/2025\/07\/\u6cd5\u6069\u8d1d15g\u82f1\u6587\u732b\u676145\u8089\u542b-\u773c\u955c\u732b_04.jpg 750w, https:\/\/vestpetproducts.com\/wp-content\/uploads\/2025\/07\/\u6cd5\u6069\u8d1d15g\u82f1\u6587\u732b\u676145\u8089\u542b-\u773c\u955c\u732b_04-307x500.jpg 307w, https:\/\/vestpetproducts.com\/wp-content\/uploads\/2025\/07\/\u6cd5\u6069\u8d1d15g\u82f1\u6587\u732b\u676145\u8089\u542b-\u773c\u955c\u732b_04-738x1200.jpg 738w, https:\/\/vestpetproducts.com\/wp-content\/uploads\/2025\/07\/\u6cd5\u6069\u8d1d15g\u82f1\u6587\u732b\u676145\u8089\u542b-\u773c\u955c\u732b_04-184x300.jpg 184w, https:\/\/vestpetproducts.com\/wp-content\/uploads\/2025\/07\/\u6cd5\u6069\u8d1d15g\u82f1\u6587\u732b\u676145\u8089\u542b-\u773c\u955c\u732b_04-7x12.jpg 7w, https:\/\/vestpetproducts.com\/wp-content\/uploads\/2025\/07\/\u6cd5\u6069\u8d1d15g\u82f1\u6587\u732b\u676145\u8089\u542b-\u773c\u955c\u732b_04-46x75.jpg 46w, https:\/\/vestpetproducts.com\/wp-content\/uploads\/2025\/07\/\u6cd5\u6069\u8d1d15g\u82f1\u6587\u732b\u676145\u8089\u542b-\u773c\u955c\u732b_04-480x781.jpg 480w\" sizes=\"auto, (max-width:767px) 480px, 750px\" \/><img loading=\"lazy\" decoding=\"async\" class=\"aligncenter wp-image-655\" src=\"http:\/\/vestpetproducts.com\/wp-content\/uploads\/2025\/07\/\u6cd5\u6069\u8d1d15g\u82f1\u6587\u732b\u676145\u8089\u542b-\u773c\u955c\u732b_05.jpg\" alt=\"\" width=\"745\" height=\"967\" srcset=\"https:\/\/vestpetproducts.com\/wp-content\/uploads\/2025\/07\/\u6cd5\u6069\u8d1d15g\u82f1\u6587\u732b\u676145\u8089\u542b-\u773c\u955c\u732b_05.jpg 1562w, https:\/\/vestpetproducts.com\/wp-content\/uploads\/2025\/07\/\u6cd5\u6069\u8d1d15g\u82f1\u6587\u732b\u676145\u8089\u542b-\u773c\u955c\u732b_05-385x500.jpg 385w, https:\/\/vestpetproducts.com\/wp-content\/uploads\/2025\/07\/\u6cd5\u6069\u8d1d15g\u82f1\u6587\u732b\u676145\u8089\u542b-\u773c\u955c\u732b_05-924x1200.jpg 924w, https:\/\/vestpetproducts.com\/wp-content\/uploads\/2025\/07\/\u6cd5\u6069\u8d1d15g\u82f1\u6587\u732b\u676145\u8089\u542b-\u773c\u955c\u732b_05-231x300.jpg 231w, https:\/\/vestpetproducts.com\/wp-content\/uploads\/2025\/07\/\u6cd5\u6069\u8d1d15g\u82f1\u6587\u732b\u676145\u8089\u542b-\u773c\u955c\u732b_05-768x998.jpg 768w, https:\/\/vestpetproducts.com\/wp-content\/uploads\/2025\/07\/\u6cd5\u6069\u8d1d15g\u82f1\u6587\u732b\u676145\u8089\u542b-\u773c\u955c\u732b_05-1182x1536.jpg 1182w, https:\/\/vestpetproducts.com\/wp-content\/uploads\/2025\/07\/\u6cd5\u6069\u8d1d15g\u82f1\u6587\u732b\u676145\u8089\u542b-\u773c\u955c\u732b_05-9x12.jpg 9w, https:\/\/vestpetproducts.com\/wp-content\/uploads\/2025\/07\/\u6cd5\u6069\u8d1d15g\u82f1\u6587\u732b\u676145\u8089\u542b-\u773c\u955c\u732b_05-58x75.jpg 58w, https:\/\/vestpetproducts.com\/wp-content\/uploads\/2025\/07\/\u6cd5\u6069\u8d1d15g\u82f1\u6587\u732b\u676145\u8089\u542b-\u773c\u955c\u732b_05-480x624.jpg 480w, https:\/\/vestpetproducts.com\/wp-content\/uploads\/2025\/07\/\u6cd5\u6069\u8d1d15g\u82f1\u6587\u732b\u676145\u8089\u542b-\u773c\u955c\u732b_05-800x1039.jpg 800w\" sizes=\"auto, (max-width:767px) 480px, 745px\" \/><\/p>\n<p><img loading=\"lazy\" decoding=\"async\" class=\"aligncenter size-full wp-image-374\" src=\"http:\/\/vestpetproducts.com\/wp-content\/uploads\/2025\/07\/\u5fae\u4fe1\u56fe\u7247_20250715165725.jpg\" alt=\"\" width=\"800\" height=\"800\" srcset=\"https:\/\/vestpetproducts.com\/wp-content\/uploads\/2025\/07\/\u5fae\u4fe1\u56fe\u7247_20250715165725.jpg 800w, https:\/\/vestpetproducts.com\/wp-content\/uploads\/2025\/07\/\u5fae\u4fe1\u56fe\u7247_20250715165725-500x500.jpg 500w, https:\/\/vestpetproducts.com\/wp-content\/uploads\/2025\/07\/\u5fae\u4fe1\u56fe\u7247_20250715165725-300x300.jpg 300w, https:\/\/vestpetproducts.com\/wp-content\/uploads\/2025\/07\/\u5fae\u4fe1\u56fe\u7247_20250715165725-768x768.jpg 768w, https:\/\/vestpetproducts.com\/wp-content\/uploads\/2025\/07\/\u5fae\u4fe1\u56fe\u7247_20250715165725-12x12.jpg 12w, https:\/\/vestpetproducts.com\/wp-content\/uploads\/2025\/07\/\u5fae\u4fe1\u56fe\u7247_20250715165725-150x150.jpg 150w, https:\/\/vestpetproducts.com\/wp-content\/uploads\/2025\/07\/\u5fae\u4fe1\u56fe\u7247_20250715165725-75x75.jpg 75w, https:\/\/vestpetproducts.com\/wp-content\/uploads\/2025\/07\/\u5fae\u4fe1\u56fe\u7247_20250715165725-480x480.jpg 480w\" sizes=\"auto, (max-width:767px) 480px, (max-width:800px) 100vw, 800px\" \/><img loading=\"lazy\" decoding=\"async\" class=\"aligncenter wp-image-376\" src=\"http:\/\/vestpetproducts.com\/wp-content\/uploads\/2025\/07\/\u5fae\u4fe1\u56fe\u7247_20250715165719.jpg\" alt=\"\" width=\"680\" height=\"680\" srcset=\"https:\/\/vestpetproducts.com\/wp-content\/uploads\/2025\/07\/\u5fae\u4fe1\u56fe\u7247_20250715165719.jpg 1200w, https:\/\/vestpetproducts.com\/wp-content\/uploads\/2025\/07\/\u5fae\u4fe1\u56fe\u7247_20250715165719-500x500.jpg 500w, https:\/\/vestpetproducts.com\/wp-content\/uploads\/2025\/07\/\u5fae\u4fe1\u56fe\u7247_20250715165719-300x300.jpg 300w, https:\/\/vestpetproducts.com\/wp-content\/uploads\/2025\/07\/\u5fae\u4fe1\u56fe\u7247_20250715165719-768x768.jpg 768w, https:\/\/vestpetproducts.com\/wp-content\/uploads\/2025\/07\/\u5fae\u4fe1\u56fe\u7247_20250715165719-12x12.jpg 12w, https:\/\/vestpetproducts.com\/wp-content\/uploads\/2025\/07\/\u5fae\u4fe1\u56fe\u7247_20250715165719-150x150.jpg 150w, https:\/\/vestpetproducts.com\/wp-content\/uploads\/2025\/07\/\u5fae\u4fe1\u56fe\u7247_20250715165719-75x75.jpg 75w, https:\/\/vestpetproducts.com\/wp-content\/uploads\/2025\/07\/\u5fae\u4fe1\u56fe\u7247_20250715165719-480x480.jpg 480w, https:\/\/vestpetproducts.com\/wp-content\/uploads\/2025\/07\/\u5fae\u4fe1\u56fe\u7247_20250715165719-800x800.jpg 800w\" sizes=\"auto, (max-width:767px) 480px, 680px\" \/><\/p>\n<p><img loading=\"lazy\" decoding=\"async\" class=\"wp-image-391 aligncenter\" src=\"http:\/\/vestpetproducts.com\/wp-content\/uploads\/2025\/07\/\u8d44\u8d28\u8bc1\u4e66\u5c55\u793a.jpg\" alt=\"\" width=\"730\" height=\"814\" srcset=\"https:\/\/vestpetproducts.com\/wp-content\/uploads\/2025\/07\/\u8d44\u8d28\u8bc1\u4e66\u5c55\u793a.jpg 918w, https:\/\/vestpetproducts.com\/wp-content\/uploads\/2025\/07\/\u8d44\u8d28\u8bc1\u4e66\u5c55\u793a-448x500.jpg 448w, https:\/\/vestpetproducts.com\/wp-content\/uploads\/2025\/07\/\u8d44\u8d28\u8bc1\u4e66\u5c55\u793a-269x300.jpg 269w, https:\/\/vestpetproducts.com\/wp-content\/uploads\/2025\/07\/\u8d44\u8d28\u8bc1\u4e66\u5c55\u793a-768x857.jpg 768w, https:\/\/vestpetproducts.com\/wp-content\/uploads\/2025\/07\/\u8d44\u8d28\u8bc1\u4e66\u5c55\u793a-11x12.jpg 11w, https:\/\/vestpetproducts.com\/wp-content\/uploads\/2025\/07\/\u8d44\u8d28\u8bc1\u4e66\u5c55\u793a-67x75.jpg 67w, https:\/\/vestpetproducts.com\/wp-content\/uploads\/2025\/07\/\u8d44\u8d28\u8bc1\u4e66\u5c55\u793a-480x535.jpg 480w, https:\/\/vestpetproducts.com\/wp-content\/uploads\/2025\/07\/\u8d44\u8d28\u8bc1\u4e66\u5c55\u793a-800x892.jpg 800w\" sizes=\"auto, (max-width:767px) 480px, 730px\" \/><\/p>\n<p>&nbsp;<\/p>\n<p><img loading=\"lazy\" decoding=\"async\" class=\"aligncenter wp-image-379\" src=\"http:\/\/vestpetproducts.com\/wp-content\/uploads\/2025\/07\/\u5fae\u4fe1\u56fe\u7247_20250715165659.jpg\" alt=\"\" width=\"728\" height=\"1056\" srcset=\"https:\/\/vestpetproducts.com\/wp-content\/uploads\/2025\/07\/\u5fae\u4fe1\u56fe\u7247_20250715165659.jpg 803w, https:\/\/vestpetproducts.com\/wp-content\/uploads\/2025\/07\/\u5fae\u4fe1\u56fe\u7247_20250715165659-345x500.jpg 345w, https:\/\/vestpetproducts.com\/wp-content\/uploads\/2025\/07\/\u5fae\u4fe1\u56fe\u7247_20250715165659-207x300.jpg 207w, https:\/\/vestpetproducts.com\/wp-content\/uploads\/2025\/07\/\u5fae\u4fe1\u56fe\u7247_20250715165659-768x1114.jpg 768w, https:\/\/vestpetproducts.com\/wp-content\/uploads\/2025\/07\/\u5fae\u4fe1\u56fe\u7247_20250715165659-8x12.jpg 8w, https:\/\/vestpetproducts.com\/wp-content\/uploads\/2025\/07\/\u5fae\u4fe1\u56fe\u7247_20250715165659-52x75.jpg 52w, https:\/\/vestpetproducts.com\/wp-content\/uploads\/2025\/07\/\u5fae\u4fe1\u56fe\u7247_20250715165659-480x696.jpg 480w, https:\/\/vestpetproducts.com\/wp-content\/uploads\/2025\/07\/\u5fae\u4fe1\u56fe\u7247_20250715165659-800x1161.jpg 800w\" sizes=\"auto, (max-width:767px) 480px, 728px\" \/><\/p>","protected":false},"excerpt":{"rendered":"<p>Peso unit\u00e1rio: 15g<\/p>\n<p>Sabor: Carne, Bacalhau, Frango + Erva-de-gato<\/p>\n<p>Petiscos gourmet para gatos \u2013 Carne bovina, bacalhau e frango com erva-de-gato<\/p>\n<p>Mime seu amigo felino com nosso trio de petiscos ricos em prote\u00ednas, com sabores da terra e do mar, enriquecidos com erva-de-gato para a sa\u00fade digestiva. Esses petiscos sem gr\u00e3os e com ingredientes naturais satisfazem os desejos carn\u00edvoros do seu gato, ao mesmo tempo que oferecem benef\u00edcios nutricionais.<\/p>\n<p>Principais caracter\u00edsticas:<br \/>\n\u2714 3 fontes de prote\u00edna premium \u2013 variedades de carne bovina, bacalhau e frango<br \/>\n\u2714 Erva-de-gato enriquecida \u2013 Auxilia na digest\u00e3o e no controle de bolas de pelo<br \/>\n\u2714 Textura irresist\u00edvel \u2013 Tamanho perfeito para o deleite dos felinos<br \/>\n\u2714 Formato ideal para treinamento \u2013 Conveniente para refor\u00e7o positivo<\/p>","protected":false},"featured_media":646,"template":"","meta":{"content-type":""},"product_brand":[],"product_cat":[14,121],"product_tag":[],"class_list":{"0":"post-645","1":"product","2":"type-product","3":"status-publish","4":"has-post-thumbnail","6":"product_cat-pet-food","7":"product_cat-wet-food","9":"first","10":"instock","11":"shipping-taxable","12":"product-type-simple"},"yoast_head":"<!-- This site is optimized with the Yoast SEO plugin v24.9 - https:\/\/yoast.com\/wordpress\/plugins\/seo\/ -->\n<title>Export OEM\/ODM Hot Sale Wet Food Cat Snacks Creamy Cat Bars Creamy Treat Cat Strips - Shandong Vest International Trade Co., Ltd.<\/title>\n<meta name=\"robots\" content=\"index, follow, max-snippet:-1, max-image-preview:large, max-video-preview:-1\" \/>\n<link rel=\"canonical\" href=\"https:\/\/vestpetproducts.com\/pt\/produto\/export-oem-odm-hot-sale-wet-food-cat-snacks-creamy-cat-bars-creamy-treat-cat-strips\/\" \/>\n<meta property=\"og:locale\" content=\"pt_PT\" \/>\n<meta property=\"og:type\" content=\"article\" \/>\n<meta property=\"og:title\" content=\"Export OEM\/ODM Hot Sale Wet Food Cat Snacks Creamy Cat Bars Creamy Treat Cat Strips - Shandong Vest International Trade Co., Ltd.\" \/>\n<meta property=\"og:description\" content=\"Unit Weight\uff1a15g pcs  Flavor\uff1a Beef\u00a0 \u00a0Cod fish Cicken+Catgrass  Gourmet Cat Treats - Beef, Codfish &amp; Chicken with Catgrass  Spoil your feline friend with our protein-rich trio of land and sea flavors, enhanced with wholesome catgrass for digestive health. These grain-free, natural ingredient treats satisfy your cat&#039;s carnivorous cravings while providing nutritional benefits.  Key Features: &#x2714; 3 Premium Protein Sources - Beef, codfish and chicken varieties &#x2714; Catgrass Enriched - Aids digestion and hairball control &#x2714; Irresistible Texture - Perfectly sized for feline enjoyment &#x2714; Training-Friendly Format - Convenient for positive reinforcement\" \/>\n<meta property=\"og:url\" content=\"https:\/\/vestpetproducts.com\/pt\/produto\/export-oem-odm-hot-sale-wet-food-cat-snacks-creamy-cat-bars-creamy-treat-cat-strips\/\" \/>\n<meta property=\"og:site_name\" content=\"Shandong Vest International Trade Co., Ltd.\" \/>\n<meta property=\"article:modified_time\" content=\"2025-08-12T08:50:59+00:00\" \/>\n<meta property=\"og:image\" content=\"https:\/\/vestpetproducts.com\/wp-content\/uploads\/2025\/07\/\u732b\u676145\u8089\u542b-\u773c\u955c\u732b\u4e3b\u56fe2.jpg\" \/>\n\t<meta property=\"og:image:width\" content=\"800\" \/>\n\t<meta property=\"og:image:height\" content=\"800\" \/>\n\t<meta property=\"og:image:type\" content=\"image\/jpeg\" \/>\n<meta name=\"twitter:card\" content=\"summary_large_image\" \/>\n<meta name=\"twitter:label1\" content=\"Tempo estimado de leitura\" \/>\n\t<meta name=\"twitter:data1\" content=\"2 minutos\" \/>\n<script type=\"application\/ld+json\" class=\"yoast-schema-graph\">{\"@context\":\"https:\/\/schema.org\",\"@graph\":[{\"@type\":\"WebPage\",\"@id\":\"https:\/\/vestpetproducts.com\/product\/export-oem-odm-hot-sale-wet-food-cat-snacks-creamy-cat-bars-creamy-treat-cat-strips\/\",\"url\":\"https:\/\/vestpetproducts.com\/product\/export-oem-odm-hot-sale-wet-food-cat-snacks-creamy-cat-bars-creamy-treat-cat-strips\/\",\"name\":\"Export OEM\/ODM Hot Sale Wet Food Cat Snacks Creamy Cat Bars Creamy Treat Cat Strips - Shandong Vest International Trade Co., Ltd.\",\"isPartOf\":{\"@id\":\"https:\/\/vestpetproducts.com\/#website\"},\"primaryImageOfPage\":{\"@id\":\"https:\/\/vestpetproducts.com\/product\/export-oem-odm-hot-sale-wet-food-cat-snacks-creamy-cat-bars-creamy-treat-cat-strips\/#primaryimage\"},\"image\":{\"@id\":\"https:\/\/vestpetproducts.com\/product\/export-oem-odm-hot-sale-wet-food-cat-snacks-creamy-cat-bars-creamy-treat-cat-strips\/#primaryimage\"},\"thumbnailUrl\":\"https:\/\/vestpetproducts.com\/wp-content\/uploads\/2025\/07\/\u732b\u676145\u8089\u542b-\u773c\u955c\u732b\u4e3b\u56fe2.jpg\",\"datePublished\":\"2025-07-17T05:38:08+00:00\",\"dateModified\":\"2025-08-12T08:50:59+00:00\",\"breadcrumb\":{\"@id\":\"https:\/\/vestpetproducts.com\/product\/export-oem-odm-hot-sale-wet-food-cat-snacks-creamy-cat-bars-creamy-treat-cat-strips\/#breadcrumb\"},\"inLanguage\":\"pt-PT\",\"potentialAction\":[{\"@type\":\"ReadAction\",\"target\":[\"https:\/\/vestpetproducts.com\/product\/export-oem-odm-hot-sale-wet-food-cat-snacks-creamy-cat-bars-creamy-treat-cat-strips\/\"]}]},{\"@type\":\"ImageObject\",\"inLanguage\":\"pt-PT\",\"@id\":\"https:\/\/vestpetproducts.com\/product\/export-oem-odm-hot-sale-wet-food-cat-snacks-creamy-cat-bars-creamy-treat-cat-strips\/#primaryimage\",\"url\":\"https:\/\/vestpetproducts.com\/wp-content\/uploads\/2025\/07\/\u732b\u676145\u8089\u542b-\u773c\u955c\u732b\u4e3b\u56fe2.jpg\",\"contentUrl\":\"https:\/\/vestpetproducts.com\/wp-content\/uploads\/2025\/07\/\u732b\u676145\u8089\u542b-\u773c\u955c\u732b\u4e3b\u56fe2.jpg\",\"width\":800,\"height\":800},{\"@type\":\"BreadcrumbList\",\"@id\":\"https:\/\/vestpetproducts.com\/product\/export-oem-odm-hot-sale-wet-food-cat-snacks-creamy-cat-bars-creamy-treat-cat-strips\/#breadcrumb\",\"itemListElement\":[{\"@type\":\"ListItem\",\"position\":1,\"name\":\"\u9996\u9875\",\"item\":\"https:\/\/vestpetproducts.com\/\"},{\"@type\":\"ListItem\",\"position\":2,\"name\":\"Product\",\"item\":\"https:\/\/vestpetproducts.com\/product\/\"},{\"@type\":\"ListItem\",\"position\":3,\"name\":\"Export OEM\/ODM Hot Sale Wet Food Cat Snacks Creamy Cat Bars Creamy Treat Cat Strips\"}]},{\"@type\":\"WebSite\",\"@id\":\"https:\/\/vestpetproducts.com\/#website\",\"url\":\"https:\/\/vestpetproducts.com\/\",\"name\":\"Shandong Vest International Trade Co., Ltd.\",\"description\":\"Shandong Vest International Trade Co., Ltd.\",\"potentialAction\":[{\"@type\":\"SearchAction\",\"target\":{\"@type\":\"EntryPoint\",\"urlTemplate\":\"https:\/\/vestpetproducts.com\/?s={search_term_string}\"},\"query-input\":{\"@type\":\"PropertyValueSpecification\",\"valueRequired\":true,\"valueName\":\"search_term_string\"}}],\"inLanguage\":\"pt-PT\"}]}<\/script>\n<!-- \/ Yoast SEO plugin. -->","yoast_head_json":{"title":"Export OEM\/ODM Hot Sale Wet Food Cat Snacks Creamy Cat Bars Creamy Treat Cat Strips - Shandong Vest International Trade Co., Ltd.","robots":{"index":"index","follow":"follow","max-snippet":"max-snippet:-1","max-image-preview":"max-image-preview:large","max-video-preview":"max-video-preview:-1"},"canonical":"https:\/\/vestpetproducts.com\/pt\/produto\/export-oem-odm-hot-sale-wet-food-cat-snacks-creamy-cat-bars-creamy-treat-cat-strips\/","og_locale":"pt_PT","og_type":"article","og_title":"Export OEM\/ODM Hot Sale Wet Food Cat Snacks Creamy Cat Bars Creamy Treat Cat Strips - Shandong Vest International Trade Co., Ltd.","og_description":"Unit Weight\uff1a15g pcs  Flavor\uff1a Beef\u00a0 \u00a0Cod fish Cicken+Catgrass  Gourmet Cat Treats - Beef, Codfish &amp; Chicken with Catgrass  Spoil your feline friend with our protein-rich trio of land and sea flavors, enhanced with wholesome catgrass for digestive health. These grain-free, natural ingredient treats satisfy your cat's carnivorous cravings while providing nutritional benefits.  Key Features: &#x2714; 3 Premium Protein Sources - Beef, codfish and chicken varieties &#x2714; Catgrass Enriched - Aids digestion and hairball control &#x2714; Irresistible Texture - Perfectly sized for feline enjoyment &#x2714; Training-Friendly Format - Convenient for positive reinforcement","og_url":"https:\/\/vestpetproducts.com\/pt\/produto\/export-oem-odm-hot-sale-wet-food-cat-snacks-creamy-cat-bars-creamy-treat-cat-strips\/","og_site_name":"Shandong Vest International Trade Co., Ltd.","article_modified_time":"2025-08-12T08:50:59+00:00","og_image":[{"width":800,"height":800,"url":"https:\/\/vestpetproducts.com\/wp-content\/uploads\/2025\/07\/\u732b\u676145\u8089\u542b-\u773c\u955c\u732b\u4e3b\u56fe2.jpg","type":"image\/jpeg"}],"twitter_card":"summary_large_image","twitter_misc":{"Tempo estimado de leitura":"2 minutos"},"schema":{"@context":"https:\/\/schema.org","@graph":[{"@type":"WebPage","@id":"https:\/\/vestpetproducts.com\/product\/export-oem-odm-hot-sale-wet-food-cat-snacks-creamy-cat-bars-creamy-treat-cat-strips\/","url":"https:\/\/vestpetproducts.com\/product\/export-oem-odm-hot-sale-wet-food-cat-snacks-creamy-cat-bars-creamy-treat-cat-strips\/","name":"Export OEM\/ODM Hot Sale Wet Food Cat Snacks Creamy Cat Bars Creamy Treat Cat Strips - Shandong Vest International Trade Co., Ltd.","isPartOf":{"@id":"https:\/\/vestpetproducts.com\/#website"},"primaryImageOfPage":{"@id":"https:\/\/vestpetproducts.com\/product\/export-oem-odm-hot-sale-wet-food-cat-snacks-creamy-cat-bars-creamy-treat-cat-strips\/#primaryimage"},"image":{"@id":"https:\/\/vestpetproducts.com\/product\/export-oem-odm-hot-sale-wet-food-cat-snacks-creamy-cat-bars-creamy-treat-cat-strips\/#primaryimage"},"thumbnailUrl":"https:\/\/vestpetproducts.com\/wp-content\/uploads\/2025\/07\/\u732b\u676145\u8089\u542b-\u773c\u955c\u732b\u4e3b\u56fe2.jpg","datePublished":"2025-07-17T05:38:08+00:00","dateModified":"2025-08-12T08:50:59+00:00","breadcrumb":{"@id":"https:\/\/vestpetproducts.com\/product\/export-oem-odm-hot-sale-wet-food-cat-snacks-creamy-cat-bars-creamy-treat-cat-strips\/#breadcrumb"},"inLanguage":"pt-PT","potentialAction":[{"@type":"ReadAction","target":["https:\/\/vestpetproducts.com\/product\/export-oem-odm-hot-sale-wet-food-cat-snacks-creamy-cat-bars-creamy-treat-cat-strips\/"]}]},{"@type":"ImageObject","inLanguage":"pt-PT","@id":"https:\/\/vestpetproducts.com\/product\/export-oem-odm-hot-sale-wet-food-cat-snacks-creamy-cat-bars-creamy-treat-cat-strips\/#primaryimage","url":"https:\/\/vestpetproducts.com\/wp-content\/uploads\/2025\/07\/\u732b\u676145\u8089\u542b-\u773c\u955c\u732b\u4e3b\u56fe2.jpg","contentUrl":"https:\/\/vestpetproducts.com\/wp-content\/uploads\/2025\/07\/\u732b\u676145\u8089\u542b-\u773c\u955c\u732b\u4e3b\u56fe2.jpg","width":800,"height":800},{"@type":"BreadcrumbList","@id":"https:\/\/vestpetproducts.com\/product\/export-oem-odm-hot-sale-wet-food-cat-snacks-creamy-cat-bars-creamy-treat-cat-strips\/#breadcrumb","itemListElement":[{"@type":"ListItem","position":1,"name":"\u9996\u9875","item":"https:\/\/vestpetproducts.com\/"},{"@type":"ListItem","position":2,"name":"Product","item":"https:\/\/vestpetproducts.com\/product\/"},{"@type":"ListItem","position":3,"name":"Export OEM\/ODM Hot Sale Wet Food Cat Snacks Creamy Cat Bars Creamy Treat Cat Strips"}]},{"@type":"WebSite","@id":"https:\/\/vestpetproducts.com\/#website","url":"https:\/\/vestpetproducts.com\/","name":"Shandong Vest International Trade Co., Ltd.","description":"Shandong Vest International Trade Co., Ltd.","potentialAction":[{"@type":"SearchAction","target":{"@type":"EntryPoint","urlTemplate":"https:\/\/vestpetproducts.com\/?s={search_term_string}"},"query-input":{"@type":"PropertyValueSpecification","valueRequired":true,"valueName":"search_term_string"}}],"inLanguage":"pt-PT"}]}},"_links":{"self":[{"href":"https:\/\/vestpetproducts.com\/pt\/wp-json\/wp\/v2\/product\/645","targetHints":{"allow":["GET"]}}],"collection":[{"href":"https:\/\/vestpetproducts.com\/pt\/wp-json\/wp\/v2\/product"}],"about":[{"href":"https:\/\/vestpetproducts.com\/pt\/wp-json\/wp\/v2\/types\/product"}],"wp:featuredmedia":[{"embeddable":true,"href":"https:\/\/vestpetproducts.com\/pt\/wp-json\/wp\/v2\/media\/646"}],"wp:attachment":[{"href":"https:\/\/vestpetproducts.com\/pt\/wp-json\/wp\/v2\/media?parent=645"}],"wp:term":[{"taxonomy":"product_brand","embeddable":true,"href":"https:\/\/vestpetproducts.com\/pt\/wp-json\/wp\/v2\/product_brand?post=645"},{"taxonomy":"product_cat","embeddable":true,"href":"https:\/\/vestpetproducts.com\/pt\/wp-json\/wp\/v2\/product_cat?post=645"},{"taxonomy":"product_tag","embeddable":true,"href":"https:\/\/vestpetproducts.com\/pt\/wp-json\/wp\/v2\/product_tag?post=645"}],"curies":[{"name":"wp","href":"https:\/\/api.w.org\/{rel}","templated":true}]}}