{"id":612,"date":"2025-07-17T03:09:30","date_gmt":"2025-07-17T03:09:30","guid":{"rendered":"https:\/\/vestpetproducts.com\/?post_type=product&#038;p=612"},"modified":"2025-08-13T02:07:54","modified_gmt":"2025-08-13T02:07:54","slug":"factory-wholesale-delicious-375g-pet-canned-food-snacks-wet-dog-food-dog-can-food","status":"publish","type":"product","link":"https:\/\/vestpetproducts.com\/pt\/produto\/factory-wholesale-delicious-375g-pet-canned-food-snacks-wet-dog-food-dog-can-food\/","title":{"rendered":"F\u00e1brica de atacado deliciosa comida enlatada para animais de estima\u00e7\u00e3o 375g lanches comida \u00famida para c\u00e3es comida enlatada para c\u00e3es"},"content":{"rendered":"<p><img loading=\"lazy\" decoding=\"async\" class=\"aligncenter size-full wp-image-614\" src=\"http:\/\/vestpetproducts.com\/wp-content\/uploads\/2025\/07\/\u65b0\u6cd5\u6069\u8d1d375g\u72d7\u7f50\u8be6\u60c51.png\" alt=\"\" width=\"800\" height=\"800\" srcset=\"https:\/\/vestpetproducts.com\/wp-content\/uploads\/2025\/07\/\u65b0\u6cd5\u6069\u8d1d375g\u72d7\u7f50\u8be6\u60c51.png 800w, https:\/\/vestpetproducts.com\/wp-content\/uploads\/2025\/07\/\u65b0\u6cd5\u6069\u8d1d375g\u72d7\u7f50\u8be6\u60c51-500x500.png 500w, https:\/\/vestpetproducts.com\/wp-content\/uploads\/2025\/07\/\u65b0\u6cd5\u6069\u8d1d375g\u72d7\u7f50\u8be6\u60c51-300x300.png 300w, https:\/\/vestpetproducts.com\/wp-content\/uploads\/2025\/07\/\u65b0\u6cd5\u6069\u8d1d375g\u72d7\u7f50\u8be6\u60c51-768x768.png 768w, https:\/\/vestpetproducts.com\/wp-content\/uploads\/2025\/07\/\u65b0\u6cd5\u6069\u8d1d375g\u72d7\u7f50\u8be6\u60c51-12x12.png 12w, https:\/\/vestpetproducts.com\/wp-content\/uploads\/2025\/07\/\u65b0\u6cd5\u6069\u8d1d375g\u72d7\u7f50\u8be6\u60c51-150x150.png 150w, https:\/\/vestpetproducts.com\/wp-content\/uploads\/2025\/07\/\u65b0\u6cd5\u6069\u8d1d375g\u72d7\u7f50\u8be6\u60c51-75x75.png 75w, https:\/\/vestpetproducts.com\/wp-content\/uploads\/2025\/07\/\u65b0\u6cd5\u6069\u8d1d375g\u72d7\u7f50\u8be6\u60c51-480x480.png 480w\" sizes=\"auto, (max-width:767px) 480px, (max-width:800px) 100vw, 800px\" \/> <img loading=\"lazy\" decoding=\"async\" class=\"aligncenter size-full wp-image-615\" src=\"http:\/\/vestpetproducts.com\/wp-content\/uploads\/2025\/07\/\u65b0\u6cd5\u6069\u8d1d375g\u72d7\u7f50\u8be6\u60c52-1.png\" alt=\"\" width=\"800\" height=\"577\" srcset=\"https:\/\/vestpetproducts.com\/wp-content\/uploads\/2025\/07\/\u65b0\u6cd5\u6069\u8d1d375g\u72d7\u7f50\u8be6\u60c52-1.png 800w, https:\/\/vestpetproducts.com\/wp-content\/uploads\/2025\/07\/\u65b0\u6cd5\u6069\u8d1d375g\u72d7\u7f50\u8be6\u60c52-1-500x361.png 500w, https:\/\/vestpetproducts.com\/wp-content\/uploads\/2025\/07\/\u65b0\u6cd5\u6069\u8d1d375g\u72d7\u7f50\u8be6\u60c52-1-300x216.png 300w, https:\/\/vestpetproducts.com\/wp-content\/uploads\/2025\/07\/\u65b0\u6cd5\u6069\u8d1d375g\u72d7\u7f50\u8be6\u60c52-1-768x554.png 768w, https:\/\/vestpetproducts.com\/wp-content\/uploads\/2025\/07\/\u65b0\u6cd5\u6069\u8d1d375g\u72d7\u7f50\u8be6\u60c52-1-18x12.png 18w, https:\/\/vestpetproducts.com\/wp-content\/uploads\/2025\/07\/\u65b0\u6cd5\u6069\u8d1d375g\u72d7\u7f50\u8be6\u60c52-1-104x75.png 104w, https:\/\/vestpetproducts.com\/wp-content\/uploads\/2025\/07\/\u65b0\u6cd5\u6069\u8d1d375g\u72d7\u7f50\u8be6\u60c52-1-480x346.png 480w\" sizes=\"auto, (max-width:767px) 480px, (max-width:800px) 100vw, 800px\" \/> <img loading=\"lazy\" decoding=\"async\" class=\"aligncenter size-full wp-image-616\" src=\"http:\/\/vestpetproducts.com\/wp-content\/uploads\/2025\/07\/\u65b0\u6cd5\u6069\u8d1d375g\u72d7\u7f50\u8be6\u60c53.png\" alt=\"\" width=\"800\" height=\"800\" srcset=\"https:\/\/vestpetproducts.com\/wp-content\/uploads\/2025\/07\/\u65b0\u6cd5\u6069\u8d1d375g\u72d7\u7f50\u8be6\u60c53.png 800w, https:\/\/vestpetproducts.com\/wp-content\/uploads\/2025\/07\/\u65b0\u6cd5\u6069\u8d1d375g\u72d7\u7f50\u8be6\u60c53-500x500.png 500w, https:\/\/vestpetproducts.com\/wp-content\/uploads\/2025\/07\/\u65b0\u6cd5\u6069\u8d1d375g\u72d7\u7f50\u8be6\u60c53-300x300.png 300w, https:\/\/vestpetproducts.com\/wp-content\/uploads\/2025\/07\/\u65b0\u6cd5\u6069\u8d1d375g\u72d7\u7f50\u8be6\u60c53-768x768.png 768w, https:\/\/vestpetproducts.com\/wp-content\/uploads\/2025\/07\/\u65b0\u6cd5\u6069\u8d1d375g\u72d7\u7f50\u8be6\u60c53-12x12.png 12w, https:\/\/vestpetproducts.com\/wp-content\/uploads\/2025\/07\/\u65b0\u6cd5\u6069\u8d1d375g\u72d7\u7f50\u8be6\u60c53-150x150.png 150w, https:\/\/vestpetproducts.com\/wp-content\/uploads\/2025\/07\/\u65b0\u6cd5\u6069\u8d1d375g\u72d7\u7f50\u8be6\u60c53-75x75.png 75w, https:\/\/vestpetproducts.com\/wp-content\/uploads\/2025\/07\/\u65b0\u6cd5\u6069\u8d1d375g\u72d7\u7f50\u8be6\u60c53-480x480.png 480w\" sizes=\"auto, (max-width:767px) 480px, (max-width:800px) 100vw, 800px\" \/> <img loading=\"lazy\" decoding=\"async\" class=\"aligncenter size-full wp-image-617\" src=\"http:\/\/vestpetproducts.com\/wp-content\/uploads\/2025\/07\/\u65b0\u6cd5\u6069\u8d1d375g\u72d7\u7f50\u8be6\u60c54.jpg\" alt=\"\" width=\"750\" height=\"75\" srcset=\"https:\/\/vestpetproducts.com\/wp-content\/uploads\/2025\/07\/\u65b0\u6cd5\u6069\u8d1d375g\u72d7\u7f50\u8be6\u60c54.jpg 750w, https:\/\/vestpetproducts.com\/wp-content\/uploads\/2025\/07\/\u65b0\u6cd5\u6069\u8d1d375g\u72d7\u7f50\u8be6\u60c54-500x50.jpg 500w, https:\/\/vestpetproducts.com\/wp-content\/uploads\/2025\/07\/\u65b0\u6cd5\u6069\u8d1d375g\u72d7\u7f50\u8be6\u60c54-300x30.jpg 300w, https:\/\/vestpetproducts.com\/wp-content\/uploads\/2025\/07\/\u65b0\u6cd5\u6069\u8d1d375g\u72d7\u7f50\u8be6\u60c54-18x2.jpg 18w, https:\/\/vestpetproducts.com\/wp-content\/uploads\/2025\/07\/\u65b0\u6cd5\u6069\u8d1d375g\u72d7\u7f50\u8be6\u60c54-150x15.jpg 150w, https:\/\/vestpetproducts.com\/wp-content\/uploads\/2025\/07\/\u65b0\u6cd5\u6069\u8d1d375g\u72d7\u7f50\u8be6\u60c54-480x48.jpg 480w\" sizes=\"auto, (max-width:767px) 480px, 750px\" \/> <img loading=\"lazy\" decoding=\"async\" class=\"aligncenter size-full wp-image-618\" src=\"http:\/\/vestpetproducts.com\/wp-content\/uploads\/2025\/07\/\u65b0\u6cd5\u6069\u8d1d375g\u72d7\u7f50\u8be6\u60c55.png\" alt=\"\" width=\"800\" height=\"509\" srcset=\"https:\/\/vestpetproducts.com\/wp-content\/uploads\/2025\/07\/\u65b0\u6cd5\u6069\u8d1d375g\u72d7\u7f50\u8be6\u60c55.png 800w, https:\/\/vestpetproducts.com\/wp-content\/uploads\/2025\/07\/\u65b0\u6cd5\u6069\u8d1d375g\u72d7\u7f50\u8be6\u60c55-500x318.png 500w, https:\/\/vestpetproducts.com\/wp-content\/uploads\/2025\/07\/\u65b0\u6cd5\u6069\u8d1d375g\u72d7\u7f50\u8be6\u60c55-300x191.png 300w, https:\/\/vestpetproducts.com\/wp-content\/uploads\/2025\/07\/\u65b0\u6cd5\u6069\u8d1d375g\u72d7\u7f50\u8be6\u60c55-768x489.png 768w, https:\/\/vestpetproducts.com\/wp-content\/uploads\/2025\/07\/\u65b0\u6cd5\u6069\u8d1d375g\u72d7\u7f50\u8be6\u60c55-18x12.png 18w, https:\/\/vestpetproducts.com\/wp-content\/uploads\/2025\/07\/\u65b0\u6cd5\u6069\u8d1d375g\u72d7\u7f50\u8be6\u60c55-118x75.png 118w, https:\/\/vestpetproducts.com\/wp-content\/uploads\/2025\/07\/\u65b0\u6cd5\u6069\u8d1d375g\u72d7\u7f50\u8be6\u60c55-480x305.png 480w\" sizes=\"auto, (max-width:767px) 480px, (max-width:800px) 100vw, 800px\" \/> <img loading=\"lazy\" decoding=\"async\" class=\"aligncenter size-full wp-image-619\" src=\"http:\/\/vestpetproducts.com\/wp-content\/uploads\/2025\/07\/\u65b0\u6cd5\u6069\u8d1d375g\u72d7\u7f50\u8be6\u60c56.jpg\" alt=\"\" width=\"750\" height=\"559\" srcset=\"https:\/\/vestpetproducts.com\/wp-content\/uploads\/2025\/07\/\u65b0\u6cd5\u6069\u8d1d375g\u72d7\u7f50\u8be6\u60c56.jpg 750w, https:\/\/vestpetproducts.com\/wp-content\/uploads\/2025\/07\/\u65b0\u6cd5\u6069\u8d1d375g\u72d7\u7f50\u8be6\u60c56-500x373.jpg 500w, https:\/\/vestpetproducts.com\/wp-content\/uploads\/2025\/07\/\u65b0\u6cd5\u6069\u8d1d375g\u72d7\u7f50\u8be6\u60c56-300x224.jpg 300w, https:\/\/vestpetproducts.com\/wp-content\/uploads\/2025\/07\/\u65b0\u6cd5\u6069\u8d1d375g\u72d7\u7f50\u8be6\u60c56-16x12.jpg 16w, https:\/\/vestpetproducts.com\/wp-content\/uploads\/2025\/07\/\u65b0\u6cd5\u6069\u8d1d375g\u72d7\u7f50\u8be6\u60c56-101x75.jpg 101w, https:\/\/vestpetproducts.com\/wp-content\/uploads\/2025\/07\/\u65b0\u6cd5\u6069\u8d1d375g\u72d7\u7f50\u8be6\u60c56-480x358.jpg 480w\" sizes=\"auto, (max-width:767px) 480px, 750px\" \/><img loading=\"lazy\" decoding=\"async\" class=\"aligncenter wp-image-374\" src=\"http:\/\/vestpetproducts.com\/wp-content\/uploads\/2025\/07\/\u5fae\u4fe1\u56fe\u7247_20250715165725.jpg\" alt=\"\" width=\"724\" height=\"724\" srcset=\"https:\/\/vestpetproducts.com\/wp-content\/uploads\/2025\/07\/\u5fae\u4fe1\u56fe\u7247_20250715165725.jpg 800w, https:\/\/vestpetproducts.com\/wp-content\/uploads\/2025\/07\/\u5fae\u4fe1\u56fe\u7247_20250715165725-500x500.jpg 500w, https:\/\/vestpetproducts.com\/wp-content\/uploads\/2025\/07\/\u5fae\u4fe1\u56fe\u7247_20250715165725-300x300.jpg 300w, https:\/\/vestpetproducts.com\/wp-content\/uploads\/2025\/07\/\u5fae\u4fe1\u56fe\u7247_20250715165725-768x768.jpg 768w, https:\/\/vestpetproducts.com\/wp-content\/uploads\/2025\/07\/\u5fae\u4fe1\u56fe\u7247_20250715165725-12x12.jpg 12w, https:\/\/vestpetproducts.com\/wp-content\/uploads\/2025\/07\/\u5fae\u4fe1\u56fe\u7247_20250715165725-150x150.jpg 150w, https:\/\/vestpetproducts.com\/wp-content\/uploads\/2025\/07\/\u5fae\u4fe1\u56fe\u7247_20250715165725-75x75.jpg 75w, https:\/\/vestpetproducts.com\/wp-content\/uploads\/2025\/07\/\u5fae\u4fe1\u56fe\u7247_20250715165725-480x480.jpg 480w\" sizes=\"auto, (max-width:767px) 480px, 724px\" \/><img loading=\"lazy\" decoding=\"async\" class=\"aligncenter wp-image-376\" src=\"http:\/\/vestpetproducts.com\/wp-content\/uploads\/2025\/07\/\u5fae\u4fe1\u56fe\u7247_20250715165719.jpg\" alt=\"\" width=\"685\" height=\"685\" srcset=\"https:\/\/vestpetproducts.com\/wp-content\/uploads\/2025\/07\/\u5fae\u4fe1\u56fe\u7247_20250715165719.jpg 1200w, https:\/\/vestpetproducts.com\/wp-content\/uploads\/2025\/07\/\u5fae\u4fe1\u56fe\u7247_20250715165719-500x500.jpg 500w, https:\/\/vestpetproducts.com\/wp-content\/uploads\/2025\/07\/\u5fae\u4fe1\u56fe\u7247_20250715165719-300x300.jpg 300w, https:\/\/vestpetproducts.com\/wp-content\/uploads\/2025\/07\/\u5fae\u4fe1\u56fe\u7247_20250715165719-768x768.jpg 768w, https:\/\/vestpetproducts.com\/wp-content\/uploads\/2025\/07\/\u5fae\u4fe1\u56fe\u7247_20250715165719-12x12.jpg 12w, https:\/\/vestpetproducts.com\/wp-content\/uploads\/2025\/07\/\u5fae\u4fe1\u56fe\u7247_20250715165719-150x150.jpg 150w, https:\/\/vestpetproducts.com\/wp-content\/uploads\/2025\/07\/\u5fae\u4fe1\u56fe\u7247_20250715165719-75x75.jpg 75w, https:\/\/vestpetproducts.com\/wp-content\/uploads\/2025\/07\/\u5fae\u4fe1\u56fe\u7247_20250715165719-480x480.jpg 480w, https:\/\/vestpetproducts.com\/wp-content\/uploads\/2025\/07\/\u5fae\u4fe1\u56fe\u7247_20250715165719-800x800.jpg 800w\" sizes=\"auto, (max-width:767px) 480px, 685px\" \/><\/p>\n<p><img loading=\"lazy\" decoding=\"async\" class=\"wp-image-391 aligncenter\" src=\"http:\/\/vestpetproducts.com\/wp-content\/uploads\/2025\/07\/\u8d44\u8d28\u8bc1\u4e66\u5c55\u793a.jpg\" alt=\"\" width=\"691\" height=\"771\" srcset=\"https:\/\/vestpetproducts.com\/wp-content\/uploads\/2025\/07\/\u8d44\u8d28\u8bc1\u4e66\u5c55\u793a.jpg 918w, https:\/\/vestpetproducts.com\/wp-content\/uploads\/2025\/07\/\u8d44\u8d28\u8bc1\u4e66\u5c55\u793a-448x500.jpg 448w, https:\/\/vestpetproducts.com\/wp-content\/uploads\/2025\/07\/\u8d44\u8d28\u8bc1\u4e66\u5c55\u793a-269x300.jpg 269w, https:\/\/vestpetproducts.com\/wp-content\/uploads\/2025\/07\/\u8d44\u8d28\u8bc1\u4e66\u5c55\u793a-768x857.jpg 768w, https:\/\/vestpetproducts.com\/wp-content\/uploads\/2025\/07\/\u8d44\u8d28\u8bc1\u4e66\u5c55\u793a-11x12.jpg 11w, https:\/\/vestpetproducts.com\/wp-content\/uploads\/2025\/07\/\u8d44\u8d28\u8bc1\u4e66\u5c55\u793a-67x75.jpg 67w, https:\/\/vestpetproducts.com\/wp-content\/uploads\/2025\/07\/\u8d44\u8d28\u8bc1\u4e66\u5c55\u793a-480x535.jpg 480w, https:\/\/vestpetproducts.com\/wp-content\/uploads\/2025\/07\/\u8d44\u8d28\u8bc1\u4e66\u5c55\u793a-800x892.jpg 800w\" sizes=\"auto, (max-width:767px) 480px, 691px\" \/><\/p>\n<p><img loading=\"lazy\" decoding=\"async\" class=\"aligncenter wp-image-379\" src=\"http:\/\/vestpetproducts.com\/wp-content\/uploads\/2025\/07\/\u5fae\u4fe1\u56fe\u7247_20250715165659.jpg\" alt=\"\" width=\"773\" height=\"1122\" srcset=\"https:\/\/vestpetproducts.com\/wp-content\/uploads\/2025\/07\/\u5fae\u4fe1\u56fe\u7247_20250715165659.jpg 803w, https:\/\/vestpetproducts.com\/wp-content\/uploads\/2025\/07\/\u5fae\u4fe1\u56fe\u7247_20250715165659-345x500.jpg 345w, https:\/\/vestpetproducts.com\/wp-content\/uploads\/2025\/07\/\u5fae\u4fe1\u56fe\u7247_20250715165659-207x300.jpg 207w, https:\/\/vestpetproducts.com\/wp-content\/uploads\/2025\/07\/\u5fae\u4fe1\u56fe\u7247_20250715165659-768x1114.jpg 768w, https:\/\/vestpetproducts.com\/wp-content\/uploads\/2025\/07\/\u5fae\u4fe1\u56fe\u7247_20250715165659-8x12.jpg 8w, https:\/\/vestpetproducts.com\/wp-content\/uploads\/2025\/07\/\u5fae\u4fe1\u56fe\u7247_20250715165659-52x75.jpg 52w, https:\/\/vestpetproducts.com\/wp-content\/uploads\/2025\/07\/\u5fae\u4fe1\u56fe\u7247_20250715165659-480x696.jpg 480w, https:\/\/vestpetproducts.com\/wp-content\/uploads\/2025\/07\/\u5fae\u4fe1\u56fe\u7247_20250715165659-800x1161.jpg 800w\" sizes=\"auto, (max-width:767px) 480px, (max-width:773px) 100vw, 773px\" \/><\/p>","protected":false},"excerpt":{"rendered":"<p>375g*24<\/p>\n<p>Sabor: Frango, legumes, carne, legumes<\/p>\n<p class=\"ds-markdown-paragraph\"><strong>Sabor Frango e Vegetais<\/strong><br \/>\nUma deliciosa mistura de frango macio e vegetais saud\u00e1veis. Perfeito para recompensar seu pet com um petisco nutritivo e saboroso.<\/p>\n<p class=\"ds-markdown-paragraph\"><strong>Sabor Carne e Vegetais<\/strong><br \/>\nCarne bovina saborosa combinada com vegetais frescos da horta para um petisco rico em prote\u00ednas. Ideal para treinar ou simplesmente mimar seu companheiro peludo.<\/p>","protected":false},"featured_media":605,"template":"","meta":{"content-type":""},"product_brand":[],"product_cat":[14,121],"product_tag":[],"class_list":{"0":"post-612","1":"product","2":"type-product","3":"status-publish","4":"has-post-thumbnail","6":"product_cat-pet-food","7":"product_cat-wet-food","9":"first","10":"instock","11":"shipping-taxable","12":"product-type-simple"},"yoast_head":"<!-- This site is optimized with the Yoast SEO plugin v24.9 - https:\/\/yoast.com\/wordpress\/plugins\/seo\/ -->\n<title>Factory Wholesale Delicious 375g Pet Canned Food Snacks Wet Dog Food Dog Can Food - Shandong Vest International Trade Co., Ltd.<\/title>\n<meta name=\"robots\" content=\"index, follow, max-snippet:-1, max-image-preview:large, max-video-preview:-1\" \/>\n<link rel=\"canonical\" href=\"https:\/\/vestpetproducts.com\/pt\/produto\/factory-wholesale-delicious-375g-pet-canned-food-snacks-wet-dog-food-dog-can-food\/\" \/>\n<meta property=\"og:locale\" content=\"pt_PT\" \/>\n<meta property=\"og:type\" content=\"article\" \/>\n<meta property=\"og:title\" content=\"Factory Wholesale Delicious 375g Pet Canned Food Snacks Wet Dog Food Dog Can Food - Shandong Vest International Trade Co., Ltd.\" \/>\n<meta property=\"og:description\" content=\"375g*24  Flavor\uff1aChicken vegetables\u00a0 Beef\u00a0 vegetables Chicken &amp; Vegetables Flavor A delicious blend of tender chicken and wholesome vegetables. Perfect for rewarding your pet with a nutritious and flavorful snack. Beef &amp; Vegetables Flavor Savory beef combined with garden-fresh veggies for a protein-rich treat. Ideal for training or simply spoiling your furry companion.\" \/>\n<meta property=\"og:url\" content=\"https:\/\/vestpetproducts.com\/pt\/produto\/factory-wholesale-delicious-375g-pet-canned-food-snacks-wet-dog-food-dog-can-food\/\" \/>\n<meta property=\"og:site_name\" content=\"Shandong Vest International Trade Co., Ltd.\" \/>\n<meta property=\"article:modified_time\" content=\"2025-08-13T02:07:54+00:00\" \/>\n<meta property=\"og:image\" content=\"https:\/\/vestpetproducts.com\/wp-content\/uploads\/2025\/07\/\u65b0\u6cd5\u6069\u8d1d375g\u72d7\u7f50\u4e3b\u56fe5.jpg\" \/>\n\t<meta property=\"og:image:width\" content=\"800\" \/>\n\t<meta property=\"og:image:height\" content=\"800\" \/>\n\t<meta property=\"og:image:type\" content=\"image\/jpeg\" \/>\n<meta name=\"twitter:card\" content=\"summary_large_image\" \/>\n<meta name=\"twitter:label1\" content=\"Tempo estimado de leitura\" \/>\n\t<meta name=\"twitter:data1\" content=\"3 minutos\" \/>\n<script type=\"application\/ld+json\" class=\"yoast-schema-graph\">{\"@context\":\"https:\/\/schema.org\",\"@graph\":[{\"@type\":\"WebPage\",\"@id\":\"https:\/\/vestpetproducts.com\/product\/factory-wholesale-delicious-375g-pet-canned-food-snacks-wet-dog-food-dog-can-food\/\",\"url\":\"https:\/\/vestpetproducts.com\/product\/factory-wholesale-delicious-375g-pet-canned-food-snacks-wet-dog-food-dog-can-food\/\",\"name\":\"Factory Wholesale Delicious 375g Pet Canned Food Snacks Wet Dog Food Dog Can Food - Shandong Vest International Trade Co., Ltd.\",\"isPartOf\":{\"@id\":\"https:\/\/vestpetproducts.com\/#website\"},\"primaryImageOfPage\":{\"@id\":\"https:\/\/vestpetproducts.com\/product\/factory-wholesale-delicious-375g-pet-canned-food-snacks-wet-dog-food-dog-can-food\/#primaryimage\"},\"image\":{\"@id\":\"https:\/\/vestpetproducts.com\/product\/factory-wholesale-delicious-375g-pet-canned-food-snacks-wet-dog-food-dog-can-food\/#primaryimage\"},\"thumbnailUrl\":\"https:\/\/vestpetproducts.com\/wp-content\/uploads\/2025\/07\/\u65b0\u6cd5\u6069\u8d1d375g\u72d7\u7f50\u4e3b\u56fe5.jpg\",\"datePublished\":\"2025-07-17T03:09:30+00:00\",\"dateModified\":\"2025-08-13T02:07:54+00:00\",\"breadcrumb\":{\"@id\":\"https:\/\/vestpetproducts.com\/product\/factory-wholesale-delicious-375g-pet-canned-food-snacks-wet-dog-food-dog-can-food\/#breadcrumb\"},\"inLanguage\":\"pt-PT\",\"potentialAction\":[{\"@type\":\"ReadAction\",\"target\":[\"https:\/\/vestpetproducts.com\/product\/factory-wholesale-delicious-375g-pet-canned-food-snacks-wet-dog-food-dog-can-food\/\"]}]},{\"@type\":\"ImageObject\",\"inLanguage\":\"pt-PT\",\"@id\":\"https:\/\/vestpetproducts.com\/product\/factory-wholesale-delicious-375g-pet-canned-food-snacks-wet-dog-food-dog-can-food\/#primaryimage\",\"url\":\"https:\/\/vestpetproducts.com\/wp-content\/uploads\/2025\/07\/\u65b0\u6cd5\u6069\u8d1d375g\u72d7\u7f50\u4e3b\u56fe5.jpg\",\"contentUrl\":\"https:\/\/vestpetproducts.com\/wp-content\/uploads\/2025\/07\/\u65b0\u6cd5\u6069\u8d1d375g\u72d7\u7f50\u4e3b\u56fe5.jpg\",\"width\":800,\"height\":800},{\"@type\":\"BreadcrumbList\",\"@id\":\"https:\/\/vestpetproducts.com\/product\/factory-wholesale-delicious-375g-pet-canned-food-snacks-wet-dog-food-dog-can-food\/#breadcrumb\",\"itemListElement\":[{\"@type\":\"ListItem\",\"position\":1,\"name\":\"\u9996\u9875\",\"item\":\"https:\/\/vestpetproducts.com\/\"},{\"@type\":\"ListItem\",\"position\":2,\"name\":\"Product\",\"item\":\"https:\/\/vestpetproducts.com\/product\/\"},{\"@type\":\"ListItem\",\"position\":3,\"name\":\"Factory Wholesale Delicious 375g Pet Canned Food Snacks Wet Dog Food Dog Can Food\"}]},{\"@type\":\"WebSite\",\"@id\":\"https:\/\/vestpetproducts.com\/#website\",\"url\":\"https:\/\/vestpetproducts.com\/\",\"name\":\"Shandong Vest International Trade Co., Ltd.\",\"description\":\"Shandong Vest International Trade Co., Ltd.\",\"potentialAction\":[{\"@type\":\"SearchAction\",\"target\":{\"@type\":\"EntryPoint\",\"urlTemplate\":\"https:\/\/vestpetproducts.com\/?s={search_term_string}\"},\"query-input\":{\"@type\":\"PropertyValueSpecification\",\"valueRequired\":true,\"valueName\":\"search_term_string\"}}],\"inLanguage\":\"pt-PT\"}]}<\/script>\n<!-- \/ Yoast SEO plugin. -->","yoast_head_json":{"title":"Factory Wholesale Delicious 375g Pet Canned Food Snacks Wet Dog Food Dog Can Food - Shandong Vest International Trade Co., Ltd.","robots":{"index":"index","follow":"follow","max-snippet":"max-snippet:-1","max-image-preview":"max-image-preview:large","max-video-preview":"max-video-preview:-1"},"canonical":"https:\/\/vestpetproducts.com\/pt\/produto\/factory-wholesale-delicious-375g-pet-canned-food-snacks-wet-dog-food-dog-can-food\/","og_locale":"pt_PT","og_type":"article","og_title":"Factory Wholesale Delicious 375g Pet Canned Food Snacks Wet Dog Food Dog Can Food - Shandong Vest International Trade Co., Ltd.","og_description":"375g*24  Flavor\uff1aChicken vegetables\u00a0 Beef\u00a0 vegetables Chicken &amp; Vegetables Flavor A delicious blend of tender chicken and wholesome vegetables. Perfect for rewarding your pet with a nutritious and flavorful snack. Beef &amp; Vegetables Flavor Savory beef combined with garden-fresh veggies for a protein-rich treat. Ideal for training or simply spoiling your furry companion.","og_url":"https:\/\/vestpetproducts.com\/pt\/produto\/factory-wholesale-delicious-375g-pet-canned-food-snacks-wet-dog-food-dog-can-food\/","og_site_name":"Shandong Vest International Trade Co., Ltd.","article_modified_time":"2025-08-13T02:07:54+00:00","og_image":[{"width":800,"height":800,"url":"https:\/\/vestpetproducts.com\/wp-content\/uploads\/2025\/07\/\u65b0\u6cd5\u6069\u8d1d375g\u72d7\u7f50\u4e3b\u56fe5.jpg","type":"image\/jpeg"}],"twitter_card":"summary_large_image","twitter_misc":{"Tempo estimado de leitura":"3 minutos"},"schema":{"@context":"https:\/\/schema.org","@graph":[{"@type":"WebPage","@id":"https:\/\/vestpetproducts.com\/product\/factory-wholesale-delicious-375g-pet-canned-food-snacks-wet-dog-food-dog-can-food\/","url":"https:\/\/vestpetproducts.com\/product\/factory-wholesale-delicious-375g-pet-canned-food-snacks-wet-dog-food-dog-can-food\/","name":"Factory Wholesale Delicious 375g Pet Canned Food Snacks Wet Dog Food Dog Can Food - Shandong Vest International Trade Co., Ltd.","isPartOf":{"@id":"https:\/\/vestpetproducts.com\/#website"},"primaryImageOfPage":{"@id":"https:\/\/vestpetproducts.com\/product\/factory-wholesale-delicious-375g-pet-canned-food-snacks-wet-dog-food-dog-can-food\/#primaryimage"},"image":{"@id":"https:\/\/vestpetproducts.com\/product\/factory-wholesale-delicious-375g-pet-canned-food-snacks-wet-dog-food-dog-can-food\/#primaryimage"},"thumbnailUrl":"https:\/\/vestpetproducts.com\/wp-content\/uploads\/2025\/07\/\u65b0\u6cd5\u6069\u8d1d375g\u72d7\u7f50\u4e3b\u56fe5.jpg","datePublished":"2025-07-17T03:09:30+00:00","dateModified":"2025-08-13T02:07:54+00:00","breadcrumb":{"@id":"https:\/\/vestpetproducts.com\/product\/factory-wholesale-delicious-375g-pet-canned-food-snacks-wet-dog-food-dog-can-food\/#breadcrumb"},"inLanguage":"pt-PT","potentialAction":[{"@type":"ReadAction","target":["https:\/\/vestpetproducts.com\/product\/factory-wholesale-delicious-375g-pet-canned-food-snacks-wet-dog-food-dog-can-food\/"]}]},{"@type":"ImageObject","inLanguage":"pt-PT","@id":"https:\/\/vestpetproducts.com\/product\/factory-wholesale-delicious-375g-pet-canned-food-snacks-wet-dog-food-dog-can-food\/#primaryimage","url":"https:\/\/vestpetproducts.com\/wp-content\/uploads\/2025\/07\/\u65b0\u6cd5\u6069\u8d1d375g\u72d7\u7f50\u4e3b\u56fe5.jpg","contentUrl":"https:\/\/vestpetproducts.com\/wp-content\/uploads\/2025\/07\/\u65b0\u6cd5\u6069\u8d1d375g\u72d7\u7f50\u4e3b\u56fe5.jpg","width":800,"height":800},{"@type":"BreadcrumbList","@id":"https:\/\/vestpetproducts.com\/product\/factory-wholesale-delicious-375g-pet-canned-food-snacks-wet-dog-food-dog-can-food\/#breadcrumb","itemListElement":[{"@type":"ListItem","position":1,"name":"\u9996\u9875","item":"https:\/\/vestpetproducts.com\/"},{"@type":"ListItem","position":2,"name":"Product","item":"https:\/\/vestpetproducts.com\/product\/"},{"@type":"ListItem","position":3,"name":"Factory Wholesale Delicious 375g Pet Canned Food Snacks Wet Dog Food Dog Can Food"}]},{"@type":"WebSite","@id":"https:\/\/vestpetproducts.com\/#website","url":"https:\/\/vestpetproducts.com\/","name":"Shandong Vest International Trade Co., Ltd.","description":"Shandong Vest International Trade Co., Ltd.","potentialAction":[{"@type":"SearchAction","target":{"@type":"EntryPoint","urlTemplate":"https:\/\/vestpetproducts.com\/?s={search_term_string}"},"query-input":{"@type":"PropertyValueSpecification","valueRequired":true,"valueName":"search_term_string"}}],"inLanguage":"pt-PT"}]}},"_links":{"self":[{"href":"https:\/\/vestpetproducts.com\/pt\/wp-json\/wp\/v2\/product\/612","targetHints":{"allow":["GET"]}}],"collection":[{"href":"https:\/\/vestpetproducts.com\/pt\/wp-json\/wp\/v2\/product"}],"about":[{"href":"https:\/\/vestpetproducts.com\/pt\/wp-json\/wp\/v2\/types\/product"}],"wp:featuredmedia":[{"embeddable":true,"href":"https:\/\/vestpetproducts.com\/pt\/wp-json\/wp\/v2\/media\/605"}],"wp:attachment":[{"href":"https:\/\/vestpetproducts.com\/pt\/wp-json\/wp\/v2\/media?parent=612"}],"wp:term":[{"taxonomy":"product_brand","embeddable":true,"href":"https:\/\/vestpetproducts.com\/pt\/wp-json\/wp\/v2\/product_brand?post=612"},{"taxonomy":"product_cat","embeddable":true,"href":"https:\/\/vestpetproducts.com\/pt\/wp-json\/wp\/v2\/product_cat?post=612"},{"taxonomy":"product_tag","embeddable":true,"href":"https:\/\/vestpetproducts.com\/pt\/wp-json\/wp\/v2\/product_tag?post=612"}],"curies":[{"name":"wp","href":"https:\/\/api.w.org\/{rel}","templated":true}]}}