{"id":578,"date":"2025-07-17T02:32:45","date_gmt":"2025-07-17T02:32:45","guid":{"rendered":"https:\/\/vestpetproducts.com\/?post_type=product&#038;p=578"},"modified":"2025-08-13T02:22:28","modified_gmt":"2025-08-13T02:22:28","slug":"50g-chicken-flavor-canned-food-for-cats-delicious-cat-treats-wholesale-healthy-pet-food-canned-snacks-supplier","status":"publish","type":"product","link":"https:\/\/vestpetproducts.com\/pt\/produto\/50g-chicken-flavor-canned-food-for-cats-delicious-cat-treats-wholesale-healthy-pet-food-canned-snacks-supplier\/","title":{"rendered":"Ra\u00e7\u00e3o enlatada sabor frango 50g para gatos, petiscos deliciosos para gatos, atacado de comida saud\u00e1vel para animais de estima\u00e7\u00e3o, fornecedor de lanches enlatados"},"content":{"rendered":"<p><img loading=\"lazy\" decoding=\"async\" class=\"aligncenter size-full wp-image-582\" src=\"http:\/\/vestpetproducts.com\/wp-content\/uploads\/2025\/07\/01.jpg\" alt=\"\" width=\"750\" height=\"1236\" \/> <img loading=\"lazy\" decoding=\"async\" class=\"aligncenter size-full wp-image-583\" src=\"http:\/\/vestpetproducts.com\/wp-content\/uploads\/2025\/07\/02-1.jpg\" alt=\"\" width=\"750\" height=\"833\" srcset=\"https:\/\/vestpetproducts.com\/wp-content\/uploads\/2025\/07\/02-1.jpg 750w, https:\/\/vestpetproducts.com\/wp-content\/uploads\/2025\/07\/02-1-450x500.jpg 450w, https:\/\/vestpetproducts.com\/wp-content\/uploads\/2025\/07\/02-1-270x300.jpg 270w, https:\/\/vestpetproducts.com\/wp-content\/uploads\/2025\/07\/02-1-11x12.jpg 11w, https:\/\/vestpetproducts.com\/wp-content\/uploads\/2025\/07\/02-1-68x75.jpg 68w, https:\/\/vestpetproducts.com\/wp-content\/uploads\/2025\/07\/02-1-480x533.jpg 480w\" sizes=\"auto, (max-width:767px) 480px, 750px\" \/> <img loading=\"lazy\" decoding=\"async\" class=\"aligncenter size-full wp-image-584\" src=\"http:\/\/vestpetproducts.com\/wp-content\/uploads\/2025\/07\/03-1.png\" alt=\"\" width=\"750\" height=\"641\" srcset=\"https:\/\/vestpetproducts.com\/wp-content\/uploads\/2025\/07\/03-1.png 750w, https:\/\/vestpetproducts.com\/wp-content\/uploads\/2025\/07\/03-1-500x427.png 500w, https:\/\/vestpetproducts.com\/wp-content\/uploads\/2025\/07\/03-1-300x256.png 300w, https:\/\/vestpetproducts.com\/wp-content\/uploads\/2025\/07\/03-1-14x12.png 14w, https:\/\/vestpetproducts.com\/wp-content\/uploads\/2025\/07\/03-1-88x75.png 88w, https:\/\/vestpetproducts.com\/wp-content\/uploads\/2025\/07\/03-1-480x410.png 480w\" sizes=\"auto, (max-width:767px) 480px, 750px\" \/> <img loading=\"lazy\" decoding=\"async\" class=\"aligncenter size-full wp-image-585\" src=\"http:\/\/vestpetproducts.com\/wp-content\/uploads\/2025\/07\/04-1.jpg\" alt=\"\" width=\"750\" height=\"1041\" srcset=\"https:\/\/vestpetproducts.com\/wp-content\/uploads\/2025\/07\/04-1.jpg 750w, https:\/\/vestpetproducts.com\/wp-content\/uploads\/2025\/07\/04-1-360x500.jpg 360w, https:\/\/vestpetproducts.com\/wp-content\/uploads\/2025\/07\/04-1-216x300.jpg 216w, https:\/\/vestpetproducts.com\/wp-content\/uploads\/2025\/07\/04-1-9x12.jpg 9w, https:\/\/vestpetproducts.com\/wp-content\/uploads\/2025\/07\/04-1-54x75.jpg 54w, https:\/\/vestpetproducts.com\/wp-content\/uploads\/2025\/07\/04-1-480x666.jpg 480w\" sizes=\"auto, (max-width:767px) 480px, 750px\" \/><img loading=\"lazy\" decoding=\"async\" class=\"aligncenter size-full wp-image-374\" src=\"http:\/\/vestpetproducts.com\/wp-content\/uploads\/2025\/07\/\u5fae\u4fe1\u56fe\u7247_20250715165725.jpg\" alt=\"\" width=\"800\" height=\"800\" srcset=\"https:\/\/vestpetproducts.com\/wp-content\/uploads\/2025\/07\/\u5fae\u4fe1\u56fe\u7247_20250715165725.jpg 800w, https:\/\/vestpetproducts.com\/wp-content\/uploads\/2025\/07\/\u5fae\u4fe1\u56fe\u7247_20250715165725-500x500.jpg 500w, https:\/\/vestpetproducts.com\/wp-content\/uploads\/2025\/07\/\u5fae\u4fe1\u56fe\u7247_20250715165725-300x300.jpg 300w, https:\/\/vestpetproducts.com\/wp-content\/uploads\/2025\/07\/\u5fae\u4fe1\u56fe\u7247_20250715165725-768x768.jpg 768w, https:\/\/vestpetproducts.com\/wp-content\/uploads\/2025\/07\/\u5fae\u4fe1\u56fe\u7247_20250715165725-12x12.jpg 12w, https:\/\/vestpetproducts.com\/wp-content\/uploads\/2025\/07\/\u5fae\u4fe1\u56fe\u7247_20250715165725-150x150.jpg 150w, https:\/\/vestpetproducts.com\/wp-content\/uploads\/2025\/07\/\u5fae\u4fe1\u56fe\u7247_20250715165725-75x75.jpg 75w, https:\/\/vestpetproducts.com\/wp-content\/uploads\/2025\/07\/\u5fae\u4fe1\u56fe\u7247_20250715165725-480x480.jpg 480w\" sizes=\"auto, (max-width:767px) 480px, (max-width:800px) 100vw, 800px\" \/><\/p>\n<p><img loading=\"lazy\" decoding=\"async\" class=\"size-full wp-image-391 aligncenter\" src=\"http:\/\/vestpetproducts.com\/wp-content\/uploads\/2025\/07\/\u8d44\u8d28\u8bc1\u4e66\u5c55\u793a.jpg\" alt=\"\" width=\"918\" height=\"1024\" srcset=\"https:\/\/vestpetproducts.com\/wp-content\/uploads\/2025\/07\/\u8d44\u8d28\u8bc1\u4e66\u5c55\u793a.jpg 918w, https:\/\/vestpetproducts.com\/wp-content\/uploads\/2025\/07\/\u8d44\u8d28\u8bc1\u4e66\u5c55\u793a-448x500.jpg 448w, https:\/\/vestpetproducts.com\/wp-content\/uploads\/2025\/07\/\u8d44\u8d28\u8bc1\u4e66\u5c55\u793a-269x300.jpg 269w, https:\/\/vestpetproducts.com\/wp-content\/uploads\/2025\/07\/\u8d44\u8d28\u8bc1\u4e66\u5c55\u793a-768x857.jpg 768w, https:\/\/vestpetproducts.com\/wp-content\/uploads\/2025\/07\/\u8d44\u8d28\u8bc1\u4e66\u5c55\u793a-11x12.jpg 11w, https:\/\/vestpetproducts.com\/wp-content\/uploads\/2025\/07\/\u8d44\u8d28\u8bc1\u4e66\u5c55\u793a-67x75.jpg 67w, https:\/\/vestpetproducts.com\/wp-content\/uploads\/2025\/07\/\u8d44\u8d28\u8bc1\u4e66\u5c55\u793a-480x535.jpg 480w, https:\/\/vestpetproducts.com\/wp-content\/uploads\/2025\/07\/\u8d44\u8d28\u8bc1\u4e66\u5c55\u793a-800x892.jpg 800w\" sizes=\"auto, (max-width:767px) 480px, (max-width:918px) 100vw, 918px\" \/><\/p>\n<p><img loading=\"lazy\" decoding=\"async\" class=\"aligncenter wp-image-379\" src=\"http:\/\/vestpetproducts.com\/wp-content\/uploads\/2025\/07\/\u5fae\u4fe1\u56fe\u7247_20250715165659.jpg\" alt=\"\" width=\"787\" height=\"1142\" srcset=\"https:\/\/vestpetproducts.com\/wp-content\/uploads\/2025\/07\/\u5fae\u4fe1\u56fe\u7247_20250715165659.jpg 803w, https:\/\/vestpetproducts.com\/wp-content\/uploads\/2025\/07\/\u5fae\u4fe1\u56fe\u7247_20250715165659-345x500.jpg 345w, https:\/\/vestpetproducts.com\/wp-content\/uploads\/2025\/07\/\u5fae\u4fe1\u56fe\u7247_20250715165659-207x300.jpg 207w, https:\/\/vestpetproducts.com\/wp-content\/uploads\/2025\/07\/\u5fae\u4fe1\u56fe\u7247_20250715165659-768x1114.jpg 768w, https:\/\/vestpetproducts.com\/wp-content\/uploads\/2025\/07\/\u5fae\u4fe1\u56fe\u7247_20250715165659-8x12.jpg 8w, https:\/\/vestpetproducts.com\/wp-content\/uploads\/2025\/07\/\u5fae\u4fe1\u56fe\u7247_20250715165659-52x75.jpg 52w, https:\/\/vestpetproducts.com\/wp-content\/uploads\/2025\/07\/\u5fae\u4fe1\u56fe\u7247_20250715165659-480x696.jpg 480w, https:\/\/vestpetproducts.com\/wp-content\/uploads\/2025\/07\/\u5fae\u4fe1\u56fe\u7247_20250715165659-800x1161.jpg 800w\" sizes=\"auto, (max-width:767px) 480px, (max-width:787px) 100vw, 787px\" \/><\/p>","protected":false},"excerpt":{"rendered":"<p>O copo de chupeta Mousse para beb\u00ea de 50g \u00e9 f\u00e1cil de lamber.<\/p>\n<p>Milkshake Nutrition Tubo de Alum\u00ednio Pequeno<br \/>\nEmbalagem pr\u00e1tica, reabaste\u00e7a a nutri\u00e7\u00e3o do seu animal de estima\u00e7\u00e3o a qualquer hora e em qualquer lugar.<\/p>\n<p>F\u00f3rmula de ess\u00eancia concentrada<br \/>\nFormulado cientificamente para atender \u00e0s necessidades di\u00e1rias do seu gato.<\/p>\n<p>Textura f\u00e1cil de lamber<br \/>\nMacio e suave, com excelente palatabilidade.<\/p>\n<p>Especifica\u00e7\u00f5es: 50g\/tubo<\/p>","protected":false},"featured_media":579,"template":"","meta":{"content-type":""},"product_brand":[],"product_cat":[14,121],"product_tag":[],"class_list":{"0":"post-578","1":"product","2":"type-product","3":"status-publish","4":"has-post-thumbnail","6":"product_cat-pet-food","7":"product_cat-wet-food","9":"first","10":"instock","11":"shipping-taxable","12":"product-type-simple"},"yoast_head":"<!-- This site is optimized with the Yoast SEO plugin v24.9 - https:\/\/yoast.com\/wordpress\/plugins\/seo\/ -->\n<title>50g Chicken Flavor Canned Food for Cats Delicious Cat Treats Wholesale Healthy Pet Food Canned Snacks Supplier - Shandong Vest International Trade Co., Ltd.<\/title>\n<meta name=\"robots\" content=\"index, follow, max-snippet:-1, max-image-preview:large, max-video-preview:-1\" \/>\n<link rel=\"canonical\" href=\"https:\/\/vestpetproducts.com\/pt\/produto\/50g-chicken-flavor-canned-food-for-cats-delicious-cat-treats-wholesale-healthy-pet-food-canned-snacks-supplier\/\" \/>\n<meta property=\"og:locale\" content=\"pt_PT\" \/>\n<meta property=\"og:type\" content=\"article\" \/>\n<meta property=\"og:title\" content=\"50g Chicken Flavor Canned Food for Cats Delicious Cat Treats Wholesale Healthy Pet Food Canned Snacks Supplier - Shandong Vest International Trade Co., Ltd.\" \/>\n<meta property=\"og:description\" content=\"50g Mousse baby teat cup is easy to lick.  Milkshake Nutrition Small Aluminium Tube Convenient packaging, replenish your pet&#039;s nutrition anytime, anywhere.  Concentrated essence formula Scientifically formulated to meet your cat&#039;s daily needs.  Easy to lick texture Soft and smooth, with excellent palatability.  Specifications: 50g\/tube\" \/>\n<meta property=\"og:url\" content=\"https:\/\/vestpetproducts.com\/pt\/produto\/50g-chicken-flavor-canned-food-for-cats-delicious-cat-treats-wholesale-healthy-pet-food-canned-snacks-supplier\/\" \/>\n<meta property=\"og:site_name\" content=\"Shandong Vest International Trade Co., Ltd.\" \/>\n<meta property=\"article:modified_time\" content=\"2025-08-13T02:22:28+00:00\" \/>\n<meta property=\"og:image\" content=\"https:\/\/vestpetproducts.com\/wp-content\/uploads\/2025\/07\/1-4.png\" \/>\n\t<meta property=\"og:image:width\" content=\"800\" \/>\n\t<meta property=\"og:image:height\" content=\"800\" \/>\n\t<meta property=\"og:image:type\" content=\"image\/png\" \/>\n<meta name=\"twitter:card\" content=\"summary_large_image\" \/>\n<meta name=\"twitter:label1\" content=\"Tempo estimado de leitura\" \/>\n\t<meta name=\"twitter:data1\" content=\"2 minutos\" \/>\n<script type=\"application\/ld+json\" class=\"yoast-schema-graph\">{\"@context\":\"https:\/\/schema.org\",\"@graph\":[{\"@type\":\"WebPage\",\"@id\":\"https:\/\/vestpetproducts.com\/product\/50g-chicken-flavor-canned-food-for-cats-delicious-cat-treats-wholesale-healthy-pet-food-canned-snacks-supplier\/\",\"url\":\"https:\/\/vestpetproducts.com\/product\/50g-chicken-flavor-canned-food-for-cats-delicious-cat-treats-wholesale-healthy-pet-food-canned-snacks-supplier\/\",\"name\":\"50g Chicken Flavor Canned Food for Cats Delicious Cat Treats Wholesale Healthy Pet Food Canned Snacks Supplier - Shandong Vest International Trade Co., Ltd.\",\"isPartOf\":{\"@id\":\"https:\/\/vestpetproducts.com\/#website\"},\"primaryImageOfPage\":{\"@id\":\"https:\/\/vestpetproducts.com\/product\/50g-chicken-flavor-canned-food-for-cats-delicious-cat-treats-wholesale-healthy-pet-food-canned-snacks-supplier\/#primaryimage\"},\"image\":{\"@id\":\"https:\/\/vestpetproducts.com\/product\/50g-chicken-flavor-canned-food-for-cats-delicious-cat-treats-wholesale-healthy-pet-food-canned-snacks-supplier\/#primaryimage\"},\"thumbnailUrl\":\"https:\/\/vestpetproducts.com\/wp-content\/uploads\/2025\/07\/1-4.png\",\"datePublished\":\"2025-07-17T02:32:45+00:00\",\"dateModified\":\"2025-08-13T02:22:28+00:00\",\"breadcrumb\":{\"@id\":\"https:\/\/vestpetproducts.com\/product\/50g-chicken-flavor-canned-food-for-cats-delicious-cat-treats-wholesale-healthy-pet-food-canned-snacks-supplier\/#breadcrumb\"},\"inLanguage\":\"pt-PT\",\"potentialAction\":[{\"@type\":\"ReadAction\",\"target\":[\"https:\/\/vestpetproducts.com\/product\/50g-chicken-flavor-canned-food-for-cats-delicious-cat-treats-wholesale-healthy-pet-food-canned-snacks-supplier\/\"]}]},{\"@type\":\"ImageObject\",\"inLanguage\":\"pt-PT\",\"@id\":\"https:\/\/vestpetproducts.com\/product\/50g-chicken-flavor-canned-food-for-cats-delicious-cat-treats-wholesale-healthy-pet-food-canned-snacks-supplier\/#primaryimage\",\"url\":\"https:\/\/vestpetproducts.com\/wp-content\/uploads\/2025\/07\/1-4.png\",\"contentUrl\":\"https:\/\/vestpetproducts.com\/wp-content\/uploads\/2025\/07\/1-4.png\",\"width\":800,\"height\":800},{\"@type\":\"BreadcrumbList\",\"@id\":\"https:\/\/vestpetproducts.com\/product\/50g-chicken-flavor-canned-food-for-cats-delicious-cat-treats-wholesale-healthy-pet-food-canned-snacks-supplier\/#breadcrumb\",\"itemListElement\":[{\"@type\":\"ListItem\",\"position\":1,\"name\":\"\u9996\u9875\",\"item\":\"https:\/\/vestpetproducts.com\/\"},{\"@type\":\"ListItem\",\"position\":2,\"name\":\"Product\",\"item\":\"https:\/\/vestpetproducts.com\/product\/\"},{\"@type\":\"ListItem\",\"position\":3,\"name\":\"50g Chicken Flavor Canned Food for Cats Delicious Cat Treats Wholesale Healthy Pet Food Canned Snacks Supplier\"}]},{\"@type\":\"WebSite\",\"@id\":\"https:\/\/vestpetproducts.com\/#website\",\"url\":\"https:\/\/vestpetproducts.com\/\",\"name\":\"Shandong Vest International Trade Co., Ltd.\",\"description\":\"Shandong Vest International Trade Co., Ltd.\",\"potentialAction\":[{\"@type\":\"SearchAction\",\"target\":{\"@type\":\"EntryPoint\",\"urlTemplate\":\"https:\/\/vestpetproducts.com\/?s={search_term_string}\"},\"query-input\":{\"@type\":\"PropertyValueSpecification\",\"valueRequired\":true,\"valueName\":\"search_term_string\"}}],\"inLanguage\":\"pt-PT\"}]}<\/script>\n<!-- \/ Yoast SEO plugin. -->","yoast_head_json":{"title":"50g Chicken Flavor Canned Food for Cats Delicious Cat Treats Wholesale Healthy Pet Food Canned Snacks Supplier - Shandong Vest International Trade Co., Ltd.","robots":{"index":"index","follow":"follow","max-snippet":"max-snippet:-1","max-image-preview":"max-image-preview:large","max-video-preview":"max-video-preview:-1"},"canonical":"https:\/\/vestpetproducts.com\/pt\/produto\/50g-chicken-flavor-canned-food-for-cats-delicious-cat-treats-wholesale-healthy-pet-food-canned-snacks-supplier\/","og_locale":"pt_PT","og_type":"article","og_title":"50g Chicken Flavor Canned Food for Cats Delicious Cat Treats Wholesale Healthy Pet Food Canned Snacks Supplier - Shandong Vest International Trade Co., Ltd.","og_description":"50g Mousse baby teat cup is easy to lick.  Milkshake Nutrition Small Aluminium Tube Convenient packaging, replenish your pet's nutrition anytime, anywhere.  Concentrated essence formula Scientifically formulated to meet your cat's daily needs.  Easy to lick texture Soft and smooth, with excellent palatability.  Specifications: 50g\/tube","og_url":"https:\/\/vestpetproducts.com\/pt\/produto\/50g-chicken-flavor-canned-food-for-cats-delicious-cat-treats-wholesale-healthy-pet-food-canned-snacks-supplier\/","og_site_name":"Shandong Vest International Trade Co., Ltd.","article_modified_time":"2025-08-13T02:22:28+00:00","og_image":[{"width":800,"height":800,"url":"https:\/\/vestpetproducts.com\/wp-content\/uploads\/2025\/07\/1-4.png","type":"image\/png"}],"twitter_card":"summary_large_image","twitter_misc":{"Tempo estimado de leitura":"2 minutos"},"schema":{"@context":"https:\/\/schema.org","@graph":[{"@type":"WebPage","@id":"https:\/\/vestpetproducts.com\/product\/50g-chicken-flavor-canned-food-for-cats-delicious-cat-treats-wholesale-healthy-pet-food-canned-snacks-supplier\/","url":"https:\/\/vestpetproducts.com\/product\/50g-chicken-flavor-canned-food-for-cats-delicious-cat-treats-wholesale-healthy-pet-food-canned-snacks-supplier\/","name":"50g Chicken Flavor Canned Food for Cats Delicious Cat Treats Wholesale Healthy Pet Food Canned Snacks Supplier - Shandong Vest International Trade Co., Ltd.","isPartOf":{"@id":"https:\/\/vestpetproducts.com\/#website"},"primaryImageOfPage":{"@id":"https:\/\/vestpetproducts.com\/product\/50g-chicken-flavor-canned-food-for-cats-delicious-cat-treats-wholesale-healthy-pet-food-canned-snacks-supplier\/#primaryimage"},"image":{"@id":"https:\/\/vestpetproducts.com\/product\/50g-chicken-flavor-canned-food-for-cats-delicious-cat-treats-wholesale-healthy-pet-food-canned-snacks-supplier\/#primaryimage"},"thumbnailUrl":"https:\/\/vestpetproducts.com\/wp-content\/uploads\/2025\/07\/1-4.png","datePublished":"2025-07-17T02:32:45+00:00","dateModified":"2025-08-13T02:22:28+00:00","breadcrumb":{"@id":"https:\/\/vestpetproducts.com\/product\/50g-chicken-flavor-canned-food-for-cats-delicious-cat-treats-wholesale-healthy-pet-food-canned-snacks-supplier\/#breadcrumb"},"inLanguage":"pt-PT","potentialAction":[{"@type":"ReadAction","target":["https:\/\/vestpetproducts.com\/product\/50g-chicken-flavor-canned-food-for-cats-delicious-cat-treats-wholesale-healthy-pet-food-canned-snacks-supplier\/"]}]},{"@type":"ImageObject","inLanguage":"pt-PT","@id":"https:\/\/vestpetproducts.com\/product\/50g-chicken-flavor-canned-food-for-cats-delicious-cat-treats-wholesale-healthy-pet-food-canned-snacks-supplier\/#primaryimage","url":"https:\/\/vestpetproducts.com\/wp-content\/uploads\/2025\/07\/1-4.png","contentUrl":"https:\/\/vestpetproducts.com\/wp-content\/uploads\/2025\/07\/1-4.png","width":800,"height":800},{"@type":"BreadcrumbList","@id":"https:\/\/vestpetproducts.com\/product\/50g-chicken-flavor-canned-food-for-cats-delicious-cat-treats-wholesale-healthy-pet-food-canned-snacks-supplier\/#breadcrumb","itemListElement":[{"@type":"ListItem","position":1,"name":"\u9996\u9875","item":"https:\/\/vestpetproducts.com\/"},{"@type":"ListItem","position":2,"name":"Product","item":"https:\/\/vestpetproducts.com\/product\/"},{"@type":"ListItem","position":3,"name":"50g Chicken Flavor Canned Food for Cats Delicious Cat Treats Wholesale Healthy Pet Food Canned Snacks Supplier"}]},{"@type":"WebSite","@id":"https:\/\/vestpetproducts.com\/#website","url":"https:\/\/vestpetproducts.com\/","name":"Shandong Vest International Trade Co., Ltd.","description":"Shandong Vest International Trade Co., Ltd.","potentialAction":[{"@type":"SearchAction","target":{"@type":"EntryPoint","urlTemplate":"https:\/\/vestpetproducts.com\/?s={search_term_string}"},"query-input":{"@type":"PropertyValueSpecification","valueRequired":true,"valueName":"search_term_string"}}],"inLanguage":"pt-PT"}]}},"_links":{"self":[{"href":"https:\/\/vestpetproducts.com\/pt\/wp-json\/wp\/v2\/product\/578","targetHints":{"allow":["GET"]}}],"collection":[{"href":"https:\/\/vestpetproducts.com\/pt\/wp-json\/wp\/v2\/product"}],"about":[{"href":"https:\/\/vestpetproducts.com\/pt\/wp-json\/wp\/v2\/types\/product"}],"wp:featuredmedia":[{"embeddable":true,"href":"https:\/\/vestpetproducts.com\/pt\/wp-json\/wp\/v2\/media\/579"}],"wp:attachment":[{"href":"https:\/\/vestpetproducts.com\/pt\/wp-json\/wp\/v2\/media?parent=578"}],"wp:term":[{"taxonomy":"product_brand","embeddable":true,"href":"https:\/\/vestpetproducts.com\/pt\/wp-json\/wp\/v2\/product_brand?post=578"},{"taxonomy":"product_cat","embeddable":true,"href":"https:\/\/vestpetproducts.com\/pt\/wp-json\/wp\/v2\/product_cat?post=578"},{"taxonomy":"product_tag","embeddable":true,"href":"https:\/\/vestpetproducts.com\/pt\/wp-json\/wp\/v2\/product_tag?post=578"}],"curies":[{"name":"wp","href":"https:\/\/api.w.org\/{rel}","templated":true}]}}