{"id":435,"date":"2025-07-16T06:44:01","date_gmt":"2025-07-16T06:44:01","guid":{"rendered":"https:\/\/vestpetproducts.com\/?post_type=product&#038;p=435"},"modified":"2025-08-13T03:29:31","modified_gmt":"2025-08-13T03:29:31","slug":"cat-wet-food-pouch-oem-multiple-flavors-pouches-private-label-faenbei-wet-food-treat-pouch","status":"publish","type":"product","link":"https:\/\/vestpetproducts.com\/pt\/produto\/cat-wet-food-pouch-oem-multiple-flavors-pouches-private-label-faenbei-wet-food-treat-pouch\/","title":{"rendered":"Saco de comida \u00famida para gatos OEM, v\u00e1rios sabores, marca pr\u00f3pria Faenbei, saco de guloseimas para comida \u00famida"},"content":{"rendered":"<p><img loading=\"lazy\" decoding=\"async\" class=\"aligncenter wp-image-446\" src=\"http:\/\/vestpetproducts.com\/wp-content\/uploads\/2025\/07\/\u8be6\u60c51-2-scaled.png\" alt=\"\" width=\"748\" height=\"748\" srcset=\"https:\/\/vestpetproducts.com\/wp-content\/uploads\/2025\/07\/\u8be6\u60c51-2-scaled.png 2560w, https:\/\/vestpetproducts.com\/wp-content\/uploads\/2025\/07\/\u8be6\u60c51-2-500x500.png 500w, https:\/\/vestpetproducts.com\/wp-content\/uploads\/2025\/07\/\u8be6\u60c51-2-1200x1200.png 1200w, https:\/\/vestpetproducts.com\/wp-content\/uploads\/2025\/07\/\u8be6\u60c51-2-300x300.png 300w, https:\/\/vestpetproducts.com\/wp-content\/uploads\/2025\/07\/\u8be6\u60c51-2-768x768.png 768w, https:\/\/vestpetproducts.com\/wp-content\/uploads\/2025\/07\/\u8be6\u60c51-2-1536x1536.png 1536w, https:\/\/vestpetproducts.com\/wp-content\/uploads\/2025\/07\/\u8be6\u60c51-2-2048x2048.png 2048w, https:\/\/vestpetproducts.com\/wp-content\/uploads\/2025\/07\/\u8be6\u60c51-2-12x12.png 12w, https:\/\/vestpetproducts.com\/wp-content\/uploads\/2025\/07\/\u8be6\u60c51-2-150x150.png 150w, https:\/\/vestpetproducts.com\/wp-content\/uploads\/2025\/07\/\u8be6\u60c51-2-75x75.png 75w, https:\/\/vestpetproducts.com\/wp-content\/uploads\/2025\/07\/\u8be6\u60c51-2-480x480.png 480w, https:\/\/vestpetproducts.com\/wp-content\/uploads\/2025\/07\/\u8be6\u60c51-2-800x800.png 800w\" sizes=\"auto, (max-width:767px) 480px, 748px\" \/><img loading=\"lazy\" decoding=\"async\" class=\"aligncenter size-full wp-image-443\" src=\"http:\/\/vestpetproducts.com\/wp-content\/uploads\/2025\/07\/\u8be6\u60c52.jpg\" alt=\"\" width=\"750\" height=\"491\" srcset=\"https:\/\/vestpetproducts.com\/wp-content\/uploads\/2025\/07\/\u8be6\u60c52.jpg 750w, https:\/\/vestpetproducts.com\/wp-content\/uploads\/2025\/07\/\u8be6\u60c52-500x327.jpg 500w, https:\/\/vestpetproducts.com\/wp-content\/uploads\/2025\/07\/\u8be6\u60c52-300x196.jpg 300w, https:\/\/vestpetproducts.com\/wp-content\/uploads\/2025\/07\/\u8be6\u60c52-18x12.jpg 18w, https:\/\/vestpetproducts.com\/wp-content\/uploads\/2025\/07\/\u8be6\u60c52-115x75.jpg 115w, https:\/\/vestpetproducts.com\/wp-content\/uploads\/2025\/07\/\u8be6\u60c52-480x314.jpg 480w\" sizes=\"auto, (max-width:767px) 480px, 750px\" \/><img loading=\"lazy\" decoding=\"async\" class=\"aligncenter size-full wp-image-444\" src=\"http:\/\/vestpetproducts.com\/wp-content\/uploads\/2025\/07\/\u8be6\u60c53.png\" alt=\"\" width=\"800\" height=\"1200\" srcset=\"https:\/\/vestpetproducts.com\/wp-content\/uploads\/2025\/07\/\u8be6\u60c53.png 800w, https:\/\/vestpetproducts.com\/wp-content\/uploads\/2025\/07\/\u8be6\u60c53-333x500.png 333w, https:\/\/vestpetproducts.com\/wp-content\/uploads\/2025\/07\/\u8be6\u60c53-200x300.png 200w, https:\/\/vestpetproducts.com\/wp-content\/uploads\/2025\/07\/\u8be6\u60c53-768x1152.png 768w, https:\/\/vestpetproducts.com\/wp-content\/uploads\/2025\/07\/\u8be6\u60c53-8x12.png 8w, https:\/\/vestpetproducts.com\/wp-content\/uploads\/2025\/07\/\u8be6\u60c53-50x75.png 50w, https:\/\/vestpetproducts.com\/wp-content\/uploads\/2025\/07\/\u8be6\u60c53-480x720.png 480w\" sizes=\"auto, (max-width:767px) 480px, (max-width:800px) 100vw, 800px\" \/><\/p>\n<p><img loading=\"lazy\" decoding=\"async\" class=\"aligncenter size-full wp-image-374\" src=\"http:\/\/vestpetproducts.com\/wp-content\/uploads\/2025\/07\/\u5fae\u4fe1\u56fe\u7247_20250715165725.jpg\" alt=\"\" width=\"800\" height=\"800\" srcset=\"https:\/\/vestpetproducts.com\/wp-content\/uploads\/2025\/07\/\u5fae\u4fe1\u56fe\u7247_20250715165725.jpg 800w, https:\/\/vestpetproducts.com\/wp-content\/uploads\/2025\/07\/\u5fae\u4fe1\u56fe\u7247_20250715165725-500x500.jpg 500w, https:\/\/vestpetproducts.com\/wp-content\/uploads\/2025\/07\/\u5fae\u4fe1\u56fe\u7247_20250715165725-300x300.jpg 300w, https:\/\/vestpetproducts.com\/wp-content\/uploads\/2025\/07\/\u5fae\u4fe1\u56fe\u7247_20250715165725-768x768.jpg 768w, https:\/\/vestpetproducts.com\/wp-content\/uploads\/2025\/07\/\u5fae\u4fe1\u56fe\u7247_20250715165725-12x12.jpg 12w, https:\/\/vestpetproducts.com\/wp-content\/uploads\/2025\/07\/\u5fae\u4fe1\u56fe\u7247_20250715165725-150x150.jpg 150w, https:\/\/vestpetproducts.com\/wp-content\/uploads\/2025\/07\/\u5fae\u4fe1\u56fe\u7247_20250715165725-75x75.jpg 75w, https:\/\/vestpetproducts.com\/wp-content\/uploads\/2025\/07\/\u5fae\u4fe1\u56fe\u7247_20250715165725-480x480.jpg 480w\" sizes=\"auto, (max-width:767px) 480px, (max-width:800px) 100vw, 800px\" \/><img loading=\"lazy\" decoding=\"async\" class=\"aligncenter wp-image-376\" src=\"http:\/\/vestpetproducts.com\/wp-content\/uploads\/2025\/07\/\u5fae\u4fe1\u56fe\u7247_20250715165719.jpg\" alt=\"\" width=\"791\" height=\"791\" srcset=\"https:\/\/vestpetproducts.com\/wp-content\/uploads\/2025\/07\/\u5fae\u4fe1\u56fe\u7247_20250715165719.jpg 1200w, https:\/\/vestpetproducts.com\/wp-content\/uploads\/2025\/07\/\u5fae\u4fe1\u56fe\u7247_20250715165719-500x500.jpg 500w, https:\/\/vestpetproducts.com\/wp-content\/uploads\/2025\/07\/\u5fae\u4fe1\u56fe\u7247_20250715165719-300x300.jpg 300w, https:\/\/vestpetproducts.com\/wp-content\/uploads\/2025\/07\/\u5fae\u4fe1\u56fe\u7247_20250715165719-768x768.jpg 768w, https:\/\/vestpetproducts.com\/wp-content\/uploads\/2025\/07\/\u5fae\u4fe1\u56fe\u7247_20250715165719-12x12.jpg 12w, https:\/\/vestpetproducts.com\/wp-content\/uploads\/2025\/07\/\u5fae\u4fe1\u56fe\u7247_20250715165719-150x150.jpg 150w, https:\/\/vestpetproducts.com\/wp-content\/uploads\/2025\/07\/\u5fae\u4fe1\u56fe\u7247_20250715165719-75x75.jpg 75w, https:\/\/vestpetproducts.com\/wp-content\/uploads\/2025\/07\/\u5fae\u4fe1\u56fe\u7247_20250715165719-480x480.jpg 480w, https:\/\/vestpetproducts.com\/wp-content\/uploads\/2025\/07\/\u5fae\u4fe1\u56fe\u7247_20250715165719-800x800.jpg 800w\" sizes=\"auto, (max-width:767px) 480px, (max-width:791px) 100vw, 791px\" \/><\/p>\n<p><img loading=\"lazy\" decoding=\"async\" class=\"wp-image-391 aligncenter\" src=\"http:\/\/vestpetproducts.com\/wp-content\/uploads\/2025\/07\/\u8d44\u8d28\u8bc1\u4e66\u5c55\u793a.jpg\" alt=\"\" width=\"764\" height=\"853\" srcset=\"https:\/\/vestpetproducts.com\/wp-content\/uploads\/2025\/07\/\u8d44\u8d28\u8bc1\u4e66\u5c55\u793a.jpg 918w, https:\/\/vestpetproducts.com\/wp-content\/uploads\/2025\/07\/\u8d44\u8d28\u8bc1\u4e66\u5c55\u793a-448x500.jpg 448w, https:\/\/vestpetproducts.com\/wp-content\/uploads\/2025\/07\/\u8d44\u8d28\u8bc1\u4e66\u5c55\u793a-269x300.jpg 269w, https:\/\/vestpetproducts.com\/wp-content\/uploads\/2025\/07\/\u8d44\u8d28\u8bc1\u4e66\u5c55\u793a-768x857.jpg 768w, https:\/\/vestpetproducts.com\/wp-content\/uploads\/2025\/07\/\u8d44\u8d28\u8bc1\u4e66\u5c55\u793a-11x12.jpg 11w, https:\/\/vestpetproducts.com\/wp-content\/uploads\/2025\/07\/\u8d44\u8d28\u8bc1\u4e66\u5c55\u793a-67x75.jpg 67w, https:\/\/vestpetproducts.com\/wp-content\/uploads\/2025\/07\/\u8d44\u8d28\u8bc1\u4e66\u5c55\u793a-480x535.jpg 480w, https:\/\/vestpetproducts.com\/wp-content\/uploads\/2025\/07\/\u8d44\u8d28\u8bc1\u4e66\u5c55\u793a-800x892.jpg 800w\" sizes=\"auto, (max-width:767px) 480px, 764px\" \/><\/p>\n<p><img loading=\"lazy\" decoding=\"async\" class=\"aligncenter wp-image-379\" src=\"http:\/\/vestpetproducts.com\/wp-content\/uploads\/2025\/07\/\u5fae\u4fe1\u56fe\u7247_20250715165659.jpg\" alt=\"\" width=\"787\" height=\"1142\" srcset=\"https:\/\/vestpetproducts.com\/wp-content\/uploads\/2025\/07\/\u5fae\u4fe1\u56fe\u7247_20250715165659.jpg 803w, https:\/\/vestpetproducts.com\/wp-content\/uploads\/2025\/07\/\u5fae\u4fe1\u56fe\u7247_20250715165659-345x500.jpg 345w, https:\/\/vestpetproducts.com\/wp-content\/uploads\/2025\/07\/\u5fae\u4fe1\u56fe\u7247_20250715165659-207x300.jpg 207w, https:\/\/vestpetproducts.com\/wp-content\/uploads\/2025\/07\/\u5fae\u4fe1\u56fe\u7247_20250715165659-768x1114.jpg 768w, https:\/\/vestpetproducts.com\/wp-content\/uploads\/2025\/07\/\u5fae\u4fe1\u56fe\u7247_20250715165659-8x12.jpg 8w, https:\/\/vestpetproducts.com\/wp-content\/uploads\/2025\/07\/\u5fae\u4fe1\u56fe\u7247_20250715165659-52x75.jpg 52w, https:\/\/vestpetproducts.com\/wp-content\/uploads\/2025\/07\/\u5fae\u4fe1\u56fe\u7247_20250715165659-480x696.jpg 480w, https:\/\/vestpetproducts.com\/wp-content\/uploads\/2025\/07\/\u5fae\u4fe1\u56fe\u7247_20250715165659-800x1161.jpg 800w\" sizes=\"auto, (max-width:767px) 480px, (max-width:787px) 100vw, 787px\" \/><\/p>","protected":false},"excerpt":{"rendered":"<p>Sabores de \u00e1rvores Um saco de gr\u00e3os \u00famidos com uma boca<\/p>\n<p>Sach\u00eas de comida \u00famida premium para frango<br \/>\nFonte de prote\u00edna deliciosa e de alta qualidade para seu companheiro felino.<\/p>\n<p>Nutri\u00e7\u00e3o Completa e Balanceada<br \/>\nFormulado para promover a sa\u00fade e a vitalidade geral.<\/p>\n<p>Textura macia e apetitosa<br \/>\nConsist\u00eancia irresist\u00edvel que os gatos adoram.<\/p>","protected":false},"featured_media":436,"template":"","meta":{"content-type":""},"product_brand":[],"product_cat":[14,121],"product_tag":[],"class_list":{"0":"post-435","1":"product","2":"type-product","3":"status-publish","4":"has-post-thumbnail","6":"product_cat-pet-food","7":"product_cat-wet-food","9":"first","10":"instock","11":"shipping-taxable","12":"product-type-simple"},"yoast_head":"<!-- This site is optimized with the Yoast SEO plugin v24.9 - https:\/\/yoast.com\/wordpress\/plugins\/seo\/ -->\n<title>Cat Wet Food Pouch OEM Multiple Flavors Pouches Private Label Faenbei Wet Food Treat Pouch - Shandong Vest International Trade Co., Ltd.<\/title>\n<meta name=\"robots\" content=\"index, follow, max-snippet:-1, max-image-preview:large, max-video-preview:-1\" \/>\n<link rel=\"canonical\" href=\"https:\/\/vestpetproducts.com\/pt\/produto\/cat-wet-food-pouch-oem-multiple-flavors-pouches-private-label-faenbei-wet-food-treat-pouch\/\" \/>\n<meta property=\"og:locale\" content=\"pt_PT\" \/>\n<meta property=\"og:type\" content=\"article\" \/>\n<meta property=\"og:title\" content=\"Cat Wet Food Pouch OEM Multiple Flavors Pouches Private Label Faenbei Wet Food Treat Pouch - Shandong Vest International Trade Co., Ltd.\" \/>\n<meta property=\"og:description\" content=\"Tree flavors A wet grain bag with a mouth  Premium Chicken Wet Food Pouches Delicious, high-quality protein source for your feline companion.  Complete &amp; Balanced Nutrition Formulated to support overall health and vitality.  Tender, Appetizing Texture Irresistible consistency cats love.\" \/>\n<meta property=\"og:url\" content=\"https:\/\/vestpetproducts.com\/pt\/produto\/cat-wet-food-pouch-oem-multiple-flavors-pouches-private-label-faenbei-wet-food-treat-pouch\/\" \/>\n<meta property=\"og:site_name\" content=\"Shandong Vest International Trade Co., Ltd.\" \/>\n<meta property=\"article:modified_time\" content=\"2025-08-13T03:29:31+00:00\" \/>\n<meta property=\"og:image\" content=\"https:\/\/vestpetproducts.com\/wp-content\/uploads\/2025\/07\/4.jpg\" \/>\n\t<meta property=\"og:image:width\" content=\"800\" \/>\n\t<meta property=\"og:image:height\" content=\"800\" \/>\n\t<meta property=\"og:image:type\" content=\"image\/jpeg\" \/>\n<meta name=\"twitter:card\" content=\"summary_large_image\" \/>\n<meta name=\"twitter:label1\" content=\"Tempo estimado de leitura\" \/>\n\t<meta name=\"twitter:data1\" content=\"2 minutos\" \/>\n<script type=\"application\/ld+json\" class=\"yoast-schema-graph\">{\"@context\":\"https:\/\/schema.org\",\"@graph\":[{\"@type\":\"WebPage\",\"@id\":\"https:\/\/vestpetproducts.com\/product\/cat-wet-food-pouch-oem-multiple-flavors-pouches-private-label-faenbei-wet-food-treat-pouch\/\",\"url\":\"https:\/\/vestpetproducts.com\/product\/cat-wet-food-pouch-oem-multiple-flavors-pouches-private-label-faenbei-wet-food-treat-pouch\/\",\"name\":\"Cat Wet Food Pouch OEM Multiple Flavors Pouches Private Label Faenbei Wet Food Treat Pouch - Shandong Vest International Trade Co., Ltd.\",\"isPartOf\":{\"@id\":\"https:\/\/vestpetproducts.com\/#website\"},\"primaryImageOfPage\":{\"@id\":\"https:\/\/vestpetproducts.com\/product\/cat-wet-food-pouch-oem-multiple-flavors-pouches-private-label-faenbei-wet-food-treat-pouch\/#primaryimage\"},\"image\":{\"@id\":\"https:\/\/vestpetproducts.com\/product\/cat-wet-food-pouch-oem-multiple-flavors-pouches-private-label-faenbei-wet-food-treat-pouch\/#primaryimage\"},\"thumbnailUrl\":\"https:\/\/vestpetproducts.com\/wp-content\/uploads\/2025\/07\/4.jpg\",\"datePublished\":\"2025-07-16T06:44:01+00:00\",\"dateModified\":\"2025-08-13T03:29:31+00:00\",\"breadcrumb\":{\"@id\":\"https:\/\/vestpetproducts.com\/product\/cat-wet-food-pouch-oem-multiple-flavors-pouches-private-label-faenbei-wet-food-treat-pouch\/#breadcrumb\"},\"inLanguage\":\"pt-PT\",\"potentialAction\":[{\"@type\":\"ReadAction\",\"target\":[\"https:\/\/vestpetproducts.com\/product\/cat-wet-food-pouch-oem-multiple-flavors-pouches-private-label-faenbei-wet-food-treat-pouch\/\"]}]},{\"@type\":\"ImageObject\",\"inLanguage\":\"pt-PT\",\"@id\":\"https:\/\/vestpetproducts.com\/product\/cat-wet-food-pouch-oem-multiple-flavors-pouches-private-label-faenbei-wet-food-treat-pouch\/#primaryimage\",\"url\":\"https:\/\/vestpetproducts.com\/wp-content\/uploads\/2025\/07\/4.jpg\",\"contentUrl\":\"https:\/\/vestpetproducts.com\/wp-content\/uploads\/2025\/07\/4.jpg\",\"width\":800,\"height\":800},{\"@type\":\"BreadcrumbList\",\"@id\":\"https:\/\/vestpetproducts.com\/product\/cat-wet-food-pouch-oem-multiple-flavors-pouches-private-label-faenbei-wet-food-treat-pouch\/#breadcrumb\",\"itemListElement\":[{\"@type\":\"ListItem\",\"position\":1,\"name\":\"\u9996\u9875\",\"item\":\"https:\/\/vestpetproducts.com\/\"},{\"@type\":\"ListItem\",\"position\":2,\"name\":\"Product\",\"item\":\"https:\/\/vestpetproducts.com\/product\/\"},{\"@type\":\"ListItem\",\"position\":3,\"name\":\"Cat Wet Food Pouch OEM Multiple Flavors Pouches Private Label Faenbei Wet Food Treat Pouch\"}]},{\"@type\":\"WebSite\",\"@id\":\"https:\/\/vestpetproducts.com\/#website\",\"url\":\"https:\/\/vestpetproducts.com\/\",\"name\":\"Shandong Vest International Trade Co., Ltd.\",\"description\":\"Shandong Vest International Trade Co., Ltd.\",\"potentialAction\":[{\"@type\":\"SearchAction\",\"target\":{\"@type\":\"EntryPoint\",\"urlTemplate\":\"https:\/\/vestpetproducts.com\/?s={search_term_string}\"},\"query-input\":{\"@type\":\"PropertyValueSpecification\",\"valueRequired\":true,\"valueName\":\"search_term_string\"}}],\"inLanguage\":\"pt-PT\"}]}<\/script>\n<!-- \/ Yoast SEO plugin. -->","yoast_head_json":{"title":"Cat Wet Food Pouch OEM Multiple Flavors Pouches Private Label Faenbei Wet Food Treat Pouch - Shandong Vest International Trade Co., Ltd.","robots":{"index":"index","follow":"follow","max-snippet":"max-snippet:-1","max-image-preview":"max-image-preview:large","max-video-preview":"max-video-preview:-1"},"canonical":"https:\/\/vestpetproducts.com\/pt\/produto\/cat-wet-food-pouch-oem-multiple-flavors-pouches-private-label-faenbei-wet-food-treat-pouch\/","og_locale":"pt_PT","og_type":"article","og_title":"Cat Wet Food Pouch OEM Multiple Flavors Pouches Private Label Faenbei Wet Food Treat Pouch - Shandong Vest International Trade Co., Ltd.","og_description":"Tree flavors A wet grain bag with a mouth  Premium Chicken Wet Food Pouches Delicious, high-quality protein source for your feline companion.  Complete &amp; Balanced Nutrition Formulated to support overall health and vitality.  Tender, Appetizing Texture Irresistible consistency cats love.","og_url":"https:\/\/vestpetproducts.com\/pt\/produto\/cat-wet-food-pouch-oem-multiple-flavors-pouches-private-label-faenbei-wet-food-treat-pouch\/","og_site_name":"Shandong Vest International Trade Co., Ltd.","article_modified_time":"2025-08-13T03:29:31+00:00","og_image":[{"width":800,"height":800,"url":"https:\/\/vestpetproducts.com\/wp-content\/uploads\/2025\/07\/4.jpg","type":"image\/jpeg"}],"twitter_card":"summary_large_image","twitter_misc":{"Tempo estimado de leitura":"2 minutos"},"schema":{"@context":"https:\/\/schema.org","@graph":[{"@type":"WebPage","@id":"https:\/\/vestpetproducts.com\/product\/cat-wet-food-pouch-oem-multiple-flavors-pouches-private-label-faenbei-wet-food-treat-pouch\/","url":"https:\/\/vestpetproducts.com\/product\/cat-wet-food-pouch-oem-multiple-flavors-pouches-private-label-faenbei-wet-food-treat-pouch\/","name":"Cat Wet Food Pouch OEM Multiple Flavors Pouches Private Label Faenbei Wet Food Treat Pouch - Shandong Vest International Trade Co., Ltd.","isPartOf":{"@id":"https:\/\/vestpetproducts.com\/#website"},"primaryImageOfPage":{"@id":"https:\/\/vestpetproducts.com\/product\/cat-wet-food-pouch-oem-multiple-flavors-pouches-private-label-faenbei-wet-food-treat-pouch\/#primaryimage"},"image":{"@id":"https:\/\/vestpetproducts.com\/product\/cat-wet-food-pouch-oem-multiple-flavors-pouches-private-label-faenbei-wet-food-treat-pouch\/#primaryimage"},"thumbnailUrl":"https:\/\/vestpetproducts.com\/wp-content\/uploads\/2025\/07\/4.jpg","datePublished":"2025-07-16T06:44:01+00:00","dateModified":"2025-08-13T03:29:31+00:00","breadcrumb":{"@id":"https:\/\/vestpetproducts.com\/product\/cat-wet-food-pouch-oem-multiple-flavors-pouches-private-label-faenbei-wet-food-treat-pouch\/#breadcrumb"},"inLanguage":"pt-PT","potentialAction":[{"@type":"ReadAction","target":["https:\/\/vestpetproducts.com\/product\/cat-wet-food-pouch-oem-multiple-flavors-pouches-private-label-faenbei-wet-food-treat-pouch\/"]}]},{"@type":"ImageObject","inLanguage":"pt-PT","@id":"https:\/\/vestpetproducts.com\/product\/cat-wet-food-pouch-oem-multiple-flavors-pouches-private-label-faenbei-wet-food-treat-pouch\/#primaryimage","url":"https:\/\/vestpetproducts.com\/wp-content\/uploads\/2025\/07\/4.jpg","contentUrl":"https:\/\/vestpetproducts.com\/wp-content\/uploads\/2025\/07\/4.jpg","width":800,"height":800},{"@type":"BreadcrumbList","@id":"https:\/\/vestpetproducts.com\/product\/cat-wet-food-pouch-oem-multiple-flavors-pouches-private-label-faenbei-wet-food-treat-pouch\/#breadcrumb","itemListElement":[{"@type":"ListItem","position":1,"name":"\u9996\u9875","item":"https:\/\/vestpetproducts.com\/"},{"@type":"ListItem","position":2,"name":"Product","item":"https:\/\/vestpetproducts.com\/product\/"},{"@type":"ListItem","position":3,"name":"Cat Wet Food Pouch OEM Multiple Flavors Pouches Private Label Faenbei Wet Food Treat Pouch"}]},{"@type":"WebSite","@id":"https:\/\/vestpetproducts.com\/#website","url":"https:\/\/vestpetproducts.com\/","name":"Shandong Vest International Trade Co., Ltd.","description":"Shandong Vest International Trade Co., Ltd.","potentialAction":[{"@type":"SearchAction","target":{"@type":"EntryPoint","urlTemplate":"https:\/\/vestpetproducts.com\/?s={search_term_string}"},"query-input":{"@type":"PropertyValueSpecification","valueRequired":true,"valueName":"search_term_string"}}],"inLanguage":"pt-PT"}]}},"_links":{"self":[{"href":"https:\/\/vestpetproducts.com\/pt\/wp-json\/wp\/v2\/product\/435","targetHints":{"allow":["GET"]}}],"collection":[{"href":"https:\/\/vestpetproducts.com\/pt\/wp-json\/wp\/v2\/product"}],"about":[{"href":"https:\/\/vestpetproducts.com\/pt\/wp-json\/wp\/v2\/types\/product"}],"wp:featuredmedia":[{"embeddable":true,"href":"https:\/\/vestpetproducts.com\/pt\/wp-json\/wp\/v2\/media\/436"}],"wp:attachment":[{"href":"https:\/\/vestpetproducts.com\/pt\/wp-json\/wp\/v2\/media?parent=435"}],"wp:term":[{"taxonomy":"product_brand","embeddable":true,"href":"https:\/\/vestpetproducts.com\/pt\/wp-json\/wp\/v2\/product_brand?post=435"},{"taxonomy":"product_cat","embeddable":true,"href":"https:\/\/vestpetproducts.com\/pt\/wp-json\/wp\/v2\/product_cat?post=435"},{"taxonomy":"product_tag","embeddable":true,"href":"https:\/\/vestpetproducts.com\/pt\/wp-json\/wp\/v2\/product_tag?post=435"}],"curies":[{"name":"wp","href":"https:\/\/api.w.org\/{rel}","templated":true}]}}