{"id":401,"date":"2025-07-16T05:48:40","date_gmt":"2025-07-16T05:48:40","guid":{"rendered":"https:\/\/vestpetproducts.com\/?post_type=product&#038;p=401"},"modified":"2025-08-13T05:51:06","modified_gmt":"2025-08-13T05:51:06","slug":"latest-date-cat-snacks-15g-nutritional-cat-food-cat-wet-food-oem-odm-wholesale","status":"publish","type":"product","link":"https:\/\/vestpetproducts.com\/pt\/produto\/latest-date-cat-snacks-15g-nutritional-cat-food-cat-wet-food-oem-odm-wholesale\/","title":{"rendered":"\u00daltima data Cat Snacks 15g comida nutritiva para gatos comida \u00famida para gatos OEM ODM atacado"},"content":{"rendered":"<p><img loading=\"lazy\" decoding=\"async\" class=\"aligncenter size-full wp-image-367\" src=\"http:\/\/vestpetproducts.com\/wp-content\/uploads\/2025\/07\/\u5fae\u4fe1\u56fe\u7247_20250715164446.jpg\" alt=\"\" width=\"1920\" height=\"960\" srcset=\"https:\/\/vestpetproducts.com\/wp-content\/uploads\/2025\/07\/\u5fae\u4fe1\u56fe\u7247_20250715164446.jpg 1920w, https:\/\/vestpetproducts.com\/wp-content\/uploads\/2025\/07\/\u5fae\u4fe1\u56fe\u7247_20250715164446-500x250.jpg 500w, https:\/\/vestpetproducts.com\/wp-content\/uploads\/2025\/07\/\u5fae\u4fe1\u56fe\u7247_20250715164446-1200x600.jpg 1200w, https:\/\/vestpetproducts.com\/wp-content\/uploads\/2025\/07\/\u5fae\u4fe1\u56fe\u7247_20250715164446-300x150.jpg 300w, https:\/\/vestpetproducts.com\/wp-content\/uploads\/2025\/07\/\u5fae\u4fe1\u56fe\u7247_20250715164446-768x384.jpg 768w, https:\/\/vestpetproducts.com\/wp-content\/uploads\/2025\/07\/\u5fae\u4fe1\u56fe\u7247_20250715164446-1536x768.jpg 1536w, https:\/\/vestpetproducts.com\/wp-content\/uploads\/2025\/07\/\u5fae\u4fe1\u56fe\u7247_20250715164446-18x9.jpg 18w, https:\/\/vestpetproducts.com\/wp-content\/uploads\/2025\/07\/\u5fae\u4fe1\u56fe\u7247_20250715164446-150x75.jpg 150w, https:\/\/vestpetproducts.com\/wp-content\/uploads\/2025\/07\/\u5fae\u4fe1\u56fe\u7247_20250715164446-480x240.jpg 480w, https:\/\/vestpetproducts.com\/wp-content\/uploads\/2025\/07\/\u5fae\u4fe1\u56fe\u7247_20250715164446-800x400.jpg 800w\" sizes=\"auto, (max-width:767px) 480px, (max-width:1920px) 100vw, 1920px\" \/><\/p>\n<p><img loading=\"lazy\" decoding=\"async\" class=\"aligncenter size-full wp-image-406\" src=\"http:\/\/vestpetproducts.com\/wp-content\/uploads\/2025\/07\/\u6cd5\u6069\u8d1d15g\u82f1\u6587\u732b\u676135\u8089\u542b-\u8001\u6b3e_01.jpg\" alt=\"\" width=\"750\" height=\"756\" srcset=\"https:\/\/vestpetproducts.com\/wp-content\/uploads\/2025\/07\/\u6cd5\u6069\u8d1d15g\u82f1\u6587\u732b\u676135\u8089\u542b-\u8001\u6b3e_01.jpg 750w, https:\/\/vestpetproducts.com\/wp-content\/uploads\/2025\/07\/\u6cd5\u6069\u8d1d15g\u82f1\u6587\u732b\u676135\u8089\u542b-\u8001\u6b3e_01-496x500.jpg 496w, https:\/\/vestpetproducts.com\/wp-content\/uploads\/2025\/07\/\u6cd5\u6069\u8d1d15g\u82f1\u6587\u732b\u676135\u8089\u542b-\u8001\u6b3e_01-298x300.jpg 298w, https:\/\/vestpetproducts.com\/wp-content\/uploads\/2025\/07\/\u6cd5\u6069\u8d1d15g\u82f1\u6587\u732b\u676135\u8089\u542b-\u8001\u6b3e_01-12x12.jpg 12w, https:\/\/vestpetproducts.com\/wp-content\/uploads\/2025\/07\/\u6cd5\u6069\u8d1d15g\u82f1\u6587\u732b\u676135\u8089\u542b-\u8001\u6b3e_01-150x150.jpg 150w, https:\/\/vestpetproducts.com\/wp-content\/uploads\/2025\/07\/\u6cd5\u6069\u8d1d15g\u82f1\u6587\u732b\u676135\u8089\u542b-\u8001\u6b3e_01-74x75.jpg 74w, https:\/\/vestpetproducts.com\/wp-content\/uploads\/2025\/07\/\u6cd5\u6069\u8d1d15g\u82f1\u6587\u732b\u676135\u8089\u542b-\u8001\u6b3e_01-480x484.jpg 480w\" sizes=\"auto, (max-width:767px) 480px, 750px\" \/><img loading=\"lazy\" decoding=\"async\" class=\"aligncenter size-full wp-image-407\" src=\"http:\/\/vestpetproducts.com\/wp-content\/uploads\/2025\/07\/\u6cd5\u6069\u8d1d15g\u82f1\u6587\u732b\u676135\u8089\u542b-\u8001\u6b3e_02.jpg\" alt=\"\" width=\"750\" height=\"576\" srcset=\"https:\/\/vestpetproducts.com\/wp-content\/uploads\/2025\/07\/\u6cd5\u6069\u8d1d15g\u82f1\u6587\u732b\u676135\u8089\u542b-\u8001\u6b3e_02.jpg 750w, https:\/\/vestpetproducts.com\/wp-content\/uploads\/2025\/07\/\u6cd5\u6069\u8d1d15g\u82f1\u6587\u732b\u676135\u8089\u542b-\u8001\u6b3e_02-500x384.jpg 500w, https:\/\/vestpetproducts.com\/wp-content\/uploads\/2025\/07\/\u6cd5\u6069\u8d1d15g\u82f1\u6587\u732b\u676135\u8089\u542b-\u8001\u6b3e_02-300x230.jpg 300w, https:\/\/vestpetproducts.com\/wp-content\/uploads\/2025\/07\/\u6cd5\u6069\u8d1d15g\u82f1\u6587\u732b\u676135\u8089\u542b-\u8001\u6b3e_02-16x12.jpg 16w, https:\/\/vestpetproducts.com\/wp-content\/uploads\/2025\/07\/\u6cd5\u6069\u8d1d15g\u82f1\u6587\u732b\u676135\u8089\u542b-\u8001\u6b3e_02-98x75.jpg 98w, https:\/\/vestpetproducts.com\/wp-content\/uploads\/2025\/07\/\u6cd5\u6069\u8d1d15g\u82f1\u6587\u732b\u676135\u8089\u542b-\u8001\u6b3e_02-480x369.jpg 480w\" sizes=\"auto, (max-width:767px) 480px, 750px\" \/><img loading=\"lazy\" decoding=\"async\" class=\"aligncenter size-full wp-image-408\" src=\"http:\/\/vestpetproducts.com\/wp-content\/uploads\/2025\/07\/\u6cd5\u6069\u8d1d15g\u82f1\u6587\u732b\u676135\u8089\u542b-\u8001\u6b3e_03.jpg\" alt=\"\" width=\"750\" height=\"575\" srcset=\"https:\/\/vestpetproducts.com\/wp-content\/uploads\/2025\/07\/\u6cd5\u6069\u8d1d15g\u82f1\u6587\u732b\u676135\u8089\u542b-\u8001\u6b3e_03.jpg 750w, https:\/\/vestpetproducts.com\/wp-content\/uploads\/2025\/07\/\u6cd5\u6069\u8d1d15g\u82f1\u6587\u732b\u676135\u8089\u542b-\u8001\u6b3e_03-500x383.jpg 500w, https:\/\/vestpetproducts.com\/wp-content\/uploads\/2025\/07\/\u6cd5\u6069\u8d1d15g\u82f1\u6587\u732b\u676135\u8089\u542b-\u8001\u6b3e_03-300x230.jpg 300w, https:\/\/vestpetproducts.com\/wp-content\/uploads\/2025\/07\/\u6cd5\u6069\u8d1d15g\u82f1\u6587\u732b\u676135\u8089\u542b-\u8001\u6b3e_03-16x12.jpg 16w, https:\/\/vestpetproducts.com\/wp-content\/uploads\/2025\/07\/\u6cd5\u6069\u8d1d15g\u82f1\u6587\u732b\u676135\u8089\u542b-\u8001\u6b3e_03-98x75.jpg 98w, https:\/\/vestpetproducts.com\/wp-content\/uploads\/2025\/07\/\u6cd5\u6069\u8d1d15g\u82f1\u6587\u732b\u676135\u8089\u542b-\u8001\u6b3e_03-480x368.jpg 480w\" sizes=\"auto, (max-width:767px) 480px, 750px\" \/><img loading=\"lazy\" decoding=\"async\" class=\"aligncenter size-full wp-image-409\" src=\"http:\/\/vestpetproducts.com\/wp-content\/uploads\/2025\/07\/\u6cd5\u6069\u8d1d15g\u82f1\u6587\u732b\u676135\u8089\u542b-\u8001\u6b3e_04.jpg\" alt=\"\" width=\"750\" height=\"1220\" srcset=\"https:\/\/vestpetproducts.com\/wp-content\/uploads\/2025\/07\/\u6cd5\u6069\u8d1d15g\u82f1\u6587\u732b\u676135\u8089\u542b-\u8001\u6b3e_04.jpg 750w, https:\/\/vestpetproducts.com\/wp-content\/uploads\/2025\/07\/\u6cd5\u6069\u8d1d15g\u82f1\u6587\u732b\u676135\u8089\u542b-\u8001\u6b3e_04-307x500.jpg 307w, https:\/\/vestpetproducts.com\/wp-content\/uploads\/2025\/07\/\u6cd5\u6069\u8d1d15g\u82f1\u6587\u732b\u676135\u8089\u542b-\u8001\u6b3e_04-738x1200.jpg 738w, https:\/\/vestpetproducts.com\/wp-content\/uploads\/2025\/07\/\u6cd5\u6069\u8d1d15g\u82f1\u6587\u732b\u676135\u8089\u542b-\u8001\u6b3e_04-184x300.jpg 184w, https:\/\/vestpetproducts.com\/wp-content\/uploads\/2025\/07\/\u6cd5\u6069\u8d1d15g\u82f1\u6587\u732b\u676135\u8089\u542b-\u8001\u6b3e_04-7x12.jpg 7w, https:\/\/vestpetproducts.com\/wp-content\/uploads\/2025\/07\/\u6cd5\u6069\u8d1d15g\u82f1\u6587\u732b\u676135\u8089\u542b-\u8001\u6b3e_04-46x75.jpg 46w, https:\/\/vestpetproducts.com\/wp-content\/uploads\/2025\/07\/\u6cd5\u6069\u8d1d15g\u82f1\u6587\u732b\u676135\u8089\u542b-\u8001\u6b3e_04-480x781.jpg 480w\" sizes=\"auto, (max-width:767px) 480px, 750px\" \/><img loading=\"lazy\" decoding=\"async\" class=\"aligncenter size-full wp-image-410\" src=\"http:\/\/vestpetproducts.com\/wp-content\/uploads\/2025\/07\/\u6cd5\u6069\u8d1d15g\u82f1\u6587\u732b\u676135\u8089\u542b-\u8001\u6b3e_05.jpg\" alt=\"\" width=\"750\" height=\"974\" srcset=\"https:\/\/vestpetproducts.com\/wp-content\/uploads\/2025\/07\/\u6cd5\u6069\u8d1d15g\u82f1\u6587\u732b\u676135\u8089\u542b-\u8001\u6b3e_05.jpg 750w, https:\/\/vestpetproducts.com\/wp-content\/uploads\/2025\/07\/\u6cd5\u6069\u8d1d15g\u82f1\u6587\u732b\u676135\u8089\u542b-\u8001\u6b3e_05-385x500.jpg 385w, https:\/\/vestpetproducts.com\/wp-content\/uploads\/2025\/07\/\u6cd5\u6069\u8d1d15g\u82f1\u6587\u732b\u676135\u8089\u542b-\u8001\u6b3e_05-231x300.jpg 231w, https:\/\/vestpetproducts.com\/wp-content\/uploads\/2025\/07\/\u6cd5\u6069\u8d1d15g\u82f1\u6587\u732b\u676135\u8089\u542b-\u8001\u6b3e_05-9x12.jpg 9w, https:\/\/vestpetproducts.com\/wp-content\/uploads\/2025\/07\/\u6cd5\u6069\u8d1d15g\u82f1\u6587\u732b\u676135\u8089\u542b-\u8001\u6b3e_05-58x75.jpg 58w, https:\/\/vestpetproducts.com\/wp-content\/uploads\/2025\/07\/\u6cd5\u6069\u8d1d15g\u82f1\u6587\u732b\u676135\u8089\u542b-\u8001\u6b3e_05-480x623.jpg 480w\" sizes=\"auto, (max-width:767px) 480px, 750px\" \/><img loading=\"lazy\" decoding=\"async\" class=\"aligncenter size-full wp-image-374\" src=\"http:\/\/vestpetproducts.com\/wp-content\/uploads\/2025\/07\/\u5fae\u4fe1\u56fe\u7247_20250715165725.jpg\" alt=\"\" width=\"800\" height=\"800\" srcset=\"https:\/\/vestpetproducts.com\/wp-content\/uploads\/2025\/07\/\u5fae\u4fe1\u56fe\u7247_20250715165725.jpg 800w, https:\/\/vestpetproducts.com\/wp-content\/uploads\/2025\/07\/\u5fae\u4fe1\u56fe\u7247_20250715165725-500x500.jpg 500w, https:\/\/vestpetproducts.com\/wp-content\/uploads\/2025\/07\/\u5fae\u4fe1\u56fe\u7247_20250715165725-300x300.jpg 300w, https:\/\/vestpetproducts.com\/wp-content\/uploads\/2025\/07\/\u5fae\u4fe1\u56fe\u7247_20250715165725-768x768.jpg 768w, https:\/\/vestpetproducts.com\/wp-content\/uploads\/2025\/07\/\u5fae\u4fe1\u56fe\u7247_20250715165725-12x12.jpg 12w, https:\/\/vestpetproducts.com\/wp-content\/uploads\/2025\/07\/\u5fae\u4fe1\u56fe\u7247_20250715165725-150x150.jpg 150w, https:\/\/vestpetproducts.com\/wp-content\/uploads\/2025\/07\/\u5fae\u4fe1\u56fe\u7247_20250715165725-75x75.jpg 75w, https:\/\/vestpetproducts.com\/wp-content\/uploads\/2025\/07\/\u5fae\u4fe1\u56fe\u7247_20250715165725-480x480.jpg 480w\" sizes=\"auto, (max-width:767px) 480px, (max-width:800px) 100vw, 800px\" \/><img loading=\"lazy\" decoding=\"async\" class=\"aligncenter wp-image-376\" src=\"http:\/\/vestpetproducts.com\/wp-content\/uploads\/2025\/07\/\u5fae\u4fe1\u56fe\u7247_20250715165719.jpg\" alt=\"\" width=\"791\" height=\"791\" srcset=\"https:\/\/vestpetproducts.com\/wp-content\/uploads\/2025\/07\/\u5fae\u4fe1\u56fe\u7247_20250715165719.jpg 1200w, https:\/\/vestpetproducts.com\/wp-content\/uploads\/2025\/07\/\u5fae\u4fe1\u56fe\u7247_20250715165719-500x500.jpg 500w, https:\/\/vestpetproducts.com\/wp-content\/uploads\/2025\/07\/\u5fae\u4fe1\u56fe\u7247_20250715165719-300x300.jpg 300w, https:\/\/vestpetproducts.com\/wp-content\/uploads\/2025\/07\/\u5fae\u4fe1\u56fe\u7247_20250715165719-768x768.jpg 768w, https:\/\/vestpetproducts.com\/wp-content\/uploads\/2025\/07\/\u5fae\u4fe1\u56fe\u7247_20250715165719-12x12.jpg 12w, https:\/\/vestpetproducts.com\/wp-content\/uploads\/2025\/07\/\u5fae\u4fe1\u56fe\u7247_20250715165719-150x150.jpg 150w, https:\/\/vestpetproducts.com\/wp-content\/uploads\/2025\/07\/\u5fae\u4fe1\u56fe\u7247_20250715165719-75x75.jpg 75w, https:\/\/vestpetproducts.com\/wp-content\/uploads\/2025\/07\/\u5fae\u4fe1\u56fe\u7247_20250715165719-480x480.jpg 480w, https:\/\/vestpetproducts.com\/wp-content\/uploads\/2025\/07\/\u5fae\u4fe1\u56fe\u7247_20250715165719-800x800.jpg 800w\" sizes=\"auto, (max-width:767px) 480px, (max-width:791px) 100vw, 791px\" \/><\/p>\n<p><img loading=\"lazy\" decoding=\"async\" class=\"wp-image-391 aligncenter\" src=\"http:\/\/vestpetproducts.com\/wp-content\/uploads\/2025\/07\/\u8d44\u8d28\u8bc1\u4e66\u5c55\u793a.jpg\" alt=\"\" width=\"764\" height=\"853\" srcset=\"https:\/\/vestpetproducts.com\/wp-content\/uploads\/2025\/07\/\u8d44\u8d28\u8bc1\u4e66\u5c55\u793a.jpg 918w, https:\/\/vestpetproducts.com\/wp-content\/uploads\/2025\/07\/\u8d44\u8d28\u8bc1\u4e66\u5c55\u793a-448x500.jpg 448w, https:\/\/vestpetproducts.com\/wp-content\/uploads\/2025\/07\/\u8d44\u8d28\u8bc1\u4e66\u5c55\u793a-269x300.jpg 269w, https:\/\/vestpetproducts.com\/wp-content\/uploads\/2025\/07\/\u8d44\u8d28\u8bc1\u4e66\u5c55\u793a-768x857.jpg 768w, https:\/\/vestpetproducts.com\/wp-content\/uploads\/2025\/07\/\u8d44\u8d28\u8bc1\u4e66\u5c55\u793a-11x12.jpg 11w, https:\/\/vestpetproducts.com\/wp-content\/uploads\/2025\/07\/\u8d44\u8d28\u8bc1\u4e66\u5c55\u793a-67x75.jpg 67w, https:\/\/vestpetproducts.com\/wp-content\/uploads\/2025\/07\/\u8d44\u8d28\u8bc1\u4e66\u5c55\u793a-480x535.jpg 480w, https:\/\/vestpetproducts.com\/wp-content\/uploads\/2025\/07\/\u8d44\u8d28\u8bc1\u4e66\u5c55\u793a-800x892.jpg 800w\" sizes=\"auto, (max-width:767px) 480px, 764px\" \/><\/p>\n<p><img loading=\"lazy\" decoding=\"async\" class=\"aligncenter wp-image-379\" src=\"http:\/\/vestpetproducts.com\/wp-content\/uploads\/2025\/07\/\u5fae\u4fe1\u56fe\u7247_20250715165659.jpg\" alt=\"\" width=\"787\" height=\"1142\" srcset=\"https:\/\/vestpetproducts.com\/wp-content\/uploads\/2025\/07\/\u5fae\u4fe1\u56fe\u7247_20250715165659.jpg 803w, https:\/\/vestpetproducts.com\/wp-content\/uploads\/2025\/07\/\u5fae\u4fe1\u56fe\u7247_20250715165659-345x500.jpg 345w, https:\/\/vestpetproducts.com\/wp-content\/uploads\/2025\/07\/\u5fae\u4fe1\u56fe\u7247_20250715165659-207x300.jpg 207w, https:\/\/vestpetproducts.com\/wp-content\/uploads\/2025\/07\/\u5fae\u4fe1\u56fe\u7247_20250715165659-768x1114.jpg 768w, https:\/\/vestpetproducts.com\/wp-content\/uploads\/2025\/07\/\u5fae\u4fe1\u56fe\u7247_20250715165659-8x12.jpg 8w, https:\/\/vestpetproducts.com\/wp-content\/uploads\/2025\/07\/\u5fae\u4fe1\u56fe\u7247_20250715165659-52x75.jpg 52w, https:\/\/vestpetproducts.com\/wp-content\/uploads\/2025\/07\/\u5fae\u4fe1\u56fe\u7247_20250715165659-480x696.jpg 480w, https:\/\/vestpetproducts.com\/wp-content\/uploads\/2025\/07\/\u5fae\u4fe1\u56fe\u7247_20250715165659-800x1161.jpg 800w\" sizes=\"auto, (max-width:767px) 480px, (max-width:787px) 100vw, 787px\" \/><\/p>","protected":false},"excerpt":{"rendered":"<p>Sabor: frango, salm\u00e3o, atum<\/p>\n<p>Palitos de petisco premium para gatos<br \/>\nOp\u00e7\u00f5es de lanches enriquecidos com nutrientes para apoiar a sa\u00fade felina<\/p>\n<p>Variedade de prote\u00edna tripla<br \/>\nV\u00e1rias op\u00e7\u00f5es de prote\u00ednas de alta qualidade para as prefer\u00eancias felinas<\/p>\n<p>Suplementado com nutrientes essenciais<br \/>\nFormulado com vitaminas e amino\u00e1cidos adicionados<\/p>\n<p>Tamanho: 15g por bast\u00e3o<br \/>\nTipo: Petiscos complementares para gatos<\/p>","protected":false},"featured_media":402,"template":"","meta":{"content-type":""},"product_brand":[],"product_cat":[14,121],"product_tag":[],"class_list":{"0":"post-401","1":"product","2":"type-product","3":"status-publish","4":"has-post-thumbnail","6":"product_cat-pet-food","7":"product_cat-wet-food","9":"first","10":"instock","11":"shipping-taxable","12":"product-type-simple"},"yoast_head":"<!-- This site is optimized with the Yoast SEO plugin v24.9 - https:\/\/yoast.com\/wordpress\/plugins\/seo\/ -->\n<title>Latest Date Cat Snacks 15g Nutritional Cat Food Cat Wet Food OEM ODM Wholesale - Shandong Vest International Trade Co., Ltd.<\/title>\n<meta name=\"robots\" content=\"index, follow, max-snippet:-1, max-image-preview:large, max-video-preview:-1\" \/>\n<link rel=\"canonical\" href=\"https:\/\/vestpetproducts.com\/pt\/produto\/latest-date-cat-snacks-15g-nutritional-cat-food-cat-wet-food-oem-odm-wholesale\/\" \/>\n<meta property=\"og:locale\" content=\"pt_PT\" \/>\n<meta property=\"og:type\" content=\"article\" \/>\n<meta property=\"og:title\" content=\"Latest Date Cat Snacks 15g Nutritional Cat Food Cat Wet Food OEM ODM Wholesale - Shandong Vest International Trade Co., Ltd.\" \/>\n<meta property=\"og:description\" content=\"Flavor :chicken,salmon,tuna  Premium Cat Treat Sticks Nutrient-enriched snack options to support feline health  Triple Protein Variety Multiple high-quality protein choices for feline preferences  Supplemented with Essential Nutrients Formulated with added vitamins and amino acids  Size: 15g per stick Type: Complementary cat snacks\" \/>\n<meta property=\"og:url\" content=\"https:\/\/vestpetproducts.com\/pt\/produto\/latest-date-cat-snacks-15g-nutritional-cat-food-cat-wet-food-oem-odm-wholesale\/\" \/>\n<meta property=\"og:site_name\" content=\"Shandong Vest International Trade Co., Ltd.\" \/>\n<meta property=\"article:modified_time\" content=\"2025-08-13T05:51:06+00:00\" \/>\n<meta property=\"og:image\" content=\"https:\/\/vestpetproducts.com\/wp-content\/uploads\/2025\/07\/\u732b\u676135\u8089\u542b-\u8001\u6b3e-\u4e09\u6b3e.jpg\" \/>\n\t<meta property=\"og:image:width\" content=\"800\" \/>\n\t<meta property=\"og:image:height\" content=\"800\" \/>\n\t<meta property=\"og:image:type\" content=\"image\/jpeg\" \/>\n<meta name=\"twitter:card\" content=\"summary_large_image\" \/>\n<meta name=\"twitter:label1\" content=\"Tempo estimado de leitura\" \/>\n\t<meta name=\"twitter:data1\" content=\"3 minutos\" \/>\n<script type=\"application\/ld+json\" class=\"yoast-schema-graph\">{\"@context\":\"https:\/\/schema.org\",\"@graph\":[{\"@type\":\"WebPage\",\"@id\":\"https:\/\/vestpetproducts.com\/product\/latest-date-cat-snacks-15g-nutritional-cat-food-cat-wet-food-oem-odm-wholesale\/\",\"url\":\"https:\/\/vestpetproducts.com\/product\/latest-date-cat-snacks-15g-nutritional-cat-food-cat-wet-food-oem-odm-wholesale\/\",\"name\":\"Latest Date Cat Snacks 15g Nutritional Cat Food Cat Wet Food OEM ODM Wholesale - Shandong Vest International Trade Co., Ltd.\",\"isPartOf\":{\"@id\":\"https:\/\/vestpetproducts.com\/#website\"},\"primaryImageOfPage\":{\"@id\":\"https:\/\/vestpetproducts.com\/product\/latest-date-cat-snacks-15g-nutritional-cat-food-cat-wet-food-oem-odm-wholesale\/#primaryimage\"},\"image\":{\"@id\":\"https:\/\/vestpetproducts.com\/product\/latest-date-cat-snacks-15g-nutritional-cat-food-cat-wet-food-oem-odm-wholesale\/#primaryimage\"},\"thumbnailUrl\":\"https:\/\/vestpetproducts.com\/wp-content\/uploads\/2025\/07\/\u732b\u676135\u8089\u542b-\u8001\u6b3e-\u4e09\u6b3e.jpg\",\"datePublished\":\"2025-07-16T05:48:40+00:00\",\"dateModified\":\"2025-08-13T05:51:06+00:00\",\"breadcrumb\":{\"@id\":\"https:\/\/vestpetproducts.com\/product\/latest-date-cat-snacks-15g-nutritional-cat-food-cat-wet-food-oem-odm-wholesale\/#breadcrumb\"},\"inLanguage\":\"pt-PT\",\"potentialAction\":[{\"@type\":\"ReadAction\",\"target\":[\"https:\/\/vestpetproducts.com\/product\/latest-date-cat-snacks-15g-nutritional-cat-food-cat-wet-food-oem-odm-wholesale\/\"]}]},{\"@type\":\"ImageObject\",\"inLanguage\":\"pt-PT\",\"@id\":\"https:\/\/vestpetproducts.com\/product\/latest-date-cat-snacks-15g-nutritional-cat-food-cat-wet-food-oem-odm-wholesale\/#primaryimage\",\"url\":\"https:\/\/vestpetproducts.com\/wp-content\/uploads\/2025\/07\/\u732b\u676135\u8089\u542b-\u8001\u6b3e-\u4e09\u6b3e.jpg\",\"contentUrl\":\"https:\/\/vestpetproducts.com\/wp-content\/uploads\/2025\/07\/\u732b\u676135\u8089\u542b-\u8001\u6b3e-\u4e09\u6b3e.jpg\",\"width\":800,\"height\":800},{\"@type\":\"BreadcrumbList\",\"@id\":\"https:\/\/vestpetproducts.com\/product\/latest-date-cat-snacks-15g-nutritional-cat-food-cat-wet-food-oem-odm-wholesale\/#breadcrumb\",\"itemListElement\":[{\"@type\":\"ListItem\",\"position\":1,\"name\":\"\u9996\u9875\",\"item\":\"https:\/\/vestpetproducts.com\/\"},{\"@type\":\"ListItem\",\"position\":2,\"name\":\"Product\",\"item\":\"https:\/\/vestpetproducts.com\/product\/\"},{\"@type\":\"ListItem\",\"position\":3,\"name\":\"Latest Date Cat Snacks 15g Nutritional Cat Food Cat Wet Food OEM ODM Wholesale\"}]},{\"@type\":\"WebSite\",\"@id\":\"https:\/\/vestpetproducts.com\/#website\",\"url\":\"https:\/\/vestpetproducts.com\/\",\"name\":\"Shandong Vest International Trade Co., Ltd.\",\"description\":\"Shandong Vest International Trade Co., Ltd.\",\"potentialAction\":[{\"@type\":\"SearchAction\",\"target\":{\"@type\":\"EntryPoint\",\"urlTemplate\":\"https:\/\/vestpetproducts.com\/?s={search_term_string}\"},\"query-input\":{\"@type\":\"PropertyValueSpecification\",\"valueRequired\":true,\"valueName\":\"search_term_string\"}}],\"inLanguage\":\"pt-PT\"}]}<\/script>\n<!-- \/ Yoast SEO plugin. -->","yoast_head_json":{"title":"Latest Date Cat Snacks 15g Nutritional Cat Food Cat Wet Food OEM ODM Wholesale - Shandong Vest International Trade Co., Ltd.","robots":{"index":"index","follow":"follow","max-snippet":"max-snippet:-1","max-image-preview":"max-image-preview:large","max-video-preview":"max-video-preview:-1"},"canonical":"https:\/\/vestpetproducts.com\/pt\/produto\/latest-date-cat-snacks-15g-nutritional-cat-food-cat-wet-food-oem-odm-wholesale\/","og_locale":"pt_PT","og_type":"article","og_title":"Latest Date Cat Snacks 15g Nutritional Cat Food Cat Wet Food OEM ODM Wholesale - Shandong Vest International Trade Co., Ltd.","og_description":"Flavor :chicken,salmon,tuna  Premium Cat Treat Sticks Nutrient-enriched snack options to support feline health  Triple Protein Variety Multiple high-quality protein choices for feline preferences  Supplemented with Essential Nutrients Formulated with added vitamins and amino acids  Size: 15g per stick Type: Complementary cat snacks","og_url":"https:\/\/vestpetproducts.com\/pt\/produto\/latest-date-cat-snacks-15g-nutritional-cat-food-cat-wet-food-oem-odm-wholesale\/","og_site_name":"Shandong Vest International Trade Co., Ltd.","article_modified_time":"2025-08-13T05:51:06+00:00","og_image":[{"width":800,"height":800,"url":"https:\/\/vestpetproducts.com\/wp-content\/uploads\/2025\/07\/\u732b\u676135\u8089\u542b-\u8001\u6b3e-\u4e09\u6b3e.jpg","type":"image\/jpeg"}],"twitter_card":"summary_large_image","twitter_misc":{"Tempo estimado de leitura":"3 minutos"},"schema":{"@context":"https:\/\/schema.org","@graph":[{"@type":"WebPage","@id":"https:\/\/vestpetproducts.com\/product\/latest-date-cat-snacks-15g-nutritional-cat-food-cat-wet-food-oem-odm-wholesale\/","url":"https:\/\/vestpetproducts.com\/product\/latest-date-cat-snacks-15g-nutritional-cat-food-cat-wet-food-oem-odm-wholesale\/","name":"Latest Date Cat Snacks 15g Nutritional Cat Food Cat Wet Food OEM ODM Wholesale - Shandong Vest International Trade Co., Ltd.","isPartOf":{"@id":"https:\/\/vestpetproducts.com\/#website"},"primaryImageOfPage":{"@id":"https:\/\/vestpetproducts.com\/product\/latest-date-cat-snacks-15g-nutritional-cat-food-cat-wet-food-oem-odm-wholesale\/#primaryimage"},"image":{"@id":"https:\/\/vestpetproducts.com\/product\/latest-date-cat-snacks-15g-nutritional-cat-food-cat-wet-food-oem-odm-wholesale\/#primaryimage"},"thumbnailUrl":"https:\/\/vestpetproducts.com\/wp-content\/uploads\/2025\/07\/\u732b\u676135\u8089\u542b-\u8001\u6b3e-\u4e09\u6b3e.jpg","datePublished":"2025-07-16T05:48:40+00:00","dateModified":"2025-08-13T05:51:06+00:00","breadcrumb":{"@id":"https:\/\/vestpetproducts.com\/product\/latest-date-cat-snacks-15g-nutritional-cat-food-cat-wet-food-oem-odm-wholesale\/#breadcrumb"},"inLanguage":"pt-PT","potentialAction":[{"@type":"ReadAction","target":["https:\/\/vestpetproducts.com\/product\/latest-date-cat-snacks-15g-nutritional-cat-food-cat-wet-food-oem-odm-wholesale\/"]}]},{"@type":"ImageObject","inLanguage":"pt-PT","@id":"https:\/\/vestpetproducts.com\/product\/latest-date-cat-snacks-15g-nutritional-cat-food-cat-wet-food-oem-odm-wholesale\/#primaryimage","url":"https:\/\/vestpetproducts.com\/wp-content\/uploads\/2025\/07\/\u732b\u676135\u8089\u542b-\u8001\u6b3e-\u4e09\u6b3e.jpg","contentUrl":"https:\/\/vestpetproducts.com\/wp-content\/uploads\/2025\/07\/\u732b\u676135\u8089\u542b-\u8001\u6b3e-\u4e09\u6b3e.jpg","width":800,"height":800},{"@type":"BreadcrumbList","@id":"https:\/\/vestpetproducts.com\/product\/latest-date-cat-snacks-15g-nutritional-cat-food-cat-wet-food-oem-odm-wholesale\/#breadcrumb","itemListElement":[{"@type":"ListItem","position":1,"name":"\u9996\u9875","item":"https:\/\/vestpetproducts.com\/"},{"@type":"ListItem","position":2,"name":"Product","item":"https:\/\/vestpetproducts.com\/product\/"},{"@type":"ListItem","position":3,"name":"Latest Date Cat Snacks 15g Nutritional Cat Food Cat Wet Food OEM ODM Wholesale"}]},{"@type":"WebSite","@id":"https:\/\/vestpetproducts.com\/#website","url":"https:\/\/vestpetproducts.com\/","name":"Shandong Vest International Trade Co., Ltd.","description":"Shandong Vest International Trade Co., Ltd.","potentialAction":[{"@type":"SearchAction","target":{"@type":"EntryPoint","urlTemplate":"https:\/\/vestpetproducts.com\/?s={search_term_string}"},"query-input":{"@type":"PropertyValueSpecification","valueRequired":true,"valueName":"search_term_string"}}],"inLanguage":"pt-PT"}]}},"_links":{"self":[{"href":"https:\/\/vestpetproducts.com\/pt\/wp-json\/wp\/v2\/product\/401","targetHints":{"allow":["GET"]}}],"collection":[{"href":"https:\/\/vestpetproducts.com\/pt\/wp-json\/wp\/v2\/product"}],"about":[{"href":"https:\/\/vestpetproducts.com\/pt\/wp-json\/wp\/v2\/types\/product"}],"wp:featuredmedia":[{"embeddable":true,"href":"https:\/\/vestpetproducts.com\/pt\/wp-json\/wp\/v2\/media\/402"}],"wp:attachment":[{"href":"https:\/\/vestpetproducts.com\/pt\/wp-json\/wp\/v2\/media?parent=401"}],"wp:term":[{"taxonomy":"product_brand","embeddable":true,"href":"https:\/\/vestpetproducts.com\/pt\/wp-json\/wp\/v2\/product_brand?post=401"},{"taxonomy":"product_cat","embeddable":true,"href":"https:\/\/vestpetproducts.com\/pt\/wp-json\/wp\/v2\/product_cat?post=401"},{"taxonomy":"product_tag","embeddable":true,"href":"https:\/\/vestpetproducts.com\/pt\/wp-json\/wp\/v2\/product_tag?post=401"}],"curies":[{"name":"wp","href":"https:\/\/api.w.org\/{rel}","templated":true}]}}