{"id":390,"date":"2025-07-16T03:32:33","date_gmt":"2025-07-16T03:32:33","guid":{"rendered":"https:\/\/vestpetproducts.com\/?post_type=product&#038;p=390"},"modified":"2025-08-13T05:55:45","modified_gmt":"2025-08-13T05:55:45","slug":"85g-pet-snacks-cat-food-wet-pouch-various-flavors-pet-treat-pouch-cat-pouch","status":"publish","type":"product","link":"https:\/\/vestpetproducts.com\/pt\/produto\/85g-pet-snacks-cat-food-wet-pouch-various-flavors-pet-treat-pouch-cat-pouch\/","title":{"rendered":"85g Petiscos para Gatos Ra\u00e7\u00e3o \u00damida em Bolsa V\u00e1rios Sabores Petiscos para Gatos"},"content":{"rendered":"<p><img loading=\"lazy\" decoding=\"async\" class=\"aligncenter size-full wp-image-367\" src=\"http:\/\/vestpetproducts.com\/wp-content\/uploads\/2025\/07\/\u5fae\u4fe1\u56fe\u7247_20250715164446.jpg\" alt=\"\" width=\"1920\" height=\"960\" srcset=\"https:\/\/vestpetproducts.com\/wp-content\/uploads\/2025\/07\/\u5fae\u4fe1\u56fe\u7247_20250715164446.jpg 1920w, https:\/\/vestpetproducts.com\/wp-content\/uploads\/2025\/07\/\u5fae\u4fe1\u56fe\u7247_20250715164446-500x250.jpg 500w, https:\/\/vestpetproducts.com\/wp-content\/uploads\/2025\/07\/\u5fae\u4fe1\u56fe\u7247_20250715164446-1200x600.jpg 1200w, https:\/\/vestpetproducts.com\/wp-content\/uploads\/2025\/07\/\u5fae\u4fe1\u56fe\u7247_20250715164446-300x150.jpg 300w, https:\/\/vestpetproducts.com\/wp-content\/uploads\/2025\/07\/\u5fae\u4fe1\u56fe\u7247_20250715164446-768x384.jpg 768w, https:\/\/vestpetproducts.com\/wp-content\/uploads\/2025\/07\/\u5fae\u4fe1\u56fe\u7247_20250715164446-1536x768.jpg 1536w, https:\/\/vestpetproducts.com\/wp-content\/uploads\/2025\/07\/\u5fae\u4fe1\u56fe\u7247_20250715164446-18x9.jpg 18w, https:\/\/vestpetproducts.com\/wp-content\/uploads\/2025\/07\/\u5fae\u4fe1\u56fe\u7247_20250715164446-150x75.jpg 150w, https:\/\/vestpetproducts.com\/wp-content\/uploads\/2025\/07\/\u5fae\u4fe1\u56fe\u7247_20250715164446-480x240.jpg 480w, https:\/\/vestpetproducts.com\/wp-content\/uploads\/2025\/07\/\u5fae\u4fe1\u56fe\u7247_20250715164446-800x400.jpg 800w\" sizes=\"auto, (max-width:767px) 480px, (max-width:1920px) 100vw, 1920px\" \/><\/p>\n<p><img loading=\"lazy\" decoding=\"async\" class=\"aligncenter size-full wp-image-397\" src=\"http:\/\/vestpetproducts.com\/wp-content\/uploads\/2025\/07\/\u732b\u8089\u7c92\u530585g_01.jpg\" alt=\"\" width=\"750\" height=\"610\" srcset=\"https:\/\/vestpetproducts.com\/wp-content\/uploads\/2025\/07\/\u732b\u8089\u7c92\u530585g_01.jpg 750w, https:\/\/vestpetproducts.com\/wp-content\/uploads\/2025\/07\/\u732b\u8089\u7c92\u530585g_01-500x407.jpg 500w, https:\/\/vestpetproducts.com\/wp-content\/uploads\/2025\/07\/\u732b\u8089\u7c92\u530585g_01-300x244.jpg 300w, https:\/\/vestpetproducts.com\/wp-content\/uploads\/2025\/07\/\u732b\u8089\u7c92\u530585g_01-15x12.jpg 15w, https:\/\/vestpetproducts.com\/wp-content\/uploads\/2025\/07\/\u732b\u8089\u7c92\u530585g_01-92x75.jpg 92w, https:\/\/vestpetproducts.com\/wp-content\/uploads\/2025\/07\/\u732b\u8089\u7c92\u530585g_01-480x390.jpg 480w\" sizes=\"auto, (max-width:767px) 480px, 750px\" \/><img loading=\"lazy\" decoding=\"async\" class=\"aligncenter size-full wp-image-398\" src=\"http:\/\/vestpetproducts.com\/wp-content\/uploads\/2025\/07\/\u732b\u8089\u7c92\u530585g_02.jpg\" alt=\"\" width=\"750\" height=\"722\" srcset=\"https:\/\/vestpetproducts.com\/wp-content\/uploads\/2025\/07\/\u732b\u8089\u7c92\u530585g_02.jpg 750w, https:\/\/vestpetproducts.com\/wp-content\/uploads\/2025\/07\/\u732b\u8089\u7c92\u530585g_02-500x481.jpg 500w, https:\/\/vestpetproducts.com\/wp-content\/uploads\/2025\/07\/\u732b\u8089\u7c92\u530585g_02-300x289.jpg 300w, https:\/\/vestpetproducts.com\/wp-content\/uploads\/2025\/07\/\u732b\u8089\u7c92\u530585g_02-12x12.jpg 12w, https:\/\/vestpetproducts.com\/wp-content\/uploads\/2025\/07\/\u732b\u8089\u7c92\u530585g_02-78x75.jpg 78w, https:\/\/vestpetproducts.com\/wp-content\/uploads\/2025\/07\/\u732b\u8089\u7c92\u530585g_02-480x462.jpg 480w\" sizes=\"auto, (max-width:767px) 480px, 750px\" \/><img loading=\"lazy\" decoding=\"async\" class=\"aligncenter size-full wp-image-399\" src=\"http:\/\/vestpetproducts.com\/wp-content\/uploads\/2025\/07\/\u732b\u8089\u7c92\u530585g_03.jpg\" alt=\"\" width=\"750\" height=\"1059\" srcset=\"https:\/\/vestpetproducts.com\/wp-content\/uploads\/2025\/07\/\u732b\u8089\u7c92\u530585g_03.jpg 750w, https:\/\/vestpetproducts.com\/wp-content\/uploads\/2025\/07\/\u732b\u8089\u7c92\u530585g_03-354x500.jpg 354w, https:\/\/vestpetproducts.com\/wp-content\/uploads\/2025\/07\/\u732b\u8089\u7c92\u530585g_03-212x300.jpg 212w, https:\/\/vestpetproducts.com\/wp-content\/uploads\/2025\/07\/\u732b\u8089\u7c92\u530585g_03-8x12.jpg 8w, https:\/\/vestpetproducts.com\/wp-content\/uploads\/2025\/07\/\u732b\u8089\u7c92\u530585g_03-53x75.jpg 53w, https:\/\/vestpetproducts.com\/wp-content\/uploads\/2025\/07\/\u732b\u8089\u7c92\u530585g_03-480x678.jpg 480w\" sizes=\"auto, (max-width:767px) 480px, 750px\" \/><img loading=\"lazy\" decoding=\"async\" class=\"aligncenter size-full wp-image-400\" src=\"http:\/\/vestpetproducts.com\/wp-content\/uploads\/2025\/07\/\u732b\u8089\u7c92\u530585g_04.jpg\" alt=\"\" width=\"750\" height=\"1081\" srcset=\"https:\/\/vestpetproducts.com\/wp-content\/uploads\/2025\/07\/\u732b\u8089\u7c92\u530585g_04.jpg 750w, https:\/\/vestpetproducts.com\/wp-content\/uploads\/2025\/07\/\u732b\u8089\u7c92\u530585g_04-347x500.jpg 347w, https:\/\/vestpetproducts.com\/wp-content\/uploads\/2025\/07\/\u732b\u8089\u7c92\u530585g_04-208x300.jpg 208w, https:\/\/vestpetproducts.com\/wp-content\/uploads\/2025\/07\/\u732b\u8089\u7c92\u530585g_04-8x12.jpg 8w, https:\/\/vestpetproducts.com\/wp-content\/uploads\/2025\/07\/\u732b\u8089\u7c92\u530585g_04-52x75.jpg 52w, https:\/\/vestpetproducts.com\/wp-content\/uploads\/2025\/07\/\u732b\u8089\u7c92\u530585g_04-480x692.jpg 480w\" sizes=\"auto, (max-width:767px) 480px, 750px\" \/><img loading=\"lazy\" decoding=\"async\" class=\"aligncenter size-full wp-image-374\" src=\"http:\/\/vestpetproducts.com\/wp-content\/uploads\/2025\/07\/\u5fae\u4fe1\u56fe\u7247_20250715165725.jpg\" alt=\"\" width=\"800\" height=\"800\" srcset=\"https:\/\/vestpetproducts.com\/wp-content\/uploads\/2025\/07\/\u5fae\u4fe1\u56fe\u7247_20250715165725.jpg 800w, https:\/\/vestpetproducts.com\/wp-content\/uploads\/2025\/07\/\u5fae\u4fe1\u56fe\u7247_20250715165725-500x500.jpg 500w, https:\/\/vestpetproducts.com\/wp-content\/uploads\/2025\/07\/\u5fae\u4fe1\u56fe\u7247_20250715165725-300x300.jpg 300w, https:\/\/vestpetproducts.com\/wp-content\/uploads\/2025\/07\/\u5fae\u4fe1\u56fe\u7247_20250715165725-768x768.jpg 768w, https:\/\/vestpetproducts.com\/wp-content\/uploads\/2025\/07\/\u5fae\u4fe1\u56fe\u7247_20250715165725-12x12.jpg 12w, https:\/\/vestpetproducts.com\/wp-content\/uploads\/2025\/07\/\u5fae\u4fe1\u56fe\u7247_20250715165725-150x150.jpg 150w, https:\/\/vestpetproducts.com\/wp-content\/uploads\/2025\/07\/\u5fae\u4fe1\u56fe\u7247_20250715165725-75x75.jpg 75w, https:\/\/vestpetproducts.com\/wp-content\/uploads\/2025\/07\/\u5fae\u4fe1\u56fe\u7247_20250715165725-480x480.jpg 480w\" sizes=\"auto, (max-width:767px) 480px, (max-width:800px) 100vw, 800px\" \/><img loading=\"lazy\" decoding=\"async\" class=\"aligncenter wp-image-376\" src=\"http:\/\/vestpetproducts.com\/wp-content\/uploads\/2025\/07\/\u5fae\u4fe1\u56fe\u7247_20250715165719.jpg\" alt=\"\" width=\"791\" height=\"791\" srcset=\"https:\/\/vestpetproducts.com\/wp-content\/uploads\/2025\/07\/\u5fae\u4fe1\u56fe\u7247_20250715165719.jpg 1200w, https:\/\/vestpetproducts.com\/wp-content\/uploads\/2025\/07\/\u5fae\u4fe1\u56fe\u7247_20250715165719-500x500.jpg 500w, https:\/\/vestpetproducts.com\/wp-content\/uploads\/2025\/07\/\u5fae\u4fe1\u56fe\u7247_20250715165719-300x300.jpg 300w, https:\/\/vestpetproducts.com\/wp-content\/uploads\/2025\/07\/\u5fae\u4fe1\u56fe\u7247_20250715165719-768x768.jpg 768w, https:\/\/vestpetproducts.com\/wp-content\/uploads\/2025\/07\/\u5fae\u4fe1\u56fe\u7247_20250715165719-12x12.jpg 12w, https:\/\/vestpetproducts.com\/wp-content\/uploads\/2025\/07\/\u5fae\u4fe1\u56fe\u7247_20250715165719-150x150.jpg 150w, https:\/\/vestpetproducts.com\/wp-content\/uploads\/2025\/07\/\u5fae\u4fe1\u56fe\u7247_20250715165719-75x75.jpg 75w, https:\/\/vestpetproducts.com\/wp-content\/uploads\/2025\/07\/\u5fae\u4fe1\u56fe\u7247_20250715165719-480x480.jpg 480w, https:\/\/vestpetproducts.com\/wp-content\/uploads\/2025\/07\/\u5fae\u4fe1\u56fe\u7247_20250715165719-800x800.jpg 800w\" sizes=\"auto, (max-width:767px) 480px, (max-width:791px) 100vw, 791px\" \/><\/p>\n<p><img loading=\"lazy\" decoding=\"async\" class=\"wp-image-391 aligncenter\" src=\"http:\/\/vestpetproducts.com\/wp-content\/uploads\/2025\/07\/\u8d44\u8d28\u8bc1\u4e66\u5c55\u793a.jpg\" alt=\"\" width=\"764\" height=\"853\" srcset=\"https:\/\/vestpetproducts.com\/wp-content\/uploads\/2025\/07\/\u8d44\u8d28\u8bc1\u4e66\u5c55\u793a.jpg 918w, https:\/\/vestpetproducts.com\/wp-content\/uploads\/2025\/07\/\u8d44\u8d28\u8bc1\u4e66\u5c55\u793a-448x500.jpg 448w, https:\/\/vestpetproducts.com\/wp-content\/uploads\/2025\/07\/\u8d44\u8d28\u8bc1\u4e66\u5c55\u793a-269x300.jpg 269w, https:\/\/vestpetproducts.com\/wp-content\/uploads\/2025\/07\/\u8d44\u8d28\u8bc1\u4e66\u5c55\u793a-768x857.jpg 768w, https:\/\/vestpetproducts.com\/wp-content\/uploads\/2025\/07\/\u8d44\u8d28\u8bc1\u4e66\u5c55\u793a-11x12.jpg 11w, https:\/\/vestpetproducts.com\/wp-content\/uploads\/2025\/07\/\u8d44\u8d28\u8bc1\u4e66\u5c55\u793a-67x75.jpg 67w, https:\/\/vestpetproducts.com\/wp-content\/uploads\/2025\/07\/\u8d44\u8d28\u8bc1\u4e66\u5c55\u793a-480x535.jpg 480w, https:\/\/vestpetproducts.com\/wp-content\/uploads\/2025\/07\/\u8d44\u8d28\u8bc1\u4e66\u5c55\u793a-800x892.jpg 800w\" sizes=\"auto, (max-width:767px) 480px, 764px\" \/><\/p>\n<p><img loading=\"lazy\" decoding=\"async\" class=\"aligncenter wp-image-379\" src=\"http:\/\/vestpetproducts.com\/wp-content\/uploads\/2025\/07\/\u5fae\u4fe1\u56fe\u7247_20250715165659.jpg\" alt=\"\" width=\"787\" height=\"1142\" srcset=\"https:\/\/vestpetproducts.com\/wp-content\/uploads\/2025\/07\/\u5fae\u4fe1\u56fe\u7247_20250715165659.jpg 803w, https:\/\/vestpetproducts.com\/wp-content\/uploads\/2025\/07\/\u5fae\u4fe1\u56fe\u7247_20250715165659-345x500.jpg 345w, https:\/\/vestpetproducts.com\/wp-content\/uploads\/2025\/07\/\u5fae\u4fe1\u56fe\u7247_20250715165659-207x300.jpg 207w, https:\/\/vestpetproducts.com\/wp-content\/uploads\/2025\/07\/\u5fae\u4fe1\u56fe\u7247_20250715165659-768x1114.jpg 768w, https:\/\/vestpetproducts.com\/wp-content\/uploads\/2025\/07\/\u5fae\u4fe1\u56fe\u7247_20250715165659-8x12.jpg 8w, https:\/\/vestpetproducts.com\/wp-content\/uploads\/2025\/07\/\u5fae\u4fe1\u56fe\u7247_20250715165659-52x75.jpg 52w, https:\/\/vestpetproducts.com\/wp-content\/uploads\/2025\/07\/\u5fae\u4fe1\u56fe\u7247_20250715165659-480x696.jpg 480w, https:\/\/vestpetproducts.com\/wp-content\/uploads\/2025\/07\/\u5fae\u4fe1\u56fe\u7247_20250715165659-800x1161.jpg 800w\" sizes=\"auto, (max-width:767px) 480px, (max-width:787px) 100vw, 787px\" \/><\/p>","protected":false},"excerpt":{"rendered":"<p>Este produto \u00e9 adequado para gatos com mais de 3 meses.<\/p>\n<p>Reday para comer, tamb\u00e9m pode ser misturado com outros alimentos para animais de estima\u00e7\u00e3o<\/p>\n<p>Mousse de Leite de Cabra<br \/>\nF\u00f3rmula de pur\u00ea deliciosamente suave com dupla qualidade proteica<\/p>\n<p>Suave e Nutritivo<br \/>\nTextura f\u00e1cil de digerir, perfeita para gatos de todas as fases da vida<\/p>\n<p>Suplemento Alimentar Hidratante<br \/>\nF\u00f3rmula rica em umidade para atender \u00e0s necessidades di\u00e1rias de hidrata\u00e7\u00e3o<\/p>\n<p>Tamanho: bolsa de 85g<br \/>\nTipo: Alimento \u00famido complementar para dietas felinas<\/p>","protected":false},"featured_media":392,"template":"","meta":{"content-type":""},"product_brand":[],"product_cat":[14,121],"product_tag":[],"class_list":{"0":"post-390","1":"product","2":"type-product","3":"status-publish","4":"has-post-thumbnail","6":"product_cat-pet-food","7":"product_cat-wet-food","9":"first","10":"instock","11":"shipping-taxable","12":"product-type-simple"},"yoast_head":"<!-- This site is optimized with the Yoast SEO plugin v24.9 - https:\/\/yoast.com\/wordpress\/plugins\/seo\/ -->\n<title>85g Pet Snacks Cat Food Wet Pouch Various Flavors Pet Treat Pouch Cat Pouch - Shandong Vest International Trade Co., Ltd.<\/title>\n<meta name=\"robots\" content=\"index, follow, max-snippet:-1, max-image-preview:large, max-video-preview:-1\" \/>\n<link rel=\"canonical\" href=\"https:\/\/vestpetproducts.com\/pt\/produto\/85g-pet-snacks-cat-food-wet-pouch-various-flavors-pet-treat-pouch-cat-pouch\/\" \/>\n<meta property=\"og:locale\" content=\"pt_PT\" \/>\n<meta property=\"og:type\" content=\"article\" \/>\n<meta property=\"og:title\" content=\"85g Pet Snacks Cat Food Wet Pouch Various Flavors Pet Treat Pouch Cat Pouch - Shandong Vest International Trade Co., Ltd.\" \/>\n<meta property=\"og:description\" content=\"This prouduct is suitable for cats over 3 monthers.  Reday to eat\uff0ccan also be mixed with other pet food  Goat Milk Mousse Deliciously smooth puree formula with double protein goodness  Gentle &amp; Nutritious Easy-to-digest texture perfect for cats of all life stages  Hydrating Meal Supplement Moisture-rich formula to support daily hydration needs  Size: 85g pouch Type: Complementary wet food for feline diets\" \/>\n<meta property=\"og:url\" content=\"https:\/\/vestpetproducts.com\/pt\/produto\/85g-pet-snacks-cat-food-wet-pouch-various-flavors-pet-treat-pouch-cat-pouch\/\" \/>\n<meta property=\"og:site_name\" content=\"Shandong Vest International Trade Co., Ltd.\" \/>\n<meta property=\"article:modified_time\" content=\"2025-08-13T05:55:45+00:00\" \/>\n<meta name=\"twitter:card\" content=\"summary_large_image\" \/>\n<meta name=\"twitter:image\" content=\"https:\/\/vestpetproducts.com\/wp-content\/uploads\/2025\/07\/1-1.png\" \/>\n<meta name=\"twitter:label1\" content=\"Tempo estimado de leitura\" \/>\n\t<meta name=\"twitter:data1\" content=\"2 minutos\" \/>\n<script type=\"application\/ld+json\" class=\"yoast-schema-graph\">{\"@context\":\"https:\/\/schema.org\",\"@graph\":[{\"@type\":\"WebPage\",\"@id\":\"https:\/\/vestpetproducts.com\/product\/85g-pet-snacks-cat-food-wet-pouch-various-flavors-pet-treat-pouch-cat-pouch\/\",\"url\":\"https:\/\/vestpetproducts.com\/product\/85g-pet-snacks-cat-food-wet-pouch-various-flavors-pet-treat-pouch-cat-pouch\/\",\"name\":\"85g Pet Snacks Cat Food Wet Pouch Various Flavors Pet Treat Pouch Cat Pouch - Shandong Vest International Trade Co., Ltd.\",\"isPartOf\":{\"@id\":\"https:\/\/vestpetproducts.com\/#website\"},\"primaryImageOfPage\":{\"@id\":\"https:\/\/vestpetproducts.com\/product\/85g-pet-snacks-cat-food-wet-pouch-various-flavors-pet-treat-pouch-cat-pouch\/#primaryimage\"},\"image\":{\"@id\":\"https:\/\/vestpetproducts.com\/product\/85g-pet-snacks-cat-food-wet-pouch-various-flavors-pet-treat-pouch-cat-pouch\/#primaryimage\"},\"thumbnailUrl\":\"https:\/\/vestpetproducts.com\/wp-content\/uploads\/2025\/07\/1-1.png\",\"datePublished\":\"2025-07-16T03:32:33+00:00\",\"dateModified\":\"2025-08-13T05:55:45+00:00\",\"breadcrumb\":{\"@id\":\"https:\/\/vestpetproducts.com\/product\/85g-pet-snacks-cat-food-wet-pouch-various-flavors-pet-treat-pouch-cat-pouch\/#breadcrumb\"},\"inLanguage\":\"pt-PT\",\"potentialAction\":[{\"@type\":\"ReadAction\",\"target\":[\"https:\/\/vestpetproducts.com\/product\/85g-pet-snacks-cat-food-wet-pouch-various-flavors-pet-treat-pouch-cat-pouch\/\"]}]},{\"@type\":\"ImageObject\",\"inLanguage\":\"pt-PT\",\"@id\":\"https:\/\/vestpetproducts.com\/product\/85g-pet-snacks-cat-food-wet-pouch-various-flavors-pet-treat-pouch-cat-pouch\/#primaryimage\",\"url\":\"https:\/\/vestpetproducts.com\/wp-content\/uploads\/2025\/07\/1-1.png\",\"contentUrl\":\"https:\/\/vestpetproducts.com\/wp-content\/uploads\/2025\/07\/1-1.png\"},{\"@type\":\"BreadcrumbList\",\"@id\":\"https:\/\/vestpetproducts.com\/product\/85g-pet-snacks-cat-food-wet-pouch-various-flavors-pet-treat-pouch-cat-pouch\/#breadcrumb\",\"itemListElement\":[{\"@type\":\"ListItem\",\"position\":1,\"name\":\"\u9996\u9875\",\"item\":\"https:\/\/vestpetproducts.com\/\"},{\"@type\":\"ListItem\",\"position\":2,\"name\":\"Product\",\"item\":\"https:\/\/vestpetproducts.com\/product\/\"},{\"@type\":\"ListItem\",\"position\":3,\"name\":\"85g Pet Snacks Cat Food Wet Pouch Various Flavors Pet Treat Pouch Cat Pouch\"}]},{\"@type\":\"WebSite\",\"@id\":\"https:\/\/vestpetproducts.com\/#website\",\"url\":\"https:\/\/vestpetproducts.com\/\",\"name\":\"Shandong Vest International Trade Co., Ltd.\",\"description\":\"Shandong Vest International Trade Co., Ltd.\",\"potentialAction\":[{\"@type\":\"SearchAction\",\"target\":{\"@type\":\"EntryPoint\",\"urlTemplate\":\"https:\/\/vestpetproducts.com\/?s={search_term_string}\"},\"query-input\":{\"@type\":\"PropertyValueSpecification\",\"valueRequired\":true,\"valueName\":\"search_term_string\"}}],\"inLanguage\":\"pt-PT\"}]}<\/script>\n<!-- \/ Yoast SEO plugin. -->","yoast_head_json":{"title":"85g Pet Snacks Cat Food Wet Pouch Various Flavors Pet Treat Pouch Cat Pouch - Shandong Vest International Trade Co., Ltd.","robots":{"index":"index","follow":"follow","max-snippet":"max-snippet:-1","max-image-preview":"max-image-preview:large","max-video-preview":"max-video-preview:-1"},"canonical":"https:\/\/vestpetproducts.com\/pt\/produto\/85g-pet-snacks-cat-food-wet-pouch-various-flavors-pet-treat-pouch-cat-pouch\/","og_locale":"pt_PT","og_type":"article","og_title":"85g Pet Snacks Cat Food Wet Pouch Various Flavors Pet Treat Pouch Cat Pouch - Shandong Vest International Trade Co., Ltd.","og_description":"This prouduct is suitable for cats over 3 monthers.  Reday to eat\uff0ccan also be mixed with other pet food  Goat Milk Mousse Deliciously smooth puree formula with double protein goodness  Gentle &amp; Nutritious Easy-to-digest texture perfect for cats of all life stages  Hydrating Meal Supplement Moisture-rich formula to support daily hydration needs  Size: 85g pouch Type: Complementary wet food for feline diets","og_url":"https:\/\/vestpetproducts.com\/pt\/produto\/85g-pet-snacks-cat-food-wet-pouch-various-flavors-pet-treat-pouch-cat-pouch\/","og_site_name":"Shandong Vest International Trade Co., Ltd.","article_modified_time":"2025-08-13T05:55:45+00:00","twitter_card":"summary_large_image","twitter_image":"https:\/\/vestpetproducts.com\/wp-content\/uploads\/2025\/07\/1-1.png","twitter_misc":{"Tempo estimado de leitura":"2 minutos"},"schema":{"@context":"https:\/\/schema.org","@graph":[{"@type":"WebPage","@id":"https:\/\/vestpetproducts.com\/product\/85g-pet-snacks-cat-food-wet-pouch-various-flavors-pet-treat-pouch-cat-pouch\/","url":"https:\/\/vestpetproducts.com\/product\/85g-pet-snacks-cat-food-wet-pouch-various-flavors-pet-treat-pouch-cat-pouch\/","name":"85g Pet Snacks Cat Food Wet Pouch Various Flavors Pet Treat Pouch Cat Pouch - Shandong Vest International Trade Co., Ltd.","isPartOf":{"@id":"https:\/\/vestpetproducts.com\/#website"},"primaryImageOfPage":{"@id":"https:\/\/vestpetproducts.com\/product\/85g-pet-snacks-cat-food-wet-pouch-various-flavors-pet-treat-pouch-cat-pouch\/#primaryimage"},"image":{"@id":"https:\/\/vestpetproducts.com\/product\/85g-pet-snacks-cat-food-wet-pouch-various-flavors-pet-treat-pouch-cat-pouch\/#primaryimage"},"thumbnailUrl":"https:\/\/vestpetproducts.com\/wp-content\/uploads\/2025\/07\/1-1.png","datePublished":"2025-07-16T03:32:33+00:00","dateModified":"2025-08-13T05:55:45+00:00","breadcrumb":{"@id":"https:\/\/vestpetproducts.com\/product\/85g-pet-snacks-cat-food-wet-pouch-various-flavors-pet-treat-pouch-cat-pouch\/#breadcrumb"},"inLanguage":"pt-PT","potentialAction":[{"@type":"ReadAction","target":["https:\/\/vestpetproducts.com\/product\/85g-pet-snacks-cat-food-wet-pouch-various-flavors-pet-treat-pouch-cat-pouch\/"]}]},{"@type":"ImageObject","inLanguage":"pt-PT","@id":"https:\/\/vestpetproducts.com\/product\/85g-pet-snacks-cat-food-wet-pouch-various-flavors-pet-treat-pouch-cat-pouch\/#primaryimage","url":"https:\/\/vestpetproducts.com\/wp-content\/uploads\/2025\/07\/1-1.png","contentUrl":"https:\/\/vestpetproducts.com\/wp-content\/uploads\/2025\/07\/1-1.png"},{"@type":"BreadcrumbList","@id":"https:\/\/vestpetproducts.com\/product\/85g-pet-snacks-cat-food-wet-pouch-various-flavors-pet-treat-pouch-cat-pouch\/#breadcrumb","itemListElement":[{"@type":"ListItem","position":1,"name":"\u9996\u9875","item":"https:\/\/vestpetproducts.com\/"},{"@type":"ListItem","position":2,"name":"Product","item":"https:\/\/vestpetproducts.com\/product\/"},{"@type":"ListItem","position":3,"name":"85g Pet Snacks Cat Food Wet Pouch Various Flavors Pet Treat Pouch Cat Pouch"}]},{"@type":"WebSite","@id":"https:\/\/vestpetproducts.com\/#website","url":"https:\/\/vestpetproducts.com\/","name":"Shandong Vest International Trade Co., Ltd.","description":"Shandong Vest International Trade Co., Ltd.","potentialAction":[{"@type":"SearchAction","target":{"@type":"EntryPoint","urlTemplate":"https:\/\/vestpetproducts.com\/?s={search_term_string}"},"query-input":{"@type":"PropertyValueSpecification","valueRequired":true,"valueName":"search_term_string"}}],"inLanguage":"pt-PT"}]}},"_links":{"self":[{"href":"https:\/\/vestpetproducts.com\/pt\/wp-json\/wp\/v2\/product\/390","targetHints":{"allow":["GET"]}}],"collection":[{"href":"https:\/\/vestpetproducts.com\/pt\/wp-json\/wp\/v2\/product"}],"about":[{"href":"https:\/\/vestpetproducts.com\/pt\/wp-json\/wp\/v2\/types\/product"}],"wp:featuredmedia":[{"embeddable":true,"href":"https:\/\/vestpetproducts.com\/pt\/wp-json\/wp\/v2\/media\/392"}],"wp:attachment":[{"href":"https:\/\/vestpetproducts.com\/pt\/wp-json\/wp\/v2\/media?parent=390"}],"wp:term":[{"taxonomy":"product_brand","embeddable":true,"href":"https:\/\/vestpetproducts.com\/pt\/wp-json\/wp\/v2\/product_brand?post=390"},{"taxonomy":"product_cat","embeddable":true,"href":"https:\/\/vestpetproducts.com\/pt\/wp-json\/wp\/v2\/product_cat?post=390"},{"taxonomy":"product_tag","embeddable":true,"href":"https:\/\/vestpetproducts.com\/pt\/wp-json\/wp\/v2\/product_tag?post=390"}],"curies":[{"name":"wp","href":"https:\/\/api.w.org\/{rel}","templated":true}]}}