{"id":1939,"date":"2025-08-15T05:58:22","date_gmt":"2025-08-15T05:58:22","guid":{"rendered":"https:\/\/vestpetproducts.com\/?post_type=product&#038;p=1939"},"modified":"2025-08-15T05:58:22","modified_gmt":"2025-08-15T05:58:22","slug":"hand-woven-cat-pads-detachable-and-washable-all-season-pet-pads","status":"publish","type":"product","link":"https:\/\/vestpetproducts.com\/pt\/produto\/hand-woven-cat-pads-detachable-and-washable-all-season-pet-pads\/","title":{"rendered":"Tapetes para gatos feitos \u00e0 m\u00e3o \u2013 tapetes remov\u00edveis e lav\u00e1veis para todas as esta\u00e7\u00f5es"},"content":{"rendered":"<p><img loading=\"lazy\" decoding=\"async\" class=\"aligncenter size-full wp-image-1952\" src=\"http:\/\/vestpetproducts.com\/wp-content\/uploads\/2025\/08\/O1CN01bNnxA81NAKXg47BHf_2217204891529-0-cib.jpg\" alt=\"\" width=\"1000\" height=\"1201\" srcset=\"https:\/\/vestpetproducts.com\/wp-content\/uploads\/2025\/08\/O1CN01bNnxA81NAKXg47BHf_2217204891529-0-cib.jpg 1000w, https:\/\/vestpetproducts.com\/wp-content\/uploads\/2025\/08\/O1CN01bNnxA81NAKXg47BHf_2217204891529-0-cib-416x500.jpg 416w, https:\/\/vestpetproducts.com\/wp-content\/uploads\/2025\/08\/O1CN01bNnxA81NAKXg47BHf_2217204891529-0-cib-250x300.jpg 250w, https:\/\/vestpetproducts.com\/wp-content\/uploads\/2025\/08\/O1CN01bNnxA81NAKXg47BHf_2217204891529-0-cib-768x922.jpg 768w, https:\/\/vestpetproducts.com\/wp-content\/uploads\/2025\/08\/O1CN01bNnxA81NAKXg47BHf_2217204891529-0-cib-10x12.jpg 10w, https:\/\/vestpetproducts.com\/wp-content\/uploads\/2025\/08\/O1CN01bNnxA81NAKXg47BHf_2217204891529-0-cib-62x75.jpg 62w, https:\/\/vestpetproducts.com\/wp-content\/uploads\/2025\/08\/O1CN01bNnxA81NAKXg47BHf_2217204891529-0-cib-480x576.jpg 480w, https:\/\/vestpetproducts.com\/wp-content\/uploads\/2025\/08\/O1CN01bNnxA81NAKXg47BHf_2217204891529-0-cib-800x961.jpg 800w\" sizes=\"auto, (max-width:767px) 480px, (max-width:1000px) 100vw, 1000px\" \/> <img loading=\"lazy\" decoding=\"async\" class=\"aligncenter size-full wp-image-1953\" src=\"http:\/\/vestpetproducts.com\/wp-content\/uploads\/2025\/08\/O1CN013lim4D1NAKXigULIc_2217204891529-0-cib.jpg\" alt=\"\" width=\"1000\" height=\"1092\" srcset=\"https:\/\/vestpetproducts.com\/wp-content\/uploads\/2025\/08\/O1CN013lim4D1NAKXigULIc_2217204891529-0-cib.jpg 1000w, https:\/\/vestpetproducts.com\/wp-content\/uploads\/2025\/08\/O1CN013lim4D1NAKXigULIc_2217204891529-0-cib-458x500.jpg 458w, https:\/\/vestpetproducts.com\/wp-content\/uploads\/2025\/08\/O1CN013lim4D1NAKXigULIc_2217204891529-0-cib-275x300.jpg 275w, https:\/\/vestpetproducts.com\/wp-content\/uploads\/2025\/08\/O1CN013lim4D1NAKXigULIc_2217204891529-0-cib-768x839.jpg 768w, https:\/\/vestpetproducts.com\/wp-content\/uploads\/2025\/08\/O1CN013lim4D1NAKXigULIc_2217204891529-0-cib-11x12.jpg 11w, https:\/\/vestpetproducts.com\/wp-content\/uploads\/2025\/08\/O1CN013lim4D1NAKXigULIc_2217204891529-0-cib-69x75.jpg 69w, https:\/\/vestpetproducts.com\/wp-content\/uploads\/2025\/08\/O1CN013lim4D1NAKXigULIc_2217204891529-0-cib-480x524.jpg 480w, https:\/\/vestpetproducts.com\/wp-content\/uploads\/2025\/08\/O1CN013lim4D1NAKXigULIc_2217204891529-0-cib-800x874.jpg 800w\" sizes=\"auto, (max-width:767px) 480px, (max-width:1000px) 100vw, 1000px\" \/> <img loading=\"lazy\" decoding=\"async\" class=\"aligncenter size-full wp-image-1954\" src=\"http:\/\/vestpetproducts.com\/wp-content\/uploads\/2025\/08\/O1CN01gA6OuU1NAKXjAX2Vr_2217204891529-0-cib.jpg\" alt=\"\" width=\"1000\" height=\"1419\" srcset=\"https:\/\/vestpetproducts.com\/wp-content\/uploads\/2025\/08\/O1CN01gA6OuU1NAKXjAX2Vr_2217204891529-0-cib.jpg 1000w, https:\/\/vestpetproducts.com\/wp-content\/uploads\/2025\/08\/O1CN01gA6OuU1NAKXjAX2Vr_2217204891529-0-cib-352x500.jpg 352w, https:\/\/vestpetproducts.com\/wp-content\/uploads\/2025\/08\/O1CN01gA6OuU1NAKXjAX2Vr_2217204891529-0-cib-846x1200.jpg 846w, https:\/\/vestpetproducts.com\/wp-content\/uploads\/2025\/08\/O1CN01gA6OuU1NAKXjAX2Vr_2217204891529-0-cib-211x300.jpg 211w, https:\/\/vestpetproducts.com\/wp-content\/uploads\/2025\/08\/O1CN01gA6OuU1NAKXjAX2Vr_2217204891529-0-cib-768x1090.jpg 768w, https:\/\/vestpetproducts.com\/wp-content\/uploads\/2025\/08\/O1CN01gA6OuU1NAKXjAX2Vr_2217204891529-0-cib-8x12.jpg 8w, https:\/\/vestpetproducts.com\/wp-content\/uploads\/2025\/08\/O1CN01gA6OuU1NAKXjAX2Vr_2217204891529-0-cib-53x75.jpg 53w, https:\/\/vestpetproducts.com\/wp-content\/uploads\/2025\/08\/O1CN01gA6OuU1NAKXjAX2Vr_2217204891529-0-cib-480x681.jpg 480w, https:\/\/vestpetproducts.com\/wp-content\/uploads\/2025\/08\/O1CN01gA6OuU1NAKXjAX2Vr_2217204891529-0-cib-800x1135.jpg 800w\" sizes=\"auto, (max-width:767px) 480px, (max-width:1000px) 100vw, 1000px\" \/> <img loading=\"lazy\" decoding=\"async\" class=\"aligncenter size-full wp-image-1955\" src=\"http:\/\/vestpetproducts.com\/wp-content\/uploads\/2025\/08\/O1CN0178vGSW1NAKXjAYz5w_2217204891529-0-cib.jpg\" alt=\"\" width=\"1000\" height=\"573\" srcset=\"https:\/\/vestpetproducts.com\/wp-content\/uploads\/2025\/08\/O1CN0178vGSW1NAKXjAYz5w_2217204891529-0-cib.jpg 1000w, https:\/\/vestpetproducts.com\/wp-content\/uploads\/2025\/08\/O1CN0178vGSW1NAKXjAYz5w_2217204891529-0-cib-500x287.jpg 500w, https:\/\/vestpetproducts.com\/wp-content\/uploads\/2025\/08\/O1CN0178vGSW1NAKXjAYz5w_2217204891529-0-cib-300x172.jpg 300w, https:\/\/vestpetproducts.com\/wp-content\/uploads\/2025\/08\/O1CN0178vGSW1NAKXjAYz5w_2217204891529-0-cib-768x440.jpg 768w, https:\/\/vestpetproducts.com\/wp-content\/uploads\/2025\/08\/O1CN0178vGSW1NAKXjAYz5w_2217204891529-0-cib-18x10.jpg 18w, https:\/\/vestpetproducts.com\/wp-content\/uploads\/2025\/08\/O1CN0178vGSW1NAKXjAYz5w_2217204891529-0-cib-131x75.jpg 131w, https:\/\/vestpetproducts.com\/wp-content\/uploads\/2025\/08\/O1CN0178vGSW1NAKXjAYz5w_2217204891529-0-cib-480x275.jpg 480w, https:\/\/vestpetproducts.com\/wp-content\/uploads\/2025\/08\/O1CN0178vGSW1NAKXjAYz5w_2217204891529-0-cib-800x458.jpg 800w\" sizes=\"auto, (max-width:767px) 480px, (max-width:1000px) 100vw, 1000px\" \/> <img loading=\"lazy\" decoding=\"async\" class=\"aligncenter size-full wp-image-1956\" src=\"http:\/\/vestpetproducts.com\/wp-content\/uploads\/2025\/08\/O1CN01qTo2F61dSDqokRUUk_6000000003734-0-tbvideo.jpg\" alt=\"\" width=\"1000\" height=\"563\" srcset=\"https:\/\/vestpetproducts.com\/wp-content\/uploads\/2025\/08\/O1CN01qTo2F61dSDqokRUUk_6000000003734-0-tbvideo.jpg 1000w, https:\/\/vestpetproducts.com\/wp-content\/uploads\/2025\/08\/O1CN01qTo2F61dSDqokRUUk_6000000003734-0-tbvideo-500x282.jpg 500w, https:\/\/vestpetproducts.com\/wp-content\/uploads\/2025\/08\/O1CN01qTo2F61dSDqokRUUk_6000000003734-0-tbvideo-300x169.jpg 300w, https:\/\/vestpetproducts.com\/wp-content\/uploads\/2025\/08\/O1CN01qTo2F61dSDqokRUUk_6000000003734-0-tbvideo-768x432.jpg 768w, https:\/\/vestpetproducts.com\/wp-content\/uploads\/2025\/08\/O1CN01qTo2F61dSDqokRUUk_6000000003734-0-tbvideo-18x10.jpg 18w, https:\/\/vestpetproducts.com\/wp-content\/uploads\/2025\/08\/O1CN01qTo2F61dSDqokRUUk_6000000003734-0-tbvideo-133x75.jpg 133w, https:\/\/vestpetproducts.com\/wp-content\/uploads\/2025\/08\/O1CN01qTo2F61dSDqokRUUk_6000000003734-0-tbvideo-480x270.jpg 480w, https:\/\/vestpetproducts.com\/wp-content\/uploads\/2025\/08\/O1CN01qTo2F61dSDqokRUUk_6000000003734-0-tbvideo-800x450.jpg 800w\" sizes=\"auto, (max-width:767px) 480px, (max-width:1000px) 100vw, 1000px\" \/> <img loading=\"lazy\" decoding=\"async\" class=\"aligncenter size-full wp-image-1957\" src=\"http:\/\/vestpetproducts.com\/wp-content\/uploads\/2025\/08\/O1CN01YBDlbK1NAKXnO7Xa9_2217204891529-0-cib.jpg\" alt=\"\" width=\"1000\" height=\"1371\" srcset=\"https:\/\/vestpetproducts.com\/wp-content\/uploads\/2025\/08\/O1CN01YBDlbK1NAKXnO7Xa9_2217204891529-0-cib.jpg 1000w, https:\/\/vestpetproducts.com\/wp-content\/uploads\/2025\/08\/O1CN01YBDlbK1NAKXnO7Xa9_2217204891529-0-cib-365x500.jpg 365w, https:\/\/vestpetproducts.com\/wp-content\/uploads\/2025\/08\/O1CN01YBDlbK1NAKXnO7Xa9_2217204891529-0-cib-875x1200.jpg 875w, https:\/\/vestpetproducts.com\/wp-content\/uploads\/2025\/08\/O1CN01YBDlbK1NAKXnO7Xa9_2217204891529-0-cib-219x300.jpg 219w, https:\/\/vestpetproducts.com\/wp-content\/uploads\/2025\/08\/O1CN01YBDlbK1NAKXnO7Xa9_2217204891529-0-cib-768x1053.jpg 768w, https:\/\/vestpetproducts.com\/wp-content\/uploads\/2025\/08\/O1CN01YBDlbK1NAKXnO7Xa9_2217204891529-0-cib-9x12.jpg 9w, https:\/\/vestpetproducts.com\/wp-content\/uploads\/2025\/08\/O1CN01YBDlbK1NAKXnO7Xa9_2217204891529-0-cib-55x75.jpg 55w, https:\/\/vestpetproducts.com\/wp-content\/uploads\/2025\/08\/O1CN01YBDlbK1NAKXnO7Xa9_2217204891529-0-cib-480x658.jpg 480w, https:\/\/vestpetproducts.com\/wp-content\/uploads\/2025\/08\/O1CN01YBDlbK1NAKXnO7Xa9_2217204891529-0-cib-800x1097.jpg 800w\" sizes=\"auto, (max-width:767px) 480px, (max-width:1000px) 100vw, 1000px\" \/><img loading=\"lazy\" decoding=\"async\" class=\"aligncenter size-full wp-image-1942\" src=\"http:\/\/vestpetproducts.com\/wp-content\/uploads\/2025\/08\/O1CN01H0TTXU1NAKXmmaFp3_2217204891529-0-cib.jpg\" alt=\"\" width=\"1000\" height=\"1371\" srcset=\"https:\/\/vestpetproducts.com\/wp-content\/uploads\/2025\/08\/O1CN01H0TTXU1NAKXmmaFp3_2217204891529-0-cib.jpg 1000w, https:\/\/vestpetproducts.com\/wp-content\/uploads\/2025\/08\/O1CN01H0TTXU1NAKXmmaFp3_2217204891529-0-cib-365x500.jpg 365w, https:\/\/vestpetproducts.com\/wp-content\/uploads\/2025\/08\/O1CN01H0TTXU1NAKXmmaFp3_2217204891529-0-cib-875x1200.jpg 875w, https:\/\/vestpetproducts.com\/wp-content\/uploads\/2025\/08\/O1CN01H0TTXU1NAKXmmaFp3_2217204891529-0-cib-219x300.jpg 219w, https:\/\/vestpetproducts.com\/wp-content\/uploads\/2025\/08\/O1CN01H0TTXU1NAKXmmaFp3_2217204891529-0-cib-768x1053.jpg 768w, https:\/\/vestpetproducts.com\/wp-content\/uploads\/2025\/08\/O1CN01H0TTXU1NAKXmmaFp3_2217204891529-0-cib-9x12.jpg 9w, https:\/\/vestpetproducts.com\/wp-content\/uploads\/2025\/08\/O1CN01H0TTXU1NAKXmmaFp3_2217204891529-0-cib-55x75.jpg 55w, https:\/\/vestpetproducts.com\/wp-content\/uploads\/2025\/08\/O1CN01H0TTXU1NAKXmmaFp3_2217204891529-0-cib-480x658.jpg 480w, https:\/\/vestpetproducts.com\/wp-content\/uploads\/2025\/08\/O1CN01H0TTXU1NAKXmmaFp3_2217204891529-0-cib-800x1097.jpg 800w\" sizes=\"auto, (max-width:767px) 480px, (max-width:1000px) 100vw, 1000px\" \/><\/p>","protected":false},"excerpt":{"rendered":"<p><img loading=\"lazy\" decoding=\"async\" class=\"wp-image-1958 alignleft\" src=\"http:\/\/vestpetproducts.com\/wp-content\/uploads\/2025\/08\/\u5fae\u4fe1\u622a\u56fe_20250815135516.jpg\" alt=\"\" width=\"617\" height=\"279\" srcset=\"https:\/\/vestpetproducts.com\/wp-content\/uploads\/2025\/08\/\u5fae\u4fe1\u622a\u56fe_20250815135516.jpg 708w, https:\/\/vestpetproducts.com\/wp-content\/uploads\/2025\/08\/\u5fae\u4fe1\u622a\u56fe_20250815135516-500x226.jpg 500w, https:\/\/vestpetproducts.com\/wp-content\/uploads\/2025\/08\/\u5fae\u4fe1\u622a\u56fe_20250815135516-300x136.jpg 300w, https:\/\/vestpetproducts.com\/wp-content\/uploads\/2025\/08\/\u5fae\u4fe1\u622a\u56fe_20250815135516-18x8.jpg 18w, https:\/\/vestpetproducts.com\/wp-content\/uploads\/2025\/08\/\u5fae\u4fe1\u622a\u56fe_20250815135516-150x68.jpg 150w, https:\/\/vestpetproducts.com\/wp-content\/uploads\/2025\/08\/\u5fae\u4fe1\u622a\u56fe_20250815135516-480x217.jpg 480w\" sizes=\"auto, (max-width:767px) 480px, 617px\" \/><\/p>","protected":false},"featured_media":1940,"template":"","meta":{"content-type":""},"product_brand":[],"product_cat":[17],"product_tag":[],"class_list":{"0":"post-1939","1":"product","2":"type-product","3":"status-publish","4":"has-post-thumbnail","6":"product_cat-pet-supplies","8":"first","9":"instock","10":"shipping-taxable","11":"product-type-simple"},"yoast_head":"<!-- This site is optimized with the Yoast SEO plugin v24.9 - https:\/\/yoast.com\/wordpress\/plugins\/seo\/ -->\n<title>Hand-woven cat pads - detachable and washable all-season pet pads - Shandong Vest International Trade Co., Ltd.<\/title>\n<meta name=\"robots\" content=\"index, follow, max-snippet:-1, max-image-preview:large, max-video-preview:-1\" \/>\n<link rel=\"canonical\" href=\"https:\/\/vestpetproducts.com\/pt\/produto\/hand-woven-cat-pads-detachable-and-washable-all-season-pet-pads\/\" \/>\n<meta property=\"og:locale\" content=\"pt_PT\" \/>\n<meta property=\"og:type\" content=\"article\" \/>\n<meta property=\"og:title\" content=\"Hand-woven cat pads - detachable and washable all-season pet pads - Shandong Vest International Trade Co., Ltd.\" \/>\n<meta property=\"og:url\" content=\"https:\/\/vestpetproducts.com\/pt\/produto\/hand-woven-cat-pads-detachable-and-washable-all-season-pet-pads\/\" \/>\n<meta property=\"og:site_name\" content=\"Shandong Vest International Trade Co., Ltd.\" \/>\n<meta property=\"og:image\" content=\"https:\/\/vestpetproducts.com\/wp-content\/uploads\/2025\/08\/O1CN017JS88u1NAKWp7DINQ_2217204891529-0-cib.jpg\" \/>\n\t<meta property=\"og:image:width\" content=\"1000\" \/>\n\t<meta property=\"og:image:height\" content=\"1000\" \/>\n\t<meta property=\"og:image:type\" content=\"image\/jpeg\" \/>\n<meta name=\"twitter:card\" content=\"summary_large_image\" \/>\n<meta name=\"twitter:label1\" content=\"Tempo estimado de leitura\" \/>\n\t<meta name=\"twitter:data1\" content=\"2 minutos\" \/>\n<script type=\"application\/ld+json\" class=\"yoast-schema-graph\">{\"@context\":\"https:\/\/schema.org\",\"@graph\":[{\"@type\":\"WebPage\",\"@id\":\"https:\/\/vestpetproducts.com\/product\/hand-woven-cat-pads-detachable-and-washable-all-season-pet-pads\/\",\"url\":\"https:\/\/vestpetproducts.com\/product\/hand-woven-cat-pads-detachable-and-washable-all-season-pet-pads\/\",\"name\":\"Hand-woven cat pads - detachable and washable all-season pet pads - Shandong Vest International Trade Co., Ltd.\",\"isPartOf\":{\"@id\":\"https:\/\/vestpetproducts.com\/#website\"},\"primaryImageOfPage\":{\"@id\":\"https:\/\/vestpetproducts.com\/product\/hand-woven-cat-pads-detachable-and-washable-all-season-pet-pads\/#primaryimage\"},\"image\":{\"@id\":\"https:\/\/vestpetproducts.com\/product\/hand-woven-cat-pads-detachable-and-washable-all-season-pet-pads\/#primaryimage\"},\"thumbnailUrl\":\"https:\/\/vestpetproducts.com\/wp-content\/uploads\/2025\/08\/O1CN017JS88u1NAKWp7DINQ_2217204891529-0-cib.jpg\",\"datePublished\":\"2025-08-15T05:58:22+00:00\",\"breadcrumb\":{\"@id\":\"https:\/\/vestpetproducts.com\/product\/hand-woven-cat-pads-detachable-and-washable-all-season-pet-pads\/#breadcrumb\"},\"inLanguage\":\"pt-PT\",\"potentialAction\":[{\"@type\":\"ReadAction\",\"target\":[\"https:\/\/vestpetproducts.com\/product\/hand-woven-cat-pads-detachable-and-washable-all-season-pet-pads\/\"]}]},{\"@type\":\"ImageObject\",\"inLanguage\":\"pt-PT\",\"@id\":\"https:\/\/vestpetproducts.com\/product\/hand-woven-cat-pads-detachable-and-washable-all-season-pet-pads\/#primaryimage\",\"url\":\"https:\/\/vestpetproducts.com\/wp-content\/uploads\/2025\/08\/O1CN017JS88u1NAKWp7DINQ_2217204891529-0-cib.jpg\",\"contentUrl\":\"https:\/\/vestpetproducts.com\/wp-content\/uploads\/2025\/08\/O1CN017JS88u1NAKWp7DINQ_2217204891529-0-cib.jpg\",\"width\":1000,\"height\":1000},{\"@type\":\"BreadcrumbList\",\"@id\":\"https:\/\/vestpetproducts.com\/product\/hand-woven-cat-pads-detachable-and-washable-all-season-pet-pads\/#breadcrumb\",\"itemListElement\":[{\"@type\":\"ListItem\",\"position\":1,\"name\":\"\u9996\u9875\",\"item\":\"https:\/\/vestpetproducts.com\/\"},{\"@type\":\"ListItem\",\"position\":2,\"name\":\"Product\",\"item\":\"https:\/\/vestpetproducts.com\/product\/\"},{\"@type\":\"ListItem\",\"position\":3,\"name\":\"Hand-woven cat pads &#8211; detachable and washable all-season pet pads\"}]},{\"@type\":\"WebSite\",\"@id\":\"https:\/\/vestpetproducts.com\/#website\",\"url\":\"https:\/\/vestpetproducts.com\/\",\"name\":\"Shandong Vest International Trade Co., Ltd.\",\"description\":\"Shandong Vest International Trade Co., Ltd.\",\"potentialAction\":[{\"@type\":\"SearchAction\",\"target\":{\"@type\":\"EntryPoint\",\"urlTemplate\":\"https:\/\/vestpetproducts.com\/?s={search_term_string}\"},\"query-input\":{\"@type\":\"PropertyValueSpecification\",\"valueRequired\":true,\"valueName\":\"search_term_string\"}}],\"inLanguage\":\"pt-PT\"}]}<\/script>\n<!-- \/ Yoast SEO plugin. -->","yoast_head_json":{"title":"Hand-woven cat pads - detachable and washable all-season pet pads - Shandong Vest International Trade Co., Ltd.","robots":{"index":"index","follow":"follow","max-snippet":"max-snippet:-1","max-image-preview":"max-image-preview:large","max-video-preview":"max-video-preview:-1"},"canonical":"https:\/\/vestpetproducts.com\/pt\/produto\/hand-woven-cat-pads-detachable-and-washable-all-season-pet-pads\/","og_locale":"pt_PT","og_type":"article","og_title":"Hand-woven cat pads - detachable and washable all-season pet pads - Shandong Vest International Trade Co., Ltd.","og_url":"https:\/\/vestpetproducts.com\/pt\/produto\/hand-woven-cat-pads-detachable-and-washable-all-season-pet-pads\/","og_site_name":"Shandong Vest International Trade Co., Ltd.","og_image":[{"width":1000,"height":1000,"url":"https:\/\/vestpetproducts.com\/wp-content\/uploads\/2025\/08\/O1CN017JS88u1NAKWp7DINQ_2217204891529-0-cib.jpg","type":"image\/jpeg"}],"twitter_card":"summary_large_image","twitter_misc":{"Tempo estimado de leitura":"2 minutos"},"schema":{"@context":"https:\/\/schema.org","@graph":[{"@type":"WebPage","@id":"https:\/\/vestpetproducts.com\/product\/hand-woven-cat-pads-detachable-and-washable-all-season-pet-pads\/","url":"https:\/\/vestpetproducts.com\/product\/hand-woven-cat-pads-detachable-and-washable-all-season-pet-pads\/","name":"Hand-woven cat pads - detachable and washable all-season pet pads - Shandong Vest International Trade Co., Ltd.","isPartOf":{"@id":"https:\/\/vestpetproducts.com\/#website"},"primaryImageOfPage":{"@id":"https:\/\/vestpetproducts.com\/product\/hand-woven-cat-pads-detachable-and-washable-all-season-pet-pads\/#primaryimage"},"image":{"@id":"https:\/\/vestpetproducts.com\/product\/hand-woven-cat-pads-detachable-and-washable-all-season-pet-pads\/#primaryimage"},"thumbnailUrl":"https:\/\/vestpetproducts.com\/wp-content\/uploads\/2025\/08\/O1CN017JS88u1NAKWp7DINQ_2217204891529-0-cib.jpg","datePublished":"2025-08-15T05:58:22+00:00","breadcrumb":{"@id":"https:\/\/vestpetproducts.com\/product\/hand-woven-cat-pads-detachable-and-washable-all-season-pet-pads\/#breadcrumb"},"inLanguage":"pt-PT","potentialAction":[{"@type":"ReadAction","target":["https:\/\/vestpetproducts.com\/product\/hand-woven-cat-pads-detachable-and-washable-all-season-pet-pads\/"]}]},{"@type":"ImageObject","inLanguage":"pt-PT","@id":"https:\/\/vestpetproducts.com\/product\/hand-woven-cat-pads-detachable-and-washable-all-season-pet-pads\/#primaryimage","url":"https:\/\/vestpetproducts.com\/wp-content\/uploads\/2025\/08\/O1CN017JS88u1NAKWp7DINQ_2217204891529-0-cib.jpg","contentUrl":"https:\/\/vestpetproducts.com\/wp-content\/uploads\/2025\/08\/O1CN017JS88u1NAKWp7DINQ_2217204891529-0-cib.jpg","width":1000,"height":1000},{"@type":"BreadcrumbList","@id":"https:\/\/vestpetproducts.com\/product\/hand-woven-cat-pads-detachable-and-washable-all-season-pet-pads\/#breadcrumb","itemListElement":[{"@type":"ListItem","position":1,"name":"\u9996\u9875","item":"https:\/\/vestpetproducts.com\/"},{"@type":"ListItem","position":2,"name":"Product","item":"https:\/\/vestpetproducts.com\/product\/"},{"@type":"ListItem","position":3,"name":"Hand-woven cat pads &#8211; detachable and washable all-season pet pads"}]},{"@type":"WebSite","@id":"https:\/\/vestpetproducts.com\/#website","url":"https:\/\/vestpetproducts.com\/","name":"Shandong Vest International Trade Co., Ltd.","description":"Shandong Vest International Trade Co., Ltd.","potentialAction":[{"@type":"SearchAction","target":{"@type":"EntryPoint","urlTemplate":"https:\/\/vestpetproducts.com\/?s={search_term_string}"},"query-input":{"@type":"PropertyValueSpecification","valueRequired":true,"valueName":"search_term_string"}}],"inLanguage":"pt-PT"}]}},"_links":{"self":[{"href":"https:\/\/vestpetproducts.com\/pt\/wp-json\/wp\/v2\/product\/1939","targetHints":{"allow":["GET"]}}],"collection":[{"href":"https:\/\/vestpetproducts.com\/pt\/wp-json\/wp\/v2\/product"}],"about":[{"href":"https:\/\/vestpetproducts.com\/pt\/wp-json\/wp\/v2\/types\/product"}],"wp:featuredmedia":[{"embeddable":true,"href":"https:\/\/vestpetproducts.com\/pt\/wp-json\/wp\/v2\/media\/1940"}],"wp:attachment":[{"href":"https:\/\/vestpetproducts.com\/pt\/wp-json\/wp\/v2\/media?parent=1939"}],"wp:term":[{"taxonomy":"product_brand","embeddable":true,"href":"https:\/\/vestpetproducts.com\/pt\/wp-json\/wp\/v2\/product_brand?post=1939"},{"taxonomy":"product_cat","embeddable":true,"href":"https:\/\/vestpetproducts.com\/pt\/wp-json\/wp\/v2\/product_cat?post=1939"},{"taxonomy":"product_tag","embeddable":true,"href":"https:\/\/vestpetproducts.com\/pt\/wp-json\/wp\/v2\/product_tag?post=1939"}],"curies":[{"name":"wp","href":"https:\/\/api.w.org\/{rel}","templated":true}]}}