{"id":1913,"date":"2025-08-15T02:51:31","date_gmt":"2025-08-15T02:51:31","guid":{"rendered":"https:\/\/vestpetproducts.com\/?post_type=product&#038;p=1913"},"modified":"2025-08-15T02:51:31","modified_gmt":"2025-08-15T02:51:31","slug":"natural-straw-cat-bed-breathable-and-suitable-for-all-seasons-detachable-and-washable-cat-bed-eco-friendly-cat-house","status":"publish","type":"product","link":"https:\/\/vestpetproducts.com\/pt\/produto\/natural-straw-cat-bed-breathable-and-suitable-for-all-seasons-detachable-and-washable-cat-bed-eco-friendly-cat-house\/","title":{"rendered":"Cama de gato de palha natural - Respir\u00e1vel e adequada para todas as esta\u00e7\u00f5es, cama de gato remov\u00edvel e lav\u00e1vel, casa de gato ecol\u00f3gica"},"content":{"rendered":"<p><img loading=\"lazy\" decoding=\"async\" class=\"aligncenter size-full wp-image-1920\" src=\"http:\/\/vestpetproducts.com\/wp-content\/uploads\/2025\/08\/imgi_62_O1CN01T4M3mO1NAKWHsh1Fp_2217204891529-0-cib.jpg\" alt=\"\" width=\"1000\" height=\"1196\" srcset=\"https:\/\/vestpetproducts.com\/wp-content\/uploads\/2025\/08\/imgi_62_O1CN01T4M3mO1NAKWHsh1Fp_2217204891529-0-cib.jpg 1000w, https:\/\/vestpetproducts.com\/wp-content\/uploads\/2025\/08\/imgi_62_O1CN01T4M3mO1NAKWHsh1Fp_2217204891529-0-cib-418x500.jpg 418w, https:\/\/vestpetproducts.com\/wp-content\/uploads\/2025\/08\/imgi_62_O1CN01T4M3mO1NAKWHsh1Fp_2217204891529-0-cib-251x300.jpg 251w, https:\/\/vestpetproducts.com\/wp-content\/uploads\/2025\/08\/imgi_62_O1CN01T4M3mO1NAKWHsh1Fp_2217204891529-0-cib-768x919.jpg 768w, https:\/\/vestpetproducts.com\/wp-content\/uploads\/2025\/08\/imgi_62_O1CN01T4M3mO1NAKWHsh1Fp_2217204891529-0-cib-10x12.jpg 10w, https:\/\/vestpetproducts.com\/wp-content\/uploads\/2025\/08\/imgi_62_O1CN01T4M3mO1NAKWHsh1Fp_2217204891529-0-cib-63x75.jpg 63w, https:\/\/vestpetproducts.com\/wp-content\/uploads\/2025\/08\/imgi_62_O1CN01T4M3mO1NAKWHsh1Fp_2217204891529-0-cib-480x574.jpg 480w, https:\/\/vestpetproducts.com\/wp-content\/uploads\/2025\/08\/imgi_62_O1CN01T4M3mO1NAKWHsh1Fp_2217204891529-0-cib-800x957.jpg 800w\" sizes=\"auto, (max-width:767px) 480px, (max-width:1000px) 100vw, 1000px\" \/> <img loading=\"lazy\" decoding=\"async\" class=\"aligncenter size-full wp-image-1921\" src=\"http:\/\/vestpetproducts.com\/wp-content\/uploads\/2025\/08\/imgi_63_O1CN010eF6hR1NAKWGVyc7h_2217204891529-0-cib.jpg\" alt=\"\" width=\"1000\" height=\"1361\" srcset=\"https:\/\/vestpetproducts.com\/wp-content\/uploads\/2025\/08\/imgi_63_O1CN010eF6hR1NAKWGVyc7h_2217204891529-0-cib.jpg 1000w, https:\/\/vestpetproducts.com\/wp-content\/uploads\/2025\/08\/imgi_63_O1CN010eF6hR1NAKWGVyc7h_2217204891529-0-cib-367x500.jpg 367w, https:\/\/vestpetproducts.com\/wp-content\/uploads\/2025\/08\/imgi_63_O1CN010eF6hR1NAKWGVyc7h_2217204891529-0-cib-882x1200.jpg 882w, https:\/\/vestpetproducts.com\/wp-content\/uploads\/2025\/08\/imgi_63_O1CN010eF6hR1NAKWGVyc7h_2217204891529-0-cib-220x300.jpg 220w, https:\/\/vestpetproducts.com\/wp-content\/uploads\/2025\/08\/imgi_63_O1CN010eF6hR1NAKWGVyc7h_2217204891529-0-cib-768x1045.jpg 768w, https:\/\/vestpetproducts.com\/wp-content\/uploads\/2025\/08\/imgi_63_O1CN010eF6hR1NAKWGVyc7h_2217204891529-0-cib-9x12.jpg 9w, https:\/\/vestpetproducts.com\/wp-content\/uploads\/2025\/08\/imgi_63_O1CN010eF6hR1NAKWGVyc7h_2217204891529-0-cib-55x75.jpg 55w, https:\/\/vestpetproducts.com\/wp-content\/uploads\/2025\/08\/imgi_63_O1CN010eF6hR1NAKWGVyc7h_2217204891529-0-cib-480x653.jpg 480w, https:\/\/vestpetproducts.com\/wp-content\/uploads\/2025\/08\/imgi_63_O1CN010eF6hR1NAKWGVyc7h_2217204891529-0-cib-800x1089.jpg 800w\" sizes=\"auto, (max-width:767px) 480px, (max-width:1000px) 100vw, 1000px\" \/> <img loading=\"lazy\" decoding=\"async\" class=\"aligncenter size-full wp-image-1922\" src=\"http:\/\/vestpetproducts.com\/wp-content\/uploads\/2025\/08\/imgi_64_O1CN01nyMRmf1NAKW81Yo1K_2217204891529-0-cib.jpg\" alt=\"\" width=\"1000\" height=\"1768\" srcset=\"https:\/\/vestpetproducts.com\/wp-content\/uploads\/2025\/08\/imgi_64_O1CN01nyMRmf1NAKW81Yo1K_2217204891529-0-cib.jpg 1000w, https:\/\/vestpetproducts.com\/wp-content\/uploads\/2025\/08\/imgi_64_O1CN01nyMRmf1NAKW81Yo1K_2217204891529-0-cib-283x500.jpg 283w, https:\/\/vestpetproducts.com\/wp-content\/uploads\/2025\/08\/imgi_64_O1CN01nyMRmf1NAKW81Yo1K_2217204891529-0-cib-679x1200.jpg 679w, https:\/\/vestpetproducts.com\/wp-content\/uploads\/2025\/08\/imgi_64_O1CN01nyMRmf1NAKW81Yo1K_2217204891529-0-cib-170x300.jpg 170w, https:\/\/vestpetproducts.com\/wp-content\/uploads\/2025\/08\/imgi_64_O1CN01nyMRmf1NAKW81Yo1K_2217204891529-0-cib-768x1358.jpg 768w, https:\/\/vestpetproducts.com\/wp-content\/uploads\/2025\/08\/imgi_64_O1CN01nyMRmf1NAKW81Yo1K_2217204891529-0-cib-869x1536.jpg 869w, https:\/\/vestpetproducts.com\/wp-content\/uploads\/2025\/08\/imgi_64_O1CN01nyMRmf1NAKW81Yo1K_2217204891529-0-cib-7x12.jpg 7w, https:\/\/vestpetproducts.com\/wp-content\/uploads\/2025\/08\/imgi_64_O1CN01nyMRmf1NAKW81Yo1K_2217204891529-0-cib-42x75.jpg 42w, https:\/\/vestpetproducts.com\/wp-content\/uploads\/2025\/08\/imgi_64_O1CN01nyMRmf1NAKW81Yo1K_2217204891529-0-cib-480x849.jpg 480w, https:\/\/vestpetproducts.com\/wp-content\/uploads\/2025\/08\/imgi_64_O1CN01nyMRmf1NAKW81Yo1K_2217204891529-0-cib-800x1414.jpg 800w\" sizes=\"auto, (max-width:767px) 480px, (max-width:1000px) 100vw, 1000px\" \/> <img loading=\"lazy\" decoding=\"async\" class=\"aligncenter size-full wp-image-1923\" src=\"http:\/\/vestpetproducts.com\/wp-content\/uploads\/2025\/08\/imgi_65_O1CN01HhG3EK1NAKWJJ5saU_2217204891529-0-cib.jpg\" alt=\"\" width=\"1000\" height=\"1768\" srcset=\"https:\/\/vestpetproducts.com\/wp-content\/uploads\/2025\/08\/imgi_65_O1CN01HhG3EK1NAKWJJ5saU_2217204891529-0-cib.jpg 1000w, https:\/\/vestpetproducts.com\/wp-content\/uploads\/2025\/08\/imgi_65_O1CN01HhG3EK1NAKWJJ5saU_2217204891529-0-cib-283x500.jpg 283w, https:\/\/vestpetproducts.com\/wp-content\/uploads\/2025\/08\/imgi_65_O1CN01HhG3EK1NAKWJJ5saU_2217204891529-0-cib-679x1200.jpg 679w, https:\/\/vestpetproducts.com\/wp-content\/uploads\/2025\/08\/imgi_65_O1CN01HhG3EK1NAKWJJ5saU_2217204891529-0-cib-170x300.jpg 170w, https:\/\/vestpetproducts.com\/wp-content\/uploads\/2025\/08\/imgi_65_O1CN01HhG3EK1NAKWJJ5saU_2217204891529-0-cib-768x1358.jpg 768w, https:\/\/vestpetproducts.com\/wp-content\/uploads\/2025\/08\/imgi_65_O1CN01HhG3EK1NAKWJJ5saU_2217204891529-0-cib-869x1536.jpg 869w, https:\/\/vestpetproducts.com\/wp-content\/uploads\/2025\/08\/imgi_65_O1CN01HhG3EK1NAKWJJ5saU_2217204891529-0-cib-7x12.jpg 7w, https:\/\/vestpetproducts.com\/wp-content\/uploads\/2025\/08\/imgi_65_O1CN01HhG3EK1NAKWJJ5saU_2217204891529-0-cib-42x75.jpg 42w, https:\/\/vestpetproducts.com\/wp-content\/uploads\/2025\/08\/imgi_65_O1CN01HhG3EK1NAKWJJ5saU_2217204891529-0-cib-480x849.jpg 480w, https:\/\/vestpetproducts.com\/wp-content\/uploads\/2025\/08\/imgi_65_O1CN01HhG3EK1NAKWJJ5saU_2217204891529-0-cib-800x1414.jpg 800w\" sizes=\"auto, (max-width:767px) 480px, (max-width:1000px) 100vw, 1000px\" \/> <img loading=\"lazy\" decoding=\"async\" class=\"aligncenter size-full wp-image-1924\" src=\"http:\/\/vestpetproducts.com\/wp-content\/uploads\/2025\/08\/imgi_66_O1CN01QjLT7F1NAKWK31FiF_2217204891529-0-cib.jpg\" alt=\"\" width=\"1000\" height=\"1163\" srcset=\"https:\/\/vestpetproducts.com\/wp-content\/uploads\/2025\/08\/imgi_66_O1CN01QjLT7F1NAKWK31FiF_2217204891529-0-cib.jpg 1000w, https:\/\/vestpetproducts.com\/wp-content\/uploads\/2025\/08\/imgi_66_O1CN01QjLT7F1NAKWK31FiF_2217204891529-0-cib-430x500.jpg 430w, https:\/\/vestpetproducts.com\/wp-content\/uploads\/2025\/08\/imgi_66_O1CN01QjLT7F1NAKWK31FiF_2217204891529-0-cib-258x300.jpg 258w, https:\/\/vestpetproducts.com\/wp-content\/uploads\/2025\/08\/imgi_66_O1CN01QjLT7F1NAKWK31FiF_2217204891529-0-cib-768x893.jpg 768w, https:\/\/vestpetproducts.com\/wp-content\/uploads\/2025\/08\/imgi_66_O1CN01QjLT7F1NAKWK31FiF_2217204891529-0-cib-10x12.jpg 10w, https:\/\/vestpetproducts.com\/wp-content\/uploads\/2025\/08\/imgi_66_O1CN01QjLT7F1NAKWK31FiF_2217204891529-0-cib-64x75.jpg 64w, https:\/\/vestpetproducts.com\/wp-content\/uploads\/2025\/08\/imgi_66_O1CN01QjLT7F1NAKWK31FiF_2217204891529-0-cib-480x558.jpg 480w, https:\/\/vestpetproducts.com\/wp-content\/uploads\/2025\/08\/imgi_66_O1CN01QjLT7F1NAKWK31FiF_2217204891529-0-cib-800x930.jpg 800w\" sizes=\"auto, (max-width:767px) 480px, (max-width:1000px) 100vw, 1000px\" \/> <img loading=\"lazy\" decoding=\"async\" class=\"aligncenter size-full wp-image-1925\" src=\"http:\/\/vestpetproducts.com\/wp-content\/uploads\/2025\/08\/imgi_68_O1CN01D6SONp1NAKWI3RKYc_2217204891529-0-cib.jpg\" alt=\"\" width=\"1000\" height=\"1440\" srcset=\"https:\/\/vestpetproducts.com\/wp-content\/uploads\/2025\/08\/imgi_68_O1CN01D6SONp1NAKWI3RKYc_2217204891529-0-cib.jpg 1000w, https:\/\/vestpetproducts.com\/wp-content\/uploads\/2025\/08\/imgi_68_O1CN01D6SONp1NAKWI3RKYc_2217204891529-0-cib-347x500.jpg 347w, https:\/\/vestpetproducts.com\/wp-content\/uploads\/2025\/08\/imgi_68_O1CN01D6SONp1NAKWI3RKYc_2217204891529-0-cib-833x1200.jpg 833w, https:\/\/vestpetproducts.com\/wp-content\/uploads\/2025\/08\/imgi_68_O1CN01D6SONp1NAKWI3RKYc_2217204891529-0-cib-208x300.jpg 208w, https:\/\/vestpetproducts.com\/wp-content\/uploads\/2025\/08\/imgi_68_O1CN01D6SONp1NAKWI3RKYc_2217204891529-0-cib-768x1106.jpg 768w, https:\/\/vestpetproducts.com\/wp-content\/uploads\/2025\/08\/imgi_68_O1CN01D6SONp1NAKWI3RKYc_2217204891529-0-cib-8x12.jpg 8w, https:\/\/vestpetproducts.com\/wp-content\/uploads\/2025\/08\/imgi_68_O1CN01D6SONp1NAKWI3RKYc_2217204891529-0-cib-52x75.jpg 52w, https:\/\/vestpetproducts.com\/wp-content\/uploads\/2025\/08\/imgi_68_O1CN01D6SONp1NAKWI3RKYc_2217204891529-0-cib-480x691.jpg 480w, https:\/\/vestpetproducts.com\/wp-content\/uploads\/2025\/08\/imgi_68_O1CN01D6SONp1NAKWI3RKYc_2217204891529-0-cib-800x1152.jpg 800w\" sizes=\"auto, (max-width:767px) 480px, (max-width:1000px) 100vw, 1000px\" \/> <img loading=\"lazy\" decoding=\"async\" class=\"aligncenter size-full wp-image-1926\" src=\"http:\/\/vestpetproducts.com\/wp-content\/uploads\/2025\/08\/imgi_69_O1CN019k6TWu1NAKWJJ6548_2217204891529-0-cib.jpg\" alt=\"\" width=\"1000\" height=\"1789\" srcset=\"https:\/\/vestpetproducts.com\/wp-content\/uploads\/2025\/08\/imgi_69_O1CN019k6TWu1NAKWJJ6548_2217204891529-0-cib.jpg 1000w, https:\/\/vestpetproducts.com\/wp-content\/uploads\/2025\/08\/imgi_69_O1CN019k6TWu1NAKWJJ6548_2217204891529-0-cib-279x500.jpg 279w, https:\/\/vestpetproducts.com\/wp-content\/uploads\/2025\/08\/imgi_69_O1CN019k6TWu1NAKWJJ6548_2217204891529-0-cib-671x1200.jpg 671w, https:\/\/vestpetproducts.com\/wp-content\/uploads\/2025\/08\/imgi_69_O1CN019k6TWu1NAKWJJ6548_2217204891529-0-cib-168x300.jpg 168w, https:\/\/vestpetproducts.com\/wp-content\/uploads\/2025\/08\/imgi_69_O1CN019k6TWu1NAKWJJ6548_2217204891529-0-cib-768x1374.jpg 768w, https:\/\/vestpetproducts.com\/wp-content\/uploads\/2025\/08\/imgi_69_O1CN019k6TWu1NAKWJJ6548_2217204891529-0-cib-859x1536.jpg 859w, https:\/\/vestpetproducts.com\/wp-content\/uploads\/2025\/08\/imgi_69_O1CN019k6TWu1NAKWJJ6548_2217204891529-0-cib-7x12.jpg 7w, https:\/\/vestpetproducts.com\/wp-content\/uploads\/2025\/08\/imgi_69_O1CN019k6TWu1NAKWJJ6548_2217204891529-0-cib-42x75.jpg 42w, https:\/\/vestpetproducts.com\/wp-content\/uploads\/2025\/08\/imgi_69_O1CN019k6TWu1NAKWJJ6548_2217204891529-0-cib-480x859.jpg 480w, https:\/\/vestpetproducts.com\/wp-content\/uploads\/2025\/08\/imgi_69_O1CN019k6TWu1NAKWJJ6548_2217204891529-0-cib-800x1431.jpg 800w\" sizes=\"auto, (max-width:767px) 480px, (max-width:1000px) 100vw, 1000px\" \/> <img loading=\"lazy\" decoding=\"async\" class=\"aligncenter size-full wp-image-1927\" src=\"http:\/\/vestpetproducts.com\/wp-content\/uploads\/2025\/08\/imgi_61_O1CN01aWSNbC1NAKWK2zVaG_2217204891529-0-cib.jpg_d420ed235adf969c_fixed.jpg\" alt=\"\" width=\"1000\" height=\"865\" srcset=\"https:\/\/vestpetproducts.com\/wp-content\/uploads\/2025\/08\/imgi_61_O1CN01aWSNbC1NAKWK2zVaG_2217204891529-0-cib.jpg_d420ed235adf969c_fixed.jpg 1000w, https:\/\/vestpetproducts.com\/wp-content\/uploads\/2025\/08\/imgi_61_O1CN01aWSNbC1NAKWK2zVaG_2217204891529-0-cib.jpg_d420ed235adf969c_fixed-500x433.jpg 500w, https:\/\/vestpetproducts.com\/wp-content\/uploads\/2025\/08\/imgi_61_O1CN01aWSNbC1NAKWK2zVaG_2217204891529-0-cib.jpg_d420ed235adf969c_fixed-300x260.jpg 300w, https:\/\/vestpetproducts.com\/wp-content\/uploads\/2025\/08\/imgi_61_O1CN01aWSNbC1NAKWK2zVaG_2217204891529-0-cib.jpg_d420ed235adf969c_fixed-768x664.jpg 768w, https:\/\/vestpetproducts.com\/wp-content\/uploads\/2025\/08\/imgi_61_O1CN01aWSNbC1NAKWK2zVaG_2217204891529-0-cib.jpg_d420ed235adf969c_fixed-14x12.jpg 14w, https:\/\/vestpetproducts.com\/wp-content\/uploads\/2025\/08\/imgi_61_O1CN01aWSNbC1NAKWK2zVaG_2217204891529-0-cib.jpg_d420ed235adf969c_fixed-87x75.jpg 87w, https:\/\/vestpetproducts.com\/wp-content\/uploads\/2025\/08\/imgi_61_O1CN01aWSNbC1NAKWK2zVaG_2217204891529-0-cib.jpg_d420ed235adf969c_fixed-480x415.jpg 480w, https:\/\/vestpetproducts.com\/wp-content\/uploads\/2025\/08\/imgi_61_O1CN01aWSNbC1NAKWK2zVaG_2217204891529-0-cib.jpg_d420ed235adf969c_fixed-800x692.jpg 800w\" sizes=\"auto, (max-width:767px) 480px, (max-width:1000px) 100vw, 1000px\" \/><\/p>","protected":false},"excerpt":{"rendered":"<p><img loading=\"lazy\" decoding=\"async\" class=\"wp-image-1928 alignleft\" src=\"http:\/\/vestpetproducts.com\/wp-content\/uploads\/2025\/08\/\u5fae\u4fe1\u622a\u56fe_20250815104723.jpg\" alt=\"\" width=\"618\" height=\"389\" srcset=\"https:\/\/vestpetproducts.com\/wp-content\/uploads\/2025\/08\/\u5fae\u4fe1\u622a\u56fe_20250815104723.jpg 735w, https:\/\/vestpetproducts.com\/wp-content\/uploads\/2025\/08\/\u5fae\u4fe1\u622a\u56fe_20250815104723-500x315.jpg 500w, https:\/\/vestpetproducts.com\/wp-content\/uploads\/2025\/08\/\u5fae\u4fe1\u622a\u56fe_20250815104723-300x189.jpg 300w, https:\/\/vestpetproducts.com\/wp-content\/uploads\/2025\/08\/\u5fae\u4fe1\u622a\u56fe_20250815104723-18x12.jpg 18w, https:\/\/vestpetproducts.com\/wp-content\/uploads\/2025\/08\/\u5fae\u4fe1\u622a\u56fe_20250815104723-119x75.jpg 119w, https:\/\/vestpetproducts.com\/wp-content\/uploads\/2025\/08\/\u5fae\u4fe1\u622a\u56fe_20250815104723-480x302.jpg 480w\" sizes=\"auto, (max-width:767px) 480px, 618px\" \/><\/p>","protected":false},"featured_media":1914,"template":"","meta":{"content-type":""},"product_brand":[],"product_cat":[17],"product_tag":[],"class_list":{"0":"post-1913","1":"product","2":"type-product","3":"status-publish","4":"has-post-thumbnail","6":"product_cat-pet-supplies","8":"first","9":"instock","10":"shipping-taxable","11":"product-type-simple"},"yoast_head":"<!-- This site is optimized with the Yoast SEO plugin v24.9 - https:\/\/yoast.com\/wordpress\/plugins\/seo\/ -->\n<title>Natural straw cat bed - Breathable and suitable for all seasons, detachable and washable cat bed, eco-friendly cat house - Shandong Vest International Trade Co., Ltd.<\/title>\n<meta name=\"robots\" content=\"index, follow, max-snippet:-1, max-image-preview:large, max-video-preview:-1\" \/>\n<link rel=\"canonical\" href=\"https:\/\/vestpetproducts.com\/pt\/produto\/natural-straw-cat-bed-breathable-and-suitable-for-all-seasons-detachable-and-washable-cat-bed-eco-friendly-cat-house\/\" \/>\n<meta property=\"og:locale\" content=\"pt_PT\" \/>\n<meta property=\"og:type\" content=\"article\" \/>\n<meta property=\"og:title\" content=\"Natural straw cat bed - Breathable and suitable for all seasons, detachable and washable cat bed, eco-friendly cat house - Shandong Vest International Trade Co., Ltd.\" \/>\n<meta property=\"og:url\" content=\"https:\/\/vestpetproducts.com\/pt\/produto\/natural-straw-cat-bed-breathable-and-suitable-for-all-seasons-detachable-and-washable-cat-bed-eco-friendly-cat-house\/\" \/>\n<meta property=\"og:site_name\" content=\"Shandong Vest International Trade Co., Ltd.\" \/>\n<meta property=\"og:image\" content=\"https:\/\/vestpetproducts.com\/wp-content\/uploads\/2025\/08\/imgi_23_O1CN01cduUJW1NAKWW2fFb9_2217204891529-0-cib.jpg_.jpg\" \/>\n\t<meta property=\"og:image:width\" content=\"1000\" \/>\n\t<meta property=\"og:image:height\" content=\"1000\" \/>\n\t<meta property=\"og:image:type\" content=\"image\/jpeg\" \/>\n<meta name=\"twitter:card\" content=\"summary_large_image\" \/>\n<meta name=\"twitter:label1\" content=\"Tempo estimado de leitura\" \/>\n\t<meta name=\"twitter:data1\" content=\"2 minutos\" \/>\n<script type=\"application\/ld+json\" class=\"yoast-schema-graph\">{\"@context\":\"https:\/\/schema.org\",\"@graph\":[{\"@type\":\"WebPage\",\"@id\":\"https:\/\/vestpetproducts.com\/product\/natural-straw-cat-bed-breathable-and-suitable-for-all-seasons-detachable-and-washable-cat-bed-eco-friendly-cat-house\/\",\"url\":\"https:\/\/vestpetproducts.com\/product\/natural-straw-cat-bed-breathable-and-suitable-for-all-seasons-detachable-and-washable-cat-bed-eco-friendly-cat-house\/\",\"name\":\"Natural straw cat bed - Breathable and suitable for all seasons, detachable and washable cat bed, eco-friendly cat house - Shandong Vest International Trade Co., Ltd.\",\"isPartOf\":{\"@id\":\"https:\/\/vestpetproducts.com\/#website\"},\"primaryImageOfPage\":{\"@id\":\"https:\/\/vestpetproducts.com\/product\/natural-straw-cat-bed-breathable-and-suitable-for-all-seasons-detachable-and-washable-cat-bed-eco-friendly-cat-house\/#primaryimage\"},\"image\":{\"@id\":\"https:\/\/vestpetproducts.com\/product\/natural-straw-cat-bed-breathable-and-suitable-for-all-seasons-detachable-and-washable-cat-bed-eco-friendly-cat-house\/#primaryimage\"},\"thumbnailUrl\":\"https:\/\/vestpetproducts.com\/wp-content\/uploads\/2025\/08\/imgi_23_O1CN01cduUJW1NAKWW2fFb9_2217204891529-0-cib.jpg_.jpg\",\"datePublished\":\"2025-08-15T02:51:31+00:00\",\"breadcrumb\":{\"@id\":\"https:\/\/vestpetproducts.com\/product\/natural-straw-cat-bed-breathable-and-suitable-for-all-seasons-detachable-and-washable-cat-bed-eco-friendly-cat-house\/#breadcrumb\"},\"inLanguage\":\"pt-PT\",\"potentialAction\":[{\"@type\":\"ReadAction\",\"target\":[\"https:\/\/vestpetproducts.com\/product\/natural-straw-cat-bed-breathable-and-suitable-for-all-seasons-detachable-and-washable-cat-bed-eco-friendly-cat-house\/\"]}]},{\"@type\":\"ImageObject\",\"inLanguage\":\"pt-PT\",\"@id\":\"https:\/\/vestpetproducts.com\/product\/natural-straw-cat-bed-breathable-and-suitable-for-all-seasons-detachable-and-washable-cat-bed-eco-friendly-cat-house\/#primaryimage\",\"url\":\"https:\/\/vestpetproducts.com\/wp-content\/uploads\/2025\/08\/imgi_23_O1CN01cduUJW1NAKWW2fFb9_2217204891529-0-cib.jpg_.jpg\",\"contentUrl\":\"https:\/\/vestpetproducts.com\/wp-content\/uploads\/2025\/08\/imgi_23_O1CN01cduUJW1NAKWW2fFb9_2217204891529-0-cib.jpg_.jpg\",\"width\":1000,\"height\":1000},{\"@type\":\"BreadcrumbList\",\"@id\":\"https:\/\/vestpetproducts.com\/product\/natural-straw-cat-bed-breathable-and-suitable-for-all-seasons-detachable-and-washable-cat-bed-eco-friendly-cat-house\/#breadcrumb\",\"itemListElement\":[{\"@type\":\"ListItem\",\"position\":1,\"name\":\"\u9996\u9875\",\"item\":\"https:\/\/vestpetproducts.com\/\"},{\"@type\":\"ListItem\",\"position\":2,\"name\":\"Product\",\"item\":\"https:\/\/vestpetproducts.com\/product\/\"},{\"@type\":\"ListItem\",\"position\":3,\"name\":\"Natural straw cat bed &#8211; Breathable and suitable for all seasons, detachable and washable cat bed, eco-friendly cat house\"}]},{\"@type\":\"WebSite\",\"@id\":\"https:\/\/vestpetproducts.com\/#website\",\"url\":\"https:\/\/vestpetproducts.com\/\",\"name\":\"Shandong Vest International Trade Co., Ltd.\",\"description\":\"Shandong Vest International Trade Co., Ltd.\",\"potentialAction\":[{\"@type\":\"SearchAction\",\"target\":{\"@type\":\"EntryPoint\",\"urlTemplate\":\"https:\/\/vestpetproducts.com\/?s={search_term_string}\"},\"query-input\":{\"@type\":\"PropertyValueSpecification\",\"valueRequired\":true,\"valueName\":\"search_term_string\"}}],\"inLanguage\":\"pt-PT\"}]}<\/script>\n<!-- \/ Yoast SEO plugin. -->","yoast_head_json":{"title":"Natural straw cat bed - Breathable and suitable for all seasons, detachable and washable cat bed, eco-friendly cat house - Shandong Vest International Trade Co., Ltd.","robots":{"index":"index","follow":"follow","max-snippet":"max-snippet:-1","max-image-preview":"max-image-preview:large","max-video-preview":"max-video-preview:-1"},"canonical":"https:\/\/vestpetproducts.com\/pt\/produto\/natural-straw-cat-bed-breathable-and-suitable-for-all-seasons-detachable-and-washable-cat-bed-eco-friendly-cat-house\/","og_locale":"pt_PT","og_type":"article","og_title":"Natural straw cat bed - Breathable and suitable for all seasons, detachable and washable cat bed, eco-friendly cat house - Shandong Vest International Trade Co., Ltd.","og_url":"https:\/\/vestpetproducts.com\/pt\/produto\/natural-straw-cat-bed-breathable-and-suitable-for-all-seasons-detachable-and-washable-cat-bed-eco-friendly-cat-house\/","og_site_name":"Shandong Vest International Trade Co., Ltd.","og_image":[{"width":1000,"height":1000,"url":"https:\/\/vestpetproducts.com\/wp-content\/uploads\/2025\/08\/imgi_23_O1CN01cduUJW1NAKWW2fFb9_2217204891529-0-cib.jpg_.jpg","type":"image\/jpeg"}],"twitter_card":"summary_large_image","twitter_misc":{"Tempo estimado de leitura":"2 minutos"},"schema":{"@context":"https:\/\/schema.org","@graph":[{"@type":"WebPage","@id":"https:\/\/vestpetproducts.com\/product\/natural-straw-cat-bed-breathable-and-suitable-for-all-seasons-detachable-and-washable-cat-bed-eco-friendly-cat-house\/","url":"https:\/\/vestpetproducts.com\/product\/natural-straw-cat-bed-breathable-and-suitable-for-all-seasons-detachable-and-washable-cat-bed-eco-friendly-cat-house\/","name":"Natural straw cat bed - Breathable and suitable for all seasons, detachable and washable cat bed, eco-friendly cat house - Shandong Vest International Trade Co., Ltd.","isPartOf":{"@id":"https:\/\/vestpetproducts.com\/#website"},"primaryImageOfPage":{"@id":"https:\/\/vestpetproducts.com\/product\/natural-straw-cat-bed-breathable-and-suitable-for-all-seasons-detachable-and-washable-cat-bed-eco-friendly-cat-house\/#primaryimage"},"image":{"@id":"https:\/\/vestpetproducts.com\/product\/natural-straw-cat-bed-breathable-and-suitable-for-all-seasons-detachable-and-washable-cat-bed-eco-friendly-cat-house\/#primaryimage"},"thumbnailUrl":"https:\/\/vestpetproducts.com\/wp-content\/uploads\/2025\/08\/imgi_23_O1CN01cduUJW1NAKWW2fFb9_2217204891529-0-cib.jpg_.jpg","datePublished":"2025-08-15T02:51:31+00:00","breadcrumb":{"@id":"https:\/\/vestpetproducts.com\/product\/natural-straw-cat-bed-breathable-and-suitable-for-all-seasons-detachable-and-washable-cat-bed-eco-friendly-cat-house\/#breadcrumb"},"inLanguage":"pt-PT","potentialAction":[{"@type":"ReadAction","target":["https:\/\/vestpetproducts.com\/product\/natural-straw-cat-bed-breathable-and-suitable-for-all-seasons-detachable-and-washable-cat-bed-eco-friendly-cat-house\/"]}]},{"@type":"ImageObject","inLanguage":"pt-PT","@id":"https:\/\/vestpetproducts.com\/product\/natural-straw-cat-bed-breathable-and-suitable-for-all-seasons-detachable-and-washable-cat-bed-eco-friendly-cat-house\/#primaryimage","url":"https:\/\/vestpetproducts.com\/wp-content\/uploads\/2025\/08\/imgi_23_O1CN01cduUJW1NAKWW2fFb9_2217204891529-0-cib.jpg_.jpg","contentUrl":"https:\/\/vestpetproducts.com\/wp-content\/uploads\/2025\/08\/imgi_23_O1CN01cduUJW1NAKWW2fFb9_2217204891529-0-cib.jpg_.jpg","width":1000,"height":1000},{"@type":"BreadcrumbList","@id":"https:\/\/vestpetproducts.com\/product\/natural-straw-cat-bed-breathable-and-suitable-for-all-seasons-detachable-and-washable-cat-bed-eco-friendly-cat-house\/#breadcrumb","itemListElement":[{"@type":"ListItem","position":1,"name":"\u9996\u9875","item":"https:\/\/vestpetproducts.com\/"},{"@type":"ListItem","position":2,"name":"Product","item":"https:\/\/vestpetproducts.com\/product\/"},{"@type":"ListItem","position":3,"name":"Natural straw cat bed &#8211; Breathable and suitable for all seasons, detachable and washable cat bed, eco-friendly cat house"}]},{"@type":"WebSite","@id":"https:\/\/vestpetproducts.com\/#website","url":"https:\/\/vestpetproducts.com\/","name":"Shandong Vest International Trade Co., Ltd.","description":"Shandong Vest International Trade Co., Ltd.","potentialAction":[{"@type":"SearchAction","target":{"@type":"EntryPoint","urlTemplate":"https:\/\/vestpetproducts.com\/?s={search_term_string}"},"query-input":{"@type":"PropertyValueSpecification","valueRequired":true,"valueName":"search_term_string"}}],"inLanguage":"pt-PT"}]}},"_links":{"self":[{"href":"https:\/\/vestpetproducts.com\/pt\/wp-json\/wp\/v2\/product\/1913","targetHints":{"allow":["GET"]}}],"collection":[{"href":"https:\/\/vestpetproducts.com\/pt\/wp-json\/wp\/v2\/product"}],"about":[{"href":"https:\/\/vestpetproducts.com\/pt\/wp-json\/wp\/v2\/types\/product"}],"wp:featuredmedia":[{"embeddable":true,"href":"https:\/\/vestpetproducts.com\/pt\/wp-json\/wp\/v2\/media\/1914"}],"wp:attachment":[{"href":"https:\/\/vestpetproducts.com\/pt\/wp-json\/wp\/v2\/media?parent=1913"}],"wp:term":[{"taxonomy":"product_brand","embeddable":true,"href":"https:\/\/vestpetproducts.com\/pt\/wp-json\/wp\/v2\/product_brand?post=1913"},{"taxonomy":"product_cat","embeddable":true,"href":"https:\/\/vestpetproducts.com\/pt\/wp-json\/wp\/v2\/product_cat?post=1913"},{"taxonomy":"product_tag","embeddable":true,"href":"https:\/\/vestpetproducts.com\/pt\/wp-json\/wp\/v2\/product_tag?post=1913"}],"curies":[{"name":"wp","href":"https:\/\/api.w.org\/{rel}","templated":true}]}}