{"id":1888,"date":"2025-08-12T03:23:56","date_gmt":"2025-08-12T03:23:56","guid":{"rendered":"https:\/\/vestpetproducts.com\/?post_type=product&#038;p=1888"},"modified":"2025-08-15T02:37:52","modified_gmt":"2025-08-15T02:37:52","slug":"cat-hammock-cat-climbing-frame-window-glass-balcony-air-suspended-suction-cup-hanging-nest-sunbathing-tool-cat-supplies","status":"publish","type":"product","link":"https:\/\/vestpetproducts.com\/pt\/produto\/cat-hammock-cat-climbing-frame-window-glass-balcony-air-suspended-suction-cup-hanging-nest-sunbathing-tool-cat-supplies\/","title":{"rendered":"Rede de janela para gatos \u2013 Cama suspensa com ventosa para banhos de sol e escalada"},"content":{"rendered":"<p><img loading=\"lazy\" decoding=\"async\" class=\"wp-image-1894 aligncenter\" src=\"http:\/\/vestpetproducts.com\/wp-content\/uploads\/2025\/08\/1-3-500x484.jpg\" alt=\"\" width=\"829\" height=\"802\" srcset=\"https:\/\/vestpetproducts.com\/wp-content\/uploads\/2025\/08\/1-3-500x484.jpg 500w, https:\/\/vestpetproducts.com\/wp-content\/uploads\/2025\/08\/1-3-300x290.jpg 300w, https:\/\/vestpetproducts.com\/wp-content\/uploads\/2025\/08\/1-3-12x12.jpg 12w, https:\/\/vestpetproducts.com\/wp-content\/uploads\/2025\/08\/1-3-77x75.jpg 77w, https:\/\/vestpetproducts.com\/wp-content\/uploads\/2025\/08\/1-3-480x465.jpg 480w, https:\/\/vestpetproducts.com\/wp-content\/uploads\/2025\/08\/1-3.jpg 750w\" sizes=\"auto, (max-width:767px) 480px, (max-width:829px) 100vw, 829px\" \/> <img loading=\"lazy\" decoding=\"async\" class=\"wp-image-1895 aligncenter\" src=\"http:\/\/vestpetproducts.com\/wp-content\/uploads\/2025\/08\/2-3-355x500.jpg\" alt=\"\" width=\"837\" height=\"1179\" srcset=\"https:\/\/vestpetproducts.com\/wp-content\/uploads\/2025\/08\/2-3-355x500.jpg 355w, https:\/\/vestpetproducts.com\/wp-content\/uploads\/2025\/08\/2-3-213x300.jpg 213w, https:\/\/vestpetproducts.com\/wp-content\/uploads\/2025\/08\/2-3-9x12.jpg 9w, https:\/\/vestpetproducts.com\/wp-content\/uploads\/2025\/08\/2-3-53x75.jpg 53w, https:\/\/vestpetproducts.com\/wp-content\/uploads\/2025\/08\/2-3-480x675.jpg 480w, https:\/\/vestpetproducts.com\/wp-content\/uploads\/2025\/08\/2-3.jpg 750w\" sizes=\"auto, (max-width:767px) 480px, (max-width:837px) 100vw, 837px\" \/> <img loading=\"lazy\" decoding=\"async\" class=\"wp-image-1896 aligncenter\" src=\"http:\/\/vestpetproducts.com\/wp-content\/uploads\/2025\/08\/3-3-500x402.jpg\" alt=\"\" width=\"811\" height=\"652\" srcset=\"https:\/\/vestpetproducts.com\/wp-content\/uploads\/2025\/08\/3-3-500x402.jpg 500w, https:\/\/vestpetproducts.com\/wp-content\/uploads\/2025\/08\/3-3-300x241.jpg 300w, https:\/\/vestpetproducts.com\/wp-content\/uploads\/2025\/08\/3-3-15x12.jpg 15w, https:\/\/vestpetproducts.com\/wp-content\/uploads\/2025\/08\/3-3-93x75.jpg 93w, https:\/\/vestpetproducts.com\/wp-content\/uploads\/2025\/08\/3-3-480x386.jpg 480w, https:\/\/vestpetproducts.com\/wp-content\/uploads\/2025\/08\/3-3.jpg 750w\" sizes=\"auto, (max-width:767px) 480px, (max-width:811px) 100vw, 811px\" \/> <img loading=\"lazy\" decoding=\"async\" class=\"wp-image-1897 aligncenter\" src=\"http:\/\/vestpetproducts.com\/wp-content\/uploads\/2025\/08\/4-3-383x500.jpg\" alt=\"\" width=\"793\" height=\"1035\" srcset=\"https:\/\/vestpetproducts.com\/wp-content\/uploads\/2025\/08\/4-3-383x500.jpg 383w, https:\/\/vestpetproducts.com\/wp-content\/uploads\/2025\/08\/4-3-230x300.jpg 230w, https:\/\/vestpetproducts.com\/wp-content\/uploads\/2025\/08\/4-3-9x12.jpg 9w, https:\/\/vestpetproducts.com\/wp-content\/uploads\/2025\/08\/4-3-58x75.jpg 58w, https:\/\/vestpetproducts.com\/wp-content\/uploads\/2025\/08\/4-3-480x626.jpg 480w, https:\/\/vestpetproducts.com\/wp-content\/uploads\/2025\/08\/4-3.jpg 750w\" sizes=\"auto, (max-width:767px) 480px, (max-width:793px) 100vw, 793px\" \/> <img loading=\"lazy\" decoding=\"async\" class=\"wp-image-1898 aligncenter\" src=\"http:\/\/vestpetproducts.com\/wp-content\/uploads\/2025\/08\/5-3-318x500.jpg\" alt=\"\" width=\"796\" height=\"1252\" srcset=\"https:\/\/vestpetproducts.com\/wp-content\/uploads\/2025\/08\/5-3-318x500.jpg 318w, https:\/\/vestpetproducts.com\/wp-content\/uploads\/2025\/08\/5-3-763x1200.jpg 763w, https:\/\/vestpetproducts.com\/wp-content\/uploads\/2025\/08\/5-3-191x300.jpg 191w, https:\/\/vestpetproducts.com\/wp-content\/uploads\/2025\/08\/5-3-768x1207.jpg 768w, https:\/\/vestpetproducts.com\/wp-content\/uploads\/2025\/08\/5-3-8x12.jpg 8w, https:\/\/vestpetproducts.com\/wp-content\/uploads\/2025\/08\/5-3-48x75.jpg 48w, https:\/\/vestpetproducts.com\/wp-content\/uploads\/2025\/08\/5-3-480x755.jpg 480w, https:\/\/vestpetproducts.com\/wp-content\/uploads\/2025\/08\/5-3.jpg 790w\" sizes=\"auto, (max-width:767px) 480px, (max-width:796px) 100vw, 796px\" \/> <img loading=\"lazy\" decoding=\"async\" class=\"wp-image-1899 aligncenter\" src=\"http:\/\/vestpetproducts.com\/wp-content\/uploads\/2025\/08\/6-3-281x500.jpg\" alt=\"\" width=\"798\" height=\"1420\" srcset=\"https:\/\/vestpetproducts.com\/wp-content\/uploads\/2025\/08\/6-3-281x500.jpg 281w, https:\/\/vestpetproducts.com\/wp-content\/uploads\/2025\/08\/6-3-675x1200.jpg 675w, https:\/\/vestpetproducts.com\/wp-content\/uploads\/2025\/08\/6-3-169x300.jpg 169w, https:\/\/vestpetproducts.com\/wp-content\/uploads\/2025\/08\/6-3-864x1536.jpg 864w, https:\/\/vestpetproducts.com\/wp-content\/uploads\/2025\/08\/6-3-7x12.jpg 7w, https:\/\/vestpetproducts.com\/wp-content\/uploads\/2025\/08\/6-3-42x75.jpg 42w, https:\/\/vestpetproducts.com\/wp-content\/uploads\/2025\/08\/6-3-480x853.jpg 480w, https:\/\/vestpetproducts.com\/wp-content\/uploads\/2025\/08\/6-3.jpg 1080w\" sizes=\"auto, (max-width:767px) 480px, (max-width:798px) 100vw, 798px\" \/> <img loading=\"lazy\" decoding=\"async\" class=\"wp-image-1900 aligncenter\" src=\"http:\/\/vestpetproducts.com\/wp-content\/uploads\/2025\/08\/7-3-500x281.jpg\" alt=\"\" width=\"798\" height=\"448\" srcset=\"https:\/\/vestpetproducts.com\/wp-content\/uploads\/2025\/08\/7-3-500x281.jpg 500w, https:\/\/vestpetproducts.com\/wp-content\/uploads\/2025\/08\/7-3-1200x675.jpg 1200w, https:\/\/vestpetproducts.com\/wp-content\/uploads\/2025\/08\/7-3-300x169.jpg 300w, https:\/\/vestpetproducts.com\/wp-content\/uploads\/2025\/08\/7-3-768x432.jpg 768w, https:\/\/vestpetproducts.com\/wp-content\/uploads\/2025\/08\/7-3-1536x864.jpg 1536w, https:\/\/vestpetproducts.com\/wp-content\/uploads\/2025\/08\/7-3-18x10.jpg 18w, https:\/\/vestpetproducts.com\/wp-content\/uploads\/2025\/08\/7-3-133x75.jpg 133w, https:\/\/vestpetproducts.com\/wp-content\/uploads\/2025\/08\/7-3-480x270.jpg 480w, https:\/\/vestpetproducts.com\/wp-content\/uploads\/2025\/08\/7-3-800x450.jpg 800w, https:\/\/vestpetproducts.com\/wp-content\/uploads\/2025\/08\/7-3.jpg 1920w\" sizes=\"auto, (max-width:767px) 480px, (max-width:798px) 100vw, 798px\" \/><\/p>","protected":false},"excerpt":{"rendered":"<p>Dobr\u00e1vel e compacta: esta rede para gatos foi projetada para ser dobr\u00e1vel, pr\u00e1tica e f\u00e1cil de manter. Quando n\u00e3o estiver em uso, basta dobr\u00e1-la sem remov\u00ea-la completamente. Quando em uso, basta desdobr\u00e1-la para economizar espa\u00e7o sem atrapalhar sua rotina. Quando instalada em uma janela, ela n\u00e3o ocupa espa\u00e7o \u2014 basta dobr\u00e1-la ao fechar as cortinas.<br \/>\nVentosas fortes: A rede para gatos AMOSIJOY \u00e9 instalada com ventosas no vidro. Ela pode ser fixada com seguran\u00e7a na janela usando 4 ventosas fortes. Al\u00e9m disso, uma escada feita com 2 a 3 redes \u00e9 adequada para gatos que gostam de escalar.<br \/>\nCapa dupla face com tecido duplo: cada cama para gatos vem com uma capa feita de dois tecidos diferentes. Voc\u00ea pode facilmente trocar as capas para se adaptar \u00e0s diferentes esta\u00e7\u00f5es e temperaturas do ambiente. Uma delas \u00e9 uma camada de malha respir\u00e1vel que ajuda a dissipar o calor. A outra \u00e9 uma pel\u00facia macia de pele sint\u00e9tica de coelho que ajuda a manter seu gato aquecido. Ambas s\u00e3o resistentes a mordidas, arranh\u00f5es e livres de odores qu\u00edmicos. Os gatos podem se entreter livremente nesta cama confort\u00e1vel. A capa de tecido tamb\u00e9m pode ser removida para lavagem.<br \/>\nPoleiro de janela 360\u00b0: Os gatos adoram o calor, o que os torna ideais para tomar sol e aproveitar o sol. Eles tamb\u00e9m podem se divertir subindo e descendo na rede, com uma vista de 360\u00b0 do entorno. Em uma tarde ensolarada, aproveite um momento de pregui\u00e7a com seu gato dormindo.<\/p>","protected":false},"featured_media":1889,"template":"","meta":{"content-type":""},"product_brand":[],"product_cat":[17],"product_tag":[],"class_list":{"0":"post-1888","1":"product","2":"type-product","3":"status-publish","4":"has-post-thumbnail","6":"product_cat-pet-supplies","8":"first","9":"instock","10":"shipping-taxable","11":"product-type-simple"},"yoast_head":"<!-- This site is optimized with the Yoast SEO plugin v24.9 - https:\/\/yoast.com\/wordpress\/plugins\/seo\/ -->\n<title>Cat Window Perch Hammock \u2013 Suction Cup Hanging Bed for Sunbathing &amp; Climbing - Shandong Vest International Trade Co., Ltd.<\/title>\n<meta name=\"robots\" content=\"index, follow, max-snippet:-1, max-image-preview:large, max-video-preview:-1\" \/>\n<link rel=\"canonical\" href=\"https:\/\/vestpetproducts.com\/pt\/produto\/cat-hammock-cat-climbing-frame-window-glass-balcony-air-suspended-suction-cup-hanging-nest-sunbathing-tool-cat-supplies\/\" \/>\n<meta property=\"og:locale\" content=\"pt_PT\" \/>\n<meta property=\"og:type\" content=\"article\" \/>\n<meta property=\"og:title\" content=\"Cat Window Perch Hammock \u2013 Suction Cup Hanging Bed for Sunbathing &amp; Climbing - Shandong Vest International Trade Co., Ltd.\" \/>\n<meta property=\"og:description\" content=\"Foldable and space-saving: This cat hammock is designed to be foldable, convenient, and easy to maintain. When not in use, simply fold it up without removing it entirely. When in use, simply unfold it to save space without disrupting your daily life. When installed on a window, it does not occupy space\u2014simply fold it up when pulling the curtains. Strong suction cups: The AMOSIJOY cat hammock is installed by attaching suction cups to the glass. It can be securely installed on the window using 4 strong suction cups. Additionally, a DIY ladder made from 2\u20133 hammocks is suitable for cats that enjoy climbing. Double-sided, dual-fabric cover: Each cat bed comes with a cover made from two different fabrics. You can easily switch the covers to suit different seasons and room temperatures. One is a breathable mesh layer that helps dissipate heat. The other is a soft synthetic rabbit fur plush that helps keep your cat warm. Both are bite-resistant, scratch-resistant, and free of chemical odors. Cats can freely entertain themselves on this comfortable bed. The fabric cover can also be removed for washing. 360\u00b0 Window Perch: Cats love warmth, making it ideal for them to sunbathe and enjoy the sunshine. They can also enjoy the fun of climbing up and down the hammock, with a 360\u00b0 view of their surroundings. On a sunny afternoon, enjoy a lazy moment with your sleeping cat.\" \/>\n<meta property=\"og:url\" content=\"https:\/\/vestpetproducts.com\/pt\/produto\/cat-hammock-cat-climbing-frame-window-glass-balcony-air-suspended-suction-cup-hanging-nest-sunbathing-tool-cat-supplies\/\" \/>\n<meta property=\"og:site_name\" content=\"Shandong Vest International Trade Co., Ltd.\" \/>\n<meta property=\"article:modified_time\" content=\"2025-08-15T02:37:52+00:00\" \/>\n<meta property=\"og:image\" content=\"https:\/\/vestpetproducts.com\/wp-content\/uploads\/2025\/08\/O1CN01t863fR1Hl4Su3r2rH_2210108850797-0-cib.jpg\" \/>\n\t<meta property=\"og:image:width\" content=\"749\" \/>\n\t<meta property=\"og:image:height\" content=\"752\" \/>\n\t<meta property=\"og:image:type\" content=\"image\/jpeg\" \/>\n<meta name=\"twitter:card\" content=\"summary_large_image\" \/>\n<meta name=\"twitter:label1\" content=\"Tempo estimado de leitura\" \/>\n\t<meta name=\"twitter:data1\" content=\"2 minutos\" \/>\n<script type=\"application\/ld+json\" class=\"yoast-schema-graph\">{\"@context\":\"https:\/\/schema.org\",\"@graph\":[{\"@type\":\"WebPage\",\"@id\":\"https:\/\/vestpetproducts.com\/product\/cat-hammock-cat-climbing-frame-window-glass-balcony-air-suspended-suction-cup-hanging-nest-sunbathing-tool-cat-supplies\/\",\"url\":\"https:\/\/vestpetproducts.com\/product\/cat-hammock-cat-climbing-frame-window-glass-balcony-air-suspended-suction-cup-hanging-nest-sunbathing-tool-cat-supplies\/\",\"name\":\"Cat Window Perch Hammock \u2013 Suction Cup Hanging Bed for Sunbathing & Climbing - Shandong Vest International Trade Co., Ltd.\",\"isPartOf\":{\"@id\":\"https:\/\/vestpetproducts.com\/#website\"},\"primaryImageOfPage\":{\"@id\":\"https:\/\/vestpetproducts.com\/product\/cat-hammock-cat-climbing-frame-window-glass-balcony-air-suspended-suction-cup-hanging-nest-sunbathing-tool-cat-supplies\/#primaryimage\"},\"image\":{\"@id\":\"https:\/\/vestpetproducts.com\/product\/cat-hammock-cat-climbing-frame-window-glass-balcony-air-suspended-suction-cup-hanging-nest-sunbathing-tool-cat-supplies\/#primaryimage\"},\"thumbnailUrl\":\"https:\/\/vestpetproducts.com\/wp-content\/uploads\/2025\/08\/O1CN01t863fR1Hl4Su3r2rH_2210108850797-0-cib.jpg\",\"datePublished\":\"2025-08-12T03:23:56+00:00\",\"dateModified\":\"2025-08-15T02:37:52+00:00\",\"breadcrumb\":{\"@id\":\"https:\/\/vestpetproducts.com\/product\/cat-hammock-cat-climbing-frame-window-glass-balcony-air-suspended-suction-cup-hanging-nest-sunbathing-tool-cat-supplies\/#breadcrumb\"},\"inLanguage\":\"pt-PT\",\"potentialAction\":[{\"@type\":\"ReadAction\",\"target\":[\"https:\/\/vestpetproducts.com\/product\/cat-hammock-cat-climbing-frame-window-glass-balcony-air-suspended-suction-cup-hanging-nest-sunbathing-tool-cat-supplies\/\"]}]},{\"@type\":\"ImageObject\",\"inLanguage\":\"pt-PT\",\"@id\":\"https:\/\/vestpetproducts.com\/product\/cat-hammock-cat-climbing-frame-window-glass-balcony-air-suspended-suction-cup-hanging-nest-sunbathing-tool-cat-supplies\/#primaryimage\",\"url\":\"https:\/\/vestpetproducts.com\/wp-content\/uploads\/2025\/08\/O1CN01t863fR1Hl4Su3r2rH_2210108850797-0-cib.jpg\",\"contentUrl\":\"https:\/\/vestpetproducts.com\/wp-content\/uploads\/2025\/08\/O1CN01t863fR1Hl4Su3r2rH_2210108850797-0-cib.jpg\",\"width\":749,\"height\":752},{\"@type\":\"BreadcrumbList\",\"@id\":\"https:\/\/vestpetproducts.com\/product\/cat-hammock-cat-climbing-frame-window-glass-balcony-air-suspended-suction-cup-hanging-nest-sunbathing-tool-cat-supplies\/#breadcrumb\",\"itemListElement\":[{\"@type\":\"ListItem\",\"position\":1,\"name\":\"\u9996\u9875\",\"item\":\"https:\/\/vestpetproducts.com\/\"},{\"@type\":\"ListItem\",\"position\":2,\"name\":\"Product\",\"item\":\"https:\/\/vestpetproducts.com\/product\/\"},{\"@type\":\"ListItem\",\"position\":3,\"name\":\"Cat Window Perch Hammock \u2013 Suction Cup Hanging Bed for Sunbathing &#038; Climbing\"}]},{\"@type\":\"WebSite\",\"@id\":\"https:\/\/vestpetproducts.com\/#website\",\"url\":\"https:\/\/vestpetproducts.com\/\",\"name\":\"Shandong Vest International Trade Co., Ltd.\",\"description\":\"Shandong Vest International Trade Co., Ltd.\",\"potentialAction\":[{\"@type\":\"SearchAction\",\"target\":{\"@type\":\"EntryPoint\",\"urlTemplate\":\"https:\/\/vestpetproducts.com\/?s={search_term_string}\"},\"query-input\":{\"@type\":\"PropertyValueSpecification\",\"valueRequired\":true,\"valueName\":\"search_term_string\"}}],\"inLanguage\":\"pt-PT\"}]}<\/script>\n<!-- \/ Yoast SEO plugin. -->","yoast_head_json":{"title":"Cat Window Perch Hammock \u2013 Suction Cup Hanging Bed for Sunbathing & Climbing - Shandong Vest International Trade Co., Ltd.","robots":{"index":"index","follow":"follow","max-snippet":"max-snippet:-1","max-image-preview":"max-image-preview:large","max-video-preview":"max-video-preview:-1"},"canonical":"https:\/\/vestpetproducts.com\/pt\/produto\/cat-hammock-cat-climbing-frame-window-glass-balcony-air-suspended-suction-cup-hanging-nest-sunbathing-tool-cat-supplies\/","og_locale":"pt_PT","og_type":"article","og_title":"Cat Window Perch Hammock \u2013 Suction Cup Hanging Bed for Sunbathing & Climbing - Shandong Vest International Trade Co., Ltd.","og_description":"Foldable and space-saving: This cat hammock is designed to be foldable, convenient, and easy to maintain. When not in use, simply fold it up without removing it entirely. When in use, simply unfold it to save space without disrupting your daily life. When installed on a window, it does not occupy space\u2014simply fold it up when pulling the curtains. Strong suction cups: The AMOSIJOY cat hammock is installed by attaching suction cups to the glass. It can be securely installed on the window using 4 strong suction cups. Additionally, a DIY ladder made from 2\u20133 hammocks is suitable for cats that enjoy climbing. Double-sided, dual-fabric cover: Each cat bed comes with a cover made from two different fabrics. You can easily switch the covers to suit different seasons and room temperatures. One is a breathable mesh layer that helps dissipate heat. The other is a soft synthetic rabbit fur plush that helps keep your cat warm. Both are bite-resistant, scratch-resistant, and free of chemical odors. Cats can freely entertain themselves on this comfortable bed. The fabric cover can also be removed for washing. 360\u00b0 Window Perch: Cats love warmth, making it ideal for them to sunbathe and enjoy the sunshine. They can also enjoy the fun of climbing up and down the hammock, with a 360\u00b0 view of their surroundings. On a sunny afternoon, enjoy a lazy moment with your sleeping cat.","og_url":"https:\/\/vestpetproducts.com\/pt\/produto\/cat-hammock-cat-climbing-frame-window-glass-balcony-air-suspended-suction-cup-hanging-nest-sunbathing-tool-cat-supplies\/","og_site_name":"Shandong Vest International Trade Co., Ltd.","article_modified_time":"2025-08-15T02:37:52+00:00","og_image":[{"width":749,"height":752,"url":"https:\/\/vestpetproducts.com\/wp-content\/uploads\/2025\/08\/O1CN01t863fR1Hl4Su3r2rH_2210108850797-0-cib.jpg","type":"image\/jpeg"}],"twitter_card":"summary_large_image","twitter_misc":{"Tempo estimado de leitura":"2 minutos"},"schema":{"@context":"https:\/\/schema.org","@graph":[{"@type":"WebPage","@id":"https:\/\/vestpetproducts.com\/product\/cat-hammock-cat-climbing-frame-window-glass-balcony-air-suspended-suction-cup-hanging-nest-sunbathing-tool-cat-supplies\/","url":"https:\/\/vestpetproducts.com\/product\/cat-hammock-cat-climbing-frame-window-glass-balcony-air-suspended-suction-cup-hanging-nest-sunbathing-tool-cat-supplies\/","name":"Cat Window Perch Hammock \u2013 Suction Cup Hanging Bed for Sunbathing & Climbing - Shandong Vest International Trade Co., Ltd.","isPartOf":{"@id":"https:\/\/vestpetproducts.com\/#website"},"primaryImageOfPage":{"@id":"https:\/\/vestpetproducts.com\/product\/cat-hammock-cat-climbing-frame-window-glass-balcony-air-suspended-suction-cup-hanging-nest-sunbathing-tool-cat-supplies\/#primaryimage"},"image":{"@id":"https:\/\/vestpetproducts.com\/product\/cat-hammock-cat-climbing-frame-window-glass-balcony-air-suspended-suction-cup-hanging-nest-sunbathing-tool-cat-supplies\/#primaryimage"},"thumbnailUrl":"https:\/\/vestpetproducts.com\/wp-content\/uploads\/2025\/08\/O1CN01t863fR1Hl4Su3r2rH_2210108850797-0-cib.jpg","datePublished":"2025-08-12T03:23:56+00:00","dateModified":"2025-08-15T02:37:52+00:00","breadcrumb":{"@id":"https:\/\/vestpetproducts.com\/product\/cat-hammock-cat-climbing-frame-window-glass-balcony-air-suspended-suction-cup-hanging-nest-sunbathing-tool-cat-supplies\/#breadcrumb"},"inLanguage":"pt-PT","potentialAction":[{"@type":"ReadAction","target":["https:\/\/vestpetproducts.com\/product\/cat-hammock-cat-climbing-frame-window-glass-balcony-air-suspended-suction-cup-hanging-nest-sunbathing-tool-cat-supplies\/"]}]},{"@type":"ImageObject","inLanguage":"pt-PT","@id":"https:\/\/vestpetproducts.com\/product\/cat-hammock-cat-climbing-frame-window-glass-balcony-air-suspended-suction-cup-hanging-nest-sunbathing-tool-cat-supplies\/#primaryimage","url":"https:\/\/vestpetproducts.com\/wp-content\/uploads\/2025\/08\/O1CN01t863fR1Hl4Su3r2rH_2210108850797-0-cib.jpg","contentUrl":"https:\/\/vestpetproducts.com\/wp-content\/uploads\/2025\/08\/O1CN01t863fR1Hl4Su3r2rH_2210108850797-0-cib.jpg","width":749,"height":752},{"@type":"BreadcrumbList","@id":"https:\/\/vestpetproducts.com\/product\/cat-hammock-cat-climbing-frame-window-glass-balcony-air-suspended-suction-cup-hanging-nest-sunbathing-tool-cat-supplies\/#breadcrumb","itemListElement":[{"@type":"ListItem","position":1,"name":"\u9996\u9875","item":"https:\/\/vestpetproducts.com\/"},{"@type":"ListItem","position":2,"name":"Product","item":"https:\/\/vestpetproducts.com\/product\/"},{"@type":"ListItem","position":3,"name":"Cat Window Perch Hammock \u2013 Suction Cup Hanging Bed for Sunbathing &#038; Climbing"}]},{"@type":"WebSite","@id":"https:\/\/vestpetproducts.com\/#website","url":"https:\/\/vestpetproducts.com\/","name":"Shandong Vest International Trade Co., Ltd.","description":"Shandong Vest International Trade Co., Ltd.","potentialAction":[{"@type":"SearchAction","target":{"@type":"EntryPoint","urlTemplate":"https:\/\/vestpetproducts.com\/?s={search_term_string}"},"query-input":{"@type":"PropertyValueSpecification","valueRequired":true,"valueName":"search_term_string"}}],"inLanguage":"pt-PT"}]}},"_links":{"self":[{"href":"https:\/\/vestpetproducts.com\/pt\/wp-json\/wp\/v2\/product\/1888","targetHints":{"allow":["GET"]}}],"collection":[{"href":"https:\/\/vestpetproducts.com\/pt\/wp-json\/wp\/v2\/product"}],"about":[{"href":"https:\/\/vestpetproducts.com\/pt\/wp-json\/wp\/v2\/types\/product"}],"wp:featuredmedia":[{"embeddable":true,"href":"https:\/\/vestpetproducts.com\/pt\/wp-json\/wp\/v2\/media\/1889"}],"wp:attachment":[{"href":"https:\/\/vestpetproducts.com\/pt\/wp-json\/wp\/v2\/media?parent=1888"}],"wp:term":[{"taxonomy":"product_brand","embeddable":true,"href":"https:\/\/vestpetproducts.com\/pt\/wp-json\/wp\/v2\/product_brand?post=1888"},{"taxonomy":"product_cat","embeddable":true,"href":"https:\/\/vestpetproducts.com\/pt\/wp-json\/wp\/v2\/product_cat?post=1888"},{"taxonomy":"product_tag","embeddable":true,"href":"https:\/\/vestpetproducts.com\/pt\/wp-json\/wp\/v2\/product_tag?post=1888"}],"curies":[{"name":"wp","href":"https:\/\/api.w.org\/{rel}","templated":true}]}}