{"id":1870,"date":"2025-08-12T03:03:23","date_gmt":"2025-08-12T03:03:23","guid":{"rendered":"https:\/\/vestpetproducts.com\/?post_type=product&#038;p=1870"},"modified":"2025-08-15T02:08:47","modified_gmt":"2025-08-15T02:08:47","slug":"bowl-shaped-cat-scratching-board-cat-corrugated-cardboard-scratching-board-sleeping-nest-wear-resistant-and-scratch-resistant-universal-cat-nest","status":"publish","type":"product","link":"https:\/\/vestpetproducts.com\/pt\/produto\/bowl-shaped-cat-scratching-board-cat-corrugated-cardboard-scratching-board-sleeping-nest-wear-resistant-and-scratch-resistant-universal-cat-nest\/","title":{"rendered":"Tigela arranhadora para gatos \u2013 Arranhador e cama de papel\u00e3o"},"content":{"rendered":"<p><img loading=\"lazy\" decoding=\"async\" class=\"wp-image-1875 aligncenter\" src=\"http:\/\/vestpetproducts.com\/wp-content\/uploads\/2025\/08\/1-2-381x500.jpg\" alt=\"\" width=\"800\" height=\"1049\" srcset=\"https:\/\/vestpetproducts.com\/wp-content\/uploads\/2025\/08\/1-2-381x500.jpg 381w, https:\/\/vestpetproducts.com\/wp-content\/uploads\/2025\/08\/1-2-229x300.jpg 229w, https:\/\/vestpetproducts.com\/wp-content\/uploads\/2025\/08\/1-2-9x12.jpg 9w, https:\/\/vestpetproducts.com\/wp-content\/uploads\/2025\/08\/1-2-57x75.jpg 57w, https:\/\/vestpetproducts.com\/wp-content\/uploads\/2025\/08\/1-2-480x630.jpg 480w, https:\/\/vestpetproducts.com\/wp-content\/uploads\/2025\/08\/1-2.jpg 750w\" sizes=\"auto, (max-width:767px) 480px, (max-width:800px) 100vw, 800px\" \/> <img loading=\"lazy\" decoding=\"async\" class=\"wp-image-1876 aligncenter\" src=\"http:\/\/vestpetproducts.com\/wp-content\/uploads\/2025\/08\/2-2-314x500.jpg\" alt=\"\" width=\"803\" height=\"1279\" srcset=\"https:\/\/vestpetproducts.com\/wp-content\/uploads\/2025\/08\/2-2-314x500.jpg 314w, https:\/\/vestpetproducts.com\/wp-content\/uploads\/2025\/08\/2-2-188x300.jpg 188w, https:\/\/vestpetproducts.com\/wp-content\/uploads\/2025\/08\/2-2-8x12.jpg 8w, https:\/\/vestpetproducts.com\/wp-content\/uploads\/2025\/08\/2-2-47x75.jpg 47w, https:\/\/vestpetproducts.com\/wp-content\/uploads\/2025\/08\/2-2-480x764.jpg 480w, https:\/\/vestpetproducts.com\/wp-content\/uploads\/2025\/08\/2-2.jpg 750w\" sizes=\"auto, (max-width:767px) 480px, (max-width:803px) 100vw, 803px\" \/> <img loading=\"lazy\" decoding=\"async\" class=\"wp-image-1877 aligncenter\" src=\"http:\/\/vestpetproducts.com\/wp-content\/uploads\/2025\/08\/3-2-352x500.jpg\" alt=\"\" width=\"814\" height=\"1156\" srcset=\"https:\/\/vestpetproducts.com\/wp-content\/uploads\/2025\/08\/3-2-352x500.jpg 352w, https:\/\/vestpetproducts.com\/wp-content\/uploads\/2025\/08\/3-2-211x300.jpg 211w, https:\/\/vestpetproducts.com\/wp-content\/uploads\/2025\/08\/3-2-8x12.jpg 8w, https:\/\/vestpetproducts.com\/wp-content\/uploads\/2025\/08\/3-2-53x75.jpg 53w, https:\/\/vestpetproducts.com\/wp-content\/uploads\/2025\/08\/3-2-480x682.jpg 480w, https:\/\/vestpetproducts.com\/wp-content\/uploads\/2025\/08\/3-2.jpg 750w\" sizes=\"auto, (max-width:767px) 480px, (max-width:814px) 100vw, 814px\" \/> <img loading=\"lazy\" decoding=\"async\" class=\"wp-image-1878 aligncenter\" src=\"http:\/\/vestpetproducts.com\/wp-content\/uploads\/2025\/08\/4-2-271x500.jpg\" alt=\"\" width=\"814\" height=\"1502\" srcset=\"https:\/\/vestpetproducts.com\/wp-content\/uploads\/2025\/08\/4-2-271x500.jpg 271w, https:\/\/vestpetproducts.com\/wp-content\/uploads\/2025\/08\/4-2-651x1200.jpg 651w, https:\/\/vestpetproducts.com\/wp-content\/uploads\/2025\/08\/4-2-163x300.jpg 163w, https:\/\/vestpetproducts.com\/wp-content\/uploads\/2025\/08\/4-2-7x12.jpg 7w, https:\/\/vestpetproducts.com\/wp-content\/uploads\/2025\/08\/4-2-41x75.jpg 41w\" sizes=\"auto, (max-width:767px) 480px, (max-width:814px) 100vw, 814px\" \/> <img loading=\"lazy\" decoding=\"async\" class=\"wp-image-1879 aligncenter\" src=\"http:\/\/vestpetproducts.com\/wp-content\/uploads\/2025\/08\/5-2-358x500.jpg\" alt=\"\" width=\"814\" height=\"1137\" srcset=\"https:\/\/vestpetproducts.com\/wp-content\/uploads\/2025\/08\/5-2-358x500.jpg 358w, https:\/\/vestpetproducts.com\/wp-content\/uploads\/2025\/08\/5-2-215x300.jpg 215w, https:\/\/vestpetproducts.com\/wp-content\/uploads\/2025\/08\/5-2-9x12.jpg 9w, https:\/\/vestpetproducts.com\/wp-content\/uploads\/2025\/08\/5-2-54x75.jpg 54w, https:\/\/vestpetproducts.com\/wp-content\/uploads\/2025\/08\/5-2-480x670.jpg 480w, https:\/\/vestpetproducts.com\/wp-content\/uploads\/2025\/08\/5-2.jpg 750w\" sizes=\"auto, (max-width:767px) 480px, (max-width:814px) 100vw, 814px\" \/> <img loading=\"lazy\" decoding=\"async\" class=\"wp-image-1880 aligncenter\" src=\"http:\/\/vestpetproducts.com\/wp-content\/uploads\/2025\/08\/6-2-324x500.jpg\" alt=\"\" width=\"816\" height=\"1259\" srcset=\"https:\/\/vestpetproducts.com\/wp-content\/uploads\/2025\/08\/6-2-324x500.jpg 324w, https:\/\/vestpetproducts.com\/wp-content\/uploads\/2025\/08\/6-2-194x300.jpg 194w, https:\/\/vestpetproducts.com\/wp-content\/uploads\/2025\/08\/6-2-8x12.jpg 8w, https:\/\/vestpetproducts.com\/wp-content\/uploads\/2025\/08\/6-2-49x75.jpg 49w, https:\/\/vestpetproducts.com\/wp-content\/uploads\/2025\/08\/6-2-480x741.jpg 480w, https:\/\/vestpetproducts.com\/wp-content\/uploads\/2025\/08\/6-2.jpg 750w\" sizes=\"auto, (max-width:767px) 480px, (max-width:816px) 100vw, 816px\" \/> <img loading=\"lazy\" decoding=\"async\" class=\"wp-image-1881 aligncenter\" src=\"http:\/\/vestpetproducts.com\/wp-content\/uploads\/2025\/08\/7-2-343x500.jpg\" alt=\"\" width=\"818\" height=\"1193\" srcset=\"https:\/\/vestpetproducts.com\/wp-content\/uploads\/2025\/08\/7-2-343x500.jpg 343w, https:\/\/vestpetproducts.com\/wp-content\/uploads\/2025\/08\/7-2-206x300.jpg 206w, https:\/\/vestpetproducts.com\/wp-content\/uploads\/2025\/08\/7-2-8x12.jpg 8w, https:\/\/vestpetproducts.com\/wp-content\/uploads\/2025\/08\/7-2-52x75.jpg 52w, https:\/\/vestpetproducts.com\/wp-content\/uploads\/2025\/08\/7-2-480x699.jpg 480w\" sizes=\"auto, (max-width:767px) 480px, (max-width:818px) 100vw, 818px\" \/> <img loading=\"lazy\" decoding=\"async\" class=\"wp-image-1882 aligncenter\" src=\"http:\/\/vestpetproducts.com\/wp-content\/uploads\/2025\/08\/8-1-369x500.jpg\" alt=\"\" width=\"817\" height=\"1107\" srcset=\"https:\/\/vestpetproducts.com\/wp-content\/uploads\/2025\/08\/8-1-369x500.jpg 369w, https:\/\/vestpetproducts.com\/wp-content\/uploads\/2025\/08\/8-1-221x300.jpg 221w, https:\/\/vestpetproducts.com\/wp-content\/uploads\/2025\/08\/8-1-9x12.jpg 9w, https:\/\/vestpetproducts.com\/wp-content\/uploads\/2025\/08\/8-1-55x75.jpg 55w, https:\/\/vestpetproducts.com\/wp-content\/uploads\/2025\/08\/8-1-480x651.jpg 480w, https:\/\/vestpetproducts.com\/wp-content\/uploads\/2025\/08\/8-1.jpg 750w\" sizes=\"auto, (max-width:767px) 480px, (max-width:817px) 100vw, 817px\" \/> <img loading=\"lazy\" decoding=\"async\" class=\"wp-image-1883 aligncenter\" src=\"http:\/\/vestpetproducts.com\/wp-content\/uploads\/2025\/08\/9-1-337x500.jpg\" alt=\"\" width=\"819\" height=\"1216\" srcset=\"https:\/\/vestpetproducts.com\/wp-content\/uploads\/2025\/08\/9-1-337x500.jpg 337w, https:\/\/vestpetproducts.com\/wp-content\/uploads\/2025\/08\/9-1-202x300.jpg 202w, https:\/\/vestpetproducts.com\/wp-content\/uploads\/2025\/08\/9-1-8x12.jpg 8w, https:\/\/vestpetproducts.com\/wp-content\/uploads\/2025\/08\/9-1-51x75.jpg 51w, https:\/\/vestpetproducts.com\/wp-content\/uploads\/2025\/08\/9-1-480x712.jpg 480w, https:\/\/vestpetproducts.com\/wp-content\/uploads\/2025\/08\/9-1.jpg 750w\" sizes=\"auto, (max-width:767px) 480px, (max-width:819px) 100vw, 819px\" \/> <img loading=\"lazy\" decoding=\"async\" class=\"wp-image-1884 aligncenter\" src=\"http:\/\/vestpetproducts.com\/wp-content\/uploads\/2025\/08\/10-1-240x500.jpg\" alt=\"\" width=\"821\" height=\"1710\" srcset=\"https:\/\/vestpetproducts.com\/wp-content\/uploads\/2025\/08\/10-1-240x500.jpg 240w, https:\/\/vestpetproducts.com\/wp-content\/uploads\/2025\/08\/10-1-576x1200.jpg 576w, https:\/\/vestpetproducts.com\/wp-content\/uploads\/2025\/08\/10-1-144x300.jpg 144w, https:\/\/vestpetproducts.com\/wp-content\/uploads\/2025\/08\/10-1-737x1536.jpg 737w, https:\/\/vestpetproducts.com\/wp-content\/uploads\/2025\/08\/10-1-6x12.jpg 6w, https:\/\/vestpetproducts.com\/wp-content\/uploads\/2025\/08\/10-1-36x75.jpg 36w, https:\/\/vestpetproducts.com\/wp-content\/uploads\/2025\/08\/10-1-461x960.jpg 461w, https:\/\/vestpetproducts.com\/wp-content\/uploads\/2025\/08\/10-1.jpg 750w\" sizes=\"auto, (max-width:767px) 480px, (max-width:821px) 100vw, 821px\" \/> <img loading=\"lazy\" decoding=\"async\" class=\"wp-image-1885 aligncenter\" src=\"http:\/\/vestpetproducts.com\/wp-content\/uploads\/2025\/08\/11-1-241x500.jpg\" alt=\"\" width=\"818\" height=\"1697\" srcset=\"https:\/\/vestpetproducts.com\/wp-content\/uploads\/2025\/08\/11-1-241x500.jpg 241w, https:\/\/vestpetproducts.com\/wp-content\/uploads\/2025\/08\/11-1-578x1200.jpg 578w, https:\/\/vestpetproducts.com\/wp-content\/uploads\/2025\/08\/11-1-145x300.jpg 145w, https:\/\/vestpetproducts.com\/wp-content\/uploads\/2025\/08\/11-1-740x1536.jpg 740w, https:\/\/vestpetproducts.com\/wp-content\/uploads\/2025\/08\/11-1-6x12.jpg 6w, https:\/\/vestpetproducts.com\/wp-content\/uploads\/2025\/08\/11-1-36x75.jpg 36w, https:\/\/vestpetproducts.com\/wp-content\/uploads\/2025\/08\/11-1-463x960.jpg 463w, https:\/\/vestpetproducts.com\/wp-content\/uploads\/2025\/08\/11-1.jpg 750w\" sizes=\"auto, (max-width:767px) 480px, (max-width:818px) 100vw, 818px\" \/> <img loading=\"lazy\" decoding=\"async\" class=\"wp-image-1886 aligncenter\" src=\"http:\/\/vestpetproducts.com\/wp-content\/uploads\/2025\/08\/12-1-268x500.jpg\" alt=\"\" width=\"821\" height=\"1531\" srcset=\"https:\/\/vestpetproducts.com\/wp-content\/uploads\/2025\/08\/12-1-268x500.jpg 268w, https:\/\/vestpetproducts.com\/wp-content\/uploads\/2025\/08\/12-1-161x300.jpg 161w, https:\/\/vestpetproducts.com\/wp-content\/uploads\/2025\/08\/12-1-6x12.jpg 6w, https:\/\/vestpetproducts.com\/wp-content\/uploads\/2025\/08\/12-1-40x75.jpg 40w\" sizes=\"auto, (max-width:767px) 480px, (max-width:821px) 100vw, 821px\" \/> <img loading=\"lazy\" decoding=\"async\" class=\"wp-image-1887 aligncenter\" src=\"http:\/\/vestpetproducts.com\/wp-content\/uploads\/2025\/08\/13-1-363x500.jpg\" alt=\"\" width=\"795\" height=\"1095\" srcset=\"https:\/\/vestpetproducts.com\/wp-content\/uploads\/2025\/08\/13-1-363x500.jpg 363w, https:\/\/vestpetproducts.com\/wp-content\/uploads\/2025\/08\/13-1-218x300.jpg 218w, https:\/\/vestpetproducts.com\/wp-content\/uploads\/2025\/08\/13-1-9x12.jpg 9w, https:\/\/vestpetproducts.com\/wp-content\/uploads\/2025\/08\/13-1-55x75.jpg 55w, https:\/\/vestpetproducts.com\/wp-content\/uploads\/2025\/08\/13-1-480x660.jpg 480w, https:\/\/vestpetproducts.com\/wp-content\/uploads\/2025\/08\/13-1.jpg 750w\" sizes=\"auto, (max-width:767px) 480px, (max-width:795px) 100vw, 795px\" \/><\/p>","protected":false},"excerpt":{"rendered":"<p>Design exclusivo: O design oval e c\u00f4ncavo n\u00e3o apenas se adapta \u00e0 coluna do gato, reduzindo a press\u00e3o na coluna do gatinho ao se enrolar em uma placa de arranhar de papel\u00e3o, mas o arranhador tamb\u00e9m fornece uma superf\u00edcie curva mais confort\u00e1vel, permitindo que seu ador\u00e1vel companheiro se estique e ganhe um pouco de energia depois de arranhar.<br \/>\nZona multifuncional: duas fun\u00e7\u00f5es pr\u00e1ticas em um s\u00f3 pacote! Al\u00e9m de servir como arranhador de papel\u00e3o para gatos que vivem em ambientes internos, tamb\u00e9m funciona como uma espregui\u00e7adeira para gatos, permitindo que seu gato arranhe, descanse e brinque no mesmo local conveniente. Esta espregui\u00e7adeira multifuncional dois em um para gatos oferece um valor excepcional!<br \/>\nElimine a bagun\u00e7a: satisfa\u00e7a o instinto natural de arranhar do seu gato, proporcionando ao seu amigo peludo garras saud\u00e1veis, um espa\u00e7o para aliviar o estresse e um \u00f3timo exerc\u00edcio. Evite que arranh\u00f5es danifiquem seus m\u00f3veis, carpetes ou at\u00e9 mesmo suas pernas e paredes. O design fechado da base garante que quaisquer peda\u00e7os de papel\u00e3o picados permane\u00e7am dentro do arranhador, evitando sujeira nos carpetes ao redor.<br \/>\nMateriais dur\u00e1veis e naturais: O arranhador de papel\u00e3o para gatos \u00e9 feito de papel\u00e3o ondulado resistente e papel\u00e3o reciclado 100%, satisfazendo os instintos brincalh\u00f5es do seu gato. O arranhador de sof\u00e1 tamb\u00e9m \u00e9 seguro e at\u00f3xico. At\u00e9 a cola usada na constru\u00e7\u00e3o \u00e9 \u00e0 base de amido de milho. \u00c9 muito saud\u00e1vel para o seu ador\u00e1vel gato!<\/p>","protected":false},"featured_media":1871,"template":"","meta":{"content-type":""},"product_brand":[],"product_cat":[17],"product_tag":[],"class_list":{"0":"post-1870","1":"product","2":"type-product","3":"status-publish","4":"has-post-thumbnail","6":"product_cat-pet-supplies","8":"first","9":"instock","10":"shipping-taxable","11":"product-type-simple"},"yoast_head":"<!-- This site is optimized with the Yoast SEO plugin v24.9 - https:\/\/yoast.com\/wordpress\/plugins\/seo\/ -->\n<title>Cat Scratching Bowl \u2013 Cardboard Scratcher &amp; Bed - Shandong Vest International Trade Co., Ltd.<\/title>\n<meta name=\"robots\" content=\"index, follow, max-snippet:-1, max-image-preview:large, max-video-preview:-1\" \/>\n<link rel=\"canonical\" href=\"https:\/\/vestpetproducts.com\/pt\/produto\/bowl-shaped-cat-scratching-board-cat-corrugated-cardboard-scratching-board-sleeping-nest-wear-resistant-and-scratch-resistant-universal-cat-nest\/\" \/>\n<meta property=\"og:locale\" content=\"pt_PT\" \/>\n<meta property=\"og:type\" content=\"article\" \/>\n<meta property=\"og:title\" content=\"Cat Scratching Bowl \u2013 Cardboard Scratcher &amp; Bed - Shandong Vest International Trade Co., Ltd.\" \/>\n<meta property=\"og:description\" content=\"Unique design: The oval and concave design not only conforms to a cat&#039;s spine, reducing pressure on a kitten&#039;s spine when curling up on a cardboard scratching board, but the scratching pad also provides a more comfortable curved surface, allowing your adorable companion to stretch out and gain some energy after scratching. Multi-functional zone: Get two convenient functions in one package! In addition to serving as a cardboard scratching board for indoor cats, it also functions as a cat scratching lounger, allowing your cat to scratch, rest, and play in the same convenient location. This two-in-one multi-functional cat lounger scratching board offers exceptional value! Eliminate Mess: Satisfy your cat&#039;s natural scratching instincts, giving your furry friend healthy claws, a stress-relieving space, and great exercise. Prevent scratches from damaging your furniture, carpets, or even your legs and walls. The enclosed bottom design ensures any shredded cardboard pieces remain inside the scratching box, preventing a mess on surrounding carpets. Durable and Natural Materials: The cat cardboard scratching board is made from heavy-duty corrugated cardboard and 100% recycled cardboard, satisfying your cat&#039;s playful instincts. The sofa cat scratching board is also safe and non-toxic. Even the glue used in construction is cornstarch-based. It&#039;s very healthy for your adorable cat!\" \/>\n<meta property=\"og:url\" content=\"https:\/\/vestpetproducts.com\/pt\/produto\/bowl-shaped-cat-scratching-board-cat-corrugated-cardboard-scratching-board-sleeping-nest-wear-resistant-and-scratch-resistant-universal-cat-nest\/\" \/>\n<meta property=\"og:site_name\" content=\"Shandong Vest International Trade Co., Ltd.\" \/>\n<meta property=\"article:modified_time\" content=\"2025-08-15T02:08:47+00:00\" \/>\n<meta property=\"og:image\" content=\"https:\/\/vestpetproducts.com\/wp-content\/uploads\/2025\/08\/O1CN01oK31ra1mdWC8H1m5f_2208720264977-0-cib.jpg\" \/>\n\t<meta property=\"og:image:width\" content=\"800\" \/>\n\t<meta property=\"og:image:height\" content=\"800\" \/>\n\t<meta property=\"og:image:type\" content=\"image\/jpeg\" \/>\n<meta name=\"twitter:card\" content=\"summary_large_image\" \/>\n<meta name=\"twitter:label1\" content=\"Tempo estimado de leitura\" \/>\n\t<meta name=\"twitter:data1\" content=\"3 minutos\" \/>\n<script type=\"application\/ld+json\" class=\"yoast-schema-graph\">{\"@context\":\"https:\/\/schema.org\",\"@graph\":[{\"@type\":\"WebPage\",\"@id\":\"https:\/\/vestpetproducts.com\/product\/bowl-shaped-cat-scratching-board-cat-corrugated-cardboard-scratching-board-sleeping-nest-wear-resistant-and-scratch-resistant-universal-cat-nest\/\",\"url\":\"https:\/\/vestpetproducts.com\/product\/bowl-shaped-cat-scratching-board-cat-corrugated-cardboard-scratching-board-sleeping-nest-wear-resistant-and-scratch-resistant-universal-cat-nest\/\",\"name\":\"Cat Scratching Bowl \u2013 Cardboard Scratcher & Bed - Shandong Vest International Trade Co., Ltd.\",\"isPartOf\":{\"@id\":\"https:\/\/vestpetproducts.com\/#website\"},\"primaryImageOfPage\":{\"@id\":\"https:\/\/vestpetproducts.com\/product\/bowl-shaped-cat-scratching-board-cat-corrugated-cardboard-scratching-board-sleeping-nest-wear-resistant-and-scratch-resistant-universal-cat-nest\/#primaryimage\"},\"image\":{\"@id\":\"https:\/\/vestpetproducts.com\/product\/bowl-shaped-cat-scratching-board-cat-corrugated-cardboard-scratching-board-sleeping-nest-wear-resistant-and-scratch-resistant-universal-cat-nest\/#primaryimage\"},\"thumbnailUrl\":\"https:\/\/vestpetproducts.com\/wp-content\/uploads\/2025\/08\/O1CN01oK31ra1mdWC8H1m5f_2208720264977-0-cib.jpg\",\"datePublished\":\"2025-08-12T03:03:23+00:00\",\"dateModified\":\"2025-08-15T02:08:47+00:00\",\"breadcrumb\":{\"@id\":\"https:\/\/vestpetproducts.com\/product\/bowl-shaped-cat-scratching-board-cat-corrugated-cardboard-scratching-board-sleeping-nest-wear-resistant-and-scratch-resistant-universal-cat-nest\/#breadcrumb\"},\"inLanguage\":\"pt-PT\",\"potentialAction\":[{\"@type\":\"ReadAction\",\"target\":[\"https:\/\/vestpetproducts.com\/product\/bowl-shaped-cat-scratching-board-cat-corrugated-cardboard-scratching-board-sleeping-nest-wear-resistant-and-scratch-resistant-universal-cat-nest\/\"]}]},{\"@type\":\"ImageObject\",\"inLanguage\":\"pt-PT\",\"@id\":\"https:\/\/vestpetproducts.com\/product\/bowl-shaped-cat-scratching-board-cat-corrugated-cardboard-scratching-board-sleeping-nest-wear-resistant-and-scratch-resistant-universal-cat-nest\/#primaryimage\",\"url\":\"https:\/\/vestpetproducts.com\/wp-content\/uploads\/2025\/08\/O1CN01oK31ra1mdWC8H1m5f_2208720264977-0-cib.jpg\",\"contentUrl\":\"https:\/\/vestpetproducts.com\/wp-content\/uploads\/2025\/08\/O1CN01oK31ra1mdWC8H1m5f_2208720264977-0-cib.jpg\",\"width\":800,\"height\":800},{\"@type\":\"BreadcrumbList\",\"@id\":\"https:\/\/vestpetproducts.com\/product\/bowl-shaped-cat-scratching-board-cat-corrugated-cardboard-scratching-board-sleeping-nest-wear-resistant-and-scratch-resistant-universal-cat-nest\/#breadcrumb\",\"itemListElement\":[{\"@type\":\"ListItem\",\"position\":1,\"name\":\"\u9996\u9875\",\"item\":\"https:\/\/vestpetproducts.com\/\"},{\"@type\":\"ListItem\",\"position\":2,\"name\":\"Product\",\"item\":\"https:\/\/vestpetproducts.com\/product\/\"},{\"@type\":\"ListItem\",\"position\":3,\"name\":\"Cat Scratching Bowl \u2013 Cardboard Scratcher &#038; Bed\"}]},{\"@type\":\"WebSite\",\"@id\":\"https:\/\/vestpetproducts.com\/#website\",\"url\":\"https:\/\/vestpetproducts.com\/\",\"name\":\"Shandong Vest International Trade Co., Ltd.\",\"description\":\"Shandong Vest International Trade Co., Ltd.\",\"potentialAction\":[{\"@type\":\"SearchAction\",\"target\":{\"@type\":\"EntryPoint\",\"urlTemplate\":\"https:\/\/vestpetproducts.com\/?s={search_term_string}\"},\"query-input\":{\"@type\":\"PropertyValueSpecification\",\"valueRequired\":true,\"valueName\":\"search_term_string\"}}],\"inLanguage\":\"pt-PT\"}]}<\/script>\n<!-- \/ Yoast SEO plugin. -->","yoast_head_json":{"title":"Cat Scratching Bowl \u2013 Cardboard Scratcher & Bed - Shandong Vest International Trade Co., Ltd.","robots":{"index":"index","follow":"follow","max-snippet":"max-snippet:-1","max-image-preview":"max-image-preview:large","max-video-preview":"max-video-preview:-1"},"canonical":"https:\/\/vestpetproducts.com\/pt\/produto\/bowl-shaped-cat-scratching-board-cat-corrugated-cardboard-scratching-board-sleeping-nest-wear-resistant-and-scratch-resistant-universal-cat-nest\/","og_locale":"pt_PT","og_type":"article","og_title":"Cat Scratching Bowl \u2013 Cardboard Scratcher & Bed - Shandong Vest International Trade Co., Ltd.","og_description":"Unique design: The oval and concave design not only conforms to a cat's spine, reducing pressure on a kitten's spine when curling up on a cardboard scratching board, but the scratching pad also provides a more comfortable curved surface, allowing your adorable companion to stretch out and gain some energy after scratching. Multi-functional zone: Get two convenient functions in one package! In addition to serving as a cardboard scratching board for indoor cats, it also functions as a cat scratching lounger, allowing your cat to scratch, rest, and play in the same convenient location. This two-in-one multi-functional cat lounger scratching board offers exceptional value! Eliminate Mess: Satisfy your cat's natural scratching instincts, giving your furry friend healthy claws, a stress-relieving space, and great exercise. Prevent scratches from damaging your furniture, carpets, or even your legs and walls. The enclosed bottom design ensures any shredded cardboard pieces remain inside the scratching box, preventing a mess on surrounding carpets. Durable and Natural Materials: The cat cardboard scratching board is made from heavy-duty corrugated cardboard and 100% recycled cardboard, satisfying your cat's playful instincts. The sofa cat scratching board is also safe and non-toxic. Even the glue used in construction is cornstarch-based. It's very healthy for your adorable cat!","og_url":"https:\/\/vestpetproducts.com\/pt\/produto\/bowl-shaped-cat-scratching-board-cat-corrugated-cardboard-scratching-board-sleeping-nest-wear-resistant-and-scratch-resistant-universal-cat-nest\/","og_site_name":"Shandong Vest International Trade Co., Ltd.","article_modified_time":"2025-08-15T02:08:47+00:00","og_image":[{"width":800,"height":800,"url":"https:\/\/vestpetproducts.com\/wp-content\/uploads\/2025\/08\/O1CN01oK31ra1mdWC8H1m5f_2208720264977-0-cib.jpg","type":"image\/jpeg"}],"twitter_card":"summary_large_image","twitter_misc":{"Tempo estimado de leitura":"3 minutos"},"schema":{"@context":"https:\/\/schema.org","@graph":[{"@type":"WebPage","@id":"https:\/\/vestpetproducts.com\/product\/bowl-shaped-cat-scratching-board-cat-corrugated-cardboard-scratching-board-sleeping-nest-wear-resistant-and-scratch-resistant-universal-cat-nest\/","url":"https:\/\/vestpetproducts.com\/product\/bowl-shaped-cat-scratching-board-cat-corrugated-cardboard-scratching-board-sleeping-nest-wear-resistant-and-scratch-resistant-universal-cat-nest\/","name":"Cat Scratching Bowl \u2013 Cardboard Scratcher & Bed - Shandong Vest International Trade Co., Ltd.","isPartOf":{"@id":"https:\/\/vestpetproducts.com\/#website"},"primaryImageOfPage":{"@id":"https:\/\/vestpetproducts.com\/product\/bowl-shaped-cat-scratching-board-cat-corrugated-cardboard-scratching-board-sleeping-nest-wear-resistant-and-scratch-resistant-universal-cat-nest\/#primaryimage"},"image":{"@id":"https:\/\/vestpetproducts.com\/product\/bowl-shaped-cat-scratching-board-cat-corrugated-cardboard-scratching-board-sleeping-nest-wear-resistant-and-scratch-resistant-universal-cat-nest\/#primaryimage"},"thumbnailUrl":"https:\/\/vestpetproducts.com\/wp-content\/uploads\/2025\/08\/O1CN01oK31ra1mdWC8H1m5f_2208720264977-0-cib.jpg","datePublished":"2025-08-12T03:03:23+00:00","dateModified":"2025-08-15T02:08:47+00:00","breadcrumb":{"@id":"https:\/\/vestpetproducts.com\/product\/bowl-shaped-cat-scratching-board-cat-corrugated-cardboard-scratching-board-sleeping-nest-wear-resistant-and-scratch-resistant-universal-cat-nest\/#breadcrumb"},"inLanguage":"pt-PT","potentialAction":[{"@type":"ReadAction","target":["https:\/\/vestpetproducts.com\/product\/bowl-shaped-cat-scratching-board-cat-corrugated-cardboard-scratching-board-sleeping-nest-wear-resistant-and-scratch-resistant-universal-cat-nest\/"]}]},{"@type":"ImageObject","inLanguage":"pt-PT","@id":"https:\/\/vestpetproducts.com\/product\/bowl-shaped-cat-scratching-board-cat-corrugated-cardboard-scratching-board-sleeping-nest-wear-resistant-and-scratch-resistant-universal-cat-nest\/#primaryimage","url":"https:\/\/vestpetproducts.com\/wp-content\/uploads\/2025\/08\/O1CN01oK31ra1mdWC8H1m5f_2208720264977-0-cib.jpg","contentUrl":"https:\/\/vestpetproducts.com\/wp-content\/uploads\/2025\/08\/O1CN01oK31ra1mdWC8H1m5f_2208720264977-0-cib.jpg","width":800,"height":800},{"@type":"BreadcrumbList","@id":"https:\/\/vestpetproducts.com\/product\/bowl-shaped-cat-scratching-board-cat-corrugated-cardboard-scratching-board-sleeping-nest-wear-resistant-and-scratch-resistant-universal-cat-nest\/#breadcrumb","itemListElement":[{"@type":"ListItem","position":1,"name":"\u9996\u9875","item":"https:\/\/vestpetproducts.com\/"},{"@type":"ListItem","position":2,"name":"Product","item":"https:\/\/vestpetproducts.com\/product\/"},{"@type":"ListItem","position":3,"name":"Cat Scratching Bowl \u2013 Cardboard Scratcher &#038; Bed"}]},{"@type":"WebSite","@id":"https:\/\/vestpetproducts.com\/#website","url":"https:\/\/vestpetproducts.com\/","name":"Shandong Vest International Trade Co., Ltd.","description":"Shandong Vest International Trade Co., Ltd.","potentialAction":[{"@type":"SearchAction","target":{"@type":"EntryPoint","urlTemplate":"https:\/\/vestpetproducts.com\/?s={search_term_string}"},"query-input":{"@type":"PropertyValueSpecification","valueRequired":true,"valueName":"search_term_string"}}],"inLanguage":"pt-PT"}]}},"_links":{"self":[{"href":"https:\/\/vestpetproducts.com\/pt\/wp-json\/wp\/v2\/product\/1870","targetHints":{"allow":["GET"]}}],"collection":[{"href":"https:\/\/vestpetproducts.com\/pt\/wp-json\/wp\/v2\/product"}],"about":[{"href":"https:\/\/vestpetproducts.com\/pt\/wp-json\/wp\/v2\/types\/product"}],"wp:featuredmedia":[{"embeddable":true,"href":"https:\/\/vestpetproducts.com\/pt\/wp-json\/wp\/v2\/media\/1871"}],"wp:attachment":[{"href":"https:\/\/vestpetproducts.com\/pt\/wp-json\/wp\/v2\/media?parent=1870"}],"wp:term":[{"taxonomy":"product_brand","embeddable":true,"href":"https:\/\/vestpetproducts.com\/pt\/wp-json\/wp\/v2\/product_brand?post=1870"},{"taxonomy":"product_cat","embeddable":true,"href":"https:\/\/vestpetproducts.com\/pt\/wp-json\/wp\/v2\/product_cat?post=1870"},{"taxonomy":"product_tag","embeddable":true,"href":"https:\/\/vestpetproducts.com\/pt\/wp-json\/wp\/v2\/product_tag?post=1870"}],"curies":[{"name":"wp","href":"https:\/\/api.w.org\/{rel}","templated":true}]}}