{"id":1788,"date":"2025-07-31T07:05:24","date_gmt":"2025-07-31T07:05:24","guid":{"rendered":"https:\/\/vestpetproducts.com\/?post_type=product&#038;p=1788"},"modified":"2025-08-04T07:17:57","modified_gmt":"2025-08-04T07:17:57","slug":"1788","status":"publish","type":"product","link":"https:\/\/vestpetproducts.com\/pt\/produto\/1788\/","title":{"rendered":"Derramamento de comida \u00famida para animais de estima\u00e7\u00e3o Brinquedo de cacto congelado"},"content":{"rendered":"<p><img loading=\"lazy\" decoding=\"async\" class=\"size-medium wp-image-1797 aligncenter\" src=\"http:\/\/vestpetproducts.com\/wp-content\/uploads\/2025\/07\/O1CN01iqZpwv1exCNsbQ9mh_2201242993937-0-cib-500x500.jpg\" alt=\"\" width=\"500\" height=\"500\" srcset=\"https:\/\/vestpetproducts.com\/wp-content\/uploads\/2025\/07\/O1CN01iqZpwv1exCNsbQ9mh_2201242993937-0-cib-500x500.jpg 500w, https:\/\/vestpetproducts.com\/wp-content\/uploads\/2025\/07\/O1CN01iqZpwv1exCNsbQ9mh_2201242993937-0-cib-1200x1200.jpg 1200w, https:\/\/vestpetproducts.com\/wp-content\/uploads\/2025\/07\/O1CN01iqZpwv1exCNsbQ9mh_2201242993937-0-cib-300x300.jpg 300w, https:\/\/vestpetproducts.com\/wp-content\/uploads\/2025\/07\/O1CN01iqZpwv1exCNsbQ9mh_2201242993937-0-cib-768x768.jpg 768w, https:\/\/vestpetproducts.com\/wp-content\/uploads\/2025\/07\/O1CN01iqZpwv1exCNsbQ9mh_2201242993937-0-cib-1536x1536.jpg 1536w, https:\/\/vestpetproducts.com\/wp-content\/uploads\/2025\/07\/O1CN01iqZpwv1exCNsbQ9mh_2201242993937-0-cib-12x12.jpg 12w, https:\/\/vestpetproducts.com\/wp-content\/uploads\/2025\/07\/O1CN01iqZpwv1exCNsbQ9mh_2201242993937-0-cib-150x150.jpg 150w, https:\/\/vestpetproducts.com\/wp-content\/uploads\/2025\/07\/O1CN01iqZpwv1exCNsbQ9mh_2201242993937-0-cib-75x75.jpg 75w, https:\/\/vestpetproducts.com\/wp-content\/uploads\/2025\/07\/O1CN01iqZpwv1exCNsbQ9mh_2201242993937-0-cib-480x480.jpg 480w, https:\/\/vestpetproducts.com\/wp-content\/uploads\/2025\/07\/O1CN01iqZpwv1exCNsbQ9mh_2201242993937-0-cib-800x800.jpg 800w, https:\/\/vestpetproducts.com\/wp-content\/uploads\/2025\/07\/O1CN01iqZpwv1exCNsbQ9mh_2201242993937-0-cib.jpg 1600w\" sizes=\"auto, (max-width:767px) 480px, 500px\" \/><img loading=\"lazy\" decoding=\"async\" class=\"size-medium wp-image-1799 aligncenter\" src=\"http:\/\/vestpetproducts.com\/wp-content\/uploads\/2025\/07\/O1CN01RDkBgS1exCNq3OFJ9_2201242993937-0-cib-500x500.jpg\" alt=\"\" width=\"500\" height=\"500\" srcset=\"https:\/\/vestpetproducts.com\/wp-content\/uploads\/2025\/07\/O1CN01RDkBgS1exCNq3OFJ9_2201242993937-0-cib-500x500.jpg 500w, https:\/\/vestpetproducts.com\/wp-content\/uploads\/2025\/07\/O1CN01RDkBgS1exCNq3OFJ9_2201242993937-0-cib-1200x1200.jpg 1200w, https:\/\/vestpetproducts.com\/wp-content\/uploads\/2025\/07\/O1CN01RDkBgS1exCNq3OFJ9_2201242993937-0-cib-300x300.jpg 300w, https:\/\/vestpetproducts.com\/wp-content\/uploads\/2025\/07\/O1CN01RDkBgS1exCNq3OFJ9_2201242993937-0-cib-768x768.jpg 768w, https:\/\/vestpetproducts.com\/wp-content\/uploads\/2025\/07\/O1CN01RDkBgS1exCNq3OFJ9_2201242993937-0-cib-1536x1536.jpg 1536w, https:\/\/vestpetproducts.com\/wp-content\/uploads\/2025\/07\/O1CN01RDkBgS1exCNq3OFJ9_2201242993937-0-cib-12x12.jpg 12w, https:\/\/vestpetproducts.com\/wp-content\/uploads\/2025\/07\/O1CN01RDkBgS1exCNq3OFJ9_2201242993937-0-cib-150x150.jpg 150w, https:\/\/vestpetproducts.com\/wp-content\/uploads\/2025\/07\/O1CN01RDkBgS1exCNq3OFJ9_2201242993937-0-cib-75x75.jpg 75w, https:\/\/vestpetproducts.com\/wp-content\/uploads\/2025\/07\/O1CN01RDkBgS1exCNq3OFJ9_2201242993937-0-cib-480x480.jpg 480w, https:\/\/vestpetproducts.com\/wp-content\/uploads\/2025\/07\/O1CN01RDkBgS1exCNq3OFJ9_2201242993937-0-cib-800x800.jpg 800w, https:\/\/vestpetproducts.com\/wp-content\/uploads\/2025\/07\/O1CN01RDkBgS1exCNq3OFJ9_2201242993937-0-cib.jpg 1600w\" sizes=\"auto, (max-width:767px) 480px, 500px\" \/><img loading=\"lazy\" decoding=\"async\" class=\"size-medium wp-image-1795 aligncenter\" src=\"http:\/\/vestpetproducts.com\/wp-content\/uploads\/2025\/07\/O1CN01gf69Gw1exCNr6eFKV_2201242993937-0-cib-500x500.jpg\" alt=\"\" width=\"500\" height=\"500\" srcset=\"https:\/\/vestpetproducts.com\/wp-content\/uploads\/2025\/07\/O1CN01gf69Gw1exCNr6eFKV_2201242993937-0-cib-500x500.jpg 500w, https:\/\/vestpetproducts.com\/wp-content\/uploads\/2025\/07\/O1CN01gf69Gw1exCNr6eFKV_2201242993937-0-cib-1200x1200.jpg 1200w, https:\/\/vestpetproducts.com\/wp-content\/uploads\/2025\/07\/O1CN01gf69Gw1exCNr6eFKV_2201242993937-0-cib-300x300.jpg 300w, https:\/\/vestpetproducts.com\/wp-content\/uploads\/2025\/07\/O1CN01gf69Gw1exCNr6eFKV_2201242993937-0-cib-768x768.jpg 768w, https:\/\/vestpetproducts.com\/wp-content\/uploads\/2025\/07\/O1CN01gf69Gw1exCNr6eFKV_2201242993937-0-cib-1536x1536.jpg 1536w, https:\/\/vestpetproducts.com\/wp-content\/uploads\/2025\/07\/O1CN01gf69Gw1exCNr6eFKV_2201242993937-0-cib-12x12.jpg 12w, https:\/\/vestpetproducts.com\/wp-content\/uploads\/2025\/07\/O1CN01gf69Gw1exCNr6eFKV_2201242993937-0-cib-150x150.jpg 150w, https:\/\/vestpetproducts.com\/wp-content\/uploads\/2025\/07\/O1CN01gf69Gw1exCNr6eFKV_2201242993937-0-cib-75x75.jpg 75w, https:\/\/vestpetproducts.com\/wp-content\/uploads\/2025\/07\/O1CN01gf69Gw1exCNr6eFKV_2201242993937-0-cib-480x480.jpg 480w, https:\/\/vestpetproducts.com\/wp-content\/uploads\/2025\/07\/O1CN01gf69Gw1exCNr6eFKV_2201242993937-0-cib-800x800.jpg 800w, https:\/\/vestpetproducts.com\/wp-content\/uploads\/2025\/07\/O1CN01gf69Gw1exCNr6eFKV_2201242993937-0-cib.jpg 1600w\" sizes=\"auto, (max-width:767px) 480px, 500px\" \/> <img loading=\"lazy\" decoding=\"async\" class=\"size-medium wp-image-1796 aligncenter\" src=\"http:\/\/vestpetproducts.com\/wp-content\/uploads\/2025\/07\/O1CN01i4KnFu1exCIOtrn0v_2201242993937-0-cib-500x500.jpg\" alt=\"\" width=\"500\" height=\"500\" srcset=\"https:\/\/vestpetproducts.com\/wp-content\/uploads\/2025\/07\/O1CN01i4KnFu1exCIOtrn0v_2201242993937-0-cib-500x500.jpg 500w, https:\/\/vestpetproducts.com\/wp-content\/uploads\/2025\/07\/O1CN01i4KnFu1exCIOtrn0v_2201242993937-0-cib-300x300.jpg 300w, https:\/\/vestpetproducts.com\/wp-content\/uploads\/2025\/07\/O1CN01i4KnFu1exCIOtrn0v_2201242993937-0-cib-12x12.jpg 12w, https:\/\/vestpetproducts.com\/wp-content\/uploads\/2025\/07\/O1CN01i4KnFu1exCIOtrn0v_2201242993937-0-cib-150x150.jpg 150w, https:\/\/vestpetproducts.com\/wp-content\/uploads\/2025\/07\/O1CN01i4KnFu1exCIOtrn0v_2201242993937-0-cib-75x75.jpg 75w, https:\/\/vestpetproducts.com\/wp-content\/uploads\/2025\/07\/O1CN01i4KnFu1exCIOtrn0v_2201242993937-0-cib-480x480.jpg 480w, https:\/\/vestpetproducts.com\/wp-content\/uploads\/2025\/07\/O1CN01i4KnFu1exCIOtrn0v_2201242993937-0-cib.jpg 750w\" sizes=\"auto, (max-width:767px) 480px, 500px\" \/> \u00a0<img loading=\"lazy\" decoding=\"async\" class=\"size-medium wp-image-1798 aligncenter\" src=\"http:\/\/vestpetproducts.com\/wp-content\/uploads\/2025\/07\/O1CN01qBHTLR1exCNpYdQB0_2201242993937-0-cib-500x500.jpg\" alt=\"\" width=\"500\" height=\"500\" srcset=\"https:\/\/vestpetproducts.com\/wp-content\/uploads\/2025\/07\/O1CN01qBHTLR1exCNpYdQB0_2201242993937-0-cib-500x500.jpg 500w, https:\/\/vestpetproducts.com\/wp-content\/uploads\/2025\/07\/O1CN01qBHTLR1exCNpYdQB0_2201242993937-0-cib-1200x1200.jpg 1200w, https:\/\/vestpetproducts.com\/wp-content\/uploads\/2025\/07\/O1CN01qBHTLR1exCNpYdQB0_2201242993937-0-cib-300x300.jpg 300w, https:\/\/vestpetproducts.com\/wp-content\/uploads\/2025\/07\/O1CN01qBHTLR1exCNpYdQB0_2201242993937-0-cib-768x768.jpg 768w, https:\/\/vestpetproducts.com\/wp-content\/uploads\/2025\/07\/O1CN01qBHTLR1exCNpYdQB0_2201242993937-0-cib-1536x1536.jpg 1536w, https:\/\/vestpetproducts.com\/wp-content\/uploads\/2025\/07\/O1CN01qBHTLR1exCNpYdQB0_2201242993937-0-cib-12x12.jpg 12w, https:\/\/vestpetproducts.com\/wp-content\/uploads\/2025\/07\/O1CN01qBHTLR1exCNpYdQB0_2201242993937-0-cib-150x150.jpg 150w, https:\/\/vestpetproducts.com\/wp-content\/uploads\/2025\/07\/O1CN01qBHTLR1exCNpYdQB0_2201242993937-0-cib-75x75.jpg 75w, https:\/\/vestpetproducts.com\/wp-content\/uploads\/2025\/07\/O1CN01qBHTLR1exCNpYdQB0_2201242993937-0-cib-480x480.jpg 480w, https:\/\/vestpetproducts.com\/wp-content\/uploads\/2025\/07\/O1CN01qBHTLR1exCNpYdQB0_2201242993937-0-cib-800x800.jpg 800w, https:\/\/vestpetproducts.com\/wp-content\/uploads\/2025\/07\/O1CN01qBHTLR1exCNpYdQB0_2201242993937-0-cib.jpg 1600w\" sizes=\"auto, (max-width:767px) 480px, 500px\" \/><\/p>","protected":false},"excerpt":{"rendered":"<p>1. \u3010Mais divers\u00e3o com lambidas\u3011Permite que os c\u00e3es lambam de v\u00e1rios \u00e2ngulos, alcan\u00e7ando at\u00e9 a camada inferior da comida atrav\u00e9s de pequenos orif\u00edcios. Sabores ricos e estimula\u00e7\u00e3o visual mant\u00eam seu c\u00e3o focado e desfrutando de divers\u00e3o prolongada \u2014 perfeito para combater o t\u00e9dio!<br \/>\n2. \u3010Petiscos para C\u00e3es Infinitos\u3011Pode conter diversos petiscos, desde comida \u00famida a sopa, iogurte, manteiga de amendoim ou petiscos pr\u00f3prios para c\u00e3es. Agora voc\u00ea pode fazer seus pr\u00f3prios petiscos congelados para c\u00e3es usando ingredientes em que confia e que seu c\u00e3o adora.<br \/>\n3. \u3010Design Seguro\u3011 Perfeito para guardar os alimentos favoritos do seu c\u00e3o. O brinquedo n\u00e3o cont\u00e9m formalde\u00eddo, o que o torna uma alternativa segura e dur\u00e1vel aos tradicionais ossos e brinquedos de mastigar para c\u00e3es.<br \/>\n4. \u3010Divers\u00e3o com petiscos terap\u00eauticos\u3011 \u00c0 medida que seu c\u00e3o resolve habilmente o quebra-cabe\u00e7a desses dispensadores de petiscos, os petiscos se espalham, recompensando suas habilidades de resolu\u00e7\u00e3o de problemas, tornando este o jogo interativo perfeito para todos os c\u00e3es inteligentes e entediados.<br \/>\n5. \u3010Design Divertido\u3011 O design em formato de cacto \u00e9 visualmente atraente. As sali\u00eancias na superf\u00edcie externa podem ser usadas para espalhar manteiga de amendoim ou como uma ferramenta para limpar os dentes, ajudando a manter a sa\u00fade bucal do seu c\u00e3o.<\/p>","protected":false},"featured_media":1791,"template":"","meta":{"content-type":""},"product_brand":[],"product_cat":[16],"product_tag":[],"class_list":{"0":"post-1788","1":"product","2":"type-product","3":"status-publish","4":"has-post-thumbnail","6":"product_cat-pet-toys","8":"first","9":"instock","10":"shipping-taxable","11":"product-type-simple"},"yoast_head":"<!-- This site is optimized with the Yoast SEO plugin v24.9 - https:\/\/yoast.com\/wordpress\/plugins\/seo\/ -->\n<title>Pet wet food spill Frozen cactus toy - Shandong Vest International Trade Co., Ltd.<\/title>\n<meta name=\"robots\" content=\"index, follow, max-snippet:-1, max-image-preview:large, max-video-preview:-1\" \/>\n<link rel=\"canonical\" href=\"https:\/\/vestpetproducts.com\/pt\/produto\/1788\/\" \/>\n<meta property=\"og:locale\" content=\"pt_PT\" \/>\n<meta property=\"og:type\" content=\"article\" \/>\n<meta property=\"og:title\" content=\"Pet wet food spill Frozen cactus toy - Shandong Vest International Trade Co., Ltd.\" \/>\n<meta property=\"og:description\" content=\"1. \u3010More Licking Fun\u3011Allows dogs to lick from multiple angles, even reaching the bottom layer of food through small holes. Rich flavors and visual stimulation keep your dog focused and enjoying prolonged fun\u2014perfect for combating boredom! 2. \u3010Endless Dog Treats\u3011Can hold various treats, from wet food to soup, yogurt, peanut butter, or dog-safe snacks. Now you can make your own frozen dog treats using ingredients you trust and your dog loves. 3. \u3010Safe Design\u3011 Perfect for holding your dog&#039;s favorite foods. The toy is formaldehyde-free, making it a safe and durable alternative to traditional dog bones and chew toys. 4. \u3010Therapeutic Treat Fun\u3011 As your dog skillfully solves the puzzle of these treat dispensers, treats spill out, rewarding their problem-solving skills, making this the perfect interactive game for all smart dogs and bored dogs. 5. \u3010Fun Design\u3011 The cactus-shaped design is visually appealing. The protrusions on the outer surface can be used to spread peanut butter or as a tool for cleaning teeth, helping to maintain your dog&#039;s dental health.\" \/>\n<meta property=\"og:url\" content=\"https:\/\/vestpetproducts.com\/pt\/produto\/1788\/\" \/>\n<meta property=\"og:site_name\" content=\"Shandong Vest International Trade Co., Ltd.\" \/>\n<meta property=\"article:modified_time\" content=\"2025-08-04T07:17:57+00:00\" \/>\n<meta property=\"og:image\" content=\"https:\/\/vestpetproducts.com\/wp-content\/uploads\/2025\/07\/O1CN01ZVXU4a1exCNqpW7ao_2201242993937-0-cib.jpg\" \/>\n\t<meta property=\"og:image:width\" content=\"1600\" \/>\n\t<meta property=\"og:image:height\" content=\"1600\" \/>\n\t<meta property=\"og:image:type\" content=\"image\/jpeg\" \/>\n<meta name=\"twitter:card\" content=\"summary_large_image\" \/>\n<meta name=\"twitter:label1\" content=\"Tempo estimado de leitura\" \/>\n\t<meta name=\"twitter:data1\" content=\"2 minutos\" \/>\n<script type=\"application\/ld+json\" class=\"yoast-schema-graph\">{\"@context\":\"https:\/\/schema.org\",\"@graph\":[{\"@type\":\"WebPage\",\"@id\":\"https:\/\/vestpetproducts.com\/product\/1788\/\",\"url\":\"https:\/\/vestpetproducts.com\/product\/1788\/\",\"name\":\"Pet wet food spill Frozen cactus toy - Shandong Vest International Trade Co., Ltd.\",\"isPartOf\":{\"@id\":\"https:\/\/vestpetproducts.com\/#website\"},\"primaryImageOfPage\":{\"@id\":\"https:\/\/vestpetproducts.com\/product\/1788\/#primaryimage\"},\"image\":{\"@id\":\"https:\/\/vestpetproducts.com\/product\/1788\/#primaryimage\"},\"thumbnailUrl\":\"https:\/\/vestpetproducts.com\/wp-content\/uploads\/2025\/07\/O1CN01ZVXU4a1exCNqpW7ao_2201242993937-0-cib.jpg\",\"datePublished\":\"2025-07-31T07:05:24+00:00\",\"dateModified\":\"2025-08-04T07:17:57+00:00\",\"breadcrumb\":{\"@id\":\"https:\/\/vestpetproducts.com\/product\/1788\/#breadcrumb\"},\"inLanguage\":\"pt-PT\",\"potentialAction\":[{\"@type\":\"ReadAction\",\"target\":[\"https:\/\/vestpetproducts.com\/product\/1788\/\"]}]},{\"@type\":\"ImageObject\",\"inLanguage\":\"pt-PT\",\"@id\":\"https:\/\/vestpetproducts.com\/product\/1788\/#primaryimage\",\"url\":\"https:\/\/vestpetproducts.com\/wp-content\/uploads\/2025\/07\/O1CN01ZVXU4a1exCNqpW7ao_2201242993937-0-cib.jpg\",\"contentUrl\":\"https:\/\/vestpetproducts.com\/wp-content\/uploads\/2025\/07\/O1CN01ZVXU4a1exCNqpW7ao_2201242993937-0-cib.jpg\",\"width\":1600,\"height\":1600},{\"@type\":\"BreadcrumbList\",\"@id\":\"https:\/\/vestpetproducts.com\/product\/1788\/#breadcrumb\",\"itemListElement\":[{\"@type\":\"ListItem\",\"position\":1,\"name\":\"\u9996\u9875\",\"item\":\"https:\/\/vestpetproducts.com\/\"},{\"@type\":\"ListItem\",\"position\":2,\"name\":\"Product\",\"item\":\"https:\/\/vestpetproducts.com\/product\/\"},{\"@type\":\"ListItem\",\"position\":3,\"name\":\"Pet wet food spill Frozen cactus toy\"}]},{\"@type\":\"WebSite\",\"@id\":\"https:\/\/vestpetproducts.com\/#website\",\"url\":\"https:\/\/vestpetproducts.com\/\",\"name\":\"Shandong Vest International Trade Co., Ltd.\",\"description\":\"Shandong Vest International Trade Co., Ltd.\",\"potentialAction\":[{\"@type\":\"SearchAction\",\"target\":{\"@type\":\"EntryPoint\",\"urlTemplate\":\"https:\/\/vestpetproducts.com\/?s={search_term_string}\"},\"query-input\":{\"@type\":\"PropertyValueSpecification\",\"valueRequired\":true,\"valueName\":\"search_term_string\"}}],\"inLanguage\":\"pt-PT\"}]}<\/script>\n<!-- \/ Yoast SEO plugin. -->","yoast_head_json":{"title":"Pet wet food spill Frozen cactus toy - Shandong Vest International Trade Co., Ltd.","robots":{"index":"index","follow":"follow","max-snippet":"max-snippet:-1","max-image-preview":"max-image-preview:large","max-video-preview":"max-video-preview:-1"},"canonical":"https:\/\/vestpetproducts.com\/pt\/produto\/1788\/","og_locale":"pt_PT","og_type":"article","og_title":"Pet wet food spill Frozen cactus toy - Shandong Vest International Trade Co., Ltd.","og_description":"1. \u3010More Licking Fun\u3011Allows dogs to lick from multiple angles, even reaching the bottom layer of food through small holes. Rich flavors and visual stimulation keep your dog focused and enjoying prolonged fun\u2014perfect for combating boredom! 2. \u3010Endless Dog Treats\u3011Can hold various treats, from wet food to soup, yogurt, peanut butter, or dog-safe snacks. Now you can make your own frozen dog treats using ingredients you trust and your dog loves. 3. \u3010Safe Design\u3011 Perfect for holding your dog's favorite foods. The toy is formaldehyde-free, making it a safe and durable alternative to traditional dog bones and chew toys. 4. \u3010Therapeutic Treat Fun\u3011 As your dog skillfully solves the puzzle of these treat dispensers, treats spill out, rewarding their problem-solving skills, making this the perfect interactive game for all smart dogs and bored dogs. 5. \u3010Fun Design\u3011 The cactus-shaped design is visually appealing. The protrusions on the outer surface can be used to spread peanut butter or as a tool for cleaning teeth, helping to maintain your dog's dental health.","og_url":"https:\/\/vestpetproducts.com\/pt\/produto\/1788\/","og_site_name":"Shandong Vest International Trade Co., Ltd.","article_modified_time":"2025-08-04T07:17:57+00:00","og_image":[{"width":1600,"height":1600,"url":"https:\/\/vestpetproducts.com\/wp-content\/uploads\/2025\/07\/O1CN01ZVXU4a1exCNqpW7ao_2201242993937-0-cib.jpg","type":"image\/jpeg"}],"twitter_card":"summary_large_image","twitter_misc":{"Tempo estimado de leitura":"2 minutos"},"schema":{"@context":"https:\/\/schema.org","@graph":[{"@type":"WebPage","@id":"https:\/\/vestpetproducts.com\/product\/1788\/","url":"https:\/\/vestpetproducts.com\/product\/1788\/","name":"Pet wet food spill Frozen cactus toy - Shandong Vest International Trade Co., Ltd.","isPartOf":{"@id":"https:\/\/vestpetproducts.com\/#website"},"primaryImageOfPage":{"@id":"https:\/\/vestpetproducts.com\/product\/1788\/#primaryimage"},"image":{"@id":"https:\/\/vestpetproducts.com\/product\/1788\/#primaryimage"},"thumbnailUrl":"https:\/\/vestpetproducts.com\/wp-content\/uploads\/2025\/07\/O1CN01ZVXU4a1exCNqpW7ao_2201242993937-0-cib.jpg","datePublished":"2025-07-31T07:05:24+00:00","dateModified":"2025-08-04T07:17:57+00:00","breadcrumb":{"@id":"https:\/\/vestpetproducts.com\/product\/1788\/#breadcrumb"},"inLanguage":"pt-PT","potentialAction":[{"@type":"ReadAction","target":["https:\/\/vestpetproducts.com\/product\/1788\/"]}]},{"@type":"ImageObject","inLanguage":"pt-PT","@id":"https:\/\/vestpetproducts.com\/product\/1788\/#primaryimage","url":"https:\/\/vestpetproducts.com\/wp-content\/uploads\/2025\/07\/O1CN01ZVXU4a1exCNqpW7ao_2201242993937-0-cib.jpg","contentUrl":"https:\/\/vestpetproducts.com\/wp-content\/uploads\/2025\/07\/O1CN01ZVXU4a1exCNqpW7ao_2201242993937-0-cib.jpg","width":1600,"height":1600},{"@type":"BreadcrumbList","@id":"https:\/\/vestpetproducts.com\/product\/1788\/#breadcrumb","itemListElement":[{"@type":"ListItem","position":1,"name":"\u9996\u9875","item":"https:\/\/vestpetproducts.com\/"},{"@type":"ListItem","position":2,"name":"Product","item":"https:\/\/vestpetproducts.com\/product\/"},{"@type":"ListItem","position":3,"name":"Pet wet food spill Frozen cactus toy"}]},{"@type":"WebSite","@id":"https:\/\/vestpetproducts.com\/#website","url":"https:\/\/vestpetproducts.com\/","name":"Shandong Vest International Trade Co., Ltd.","description":"Shandong Vest International Trade Co., Ltd.","potentialAction":[{"@type":"SearchAction","target":{"@type":"EntryPoint","urlTemplate":"https:\/\/vestpetproducts.com\/?s={search_term_string}"},"query-input":{"@type":"PropertyValueSpecification","valueRequired":true,"valueName":"search_term_string"}}],"inLanguage":"pt-PT"}]}},"_links":{"self":[{"href":"https:\/\/vestpetproducts.com\/pt\/wp-json\/wp\/v2\/product\/1788","targetHints":{"allow":["GET"]}}],"collection":[{"href":"https:\/\/vestpetproducts.com\/pt\/wp-json\/wp\/v2\/product"}],"about":[{"href":"https:\/\/vestpetproducts.com\/pt\/wp-json\/wp\/v2\/types\/product"}],"wp:featuredmedia":[{"embeddable":true,"href":"https:\/\/vestpetproducts.com\/pt\/wp-json\/wp\/v2\/media\/1791"}],"wp:attachment":[{"href":"https:\/\/vestpetproducts.com\/pt\/wp-json\/wp\/v2\/media?parent=1788"}],"wp:term":[{"taxonomy":"product_brand","embeddable":true,"href":"https:\/\/vestpetproducts.com\/pt\/wp-json\/wp\/v2\/product_brand?post=1788"},{"taxonomy":"product_cat","embeddable":true,"href":"https:\/\/vestpetproducts.com\/pt\/wp-json\/wp\/v2\/product_cat?post=1788"},{"taxonomy":"product_tag","embeddable":true,"href":"https:\/\/vestpetproducts.com\/pt\/wp-json\/wp\/v2\/product_tag?post=1788"}],"curies":[{"name":"wp","href":"https:\/\/api.w.org\/{rel}","templated":true}]}}