{"id":1718,"date":"2025-07-29T02:42:06","date_gmt":"2025-07-29T02:42:06","guid":{"rendered":"https:\/\/vestpetproducts.com\/?post_type=product&#038;p=1718"},"modified":"2025-08-13T08:31:52","modified_gmt":"2025-08-13T08:31:52","slug":"wholesale-oem-factory-natural-ecological-low-dust-spherical-bentonite-cat-litter","status":"publish","type":"product","link":"https:\/\/vestpetproducts.com\/pt\/produto\/wholesale-oem-factory-natural-ecological-low-dust-spherical-bentonite-cat-litter\/","title":{"rendered":"F\u00e1brica OEM por atacado de areia para gatos de bentonita esf\u00e9rica ecol\u00f3gica natural com baixo teor de poeira"},"content":{"rendered":"<p><img loading=\"lazy\" decoding=\"async\" class=\"aligncenter size-full wp-image-1723\" src=\"http:\/\/vestpetproducts.com\/wp-content\/uploads\/2025\/07\/bc48742f73d098794cf79504d85542d.png\" alt=\"\" width=\"779\" height=\"778\" srcset=\"https:\/\/vestpetproducts.com\/wp-content\/uploads\/2025\/07\/bc48742f73d098794cf79504d85542d.png 779w, https:\/\/vestpetproducts.com\/wp-content\/uploads\/2025\/07\/bc48742f73d098794cf79504d85542d-500x500.png 500w, https:\/\/vestpetproducts.com\/wp-content\/uploads\/2025\/07\/bc48742f73d098794cf79504d85542d-300x300.png 300w, https:\/\/vestpetproducts.com\/wp-content\/uploads\/2025\/07\/bc48742f73d098794cf79504d85542d-768x767.png 768w, https:\/\/vestpetproducts.com\/wp-content\/uploads\/2025\/07\/bc48742f73d098794cf79504d85542d-12x12.png 12w, https:\/\/vestpetproducts.com\/wp-content\/uploads\/2025\/07\/bc48742f73d098794cf79504d85542d-150x150.png 150w, https:\/\/vestpetproducts.com\/wp-content\/uploads\/2025\/07\/bc48742f73d098794cf79504d85542d-75x75.png 75w, https:\/\/vestpetproducts.com\/wp-content\/uploads\/2025\/07\/bc48742f73d098794cf79504d85542d-480x479.png 480w\" sizes=\"auto, (max-width:767px) 480px, (max-width:779px) 100vw, 779px\" \/> <img loading=\"lazy\" decoding=\"async\" class=\"aligncenter size-full wp-image-1724\" src=\"http:\/\/vestpetproducts.com\/wp-content\/uploads\/2025\/07\/7404fcdeb15551f74df37ad060f4475.png\" alt=\"\" width=\"784\" height=\"749\" srcset=\"https:\/\/vestpetproducts.com\/wp-content\/uploads\/2025\/07\/7404fcdeb15551f74df37ad060f4475.png 784w, https:\/\/vestpetproducts.com\/wp-content\/uploads\/2025\/07\/7404fcdeb15551f74df37ad060f4475-500x478.png 500w, https:\/\/vestpetproducts.com\/wp-content\/uploads\/2025\/07\/7404fcdeb15551f74df37ad060f4475-300x287.png 300w, https:\/\/vestpetproducts.com\/wp-content\/uploads\/2025\/07\/7404fcdeb15551f74df37ad060f4475-768x734.png 768w, https:\/\/vestpetproducts.com\/wp-content\/uploads\/2025\/07\/7404fcdeb15551f74df37ad060f4475-13x12.png 13w, https:\/\/vestpetproducts.com\/wp-content\/uploads\/2025\/07\/7404fcdeb15551f74df37ad060f4475-79x75.png 79w, https:\/\/vestpetproducts.com\/wp-content\/uploads\/2025\/07\/7404fcdeb15551f74df37ad060f4475-480x459.png 480w\" sizes=\"auto, (max-width:767px) 480px, (max-width:784px) 100vw, 784px\" \/><\/p>","protected":false},"excerpt":{"rendered":"<p>Material: Bentonita<\/p>\n<div class=\"id-grid id-max-h-[68px] id-overflow-hidden id-grid-cols-[2fr_3fr] id-border-b-[0.5px] id-border-[#ddd]\">\n<div class=\"id-text-sm id-p-4 id-bg-[#f8f8f8] id-flex id-items-center\" title=\"Animal de estima\u00e7\u00e3o aplic\u00e1vel\" data-spm-anchor-id=\"a2700.details.0.i67.31731bf09YV80C\"><\/div>\n<\/div>\n<div class=\"id-grid id-max-h-[68px] id-overflow-hidden id-grid-cols-[2fr_3fr]\">\n<div class=\"id-text-sm id-font-medium id-p-4 id-flex id-items-center id-flex-wrap\" title=\"Areia para gatos\">\n<div class=\"id-line-clamp-2 id-leading-[18px]\">\n<table class=\"has-title all magic-4\">\n<tbody>\n<tr>\n<td colspan=\"1\" rowspan=\"1\">\n<div class=\"magic-5\" data-spm-anchor-id=\"a2700.details-description.0.i0.70d46hp46hp4aP\"><span style=\"font-family: Arial;\">Nome do produto<\/span><\/div>\n<\/td>\n<td colspan=\"1\" rowspan=\"1\">\n<div class=\"magic-6\"><span style=\"font-family: Arial;\">Areia de gato benton\u00edtica em formato de bola 1-2 mm<\/span><\/div>\n<\/td>\n<\/tr>\n<tr>\n<td colspan=\"1\" rowspan=\"1\">\n<div class=\"magic-5\"><span style=\"font-family: Arial;\">Modelo<\/span><\/div>\n<\/td>\n<td colspan=\"1\" rowspan=\"1\">\n<div class=\"magic-6\"><span style=\"font-family: Arial;\">sc-02<\/span><\/div>\n<\/td>\n<\/tr>\n<tr>\n<td colspan=\"1\" rowspan=\"1\">\n<div class=\"magic-5\" data-spm-anchor-id=\"a2700.details-description.0.i1.70d46hp46hp4aP\"><span style=\"font-family: Arial;\">Local de origem<\/span><\/div>\n<\/td>\n<td colspan=\"1\" rowspan=\"1\">\n<div class=\"magic-6\"><span style=\"font-family: Arial;\">Shandong,China<\/span><\/div>\n<\/td>\n<\/tr>\n<tr>\n<td colspan=\"1\" rowspan=\"1\">\n<div class=\"magic-5\"><span style=\"font-family: Arial;\">Tamanho<\/span><\/div>\n<\/td>\n<td colspan=\"1\" rowspan=\"1\">\n<div class=\"magic-6\"><span style=\"font-family: Arial;\">1-2 mm<\/span><\/div>\n<\/td>\n<\/tr>\n<tr>\n<td colspan=\"1\" rowspan=\"1\">\n<div class=\"magic-5\"><span style=\"font-family: Arial;\">Cor<\/span><\/div>\n<\/td>\n<td colspan=\"1\" rowspan=\"1\">\n<div class=\"magic-6\"><span style=\"font-family: Arial;\">Branco<\/span><\/div>\n<\/td>\n<\/tr>\n<tr>\n<td colspan=\"1\" rowspan=\"1\">\n<div class=\"magic-5\"><span style=\"font-family: Arial;\">Recurso<\/span><\/div>\n<\/td>\n<td colspan=\"1\" rowspan=\"1\">\n<div class=\"magic-6\"><span style=\"font-family: Arial;\">Poeira baixa<\/span><\/div>\n<\/td>\n<\/tr>\n<tr>\n<td colspan=\"1\" rowspan=\"1\">\n<div class=\"magic-5\"><span style=\"font-family: Arial;\">Arte<\/span><\/div>\n<\/td>\n<td colspan=\"1\" rowspan=\"1\">\n<div class=\"magic-6\"><span style=\"font-family: Arial;\">Esmagamento natural<\/span><\/div>\n<\/td>\n<\/tr>\n<tr>\n<td colspan=\"1\" rowspan=\"1\">\n<div class=\"magic-5\"><span style=\"font-family: Arial;\">Forma<\/span><\/div>\n<\/td>\n<td colspan=\"1\" rowspan=\"1\">\n<div class=\"magic-6\"><span style=\"font-family: Arial;\">Forma irregular<\/span><\/div>\n<\/td>\n<\/tr>\n<tr>\n<td colspan=\"1\" rowspan=\"1\">\n<div class=\"magic-5\"><span style=\"font-family: Arial;\">Material<\/span><\/div>\n<\/td>\n<td colspan=\"1\" rowspan=\"1\">\n<div class=\"magic-6\"><span style=\"font-family: Arial;\">Bentonita<\/span><\/div>\n<\/td>\n<\/tr>\n<tr>\n<td colspan=\"1\" rowspan=\"1\">\n<div class=\"magic-5\"><span style=\"font-family: Arial;\">amostra<\/span><\/div>\n<\/td>\n<td colspan=\"1\" rowspan=\"1\">\n<div class=\"magic-6\"><span style=\"font-family: Arial;\">Livre<\/span><\/div>\n<\/td>\n<\/tr>\n<tr>\n<td colspan=\"1\" rowspan=\"1\">\n<div class=\"magic-5\"><span style=\"font-family: Arial;\">OEM<\/span><\/div>\n<\/td>\n<td colspan=\"1\" rowspan=\"1\">\n<div class=\"magic-6\"><span style=\"font-family: Arial;\">Aceitar<\/span><\/div>\n<\/td>\n<\/tr>\n<\/tbody>\n<\/table>\n<\/div>\n<\/div>\n<\/div>","protected":false},"featured_media":1726,"template":"","meta":{"content-type":""},"product_brand":[],"product_cat":[124],"product_tag":[],"class_list":{"0":"post-1718","1":"product","2":"type-product","3":"status-publish","4":"has-post-thumbnail","6":"product_cat-bentonite-litter","8":"first","9":"instock","10":"shipping-taxable","11":"product-type-simple"},"yoast_head":"<!-- This site is optimized with the Yoast SEO plugin v24.9 - https:\/\/yoast.com\/wordpress\/plugins\/seo\/ -->\n<title>Wholesale OEM factory natural ecological low-dust spherical bentonite cat litter - Shandong Vest International Trade Co., Ltd.<\/title>\n<meta name=\"robots\" content=\"index, follow, max-snippet:-1, max-image-preview:large, max-video-preview:-1\" \/>\n<link rel=\"canonical\" href=\"https:\/\/vestpetproducts.com\/pt\/produto\/wholesale-oem-factory-natural-ecological-low-dust-spherical-bentonite-cat-litter\/\" \/>\n<meta property=\"og:locale\" content=\"pt_PT\" \/>\n<meta property=\"og:type\" content=\"article\" \/>\n<meta property=\"og:title\" content=\"Wholesale OEM factory natural ecological low-dust spherical bentonite cat litter - Shandong Vest International Trade Co., Ltd.\" \/>\n<meta property=\"og:description\" content=\"Material\uff1aBentonite           Product Name  Ball Shape bentonite cat litter 1-2mm    Model  sc-02    Place of origin  Shandong,China    Size  1-2mm    Color  White    Feature  Low dust    Craft  Natural crushing    Shape  Irregular shape    Material  Bentonite    sample  Free    OEM  Accept\" \/>\n<meta property=\"og:url\" content=\"https:\/\/vestpetproducts.com\/pt\/produto\/wholesale-oem-factory-natural-ecological-low-dust-spherical-bentonite-cat-litter\/\" \/>\n<meta property=\"og:site_name\" content=\"Shandong Vest International Trade Co., Ltd.\" \/>\n<meta property=\"article:modified_time\" content=\"2025-08-13T08:31:52+00:00\" \/>\n<meta property=\"og:image\" content=\"https:\/\/vestpetproducts.com\/wp-content\/uploads\/2025\/07\/imgi_302_Hfe465cca98074fff8d2e538606eca042e-1.jpg_480x480_\u526f\u672c-1.jpg\" \/>\n\t<meta property=\"og:image:width\" content=\"1920\" \/>\n\t<meta property=\"og:image:height\" content=\"1920\" \/>\n\t<meta property=\"og:image:type\" content=\"image\/jpeg\" \/>\n<meta name=\"twitter:card\" content=\"summary_large_image\" \/>\n<meta name=\"twitter:label1\" content=\"Tempo estimado de leitura\" \/>\n\t<meta name=\"twitter:data1\" content=\"1 minuto\" \/>\n<script type=\"application\/ld+json\" class=\"yoast-schema-graph\">{\"@context\":\"https:\/\/schema.org\",\"@graph\":[{\"@type\":\"WebPage\",\"@id\":\"https:\/\/vestpetproducts.com\/product\/wholesale-oem-factory-natural-ecological-low-dust-spherical-bentonite-cat-litter\/\",\"url\":\"https:\/\/vestpetproducts.com\/product\/wholesale-oem-factory-natural-ecological-low-dust-spherical-bentonite-cat-litter\/\",\"name\":\"Wholesale OEM factory natural ecological low-dust spherical bentonite cat litter - Shandong Vest International Trade Co., Ltd.\",\"isPartOf\":{\"@id\":\"https:\/\/vestpetproducts.com\/#website\"},\"primaryImageOfPage\":{\"@id\":\"https:\/\/vestpetproducts.com\/product\/wholesale-oem-factory-natural-ecological-low-dust-spherical-bentonite-cat-litter\/#primaryimage\"},\"image\":{\"@id\":\"https:\/\/vestpetproducts.com\/product\/wholesale-oem-factory-natural-ecological-low-dust-spherical-bentonite-cat-litter\/#primaryimage\"},\"thumbnailUrl\":\"https:\/\/vestpetproducts.com\/wp-content\/uploads\/2025\/07\/imgi_302_Hfe465cca98074fff8d2e538606eca042e-1.jpg_480x480_\u526f\u672c-1.jpg\",\"datePublished\":\"2025-07-29T02:42:06+00:00\",\"dateModified\":\"2025-08-13T08:31:52+00:00\",\"breadcrumb\":{\"@id\":\"https:\/\/vestpetproducts.com\/product\/wholesale-oem-factory-natural-ecological-low-dust-spherical-bentonite-cat-litter\/#breadcrumb\"},\"inLanguage\":\"pt-PT\",\"potentialAction\":[{\"@type\":\"ReadAction\",\"target\":[\"https:\/\/vestpetproducts.com\/product\/wholesale-oem-factory-natural-ecological-low-dust-spherical-bentonite-cat-litter\/\"]}]},{\"@type\":\"ImageObject\",\"inLanguage\":\"pt-PT\",\"@id\":\"https:\/\/vestpetproducts.com\/product\/wholesale-oem-factory-natural-ecological-low-dust-spherical-bentonite-cat-litter\/#primaryimage\",\"url\":\"https:\/\/vestpetproducts.com\/wp-content\/uploads\/2025\/07\/imgi_302_Hfe465cca98074fff8d2e538606eca042e-1.jpg_480x480_\u526f\u672c-1.jpg\",\"contentUrl\":\"https:\/\/vestpetproducts.com\/wp-content\/uploads\/2025\/07\/imgi_302_Hfe465cca98074fff8d2e538606eca042e-1.jpg_480x480_\u526f\u672c-1.jpg\",\"width\":1920,\"height\":1920},{\"@type\":\"BreadcrumbList\",\"@id\":\"https:\/\/vestpetproducts.com\/product\/wholesale-oem-factory-natural-ecological-low-dust-spherical-bentonite-cat-litter\/#breadcrumb\",\"itemListElement\":[{\"@type\":\"ListItem\",\"position\":1,\"name\":\"\u9996\u9875\",\"item\":\"https:\/\/vestpetproducts.com\/\"},{\"@type\":\"ListItem\",\"position\":2,\"name\":\"Product\",\"item\":\"https:\/\/vestpetproducts.com\/product\/\"},{\"@type\":\"ListItem\",\"position\":3,\"name\":\"Wholesale OEM factory natural ecological low-dust spherical bentonite cat litter\"}]},{\"@type\":\"WebSite\",\"@id\":\"https:\/\/vestpetproducts.com\/#website\",\"url\":\"https:\/\/vestpetproducts.com\/\",\"name\":\"Shandong Vest International Trade Co., Ltd.\",\"description\":\"Shandong Vest International Trade Co., Ltd.\",\"potentialAction\":[{\"@type\":\"SearchAction\",\"target\":{\"@type\":\"EntryPoint\",\"urlTemplate\":\"https:\/\/vestpetproducts.com\/?s={search_term_string}\"},\"query-input\":{\"@type\":\"PropertyValueSpecification\",\"valueRequired\":true,\"valueName\":\"search_term_string\"}}],\"inLanguage\":\"pt-PT\"}]}<\/script>\n<!-- \/ Yoast SEO plugin. -->","yoast_head_json":{"title":"Wholesale OEM factory natural ecological low-dust spherical bentonite cat litter - Shandong Vest International Trade Co., Ltd.","robots":{"index":"index","follow":"follow","max-snippet":"max-snippet:-1","max-image-preview":"max-image-preview:large","max-video-preview":"max-video-preview:-1"},"canonical":"https:\/\/vestpetproducts.com\/pt\/produto\/wholesale-oem-factory-natural-ecological-low-dust-spherical-bentonite-cat-litter\/","og_locale":"pt_PT","og_type":"article","og_title":"Wholesale OEM factory natural ecological low-dust spherical bentonite cat litter - Shandong Vest International Trade Co., Ltd.","og_description":"Material\uff1aBentonite           Product Name  Ball Shape bentonite cat litter 1-2mm    Model  sc-02    Place of origin  Shandong,China    Size  1-2mm    Color  White    Feature  Low dust    Craft  Natural crushing    Shape  Irregular shape    Material  Bentonite    sample  Free    OEM  Accept","og_url":"https:\/\/vestpetproducts.com\/pt\/produto\/wholesale-oem-factory-natural-ecological-low-dust-spherical-bentonite-cat-litter\/","og_site_name":"Shandong Vest International Trade Co., Ltd.","article_modified_time":"2025-08-13T08:31:52+00:00","og_image":[{"width":1920,"height":1920,"url":"https:\/\/vestpetproducts.com\/wp-content\/uploads\/2025\/07\/imgi_302_Hfe465cca98074fff8d2e538606eca042e-1.jpg_480x480_\u526f\u672c-1.jpg","type":"image\/jpeg"}],"twitter_card":"summary_large_image","twitter_misc":{"Tempo estimado de leitura":"1 minuto"},"schema":{"@context":"https:\/\/schema.org","@graph":[{"@type":"WebPage","@id":"https:\/\/vestpetproducts.com\/product\/wholesale-oem-factory-natural-ecological-low-dust-spherical-bentonite-cat-litter\/","url":"https:\/\/vestpetproducts.com\/product\/wholesale-oem-factory-natural-ecological-low-dust-spherical-bentonite-cat-litter\/","name":"Wholesale OEM factory natural ecological low-dust spherical bentonite cat litter - Shandong Vest International Trade Co., Ltd.","isPartOf":{"@id":"https:\/\/vestpetproducts.com\/#website"},"primaryImageOfPage":{"@id":"https:\/\/vestpetproducts.com\/product\/wholesale-oem-factory-natural-ecological-low-dust-spherical-bentonite-cat-litter\/#primaryimage"},"image":{"@id":"https:\/\/vestpetproducts.com\/product\/wholesale-oem-factory-natural-ecological-low-dust-spherical-bentonite-cat-litter\/#primaryimage"},"thumbnailUrl":"https:\/\/vestpetproducts.com\/wp-content\/uploads\/2025\/07\/imgi_302_Hfe465cca98074fff8d2e538606eca042e-1.jpg_480x480_\u526f\u672c-1.jpg","datePublished":"2025-07-29T02:42:06+00:00","dateModified":"2025-08-13T08:31:52+00:00","breadcrumb":{"@id":"https:\/\/vestpetproducts.com\/product\/wholesale-oem-factory-natural-ecological-low-dust-spherical-bentonite-cat-litter\/#breadcrumb"},"inLanguage":"pt-PT","potentialAction":[{"@type":"ReadAction","target":["https:\/\/vestpetproducts.com\/product\/wholesale-oem-factory-natural-ecological-low-dust-spherical-bentonite-cat-litter\/"]}]},{"@type":"ImageObject","inLanguage":"pt-PT","@id":"https:\/\/vestpetproducts.com\/product\/wholesale-oem-factory-natural-ecological-low-dust-spherical-bentonite-cat-litter\/#primaryimage","url":"https:\/\/vestpetproducts.com\/wp-content\/uploads\/2025\/07\/imgi_302_Hfe465cca98074fff8d2e538606eca042e-1.jpg_480x480_\u526f\u672c-1.jpg","contentUrl":"https:\/\/vestpetproducts.com\/wp-content\/uploads\/2025\/07\/imgi_302_Hfe465cca98074fff8d2e538606eca042e-1.jpg_480x480_\u526f\u672c-1.jpg","width":1920,"height":1920},{"@type":"BreadcrumbList","@id":"https:\/\/vestpetproducts.com\/product\/wholesale-oem-factory-natural-ecological-low-dust-spherical-bentonite-cat-litter\/#breadcrumb","itemListElement":[{"@type":"ListItem","position":1,"name":"\u9996\u9875","item":"https:\/\/vestpetproducts.com\/"},{"@type":"ListItem","position":2,"name":"Product","item":"https:\/\/vestpetproducts.com\/product\/"},{"@type":"ListItem","position":3,"name":"Wholesale OEM factory natural ecological low-dust spherical bentonite cat litter"}]},{"@type":"WebSite","@id":"https:\/\/vestpetproducts.com\/#website","url":"https:\/\/vestpetproducts.com\/","name":"Shandong Vest International Trade Co., Ltd.","description":"Shandong Vest International Trade Co., Ltd.","potentialAction":[{"@type":"SearchAction","target":{"@type":"EntryPoint","urlTemplate":"https:\/\/vestpetproducts.com\/?s={search_term_string}"},"query-input":{"@type":"PropertyValueSpecification","valueRequired":true,"valueName":"search_term_string"}}],"inLanguage":"pt-PT"}]}},"_links":{"self":[{"href":"https:\/\/vestpetproducts.com\/pt\/wp-json\/wp\/v2\/product\/1718","targetHints":{"allow":["GET"]}}],"collection":[{"href":"https:\/\/vestpetproducts.com\/pt\/wp-json\/wp\/v2\/product"}],"about":[{"href":"https:\/\/vestpetproducts.com\/pt\/wp-json\/wp\/v2\/types\/product"}],"wp:featuredmedia":[{"embeddable":true,"href":"https:\/\/vestpetproducts.com\/pt\/wp-json\/wp\/v2\/media\/1726"}],"wp:attachment":[{"href":"https:\/\/vestpetproducts.com\/pt\/wp-json\/wp\/v2\/media?parent=1718"}],"wp:term":[{"taxonomy":"product_brand","embeddable":true,"href":"https:\/\/vestpetproducts.com\/pt\/wp-json\/wp\/v2\/product_brand?post=1718"},{"taxonomy":"product_cat","embeddable":true,"href":"https:\/\/vestpetproducts.com\/pt\/wp-json\/wp\/v2\/product_cat?post=1718"},{"taxonomy":"product_tag","embeddable":true,"href":"https:\/\/vestpetproducts.com\/pt\/wp-json\/wp\/v2\/product_tag?post=1718"}],"curies":[{"name":"wp","href":"https:\/\/api.w.org\/{rel}","templated":true}]}}