{"id":1654,"date":"2025-07-28T05:53:50","date_gmt":"2025-07-28T05:53:50","guid":{"rendered":"https:\/\/vestpetproducts.com\/?post_type=product&#038;p=1654"},"modified":"2025-08-05T08:53:04","modified_gmt":"2025-08-05T08:53:04","slug":"self-cleaning-cat-litter-box-large-capacity-smart-automatic-cat-litter-box-with-app-control-for-multiple-cats","status":"publish","type":"product","link":"https:\/\/vestpetproducts.com\/pt\/produto\/self-cleaning-cat-litter-box-large-capacity-smart-automatic-cat-litter-box-with-app-control-for-multiple-cats\/","title":{"rendered":"Caixa de areia para gatos autolimpante, grande capacidade, caixa de areia autom\u00e1tica inteligente com controle de aplicativo para v\u00e1rios gatos"},"content":{"rendered":"<p><img loading=\"lazy\" decoding=\"async\" class=\"aligncenter size-full wp-image-1660\" src=\"http:\/\/vestpetproducts.com\/wp-content\/uploads\/2025\/07\/8-1.jpg\" alt=\"\" width=\"1000\" height=\"1797\" srcset=\"https:\/\/vestpetproducts.com\/wp-content\/uploads\/2025\/07\/8-1.jpg 1000w, https:\/\/vestpetproducts.com\/wp-content\/uploads\/2025\/07\/8-1-278x500.jpg 278w, https:\/\/vestpetproducts.com\/wp-content\/uploads\/2025\/07\/8-1-668x1200.jpg 668w, https:\/\/vestpetproducts.com\/wp-content\/uploads\/2025\/07\/8-1-167x300.jpg 167w, https:\/\/vestpetproducts.com\/wp-content\/uploads\/2025\/07\/8-1-768x1380.jpg 768w, https:\/\/vestpetproducts.com\/wp-content\/uploads\/2025\/07\/8-1-855x1536.jpg 855w, https:\/\/vestpetproducts.com\/wp-content\/uploads\/2025\/07\/8-1-7x12.jpg 7w, https:\/\/vestpetproducts.com\/wp-content\/uploads\/2025\/07\/8-1-42x75.jpg 42w, https:\/\/vestpetproducts.com\/wp-content\/uploads\/2025\/07\/8-1-480x863.jpg 480w, https:\/\/vestpetproducts.com\/wp-content\/uploads\/2025\/07\/8-1-800x1438.jpg 800w\" sizes=\"auto, (max-width:767px) 480px, (max-width:1000px) 100vw, 1000px\" \/> <img loading=\"lazy\" decoding=\"async\" class=\"aligncenter size-full wp-image-1661\" src=\"http:\/\/vestpetproducts.com\/wp-content\/uploads\/2025\/07\/9-1.jpg\" alt=\"\" width=\"1000\" height=\"1705\" srcset=\"https:\/\/vestpetproducts.com\/wp-content\/uploads\/2025\/07\/9-1.jpg 1000w, https:\/\/vestpetproducts.com\/wp-content\/uploads\/2025\/07\/9-1-293x500.jpg 293w, https:\/\/vestpetproducts.com\/wp-content\/uploads\/2025\/07\/9-1-704x1200.jpg 704w, https:\/\/vestpetproducts.com\/wp-content\/uploads\/2025\/07\/9-1-176x300.jpg 176w, https:\/\/vestpetproducts.com\/wp-content\/uploads\/2025\/07\/9-1-768x1309.jpg 768w, https:\/\/vestpetproducts.com\/wp-content\/uploads\/2025\/07\/9-1-901x1536.jpg 901w, https:\/\/vestpetproducts.com\/wp-content\/uploads\/2025\/07\/9-1-7x12.jpg 7w, https:\/\/vestpetproducts.com\/wp-content\/uploads\/2025\/07\/9-1-44x75.jpg 44w, https:\/\/vestpetproducts.com\/wp-content\/uploads\/2025\/07\/9-1-480x818.jpg 480w, https:\/\/vestpetproducts.com\/wp-content\/uploads\/2025\/07\/9-1-800x1364.jpg 800w\" sizes=\"auto, (max-width:767px) 480px, (max-width:1000px) 100vw, 1000px\" \/> <img loading=\"lazy\" decoding=\"async\" class=\"aligncenter size-full wp-image-1662\" src=\"http:\/\/vestpetproducts.com\/wp-content\/uploads\/2025\/07\/10-1.jpg\" alt=\"\" width=\"1000\" height=\"1620\" srcset=\"https:\/\/vestpetproducts.com\/wp-content\/uploads\/2025\/07\/10-1.jpg 1000w, https:\/\/vestpetproducts.com\/wp-content\/uploads\/2025\/07\/10-1-309x500.jpg 309w, https:\/\/vestpetproducts.com\/wp-content\/uploads\/2025\/07\/10-1-741x1200.jpg 741w, https:\/\/vestpetproducts.com\/wp-content\/uploads\/2025\/07\/10-1-185x300.jpg 185w, https:\/\/vestpetproducts.com\/wp-content\/uploads\/2025\/07\/10-1-768x1244.jpg 768w, https:\/\/vestpetproducts.com\/wp-content\/uploads\/2025\/07\/10-1-948x1536.jpg 948w, https:\/\/vestpetproducts.com\/wp-content\/uploads\/2025\/07\/10-1-7x12.jpg 7w, https:\/\/vestpetproducts.com\/wp-content\/uploads\/2025\/07\/10-1-46x75.jpg 46w, https:\/\/vestpetproducts.com\/wp-content\/uploads\/2025\/07\/10-1-480x778.jpg 480w, https:\/\/vestpetproducts.com\/wp-content\/uploads\/2025\/07\/10-1-800x1296.jpg 800w\" sizes=\"auto, (max-width:767px) 480px, (max-width:1000px) 100vw, 1000px\" \/> <img loading=\"lazy\" decoding=\"async\" class=\"aligncenter size-full wp-image-1663\" src=\"http:\/\/vestpetproducts.com\/wp-content\/uploads\/2025\/07\/11-1.jpg\" alt=\"\" width=\"1000\" height=\"1647\" srcset=\"https:\/\/vestpetproducts.com\/wp-content\/uploads\/2025\/07\/11-1.jpg 1000w, https:\/\/vestpetproducts.com\/wp-content\/uploads\/2025\/07\/11-1-304x500.jpg 304w, https:\/\/vestpetproducts.com\/wp-content\/uploads\/2025\/07\/11-1-729x1200.jpg 729w, https:\/\/vestpetproducts.com\/wp-content\/uploads\/2025\/07\/11-1-182x300.jpg 182w, https:\/\/vestpetproducts.com\/wp-content\/uploads\/2025\/07\/11-1-768x1265.jpg 768w, https:\/\/vestpetproducts.com\/wp-content\/uploads\/2025\/07\/11-1-933x1536.jpg 933w, https:\/\/vestpetproducts.com\/wp-content\/uploads\/2025\/07\/11-1-7x12.jpg 7w, https:\/\/vestpetproducts.com\/wp-content\/uploads\/2025\/07\/11-1-46x75.jpg 46w, https:\/\/vestpetproducts.com\/wp-content\/uploads\/2025\/07\/11-1-480x791.jpg 480w, https:\/\/vestpetproducts.com\/wp-content\/uploads\/2025\/07\/11-1-800x1318.jpg 800w\" sizes=\"auto, (max-width:767px) 480px, (max-width:1000px) 100vw, 1000px\" \/> <img loading=\"lazy\" decoding=\"async\" class=\"aligncenter size-full wp-image-1664\" src=\"http:\/\/vestpetproducts.com\/wp-content\/uploads\/2025\/07\/12-1.jpg\" alt=\"\" width=\"1000\" height=\"1799\" srcset=\"https:\/\/vestpetproducts.com\/wp-content\/uploads\/2025\/07\/12-1.jpg 1000w, https:\/\/vestpetproducts.com\/wp-content\/uploads\/2025\/07\/12-1-278x500.jpg 278w, https:\/\/vestpetproducts.com\/wp-content\/uploads\/2025\/07\/12-1-667x1200.jpg 667w, https:\/\/vestpetproducts.com\/wp-content\/uploads\/2025\/07\/12-1-167x300.jpg 167w, https:\/\/vestpetproducts.com\/wp-content\/uploads\/2025\/07\/12-1-768x1382.jpg 768w, https:\/\/vestpetproducts.com\/wp-content\/uploads\/2025\/07\/12-1-854x1536.jpg 854w, https:\/\/vestpetproducts.com\/wp-content\/uploads\/2025\/07\/12-1-7x12.jpg 7w, https:\/\/vestpetproducts.com\/wp-content\/uploads\/2025\/07\/12-1-42x75.jpg 42w, https:\/\/vestpetproducts.com\/wp-content\/uploads\/2025\/07\/12-1-480x864.jpg 480w, https:\/\/vestpetproducts.com\/wp-content\/uploads\/2025\/07\/12-1-800x1439.jpg 800w\" sizes=\"auto, (max-width:767px) 480px, (max-width:1000px) 100vw, 1000px\" \/> <img loading=\"lazy\" decoding=\"async\" class=\"aligncenter size-full wp-image-1665\" src=\"http:\/\/vestpetproducts.com\/wp-content\/uploads\/2025\/07\/13.jpg\" alt=\"\" width=\"1000\" height=\"2201\" srcset=\"https:\/\/vestpetproducts.com\/wp-content\/uploads\/2025\/07\/13.jpg 1000w, https:\/\/vestpetproducts.com\/wp-content\/uploads\/2025\/07\/13-227x500.jpg 227w, https:\/\/vestpetproducts.com\/wp-content\/uploads\/2025\/07\/13-545x1200.jpg 545w, https:\/\/vestpetproducts.com\/wp-content\/uploads\/2025\/07\/13-136x300.jpg 136w, https:\/\/vestpetproducts.com\/wp-content\/uploads\/2025\/07\/13-768x1690.jpg 768w, https:\/\/vestpetproducts.com\/wp-content\/uploads\/2025\/07\/13-698x1536.jpg 698w, https:\/\/vestpetproducts.com\/wp-content\/uploads\/2025\/07\/13-930x2048.jpg 930w, https:\/\/vestpetproducts.com\/wp-content\/uploads\/2025\/07\/13-5x12.jpg 5w, https:\/\/vestpetproducts.com\/wp-content\/uploads\/2025\/07\/13-34x75.jpg 34w, https:\/\/vestpetproducts.com\/wp-content\/uploads\/2025\/07\/13-436x960.jpg 436w, https:\/\/vestpetproducts.com\/wp-content\/uploads\/2025\/07\/13-800x1761.jpg 800w\" sizes=\"auto, (max-width:767px) 480px, (max-width:1000px) 100vw, 1000px\" \/><\/p>","protected":false},"excerpt":{"rendered":"<p>Tamanho: 610 mm * 550 mm * 510 mm<\/p>\n<p>Estrutura da claraboia: voc\u00ea pode adicionar areia para gatos pela claraboia enquanto estiver em p\u00e9, o que \u00e9 f\u00e1cil e n\u00e3o for\u00e7ar\u00e1 suas costas.<\/p>\n<p>A veda\u00e7\u00e3o \u00e0 prova de vazamentos e a estrutura da aleta de drenagem garantem que a urina sempre flua ao longo da borda para dentro da caixa de areia.<\/p>\n<p>Equipamentos de baixo ru\u00eddo do tipo Footprint, com \u00e1rea \u00fatil de aproximadamente 0,16 metros quadrados, s\u00e3o silenciosos e n\u00e3o causam interfer\u00eancia.<\/p>\n<p>O equipamento ocupa pouco espa\u00e7o, mas \u00e9 altamente funcional.<\/p>","protected":false},"featured_media":1653,"template":"","meta":{"content-type":""},"product_brand":[],"product_cat":[17],"product_tag":[],"class_list":{"0":"post-1654","1":"product","2":"type-product","3":"status-publish","4":"has-post-thumbnail","6":"product_cat-pet-supplies","8":"first","9":"instock","10":"shipping-taxable","11":"product-type-simple"},"yoast_head":"<!-- This site is optimized with the Yoast SEO plugin v24.9 - https:\/\/yoast.com\/wordpress\/plugins\/seo\/ -->\n<title>Self Cleaning Cat Litter Box Large Capacity Smart Automatic Cat Litter Box With APP Control for Multiple Cats - Shandong Vest International Trade Co., Ltd.<\/title>\n<meta name=\"robots\" content=\"index, follow, max-snippet:-1, max-image-preview:large, max-video-preview:-1\" \/>\n<link rel=\"canonical\" href=\"https:\/\/vestpetproducts.com\/pt\/produto\/self-cleaning-cat-litter-box-large-capacity-smart-automatic-cat-litter-box-with-app-control-for-multiple-cats\/\" \/>\n<meta property=\"og:locale\" content=\"pt_PT\" \/>\n<meta property=\"og:type\" content=\"article\" \/>\n<meta property=\"og:title\" content=\"Self Cleaning Cat Litter Box Large Capacity Smart Automatic Cat Litter Box With APP Control for Multiple Cats - Shandong Vest International Trade Co., Ltd.\" \/>\n<meta property=\"og:description\" content=\"Size:\u00a0 610mm*550mm*510mm  Skylight structure: You can add cat litter from the skylight while standing, which is effortless and won&#039;t strain your back.  The leak-proof seal and drainage fin structure ensure that urine always flows along the edge into the litter pad.  Footprint-style low-noise equipment has a floor area of approximately 0.16 square meters. It is quiet and has no interference.  The equipment has a small footprint but is highly functional.\" \/>\n<meta property=\"og:url\" content=\"https:\/\/vestpetproducts.com\/pt\/produto\/self-cleaning-cat-litter-box-large-capacity-smart-automatic-cat-litter-box-with-app-control-for-multiple-cats\/\" \/>\n<meta property=\"og:site_name\" content=\"Shandong Vest International Trade Co., Ltd.\" \/>\n<meta property=\"article:modified_time\" content=\"2025-08-05T08:53:04+00:00\" \/>\n<meta property=\"og:image\" content=\"https:\/\/vestpetproducts.com\/wp-content\/uploads\/2025\/07\/1-13.jpg\" \/>\n\t<meta property=\"og:image:width\" content=\"1000\" \/>\n\t<meta property=\"og:image:height\" content=\"1587\" \/>\n\t<meta property=\"og:image:type\" content=\"image\/jpeg\" \/>\n<meta name=\"twitter:card\" content=\"summary_large_image\" \/>\n<meta name=\"twitter:label1\" content=\"Tempo estimado de leitura\" \/>\n\t<meta name=\"twitter:data1\" content=\"2 minutos\" \/>\n<script type=\"application\/ld+json\" class=\"yoast-schema-graph\">{\"@context\":\"https:\/\/schema.org\",\"@graph\":[{\"@type\":\"WebPage\",\"@id\":\"https:\/\/vestpetproducts.com\/product\/self-cleaning-cat-litter-box-large-capacity-smart-automatic-cat-litter-box-with-app-control-for-multiple-cats\/\",\"url\":\"https:\/\/vestpetproducts.com\/product\/self-cleaning-cat-litter-box-large-capacity-smart-automatic-cat-litter-box-with-app-control-for-multiple-cats\/\",\"name\":\"Self Cleaning Cat Litter Box Large Capacity Smart Automatic Cat Litter Box With APP Control for Multiple Cats - Shandong Vest International Trade Co., Ltd.\",\"isPartOf\":{\"@id\":\"https:\/\/vestpetproducts.com\/#website\"},\"primaryImageOfPage\":{\"@id\":\"https:\/\/vestpetproducts.com\/product\/self-cleaning-cat-litter-box-large-capacity-smart-automatic-cat-litter-box-with-app-control-for-multiple-cats\/#primaryimage\"},\"image\":{\"@id\":\"https:\/\/vestpetproducts.com\/product\/self-cleaning-cat-litter-box-large-capacity-smart-automatic-cat-litter-box-with-app-control-for-multiple-cats\/#primaryimage\"},\"thumbnailUrl\":\"https:\/\/vestpetproducts.com\/wp-content\/uploads\/2025\/07\/1-13.jpg\",\"datePublished\":\"2025-07-28T05:53:50+00:00\",\"dateModified\":\"2025-08-05T08:53:04+00:00\",\"breadcrumb\":{\"@id\":\"https:\/\/vestpetproducts.com\/product\/self-cleaning-cat-litter-box-large-capacity-smart-automatic-cat-litter-box-with-app-control-for-multiple-cats\/#breadcrumb\"},\"inLanguage\":\"pt-PT\",\"potentialAction\":[{\"@type\":\"ReadAction\",\"target\":[\"https:\/\/vestpetproducts.com\/product\/self-cleaning-cat-litter-box-large-capacity-smart-automatic-cat-litter-box-with-app-control-for-multiple-cats\/\"]}]},{\"@type\":\"ImageObject\",\"inLanguage\":\"pt-PT\",\"@id\":\"https:\/\/vestpetproducts.com\/product\/self-cleaning-cat-litter-box-large-capacity-smart-automatic-cat-litter-box-with-app-control-for-multiple-cats\/#primaryimage\",\"url\":\"https:\/\/vestpetproducts.com\/wp-content\/uploads\/2025\/07\/1-13.jpg\",\"contentUrl\":\"https:\/\/vestpetproducts.com\/wp-content\/uploads\/2025\/07\/1-13.jpg\",\"width\":1000,\"height\":1587},{\"@type\":\"BreadcrumbList\",\"@id\":\"https:\/\/vestpetproducts.com\/product\/self-cleaning-cat-litter-box-large-capacity-smart-automatic-cat-litter-box-with-app-control-for-multiple-cats\/#breadcrumb\",\"itemListElement\":[{\"@type\":\"ListItem\",\"position\":1,\"name\":\"\u9996\u9875\",\"item\":\"https:\/\/vestpetproducts.com\/\"},{\"@type\":\"ListItem\",\"position\":2,\"name\":\"Product\",\"item\":\"https:\/\/vestpetproducts.com\/product\/\"},{\"@type\":\"ListItem\",\"position\":3,\"name\":\"Self Cleaning Cat Litter Box Large Capacity Smart Automatic Cat Litter Box With APP Control for Multiple Cats\"}]},{\"@type\":\"WebSite\",\"@id\":\"https:\/\/vestpetproducts.com\/#website\",\"url\":\"https:\/\/vestpetproducts.com\/\",\"name\":\"Shandong Vest International Trade Co., Ltd.\",\"description\":\"Shandong Vest International Trade Co., Ltd.\",\"potentialAction\":[{\"@type\":\"SearchAction\",\"target\":{\"@type\":\"EntryPoint\",\"urlTemplate\":\"https:\/\/vestpetproducts.com\/?s={search_term_string}\"},\"query-input\":{\"@type\":\"PropertyValueSpecification\",\"valueRequired\":true,\"valueName\":\"search_term_string\"}}],\"inLanguage\":\"pt-PT\"}]}<\/script>\n<!-- \/ Yoast SEO plugin. -->","yoast_head_json":{"title":"Self Cleaning Cat Litter Box Large Capacity Smart Automatic Cat Litter Box With APP Control for Multiple Cats - Shandong Vest International Trade Co., Ltd.","robots":{"index":"index","follow":"follow","max-snippet":"max-snippet:-1","max-image-preview":"max-image-preview:large","max-video-preview":"max-video-preview:-1"},"canonical":"https:\/\/vestpetproducts.com\/pt\/produto\/self-cleaning-cat-litter-box-large-capacity-smart-automatic-cat-litter-box-with-app-control-for-multiple-cats\/","og_locale":"pt_PT","og_type":"article","og_title":"Self Cleaning Cat Litter Box Large Capacity Smart Automatic Cat Litter Box With APP Control for Multiple Cats - Shandong Vest International Trade Co., Ltd.","og_description":"Size:\u00a0 610mm*550mm*510mm  Skylight structure: You can add cat litter from the skylight while standing, which is effortless and won't strain your back.  The leak-proof seal and drainage fin structure ensure that urine always flows along the edge into the litter pad.  Footprint-style low-noise equipment has a floor area of approximately 0.16 square meters. It is quiet and has no interference.  The equipment has a small footprint but is highly functional.","og_url":"https:\/\/vestpetproducts.com\/pt\/produto\/self-cleaning-cat-litter-box-large-capacity-smart-automatic-cat-litter-box-with-app-control-for-multiple-cats\/","og_site_name":"Shandong Vest International Trade Co., Ltd.","article_modified_time":"2025-08-05T08:53:04+00:00","og_image":[{"width":1000,"height":1587,"url":"https:\/\/vestpetproducts.com\/wp-content\/uploads\/2025\/07\/1-13.jpg","type":"image\/jpeg"}],"twitter_card":"summary_large_image","twitter_misc":{"Tempo estimado de leitura":"2 minutos"},"schema":{"@context":"https:\/\/schema.org","@graph":[{"@type":"WebPage","@id":"https:\/\/vestpetproducts.com\/product\/self-cleaning-cat-litter-box-large-capacity-smart-automatic-cat-litter-box-with-app-control-for-multiple-cats\/","url":"https:\/\/vestpetproducts.com\/product\/self-cleaning-cat-litter-box-large-capacity-smart-automatic-cat-litter-box-with-app-control-for-multiple-cats\/","name":"Self Cleaning Cat Litter Box Large Capacity Smart Automatic Cat Litter Box With APP Control for Multiple Cats - Shandong Vest International Trade Co., Ltd.","isPartOf":{"@id":"https:\/\/vestpetproducts.com\/#website"},"primaryImageOfPage":{"@id":"https:\/\/vestpetproducts.com\/product\/self-cleaning-cat-litter-box-large-capacity-smart-automatic-cat-litter-box-with-app-control-for-multiple-cats\/#primaryimage"},"image":{"@id":"https:\/\/vestpetproducts.com\/product\/self-cleaning-cat-litter-box-large-capacity-smart-automatic-cat-litter-box-with-app-control-for-multiple-cats\/#primaryimage"},"thumbnailUrl":"https:\/\/vestpetproducts.com\/wp-content\/uploads\/2025\/07\/1-13.jpg","datePublished":"2025-07-28T05:53:50+00:00","dateModified":"2025-08-05T08:53:04+00:00","breadcrumb":{"@id":"https:\/\/vestpetproducts.com\/product\/self-cleaning-cat-litter-box-large-capacity-smart-automatic-cat-litter-box-with-app-control-for-multiple-cats\/#breadcrumb"},"inLanguage":"pt-PT","potentialAction":[{"@type":"ReadAction","target":["https:\/\/vestpetproducts.com\/product\/self-cleaning-cat-litter-box-large-capacity-smart-automatic-cat-litter-box-with-app-control-for-multiple-cats\/"]}]},{"@type":"ImageObject","inLanguage":"pt-PT","@id":"https:\/\/vestpetproducts.com\/product\/self-cleaning-cat-litter-box-large-capacity-smart-automatic-cat-litter-box-with-app-control-for-multiple-cats\/#primaryimage","url":"https:\/\/vestpetproducts.com\/wp-content\/uploads\/2025\/07\/1-13.jpg","contentUrl":"https:\/\/vestpetproducts.com\/wp-content\/uploads\/2025\/07\/1-13.jpg","width":1000,"height":1587},{"@type":"BreadcrumbList","@id":"https:\/\/vestpetproducts.com\/product\/self-cleaning-cat-litter-box-large-capacity-smart-automatic-cat-litter-box-with-app-control-for-multiple-cats\/#breadcrumb","itemListElement":[{"@type":"ListItem","position":1,"name":"\u9996\u9875","item":"https:\/\/vestpetproducts.com\/"},{"@type":"ListItem","position":2,"name":"Product","item":"https:\/\/vestpetproducts.com\/product\/"},{"@type":"ListItem","position":3,"name":"Self Cleaning Cat Litter Box Large Capacity Smart Automatic Cat Litter Box With APP Control for Multiple Cats"}]},{"@type":"WebSite","@id":"https:\/\/vestpetproducts.com\/#website","url":"https:\/\/vestpetproducts.com\/","name":"Shandong Vest International Trade Co., Ltd.","description":"Shandong Vest International Trade Co., Ltd.","potentialAction":[{"@type":"SearchAction","target":{"@type":"EntryPoint","urlTemplate":"https:\/\/vestpetproducts.com\/?s={search_term_string}"},"query-input":{"@type":"PropertyValueSpecification","valueRequired":true,"valueName":"search_term_string"}}],"inLanguage":"pt-PT"}]}},"_links":{"self":[{"href":"https:\/\/vestpetproducts.com\/pt\/wp-json\/wp\/v2\/product\/1654","targetHints":{"allow":["GET"]}}],"collection":[{"href":"https:\/\/vestpetproducts.com\/pt\/wp-json\/wp\/v2\/product"}],"about":[{"href":"https:\/\/vestpetproducts.com\/pt\/wp-json\/wp\/v2\/types\/product"}],"wp:featuredmedia":[{"embeddable":true,"href":"https:\/\/vestpetproducts.com\/pt\/wp-json\/wp\/v2\/media\/1653"}],"wp:attachment":[{"href":"https:\/\/vestpetproducts.com\/pt\/wp-json\/wp\/v2\/media?parent=1654"}],"wp:term":[{"taxonomy":"product_brand","embeddable":true,"href":"https:\/\/vestpetproducts.com\/pt\/wp-json\/wp\/v2\/product_brand?post=1654"},{"taxonomy":"product_cat","embeddable":true,"href":"https:\/\/vestpetproducts.com\/pt\/wp-json\/wp\/v2\/product_cat?post=1654"},{"taxonomy":"product_tag","embeddable":true,"href":"https:\/\/vestpetproducts.com\/pt\/wp-json\/wp\/v2\/product_tag?post=1654"}],"curies":[{"name":"wp","href":"https:\/\/api.w.org\/{rel}","templated":true}]}}