{"id":1600,"date":"2025-07-24T08:51:54","date_gmt":"2025-07-24T08:51:54","guid":{"rendered":"https:\/\/vestpetproducts.com\/?post_type=product&#038;p=1600"},"modified":"2025-08-05T00:52:51","modified_gmt":"2025-08-05T00:52:51","slug":"rechargeable-wireless-oem-low-noise-cat-claw-grooming-scissors-with-led-light-display","status":"publish","type":"product","link":"https:\/\/vestpetproducts.com\/pt\/produto\/rechargeable-wireless-oem-low-noise-cat-claw-grooming-scissors-with-led-light-display\/","title":{"rendered":"Tesoura de tosa para gatos OEM sem fio recarreg\u00e1vel e de baixo ru\u00eddo com visor de luz LED"},"content":{"rendered":"<p><img loading=\"lazy\" decoding=\"async\" class=\"aligncenter size-full wp-image-1608\" src=\"http:\/\/vestpetproducts.com\/wp-content\/uploads\/2025\/07\/O1CN01SMFHcc2Hxu08y5k8b_2504059218-0-cib.jpg\" alt=\"\" width=\"790\" height=\"1470\" srcset=\"https:\/\/vestpetproducts.com\/wp-content\/uploads\/2025\/07\/O1CN01SMFHcc2Hxu08y5k8b_2504059218-0-cib.jpg 790w, https:\/\/vestpetproducts.com\/wp-content\/uploads\/2025\/07\/O1CN01SMFHcc2Hxu08y5k8b_2504059218-0-cib-269x500.jpg 269w, https:\/\/vestpetproducts.com\/wp-content\/uploads\/2025\/07\/O1CN01SMFHcc2Hxu08y5k8b_2504059218-0-cib-645x1200.jpg 645w, https:\/\/vestpetproducts.com\/wp-content\/uploads\/2025\/07\/O1CN01SMFHcc2Hxu08y5k8b_2504059218-0-cib-161x300.jpg 161w, https:\/\/vestpetproducts.com\/wp-content\/uploads\/2025\/07\/O1CN01SMFHcc2Hxu08y5k8b_2504059218-0-cib-768x1429.jpg 768w, https:\/\/vestpetproducts.com\/wp-content\/uploads\/2025\/07\/O1CN01SMFHcc2Hxu08y5k8b_2504059218-0-cib-6x12.jpg 6w, https:\/\/vestpetproducts.com\/wp-content\/uploads\/2025\/07\/O1CN01SMFHcc2Hxu08y5k8b_2504059218-0-cib-40x75.jpg 40w, https:\/\/vestpetproducts.com\/wp-content\/uploads\/2025\/07\/O1CN01SMFHcc2Hxu08y5k8b_2504059218-0-cib-480x893.jpg 480w\" sizes=\"auto, (max-width:767px) 480px, (max-width:790px) 100vw, 790px\" \/> <img loading=\"lazy\" decoding=\"async\" class=\"aligncenter size-full wp-image-1609\" src=\"http:\/\/vestpetproducts.com\/wp-content\/uploads\/2025\/07\/O1CN01trntjZ2Hxu08zgMRn_2504059218-0-cib.jpg\" alt=\"\" width=\"790\" height=\"1660\" srcset=\"https:\/\/vestpetproducts.com\/wp-content\/uploads\/2025\/07\/O1CN01trntjZ2Hxu08zgMRn_2504059218-0-cib.jpg 790w, https:\/\/vestpetproducts.com\/wp-content\/uploads\/2025\/07\/O1CN01trntjZ2Hxu08zgMRn_2504059218-0-cib-238x500.jpg 238w, https:\/\/vestpetproducts.com\/wp-content\/uploads\/2025\/07\/O1CN01trntjZ2Hxu08zgMRn_2504059218-0-cib-571x1200.jpg 571w, https:\/\/vestpetproducts.com\/wp-content\/uploads\/2025\/07\/O1CN01trntjZ2Hxu08zgMRn_2504059218-0-cib-143x300.jpg 143w, https:\/\/vestpetproducts.com\/wp-content\/uploads\/2025\/07\/O1CN01trntjZ2Hxu08zgMRn_2504059218-0-cib-768x1614.jpg 768w, https:\/\/vestpetproducts.com\/wp-content\/uploads\/2025\/07\/O1CN01trntjZ2Hxu08zgMRn_2504059218-0-cib-731x1536.jpg 731w, https:\/\/vestpetproducts.com\/wp-content\/uploads\/2025\/07\/O1CN01trntjZ2Hxu08zgMRn_2504059218-0-cib-6x12.jpg 6w, https:\/\/vestpetproducts.com\/wp-content\/uploads\/2025\/07\/O1CN01trntjZ2Hxu08zgMRn_2504059218-0-cib-36x75.jpg 36w, https:\/\/vestpetproducts.com\/wp-content\/uploads\/2025\/07\/O1CN01trntjZ2Hxu08zgMRn_2504059218-0-cib-457x960.jpg 457w\" sizes=\"auto, (max-width:767px) 480px, (max-width:790px) 100vw, 790px\" \/> <img loading=\"lazy\" decoding=\"async\" class=\"aligncenter size-full wp-image-1610\" src=\"http:\/\/vestpetproducts.com\/wp-content\/uploads\/2025\/07\/O1CN01RPjqi22Hxu083ZdK3_2504059218-0-cib.jpg\" alt=\"\" width=\"790\" height=\"1089\" srcset=\"https:\/\/vestpetproducts.com\/wp-content\/uploads\/2025\/07\/O1CN01RPjqi22Hxu083ZdK3_2504059218-0-cib.jpg 790w, https:\/\/vestpetproducts.com\/wp-content\/uploads\/2025\/07\/O1CN01RPjqi22Hxu083ZdK3_2504059218-0-cib-363x500.jpg 363w, https:\/\/vestpetproducts.com\/wp-content\/uploads\/2025\/07\/O1CN01RPjqi22Hxu083ZdK3_2504059218-0-cib-218x300.jpg 218w, https:\/\/vestpetproducts.com\/wp-content\/uploads\/2025\/07\/O1CN01RPjqi22Hxu083ZdK3_2504059218-0-cib-768x1059.jpg 768w, https:\/\/vestpetproducts.com\/wp-content\/uploads\/2025\/07\/O1CN01RPjqi22Hxu083ZdK3_2504059218-0-cib-9x12.jpg 9w, https:\/\/vestpetproducts.com\/wp-content\/uploads\/2025\/07\/O1CN01RPjqi22Hxu083ZdK3_2504059218-0-cib-54x75.jpg 54w, https:\/\/vestpetproducts.com\/wp-content\/uploads\/2025\/07\/O1CN01RPjqi22Hxu083ZdK3_2504059218-0-cib-480x662.jpg 480w\" sizes=\"auto, (max-width:767px) 480px, (max-width:790px) 100vw, 790px\" \/> <img loading=\"lazy\" decoding=\"async\" class=\"aligncenter size-full wp-image-1611\" src=\"http:\/\/vestpetproducts.com\/wp-content\/uploads\/2025\/07\/O1CN01H7m2E82Hxu09jI4d2_2504059218-0-cib.jpg\" alt=\"\" width=\"790\" height=\"1049\" srcset=\"https:\/\/vestpetproducts.com\/wp-content\/uploads\/2025\/07\/O1CN01H7m2E82Hxu09jI4d2_2504059218-0-cib.jpg 790w, https:\/\/vestpetproducts.com\/wp-content\/uploads\/2025\/07\/O1CN01H7m2E82Hxu09jI4d2_2504059218-0-cib-377x500.jpg 377w, https:\/\/vestpetproducts.com\/wp-content\/uploads\/2025\/07\/O1CN01H7m2E82Hxu09jI4d2_2504059218-0-cib-226x300.jpg 226w, https:\/\/vestpetproducts.com\/wp-content\/uploads\/2025\/07\/O1CN01H7m2E82Hxu09jI4d2_2504059218-0-cib-768x1020.jpg 768w, https:\/\/vestpetproducts.com\/wp-content\/uploads\/2025\/07\/O1CN01H7m2E82Hxu09jI4d2_2504059218-0-cib-9x12.jpg 9w, https:\/\/vestpetproducts.com\/wp-content\/uploads\/2025\/07\/O1CN01H7m2E82Hxu09jI4d2_2504059218-0-cib-56x75.jpg 56w, https:\/\/vestpetproducts.com\/wp-content\/uploads\/2025\/07\/O1CN01H7m2E82Hxu09jI4d2_2504059218-0-cib-480x637.jpg 480w\" sizes=\"auto, (max-width:767px) 480px, (max-width:790px) 100vw, 790px\" \/> <img loading=\"lazy\" decoding=\"async\" class=\"aligncenter size-full wp-image-1612\" src=\"http:\/\/vestpetproducts.com\/wp-content\/uploads\/2025\/07\/O1CN01wufK5m2Hxu09Pa9mZ_2504059218-0-cib.jpg\" alt=\"\" width=\"790\" height=\"1391\" srcset=\"https:\/\/vestpetproducts.com\/wp-content\/uploads\/2025\/07\/O1CN01wufK5m2Hxu09Pa9mZ_2504059218-0-cib.jpg 790w, https:\/\/vestpetproducts.com\/wp-content\/uploads\/2025\/07\/O1CN01wufK5m2Hxu09Pa9mZ_2504059218-0-cib-284x500.jpg 284w, https:\/\/vestpetproducts.com\/wp-content\/uploads\/2025\/07\/O1CN01wufK5m2Hxu09Pa9mZ_2504059218-0-cib-682x1200.jpg 682w, https:\/\/vestpetproducts.com\/wp-content\/uploads\/2025\/07\/O1CN01wufK5m2Hxu09Pa9mZ_2504059218-0-cib-170x300.jpg 170w, https:\/\/vestpetproducts.com\/wp-content\/uploads\/2025\/07\/O1CN01wufK5m2Hxu09Pa9mZ_2504059218-0-cib-768x1352.jpg 768w, https:\/\/vestpetproducts.com\/wp-content\/uploads\/2025\/07\/O1CN01wufK5m2Hxu09Pa9mZ_2504059218-0-cib-7x12.jpg 7w, https:\/\/vestpetproducts.com\/wp-content\/uploads\/2025\/07\/O1CN01wufK5m2Hxu09Pa9mZ_2504059218-0-cib-43x75.jpg 43w, https:\/\/vestpetproducts.com\/wp-content\/uploads\/2025\/07\/O1CN01wufK5m2Hxu09Pa9mZ_2504059218-0-cib-480x845.jpg 480w\" sizes=\"auto, (max-width:767px) 480px, (max-width:790px) 100vw, 790px\" \/> <img loading=\"lazy\" decoding=\"async\" class=\"aligncenter size-full wp-image-1613\" src=\"http:\/\/vestpetproducts.com\/wp-content\/uploads\/2025\/07\/O1CN01xeVBHB2Hxu06y9Inl_2504059218-0-cib.jpg\" alt=\"\" width=\"790\" height=\"1547\" srcset=\"https:\/\/vestpetproducts.com\/wp-content\/uploads\/2025\/07\/O1CN01xeVBHB2Hxu06y9Inl_2504059218-0-cib.jpg 790w, https:\/\/vestpetproducts.com\/wp-content\/uploads\/2025\/07\/O1CN01xeVBHB2Hxu06y9Inl_2504059218-0-cib-255x500.jpg 255w, https:\/\/vestpetproducts.com\/wp-content\/uploads\/2025\/07\/O1CN01xeVBHB2Hxu06y9Inl_2504059218-0-cib-613x1200.jpg 613w, https:\/\/vestpetproducts.com\/wp-content\/uploads\/2025\/07\/O1CN01xeVBHB2Hxu06y9Inl_2504059218-0-cib-153x300.jpg 153w, https:\/\/vestpetproducts.com\/wp-content\/uploads\/2025\/07\/O1CN01xeVBHB2Hxu06y9Inl_2504059218-0-cib-768x1504.jpg 768w, https:\/\/vestpetproducts.com\/wp-content\/uploads\/2025\/07\/O1CN01xeVBHB2Hxu06y9Inl_2504059218-0-cib-784x1536.jpg 784w, https:\/\/vestpetproducts.com\/wp-content\/uploads\/2025\/07\/O1CN01xeVBHB2Hxu06y9Inl_2504059218-0-cib-6x12.jpg 6w, https:\/\/vestpetproducts.com\/wp-content\/uploads\/2025\/07\/O1CN01xeVBHB2Hxu06y9Inl_2504059218-0-cib-38x75.jpg 38w, https:\/\/vestpetproducts.com\/wp-content\/uploads\/2025\/07\/O1CN01xeVBHB2Hxu06y9Inl_2504059218-0-cib-480x940.jpg 480w\" sizes=\"auto, (max-width:767px) 480px, (max-width:790px) 100vw, 790px\" \/> <img loading=\"lazy\" decoding=\"async\" class=\"aligncenter size-full wp-image-1615\" src=\"http:\/\/vestpetproducts.com\/wp-content\/uploads\/2025\/07\/O1CN01qH47Ok2Hxu09jJx0s_2504059218-0-cib.jpg\" alt=\"\" width=\"790\" height=\"1203\" srcset=\"https:\/\/vestpetproducts.com\/wp-content\/uploads\/2025\/07\/O1CN01qH47Ok2Hxu09jJx0s_2504059218-0-cib.jpg 790w, https:\/\/vestpetproducts.com\/wp-content\/uploads\/2025\/07\/O1CN01qH47Ok2Hxu09jJx0s_2504059218-0-cib-328x500.jpg 328w, https:\/\/vestpetproducts.com\/wp-content\/uploads\/2025\/07\/O1CN01qH47Ok2Hxu09jJx0s_2504059218-0-cib-788x1200.jpg 788w, https:\/\/vestpetproducts.com\/wp-content\/uploads\/2025\/07\/O1CN01qH47Ok2Hxu09jJx0s_2504059218-0-cib-197x300.jpg 197w, https:\/\/vestpetproducts.com\/wp-content\/uploads\/2025\/07\/O1CN01qH47Ok2Hxu09jJx0s_2504059218-0-cib-768x1169.jpg 768w, https:\/\/vestpetproducts.com\/wp-content\/uploads\/2025\/07\/O1CN01qH47Ok2Hxu09jJx0s_2504059218-0-cib-8x12.jpg 8w, https:\/\/vestpetproducts.com\/wp-content\/uploads\/2025\/07\/O1CN01qH47Ok2Hxu09jJx0s_2504059218-0-cib-49x75.jpg 49w, https:\/\/vestpetproducts.com\/wp-content\/uploads\/2025\/07\/O1CN01qH47Ok2Hxu09jJx0s_2504059218-0-cib-480x731.jpg 480w\" sizes=\"auto, (max-width:767px) 480px, (max-width:790px) 100vw, 790px\" \/><img loading=\"lazy\" decoding=\"async\" class=\"aligncenter size-full wp-image-1602\" src=\"http:\/\/vestpetproducts.com\/wp-content\/uploads\/2025\/07\/O1CN01cVpSDJ2Hxu08S29l7_2504059218-0-cib.jpg\" alt=\"\" width=\"790\" height=\"914\" srcset=\"https:\/\/vestpetproducts.com\/wp-content\/uploads\/2025\/07\/O1CN01cVpSDJ2Hxu08S29l7_2504059218-0-cib.jpg 790w, https:\/\/vestpetproducts.com\/wp-content\/uploads\/2025\/07\/O1CN01cVpSDJ2Hxu08S29l7_2504059218-0-cib-432x500.jpg 432w, https:\/\/vestpetproducts.com\/wp-content\/uploads\/2025\/07\/O1CN01cVpSDJ2Hxu08S29l7_2504059218-0-cib-259x300.jpg 259w, https:\/\/vestpetproducts.com\/wp-content\/uploads\/2025\/07\/O1CN01cVpSDJ2Hxu08S29l7_2504059218-0-cib-768x889.jpg 768w, https:\/\/vestpetproducts.com\/wp-content\/uploads\/2025\/07\/O1CN01cVpSDJ2Hxu08S29l7_2504059218-0-cib-10x12.jpg 10w, https:\/\/vestpetproducts.com\/wp-content\/uploads\/2025\/07\/O1CN01cVpSDJ2Hxu08S29l7_2504059218-0-cib-65x75.jpg 65w, https:\/\/vestpetproducts.com\/wp-content\/uploads\/2025\/07\/O1CN01cVpSDJ2Hxu08S29l7_2504059218-0-cib-480x555.jpg 480w\" sizes=\"auto, (max-width:767px) 480px, (max-width:790px) 100vw, 790px\" \/><\/p>","protected":false},"excerpt":{"rendered":"<p>Cor: Branco Amarelo Preto<\/p>\n<p>\u3010Tesoura de Aparar de Precis\u00e3o para C\u00e3es\u3011Limpa com precis\u00e3o e efic\u00e1cia pequenas \u00e1reas, como garras, olhos, orelhas, rosto e quartos traseiros. Ideais para c\u00e3es e gatos, as l\u00e2minas garantem um aparar seguro em \u00e1reas sens\u00edveis, tornando-as perfeitas para uma limpeza precisa.<br \/>\n\u3010Luz LED integrada\u3011A luz LED integrada ilumina \u00e1reas escuras de dif\u00edcil acesso, aumentando a precis\u00e3o da escova\u00e7\u00e3o. Seja aparando as garras ou \u00e1reas delicadas do rosto, a luz LED garante visibilidade ideal, tornando a experi\u00eancia de escova\u00e7\u00e3o do seu pet mais f\u00e1cil e precisa, especialmente em \u00e1reas pequenas como olhos e orelhas.<br \/>\n\u3010Totalmente \u00e0 prova d&#039;\u00e1gua e f\u00e1cil de limpar\u3011F\u00e1cil de limpar em \u00e1gua corrente, garantindo higiene e limpeza. Seu desempenho \u00e0 prova d&#039;\u00e1gua garante durabilidade e durabilidade, tornando-o a escolha ideal para uso di\u00e1rio e f\u00e1cil manuten\u00e7\u00e3o.<br \/>\nTosa silenciosa e sem estresse: utiliza tecnologia de baixo ru\u00eddo para minimizar o ru\u00eddo durante o corte de pelos, reduzindo a ansiedade durante o processo. Perfeito para animais de estima\u00e7\u00e3o sens\u00edveis ao som, garantindo uma experi\u00eancia de tosa calma e tranquila, especialmente adequada para animais sens\u00edveis.<\/p>","protected":false},"featured_media":1601,"template":"","meta":{"content-type":""},"product_brand":[],"product_cat":[18],"product_tag":[],"class_list":{"0":"post-1600","1":"product","2":"type-product","3":"status-publish","4":"has-post-thumbnail","6":"product_cat-pet-health-and-wellness","8":"first","9":"instock","10":"shipping-taxable","11":"product-type-simple"},"yoast_head":"<!-- This site is optimized with the Yoast SEO plugin v24.9 - https:\/\/yoast.com\/wordpress\/plugins\/seo\/ -->\n<title>Rechargeable Wireless OEM Low Noise Cat Claw Grooming Scissors with LED Light Display - Shandong Vest International Trade Co., Ltd.<\/title>\n<meta name=\"robots\" content=\"index, follow, max-snippet:-1, max-image-preview:large, max-video-preview:-1\" \/>\n<link rel=\"canonical\" href=\"https:\/\/vestpetproducts.com\/pt\/produto\/rechargeable-wireless-oem-low-noise-cat-claw-grooming-scissors-with-led-light-display\/\" \/>\n<meta property=\"og:locale\" content=\"pt_PT\" \/>\n<meta property=\"og:type\" content=\"article\" \/>\n<meta property=\"og:title\" content=\"Rechargeable Wireless OEM Low Noise Cat Claw Grooming Scissors with LED Light Display - Shandong Vest International Trade Co., Ltd.\" \/>\n<meta property=\"og:description\" content=\"Color: White Yellow\u00a0 Black  \u3010Precision Trimming Dog Scissors\u3011Precisely and effectively groom small areas such as claws, eyes, ears, face, and hindquarters. Ideal for dogs and cats, the blades ensure safe trimming in sensitive areas, making them perfect for precise grooming. \u3010Built-in LED Light\u3011The built-in LED light illuminates hard-to-reach dark areas, enhancing grooming precision. Whether trimming claws or delicate facial areas, the LED light ensures optimal visibility, making your pet grooming experience easier and more accurate, especially for small areas like eyes and ears. \u3010Fully Waterproof and Easy to Clean\u3011Easy to clean under running water, ensuring hygiene and cleanliness. Its waterproof performance guarantees durable and long-lasting performance, making it an ideal choice for daily use and easy maintenance. Low-Noise, Stress-Free Grooming: Utilizes low-noise technology to minimize noise during hair trimming, reducing anxiety during the process. Perfect for pets sensitive to sound, ensuring a calm and peaceful grooming experience, especially suitable for sensitive pets.\" \/>\n<meta property=\"og:url\" content=\"https:\/\/vestpetproducts.com\/pt\/produto\/rechargeable-wireless-oem-low-noise-cat-claw-grooming-scissors-with-led-light-display\/\" \/>\n<meta property=\"og:site_name\" content=\"Shandong Vest International Trade Co., Ltd.\" \/>\n<meta property=\"article:modified_time\" content=\"2025-08-05T00:52:51+00:00\" \/>\n<meta property=\"og:image\" content=\"https:\/\/vestpetproducts.com\/wp-content\/uploads\/2025\/07\/O1CN01Tv0nni2Hxu082zRmM_2504059218-0-cib.jpg\" \/>\n\t<meta property=\"og:image:width\" content=\"800\" \/>\n\t<meta property=\"og:image:height\" content=\"800\" \/>\n\t<meta property=\"og:image:type\" content=\"image\/jpeg\" \/>\n<meta name=\"twitter:card\" content=\"summary_large_image\" \/>\n<meta name=\"twitter:label1\" content=\"Tempo estimado de leitura\" \/>\n\t<meta name=\"twitter:data1\" content=\"2 minutos\" \/>\n<script type=\"application\/ld+json\" class=\"yoast-schema-graph\">{\"@context\":\"https:\/\/schema.org\",\"@graph\":[{\"@type\":\"WebPage\",\"@id\":\"https:\/\/vestpetproducts.com\/product\/rechargeable-wireless-oem-low-noise-cat-claw-grooming-scissors-with-led-light-display\/\",\"url\":\"https:\/\/vestpetproducts.com\/product\/rechargeable-wireless-oem-low-noise-cat-claw-grooming-scissors-with-led-light-display\/\",\"name\":\"Rechargeable Wireless OEM Low Noise Cat Claw Grooming Scissors with LED Light Display - Shandong Vest International Trade Co., Ltd.\",\"isPartOf\":{\"@id\":\"https:\/\/vestpetproducts.com\/#website\"},\"primaryImageOfPage\":{\"@id\":\"https:\/\/vestpetproducts.com\/product\/rechargeable-wireless-oem-low-noise-cat-claw-grooming-scissors-with-led-light-display\/#primaryimage\"},\"image\":{\"@id\":\"https:\/\/vestpetproducts.com\/product\/rechargeable-wireless-oem-low-noise-cat-claw-grooming-scissors-with-led-light-display\/#primaryimage\"},\"thumbnailUrl\":\"https:\/\/vestpetproducts.com\/wp-content\/uploads\/2025\/07\/O1CN01Tv0nni2Hxu082zRmM_2504059218-0-cib.jpg\",\"datePublished\":\"2025-07-24T08:51:54+00:00\",\"dateModified\":\"2025-08-05T00:52:51+00:00\",\"breadcrumb\":{\"@id\":\"https:\/\/vestpetproducts.com\/product\/rechargeable-wireless-oem-low-noise-cat-claw-grooming-scissors-with-led-light-display\/#breadcrumb\"},\"inLanguage\":\"pt-PT\",\"potentialAction\":[{\"@type\":\"ReadAction\",\"target\":[\"https:\/\/vestpetproducts.com\/product\/rechargeable-wireless-oem-low-noise-cat-claw-grooming-scissors-with-led-light-display\/\"]}]},{\"@type\":\"ImageObject\",\"inLanguage\":\"pt-PT\",\"@id\":\"https:\/\/vestpetproducts.com\/product\/rechargeable-wireless-oem-low-noise-cat-claw-grooming-scissors-with-led-light-display\/#primaryimage\",\"url\":\"https:\/\/vestpetproducts.com\/wp-content\/uploads\/2025\/07\/O1CN01Tv0nni2Hxu082zRmM_2504059218-0-cib.jpg\",\"contentUrl\":\"https:\/\/vestpetproducts.com\/wp-content\/uploads\/2025\/07\/O1CN01Tv0nni2Hxu082zRmM_2504059218-0-cib.jpg\",\"width\":\"800\",\"height\":\"800\"},{\"@type\":\"BreadcrumbList\",\"@id\":\"https:\/\/vestpetproducts.com\/product\/rechargeable-wireless-oem-low-noise-cat-claw-grooming-scissors-with-led-light-display\/#breadcrumb\",\"itemListElement\":[{\"@type\":\"ListItem\",\"position\":1,\"name\":\"\u9996\u9875\",\"item\":\"https:\/\/vestpetproducts.com\/\"},{\"@type\":\"ListItem\",\"position\":2,\"name\":\"Product\",\"item\":\"https:\/\/vestpetproducts.com\/product\/\"},{\"@type\":\"ListItem\",\"position\":3,\"name\":\"Rechargeable Wireless OEM Low Noise Cat Claw Grooming Scissors with LED Light Display\"}]},{\"@type\":\"WebSite\",\"@id\":\"https:\/\/vestpetproducts.com\/#website\",\"url\":\"https:\/\/vestpetproducts.com\/\",\"name\":\"Shandong Vest International Trade Co., Ltd.\",\"description\":\"Shandong Vest International Trade Co., Ltd.\",\"potentialAction\":[{\"@type\":\"SearchAction\",\"target\":{\"@type\":\"EntryPoint\",\"urlTemplate\":\"https:\/\/vestpetproducts.com\/?s={search_term_string}\"},\"query-input\":{\"@type\":\"PropertyValueSpecification\",\"valueRequired\":true,\"valueName\":\"search_term_string\"}}],\"inLanguage\":\"pt-PT\"}]}<\/script>\n<!-- \/ Yoast SEO plugin. -->","yoast_head_json":{"title":"Rechargeable Wireless OEM Low Noise Cat Claw Grooming Scissors with LED Light Display - Shandong Vest International Trade Co., Ltd.","robots":{"index":"index","follow":"follow","max-snippet":"max-snippet:-1","max-image-preview":"max-image-preview:large","max-video-preview":"max-video-preview:-1"},"canonical":"https:\/\/vestpetproducts.com\/pt\/produto\/rechargeable-wireless-oem-low-noise-cat-claw-grooming-scissors-with-led-light-display\/","og_locale":"pt_PT","og_type":"article","og_title":"Rechargeable Wireless OEM Low Noise Cat Claw Grooming Scissors with LED Light Display - Shandong Vest International Trade Co., Ltd.","og_description":"Color: White Yellow\u00a0 Black  \u3010Precision Trimming Dog Scissors\u3011Precisely and effectively groom small areas such as claws, eyes, ears, face, and hindquarters. Ideal for dogs and cats, the blades ensure safe trimming in sensitive areas, making them perfect for precise grooming. \u3010Built-in LED Light\u3011The built-in LED light illuminates hard-to-reach dark areas, enhancing grooming precision. Whether trimming claws or delicate facial areas, the LED light ensures optimal visibility, making your pet grooming experience easier and more accurate, especially for small areas like eyes and ears. \u3010Fully Waterproof and Easy to Clean\u3011Easy to clean under running water, ensuring hygiene and cleanliness. Its waterproof performance guarantees durable and long-lasting performance, making it an ideal choice for daily use and easy maintenance. Low-Noise, Stress-Free Grooming: Utilizes low-noise technology to minimize noise during hair trimming, reducing anxiety during the process. Perfect for pets sensitive to sound, ensuring a calm and peaceful grooming experience, especially suitable for sensitive pets.","og_url":"https:\/\/vestpetproducts.com\/pt\/produto\/rechargeable-wireless-oem-low-noise-cat-claw-grooming-scissors-with-led-light-display\/","og_site_name":"Shandong Vest International Trade Co., Ltd.","article_modified_time":"2025-08-05T00:52:51+00:00","og_image":[{"width":800,"height":800,"url":"https:\/\/vestpetproducts.com\/wp-content\/uploads\/2025\/07\/O1CN01Tv0nni2Hxu082zRmM_2504059218-0-cib.jpg","type":"image\/jpeg"}],"twitter_card":"summary_large_image","twitter_misc":{"Tempo estimado de leitura":"2 minutos"},"schema":{"@context":"https:\/\/schema.org","@graph":[{"@type":"WebPage","@id":"https:\/\/vestpetproducts.com\/product\/rechargeable-wireless-oem-low-noise-cat-claw-grooming-scissors-with-led-light-display\/","url":"https:\/\/vestpetproducts.com\/product\/rechargeable-wireless-oem-low-noise-cat-claw-grooming-scissors-with-led-light-display\/","name":"Rechargeable Wireless OEM Low Noise Cat Claw Grooming Scissors with LED Light Display - Shandong Vest International Trade Co., Ltd.","isPartOf":{"@id":"https:\/\/vestpetproducts.com\/#website"},"primaryImageOfPage":{"@id":"https:\/\/vestpetproducts.com\/product\/rechargeable-wireless-oem-low-noise-cat-claw-grooming-scissors-with-led-light-display\/#primaryimage"},"image":{"@id":"https:\/\/vestpetproducts.com\/product\/rechargeable-wireless-oem-low-noise-cat-claw-grooming-scissors-with-led-light-display\/#primaryimage"},"thumbnailUrl":"https:\/\/vestpetproducts.com\/wp-content\/uploads\/2025\/07\/O1CN01Tv0nni2Hxu082zRmM_2504059218-0-cib.jpg","datePublished":"2025-07-24T08:51:54+00:00","dateModified":"2025-08-05T00:52:51+00:00","breadcrumb":{"@id":"https:\/\/vestpetproducts.com\/product\/rechargeable-wireless-oem-low-noise-cat-claw-grooming-scissors-with-led-light-display\/#breadcrumb"},"inLanguage":"pt-PT","potentialAction":[{"@type":"ReadAction","target":["https:\/\/vestpetproducts.com\/product\/rechargeable-wireless-oem-low-noise-cat-claw-grooming-scissors-with-led-light-display\/"]}]},{"@type":"ImageObject","inLanguage":"pt-PT","@id":"https:\/\/vestpetproducts.com\/product\/rechargeable-wireless-oem-low-noise-cat-claw-grooming-scissors-with-led-light-display\/#primaryimage","url":"https:\/\/vestpetproducts.com\/wp-content\/uploads\/2025\/07\/O1CN01Tv0nni2Hxu082zRmM_2504059218-0-cib.jpg","contentUrl":"https:\/\/vestpetproducts.com\/wp-content\/uploads\/2025\/07\/O1CN01Tv0nni2Hxu082zRmM_2504059218-0-cib.jpg","width":"800","height":"800"},{"@type":"BreadcrumbList","@id":"https:\/\/vestpetproducts.com\/product\/rechargeable-wireless-oem-low-noise-cat-claw-grooming-scissors-with-led-light-display\/#breadcrumb","itemListElement":[{"@type":"ListItem","position":1,"name":"\u9996\u9875","item":"https:\/\/vestpetproducts.com\/"},{"@type":"ListItem","position":2,"name":"Product","item":"https:\/\/vestpetproducts.com\/product\/"},{"@type":"ListItem","position":3,"name":"Rechargeable Wireless OEM Low Noise Cat Claw Grooming Scissors with LED Light Display"}]},{"@type":"WebSite","@id":"https:\/\/vestpetproducts.com\/#website","url":"https:\/\/vestpetproducts.com\/","name":"Shandong Vest International Trade Co., Ltd.","description":"Shandong Vest International Trade Co., Ltd.","potentialAction":[{"@type":"SearchAction","target":{"@type":"EntryPoint","urlTemplate":"https:\/\/vestpetproducts.com\/?s={search_term_string}"},"query-input":{"@type":"PropertyValueSpecification","valueRequired":true,"valueName":"search_term_string"}}],"inLanguage":"pt-PT"}]}},"_links":{"self":[{"href":"https:\/\/vestpetproducts.com\/pt\/wp-json\/wp\/v2\/product\/1600","targetHints":{"allow":["GET"]}}],"collection":[{"href":"https:\/\/vestpetproducts.com\/pt\/wp-json\/wp\/v2\/product"}],"about":[{"href":"https:\/\/vestpetproducts.com\/pt\/wp-json\/wp\/v2\/types\/product"}],"wp:featuredmedia":[{"embeddable":true,"href":"https:\/\/vestpetproducts.com\/pt\/wp-json\/wp\/v2\/media\/1601"}],"wp:attachment":[{"href":"https:\/\/vestpetproducts.com\/pt\/wp-json\/wp\/v2\/media?parent=1600"}],"wp:term":[{"taxonomy":"product_brand","embeddable":true,"href":"https:\/\/vestpetproducts.com\/pt\/wp-json\/wp\/v2\/product_brand?post=1600"},{"taxonomy":"product_cat","embeddable":true,"href":"https:\/\/vestpetproducts.com\/pt\/wp-json\/wp\/v2\/product_cat?post=1600"},{"taxonomy":"product_tag","embeddable":true,"href":"https:\/\/vestpetproducts.com\/pt\/wp-json\/wp\/v2\/product_tag?post=1600"}],"curies":[{"name":"wp","href":"https:\/\/api.w.org\/{rel}","templated":true}]}}