{"id":1579,"date":"2025-07-24T08:38:11","date_gmt":"2025-07-24T08:38:11","guid":{"rendered":"https:\/\/vestpetproducts.com\/?post_type=product&#038;p=1579"},"modified":"2025-08-14T01:58:38","modified_gmt":"2025-08-14T01:58:38","slug":"new-soft-pet-massage-brush-shampoo-dispenser-for-dog-bath-and-cats-shower-grooming","status":"publish","type":"product","link":"https:\/\/vestpetproducts.com\/pt\/produto\/new-soft-pet-massage-brush-shampoo-dispenser-for-dog-bath-and-cats-shower-grooming\/","title":{"rendered":"Nova escova de massagem macia para animais de estima\u00e7\u00e3o, dispensador de xampu para banho de c\u00e3es e gatos"},"content":{"rendered":"<p><img loading=\"lazy\" decoding=\"async\" class=\"aligncenter size-full wp-image-1588\" src=\"http:\/\/vestpetproducts.com\/wp-content\/uploads\/2025\/07\/O1CN01T4QYnt27J0PYE6GCF_2217004767775-0-cib.jpg\" alt=\"\" width=\"750\" height=\"960\" srcset=\"https:\/\/vestpetproducts.com\/wp-content\/uploads\/2025\/07\/O1CN01T4QYnt27J0PYE6GCF_2217004767775-0-cib.jpg 750w, https:\/\/vestpetproducts.com\/wp-content\/uploads\/2025\/07\/O1CN01T4QYnt27J0PYE6GCF_2217004767775-0-cib-391x500.jpg 391w, https:\/\/vestpetproducts.com\/wp-content\/uploads\/2025\/07\/O1CN01T4QYnt27J0PYE6GCF_2217004767775-0-cib-234x300.jpg 234w, https:\/\/vestpetproducts.com\/wp-content\/uploads\/2025\/07\/O1CN01T4QYnt27J0PYE6GCF_2217004767775-0-cib-9x12.jpg 9w, https:\/\/vestpetproducts.com\/wp-content\/uploads\/2025\/07\/O1CN01T4QYnt27J0PYE6GCF_2217004767775-0-cib-59x75.jpg 59w, https:\/\/vestpetproducts.com\/wp-content\/uploads\/2025\/07\/O1CN01T4QYnt27J0PYE6GCF_2217004767775-0-cib-480x614.jpg 480w\" sizes=\"auto, (max-width:767px) 480px, 750px\" \/> <img loading=\"lazy\" decoding=\"async\" class=\"aligncenter size-full wp-image-1590\" src=\"http:\/\/vestpetproducts.com\/wp-content\/uploads\/2025\/07\/O1CN014JH0w527J0PWEDX2g_2217004767775-0-cib.jpg\" alt=\"\" width=\"750\" height=\"960\" srcset=\"https:\/\/vestpetproducts.com\/wp-content\/uploads\/2025\/07\/O1CN014JH0w527J0PWEDX2g_2217004767775-0-cib.jpg 750w, https:\/\/vestpetproducts.com\/wp-content\/uploads\/2025\/07\/O1CN014JH0w527J0PWEDX2g_2217004767775-0-cib-391x500.jpg 391w, https:\/\/vestpetproducts.com\/wp-content\/uploads\/2025\/07\/O1CN014JH0w527J0PWEDX2g_2217004767775-0-cib-234x300.jpg 234w, https:\/\/vestpetproducts.com\/wp-content\/uploads\/2025\/07\/O1CN014JH0w527J0PWEDX2g_2217004767775-0-cib-9x12.jpg 9w, https:\/\/vestpetproducts.com\/wp-content\/uploads\/2025\/07\/O1CN014JH0w527J0PWEDX2g_2217004767775-0-cib-59x75.jpg 59w, https:\/\/vestpetproducts.com\/wp-content\/uploads\/2025\/07\/O1CN014JH0w527J0PWEDX2g_2217004767775-0-cib-480x614.jpg 480w\" sizes=\"auto, (max-width:767px) 480px, 750px\" \/> <img loading=\"lazy\" decoding=\"async\" class=\"aligncenter size-full wp-image-1591\" src=\"http:\/\/vestpetproducts.com\/wp-content\/uploads\/2025\/07\/O1CN01paImtH27J0PWuGMcM_2217004767775-0-cib.jpg\" alt=\"\" width=\"750\" height=\"960\" srcset=\"https:\/\/vestpetproducts.com\/wp-content\/uploads\/2025\/07\/O1CN01paImtH27J0PWuGMcM_2217004767775-0-cib.jpg 750w, https:\/\/vestpetproducts.com\/wp-content\/uploads\/2025\/07\/O1CN01paImtH27J0PWuGMcM_2217004767775-0-cib-391x500.jpg 391w, https:\/\/vestpetproducts.com\/wp-content\/uploads\/2025\/07\/O1CN01paImtH27J0PWuGMcM_2217004767775-0-cib-234x300.jpg 234w, https:\/\/vestpetproducts.com\/wp-content\/uploads\/2025\/07\/O1CN01paImtH27J0PWuGMcM_2217004767775-0-cib-9x12.jpg 9w, https:\/\/vestpetproducts.com\/wp-content\/uploads\/2025\/07\/O1CN01paImtH27J0PWuGMcM_2217004767775-0-cib-59x75.jpg 59w, https:\/\/vestpetproducts.com\/wp-content\/uploads\/2025\/07\/O1CN01paImtH27J0PWuGMcM_2217004767775-0-cib-480x614.jpg 480w\" sizes=\"auto, (max-width:767px) 480px, 750px\" \/> <img loading=\"lazy\" decoding=\"async\" class=\"aligncenter size-full wp-image-1592\" src=\"http:\/\/vestpetproducts.com\/wp-content\/uploads\/2025\/07\/O1CN01bdR1J427J0PXInAMH_2217004767775-0-cib.jpg\" alt=\"\" width=\"750\" height=\"960\" srcset=\"https:\/\/vestpetproducts.com\/wp-content\/uploads\/2025\/07\/O1CN01bdR1J427J0PXInAMH_2217004767775-0-cib.jpg 750w, https:\/\/vestpetproducts.com\/wp-content\/uploads\/2025\/07\/O1CN01bdR1J427J0PXInAMH_2217004767775-0-cib-391x500.jpg 391w, https:\/\/vestpetproducts.com\/wp-content\/uploads\/2025\/07\/O1CN01bdR1J427J0PXInAMH_2217004767775-0-cib-234x300.jpg 234w, https:\/\/vestpetproducts.com\/wp-content\/uploads\/2025\/07\/O1CN01bdR1J427J0PXInAMH_2217004767775-0-cib-9x12.jpg 9w, https:\/\/vestpetproducts.com\/wp-content\/uploads\/2025\/07\/O1CN01bdR1J427J0PXInAMH_2217004767775-0-cib-59x75.jpg 59w, https:\/\/vestpetproducts.com\/wp-content\/uploads\/2025\/07\/O1CN01bdR1J427J0PXInAMH_2217004767775-0-cib-480x614.jpg 480w\" sizes=\"auto, (max-width:767px) 480px, 750px\" \/> <img loading=\"lazy\" decoding=\"async\" class=\"aligncenter size-full wp-image-1593\" src=\"http:\/\/vestpetproducts.com\/wp-content\/uploads\/2025\/07\/O1CN01GZECEf27J0PZI8rak_2217004767775-0-cib.jpg\" alt=\"\" width=\"750\" height=\"960\" srcset=\"https:\/\/vestpetproducts.com\/wp-content\/uploads\/2025\/07\/O1CN01GZECEf27J0PZI8rak_2217004767775-0-cib.jpg 750w, https:\/\/vestpetproducts.com\/wp-content\/uploads\/2025\/07\/O1CN01GZECEf27J0PZI8rak_2217004767775-0-cib-391x500.jpg 391w, https:\/\/vestpetproducts.com\/wp-content\/uploads\/2025\/07\/O1CN01GZECEf27J0PZI8rak_2217004767775-0-cib-234x300.jpg 234w, https:\/\/vestpetproducts.com\/wp-content\/uploads\/2025\/07\/O1CN01GZECEf27J0PZI8rak_2217004767775-0-cib-9x12.jpg 9w, https:\/\/vestpetproducts.com\/wp-content\/uploads\/2025\/07\/O1CN01GZECEf27J0PZI8rak_2217004767775-0-cib-59x75.jpg 59w, https:\/\/vestpetproducts.com\/wp-content\/uploads\/2025\/07\/O1CN01GZECEf27J0PZI8rak_2217004767775-0-cib-480x614.jpg 480w\" sizes=\"auto, (max-width:767px) 480px, 750px\" \/> <img loading=\"lazy\" decoding=\"async\" class=\"aligncenter wp-image-1595\" src=\"http:\/\/vestpetproducts.com\/wp-content\/uploads\/2025\/07\/O1CN01YfepnI27J0RweKmfE_2217004767775-0-cib.jpg\" alt=\"\" width=\"594\" height=\"760\" srcset=\"https:\/\/vestpetproducts.com\/wp-content\/uploads\/2025\/07\/O1CN01YfepnI27J0RweKmfE_2217004767775-0-cib.jpg 750w, https:\/\/vestpetproducts.com\/wp-content\/uploads\/2025\/07\/O1CN01YfepnI27J0RweKmfE_2217004767775-0-cib-391x500.jpg 391w, https:\/\/vestpetproducts.com\/wp-content\/uploads\/2025\/07\/O1CN01YfepnI27J0RweKmfE_2217004767775-0-cib-234x300.jpg 234w, https:\/\/vestpetproducts.com\/wp-content\/uploads\/2025\/07\/O1CN01YfepnI27J0RweKmfE_2217004767775-0-cib-9x12.jpg 9w, https:\/\/vestpetproducts.com\/wp-content\/uploads\/2025\/07\/O1CN01YfepnI27J0RweKmfE_2217004767775-0-cib-59x75.jpg 59w, https:\/\/vestpetproducts.com\/wp-content\/uploads\/2025\/07\/O1CN01YfepnI27J0RweKmfE_2217004767775-0-cib-480x614.jpg 480w\" sizes=\"auto, (max-width:767px) 480px, 594px\" \/><img loading=\"lazy\" decoding=\"async\" class=\"aligncenter wp-image-1597\" src=\"http:\/\/vestpetproducts.com\/wp-content\/uploads\/2025\/07\/O1CN01dUtIN327J0RwsCATr_2217004767775-0-cib-1.jpg\" alt=\"\" width=\"594\" height=\"761\" srcset=\"https:\/\/vestpetproducts.com\/wp-content\/uploads\/2025\/07\/O1CN01dUtIN327J0RwsCATr_2217004767775-0-cib-1.jpg 750w, https:\/\/vestpetproducts.com\/wp-content\/uploads\/2025\/07\/O1CN01dUtIN327J0RwsCATr_2217004767775-0-cib-1-391x500.jpg 391w, https:\/\/vestpetproducts.com\/wp-content\/uploads\/2025\/07\/O1CN01dUtIN327J0RwsCATr_2217004767775-0-cib-1-234x300.jpg 234w, https:\/\/vestpetproducts.com\/wp-content\/uploads\/2025\/07\/O1CN01dUtIN327J0RwsCATr_2217004767775-0-cib-1-9x12.jpg 9w, https:\/\/vestpetproducts.com\/wp-content\/uploads\/2025\/07\/O1CN01dUtIN327J0RwsCATr_2217004767775-0-cib-1-59x75.jpg 59w, https:\/\/vestpetproducts.com\/wp-content\/uploads\/2025\/07\/O1CN01dUtIN327J0RwsCATr_2217004767775-0-cib-1-480x614.jpg 480w\" sizes=\"auto, (max-width:767px) 480px, 594px\" \/><img loading=\"lazy\" decoding=\"async\" class=\"aligncenter wp-image-1599\" src=\"http:\/\/vestpetproducts.com\/wp-content\/uploads\/2025\/07\/11857f8ef5a6f5c9f76b21fac3b13a0.jpg\" alt=\"\" width=\"596\" height=\"326\" srcset=\"https:\/\/vestpetproducts.com\/wp-content\/uploads\/2025\/07\/11857f8ef5a6f5c9f76b21fac3b13a0.jpg 750w, https:\/\/vestpetproducts.com\/wp-content\/uploads\/2025\/07\/11857f8ef5a6f5c9f76b21fac3b13a0-500x273.jpg 500w, https:\/\/vestpetproducts.com\/wp-content\/uploads\/2025\/07\/11857f8ef5a6f5c9f76b21fac3b13a0-300x164.jpg 300w, https:\/\/vestpetproducts.com\/wp-content\/uploads\/2025\/07\/11857f8ef5a6f5c9f76b21fac3b13a0-18x10.jpg 18w, https:\/\/vestpetproducts.com\/wp-content\/uploads\/2025\/07\/11857f8ef5a6f5c9f76b21fac3b13a0-137x75.jpg 137w, https:\/\/vestpetproducts.com\/wp-content\/uploads\/2025\/07\/11857f8ef5a6f5c9f76b21fac3b13a0-480x262.jpg 480w\" sizes=\"auto, (max-width:767px) 480px, 596px\" \/><\/p>","protected":false},"excerpt":{"rendered":"<p>Cor: Rosa Azul Verde<\/p>\n<ul class=\"a-unordered-list a-vertical a-spacing-mini\">\n<li class=\"a-spacing-mini\"><span class=\"a-list-item\">Bubble Maker \u2013 Esta escova de banho para c\u00e3es foi projetada com dispensador de sab\u00e3o e xampu. Pode ser recarregada com xampu e, ao ser apertada, cria uma espuma rica, que proporciona o efeito de economia de xampu. F\u00e1cil de usar, limpeza profunda e r\u00e1pida.<\/span><\/li>\n<li class=\"a-spacing-mini\"><span class=\"a-list-item\">Design patenteado \u00e0 prova de vazamentos e dur\u00e1vel \u2013 Nossa escova multifuncional para banho de cachorro \u00e9 feita de cabo ABS de alta qualidade e design de cerdas de silicone macio. Teste \u00e0 prova de vazamentos 100%, pegada confort\u00e1vel sem deforma\u00e7\u00e3o, segura, resistente e dur\u00e1vel.<\/span><\/li>\n<li class=\"a-spacing-mini\"><span class=\"a-list-item\">F\u00e1cil de usar e limpar \u2013 Nossa escova para lavar xampu para c\u00e3es se adapta a todos os tipos de sabonete e xampu, al\u00e9m de aumentar a efic\u00e1cia da espuma, proporcionando uma limpeza mais profunda do que apenas com xampu. Basta abrir a tampa na parte superior para que voc\u00ea possa limpar a escova de lavagem com facilidade e rapidez ap\u00f3s lavar seu pet.<\/span><\/li>\n<li class=\"a-spacing-mini\"><span class=\"a-list-item\">Cuidado ideal para seus animais de estima\u00e7\u00e3o \u2013 A cabe\u00e7a da escova de borracha macia para tosa de c\u00e3es n\u00e3o s\u00f3 proporciona ao seu pet uma sensa\u00e7\u00e3o macia e confort\u00e1vel, como tamb\u00e9m proporciona uma massagem relaxante e ajuda na elimina\u00e7\u00e3o de pelos. Proporciona uma experi\u00eancia de banho mais segura e confort\u00e1vel para seus amigos peludos. Acreditamos que esta escova de massagem para banho \u00e9 um dos melhores presentes para voc\u00ea e seu pet.<\/span><\/li>\n<li class=\"a-spacing-mini\"><span class=\"a-list-item\">Experi\u00eancia sem preocupa\u00e7\u00f5es para animais de estima\u00e7\u00e3o de pelo curto \u2013 Somos uma empresa profissional de produtos para banho de c\u00e3es, comprometida em oferecer os produtos mais seguros e satisfat\u00f3rios para seus animais de estima\u00e7\u00e3o. Oferecemos servi\u00e7o p\u00f3s-venda 24 horas por dia, 7 dias por semana. Caso tenha alguma d\u00favida, entre em contato conosco.<\/span><\/li>\n<\/ul>","protected":false},"featured_media":1580,"template":"","meta":{"content-type":""},"product_brand":[],"product_cat":[17],"product_tag":[],"class_list":{"0":"post-1579","1":"product","2":"type-product","3":"status-publish","4":"has-post-thumbnail","6":"product_cat-pet-supplies","8":"first","9":"instock","10":"shipping-taxable","11":"product-type-simple"},"yoast_head":"<!-- This site is optimized with the Yoast SEO plugin v24.9 - https:\/\/yoast.com\/wordpress\/plugins\/seo\/ -->\n<title>New Soft Pet Massage Brush Shampoo Dispenser for Dog Bath and Cats Shower Grooming - Shandong Vest International Trade Co., Ltd.<\/title>\n<meta name=\"robots\" content=\"index, follow, max-snippet:-1, max-image-preview:large, max-video-preview:-1\" \/>\n<link rel=\"canonical\" href=\"https:\/\/vestpetproducts.com\/pt\/produto\/new-soft-pet-massage-brush-shampoo-dispenser-for-dog-bath-and-cats-shower-grooming\/\" \/>\n<meta property=\"og:locale\" content=\"pt_PT\" \/>\n<meta property=\"og:type\" content=\"article\" \/>\n<meta property=\"og:title\" content=\"New Soft Pet Massage Brush Shampoo Dispenser for Dog Bath and Cats Shower Grooming - Shandong Vest International Trade Co., Ltd.\" \/>\n<meta property=\"og:description\" content=\"Color\uff1aPink Blue Green   Bubble Maker - This dog bath brush is designed with Soap and Shampoo Dispenser, it can be refilled with shampoo and easy squeezing to create rich foam, which can achieve the effect of saving shampoo. Easy to use, deep and quick to clean.  Patented Leak-proof Design &amp; Durable - Our multi-functional dog bath scrubber brush is made of high-quality ABS handle &amp; soft silicone Bristle design. 100% leak-proof test, comfortable grip without deformation, safe, sturdy and durable.  Easy to Use &amp; Clean - Our dog shampoo brush scrubber adapts all kinds of Soap and Shampoo, also increases the effectiveness of shampoo lathering, to achieve a deeper clean than shampooing alone. Just open the cap on the top, so that you can clean the washing brush easily and quickly after washing your pet.  Ideal Care for Your Pets - The soft rubber dog grooming brush head not only gives your pet a soft and comfortable feeling, but also has a soothing massage and shedding. Provides a safer and more comfortable bath experience for your furry friends. We believe this bath massage brush is one of the best gifts for you and your pet.  Worry-free Experience for Short-haired Pets - We are a professional dog shower products company, committed to bringing the safest, satisfied pet products. We provide 7*24 hours after-sales service, if you have any questions, please feel free to contact us.\" \/>\n<meta property=\"og:url\" content=\"https:\/\/vestpetproducts.com\/pt\/produto\/new-soft-pet-massage-brush-shampoo-dispenser-for-dog-bath-and-cats-shower-grooming\/\" \/>\n<meta property=\"og:site_name\" content=\"Shandong Vest International Trade Co., Ltd.\" \/>\n<meta property=\"article:modified_time\" content=\"2025-08-14T01:58:38+00:00\" \/>\n<meta property=\"og:image\" content=\"https:\/\/vestpetproducts.com\/wp-content\/uploads\/2025\/07\/O1CN01irjC6b27J0Oaw5QXz_2217004767775-0-cib.jpg\" \/>\n\t<meta property=\"og:image:width\" content=\"800\" \/>\n\t<meta property=\"og:image:height\" content=\"800\" \/>\n\t<meta property=\"og:image:type\" content=\"image\/jpeg\" \/>\n<meta name=\"twitter:card\" content=\"summary_large_image\" \/>\n<meta name=\"twitter:label1\" content=\"Tempo estimado de leitura\" \/>\n\t<meta name=\"twitter:data1\" content=\"2 minutos\" \/>\n<script type=\"application\/ld+json\" class=\"yoast-schema-graph\">{\"@context\":\"https:\/\/schema.org\",\"@graph\":[{\"@type\":\"WebPage\",\"@id\":\"https:\/\/vestpetproducts.com\/product\/new-soft-pet-massage-brush-shampoo-dispenser-for-dog-bath-and-cats-shower-grooming\/\",\"url\":\"https:\/\/vestpetproducts.com\/product\/new-soft-pet-massage-brush-shampoo-dispenser-for-dog-bath-and-cats-shower-grooming\/\",\"name\":\"New Soft Pet Massage Brush Shampoo Dispenser for Dog Bath and Cats Shower Grooming - Shandong Vest International Trade Co., Ltd.\",\"isPartOf\":{\"@id\":\"https:\/\/vestpetproducts.com\/#website\"},\"primaryImageOfPage\":{\"@id\":\"https:\/\/vestpetproducts.com\/product\/new-soft-pet-massage-brush-shampoo-dispenser-for-dog-bath-and-cats-shower-grooming\/#primaryimage\"},\"image\":{\"@id\":\"https:\/\/vestpetproducts.com\/product\/new-soft-pet-massage-brush-shampoo-dispenser-for-dog-bath-and-cats-shower-grooming\/#primaryimage\"},\"thumbnailUrl\":\"https:\/\/vestpetproducts.com\/wp-content\/uploads\/2025\/07\/O1CN01irjC6b27J0Oaw5QXz_2217004767775-0-cib.jpg\",\"datePublished\":\"2025-07-24T08:38:11+00:00\",\"dateModified\":\"2025-08-14T01:58:38+00:00\",\"breadcrumb\":{\"@id\":\"https:\/\/vestpetproducts.com\/product\/new-soft-pet-massage-brush-shampoo-dispenser-for-dog-bath-and-cats-shower-grooming\/#breadcrumb\"},\"inLanguage\":\"pt-PT\",\"potentialAction\":[{\"@type\":\"ReadAction\",\"target\":[\"https:\/\/vestpetproducts.com\/product\/new-soft-pet-massage-brush-shampoo-dispenser-for-dog-bath-and-cats-shower-grooming\/\"]}]},{\"@type\":\"ImageObject\",\"inLanguage\":\"pt-PT\",\"@id\":\"https:\/\/vestpetproducts.com\/product\/new-soft-pet-massage-brush-shampoo-dispenser-for-dog-bath-and-cats-shower-grooming\/#primaryimage\",\"url\":\"https:\/\/vestpetproducts.com\/wp-content\/uploads\/2025\/07\/O1CN01irjC6b27J0Oaw5QXz_2217004767775-0-cib.jpg\",\"contentUrl\":\"https:\/\/vestpetproducts.com\/wp-content\/uploads\/2025\/07\/O1CN01irjC6b27J0Oaw5QXz_2217004767775-0-cib.jpg\",\"width\":800,\"height\":800},{\"@type\":\"BreadcrumbList\",\"@id\":\"https:\/\/vestpetproducts.com\/product\/new-soft-pet-massage-brush-shampoo-dispenser-for-dog-bath-and-cats-shower-grooming\/#breadcrumb\",\"itemListElement\":[{\"@type\":\"ListItem\",\"position\":1,\"name\":\"\u9996\u9875\",\"item\":\"https:\/\/vestpetproducts.com\/\"},{\"@type\":\"ListItem\",\"position\":2,\"name\":\"Product\",\"item\":\"https:\/\/vestpetproducts.com\/product\/\"},{\"@type\":\"ListItem\",\"position\":3,\"name\":\"New Soft Pet Massage Brush Shampoo Dispenser for Dog Bath and Cats Shower Grooming\"}]},{\"@type\":\"WebSite\",\"@id\":\"https:\/\/vestpetproducts.com\/#website\",\"url\":\"https:\/\/vestpetproducts.com\/\",\"name\":\"Shandong Vest International Trade Co., Ltd.\",\"description\":\"Shandong Vest International Trade Co., Ltd.\",\"potentialAction\":[{\"@type\":\"SearchAction\",\"target\":{\"@type\":\"EntryPoint\",\"urlTemplate\":\"https:\/\/vestpetproducts.com\/?s={search_term_string}\"},\"query-input\":{\"@type\":\"PropertyValueSpecification\",\"valueRequired\":true,\"valueName\":\"search_term_string\"}}],\"inLanguage\":\"pt-PT\"}]}<\/script>\n<!-- \/ Yoast SEO plugin. -->","yoast_head_json":{"title":"New Soft Pet Massage Brush Shampoo Dispenser for Dog Bath and Cats Shower Grooming - Shandong Vest International Trade Co., Ltd.","robots":{"index":"index","follow":"follow","max-snippet":"max-snippet:-1","max-image-preview":"max-image-preview:large","max-video-preview":"max-video-preview:-1"},"canonical":"https:\/\/vestpetproducts.com\/pt\/produto\/new-soft-pet-massage-brush-shampoo-dispenser-for-dog-bath-and-cats-shower-grooming\/","og_locale":"pt_PT","og_type":"article","og_title":"New Soft Pet Massage Brush Shampoo Dispenser for Dog Bath and Cats Shower Grooming - Shandong Vest International Trade Co., Ltd.","og_description":"Color\uff1aPink Blue Green   Bubble Maker - This dog bath brush is designed with Soap and Shampoo Dispenser, it can be refilled with shampoo and easy squeezing to create rich foam, which can achieve the effect of saving shampoo. Easy to use, deep and quick to clean.  Patented Leak-proof Design &amp; Durable - Our multi-functional dog bath scrubber brush is made of high-quality ABS handle &amp; soft silicone Bristle design. 100% leak-proof test, comfortable grip without deformation, safe, sturdy and durable.  Easy to Use &amp; Clean - Our dog shampoo brush scrubber adapts all kinds of Soap and Shampoo, also increases the effectiveness of shampoo lathering, to achieve a deeper clean than shampooing alone. Just open the cap on the top, so that you can clean the washing brush easily and quickly after washing your pet.  Ideal Care for Your Pets - The soft rubber dog grooming brush head not only gives your pet a soft and comfortable feeling, but also has a soothing massage and shedding. Provides a safer and more comfortable bath experience for your furry friends. We believe this bath massage brush is one of the best gifts for you and your pet.  Worry-free Experience for Short-haired Pets - We are a professional dog shower products company, committed to bringing the safest, satisfied pet products. We provide 7*24 hours after-sales service, if you have any questions, please feel free to contact us.","og_url":"https:\/\/vestpetproducts.com\/pt\/produto\/new-soft-pet-massage-brush-shampoo-dispenser-for-dog-bath-and-cats-shower-grooming\/","og_site_name":"Shandong Vest International Trade Co., Ltd.","article_modified_time":"2025-08-14T01:58:38+00:00","og_image":[{"width":800,"height":800,"url":"https:\/\/vestpetproducts.com\/wp-content\/uploads\/2025\/07\/O1CN01irjC6b27J0Oaw5QXz_2217004767775-0-cib.jpg","type":"image\/jpeg"}],"twitter_card":"summary_large_image","twitter_misc":{"Tempo estimado de leitura":"2 minutos"},"schema":{"@context":"https:\/\/schema.org","@graph":[{"@type":"WebPage","@id":"https:\/\/vestpetproducts.com\/product\/new-soft-pet-massage-brush-shampoo-dispenser-for-dog-bath-and-cats-shower-grooming\/","url":"https:\/\/vestpetproducts.com\/product\/new-soft-pet-massage-brush-shampoo-dispenser-for-dog-bath-and-cats-shower-grooming\/","name":"New Soft Pet Massage Brush Shampoo Dispenser for Dog Bath and Cats Shower Grooming - Shandong Vest International Trade Co., Ltd.","isPartOf":{"@id":"https:\/\/vestpetproducts.com\/#website"},"primaryImageOfPage":{"@id":"https:\/\/vestpetproducts.com\/product\/new-soft-pet-massage-brush-shampoo-dispenser-for-dog-bath-and-cats-shower-grooming\/#primaryimage"},"image":{"@id":"https:\/\/vestpetproducts.com\/product\/new-soft-pet-massage-brush-shampoo-dispenser-for-dog-bath-and-cats-shower-grooming\/#primaryimage"},"thumbnailUrl":"https:\/\/vestpetproducts.com\/wp-content\/uploads\/2025\/07\/O1CN01irjC6b27J0Oaw5QXz_2217004767775-0-cib.jpg","datePublished":"2025-07-24T08:38:11+00:00","dateModified":"2025-08-14T01:58:38+00:00","breadcrumb":{"@id":"https:\/\/vestpetproducts.com\/product\/new-soft-pet-massage-brush-shampoo-dispenser-for-dog-bath-and-cats-shower-grooming\/#breadcrumb"},"inLanguage":"pt-PT","potentialAction":[{"@type":"ReadAction","target":["https:\/\/vestpetproducts.com\/product\/new-soft-pet-massage-brush-shampoo-dispenser-for-dog-bath-and-cats-shower-grooming\/"]}]},{"@type":"ImageObject","inLanguage":"pt-PT","@id":"https:\/\/vestpetproducts.com\/product\/new-soft-pet-massage-brush-shampoo-dispenser-for-dog-bath-and-cats-shower-grooming\/#primaryimage","url":"https:\/\/vestpetproducts.com\/wp-content\/uploads\/2025\/07\/O1CN01irjC6b27J0Oaw5QXz_2217004767775-0-cib.jpg","contentUrl":"https:\/\/vestpetproducts.com\/wp-content\/uploads\/2025\/07\/O1CN01irjC6b27J0Oaw5QXz_2217004767775-0-cib.jpg","width":800,"height":800},{"@type":"BreadcrumbList","@id":"https:\/\/vestpetproducts.com\/product\/new-soft-pet-massage-brush-shampoo-dispenser-for-dog-bath-and-cats-shower-grooming\/#breadcrumb","itemListElement":[{"@type":"ListItem","position":1,"name":"\u9996\u9875","item":"https:\/\/vestpetproducts.com\/"},{"@type":"ListItem","position":2,"name":"Product","item":"https:\/\/vestpetproducts.com\/product\/"},{"@type":"ListItem","position":3,"name":"New Soft Pet Massage Brush Shampoo Dispenser for Dog Bath and Cats Shower Grooming"}]},{"@type":"WebSite","@id":"https:\/\/vestpetproducts.com\/#website","url":"https:\/\/vestpetproducts.com\/","name":"Shandong Vest International Trade Co., Ltd.","description":"Shandong Vest International Trade Co., Ltd.","potentialAction":[{"@type":"SearchAction","target":{"@type":"EntryPoint","urlTemplate":"https:\/\/vestpetproducts.com\/?s={search_term_string}"},"query-input":{"@type":"PropertyValueSpecification","valueRequired":true,"valueName":"search_term_string"}}],"inLanguage":"pt-PT"}]}},"_links":{"self":[{"href":"https:\/\/vestpetproducts.com\/pt\/wp-json\/wp\/v2\/product\/1579","targetHints":{"allow":["GET"]}}],"collection":[{"href":"https:\/\/vestpetproducts.com\/pt\/wp-json\/wp\/v2\/product"}],"about":[{"href":"https:\/\/vestpetproducts.com\/pt\/wp-json\/wp\/v2\/types\/product"}],"wp:featuredmedia":[{"embeddable":true,"href":"https:\/\/vestpetproducts.com\/pt\/wp-json\/wp\/v2\/media\/1580"}],"wp:attachment":[{"href":"https:\/\/vestpetproducts.com\/pt\/wp-json\/wp\/v2\/media?parent=1579"}],"wp:term":[{"taxonomy":"product_brand","embeddable":true,"href":"https:\/\/vestpetproducts.com\/pt\/wp-json\/wp\/v2\/product_brand?post=1579"},{"taxonomy":"product_cat","embeddable":true,"href":"https:\/\/vestpetproducts.com\/pt\/wp-json\/wp\/v2\/product_cat?post=1579"},{"taxonomy":"product_tag","embeddable":true,"href":"https:\/\/vestpetproducts.com\/pt\/wp-json\/wp\/v2\/product_tag?post=1579"}],"curies":[{"name":"wp","href":"https:\/\/api.w.org\/{rel}","templated":true}]}}