{"id":1505,"date":"2025-07-24T03:18:54","date_gmt":"2025-07-24T03:18:54","guid":{"rendered":"https:\/\/vestpetproducts.com\/?post_type=product&#038;p=1505"},"modified":"2025-08-05T09:31:07","modified_gmt":"2025-08-05T09:31:07","slug":"wooden-pet-urns-cats-and-dogs-small-animal-memorial-casket-box-pet-funeral-supplies-urn-wooden-box","status":"publish","type":"product","link":"https:\/\/vestpetproducts.com\/pt\/produto\/wooden-pet-urns-cats-and-dogs-small-animal-memorial-casket-box-pet-funeral-supplies-urn-wooden-box\/","title":{"rendered":"Urnas de madeira para animais de estima\u00e7\u00e3o, gatos e c\u00e3es, pequenos animais, caixa de caix\u00e3o memorial, suprimentos funer\u00e1rios para animais de estima\u00e7\u00e3o, caixa de madeira"},"content":{"rendered":"<p><img loading=\"lazy\" decoding=\"async\" class=\"aligncenter size-full wp-image-1510\" src=\"http:\/\/vestpetproducts.com\/wp-content\/uploads\/2025\/07\/O1CN01k5oQR02BldZDDcPDy_2217558508379-0-cib.jpg_de66763d55384bfd_fixed.jpeg\" alt=\"\" width=\"1000\" height=\"1000\" srcset=\"https:\/\/vestpetproducts.com\/wp-content\/uploads\/2025\/07\/O1CN01k5oQR02BldZDDcPDy_2217558508379-0-cib.jpg_de66763d55384bfd_fixed.jpeg 1000w, https:\/\/vestpetproducts.com\/wp-content\/uploads\/2025\/07\/O1CN01k5oQR02BldZDDcPDy_2217558508379-0-cib.jpg_de66763d55384bfd_fixed-500x500.jpeg 500w, https:\/\/vestpetproducts.com\/wp-content\/uploads\/2025\/07\/O1CN01k5oQR02BldZDDcPDy_2217558508379-0-cib.jpg_de66763d55384bfd_fixed-300x300.jpeg 300w, https:\/\/vestpetproducts.com\/wp-content\/uploads\/2025\/07\/O1CN01k5oQR02BldZDDcPDy_2217558508379-0-cib.jpg_de66763d55384bfd_fixed-768x768.jpeg 768w, https:\/\/vestpetproducts.com\/wp-content\/uploads\/2025\/07\/O1CN01k5oQR02BldZDDcPDy_2217558508379-0-cib.jpg_de66763d55384bfd_fixed-12x12.jpeg 12w, https:\/\/vestpetproducts.com\/wp-content\/uploads\/2025\/07\/O1CN01k5oQR02BldZDDcPDy_2217558508379-0-cib.jpg_de66763d55384bfd_fixed-150x150.jpeg 150w, https:\/\/vestpetproducts.com\/wp-content\/uploads\/2025\/07\/O1CN01k5oQR02BldZDDcPDy_2217558508379-0-cib.jpg_de66763d55384bfd_fixed-75x75.jpeg 75w, https:\/\/vestpetproducts.com\/wp-content\/uploads\/2025\/07\/O1CN01k5oQR02BldZDDcPDy_2217558508379-0-cib.jpg_de66763d55384bfd_fixed-480x480.jpeg 480w, https:\/\/vestpetproducts.com\/wp-content\/uploads\/2025\/07\/O1CN01k5oQR02BldZDDcPDy_2217558508379-0-cib.jpg_de66763d55384bfd_fixed-800x800.jpeg 800w\" sizes=\"auto, (max-width:767px) 480px, (max-width:1000px) 100vw, 1000px\" \/> <img loading=\"lazy\" decoding=\"async\" class=\"aligncenter size-full wp-image-1511\" src=\"http:\/\/vestpetproducts.com\/wp-content\/uploads\/2025\/07\/O1CN01MtRcbH2BldZI8o7q3_2217558508379-0-cib.jpg\" alt=\"\" width=\"750\" height=\"750\" srcset=\"https:\/\/vestpetproducts.com\/wp-content\/uploads\/2025\/07\/O1CN01MtRcbH2BldZI8o7q3_2217558508379-0-cib.jpg 750w, https:\/\/vestpetproducts.com\/wp-content\/uploads\/2025\/07\/O1CN01MtRcbH2BldZI8o7q3_2217558508379-0-cib-500x500.jpg 500w, https:\/\/vestpetproducts.com\/wp-content\/uploads\/2025\/07\/O1CN01MtRcbH2BldZI8o7q3_2217558508379-0-cib-300x300.jpg 300w, https:\/\/vestpetproducts.com\/wp-content\/uploads\/2025\/07\/O1CN01MtRcbH2BldZI8o7q3_2217558508379-0-cib-12x12.jpg 12w, https:\/\/vestpetproducts.com\/wp-content\/uploads\/2025\/07\/O1CN01MtRcbH2BldZI8o7q3_2217558508379-0-cib-150x150.jpg 150w, https:\/\/vestpetproducts.com\/wp-content\/uploads\/2025\/07\/O1CN01MtRcbH2BldZI8o7q3_2217558508379-0-cib-75x75.jpg 75w, https:\/\/vestpetproducts.com\/wp-content\/uploads\/2025\/07\/O1CN01MtRcbH2BldZI8o7q3_2217558508379-0-cib-480x480.jpg 480w\" sizes=\"auto, (max-width:767px) 480px, 750px\" \/> <img loading=\"lazy\" decoding=\"async\" class=\"aligncenter size-full wp-image-1512\" src=\"http:\/\/vestpetproducts.com\/wp-content\/uploads\/2025\/07\/O1CN01clKkiY2BldZ8ftqr8_2217558508379-0-cib.jpg\" alt=\"\" width=\"600\" height=\"600\" srcset=\"https:\/\/vestpetproducts.com\/wp-content\/uploads\/2025\/07\/O1CN01clKkiY2BldZ8ftqr8_2217558508379-0-cib.jpg 600w, https:\/\/vestpetproducts.com\/wp-content\/uploads\/2025\/07\/O1CN01clKkiY2BldZ8ftqr8_2217558508379-0-cib-500x500.jpg 500w, https:\/\/vestpetproducts.com\/wp-content\/uploads\/2025\/07\/O1CN01clKkiY2BldZ8ftqr8_2217558508379-0-cib-300x300.jpg 300w, https:\/\/vestpetproducts.com\/wp-content\/uploads\/2025\/07\/O1CN01clKkiY2BldZ8ftqr8_2217558508379-0-cib-12x12.jpg 12w, https:\/\/vestpetproducts.com\/wp-content\/uploads\/2025\/07\/O1CN01clKkiY2BldZ8ftqr8_2217558508379-0-cib-150x150.jpg 150w, https:\/\/vestpetproducts.com\/wp-content\/uploads\/2025\/07\/O1CN01clKkiY2BldZ8ftqr8_2217558508379-0-cib-75x75.jpg 75w, https:\/\/vestpetproducts.com\/wp-content\/uploads\/2025\/07\/O1CN01clKkiY2BldZ8ftqr8_2217558508379-0-cib-480x480.jpg 480w\" sizes=\"auto, (max-width:767px) 480px, 600px\" \/> <img loading=\"lazy\" decoding=\"async\" class=\"aligncenter size-full wp-image-1513\" src=\"http:\/\/vestpetproducts.com\/wp-content\/uploads\/2025\/07\/O1CN01buZULa2BldZIoFMsa_2217558508379-0-cib.jpg\" alt=\"\" width=\"600\" height=\"600\" srcset=\"https:\/\/vestpetproducts.com\/wp-content\/uploads\/2025\/07\/O1CN01buZULa2BldZIoFMsa_2217558508379-0-cib.jpg 600w, https:\/\/vestpetproducts.com\/wp-content\/uploads\/2025\/07\/O1CN01buZULa2BldZIoFMsa_2217558508379-0-cib-500x500.jpg 500w, https:\/\/vestpetproducts.com\/wp-content\/uploads\/2025\/07\/O1CN01buZULa2BldZIoFMsa_2217558508379-0-cib-300x300.jpg 300w, https:\/\/vestpetproducts.com\/wp-content\/uploads\/2025\/07\/O1CN01buZULa2BldZIoFMsa_2217558508379-0-cib-12x12.jpg 12w, https:\/\/vestpetproducts.com\/wp-content\/uploads\/2025\/07\/O1CN01buZULa2BldZIoFMsa_2217558508379-0-cib-150x150.jpg 150w, https:\/\/vestpetproducts.com\/wp-content\/uploads\/2025\/07\/O1CN01buZULa2BldZIoFMsa_2217558508379-0-cib-75x75.jpg 75w, https:\/\/vestpetproducts.com\/wp-content\/uploads\/2025\/07\/O1CN01buZULa2BldZIoFMsa_2217558508379-0-cib-480x480.jpg 480w\" sizes=\"auto, (max-width:767px) 480px, 600px\" \/> <img loading=\"lazy\" decoding=\"async\" class=\"aligncenter size-full wp-image-1514\" src=\"http:\/\/vestpetproducts.com\/wp-content\/uploads\/2025\/07\/O1CN01wmSh6i2BldZECLddQ_2217558508379-0-cib.jpg\" alt=\"\" width=\"600\" height=\"600\" srcset=\"https:\/\/vestpetproducts.com\/wp-content\/uploads\/2025\/07\/O1CN01wmSh6i2BldZECLddQ_2217558508379-0-cib.jpg 600w, https:\/\/vestpetproducts.com\/wp-content\/uploads\/2025\/07\/O1CN01wmSh6i2BldZECLddQ_2217558508379-0-cib-500x500.jpg 500w, https:\/\/vestpetproducts.com\/wp-content\/uploads\/2025\/07\/O1CN01wmSh6i2BldZECLddQ_2217558508379-0-cib-300x300.jpg 300w, https:\/\/vestpetproducts.com\/wp-content\/uploads\/2025\/07\/O1CN01wmSh6i2BldZECLddQ_2217558508379-0-cib-12x12.jpg 12w, https:\/\/vestpetproducts.com\/wp-content\/uploads\/2025\/07\/O1CN01wmSh6i2BldZECLddQ_2217558508379-0-cib-150x150.jpg 150w, https:\/\/vestpetproducts.com\/wp-content\/uploads\/2025\/07\/O1CN01wmSh6i2BldZECLddQ_2217558508379-0-cib-75x75.jpg 75w, https:\/\/vestpetproducts.com\/wp-content\/uploads\/2025\/07\/O1CN01wmSh6i2BldZECLddQ_2217558508379-0-cib-480x480.jpg 480w\" sizes=\"auto, (max-width:767px) 480px, 600px\" \/> <img loading=\"lazy\" decoding=\"async\" class=\"aligncenter size-full wp-image-1515\" src=\"http:\/\/vestpetproducts.com\/wp-content\/uploads\/2025\/07\/O1CN01vAzXNd2BldZIapdRV_2217558508379-0-cib.jpg\" alt=\"\" width=\"800\" height=\"800\" srcset=\"https:\/\/vestpetproducts.com\/wp-content\/uploads\/2025\/07\/O1CN01vAzXNd2BldZIapdRV_2217558508379-0-cib.jpg 800w, https:\/\/vestpetproducts.com\/wp-content\/uploads\/2025\/07\/O1CN01vAzXNd2BldZIapdRV_2217558508379-0-cib-500x500.jpg 500w, https:\/\/vestpetproducts.com\/wp-content\/uploads\/2025\/07\/O1CN01vAzXNd2BldZIapdRV_2217558508379-0-cib-300x300.jpg 300w, https:\/\/vestpetproducts.com\/wp-content\/uploads\/2025\/07\/O1CN01vAzXNd2BldZIapdRV_2217558508379-0-cib-768x768.jpg 768w, https:\/\/vestpetproducts.com\/wp-content\/uploads\/2025\/07\/O1CN01vAzXNd2BldZIapdRV_2217558508379-0-cib-12x12.jpg 12w, https:\/\/vestpetproducts.com\/wp-content\/uploads\/2025\/07\/O1CN01vAzXNd2BldZIapdRV_2217558508379-0-cib-150x150.jpg 150w, https:\/\/vestpetproducts.com\/wp-content\/uploads\/2025\/07\/O1CN01vAzXNd2BldZIapdRV_2217558508379-0-cib-75x75.jpg 75w, https:\/\/vestpetproducts.com\/wp-content\/uploads\/2025\/07\/O1CN01vAzXNd2BldZIapdRV_2217558508379-0-cib-480x480.jpg 480w\" sizes=\"auto, (max-width:767px) 480px, (max-width:800px) 100vw, 800px\" \/><\/p>","protected":false},"excerpt":{"rendered":"<p>Dimens\u00f5es: Dimens\u00f5es totais: 12,7 cm (comprimento) x 7,6 cm (largura) x 6,5 cm (altura). Esta urna memorial foi projetada para guardar as cinzas de v\u00e1rios c\u00e3es, gatos ou outros animais de estima\u00e7\u00e3o, bem como recorda\u00e7\u00f5es de animais de estima\u00e7\u00e3o, como coleiras ou brinquedos favoritos. \u00c9 uma maneira linda e significativa de homenage\u00e1-los.<br \/>\nUrna memorial para animais de estima\u00e7\u00e3o de alta qualidade: Esta urna memorial para animais de estima\u00e7\u00e3o \u00e9 feita de madeira, com textura transparente, acabamento exclusivo, durabilidade e constru\u00e7\u00e3o robusta, com bordas lisas e arredondadas. Expresse seu amor pelo seu animal de estima\u00e7\u00e3o com uma urna de alta qualidade e ofere\u00e7a ao seu amado pet a qualidade que ele merece.<br \/>\nPresente de condol\u00eancias pela perda de um animal de estima\u00e7\u00e3o: Se voc\u00ea est\u00e1 procurando uma maneira de homenagear seu amigo peludo ou oferecer conforto a outras pessoas que perderam os seus, esta urna memorial personalizada \u00e9 uma maneira linda e significativa de faz\u00ea-lo. Este \u00e9 um presente que ser\u00e1 estimado por muitos anos, mantendo a mem\u00f3ria do seu animal de estima\u00e7\u00e3o viva e pr\u00f3xima ao seu cora\u00e7\u00e3o. Serve como um presente de condol\u00eancias para c\u00e3es, um presente memorial para c\u00e3es, um presente de mem\u00f3ria para c\u00e3es, um presente de condol\u00eancias para c\u00e3es perdidos e um presente memorial para c\u00e3es de estima\u00e7\u00e3o.<\/p>","protected":false},"featured_media":1507,"template":"","meta":{"content-type":""},"product_brand":[],"product_cat":[19],"product_tag":[],"class_list":{"0":"post-1505","1":"product","2":"type-product","3":"status-publish","4":"has-post-thumbnail","6":"product_cat-pet-memorial-products","8":"first","9":"instock","10":"shipping-taxable","11":"product-type-simple"},"yoast_head":"<!-- This site is optimized with the Yoast SEO plugin v24.9 - https:\/\/yoast.com\/wordpress\/plugins\/seo\/ -->\n<title>Wooden Pet Urns Cats and Dogs Small Animal Memorial Casket Box Pet Funeral Supplies Urn Wooden Box - Shandong Vest International Trade Co., Ltd.<\/title>\n<meta name=\"robots\" content=\"index, follow, max-snippet:-1, max-image-preview:large, max-video-preview:-1\" \/>\n<link rel=\"canonical\" href=\"https:\/\/vestpetproducts.com\/pt\/produto\/wooden-pet-urns-cats-and-dogs-small-animal-memorial-casket-box-pet-funeral-supplies-urn-wooden-box\/\" \/>\n<meta property=\"og:locale\" content=\"pt_PT\" \/>\n<meta property=\"og:type\" content=\"article\" \/>\n<meta property=\"og:title\" content=\"Wooden Pet Urns Cats and Dogs Small Animal Memorial Casket Box Pet Funeral Supplies Urn Wooden Box - Shandong Vest International Trade Co., Ltd.\" \/>\n<meta property=\"og:description\" content=\"Dimensions: Overall dimensions: 12.7 cm (length) x 7.6 cm (width) x 6.5 cm (height). This memorial urn is designed to hold the ashes of various dogs, cats, or other pets, as well as pet memorabilia such as collars or favorite toys. It is a beautiful and meaningful way to commemorate them. High-quality pet memorial urn: This pet memorial urn is made of wood, featuring a clear texture, unique craftsmanship, durability, and sturdy construction, with smooth, rounded edges. Express your love for your pet with a high-quality urn and provide your beloved pet with the quality they deserve. Pet loss sympathy gift: Whether you are looking for a way to commemorate your furry friend or to offer comfort to others who have lost theirs, this personalized memorial urn is a beautiful and meaningful way to do so. This is a gift that will be cherished for years to come, keeping your pet&#039;s memory alive and close to your heart. It serves as a condolence gift for dogs, a memorial gift for dogs, a memory gift for dogs, a sympathy gift for lost dogs, and a memorial gift for pet dogs.\" \/>\n<meta property=\"og:url\" content=\"https:\/\/vestpetproducts.com\/pt\/produto\/wooden-pet-urns-cats-and-dogs-small-animal-memorial-casket-box-pet-funeral-supplies-urn-wooden-box\/\" \/>\n<meta property=\"og:site_name\" content=\"Shandong Vest International Trade Co., Ltd.\" \/>\n<meta property=\"article:modified_time\" content=\"2025-08-05T09:31:07+00:00\" \/>\n<meta property=\"og:image\" content=\"https:\/\/vestpetproducts.com\/wp-content\/uploads\/2025\/07\/O1CN01MYNmao2BldZK324ZN_2217558508379-0-cib.jpg\" \/>\n\t<meta property=\"og:image:width\" content=\"800\" \/>\n\t<meta property=\"og:image:height\" content=\"800\" \/>\n\t<meta property=\"og:image:type\" content=\"image\/jpeg\" \/>\n<meta name=\"twitter:card\" content=\"summary_large_image\" \/>\n<meta name=\"twitter:label1\" content=\"Tempo estimado de leitura\" \/>\n\t<meta name=\"twitter:data1\" content=\"2 minutos\" \/>\n<script type=\"application\/ld+json\" class=\"yoast-schema-graph\">{\"@context\":\"https:\/\/schema.org\",\"@graph\":[{\"@type\":\"WebPage\",\"@id\":\"https:\/\/vestpetproducts.com\/product\/wooden-pet-urns-cats-and-dogs-small-animal-memorial-casket-box-pet-funeral-supplies-urn-wooden-box\/\",\"url\":\"https:\/\/vestpetproducts.com\/product\/wooden-pet-urns-cats-and-dogs-small-animal-memorial-casket-box-pet-funeral-supplies-urn-wooden-box\/\",\"name\":\"Wooden Pet Urns Cats and Dogs Small Animal Memorial Casket Box Pet Funeral Supplies Urn Wooden Box - Shandong Vest International Trade Co., Ltd.\",\"isPartOf\":{\"@id\":\"https:\/\/vestpetproducts.com\/#website\"},\"primaryImageOfPage\":{\"@id\":\"https:\/\/vestpetproducts.com\/product\/wooden-pet-urns-cats-and-dogs-small-animal-memorial-casket-box-pet-funeral-supplies-urn-wooden-box\/#primaryimage\"},\"image\":{\"@id\":\"https:\/\/vestpetproducts.com\/product\/wooden-pet-urns-cats-and-dogs-small-animal-memorial-casket-box-pet-funeral-supplies-urn-wooden-box\/#primaryimage\"},\"thumbnailUrl\":\"https:\/\/vestpetproducts.com\/wp-content\/uploads\/2025\/07\/O1CN01MYNmao2BldZK324ZN_2217558508379-0-cib.jpg\",\"datePublished\":\"2025-07-24T03:18:54+00:00\",\"dateModified\":\"2025-08-05T09:31:07+00:00\",\"breadcrumb\":{\"@id\":\"https:\/\/vestpetproducts.com\/product\/wooden-pet-urns-cats-and-dogs-small-animal-memorial-casket-box-pet-funeral-supplies-urn-wooden-box\/#breadcrumb\"},\"inLanguage\":\"pt-PT\",\"potentialAction\":[{\"@type\":\"ReadAction\",\"target\":[\"https:\/\/vestpetproducts.com\/product\/wooden-pet-urns-cats-and-dogs-small-animal-memorial-casket-box-pet-funeral-supplies-urn-wooden-box\/\"]}]},{\"@type\":\"ImageObject\",\"inLanguage\":\"pt-PT\",\"@id\":\"https:\/\/vestpetproducts.com\/product\/wooden-pet-urns-cats-and-dogs-small-animal-memorial-casket-box-pet-funeral-supplies-urn-wooden-box\/#primaryimage\",\"url\":\"https:\/\/vestpetproducts.com\/wp-content\/uploads\/2025\/07\/O1CN01MYNmao2BldZK324ZN_2217558508379-0-cib.jpg\",\"contentUrl\":\"https:\/\/vestpetproducts.com\/wp-content\/uploads\/2025\/07\/O1CN01MYNmao2BldZK324ZN_2217558508379-0-cib.jpg\",\"width\":\"800\",\"height\":\"800\"},{\"@type\":\"BreadcrumbList\",\"@id\":\"https:\/\/vestpetproducts.com\/product\/wooden-pet-urns-cats-and-dogs-small-animal-memorial-casket-box-pet-funeral-supplies-urn-wooden-box\/#breadcrumb\",\"itemListElement\":[{\"@type\":\"ListItem\",\"position\":1,\"name\":\"\u9996\u9875\",\"item\":\"https:\/\/vestpetproducts.com\/\"},{\"@type\":\"ListItem\",\"position\":2,\"name\":\"Product\",\"item\":\"https:\/\/vestpetproducts.com\/product\/\"},{\"@type\":\"ListItem\",\"position\":3,\"name\":\"Wooden Pet Urns Cats and Dogs Small Animal Memorial Casket Box Pet Funeral Supplies Urn Wooden Box\"}]},{\"@type\":\"WebSite\",\"@id\":\"https:\/\/vestpetproducts.com\/#website\",\"url\":\"https:\/\/vestpetproducts.com\/\",\"name\":\"Shandong Vest International Trade Co., Ltd.\",\"description\":\"Shandong Vest International Trade Co., Ltd.\",\"potentialAction\":[{\"@type\":\"SearchAction\",\"target\":{\"@type\":\"EntryPoint\",\"urlTemplate\":\"https:\/\/vestpetproducts.com\/?s={search_term_string}\"},\"query-input\":{\"@type\":\"PropertyValueSpecification\",\"valueRequired\":true,\"valueName\":\"search_term_string\"}}],\"inLanguage\":\"pt-PT\"}]}<\/script>\n<!-- \/ Yoast SEO plugin. -->","yoast_head_json":{"title":"Wooden Pet Urns Cats and Dogs Small Animal Memorial Casket Box Pet Funeral Supplies Urn Wooden Box - Shandong Vest International Trade Co., Ltd.","robots":{"index":"index","follow":"follow","max-snippet":"max-snippet:-1","max-image-preview":"max-image-preview:large","max-video-preview":"max-video-preview:-1"},"canonical":"https:\/\/vestpetproducts.com\/pt\/produto\/wooden-pet-urns-cats-and-dogs-small-animal-memorial-casket-box-pet-funeral-supplies-urn-wooden-box\/","og_locale":"pt_PT","og_type":"article","og_title":"Wooden Pet Urns Cats and Dogs Small Animal Memorial Casket Box Pet Funeral Supplies Urn Wooden Box - Shandong Vest International Trade Co., Ltd.","og_description":"Dimensions: Overall dimensions: 12.7 cm (length) x 7.6 cm (width) x 6.5 cm (height). This memorial urn is designed to hold the ashes of various dogs, cats, or other pets, as well as pet memorabilia such as collars or favorite toys. It is a beautiful and meaningful way to commemorate them. High-quality pet memorial urn: This pet memorial urn is made of wood, featuring a clear texture, unique craftsmanship, durability, and sturdy construction, with smooth, rounded edges. Express your love for your pet with a high-quality urn and provide your beloved pet with the quality they deserve. Pet loss sympathy gift: Whether you are looking for a way to commemorate your furry friend or to offer comfort to others who have lost theirs, this personalized memorial urn is a beautiful and meaningful way to do so. This is a gift that will be cherished for years to come, keeping your pet's memory alive and close to your heart. It serves as a condolence gift for dogs, a memorial gift for dogs, a memory gift for dogs, a sympathy gift for lost dogs, and a memorial gift for pet dogs.","og_url":"https:\/\/vestpetproducts.com\/pt\/produto\/wooden-pet-urns-cats-and-dogs-small-animal-memorial-casket-box-pet-funeral-supplies-urn-wooden-box\/","og_site_name":"Shandong Vest International Trade Co., Ltd.","article_modified_time":"2025-08-05T09:31:07+00:00","og_image":[{"width":800,"height":800,"url":"https:\/\/vestpetproducts.com\/wp-content\/uploads\/2025\/07\/O1CN01MYNmao2BldZK324ZN_2217558508379-0-cib.jpg","type":"image\/jpeg"}],"twitter_card":"summary_large_image","twitter_misc":{"Tempo estimado de leitura":"2 minutos"},"schema":{"@context":"https:\/\/schema.org","@graph":[{"@type":"WebPage","@id":"https:\/\/vestpetproducts.com\/product\/wooden-pet-urns-cats-and-dogs-small-animal-memorial-casket-box-pet-funeral-supplies-urn-wooden-box\/","url":"https:\/\/vestpetproducts.com\/product\/wooden-pet-urns-cats-and-dogs-small-animal-memorial-casket-box-pet-funeral-supplies-urn-wooden-box\/","name":"Wooden Pet Urns Cats and Dogs Small Animal Memorial Casket Box Pet Funeral Supplies Urn Wooden Box - Shandong Vest International Trade Co., Ltd.","isPartOf":{"@id":"https:\/\/vestpetproducts.com\/#website"},"primaryImageOfPage":{"@id":"https:\/\/vestpetproducts.com\/product\/wooden-pet-urns-cats-and-dogs-small-animal-memorial-casket-box-pet-funeral-supplies-urn-wooden-box\/#primaryimage"},"image":{"@id":"https:\/\/vestpetproducts.com\/product\/wooden-pet-urns-cats-and-dogs-small-animal-memorial-casket-box-pet-funeral-supplies-urn-wooden-box\/#primaryimage"},"thumbnailUrl":"https:\/\/vestpetproducts.com\/wp-content\/uploads\/2025\/07\/O1CN01MYNmao2BldZK324ZN_2217558508379-0-cib.jpg","datePublished":"2025-07-24T03:18:54+00:00","dateModified":"2025-08-05T09:31:07+00:00","breadcrumb":{"@id":"https:\/\/vestpetproducts.com\/product\/wooden-pet-urns-cats-and-dogs-small-animal-memorial-casket-box-pet-funeral-supplies-urn-wooden-box\/#breadcrumb"},"inLanguage":"pt-PT","potentialAction":[{"@type":"ReadAction","target":["https:\/\/vestpetproducts.com\/product\/wooden-pet-urns-cats-and-dogs-small-animal-memorial-casket-box-pet-funeral-supplies-urn-wooden-box\/"]}]},{"@type":"ImageObject","inLanguage":"pt-PT","@id":"https:\/\/vestpetproducts.com\/product\/wooden-pet-urns-cats-and-dogs-small-animal-memorial-casket-box-pet-funeral-supplies-urn-wooden-box\/#primaryimage","url":"https:\/\/vestpetproducts.com\/wp-content\/uploads\/2025\/07\/O1CN01MYNmao2BldZK324ZN_2217558508379-0-cib.jpg","contentUrl":"https:\/\/vestpetproducts.com\/wp-content\/uploads\/2025\/07\/O1CN01MYNmao2BldZK324ZN_2217558508379-0-cib.jpg","width":"800","height":"800"},{"@type":"BreadcrumbList","@id":"https:\/\/vestpetproducts.com\/product\/wooden-pet-urns-cats-and-dogs-small-animal-memorial-casket-box-pet-funeral-supplies-urn-wooden-box\/#breadcrumb","itemListElement":[{"@type":"ListItem","position":1,"name":"\u9996\u9875","item":"https:\/\/vestpetproducts.com\/"},{"@type":"ListItem","position":2,"name":"Product","item":"https:\/\/vestpetproducts.com\/product\/"},{"@type":"ListItem","position":3,"name":"Wooden Pet Urns Cats and Dogs Small Animal Memorial Casket Box Pet Funeral Supplies Urn Wooden Box"}]},{"@type":"WebSite","@id":"https:\/\/vestpetproducts.com\/#website","url":"https:\/\/vestpetproducts.com\/","name":"Shandong Vest International Trade Co., Ltd.","description":"Shandong Vest International Trade Co., Ltd.","potentialAction":[{"@type":"SearchAction","target":{"@type":"EntryPoint","urlTemplate":"https:\/\/vestpetproducts.com\/?s={search_term_string}"},"query-input":{"@type":"PropertyValueSpecification","valueRequired":true,"valueName":"search_term_string"}}],"inLanguage":"pt-PT"}]}},"_links":{"self":[{"href":"https:\/\/vestpetproducts.com\/pt\/wp-json\/wp\/v2\/product\/1505","targetHints":{"allow":["GET"]}}],"collection":[{"href":"https:\/\/vestpetproducts.com\/pt\/wp-json\/wp\/v2\/product"}],"about":[{"href":"https:\/\/vestpetproducts.com\/pt\/wp-json\/wp\/v2\/types\/product"}],"wp:featuredmedia":[{"embeddable":true,"href":"https:\/\/vestpetproducts.com\/pt\/wp-json\/wp\/v2\/media\/1507"}],"wp:attachment":[{"href":"https:\/\/vestpetproducts.com\/pt\/wp-json\/wp\/v2\/media?parent=1505"}],"wp:term":[{"taxonomy":"product_brand","embeddable":true,"href":"https:\/\/vestpetproducts.com\/pt\/wp-json\/wp\/v2\/product_brand?post=1505"},{"taxonomy":"product_cat","embeddable":true,"href":"https:\/\/vestpetproducts.com\/pt\/wp-json\/wp\/v2\/product_cat?post=1505"},{"taxonomy":"product_tag","embeddable":true,"href":"https:\/\/vestpetproducts.com\/pt\/wp-json\/wp\/v2\/product_tag?post=1505"}],"curies":[{"name":"wp","href":"https:\/\/api.w.org\/{rel}","templated":true}]}}