{"id":1493,"date":"2025-07-24T03:13:03","date_gmt":"2025-07-24T03:13:03","guid":{"rendered":"https:\/\/vestpetproducts.com\/?post_type=product&#038;p=1493"},"modified":"2025-08-05T09:43:11","modified_gmt":"2025-08-05T09:43:11","slug":"pet-ashes-box-for-planet-waterproof-sealed-memorial-container-for-cats-and-dogs-pet-cremation-ashes-box","status":"publish","type":"product","link":"https:\/\/vestpetproducts.com\/pt\/produto\/pet-ashes-box-for-planet-waterproof-sealed-memorial-container-for-cats-and-dogs-pet-cremation-ashes-box\/","title":{"rendered":"Caixa para cinzas de animais de estima\u00e7\u00e3o da Planet; Recipiente memorial \u00e0 prova d&#039;\u00e1gua e selado para c\u00e3es e gatos; Caixa para cinzas de crema\u00e7\u00e3o de animais de estima\u00e7\u00e3o"},"content":{"rendered":"<p><img loading=\"lazy\" decoding=\"async\" class=\"aligncenter size-full wp-image-1504\" src=\"http:\/\/vestpetproducts.com\/wp-content\/uploads\/2025\/07\/O1CN011rJkyL29CiGx1ZKhj_979178032-0-cib.jpg\" alt=\"\" width=\"800\" height=\"876\" srcset=\"https:\/\/vestpetproducts.com\/wp-content\/uploads\/2025\/07\/O1CN011rJkyL29CiGx1ZKhj_979178032-0-cib.jpg 800w, https:\/\/vestpetproducts.com\/wp-content\/uploads\/2025\/07\/O1CN011rJkyL29CiGx1ZKhj_979178032-0-cib-457x500.jpg 457w, https:\/\/vestpetproducts.com\/wp-content\/uploads\/2025\/07\/O1CN011rJkyL29CiGx1ZKhj_979178032-0-cib-274x300.jpg 274w, https:\/\/vestpetproducts.com\/wp-content\/uploads\/2025\/07\/O1CN011rJkyL29CiGx1ZKhj_979178032-0-cib-768x841.jpg 768w, https:\/\/vestpetproducts.com\/wp-content\/uploads\/2025\/07\/O1CN011rJkyL29CiGx1ZKhj_979178032-0-cib-11x12.jpg 11w, https:\/\/vestpetproducts.com\/wp-content\/uploads\/2025\/07\/O1CN011rJkyL29CiGx1ZKhj_979178032-0-cib-68x75.jpg 68w, https:\/\/vestpetproducts.com\/wp-content\/uploads\/2025\/07\/O1CN011rJkyL29CiGx1ZKhj_979178032-0-cib-480x526.jpg 480w\" sizes=\"auto, (max-width:767px) 480px, (max-width:800px) 100vw, 800px\" \/><img loading=\"lazy\" decoding=\"async\" class=\"aligncenter size-full wp-image-1497\" src=\"http:\/\/vestpetproducts.com\/wp-content\/uploads\/2025\/07\/O1CN01sxmdZa29CiGwSLi6n_979178032-0-cib.jpg\" alt=\"\" width=\"800\" height=\"964\" srcset=\"https:\/\/vestpetproducts.com\/wp-content\/uploads\/2025\/07\/O1CN01sxmdZa29CiGwSLi6n_979178032-0-cib.jpg 800w, https:\/\/vestpetproducts.com\/wp-content\/uploads\/2025\/07\/O1CN01sxmdZa29CiGwSLi6n_979178032-0-cib-415x500.jpg 415w, https:\/\/vestpetproducts.com\/wp-content\/uploads\/2025\/07\/O1CN01sxmdZa29CiGwSLi6n_979178032-0-cib-249x300.jpg 249w, https:\/\/vestpetproducts.com\/wp-content\/uploads\/2025\/07\/O1CN01sxmdZa29CiGwSLi6n_979178032-0-cib-768x925.jpg 768w, https:\/\/vestpetproducts.com\/wp-content\/uploads\/2025\/07\/O1CN01sxmdZa29CiGwSLi6n_979178032-0-cib-10x12.jpg 10w, https:\/\/vestpetproducts.com\/wp-content\/uploads\/2025\/07\/O1CN01sxmdZa29CiGwSLi6n_979178032-0-cib-62x75.jpg 62w, https:\/\/vestpetproducts.com\/wp-content\/uploads\/2025\/07\/O1CN01sxmdZa29CiGwSLi6n_979178032-0-cib-480x578.jpg 480w\" sizes=\"auto, (max-width:767px) 480px, (max-width:800px) 100vw, 800px\" \/> <img loading=\"lazy\" decoding=\"async\" class=\"aligncenter size-full wp-image-1498\" src=\"http:\/\/vestpetproducts.com\/wp-content\/uploads\/2025\/07\/O1CN01HdSwjD29CiGwur8Oh_979178032-0-cib.jpg\" alt=\"\" width=\"800\" height=\"800\" srcset=\"https:\/\/vestpetproducts.com\/wp-content\/uploads\/2025\/07\/O1CN01HdSwjD29CiGwur8Oh_979178032-0-cib.jpg 800w, https:\/\/vestpetproducts.com\/wp-content\/uploads\/2025\/07\/O1CN01HdSwjD29CiGwur8Oh_979178032-0-cib-500x500.jpg 500w, https:\/\/vestpetproducts.com\/wp-content\/uploads\/2025\/07\/O1CN01HdSwjD29CiGwur8Oh_979178032-0-cib-300x300.jpg 300w, https:\/\/vestpetproducts.com\/wp-content\/uploads\/2025\/07\/O1CN01HdSwjD29CiGwur8Oh_979178032-0-cib-768x768.jpg 768w, https:\/\/vestpetproducts.com\/wp-content\/uploads\/2025\/07\/O1CN01HdSwjD29CiGwur8Oh_979178032-0-cib-12x12.jpg 12w, https:\/\/vestpetproducts.com\/wp-content\/uploads\/2025\/07\/O1CN01HdSwjD29CiGwur8Oh_979178032-0-cib-150x150.jpg 150w, https:\/\/vestpetproducts.com\/wp-content\/uploads\/2025\/07\/O1CN01HdSwjD29CiGwur8Oh_979178032-0-cib-75x75.jpg 75w, https:\/\/vestpetproducts.com\/wp-content\/uploads\/2025\/07\/O1CN01HdSwjD29CiGwur8Oh_979178032-0-cib-480x480.jpg 480w\" sizes=\"auto, (max-width:767px) 480px, (max-width:800px) 100vw, 800px\" \/> <img loading=\"lazy\" decoding=\"async\" class=\"aligncenter size-full wp-image-1499\" src=\"http:\/\/vestpetproducts.com\/wp-content\/uploads\/2025\/07\/O1CN011trLEG29CiGqGRiZM_979178032-0-cib.jpg\" alt=\"\" width=\"800\" height=\"920\" srcset=\"https:\/\/vestpetproducts.com\/wp-content\/uploads\/2025\/07\/O1CN011trLEG29CiGqGRiZM_979178032-0-cib.jpg 800w, https:\/\/vestpetproducts.com\/wp-content\/uploads\/2025\/07\/O1CN011trLEG29CiGqGRiZM_979178032-0-cib-435x500.jpg 435w, https:\/\/vestpetproducts.com\/wp-content\/uploads\/2025\/07\/O1CN011trLEG29CiGqGRiZM_979178032-0-cib-261x300.jpg 261w, https:\/\/vestpetproducts.com\/wp-content\/uploads\/2025\/07\/O1CN011trLEG29CiGqGRiZM_979178032-0-cib-768x883.jpg 768w, https:\/\/vestpetproducts.com\/wp-content\/uploads\/2025\/07\/O1CN011trLEG29CiGqGRiZM_979178032-0-cib-10x12.jpg 10w, https:\/\/vestpetproducts.com\/wp-content\/uploads\/2025\/07\/O1CN011trLEG29CiGqGRiZM_979178032-0-cib-65x75.jpg 65w, https:\/\/vestpetproducts.com\/wp-content\/uploads\/2025\/07\/O1CN011trLEG29CiGqGRiZM_979178032-0-cib-480x552.jpg 480w\" sizes=\"auto, (max-width:767px) 480px, (max-width:800px) 100vw, 800px\" \/> <img loading=\"lazy\" decoding=\"async\" class=\"aligncenter size-full wp-image-1500\" src=\"http:\/\/vestpetproducts.com\/wp-content\/uploads\/2025\/07\/O1CN013Lo3fj29CiGxQuQG5_979178032-0-cib.jpg\" alt=\"\" width=\"800\" height=\"1241\" srcset=\"https:\/\/vestpetproducts.com\/wp-content\/uploads\/2025\/07\/O1CN013Lo3fj29CiGxQuQG5_979178032-0-cib.jpg 800w, https:\/\/vestpetproducts.com\/wp-content\/uploads\/2025\/07\/O1CN013Lo3fj29CiGxQuQG5_979178032-0-cib-322x500.jpg 322w, https:\/\/vestpetproducts.com\/wp-content\/uploads\/2025\/07\/O1CN013Lo3fj29CiGxQuQG5_979178032-0-cib-774x1200.jpg 774w, https:\/\/vestpetproducts.com\/wp-content\/uploads\/2025\/07\/O1CN013Lo3fj29CiGxQuQG5_979178032-0-cib-193x300.jpg 193w, https:\/\/vestpetproducts.com\/wp-content\/uploads\/2025\/07\/O1CN013Lo3fj29CiGxQuQG5_979178032-0-cib-768x1191.jpg 768w, https:\/\/vestpetproducts.com\/wp-content\/uploads\/2025\/07\/O1CN013Lo3fj29CiGxQuQG5_979178032-0-cib-8x12.jpg 8w, https:\/\/vestpetproducts.com\/wp-content\/uploads\/2025\/07\/O1CN013Lo3fj29CiGxQuQG5_979178032-0-cib-48x75.jpg 48w, https:\/\/vestpetproducts.com\/wp-content\/uploads\/2025\/07\/O1CN013Lo3fj29CiGxQuQG5_979178032-0-cib-480x745.jpg 480w\" sizes=\"auto, (max-width:767px) 480px, (max-width:800px) 100vw, 800px\" \/> <img loading=\"lazy\" decoding=\"async\" class=\"aligncenter size-full wp-image-1501\" src=\"http:\/\/vestpetproducts.com\/wp-content\/uploads\/2025\/07\/O1CN01vQWpT129CiGxQxyef_979178032-0-cib.jpg\" alt=\"\" width=\"800\" height=\"859\" srcset=\"https:\/\/vestpetproducts.com\/wp-content\/uploads\/2025\/07\/O1CN01vQWpT129CiGxQxyef_979178032-0-cib.jpg 800w, https:\/\/vestpetproducts.com\/wp-content\/uploads\/2025\/07\/O1CN01vQWpT129CiGxQxyef_979178032-0-cib-466x500.jpg 466w, https:\/\/vestpetproducts.com\/wp-content\/uploads\/2025\/07\/O1CN01vQWpT129CiGxQxyef_979178032-0-cib-279x300.jpg 279w, https:\/\/vestpetproducts.com\/wp-content\/uploads\/2025\/07\/O1CN01vQWpT129CiGxQxyef_979178032-0-cib-768x825.jpg 768w, https:\/\/vestpetproducts.com\/wp-content\/uploads\/2025\/07\/O1CN01vQWpT129CiGxQxyef_979178032-0-cib-11x12.jpg 11w, https:\/\/vestpetproducts.com\/wp-content\/uploads\/2025\/07\/O1CN01vQWpT129CiGxQxyef_979178032-0-cib-70x75.jpg 70w, https:\/\/vestpetproducts.com\/wp-content\/uploads\/2025\/07\/O1CN01vQWpT129CiGxQxyef_979178032-0-cib-480x515.jpg 480w\" sizes=\"auto, (max-width:767px) 480px, (max-width:800px) 100vw, 800px\" \/> <img loading=\"lazy\" decoding=\"async\" class=\"aligncenter size-full wp-image-1503\" src=\"http:\/\/vestpetproducts.com\/wp-content\/uploads\/2025\/07\/O1CN01Bg1h9L29CiGqGSWSS_979178032-0-cib.jpg\" alt=\"\" width=\"800\" height=\"800\" srcset=\"https:\/\/vestpetproducts.com\/wp-content\/uploads\/2025\/07\/O1CN01Bg1h9L29CiGqGSWSS_979178032-0-cib.jpg 800w, https:\/\/vestpetproducts.com\/wp-content\/uploads\/2025\/07\/O1CN01Bg1h9L29CiGqGSWSS_979178032-0-cib-500x500.jpg 500w, https:\/\/vestpetproducts.com\/wp-content\/uploads\/2025\/07\/O1CN01Bg1h9L29CiGqGSWSS_979178032-0-cib-300x300.jpg 300w, https:\/\/vestpetproducts.com\/wp-content\/uploads\/2025\/07\/O1CN01Bg1h9L29CiGqGSWSS_979178032-0-cib-768x768.jpg 768w, https:\/\/vestpetproducts.com\/wp-content\/uploads\/2025\/07\/O1CN01Bg1h9L29CiGqGSWSS_979178032-0-cib-12x12.jpg 12w, https:\/\/vestpetproducts.com\/wp-content\/uploads\/2025\/07\/O1CN01Bg1h9L29CiGqGSWSS_979178032-0-cib-150x150.jpg 150w, https:\/\/vestpetproducts.com\/wp-content\/uploads\/2025\/07\/O1CN01Bg1h9L29CiGqGSWSS_979178032-0-cib-75x75.jpg 75w, https:\/\/vestpetproducts.com\/wp-content\/uploads\/2025\/07\/O1CN01Bg1h9L29CiGqGSWSS_979178032-0-cib-480x480.jpg 480w\" sizes=\"auto, (max-width:767px) 480px, (max-width:800px) 100vw, 800px\" \/><\/p>","protected":false},"excerpt":{"rendered":"<p>Cores: preto, rosa, cinza, branco<\/p>\n<p>Dimens\u00f5es: Dimens\u00f5es totais: 16,5 cm de comprimento x 11 cm de altura. Peso: 1010 g. Capacidade: 400 ml. Esta urna memorial \u00e9 uma maneira bonita e significativa de armazenar as cinzas de v\u00e1rios c\u00e3es, gatos ou outros animais de estima\u00e7\u00e3o.<br \/>\nUrna memorial para animais de estima\u00e7\u00e3o de alta qualidade: esta urna memorial para animais de estima\u00e7\u00e3o \u00e9 feita de cimento Portland, apresentando um artesanato exclusivo, durabilidade e um design bem constru\u00eddo com bordas suaves e arredondadas.<br \/>\nPresente de Condol\u00eancias pela Perda de um Animal de Estima\u00e7\u00e3o: Se voc\u00ea est\u00e1 procurando uma maneira de homenagear seu amigo peludo ou oferecer conforto a outras pessoas que perderam os seus, esta urna memorial personalizada \u00e9 uma maneira linda e significativa de faz\u00ea-lo. \u00c9 um presente que ser\u00e1 estimado por muitos anos, mantendo a mem\u00f3ria do seu animal de estima\u00e7\u00e3o viva e pr\u00f3xima ao seu cora\u00e7\u00e3o.<\/p>","protected":false},"featured_media":1494,"template":"","meta":{"content-type":""},"product_brand":[],"product_cat":[19],"product_tag":[],"class_list":{"0":"post-1493","1":"product","2":"type-product","3":"status-publish","4":"has-post-thumbnail","6":"product_cat-pet-memorial-products","8":"first","9":"instock","10":"shipping-taxable","11":"product-type-simple"},"yoast_head":"<!-- This site is optimized with the Yoast SEO plugin v24.9 - https:\/\/yoast.com\/wordpress\/plugins\/seo\/ -->\n<title>Pet Ashes Box for Planet; Waterproof sealed Memorial Container for Cats and Dogs; Pet Cremation Ashes Box - Shandong Vest International Trade Co., Ltd.<\/title>\n<meta name=\"robots\" content=\"index, follow, max-snippet:-1, max-image-preview:large, max-video-preview:-1\" \/>\n<link rel=\"canonical\" href=\"https:\/\/vestpetproducts.com\/pt\/produto\/pet-ashes-box-for-planet-waterproof-sealed-memorial-container-for-cats-and-dogs-pet-cremation-ashes-box\/\" \/>\n<meta property=\"og:locale\" content=\"pt_PT\" \/>\n<meta property=\"og:type\" content=\"article\" \/>\n<meta property=\"og:title\" content=\"Pet Ashes Box for Planet; Waterproof sealed Memorial Container for Cats and Dogs; Pet Cremation Ashes Box - Shandong Vest International Trade Co., Ltd.\" \/>\n<meta property=\"og:description\" content=\"Colors: black, pink, gray, white  Dimensions: Overall dimensions: 16.5 cm long x 11 cm high. Weight: 1010g. Capacity: 400ml. This memorial urn is a beautiful and meaningful way to store the ashes of various dogs, cats, or other pets. High-quality pet memorial urn: This pet memorial urn is made of Portland cement, featuring unique craftsmanship, durability, and a well-constructed design with smooth, rounded edges. Pet Loss Sympathy Gift: Whether you are looking for a way to commemorate your own furry friend or to offer comfort to others who have lost theirs, this personalized memorial urn is a beautiful and meaningful way to do so. It is a gift that will be cherished for years to come, keeping your pet&#039;s memory alive and close to your heart\" \/>\n<meta property=\"og:url\" content=\"https:\/\/vestpetproducts.com\/pt\/produto\/pet-ashes-box-for-planet-waterproof-sealed-memorial-container-for-cats-and-dogs-pet-cremation-ashes-box\/\" \/>\n<meta property=\"og:site_name\" content=\"Shandong Vest International Trade Co., Ltd.\" \/>\n<meta property=\"article:modified_time\" content=\"2025-08-05T09:43:11+00:00\" \/>\n<meta property=\"og:image\" content=\"https:\/\/vestpetproducts.com\/wp-content\/uploads\/2025\/07\/O1CN01QllDax29CiGv7WqWL_979178032-0-cib.jpg\" \/>\n\t<meta property=\"og:image:width\" content=\"800\" \/>\n\t<meta property=\"og:image:height\" content=\"754\" \/>\n\t<meta property=\"og:image:type\" content=\"image\/jpeg\" \/>\n<meta name=\"twitter:card\" content=\"summary_large_image\" \/>\n<meta name=\"twitter:label1\" content=\"Tempo estimado de leitura\" \/>\n\t<meta name=\"twitter:data1\" content=\"2 minutos\" \/>\n<script type=\"application\/ld+json\" class=\"yoast-schema-graph\">{\"@context\":\"https:\/\/schema.org\",\"@graph\":[{\"@type\":\"WebPage\",\"@id\":\"https:\/\/vestpetproducts.com\/product\/pet-ashes-box-for-planet-waterproof-sealed-memorial-container-for-cats-and-dogs-pet-cremation-ashes-box\/\",\"url\":\"https:\/\/vestpetproducts.com\/product\/pet-ashes-box-for-planet-waterproof-sealed-memorial-container-for-cats-and-dogs-pet-cremation-ashes-box\/\",\"name\":\"Pet Ashes Box for Planet; Waterproof sealed Memorial Container for Cats and Dogs; Pet Cremation Ashes Box - Shandong Vest International Trade Co., Ltd.\",\"isPartOf\":{\"@id\":\"https:\/\/vestpetproducts.com\/#website\"},\"primaryImageOfPage\":{\"@id\":\"https:\/\/vestpetproducts.com\/product\/pet-ashes-box-for-planet-waterproof-sealed-memorial-container-for-cats-and-dogs-pet-cremation-ashes-box\/#primaryimage\"},\"image\":{\"@id\":\"https:\/\/vestpetproducts.com\/product\/pet-ashes-box-for-planet-waterproof-sealed-memorial-container-for-cats-and-dogs-pet-cremation-ashes-box\/#primaryimage\"},\"thumbnailUrl\":\"https:\/\/vestpetproducts.com\/wp-content\/uploads\/2025\/07\/O1CN01QllDax29CiGv7WqWL_979178032-0-cib.jpg\",\"datePublished\":\"2025-07-24T03:13:03+00:00\",\"dateModified\":\"2025-08-05T09:43:11+00:00\",\"breadcrumb\":{\"@id\":\"https:\/\/vestpetproducts.com\/product\/pet-ashes-box-for-planet-waterproof-sealed-memorial-container-for-cats-and-dogs-pet-cremation-ashes-box\/#breadcrumb\"},\"inLanguage\":\"pt-PT\",\"potentialAction\":[{\"@type\":\"ReadAction\",\"target\":[\"https:\/\/vestpetproducts.com\/product\/pet-ashes-box-for-planet-waterproof-sealed-memorial-container-for-cats-and-dogs-pet-cremation-ashes-box\/\"]}]},{\"@type\":\"ImageObject\",\"inLanguage\":\"pt-PT\",\"@id\":\"https:\/\/vestpetproducts.com\/product\/pet-ashes-box-for-planet-waterproof-sealed-memorial-container-for-cats-and-dogs-pet-cremation-ashes-box\/#primaryimage\",\"url\":\"https:\/\/vestpetproducts.com\/wp-content\/uploads\/2025\/07\/O1CN01QllDax29CiGv7WqWL_979178032-0-cib.jpg\",\"contentUrl\":\"https:\/\/vestpetproducts.com\/wp-content\/uploads\/2025\/07\/O1CN01QllDax29CiGv7WqWL_979178032-0-cib.jpg\",\"width\":800,\"height\":754},{\"@type\":\"BreadcrumbList\",\"@id\":\"https:\/\/vestpetproducts.com\/product\/pet-ashes-box-for-planet-waterproof-sealed-memorial-container-for-cats-and-dogs-pet-cremation-ashes-box\/#breadcrumb\",\"itemListElement\":[{\"@type\":\"ListItem\",\"position\":1,\"name\":\"\u9996\u9875\",\"item\":\"https:\/\/vestpetproducts.com\/\"},{\"@type\":\"ListItem\",\"position\":2,\"name\":\"Product\",\"item\":\"https:\/\/vestpetproducts.com\/product\/\"},{\"@type\":\"ListItem\",\"position\":3,\"name\":\"Pet Ashes Box for Planet; Waterproof sealed Memorial Container for Cats and Dogs; Pet Cremation Ashes Box\"}]},{\"@type\":\"WebSite\",\"@id\":\"https:\/\/vestpetproducts.com\/#website\",\"url\":\"https:\/\/vestpetproducts.com\/\",\"name\":\"Shandong Vest International Trade Co., Ltd.\",\"description\":\"Shandong Vest International Trade Co., Ltd.\",\"potentialAction\":[{\"@type\":\"SearchAction\",\"target\":{\"@type\":\"EntryPoint\",\"urlTemplate\":\"https:\/\/vestpetproducts.com\/?s={search_term_string}\"},\"query-input\":{\"@type\":\"PropertyValueSpecification\",\"valueRequired\":true,\"valueName\":\"search_term_string\"}}],\"inLanguage\":\"pt-PT\"}]}<\/script>\n<!-- \/ Yoast SEO plugin. -->","yoast_head_json":{"title":"Pet Ashes Box for Planet; Waterproof sealed Memorial Container for Cats and Dogs; Pet Cremation Ashes Box - Shandong Vest International Trade Co., Ltd.","robots":{"index":"index","follow":"follow","max-snippet":"max-snippet:-1","max-image-preview":"max-image-preview:large","max-video-preview":"max-video-preview:-1"},"canonical":"https:\/\/vestpetproducts.com\/pt\/produto\/pet-ashes-box-for-planet-waterproof-sealed-memorial-container-for-cats-and-dogs-pet-cremation-ashes-box\/","og_locale":"pt_PT","og_type":"article","og_title":"Pet Ashes Box for Planet; Waterproof sealed Memorial Container for Cats and Dogs; Pet Cremation Ashes Box - Shandong Vest International Trade Co., Ltd.","og_description":"Colors: black, pink, gray, white  Dimensions: Overall dimensions: 16.5 cm long x 11 cm high. Weight: 1010g. Capacity: 400ml. This memorial urn is a beautiful and meaningful way to store the ashes of various dogs, cats, or other pets. High-quality pet memorial urn: This pet memorial urn is made of Portland cement, featuring unique craftsmanship, durability, and a well-constructed design with smooth, rounded edges. Pet Loss Sympathy Gift: Whether you are looking for a way to commemorate your own furry friend or to offer comfort to others who have lost theirs, this personalized memorial urn is a beautiful and meaningful way to do so. It is a gift that will be cherished for years to come, keeping your pet's memory alive and close to your heart","og_url":"https:\/\/vestpetproducts.com\/pt\/produto\/pet-ashes-box-for-planet-waterproof-sealed-memorial-container-for-cats-and-dogs-pet-cremation-ashes-box\/","og_site_name":"Shandong Vest International Trade Co., Ltd.","article_modified_time":"2025-08-05T09:43:11+00:00","og_image":[{"width":800,"height":754,"url":"https:\/\/vestpetproducts.com\/wp-content\/uploads\/2025\/07\/O1CN01QllDax29CiGv7WqWL_979178032-0-cib.jpg","type":"image\/jpeg"}],"twitter_card":"summary_large_image","twitter_misc":{"Tempo estimado de leitura":"2 minutos"},"schema":{"@context":"https:\/\/schema.org","@graph":[{"@type":"WebPage","@id":"https:\/\/vestpetproducts.com\/product\/pet-ashes-box-for-planet-waterproof-sealed-memorial-container-for-cats-and-dogs-pet-cremation-ashes-box\/","url":"https:\/\/vestpetproducts.com\/product\/pet-ashes-box-for-planet-waterproof-sealed-memorial-container-for-cats-and-dogs-pet-cremation-ashes-box\/","name":"Pet Ashes Box for Planet; Waterproof sealed Memorial Container for Cats and Dogs; Pet Cremation Ashes Box - Shandong Vest International Trade Co., Ltd.","isPartOf":{"@id":"https:\/\/vestpetproducts.com\/#website"},"primaryImageOfPage":{"@id":"https:\/\/vestpetproducts.com\/product\/pet-ashes-box-for-planet-waterproof-sealed-memorial-container-for-cats-and-dogs-pet-cremation-ashes-box\/#primaryimage"},"image":{"@id":"https:\/\/vestpetproducts.com\/product\/pet-ashes-box-for-planet-waterproof-sealed-memorial-container-for-cats-and-dogs-pet-cremation-ashes-box\/#primaryimage"},"thumbnailUrl":"https:\/\/vestpetproducts.com\/wp-content\/uploads\/2025\/07\/O1CN01QllDax29CiGv7WqWL_979178032-0-cib.jpg","datePublished":"2025-07-24T03:13:03+00:00","dateModified":"2025-08-05T09:43:11+00:00","breadcrumb":{"@id":"https:\/\/vestpetproducts.com\/product\/pet-ashes-box-for-planet-waterproof-sealed-memorial-container-for-cats-and-dogs-pet-cremation-ashes-box\/#breadcrumb"},"inLanguage":"pt-PT","potentialAction":[{"@type":"ReadAction","target":["https:\/\/vestpetproducts.com\/product\/pet-ashes-box-for-planet-waterproof-sealed-memorial-container-for-cats-and-dogs-pet-cremation-ashes-box\/"]}]},{"@type":"ImageObject","inLanguage":"pt-PT","@id":"https:\/\/vestpetproducts.com\/product\/pet-ashes-box-for-planet-waterproof-sealed-memorial-container-for-cats-and-dogs-pet-cremation-ashes-box\/#primaryimage","url":"https:\/\/vestpetproducts.com\/wp-content\/uploads\/2025\/07\/O1CN01QllDax29CiGv7WqWL_979178032-0-cib.jpg","contentUrl":"https:\/\/vestpetproducts.com\/wp-content\/uploads\/2025\/07\/O1CN01QllDax29CiGv7WqWL_979178032-0-cib.jpg","width":800,"height":754},{"@type":"BreadcrumbList","@id":"https:\/\/vestpetproducts.com\/product\/pet-ashes-box-for-planet-waterproof-sealed-memorial-container-for-cats-and-dogs-pet-cremation-ashes-box\/#breadcrumb","itemListElement":[{"@type":"ListItem","position":1,"name":"\u9996\u9875","item":"https:\/\/vestpetproducts.com\/"},{"@type":"ListItem","position":2,"name":"Product","item":"https:\/\/vestpetproducts.com\/product\/"},{"@type":"ListItem","position":3,"name":"Pet Ashes Box for Planet; Waterproof sealed Memorial Container for Cats and Dogs; Pet Cremation Ashes Box"}]},{"@type":"WebSite","@id":"https:\/\/vestpetproducts.com\/#website","url":"https:\/\/vestpetproducts.com\/","name":"Shandong Vest International Trade Co., Ltd.","description":"Shandong Vest International Trade Co., Ltd.","potentialAction":[{"@type":"SearchAction","target":{"@type":"EntryPoint","urlTemplate":"https:\/\/vestpetproducts.com\/?s={search_term_string}"},"query-input":{"@type":"PropertyValueSpecification","valueRequired":true,"valueName":"search_term_string"}}],"inLanguage":"pt-PT"}]}},"_links":{"self":[{"href":"https:\/\/vestpetproducts.com\/pt\/wp-json\/wp\/v2\/product\/1493","targetHints":{"allow":["GET"]}}],"collection":[{"href":"https:\/\/vestpetproducts.com\/pt\/wp-json\/wp\/v2\/product"}],"about":[{"href":"https:\/\/vestpetproducts.com\/pt\/wp-json\/wp\/v2\/types\/product"}],"wp:featuredmedia":[{"embeddable":true,"href":"https:\/\/vestpetproducts.com\/pt\/wp-json\/wp\/v2\/media\/1494"}],"wp:attachment":[{"href":"https:\/\/vestpetproducts.com\/pt\/wp-json\/wp\/v2\/media?parent=1493"}],"wp:term":[{"taxonomy":"product_brand","embeddable":true,"href":"https:\/\/vestpetproducts.com\/pt\/wp-json\/wp\/v2\/product_brand?post=1493"},{"taxonomy":"product_cat","embeddable":true,"href":"https:\/\/vestpetproducts.com\/pt\/wp-json\/wp\/v2\/product_cat?post=1493"},{"taxonomy":"product_tag","embeddable":true,"href":"https:\/\/vestpetproducts.com\/pt\/wp-json\/wp\/v2\/product_tag?post=1493"}],"curies":[{"name":"wp","href":"https:\/\/api.w.org\/{rel}","templated":true}]}}