{"id":1349,"date":"2025-07-23T09:28:05","date_gmt":"2025-07-23T09:28:05","guid":{"rendered":"https:\/\/vestpetproducts.com\/?post_type=product&#038;p=1349"},"modified":"2025-08-13T06:17:07","modified_gmt":"2025-08-13T06:17:07","slug":"top-sale-most-popular-cat-dry-food-chinese-pet-food-factory-wholesale-direct-delicious-dry-food-cat","status":"publish","type":"product","link":"https:\/\/vestpetproducts.com\/pt\/produto\/top-sale-most-popular-cat-dry-food-chinese-pet-food-factory-wholesale-direct-delicious-dry-food-cat\/","title":{"rendered":"Venda mais popular de comida seca para gatos F\u00e1brica chinesa de ra\u00e7\u00e3o para animais de estima\u00e7\u00e3o Atacado direto Delicioso alimento seco para gatos"},"content":{"rendered":"<p><img loading=\"lazy\" decoding=\"async\" class=\"aligncenter size-full wp-image-1358\" src=\"http:\/\/vestpetproducts.com\/wp-content\/uploads\/2025\/07\/22808759176_1948345254.jpg_89b18f1269b06a20_fixed-scaled.jpeg\" alt=\"\" width=\"754\" height=\"2560\" srcset=\"https:\/\/vestpetproducts.com\/wp-content\/uploads\/2025\/07\/22808759176_1948345254.jpg_89b18f1269b06a20_fixed-scaled.jpeg 754w, https:\/\/vestpetproducts.com\/wp-content\/uploads\/2025\/07\/22808759176_1948345254.jpg_89b18f1269b06a20_fixed-147x500.jpeg 147w, https:\/\/vestpetproducts.com\/wp-content\/uploads\/2025\/07\/22808759176_1948345254.jpg_89b18f1269b06a20_fixed-353x1200.jpeg 353w, https:\/\/vestpetproducts.com\/wp-content\/uploads\/2025\/07\/22808759176_1948345254.jpg_89b18f1269b06a20_fixed-88x300.jpeg 88w, https:\/\/vestpetproducts.com\/wp-content\/uploads\/2025\/07\/22808759176_1948345254.jpg_89b18f1269b06a20_fixed-768x2607.jpeg 768w, https:\/\/vestpetproducts.com\/wp-content\/uploads\/2025\/07\/22808759176_1948345254.jpg_89b18f1269b06a20_fixed-452x1536.jpeg 452w, https:\/\/vestpetproducts.com\/wp-content\/uploads\/2025\/07\/22808759176_1948345254.jpg_89b18f1269b06a20_fixed-603x2048.jpeg 603w, https:\/\/vestpetproducts.com\/wp-content\/uploads\/2025\/07\/22808759176_1948345254.jpg_89b18f1269b06a20_fixed-22x75.jpeg 22w, https:\/\/vestpetproducts.com\/wp-content\/uploads\/2025\/07\/22808759176_1948345254.jpg_89b18f1269b06a20_fixed-283x960.jpeg 283w\" sizes=\"auto, (max-width:767px) 480px, 754px\" \/> <img loading=\"lazy\" decoding=\"async\" class=\"aligncenter size-full wp-image-1355\" src=\"http:\/\/vestpetproducts.com\/wp-content\/uploads\/2025\/07\/22715434514_1948345254.jpg\" alt=\"\" width=\"790\" height=\"1519\" srcset=\"https:\/\/vestpetproducts.com\/wp-content\/uploads\/2025\/07\/22715434514_1948345254.jpg 790w, https:\/\/vestpetproducts.com\/wp-content\/uploads\/2025\/07\/22715434514_1948345254-260x500.jpg 260w, https:\/\/vestpetproducts.com\/wp-content\/uploads\/2025\/07\/22715434514_1948345254-624x1200.jpg 624w, https:\/\/vestpetproducts.com\/wp-content\/uploads\/2025\/07\/22715434514_1948345254-156x300.jpg 156w, https:\/\/vestpetproducts.com\/wp-content\/uploads\/2025\/07\/22715434514_1948345254-768x1477.jpg 768w, https:\/\/vestpetproducts.com\/wp-content\/uploads\/2025\/07\/22715434514_1948345254-6x12.jpg 6w, https:\/\/vestpetproducts.com\/wp-content\/uploads\/2025\/07\/22715434514_1948345254-39x75.jpg 39w, https:\/\/vestpetproducts.com\/wp-content\/uploads\/2025\/07\/22715434514_1948345254-480x923.jpg 480w\" sizes=\"auto, (max-width:767px) 480px, (max-width:790px) 100vw, 790px\" \/> <img loading=\"lazy\" decoding=\"async\" class=\"aligncenter size-full wp-image-1356\" src=\"http:\/\/vestpetproducts.com\/wp-content\/uploads\/2025\/07\/22631217328_1948345254.jpg_efb3d6e4cf0491f1_fixed.jpeg\" alt=\"\" width=\"790\" height=\"1523\" srcset=\"https:\/\/vestpetproducts.com\/wp-content\/uploads\/2025\/07\/22631217328_1948345254.jpg_efb3d6e4cf0491f1_fixed.jpeg 790w, https:\/\/vestpetproducts.com\/wp-content\/uploads\/2025\/07\/22631217328_1948345254.jpg_efb3d6e4cf0491f1_fixed-259x500.jpeg 259w, https:\/\/vestpetproducts.com\/wp-content\/uploads\/2025\/07\/22631217328_1948345254.jpg_efb3d6e4cf0491f1_fixed-622x1200.jpeg 622w, https:\/\/vestpetproducts.com\/wp-content\/uploads\/2025\/07\/22631217328_1948345254.jpg_efb3d6e4cf0491f1_fixed-156x300.jpeg 156w, https:\/\/vestpetproducts.com\/wp-content\/uploads\/2025\/07\/22631217328_1948345254.jpg_efb3d6e4cf0491f1_fixed-768x1481.jpeg 768w, https:\/\/vestpetproducts.com\/wp-content\/uploads\/2025\/07\/22631217328_1948345254.jpg_efb3d6e4cf0491f1_fixed-6x12.jpeg 6w, https:\/\/vestpetproducts.com\/wp-content\/uploads\/2025\/07\/22631217328_1948345254.jpg_efb3d6e4cf0491f1_fixed-39x75.jpeg 39w, https:\/\/vestpetproducts.com\/wp-content\/uploads\/2025\/07\/22631217328_1948345254.jpg_efb3d6e4cf0491f1_fixed-480x925.jpeg 480w\" sizes=\"auto, (max-width:767px) 480px, (max-width:790px) 100vw, 790px\" \/> <img loading=\"lazy\" decoding=\"async\" class=\"aligncenter size-full wp-image-1357\" src=\"http:\/\/vestpetproducts.com\/wp-content\/uploads\/2025\/07\/22808492478_1948345254.jpg_975aa7100d557550_fixed-1.jpeg\" alt=\"\" width=\"790\" height=\"1005\" srcset=\"https:\/\/vestpetproducts.com\/wp-content\/uploads\/2025\/07\/22808492478_1948345254.jpg_975aa7100d557550_fixed-1.jpeg 790w, https:\/\/vestpetproducts.com\/wp-content\/uploads\/2025\/07\/22808492478_1948345254.jpg_975aa7100d557550_fixed-1-393x500.jpeg 393w, https:\/\/vestpetproducts.com\/wp-content\/uploads\/2025\/07\/22808492478_1948345254.jpg_975aa7100d557550_fixed-1-236x300.jpeg 236w, https:\/\/vestpetproducts.com\/wp-content\/uploads\/2025\/07\/22808492478_1948345254.jpg_975aa7100d557550_fixed-1-768x977.jpeg 768w, https:\/\/vestpetproducts.com\/wp-content\/uploads\/2025\/07\/22808492478_1948345254.jpg_975aa7100d557550_fixed-1-9x12.jpeg 9w, https:\/\/vestpetproducts.com\/wp-content\/uploads\/2025\/07\/22808492478_1948345254.jpg_975aa7100d557550_fixed-1-59x75.jpeg 59w, https:\/\/vestpetproducts.com\/wp-content\/uploads\/2025\/07\/22808492478_1948345254.jpg_975aa7100d557550_fixed-1-480x611.jpeg 480w\" sizes=\"auto, (max-width:767px) 480px, (max-width:790px) 100vw, 790px\" \/><\/p>","protected":false},"excerpt":{"rendered":"<p>Formato: Redondo<\/p>\n<p>Esta deliciosa ra\u00e7\u00e3o seca natural para gatos foi especialmente desenvolvida para gatos adultos ativos. \u00c9 uma ra\u00e7\u00e3o seca saborosa com frango de verdade como primeiro ingrediente. Para donos de gatos que priorizam ingredientes naturais e, ao mesmo tempo, satisfazem o paladar exigente dos seus felinos, esta ra\u00e7\u00e3o seca \u00e9 a escolha ideal. A ra\u00e7\u00e3o \u00e9 rica em ingredientes naturais deliciosos e nutrientes essenciais, ajudando a manter a sa\u00fade digestiva, a sa\u00fade card\u00edaca e a energia de gatos ativos. Esta ra\u00e7\u00e3o natural far\u00e1 seu gato miar por mais!<\/p>","protected":false},"featured_media":1359,"template":"","meta":{"content-type":""},"product_brand":[],"product_cat":[14,122],"product_tag":[],"class_list":{"0":"post-1349","1":"product","2":"type-product","3":"status-publish","4":"has-post-thumbnail","6":"product_cat-pet-food","7":"product_cat-dry-food","9":"first","10":"instock","11":"shipping-taxable","12":"product-type-simple"},"yoast_head":"<!-- This site is optimized with the Yoast SEO plugin v24.9 - https:\/\/yoast.com\/wordpress\/plugins\/seo\/ -->\n<title>Top Sale Most Popular Cat Dry Food Chinese Pet Food Factory Wholesale Direct Delicious Dry Food Cat - Shandong Vest International Trade Co., Ltd.<\/title>\n<meta name=\"robots\" content=\"index, follow, max-snippet:-1, max-image-preview:large, max-video-preview:-1\" \/>\n<link rel=\"canonical\" href=\"https:\/\/vestpetproducts.com\/pt\/produto\/top-sale-most-popular-cat-dry-food-chinese-pet-food-factory-wholesale-direct-delicious-dry-food-cat\/\" \/>\n<meta property=\"og:locale\" content=\"pt_PT\" \/>\n<meta property=\"og:type\" content=\"article\" \/>\n<meta property=\"og:title\" content=\"Top Sale Most Popular Cat Dry Food Chinese Pet Food Factory Wholesale Direct Delicious Dry Food Cat - Shandong Vest International Trade Co., Ltd.\" \/>\n<meta property=\"og:description\" content=\"Shape: Round  This delicious natural dry cat food is specially designed for active adult cats. It is a tasty dry cat food with real chicken as the first ingredient. For cat owners who prioritise natural ingredients while satisfying their cats&#039; discerning palates, this dry cat food is an ideal choice. The cat food is rich in natural, delicious ingredients and essential nutrients, helping to support digestive health, maintain heart health, and provide energy for active cats. This natural cat food will have your cat meowing for more!\" \/>\n<meta property=\"og:url\" content=\"https:\/\/vestpetproducts.com\/pt\/produto\/top-sale-most-popular-cat-dry-food-chinese-pet-food-factory-wholesale-direct-delicious-dry-food-cat\/\" \/>\n<meta property=\"og:site_name\" content=\"Shandong Vest International Trade Co., Ltd.\" \/>\n<meta property=\"article:modified_time\" content=\"2025-08-13T06:17:07+00:00\" \/>\n<meta property=\"og:image\" content=\"https:\/\/vestpetproducts.com\/wp-content\/uploads\/2025\/07\/22808753286_1948345254.jpg_b50bece579f542ec_fixed-1.jpeg\" \/>\n\t<meta property=\"og:image:width\" content=\"790\" \/>\n\t<meta property=\"og:image:height\" content=\"986\" \/>\n\t<meta property=\"og:image:type\" content=\"image\/jpeg\" \/>\n<meta name=\"twitter:card\" content=\"summary_large_image\" \/>\n<meta name=\"twitter:label1\" content=\"Tempo estimado de leitura\" \/>\n\t<meta name=\"twitter:data1\" content=\"1 minuto\" \/>\n<script type=\"application\/ld+json\" class=\"yoast-schema-graph\">{\"@context\":\"https:\/\/schema.org\",\"@graph\":[{\"@type\":\"WebPage\",\"@id\":\"https:\/\/vestpetproducts.com\/product\/top-sale-most-popular-cat-dry-food-chinese-pet-food-factory-wholesale-direct-delicious-dry-food-cat\/\",\"url\":\"https:\/\/vestpetproducts.com\/product\/top-sale-most-popular-cat-dry-food-chinese-pet-food-factory-wholesale-direct-delicious-dry-food-cat\/\",\"name\":\"Top Sale Most Popular Cat Dry Food Chinese Pet Food Factory Wholesale Direct Delicious Dry Food Cat - Shandong Vest International Trade Co., Ltd.\",\"isPartOf\":{\"@id\":\"https:\/\/vestpetproducts.com\/#website\"},\"primaryImageOfPage\":{\"@id\":\"https:\/\/vestpetproducts.com\/product\/top-sale-most-popular-cat-dry-food-chinese-pet-food-factory-wholesale-direct-delicious-dry-food-cat\/#primaryimage\"},\"image\":{\"@id\":\"https:\/\/vestpetproducts.com\/product\/top-sale-most-popular-cat-dry-food-chinese-pet-food-factory-wholesale-direct-delicious-dry-food-cat\/#primaryimage\"},\"thumbnailUrl\":\"https:\/\/vestpetproducts.com\/wp-content\/uploads\/2025\/07\/22808753286_1948345254.jpg_b50bece579f542ec_fixed-1.jpeg\",\"datePublished\":\"2025-07-23T09:28:05+00:00\",\"dateModified\":\"2025-08-13T06:17:07+00:00\",\"breadcrumb\":{\"@id\":\"https:\/\/vestpetproducts.com\/product\/top-sale-most-popular-cat-dry-food-chinese-pet-food-factory-wholesale-direct-delicious-dry-food-cat\/#breadcrumb\"},\"inLanguage\":\"pt-PT\",\"potentialAction\":[{\"@type\":\"ReadAction\",\"target\":[\"https:\/\/vestpetproducts.com\/product\/top-sale-most-popular-cat-dry-food-chinese-pet-food-factory-wholesale-direct-delicious-dry-food-cat\/\"]}]},{\"@type\":\"ImageObject\",\"inLanguage\":\"pt-PT\",\"@id\":\"https:\/\/vestpetproducts.com\/product\/top-sale-most-popular-cat-dry-food-chinese-pet-food-factory-wholesale-direct-delicious-dry-food-cat\/#primaryimage\",\"url\":\"https:\/\/vestpetproducts.com\/wp-content\/uploads\/2025\/07\/22808753286_1948345254.jpg_b50bece579f542ec_fixed-1.jpeg\",\"contentUrl\":\"https:\/\/vestpetproducts.com\/wp-content\/uploads\/2025\/07\/22808753286_1948345254.jpg_b50bece579f542ec_fixed-1.jpeg\",\"width\":\"790\",\"height\":\"986\"},{\"@type\":\"BreadcrumbList\",\"@id\":\"https:\/\/vestpetproducts.com\/product\/top-sale-most-popular-cat-dry-food-chinese-pet-food-factory-wholesale-direct-delicious-dry-food-cat\/#breadcrumb\",\"itemListElement\":[{\"@type\":\"ListItem\",\"position\":1,\"name\":\"\u9996\u9875\",\"item\":\"https:\/\/vestpetproducts.com\/\"},{\"@type\":\"ListItem\",\"position\":2,\"name\":\"Product\",\"item\":\"https:\/\/vestpetproducts.com\/product\/\"},{\"@type\":\"ListItem\",\"position\":3,\"name\":\"Top Sale Most Popular Cat Dry Food Chinese Pet Food Factory Wholesale Direct Delicious Dry Food Cat\"}]},{\"@type\":\"WebSite\",\"@id\":\"https:\/\/vestpetproducts.com\/#website\",\"url\":\"https:\/\/vestpetproducts.com\/\",\"name\":\"Shandong Vest International Trade Co., Ltd.\",\"description\":\"Shandong Vest International Trade Co., Ltd.\",\"potentialAction\":[{\"@type\":\"SearchAction\",\"target\":{\"@type\":\"EntryPoint\",\"urlTemplate\":\"https:\/\/vestpetproducts.com\/?s={search_term_string}\"},\"query-input\":{\"@type\":\"PropertyValueSpecification\",\"valueRequired\":true,\"valueName\":\"search_term_string\"}}],\"inLanguage\":\"pt-PT\"}]}<\/script>\n<!-- \/ Yoast SEO plugin. -->","yoast_head_json":{"title":"Top Sale Most Popular Cat Dry Food Chinese Pet Food Factory Wholesale Direct Delicious Dry Food Cat - Shandong Vest International Trade Co., Ltd.","robots":{"index":"index","follow":"follow","max-snippet":"max-snippet:-1","max-image-preview":"max-image-preview:large","max-video-preview":"max-video-preview:-1"},"canonical":"https:\/\/vestpetproducts.com\/pt\/produto\/top-sale-most-popular-cat-dry-food-chinese-pet-food-factory-wholesale-direct-delicious-dry-food-cat\/","og_locale":"pt_PT","og_type":"article","og_title":"Top Sale Most Popular Cat Dry Food Chinese Pet Food Factory Wholesale Direct Delicious Dry Food Cat - Shandong Vest International Trade Co., Ltd.","og_description":"Shape: Round  This delicious natural dry cat food is specially designed for active adult cats. It is a tasty dry cat food with real chicken as the first ingredient. For cat owners who prioritise natural ingredients while satisfying their cats' discerning palates, this dry cat food is an ideal choice. The cat food is rich in natural, delicious ingredients and essential nutrients, helping to support digestive health, maintain heart health, and provide energy for active cats. This natural cat food will have your cat meowing for more!","og_url":"https:\/\/vestpetproducts.com\/pt\/produto\/top-sale-most-popular-cat-dry-food-chinese-pet-food-factory-wholesale-direct-delicious-dry-food-cat\/","og_site_name":"Shandong Vest International Trade Co., Ltd.","article_modified_time":"2025-08-13T06:17:07+00:00","og_image":[{"width":790,"height":986,"url":"https:\/\/vestpetproducts.com\/wp-content\/uploads\/2025\/07\/22808753286_1948345254.jpg_b50bece579f542ec_fixed-1.jpeg","type":"image\/jpeg"}],"twitter_card":"summary_large_image","twitter_misc":{"Tempo estimado de leitura":"1 minuto"},"schema":{"@context":"https:\/\/schema.org","@graph":[{"@type":"WebPage","@id":"https:\/\/vestpetproducts.com\/product\/top-sale-most-popular-cat-dry-food-chinese-pet-food-factory-wholesale-direct-delicious-dry-food-cat\/","url":"https:\/\/vestpetproducts.com\/product\/top-sale-most-popular-cat-dry-food-chinese-pet-food-factory-wholesale-direct-delicious-dry-food-cat\/","name":"Top Sale Most Popular Cat Dry Food Chinese Pet Food Factory Wholesale Direct Delicious Dry Food Cat - Shandong Vest International Trade Co., Ltd.","isPartOf":{"@id":"https:\/\/vestpetproducts.com\/#website"},"primaryImageOfPage":{"@id":"https:\/\/vestpetproducts.com\/product\/top-sale-most-popular-cat-dry-food-chinese-pet-food-factory-wholesale-direct-delicious-dry-food-cat\/#primaryimage"},"image":{"@id":"https:\/\/vestpetproducts.com\/product\/top-sale-most-popular-cat-dry-food-chinese-pet-food-factory-wholesale-direct-delicious-dry-food-cat\/#primaryimage"},"thumbnailUrl":"https:\/\/vestpetproducts.com\/wp-content\/uploads\/2025\/07\/22808753286_1948345254.jpg_b50bece579f542ec_fixed-1.jpeg","datePublished":"2025-07-23T09:28:05+00:00","dateModified":"2025-08-13T06:17:07+00:00","breadcrumb":{"@id":"https:\/\/vestpetproducts.com\/product\/top-sale-most-popular-cat-dry-food-chinese-pet-food-factory-wholesale-direct-delicious-dry-food-cat\/#breadcrumb"},"inLanguage":"pt-PT","potentialAction":[{"@type":"ReadAction","target":["https:\/\/vestpetproducts.com\/product\/top-sale-most-popular-cat-dry-food-chinese-pet-food-factory-wholesale-direct-delicious-dry-food-cat\/"]}]},{"@type":"ImageObject","inLanguage":"pt-PT","@id":"https:\/\/vestpetproducts.com\/product\/top-sale-most-popular-cat-dry-food-chinese-pet-food-factory-wholesale-direct-delicious-dry-food-cat\/#primaryimage","url":"https:\/\/vestpetproducts.com\/wp-content\/uploads\/2025\/07\/22808753286_1948345254.jpg_b50bece579f542ec_fixed-1.jpeg","contentUrl":"https:\/\/vestpetproducts.com\/wp-content\/uploads\/2025\/07\/22808753286_1948345254.jpg_b50bece579f542ec_fixed-1.jpeg","width":"790","height":"986"},{"@type":"BreadcrumbList","@id":"https:\/\/vestpetproducts.com\/product\/top-sale-most-popular-cat-dry-food-chinese-pet-food-factory-wholesale-direct-delicious-dry-food-cat\/#breadcrumb","itemListElement":[{"@type":"ListItem","position":1,"name":"\u9996\u9875","item":"https:\/\/vestpetproducts.com\/"},{"@type":"ListItem","position":2,"name":"Product","item":"https:\/\/vestpetproducts.com\/product\/"},{"@type":"ListItem","position":3,"name":"Top Sale Most Popular Cat Dry Food Chinese Pet Food Factory Wholesale Direct Delicious Dry Food Cat"}]},{"@type":"WebSite","@id":"https:\/\/vestpetproducts.com\/#website","url":"https:\/\/vestpetproducts.com\/","name":"Shandong Vest International Trade Co., Ltd.","description":"Shandong Vest International Trade Co., Ltd.","potentialAction":[{"@type":"SearchAction","target":{"@type":"EntryPoint","urlTemplate":"https:\/\/vestpetproducts.com\/?s={search_term_string}"},"query-input":{"@type":"PropertyValueSpecification","valueRequired":true,"valueName":"search_term_string"}}],"inLanguage":"pt-PT"}]}},"_links":{"self":[{"href":"https:\/\/vestpetproducts.com\/pt\/wp-json\/wp\/v2\/product\/1349","targetHints":{"allow":["GET"]}}],"collection":[{"href":"https:\/\/vestpetproducts.com\/pt\/wp-json\/wp\/v2\/product"}],"about":[{"href":"https:\/\/vestpetproducts.com\/pt\/wp-json\/wp\/v2\/types\/product"}],"wp:featuredmedia":[{"embeddable":true,"href":"https:\/\/vestpetproducts.com\/pt\/wp-json\/wp\/v2\/media\/1359"}],"wp:attachment":[{"href":"https:\/\/vestpetproducts.com\/pt\/wp-json\/wp\/v2\/media?parent=1349"}],"wp:term":[{"taxonomy":"product_brand","embeddable":true,"href":"https:\/\/vestpetproducts.com\/pt\/wp-json\/wp\/v2\/product_brand?post=1349"},{"taxonomy":"product_cat","embeddable":true,"href":"https:\/\/vestpetproducts.com\/pt\/wp-json\/wp\/v2\/product_cat?post=1349"},{"taxonomy":"product_tag","embeddable":true,"href":"https:\/\/vestpetproducts.com\/pt\/wp-json\/wp\/v2\/product_tag?post=1349"}],"curies":[{"name":"wp","href":"https:\/\/api.w.org\/{rel}","templated":true}]}}