{"id":1335,"date":"2025-07-23T09:03:38","date_gmt":"2025-07-23T09:03:38","guid":{"rendered":"https:\/\/vestpetproducts.com\/?post_type=product&#038;p=1335"},"modified":"2025-08-14T01:44:47","modified_gmt":"2025-08-14T01:44:47","slug":"automatic-smart-timed-pet-food-dispenser-wifi-smart-feeder-for-cats-and-dogs","status":"publish","type":"product","link":"https:\/\/vestpetproducts.com\/pt\/produto\/automatic-smart-timed-pet-food-dispenser-wifi-smart-feeder-for-cats-and-dogs\/","title":{"rendered":"Distribuidor autom\u00e1tico de alimentos para animais de estima\u00e7\u00e3o com temporizador inteligente, alimentador inteligente WiFi para c\u00e3es e gatos"},"content":{"rendered":"<p><img loading=\"lazy\" decoding=\"async\" class=\"aligncenter size-full wp-image-1341\" src=\"http:\/\/vestpetproducts.com\/wp-content\/uploads\/2025\/07\/O1CN01bGAYUv1M3ASBe9Mq4_3256691378-0-cib.jpg\" alt=\"\" width=\"790\" height=\"1715\" srcset=\"https:\/\/vestpetproducts.com\/wp-content\/uploads\/2025\/07\/O1CN01bGAYUv1M3ASBe9Mq4_3256691378-0-cib.jpg 790w, https:\/\/vestpetproducts.com\/wp-content\/uploads\/2025\/07\/O1CN01bGAYUv1M3ASBe9Mq4_3256691378-0-cib-230x500.jpg 230w, https:\/\/vestpetproducts.com\/wp-content\/uploads\/2025\/07\/O1CN01bGAYUv1M3ASBe9Mq4_3256691378-0-cib-553x1200.jpg 553w, https:\/\/vestpetproducts.com\/wp-content\/uploads\/2025\/07\/O1CN01bGAYUv1M3ASBe9Mq4_3256691378-0-cib-138x300.jpg 138w, https:\/\/vestpetproducts.com\/wp-content\/uploads\/2025\/07\/O1CN01bGAYUv1M3ASBe9Mq4_3256691378-0-cib-768x1667.jpg 768w, https:\/\/vestpetproducts.com\/wp-content\/uploads\/2025\/07\/O1CN01bGAYUv1M3ASBe9Mq4_3256691378-0-cib-708x1536.jpg 708w, https:\/\/vestpetproducts.com\/wp-content\/uploads\/2025\/07\/O1CN01bGAYUv1M3ASBe9Mq4_3256691378-0-cib-6x12.jpg 6w, https:\/\/vestpetproducts.com\/wp-content\/uploads\/2025\/07\/O1CN01bGAYUv1M3ASBe9Mq4_3256691378-0-cib-35x75.jpg 35w, https:\/\/vestpetproducts.com\/wp-content\/uploads\/2025\/07\/O1CN01bGAYUv1M3ASBe9Mq4_3256691378-0-cib-442x960.jpg 442w\" sizes=\"auto, (max-width:767px) 480px, (max-width:790px) 100vw, 790px\" \/> <img loading=\"lazy\" decoding=\"async\" class=\"aligncenter size-full wp-image-1342\" src=\"http:\/\/vestpetproducts.com\/wp-content\/uploads\/2025\/07\/O1CN01dFpzyP1M3AS5iNgP7_3256691378-0-cib.jpg\" alt=\"\" width=\"790\" height=\"1441\" srcset=\"https:\/\/vestpetproducts.com\/wp-content\/uploads\/2025\/07\/O1CN01dFpzyP1M3AS5iNgP7_3256691378-0-cib.jpg 790w, https:\/\/vestpetproducts.com\/wp-content\/uploads\/2025\/07\/O1CN01dFpzyP1M3AS5iNgP7_3256691378-0-cib-274x500.jpg 274w, https:\/\/vestpetproducts.com\/wp-content\/uploads\/2025\/07\/O1CN01dFpzyP1M3AS5iNgP7_3256691378-0-cib-658x1200.jpg 658w, https:\/\/vestpetproducts.com\/wp-content\/uploads\/2025\/07\/O1CN01dFpzyP1M3AS5iNgP7_3256691378-0-cib-164x300.jpg 164w, https:\/\/vestpetproducts.com\/wp-content\/uploads\/2025\/07\/O1CN01dFpzyP1M3AS5iNgP7_3256691378-0-cib-768x1401.jpg 768w, https:\/\/vestpetproducts.com\/wp-content\/uploads\/2025\/07\/O1CN01dFpzyP1M3AS5iNgP7_3256691378-0-cib-7x12.jpg 7w, https:\/\/vestpetproducts.com\/wp-content\/uploads\/2025\/07\/O1CN01dFpzyP1M3AS5iNgP7_3256691378-0-cib-41x75.jpg 41w, https:\/\/vestpetproducts.com\/wp-content\/uploads\/2025\/07\/O1CN01dFpzyP1M3AS5iNgP7_3256691378-0-cib-480x876.jpg 480w\" sizes=\"auto, (max-width:767px) 480px, (max-width:790px) 100vw, 790px\" \/> <img loading=\"lazy\" decoding=\"async\" class=\"aligncenter size-full wp-image-1343\" src=\"http:\/\/vestpetproducts.com\/wp-content\/uploads\/2025\/07\/O1CN01jwdpRj1M3ASFEeQXl_3256691378-0-cib.jpg\" alt=\"\" width=\"790\" height=\"1580\" srcset=\"https:\/\/vestpetproducts.com\/wp-content\/uploads\/2025\/07\/O1CN01jwdpRj1M3ASFEeQXl_3256691378-0-cib.jpg 790w, https:\/\/vestpetproducts.com\/wp-content\/uploads\/2025\/07\/O1CN01jwdpRj1M3ASFEeQXl_3256691378-0-cib-250x500.jpg 250w, https:\/\/vestpetproducts.com\/wp-content\/uploads\/2025\/07\/O1CN01jwdpRj1M3ASFEeQXl_3256691378-0-cib-600x1200.jpg 600w, https:\/\/vestpetproducts.com\/wp-content\/uploads\/2025\/07\/O1CN01jwdpRj1M3ASFEeQXl_3256691378-0-cib-150x300.jpg 150w, https:\/\/vestpetproducts.com\/wp-content\/uploads\/2025\/07\/O1CN01jwdpRj1M3ASFEeQXl_3256691378-0-cib-768x1536.jpg 768w, https:\/\/vestpetproducts.com\/wp-content\/uploads\/2025\/07\/O1CN01jwdpRj1M3ASFEeQXl_3256691378-0-cib-6x12.jpg 6w, https:\/\/vestpetproducts.com\/wp-content\/uploads\/2025\/07\/O1CN01jwdpRj1M3ASFEeQXl_3256691378-0-cib-38x75.jpg 38w, https:\/\/vestpetproducts.com\/wp-content\/uploads\/2025\/07\/O1CN01jwdpRj1M3ASFEeQXl_3256691378-0-cib-480x960.jpg 480w\" sizes=\"auto, (max-width:767px) 480px, (max-width:790px) 100vw, 790px\" \/> <img loading=\"lazy\" decoding=\"async\" class=\"aligncenter size-full wp-image-1344\" src=\"http:\/\/vestpetproducts.com\/wp-content\/uploads\/2025\/07\/O1CN01kHbfEt1M3AS8DXJHk_3256691378-0-cib.jpg\" alt=\"\" width=\"750\" height=\"1000\" srcset=\"https:\/\/vestpetproducts.com\/wp-content\/uploads\/2025\/07\/O1CN01kHbfEt1M3AS8DXJHk_3256691378-0-cib.jpg 750w, https:\/\/vestpetproducts.com\/wp-content\/uploads\/2025\/07\/O1CN01kHbfEt1M3AS8DXJHk_3256691378-0-cib-375x500.jpg 375w, https:\/\/vestpetproducts.com\/wp-content\/uploads\/2025\/07\/O1CN01kHbfEt1M3AS8DXJHk_3256691378-0-cib-225x300.jpg 225w, https:\/\/vestpetproducts.com\/wp-content\/uploads\/2025\/07\/O1CN01kHbfEt1M3AS8DXJHk_3256691378-0-cib-9x12.jpg 9w, https:\/\/vestpetproducts.com\/wp-content\/uploads\/2025\/07\/O1CN01kHbfEt1M3AS8DXJHk_3256691378-0-cib-56x75.jpg 56w, https:\/\/vestpetproducts.com\/wp-content\/uploads\/2025\/07\/O1CN01kHbfEt1M3AS8DXJHk_3256691378-0-cib-480x640.jpg 480w\" sizes=\"auto, (max-width:767px) 480px, 750px\" \/> <img loading=\"lazy\" decoding=\"async\" class=\"aligncenter size-full wp-image-1345\" src=\"http:\/\/vestpetproducts.com\/wp-content\/uploads\/2025\/07\/O1CN01Ogdhnt1M3AS9j0xu4_3256691378-0-cib.jpg\" alt=\"\" width=\"800\" height=\"800\" srcset=\"https:\/\/vestpetproducts.com\/wp-content\/uploads\/2025\/07\/O1CN01Ogdhnt1M3AS9j0xu4_3256691378-0-cib.jpg 800w, https:\/\/vestpetproducts.com\/wp-content\/uploads\/2025\/07\/O1CN01Ogdhnt1M3AS9j0xu4_3256691378-0-cib-500x500.jpg 500w, https:\/\/vestpetproducts.com\/wp-content\/uploads\/2025\/07\/O1CN01Ogdhnt1M3AS9j0xu4_3256691378-0-cib-300x300.jpg 300w, https:\/\/vestpetproducts.com\/wp-content\/uploads\/2025\/07\/O1CN01Ogdhnt1M3AS9j0xu4_3256691378-0-cib-768x768.jpg 768w, https:\/\/vestpetproducts.com\/wp-content\/uploads\/2025\/07\/O1CN01Ogdhnt1M3AS9j0xu4_3256691378-0-cib-12x12.jpg 12w, https:\/\/vestpetproducts.com\/wp-content\/uploads\/2025\/07\/O1CN01Ogdhnt1M3AS9j0xu4_3256691378-0-cib-150x150.jpg 150w, https:\/\/vestpetproducts.com\/wp-content\/uploads\/2025\/07\/O1CN01Ogdhnt1M3AS9j0xu4_3256691378-0-cib-75x75.jpg 75w, https:\/\/vestpetproducts.com\/wp-content\/uploads\/2025\/07\/O1CN01Ogdhnt1M3AS9j0xu4_3256691378-0-cib-480x480.jpg 480w\" sizes=\"auto, (max-width:767px) 480px, (max-width:800px) 100vw, 800px\" \/> <img loading=\"lazy\" decoding=\"async\" class=\"aligncenter size-full wp-image-1346\" src=\"http:\/\/vestpetproducts.com\/wp-content\/uploads\/2025\/07\/O1CN01QBMZcW1M3ARzdSSyi_3256691378-0-cib.jpg\" alt=\"\" width=\"790\" height=\"1200\" srcset=\"https:\/\/vestpetproducts.com\/wp-content\/uploads\/2025\/07\/O1CN01QBMZcW1M3ARzdSSyi_3256691378-0-cib.jpg 790w, https:\/\/vestpetproducts.com\/wp-content\/uploads\/2025\/07\/O1CN01QBMZcW1M3ARzdSSyi_3256691378-0-cib-329x500.jpg 329w, https:\/\/vestpetproducts.com\/wp-content\/uploads\/2025\/07\/O1CN01QBMZcW1M3ARzdSSyi_3256691378-0-cib-198x300.jpg 198w, https:\/\/vestpetproducts.com\/wp-content\/uploads\/2025\/07\/O1CN01QBMZcW1M3ARzdSSyi_3256691378-0-cib-768x1167.jpg 768w, https:\/\/vestpetproducts.com\/wp-content\/uploads\/2025\/07\/O1CN01QBMZcW1M3ARzdSSyi_3256691378-0-cib-8x12.jpg 8w, https:\/\/vestpetproducts.com\/wp-content\/uploads\/2025\/07\/O1CN01QBMZcW1M3ARzdSSyi_3256691378-0-cib-49x75.jpg 49w, https:\/\/vestpetproducts.com\/wp-content\/uploads\/2025\/07\/O1CN01QBMZcW1M3ARzdSSyi_3256691378-0-cib-480x729.jpg 480w\" sizes=\"auto, (max-width:767px) 480px, (max-width:790px) 100vw, 790px\" \/> <img loading=\"lazy\" decoding=\"async\" class=\"aligncenter size-full wp-image-1347\" src=\"http:\/\/vestpetproducts.com\/wp-content\/uploads\/2025\/07\/O1CN01RI1jmY1M3AS9jPXRG_3256691378-0-cib.jpg\" alt=\"\" width=\"790\" height=\"1200\" srcset=\"https:\/\/vestpetproducts.com\/wp-content\/uploads\/2025\/07\/O1CN01RI1jmY1M3AS9jPXRG_3256691378-0-cib.jpg 790w, https:\/\/vestpetproducts.com\/wp-content\/uploads\/2025\/07\/O1CN01RI1jmY1M3AS9jPXRG_3256691378-0-cib-329x500.jpg 329w, https:\/\/vestpetproducts.com\/wp-content\/uploads\/2025\/07\/O1CN01RI1jmY1M3AS9jPXRG_3256691378-0-cib-198x300.jpg 198w, https:\/\/vestpetproducts.com\/wp-content\/uploads\/2025\/07\/O1CN01RI1jmY1M3AS9jPXRG_3256691378-0-cib-768x1167.jpg 768w, https:\/\/vestpetproducts.com\/wp-content\/uploads\/2025\/07\/O1CN01RI1jmY1M3AS9jPXRG_3256691378-0-cib-8x12.jpg 8w, https:\/\/vestpetproducts.com\/wp-content\/uploads\/2025\/07\/O1CN01RI1jmY1M3AS9jPXRG_3256691378-0-cib-49x75.jpg 49w, https:\/\/vestpetproducts.com\/wp-content\/uploads\/2025\/07\/O1CN01RI1jmY1M3AS9jPXRG_3256691378-0-cib-480x729.jpg 480w\" sizes=\"auto, (max-width:767px) 480px, (max-width:790px) 100vw, 790px\" \/> <img loading=\"lazy\" decoding=\"async\" class=\"aligncenter size-full wp-image-1348\" src=\"http:\/\/vestpetproducts.com\/wp-content\/uploads\/2025\/07\/O1CN01reDLLL1M3ARzdRWmp_3256691378-0-cib.jpg\" alt=\"\" width=\"790\" height=\"1210\" srcset=\"https:\/\/vestpetproducts.com\/wp-content\/uploads\/2025\/07\/O1CN01reDLLL1M3ARzdRWmp_3256691378-0-cib.jpg 790w, https:\/\/vestpetproducts.com\/wp-content\/uploads\/2025\/07\/O1CN01reDLLL1M3ARzdRWmp_3256691378-0-cib-326x500.jpg 326w, https:\/\/vestpetproducts.com\/wp-content\/uploads\/2025\/07\/O1CN01reDLLL1M3ARzdRWmp_3256691378-0-cib-783x1200.jpg 783w, https:\/\/vestpetproducts.com\/wp-content\/uploads\/2025\/07\/O1CN01reDLLL1M3ARzdRWmp_3256691378-0-cib-196x300.jpg 196w, https:\/\/vestpetproducts.com\/wp-content\/uploads\/2025\/07\/O1CN01reDLLL1M3ARzdRWmp_3256691378-0-cib-768x1176.jpg 768w, https:\/\/vestpetproducts.com\/wp-content\/uploads\/2025\/07\/O1CN01reDLLL1M3ARzdRWmp_3256691378-0-cib-8x12.jpg 8w, https:\/\/vestpetproducts.com\/wp-content\/uploads\/2025\/07\/O1CN01reDLLL1M3ARzdRWmp_3256691378-0-cib-49x75.jpg 49w, https:\/\/vestpetproducts.com\/wp-content\/uploads\/2025\/07\/O1CN01reDLLL1M3ARzdRWmp_3256691378-0-cib-480x735.jpg 480w\" sizes=\"auto, (max-width:767px) 480px, (max-width:790px) 100vw, 790px\" \/><\/p>","protected":false},"excerpt":{"rendered":"<p>Alimenta\u00e7\u00e3o inteligente \u2013 Assim que o alimentador autom\u00e1tico para gatos PETLIBRO Air estiver conectado ao WiFi (suporta apenas redes WiFi de 2,4 GHz), voc\u00ea pode facilmente definir ou alterar uma programa\u00e7\u00e3o de alimenta\u00e7\u00e3o personalizada remotamente com o aplicativo m\u00f3vel \u201cPETLIBRO\u201d, ajudando voc\u00ea a se livrar do t\u00e9dio de pressionar bot\u00f5es repetidamente e proporcionando uma vida mais conveniente para voc\u00ea e seu animal de estima\u00e7\u00e3o.<br \/>\nAlimentador a bateria recarreg\u00e1vel \u2013 O dispensador autom\u00e1tico de ra\u00e7\u00e3o para gatos com Wi-Fi \u00e9 alimentado por uma bateria de l\u00edtio recarreg\u00e1vel integrada. Leva 8 horas para carregar completamente e tem dura\u00e7\u00e3o de at\u00e9 30 dias. Al\u00e9m de economizar o custo de substitui\u00e7\u00e3o da bateria, ele \u00e9 mais ecol\u00f3gico e flex\u00edvel; sem as limita\u00e7\u00f5es de tomadas, oferecendo mais flexibilidade na escolha do local.<br \/>\nConectividade sem fio 24 horas por dia, 7 dias por semana: o alimentador autom\u00e1tico para gatos foi atualizado para evitar a desconex\u00e3o do Wi-Fi durante quedas de energia com uma bateria recarreg\u00e1vel integrada, garantindo uma conex\u00e3o sem fio est\u00e1vel para alimenta\u00e7\u00e3o de emerg\u00eancia e outras fun\u00e7\u00f5es.<br \/>\nDiga adeus \u00e0 comilan\u00e7a \u2013 O alimentador autom\u00e1tico para animais de estima\u00e7\u00e3o com aplicativo possui uma tampa na parte superior que pode ser fechada com seguran\u00e7a com apenas um clique. Animais gulosos precisar\u00e3o ter paci\u00eancia!<br \/>\nF\u00e1cil desmontagem e manuten\u00e7\u00e3o \u2013 O alimentador autom\u00e1tico temporizado PETLIBRO para gatos pode ser completamente desmontado em apenas tr\u00eas etapas. O design \u00e9 arredondado e n\u00e3o possui cantos mortos, facilitando a manuten\u00e7\u00e3o e garantindo que seu alimentador permane\u00e7a o mais limpo poss\u00edvel.<\/p>","protected":false},"featured_media":1336,"template":"","meta":{"content-type":""},"product_brand":[],"product_cat":[17],"product_tag":[],"class_list":{"0":"post-1335","1":"product","2":"type-product","3":"status-publish","4":"has-post-thumbnail","6":"product_cat-pet-supplies","8":"first","9":"instock","10":"shipping-taxable","11":"product-type-simple"},"yoast_head":"<!-- This site is optimized with the Yoast SEO plugin v24.9 - https:\/\/yoast.com\/wordpress\/plugins\/seo\/ -->\n<title>Automatic Smart Timed Pet Food Dispenser, WiFi Smart Feeder for Cats and Dogs - Shandong Vest International Trade Co., Ltd.<\/title>\n<meta name=\"robots\" content=\"index, follow, max-snippet:-1, max-image-preview:large, max-video-preview:-1\" \/>\n<link rel=\"canonical\" href=\"https:\/\/vestpetproducts.com\/pt\/produto\/automatic-smart-timed-pet-food-dispenser-wifi-smart-feeder-for-cats-and-dogs\/\" \/>\n<meta property=\"og:locale\" content=\"pt_PT\" \/>\n<meta property=\"og:type\" content=\"article\" \/>\n<meta property=\"og:title\" content=\"Automatic Smart Timed Pet Food Dispenser, WiFi Smart Feeder for Cats and Dogs - Shandong Vest International Trade Co., Ltd.\" \/>\n<meta property=\"og:description\" content=\"Intelligent Feeding - Once the PETLIBRO Air automatic cat feeder is connected to the WiFi (Only supports 2.4GHz WiFi networks), you can easily set or change a customized feeding schedule remotely with the &quot;PETLIBRO&quot; mobile app, helping you get rid of the tediousness of repetitive button pressing and providing a more convenient life for you and your pet. Rechargeable Battery-Operated Feeder - The WiFi automatic cat food dispenser is powered by a built-in rechargeable lithium battery. It takes 8 hours to be fully charged and has a battery life of up to 30 days. It not only saves the cost of battery replacement, but is also more environmentally friendly and flexible; No more limitations of power sockets, giving you more flexibility in choosing its placement. 24\/7 Wireless Connectivity: The auto cat feeder has been upgraded to prevent Wi-Fi disconnection during power outages with a built-in rechargeable battery, ensuring a stable wireless connection for emergency feeding and other functions. Bid Farewell to Overeating - The automatic pet feeder with app uses a lid on top which can be locked securely with just one click. Greedy pets will need to be patient! Easy Disassembly and Maintenance - The PETLIBRO timed cat feeder automatic can be completely disassembled in just three steps. The design is round and has no dead corners, making maintenance a breeze and ensuring your feeder stays as clean as possible.\" \/>\n<meta property=\"og:url\" content=\"https:\/\/vestpetproducts.com\/pt\/produto\/automatic-smart-timed-pet-food-dispenser-wifi-smart-feeder-for-cats-and-dogs\/\" \/>\n<meta property=\"og:site_name\" content=\"Shandong Vest International Trade Co., Ltd.\" \/>\n<meta property=\"article:modified_time\" content=\"2025-08-14T01:44:47+00:00\" \/>\n<meta property=\"og:image\" content=\"https:\/\/vestpetproducts.com\/wp-content\/uploads\/2025\/07\/O1CN01hTYDag1M3AbHkrulO_3256691378-0-cib.jpg\" \/>\n\t<meta property=\"og:image:width\" content=\"800\" \/>\n\t<meta property=\"og:image:height\" content=\"800\" \/>\n\t<meta property=\"og:image:type\" content=\"image\/jpeg\" \/>\n<meta name=\"twitter:card\" content=\"summary_large_image\" \/>\n<meta name=\"twitter:label1\" content=\"Tempo estimado de leitura\" \/>\n\t<meta name=\"twitter:data1\" content=\"2 minutos\" \/>\n<script type=\"application\/ld+json\" class=\"yoast-schema-graph\">{\"@context\":\"https:\/\/schema.org\",\"@graph\":[{\"@type\":\"WebPage\",\"@id\":\"https:\/\/vestpetproducts.com\/product\/automatic-smart-timed-pet-food-dispenser-wifi-smart-feeder-for-cats-and-dogs\/\",\"url\":\"https:\/\/vestpetproducts.com\/product\/automatic-smart-timed-pet-food-dispenser-wifi-smart-feeder-for-cats-and-dogs\/\",\"name\":\"Automatic Smart Timed Pet Food Dispenser, WiFi Smart Feeder for Cats and Dogs - Shandong Vest International Trade Co., Ltd.\",\"isPartOf\":{\"@id\":\"https:\/\/vestpetproducts.com\/#website\"},\"primaryImageOfPage\":{\"@id\":\"https:\/\/vestpetproducts.com\/product\/automatic-smart-timed-pet-food-dispenser-wifi-smart-feeder-for-cats-and-dogs\/#primaryimage\"},\"image\":{\"@id\":\"https:\/\/vestpetproducts.com\/product\/automatic-smart-timed-pet-food-dispenser-wifi-smart-feeder-for-cats-and-dogs\/#primaryimage\"},\"thumbnailUrl\":\"https:\/\/vestpetproducts.com\/wp-content\/uploads\/2025\/07\/O1CN01hTYDag1M3AbHkrulO_3256691378-0-cib.jpg\",\"datePublished\":\"2025-07-23T09:03:38+00:00\",\"dateModified\":\"2025-08-14T01:44:47+00:00\",\"breadcrumb\":{\"@id\":\"https:\/\/vestpetproducts.com\/product\/automatic-smart-timed-pet-food-dispenser-wifi-smart-feeder-for-cats-and-dogs\/#breadcrumb\"},\"inLanguage\":\"pt-PT\",\"potentialAction\":[{\"@type\":\"ReadAction\",\"target\":[\"https:\/\/vestpetproducts.com\/product\/automatic-smart-timed-pet-food-dispenser-wifi-smart-feeder-for-cats-and-dogs\/\"]}]},{\"@type\":\"ImageObject\",\"inLanguage\":\"pt-PT\",\"@id\":\"https:\/\/vestpetproducts.com\/product\/automatic-smart-timed-pet-food-dispenser-wifi-smart-feeder-for-cats-and-dogs\/#primaryimage\",\"url\":\"https:\/\/vestpetproducts.com\/wp-content\/uploads\/2025\/07\/O1CN01hTYDag1M3AbHkrulO_3256691378-0-cib.jpg\",\"contentUrl\":\"https:\/\/vestpetproducts.com\/wp-content\/uploads\/2025\/07\/O1CN01hTYDag1M3AbHkrulO_3256691378-0-cib.jpg\",\"width\":800,\"height\":800},{\"@type\":\"BreadcrumbList\",\"@id\":\"https:\/\/vestpetproducts.com\/product\/automatic-smart-timed-pet-food-dispenser-wifi-smart-feeder-for-cats-and-dogs\/#breadcrumb\",\"itemListElement\":[{\"@type\":\"ListItem\",\"position\":1,\"name\":\"\u9996\u9875\",\"item\":\"https:\/\/vestpetproducts.com\/\"},{\"@type\":\"ListItem\",\"position\":2,\"name\":\"Product\",\"item\":\"https:\/\/vestpetproducts.com\/product\/\"},{\"@type\":\"ListItem\",\"position\":3,\"name\":\"Automatic Smart Timed Pet Food Dispenser, WiFi Smart Feeder for Cats and Dogs\"}]},{\"@type\":\"WebSite\",\"@id\":\"https:\/\/vestpetproducts.com\/#website\",\"url\":\"https:\/\/vestpetproducts.com\/\",\"name\":\"Shandong Vest International Trade Co., Ltd.\",\"description\":\"Shandong Vest International Trade Co., Ltd.\",\"potentialAction\":[{\"@type\":\"SearchAction\",\"target\":{\"@type\":\"EntryPoint\",\"urlTemplate\":\"https:\/\/vestpetproducts.com\/?s={search_term_string}\"},\"query-input\":{\"@type\":\"PropertyValueSpecification\",\"valueRequired\":true,\"valueName\":\"search_term_string\"}}],\"inLanguage\":\"pt-PT\"}]}<\/script>\n<!-- \/ Yoast SEO plugin. -->","yoast_head_json":{"title":"Automatic Smart Timed Pet Food Dispenser, WiFi Smart Feeder for Cats and Dogs - Shandong Vest International Trade Co., Ltd.","robots":{"index":"index","follow":"follow","max-snippet":"max-snippet:-1","max-image-preview":"max-image-preview:large","max-video-preview":"max-video-preview:-1"},"canonical":"https:\/\/vestpetproducts.com\/pt\/produto\/automatic-smart-timed-pet-food-dispenser-wifi-smart-feeder-for-cats-and-dogs\/","og_locale":"pt_PT","og_type":"article","og_title":"Automatic Smart Timed Pet Food Dispenser, WiFi Smart Feeder for Cats and Dogs - Shandong Vest International Trade Co., Ltd.","og_description":"Intelligent Feeding - Once the PETLIBRO Air automatic cat feeder is connected to the WiFi (Only supports 2.4GHz WiFi networks), you can easily set or change a customized feeding schedule remotely with the \"PETLIBRO\" mobile app, helping you get rid of the tediousness of repetitive button pressing and providing a more convenient life for you and your pet. Rechargeable Battery-Operated Feeder - The WiFi automatic cat food dispenser is powered by a built-in rechargeable lithium battery. It takes 8 hours to be fully charged and has a battery life of up to 30 days. It not only saves the cost of battery replacement, but is also more environmentally friendly and flexible; No more limitations of power sockets, giving you more flexibility in choosing its placement. 24\/7 Wireless Connectivity: The auto cat feeder has been upgraded to prevent Wi-Fi disconnection during power outages with a built-in rechargeable battery, ensuring a stable wireless connection for emergency feeding and other functions. Bid Farewell to Overeating - The automatic pet feeder with app uses a lid on top which can be locked securely with just one click. Greedy pets will need to be patient! Easy Disassembly and Maintenance - The PETLIBRO timed cat feeder automatic can be completely disassembled in just three steps. The design is round and has no dead corners, making maintenance a breeze and ensuring your feeder stays as clean as possible.","og_url":"https:\/\/vestpetproducts.com\/pt\/produto\/automatic-smart-timed-pet-food-dispenser-wifi-smart-feeder-for-cats-and-dogs\/","og_site_name":"Shandong Vest International Trade Co., Ltd.","article_modified_time":"2025-08-14T01:44:47+00:00","og_image":[{"width":800,"height":800,"url":"https:\/\/vestpetproducts.com\/wp-content\/uploads\/2025\/07\/O1CN01hTYDag1M3AbHkrulO_3256691378-0-cib.jpg","type":"image\/jpeg"}],"twitter_card":"summary_large_image","twitter_misc":{"Tempo estimado de leitura":"2 minutos"},"schema":{"@context":"https:\/\/schema.org","@graph":[{"@type":"WebPage","@id":"https:\/\/vestpetproducts.com\/product\/automatic-smart-timed-pet-food-dispenser-wifi-smart-feeder-for-cats-and-dogs\/","url":"https:\/\/vestpetproducts.com\/product\/automatic-smart-timed-pet-food-dispenser-wifi-smart-feeder-for-cats-and-dogs\/","name":"Automatic Smart Timed Pet Food Dispenser, WiFi Smart Feeder for Cats and Dogs - Shandong Vest International Trade Co., Ltd.","isPartOf":{"@id":"https:\/\/vestpetproducts.com\/#website"},"primaryImageOfPage":{"@id":"https:\/\/vestpetproducts.com\/product\/automatic-smart-timed-pet-food-dispenser-wifi-smart-feeder-for-cats-and-dogs\/#primaryimage"},"image":{"@id":"https:\/\/vestpetproducts.com\/product\/automatic-smart-timed-pet-food-dispenser-wifi-smart-feeder-for-cats-and-dogs\/#primaryimage"},"thumbnailUrl":"https:\/\/vestpetproducts.com\/wp-content\/uploads\/2025\/07\/O1CN01hTYDag1M3AbHkrulO_3256691378-0-cib.jpg","datePublished":"2025-07-23T09:03:38+00:00","dateModified":"2025-08-14T01:44:47+00:00","breadcrumb":{"@id":"https:\/\/vestpetproducts.com\/product\/automatic-smart-timed-pet-food-dispenser-wifi-smart-feeder-for-cats-and-dogs\/#breadcrumb"},"inLanguage":"pt-PT","potentialAction":[{"@type":"ReadAction","target":["https:\/\/vestpetproducts.com\/product\/automatic-smart-timed-pet-food-dispenser-wifi-smart-feeder-for-cats-and-dogs\/"]}]},{"@type":"ImageObject","inLanguage":"pt-PT","@id":"https:\/\/vestpetproducts.com\/product\/automatic-smart-timed-pet-food-dispenser-wifi-smart-feeder-for-cats-and-dogs\/#primaryimage","url":"https:\/\/vestpetproducts.com\/wp-content\/uploads\/2025\/07\/O1CN01hTYDag1M3AbHkrulO_3256691378-0-cib.jpg","contentUrl":"https:\/\/vestpetproducts.com\/wp-content\/uploads\/2025\/07\/O1CN01hTYDag1M3AbHkrulO_3256691378-0-cib.jpg","width":800,"height":800},{"@type":"BreadcrumbList","@id":"https:\/\/vestpetproducts.com\/product\/automatic-smart-timed-pet-food-dispenser-wifi-smart-feeder-for-cats-and-dogs\/#breadcrumb","itemListElement":[{"@type":"ListItem","position":1,"name":"\u9996\u9875","item":"https:\/\/vestpetproducts.com\/"},{"@type":"ListItem","position":2,"name":"Product","item":"https:\/\/vestpetproducts.com\/product\/"},{"@type":"ListItem","position":3,"name":"Automatic Smart Timed Pet Food Dispenser, WiFi Smart Feeder for Cats and Dogs"}]},{"@type":"WebSite","@id":"https:\/\/vestpetproducts.com\/#website","url":"https:\/\/vestpetproducts.com\/","name":"Shandong Vest International Trade Co., Ltd.","description":"Shandong Vest International Trade Co., Ltd.","potentialAction":[{"@type":"SearchAction","target":{"@type":"EntryPoint","urlTemplate":"https:\/\/vestpetproducts.com\/?s={search_term_string}"},"query-input":{"@type":"PropertyValueSpecification","valueRequired":true,"valueName":"search_term_string"}}],"inLanguage":"pt-PT"}]}},"_links":{"self":[{"href":"https:\/\/vestpetproducts.com\/pt\/wp-json\/wp\/v2\/product\/1335","targetHints":{"allow":["GET"]}}],"collection":[{"href":"https:\/\/vestpetproducts.com\/pt\/wp-json\/wp\/v2\/product"}],"about":[{"href":"https:\/\/vestpetproducts.com\/pt\/wp-json\/wp\/v2\/types\/product"}],"wp:featuredmedia":[{"embeddable":true,"href":"https:\/\/vestpetproducts.com\/pt\/wp-json\/wp\/v2\/media\/1336"}],"wp:attachment":[{"href":"https:\/\/vestpetproducts.com\/pt\/wp-json\/wp\/v2\/media?parent=1335"}],"wp:term":[{"taxonomy":"product_brand","embeddable":true,"href":"https:\/\/vestpetproducts.com\/pt\/wp-json\/wp\/v2\/product_brand?post=1335"},{"taxonomy":"product_cat","embeddable":true,"href":"https:\/\/vestpetproducts.com\/pt\/wp-json\/wp\/v2\/product_cat?post=1335"},{"taxonomy":"product_tag","embeddable":true,"href":"https:\/\/vestpetproducts.com\/pt\/wp-json\/wp\/v2\/product_tag?post=1335"}],"curies":[{"name":"wp","href":"https:\/\/api.w.org\/{rel}","templated":true}]}}