{"id":1314,"date":"2025-07-23T08:31:58","date_gmt":"2025-07-23T08:31:58","guid":{"rendered":"https:\/\/vestpetproducts.com\/?post_type=product&#038;p=1314"},"modified":"2025-08-11T09:27:49","modified_gmt":"2025-08-11T09:27:49","slug":"oem-odm-factory-natural-dust-free-high-quality-milk-flavored-tofu-cat-litter","status":"publish","type":"product","link":"https:\/\/vestpetproducts.com\/pt\/produto\/oem-odm-factory-natural-dust-free-high-quality-milk-flavored-tofu-cat-litter\/","title":{"rendered":"Areia para gatos de tofu com sabor de leite, natural, sem poeira, de alta qualidade, OEM\/ODM Factory"},"content":{"rendered":"<p><img loading=\"lazy\" decoding=\"async\" class=\"aligncenter size-full wp-image-1320\" src=\"http:\/\/vestpetproducts.com\/wp-content\/uploads\/2025\/07\/\u5976\u9999\u8be6\u60c5\u9875_01.jpg_623a23573a090fce_fixed_\u526f\u672c.jpg\" alt=\"\" width=\"1000\" height=\"1889\" srcset=\"https:\/\/vestpetproducts.com\/wp-content\/uploads\/2025\/07\/\u5976\u9999\u8be6\u60c5\u9875_01.jpg_623a23573a090fce_fixed_\u526f\u672c.jpg 1000w, https:\/\/vestpetproducts.com\/wp-content\/uploads\/2025\/07\/\u5976\u9999\u8be6\u60c5\u9875_01.jpg_623a23573a090fce_fixed_\u526f\u672c-265x500.jpg 265w, https:\/\/vestpetproducts.com\/wp-content\/uploads\/2025\/07\/\u5976\u9999\u8be6\u60c5\u9875_01.jpg_623a23573a090fce_fixed_\u526f\u672c-635x1200.jpg 635w, https:\/\/vestpetproducts.com\/wp-content\/uploads\/2025\/07\/\u5976\u9999\u8be6\u60c5\u9875_01.jpg_623a23573a090fce_fixed_\u526f\u672c-159x300.jpg 159w, https:\/\/vestpetproducts.com\/wp-content\/uploads\/2025\/07\/\u5976\u9999\u8be6\u60c5\u9875_01.jpg_623a23573a090fce_fixed_\u526f\u672c-768x1451.jpg 768w, https:\/\/vestpetproducts.com\/wp-content\/uploads\/2025\/07\/\u5976\u9999\u8be6\u60c5\u9875_01.jpg_623a23573a090fce_fixed_\u526f\u672c-813x1536.jpg 813w, https:\/\/vestpetproducts.com\/wp-content\/uploads\/2025\/07\/\u5976\u9999\u8be6\u60c5\u9875_01.jpg_623a23573a090fce_fixed_\u526f\u672c-6x12.jpg 6w, https:\/\/vestpetproducts.com\/wp-content\/uploads\/2025\/07\/\u5976\u9999\u8be6\u60c5\u9875_01.jpg_623a23573a090fce_fixed_\u526f\u672c-40x75.jpg 40w, https:\/\/vestpetproducts.com\/wp-content\/uploads\/2025\/07\/\u5976\u9999\u8be6\u60c5\u9875_01.jpg_623a23573a090fce_fixed_\u526f\u672c-480x907.jpg 480w, https:\/\/vestpetproducts.com\/wp-content\/uploads\/2025\/07\/\u5976\u9999\u8be6\u60c5\u9875_01.jpg_623a23573a090fce_fixed_\u526f\u672c-800x1511.jpg 800w\" sizes=\"auto, (max-width:767px) 480px, (max-width:1000px) 100vw, 1000px\" \/><img loading=\"lazy\" decoding=\"async\" class=\"aligncenter size-full wp-image-1321\" src=\"http:\/\/vestpetproducts.com\/wp-content\/uploads\/2025\/07\/\u5976\u9999\u8be6\u60c5\u9875_02_PicCopilot_5e502.jpg\" alt=\"\" width=\"1000\" height=\"1449\" srcset=\"https:\/\/vestpetproducts.com\/wp-content\/uploads\/2025\/07\/\u5976\u9999\u8be6\u60c5\u9875_02_PicCopilot_5e502.jpg 1000w, https:\/\/vestpetproducts.com\/wp-content\/uploads\/2025\/07\/\u5976\u9999\u8be6\u60c5\u9875_02_PicCopilot_5e502-345x500.jpg 345w, https:\/\/vestpetproducts.com\/wp-content\/uploads\/2025\/07\/\u5976\u9999\u8be6\u60c5\u9875_02_PicCopilot_5e502-828x1200.jpg 828w, https:\/\/vestpetproducts.com\/wp-content\/uploads\/2025\/07\/\u5976\u9999\u8be6\u60c5\u9875_02_PicCopilot_5e502-207x300.jpg 207w, https:\/\/vestpetproducts.com\/wp-content\/uploads\/2025\/07\/\u5976\u9999\u8be6\u60c5\u9875_02_PicCopilot_5e502-768x1113.jpg 768w, https:\/\/vestpetproducts.com\/wp-content\/uploads\/2025\/07\/\u5976\u9999\u8be6\u60c5\u9875_02_PicCopilot_5e502-8x12.jpg 8w, https:\/\/vestpetproducts.com\/wp-content\/uploads\/2025\/07\/\u5976\u9999\u8be6\u60c5\u9875_02_PicCopilot_5e502-52x75.jpg 52w, https:\/\/vestpetproducts.com\/wp-content\/uploads\/2025\/07\/\u5976\u9999\u8be6\u60c5\u9875_02_PicCopilot_5e502-480x696.jpg 480w, https:\/\/vestpetproducts.com\/wp-content\/uploads\/2025\/07\/\u5976\u9999\u8be6\u60c5\u9875_02_PicCopilot_5e502-800x1159.jpg 800w\" sizes=\"auto, (max-width:767px) 480px, (max-width:1000px) 100vw, 1000px\" \/><img loading=\"lazy\" decoding=\"async\" class=\"aligncenter size-full wp-image-1316\" src=\"http:\/\/vestpetproducts.com\/wp-content\/uploads\/2025\/07\/2.jpg_65843c1cedee7633_fixed.jpg\" alt=\"\" width=\"1000\" height=\"1000\" srcset=\"https:\/\/vestpetproducts.com\/wp-content\/uploads\/2025\/07\/2.jpg_65843c1cedee7633_fixed.jpg 1000w, https:\/\/vestpetproducts.com\/wp-content\/uploads\/2025\/07\/2.jpg_65843c1cedee7633_fixed-500x500.jpg 500w, https:\/\/vestpetproducts.com\/wp-content\/uploads\/2025\/07\/2.jpg_65843c1cedee7633_fixed-300x300.jpg 300w, https:\/\/vestpetproducts.com\/wp-content\/uploads\/2025\/07\/2.jpg_65843c1cedee7633_fixed-768x768.jpg 768w, https:\/\/vestpetproducts.com\/wp-content\/uploads\/2025\/07\/2.jpg_65843c1cedee7633_fixed-12x12.jpg 12w, https:\/\/vestpetproducts.com\/wp-content\/uploads\/2025\/07\/2.jpg_65843c1cedee7633_fixed-150x150.jpg 150w, https:\/\/vestpetproducts.com\/wp-content\/uploads\/2025\/07\/2.jpg_65843c1cedee7633_fixed-75x75.jpg 75w, https:\/\/vestpetproducts.com\/wp-content\/uploads\/2025\/07\/2.jpg_65843c1cedee7633_fixed-480x480.jpg 480w, https:\/\/vestpetproducts.com\/wp-content\/uploads\/2025\/07\/2.jpg_65843c1cedee7633_fixed-800x800.jpg 800w\" sizes=\"auto, (max-width:767px) 480px, (max-width:1000px) 100vw, 1000px\" \/><img loading=\"lazy\" decoding=\"async\" class=\"aligncenter size-full wp-image-1317\" src=\"http:\/\/vestpetproducts.com\/wp-content\/uploads\/2025\/07\/3.jpg_6311eac1af59b151_fixed.jpg\" alt=\"\" width=\"1000\" height=\"1000\" srcset=\"https:\/\/vestpetproducts.com\/wp-content\/uploads\/2025\/07\/3.jpg_6311eac1af59b151_fixed.jpg 1000w, https:\/\/vestpetproducts.com\/wp-content\/uploads\/2025\/07\/3.jpg_6311eac1af59b151_fixed-500x500.jpg 500w, https:\/\/vestpetproducts.com\/wp-content\/uploads\/2025\/07\/3.jpg_6311eac1af59b151_fixed-300x300.jpg 300w, https:\/\/vestpetproducts.com\/wp-content\/uploads\/2025\/07\/3.jpg_6311eac1af59b151_fixed-768x768.jpg 768w, https:\/\/vestpetproducts.com\/wp-content\/uploads\/2025\/07\/3.jpg_6311eac1af59b151_fixed-12x12.jpg 12w, https:\/\/vestpetproducts.com\/wp-content\/uploads\/2025\/07\/3.jpg_6311eac1af59b151_fixed-150x150.jpg 150w, https:\/\/vestpetproducts.com\/wp-content\/uploads\/2025\/07\/3.jpg_6311eac1af59b151_fixed-75x75.jpg 75w, https:\/\/vestpetproducts.com\/wp-content\/uploads\/2025\/07\/3.jpg_6311eac1af59b151_fixed-480x480.jpg 480w, https:\/\/vestpetproducts.com\/wp-content\/uploads\/2025\/07\/3.jpg_6311eac1af59b151_fixed-800x800.jpg 800w\" sizes=\"auto, (max-width:767px) 480px, (max-width:1000px) 100vw, 1000px\" \/><img loading=\"lazy\" decoding=\"async\" class=\"aligncenter size-full wp-image-1318\" src=\"http:\/\/vestpetproducts.com\/wp-content\/uploads\/2025\/07\/4.jpg_8cbb60ea3ddf2022_fixed.jpg\" alt=\"\" width=\"1000\" height=\"1000\" srcset=\"https:\/\/vestpetproducts.com\/wp-content\/uploads\/2025\/07\/4.jpg_8cbb60ea3ddf2022_fixed.jpg 1000w, https:\/\/vestpetproducts.com\/wp-content\/uploads\/2025\/07\/4.jpg_8cbb60ea3ddf2022_fixed-500x500.jpg 500w, https:\/\/vestpetproducts.com\/wp-content\/uploads\/2025\/07\/4.jpg_8cbb60ea3ddf2022_fixed-300x300.jpg 300w, https:\/\/vestpetproducts.com\/wp-content\/uploads\/2025\/07\/4.jpg_8cbb60ea3ddf2022_fixed-768x768.jpg 768w, https:\/\/vestpetproducts.com\/wp-content\/uploads\/2025\/07\/4.jpg_8cbb60ea3ddf2022_fixed-12x12.jpg 12w, https:\/\/vestpetproducts.com\/wp-content\/uploads\/2025\/07\/4.jpg_8cbb60ea3ddf2022_fixed-150x150.jpg 150w, https:\/\/vestpetproducts.com\/wp-content\/uploads\/2025\/07\/4.jpg_8cbb60ea3ddf2022_fixed-75x75.jpg 75w, https:\/\/vestpetproducts.com\/wp-content\/uploads\/2025\/07\/4.jpg_8cbb60ea3ddf2022_fixed-480x480.jpg 480w, https:\/\/vestpetproducts.com\/wp-content\/uploads\/2025\/07\/4.jpg_8cbb60ea3ddf2022_fixed-800x800.jpg 800w\" sizes=\"auto, (max-width:767px) 480px, (max-width:1000px) 100vw, 1000px\" \/><img loading=\"lazy\" decoding=\"async\" class=\"aligncenter size-full wp-image-1319\" src=\"http:\/\/vestpetproducts.com\/wp-content\/uploads\/2025\/07\/5.jpg_d3f14559357e3bda_fixed.jpg\" alt=\"\" width=\"1000\" height=\"1000\" srcset=\"https:\/\/vestpetproducts.com\/wp-content\/uploads\/2025\/07\/5.jpg_d3f14559357e3bda_fixed.jpg 1000w, https:\/\/vestpetproducts.com\/wp-content\/uploads\/2025\/07\/5.jpg_d3f14559357e3bda_fixed-500x500.jpg 500w, https:\/\/vestpetproducts.com\/wp-content\/uploads\/2025\/07\/5.jpg_d3f14559357e3bda_fixed-300x300.jpg 300w, https:\/\/vestpetproducts.com\/wp-content\/uploads\/2025\/07\/5.jpg_d3f14559357e3bda_fixed-768x768.jpg 768w, https:\/\/vestpetproducts.com\/wp-content\/uploads\/2025\/07\/5.jpg_d3f14559357e3bda_fixed-12x12.jpg 12w, https:\/\/vestpetproducts.com\/wp-content\/uploads\/2025\/07\/5.jpg_d3f14559357e3bda_fixed-150x150.jpg 150w, https:\/\/vestpetproducts.com\/wp-content\/uploads\/2025\/07\/5.jpg_d3f14559357e3bda_fixed-75x75.jpg 75w, https:\/\/vestpetproducts.com\/wp-content\/uploads\/2025\/07\/5.jpg_d3f14559357e3bda_fixed-480x480.jpg 480w, https:\/\/vestpetproducts.com\/wp-content\/uploads\/2025\/07\/5.jpg_d3f14559357e3bda_fixed-800x800.jpg 800w\" sizes=\"auto, (max-width:767px) 480px, (max-width:1000px) 100vw, 1000px\" \/><img loading=\"lazy\" decoding=\"async\" class=\"aligncenter size-full wp-image-1322\" src=\"http:\/\/vestpetproducts.com\/wp-content\/uploads\/2025\/07\/\u5976\u9999\u8be6\u60c5\u9875_08_PicCopilot_d402e.jpg\" alt=\"\" width=\"1000\" height=\"1761\" srcset=\"https:\/\/vestpetproducts.com\/wp-content\/uploads\/2025\/07\/\u5976\u9999\u8be6\u60c5\u9875_08_PicCopilot_d402e.jpg 1000w, https:\/\/vestpetproducts.com\/wp-content\/uploads\/2025\/07\/\u5976\u9999\u8be6\u60c5\u9875_08_PicCopilot_d402e-284x500.jpg 284w, https:\/\/vestpetproducts.com\/wp-content\/uploads\/2025\/07\/\u5976\u9999\u8be6\u60c5\u9875_08_PicCopilot_d402e-681x1200.jpg 681w, https:\/\/vestpetproducts.com\/wp-content\/uploads\/2025\/07\/\u5976\u9999\u8be6\u60c5\u9875_08_PicCopilot_d402e-170x300.jpg 170w, https:\/\/vestpetproducts.com\/wp-content\/uploads\/2025\/07\/\u5976\u9999\u8be6\u60c5\u9875_08_PicCopilot_d402e-768x1352.jpg 768w, https:\/\/vestpetproducts.com\/wp-content\/uploads\/2025\/07\/\u5976\u9999\u8be6\u60c5\u9875_08_PicCopilot_d402e-872x1536.jpg 872w, https:\/\/vestpetproducts.com\/wp-content\/uploads\/2025\/07\/\u5976\u9999\u8be6\u60c5\u9875_08_PicCopilot_d402e-7x12.jpg 7w, https:\/\/vestpetproducts.com\/wp-content\/uploads\/2025\/07\/\u5976\u9999\u8be6\u60c5\u9875_08_PicCopilot_d402e-43x75.jpg 43w, https:\/\/vestpetproducts.com\/wp-content\/uploads\/2025\/07\/\u5976\u9999\u8be6\u60c5\u9875_08_PicCopilot_d402e-480x845.jpg 480w, https:\/\/vestpetproducts.com\/wp-content\/uploads\/2025\/07\/\u5976\u9999\u8be6\u60c5\u9875_08_PicCopilot_d402e-800x1409.jpg 800w\" sizes=\"auto, (max-width:767px) 480px, (max-width:1000px) 100vw, 1000px\" \/><\/p>","protected":false},"excerpt":{"rendered":"<p>Sabor: Leitoso<\/p>\n<p>\u3010Ingredientes naturais 100%\u3011Borda de ervilha de qualidade selecionada, desempenho de absor\u00e7\u00e3o de \u00e1gua semelhante a uma esponja. Aglomera\u00e7\u00e3o mais r\u00e1pida e menor possibilidade de tocar no fundo da caixa de areia do gato. Absor\u00e7\u00e3o de \u00e1gua suficiente e menor consumo.<br \/>\n\u3010Menos dispers\u00e3o, melhor envolvimento\u301170% 2 mm (di\u00e2metro) areia para gatos de tofu + 30% 1,5 mm (di\u00e2metro) areia para gatos de tofu\u3002Combina\u00e7\u00e3o perfeita, menos dispers\u00e3o, melhor envolvimento.<br \/>\n\u3010Dar descarga no vaso sanit\u00e1rio \u00e9 aceit\u00e1vel\u3011Devido \u00e0 solubilidade em \u00e1gua, o processamento do lixo \u00e9 mais conveniente. (N\u00c3O d\u00ea descarga em excesso no vaso sanit\u00e1rio de uma s\u00f3 vez, caso contr\u00e1rio, voc\u00ea precisar\u00e1 esperar mais tempo at\u00e9 que a areia do gato se dissolva)<br \/>\n\u3010Embalagem a v\u00e1cuo\u3011H\u00e1 uma pequena possibilidade de vazamento de ar durante o transporte. O design a v\u00e1cuo serve apenas para facilitar o transporte e o armazenamento, e o vazamento de ar N\u00c3O compromete o uso. Caso se importe, faremos o poss\u00edvel para encontrar uma solu\u00e7\u00e3o para o problema.<\/p>","protected":false},"featured_media":1315,"template":"","meta":{"content-type":""},"product_brand":[],"product_cat":[123],"product_tag":[],"class_list":{"0":"post-1314","1":"product","2":"type-product","3":"status-publish","4":"has-post-thumbnail","6":"product_cat-tofu-litter","8":"first","9":"instock","10":"shipping-taxable","11":"product-type-simple"},"yoast_head":"<!-- This site is optimized with the Yoast SEO plugin v24.9 - https:\/\/yoast.com\/wordpress\/plugins\/seo\/ -->\n<title>OEM\/ODM Factory Natural Dust-Free High-Quality Milk-Flavored Tofu Cat Litter - Shandong Vest International Trade Co., Ltd.<\/title>\n<meta name=\"robots\" content=\"index, follow, max-snippet:-1, max-image-preview:large, max-video-preview:-1\" \/>\n<link rel=\"canonical\" href=\"https:\/\/vestpetproducts.com\/pt\/produto\/oem-odm-factory-natural-dust-free-high-quality-milk-flavored-tofu-cat-litter\/\" \/>\n<meta property=\"og:locale\" content=\"pt_PT\" \/>\n<meta property=\"og:type\" content=\"article\" \/>\n<meta property=\"og:title\" content=\"OEM\/ODM Factory Natural Dust-Free High-Quality Milk-Flavored Tofu Cat Litter - Shandong Vest International Trade Co., Ltd.\" \/>\n<meta property=\"og:description\" content=\"Flavor\uff1aMilky  \u3010100% Natural ingredients\u3011Selected Quality Pea Dregs\uff0cSponge-Like Water Absorption Performance.Faster Clumping and Lower Possibility of Touching a Cat Litter Box Bottom.Sufficient Water Absorption and Less Consumption. \u3010Less Scattering, Improved Wrapping\u301170% 2 mm (Diameter) Tofu Cat Litter+30% 1.5 mm (Diameter) Tofu Cat Litter\u3002Perfect Combination, Less Scattering, Improved Wrapping. \u3010Flushing into a toilet is OK\u3011Due to the solubility in water, the garbage processing is more convenient.(Do NOT flush too much into a toilet in a time\uff0cOtherwise, you need to wait longer until the cat litter dissolves) \u3010Vacuum packing\u3011There is a small possibility of air leakage during a transportation process. The vacuum design is only to facilitate its transportation and storage, and air leakage does NOT compromise the use. If you DO mind, we will try our best to find to approach to solve the problem.\" \/>\n<meta property=\"og:url\" content=\"https:\/\/vestpetproducts.com\/pt\/produto\/oem-odm-factory-natural-dust-free-high-quality-milk-flavored-tofu-cat-litter\/\" \/>\n<meta property=\"og:site_name\" content=\"Shandong Vest International Trade Co., Ltd.\" \/>\n<meta property=\"article:modified_time\" content=\"2025-08-11T09:27:49+00:00\" \/>\n<meta property=\"og:image\" content=\"https:\/\/vestpetproducts.com\/wp-content\/uploads\/2025\/07\/1.jpg_f13f128fd2ca52e9_fixed_\u526f\u672c.jpg\" \/>\n\t<meta property=\"og:image:width\" content=\"800\" \/>\n\t<meta property=\"og:image:height\" content=\"800\" \/>\n\t<meta property=\"og:image:type\" content=\"image\/jpeg\" \/>\n<meta name=\"twitter:card\" content=\"summary_large_image\" \/>\n<meta name=\"twitter:label1\" content=\"Tempo estimado de leitura\" \/>\n\t<meta name=\"twitter:data1\" content=\"2 minutos\" \/>\n<script type=\"application\/ld+json\" class=\"yoast-schema-graph\">{\"@context\":\"https:\/\/schema.org\",\"@graph\":[{\"@type\":\"WebPage\",\"@id\":\"https:\/\/vestpetproducts.com\/product\/oem-odm-factory-natural-dust-free-high-quality-milk-flavored-tofu-cat-litter\/\",\"url\":\"https:\/\/vestpetproducts.com\/product\/oem-odm-factory-natural-dust-free-high-quality-milk-flavored-tofu-cat-litter\/\",\"name\":\"OEM\/ODM Factory Natural Dust-Free High-Quality Milk-Flavored Tofu Cat Litter - Shandong Vest International Trade Co., Ltd.\",\"isPartOf\":{\"@id\":\"https:\/\/vestpetproducts.com\/#website\"},\"primaryImageOfPage\":{\"@id\":\"https:\/\/vestpetproducts.com\/product\/oem-odm-factory-natural-dust-free-high-quality-milk-flavored-tofu-cat-litter\/#primaryimage\"},\"image\":{\"@id\":\"https:\/\/vestpetproducts.com\/product\/oem-odm-factory-natural-dust-free-high-quality-milk-flavored-tofu-cat-litter\/#primaryimage\"},\"thumbnailUrl\":\"https:\/\/vestpetproducts.com\/wp-content\/uploads\/2025\/07\/1.jpg_f13f128fd2ca52e9_fixed_\u526f\u672c.jpg\",\"datePublished\":\"2025-07-23T08:31:58+00:00\",\"dateModified\":\"2025-08-11T09:27:49+00:00\",\"breadcrumb\":{\"@id\":\"https:\/\/vestpetproducts.com\/product\/oem-odm-factory-natural-dust-free-high-quality-milk-flavored-tofu-cat-litter\/#breadcrumb\"},\"inLanguage\":\"pt-PT\",\"potentialAction\":[{\"@type\":\"ReadAction\",\"target\":[\"https:\/\/vestpetproducts.com\/product\/oem-odm-factory-natural-dust-free-high-quality-milk-flavored-tofu-cat-litter\/\"]}]},{\"@type\":\"ImageObject\",\"inLanguage\":\"pt-PT\",\"@id\":\"https:\/\/vestpetproducts.com\/product\/oem-odm-factory-natural-dust-free-high-quality-milk-flavored-tofu-cat-litter\/#primaryimage\",\"url\":\"https:\/\/vestpetproducts.com\/wp-content\/uploads\/2025\/07\/1.jpg_f13f128fd2ca52e9_fixed_\u526f\u672c.jpg\",\"contentUrl\":\"https:\/\/vestpetproducts.com\/wp-content\/uploads\/2025\/07\/1.jpg_f13f128fd2ca52e9_fixed_\u526f\u672c.jpg\",\"width\":800,\"height\":800},{\"@type\":\"BreadcrumbList\",\"@id\":\"https:\/\/vestpetproducts.com\/product\/oem-odm-factory-natural-dust-free-high-quality-milk-flavored-tofu-cat-litter\/#breadcrumb\",\"itemListElement\":[{\"@type\":\"ListItem\",\"position\":1,\"name\":\"\u9996\u9875\",\"item\":\"https:\/\/vestpetproducts.com\/\"},{\"@type\":\"ListItem\",\"position\":2,\"name\":\"Product\",\"item\":\"https:\/\/vestpetproducts.com\/product\/\"},{\"@type\":\"ListItem\",\"position\":3,\"name\":\"OEM\/ODM Factory Natural Dust-Free High-Quality Milk-Flavored Tofu Cat Litter\"}]},{\"@type\":\"WebSite\",\"@id\":\"https:\/\/vestpetproducts.com\/#website\",\"url\":\"https:\/\/vestpetproducts.com\/\",\"name\":\"Shandong Vest International Trade Co., Ltd.\",\"description\":\"Shandong Vest International Trade Co., Ltd.\",\"potentialAction\":[{\"@type\":\"SearchAction\",\"target\":{\"@type\":\"EntryPoint\",\"urlTemplate\":\"https:\/\/vestpetproducts.com\/?s={search_term_string}\"},\"query-input\":{\"@type\":\"PropertyValueSpecification\",\"valueRequired\":true,\"valueName\":\"search_term_string\"}}],\"inLanguage\":\"pt-PT\"}]}<\/script>\n<!-- \/ Yoast SEO plugin. -->","yoast_head_json":{"title":"OEM\/ODM Factory Natural Dust-Free High-Quality Milk-Flavored Tofu Cat Litter - Shandong Vest International Trade Co., Ltd.","robots":{"index":"index","follow":"follow","max-snippet":"max-snippet:-1","max-image-preview":"max-image-preview:large","max-video-preview":"max-video-preview:-1"},"canonical":"https:\/\/vestpetproducts.com\/pt\/produto\/oem-odm-factory-natural-dust-free-high-quality-milk-flavored-tofu-cat-litter\/","og_locale":"pt_PT","og_type":"article","og_title":"OEM\/ODM Factory Natural Dust-Free High-Quality Milk-Flavored Tofu Cat Litter - Shandong Vest International Trade Co., Ltd.","og_description":"Flavor\uff1aMilky  \u3010100% Natural ingredients\u3011Selected Quality Pea Dregs\uff0cSponge-Like Water Absorption Performance.Faster Clumping and Lower Possibility of Touching a Cat Litter Box Bottom.Sufficient Water Absorption and Less Consumption. \u3010Less Scattering, Improved Wrapping\u301170% 2 mm (Diameter) Tofu Cat Litter+30% 1.5 mm (Diameter) Tofu Cat Litter\u3002Perfect Combination, Less Scattering, Improved Wrapping. \u3010Flushing into a toilet is OK\u3011Due to the solubility in water, the garbage processing is more convenient.(Do NOT flush too much into a toilet in a time\uff0cOtherwise, you need to wait longer until the cat litter dissolves) \u3010Vacuum packing\u3011There is a small possibility of air leakage during a transportation process. The vacuum design is only to facilitate its transportation and storage, and air leakage does NOT compromise the use. If you DO mind, we will try our best to find to approach to solve the problem.","og_url":"https:\/\/vestpetproducts.com\/pt\/produto\/oem-odm-factory-natural-dust-free-high-quality-milk-flavored-tofu-cat-litter\/","og_site_name":"Shandong Vest International Trade Co., Ltd.","article_modified_time":"2025-08-11T09:27:49+00:00","og_image":[{"width":800,"height":800,"url":"https:\/\/vestpetproducts.com\/wp-content\/uploads\/2025\/07\/1.jpg_f13f128fd2ca52e9_fixed_\u526f\u672c.jpg","type":"image\/jpeg"}],"twitter_card":"summary_large_image","twitter_misc":{"Tempo estimado de leitura":"2 minutos"},"schema":{"@context":"https:\/\/schema.org","@graph":[{"@type":"WebPage","@id":"https:\/\/vestpetproducts.com\/product\/oem-odm-factory-natural-dust-free-high-quality-milk-flavored-tofu-cat-litter\/","url":"https:\/\/vestpetproducts.com\/product\/oem-odm-factory-natural-dust-free-high-quality-milk-flavored-tofu-cat-litter\/","name":"OEM\/ODM Factory Natural Dust-Free High-Quality Milk-Flavored Tofu Cat Litter - Shandong Vest International Trade Co., Ltd.","isPartOf":{"@id":"https:\/\/vestpetproducts.com\/#website"},"primaryImageOfPage":{"@id":"https:\/\/vestpetproducts.com\/product\/oem-odm-factory-natural-dust-free-high-quality-milk-flavored-tofu-cat-litter\/#primaryimage"},"image":{"@id":"https:\/\/vestpetproducts.com\/product\/oem-odm-factory-natural-dust-free-high-quality-milk-flavored-tofu-cat-litter\/#primaryimage"},"thumbnailUrl":"https:\/\/vestpetproducts.com\/wp-content\/uploads\/2025\/07\/1.jpg_f13f128fd2ca52e9_fixed_\u526f\u672c.jpg","datePublished":"2025-07-23T08:31:58+00:00","dateModified":"2025-08-11T09:27:49+00:00","breadcrumb":{"@id":"https:\/\/vestpetproducts.com\/product\/oem-odm-factory-natural-dust-free-high-quality-milk-flavored-tofu-cat-litter\/#breadcrumb"},"inLanguage":"pt-PT","potentialAction":[{"@type":"ReadAction","target":["https:\/\/vestpetproducts.com\/product\/oem-odm-factory-natural-dust-free-high-quality-milk-flavored-tofu-cat-litter\/"]}]},{"@type":"ImageObject","inLanguage":"pt-PT","@id":"https:\/\/vestpetproducts.com\/product\/oem-odm-factory-natural-dust-free-high-quality-milk-flavored-tofu-cat-litter\/#primaryimage","url":"https:\/\/vestpetproducts.com\/wp-content\/uploads\/2025\/07\/1.jpg_f13f128fd2ca52e9_fixed_\u526f\u672c.jpg","contentUrl":"https:\/\/vestpetproducts.com\/wp-content\/uploads\/2025\/07\/1.jpg_f13f128fd2ca52e9_fixed_\u526f\u672c.jpg","width":800,"height":800},{"@type":"BreadcrumbList","@id":"https:\/\/vestpetproducts.com\/product\/oem-odm-factory-natural-dust-free-high-quality-milk-flavored-tofu-cat-litter\/#breadcrumb","itemListElement":[{"@type":"ListItem","position":1,"name":"\u9996\u9875","item":"https:\/\/vestpetproducts.com\/"},{"@type":"ListItem","position":2,"name":"Product","item":"https:\/\/vestpetproducts.com\/product\/"},{"@type":"ListItem","position":3,"name":"OEM\/ODM Factory Natural Dust-Free High-Quality Milk-Flavored Tofu Cat Litter"}]},{"@type":"WebSite","@id":"https:\/\/vestpetproducts.com\/#website","url":"https:\/\/vestpetproducts.com\/","name":"Shandong Vest International Trade Co., Ltd.","description":"Shandong Vest International Trade Co., Ltd.","potentialAction":[{"@type":"SearchAction","target":{"@type":"EntryPoint","urlTemplate":"https:\/\/vestpetproducts.com\/?s={search_term_string}"},"query-input":{"@type":"PropertyValueSpecification","valueRequired":true,"valueName":"search_term_string"}}],"inLanguage":"pt-PT"}]}},"_links":{"self":[{"href":"https:\/\/vestpetproducts.com\/pt\/wp-json\/wp\/v2\/product\/1314","targetHints":{"allow":["GET"]}}],"collection":[{"href":"https:\/\/vestpetproducts.com\/pt\/wp-json\/wp\/v2\/product"}],"about":[{"href":"https:\/\/vestpetproducts.com\/pt\/wp-json\/wp\/v2\/types\/product"}],"wp:featuredmedia":[{"embeddable":true,"href":"https:\/\/vestpetproducts.com\/pt\/wp-json\/wp\/v2\/media\/1315"}],"wp:attachment":[{"href":"https:\/\/vestpetproducts.com\/pt\/wp-json\/wp\/v2\/media?parent=1314"}],"wp:term":[{"taxonomy":"product_brand","embeddable":true,"href":"https:\/\/vestpetproducts.com\/pt\/wp-json\/wp\/v2\/product_brand?post=1314"},{"taxonomy":"product_cat","embeddable":true,"href":"https:\/\/vestpetproducts.com\/pt\/wp-json\/wp\/v2\/product_cat?post=1314"},{"taxonomy":"product_tag","embeddable":true,"href":"https:\/\/vestpetproducts.com\/pt\/wp-json\/wp\/v2\/product_tag?post=1314"}],"curies":[{"name":"wp","href":"https:\/\/api.w.org\/{rel}","templated":true}]}}