{"id":1237,"date":"2025-07-23T02:41:30","date_gmt":"2025-07-23T02:41:30","guid":{"rendered":"https:\/\/vestpetproducts.com\/?post_type=product&#038;p=1237"},"modified":"2025-08-04T07:29:22","modified_gmt":"2025-08-04T07:29:22","slug":"wholesale-cat-trees-tower-tree-house-new-cute-luxury-high-quality-large-pet-cat-climbing-frame-cat-tree","status":"publish","type":"product","link":"https:\/\/vestpetproducts.com\/pt\/produto\/wholesale-cat-trees-tower-tree-house-new-cute-luxury-high-quality-large-pet-cat-climbing-frame-cat-tree\/","title":{"rendered":"\u00c1rvores para gatos em atacado, torre, casa na \u00e1rvore, nova, fofa, luxuosa, alta qualidade, grande, estrutura de escalada para gatos de estima\u00e7\u00e3o, \u00e1rvore para gatos"},"content":{"rendered":"<p><img loading=\"lazy\" decoding=\"async\" class=\"aligncenter size-full wp-image-1255\" src=\"http:\/\/vestpetproducts.com\/wp-content\/uploads\/2025\/07\/FTC-007\u82f1-\u7c73\u9ec4_01.jpg\" alt=\"\" width=\"1000\" height=\"1601\" srcset=\"https:\/\/vestpetproducts.com\/wp-content\/uploads\/2025\/07\/FTC-007\u82f1-\u7c73\u9ec4_01.jpg 1000w, https:\/\/vestpetproducts.com\/wp-content\/uploads\/2025\/07\/FTC-007\u82f1-\u7c73\u9ec4_01-312x500.jpg 312w, https:\/\/vestpetproducts.com\/wp-content\/uploads\/2025\/07\/FTC-007\u82f1-\u7c73\u9ec4_01-750x1200.jpg 750w, https:\/\/vestpetproducts.com\/wp-content\/uploads\/2025\/07\/FTC-007\u82f1-\u7c73\u9ec4_01-187x300.jpg 187w, https:\/\/vestpetproducts.com\/wp-content\/uploads\/2025\/07\/FTC-007\u82f1-\u7c73\u9ec4_01-768x1230.jpg 768w, https:\/\/vestpetproducts.com\/wp-content\/uploads\/2025\/07\/FTC-007\u82f1-\u7c73\u9ec4_01-959x1536.jpg 959w, https:\/\/vestpetproducts.com\/wp-content\/uploads\/2025\/07\/FTC-007\u82f1-\u7c73\u9ec4_01-7x12.jpg 7w, https:\/\/vestpetproducts.com\/wp-content\/uploads\/2025\/07\/FTC-007\u82f1-\u7c73\u9ec4_01-47x75.jpg 47w, https:\/\/vestpetproducts.com\/wp-content\/uploads\/2025\/07\/FTC-007\u82f1-\u7c73\u9ec4_01-480x768.jpg 480w, https:\/\/vestpetproducts.com\/wp-content\/uploads\/2025\/07\/FTC-007\u82f1-\u7c73\u9ec4_01-800x1281.jpg 800w\" sizes=\"auto, (max-width:767px) 480px, (max-width:1000px) 100vw, 1000px\" \/> <img loading=\"lazy\" decoding=\"async\" class=\"aligncenter size-full wp-image-1256\" src=\"http:\/\/vestpetproducts.com\/wp-content\/uploads\/2025\/07\/FTC-007\u82f1-\u7c73\u9ec4_02.jpg\" alt=\"\" width=\"1000\" height=\"1333\" srcset=\"https:\/\/vestpetproducts.com\/wp-content\/uploads\/2025\/07\/FTC-007\u82f1-\u7c73\u9ec4_02.jpg 1000w, https:\/\/vestpetproducts.com\/wp-content\/uploads\/2025\/07\/FTC-007\u82f1-\u7c73\u9ec4_02-375x500.jpg 375w, https:\/\/vestpetproducts.com\/wp-content\/uploads\/2025\/07\/FTC-007\u82f1-\u7c73\u9ec4_02-900x1200.jpg 900w, https:\/\/vestpetproducts.com\/wp-content\/uploads\/2025\/07\/FTC-007\u82f1-\u7c73\u9ec4_02-225x300.jpg 225w, https:\/\/vestpetproducts.com\/wp-content\/uploads\/2025\/07\/FTC-007\u82f1-\u7c73\u9ec4_02-768x1024.jpg 768w, https:\/\/vestpetproducts.com\/wp-content\/uploads\/2025\/07\/FTC-007\u82f1-\u7c73\u9ec4_02-9x12.jpg 9w, https:\/\/vestpetproducts.com\/wp-content\/uploads\/2025\/07\/FTC-007\u82f1-\u7c73\u9ec4_02-56x75.jpg 56w, https:\/\/vestpetproducts.com\/wp-content\/uploads\/2025\/07\/FTC-007\u82f1-\u7c73\u9ec4_02-480x640.jpg 480w, https:\/\/vestpetproducts.com\/wp-content\/uploads\/2025\/07\/FTC-007\u82f1-\u7c73\u9ec4_02-800x1066.jpg 800w\" sizes=\"auto, (max-width:767px) 480px, (max-width:1000px) 100vw, 1000px\" \/> <img loading=\"lazy\" decoding=\"async\" class=\"aligncenter size-full wp-image-1257\" src=\"http:\/\/vestpetproducts.com\/wp-content\/uploads\/2025\/07\/FTC-007\u82f1-\u7c73\u9ec4_03.jpg\" alt=\"\" width=\"1000\" height=\"1924\" srcset=\"https:\/\/vestpetproducts.com\/wp-content\/uploads\/2025\/07\/FTC-007\u82f1-\u7c73\u9ec4_03.jpg 1000w, https:\/\/vestpetproducts.com\/wp-content\/uploads\/2025\/07\/FTC-007\u82f1-\u7c73\u9ec4_03-260x500.jpg 260w, https:\/\/vestpetproducts.com\/wp-content\/uploads\/2025\/07\/FTC-007\u82f1-\u7c73\u9ec4_03-624x1200.jpg 624w, https:\/\/vestpetproducts.com\/wp-content\/uploads\/2025\/07\/FTC-007\u82f1-\u7c73\u9ec4_03-156x300.jpg 156w, https:\/\/vestpetproducts.com\/wp-content\/uploads\/2025\/07\/FTC-007\u82f1-\u7c73\u9ec4_03-768x1478.jpg 768w, https:\/\/vestpetproducts.com\/wp-content\/uploads\/2025\/07\/FTC-007\u82f1-\u7c73\u9ec4_03-798x1536.jpg 798w, https:\/\/vestpetproducts.com\/wp-content\/uploads\/2025\/07\/FTC-007\u82f1-\u7c73\u9ec4_03-6x12.jpg 6w, https:\/\/vestpetproducts.com\/wp-content\/uploads\/2025\/07\/FTC-007\u82f1-\u7c73\u9ec4_03-39x75.jpg 39w, https:\/\/vestpetproducts.com\/wp-content\/uploads\/2025\/07\/FTC-007\u82f1-\u7c73\u9ec4_03-480x924.jpg 480w, https:\/\/vestpetproducts.com\/wp-content\/uploads\/2025\/07\/FTC-007\u82f1-\u7c73\u9ec4_03-800x1539.jpg 800w\" sizes=\"auto, (max-width:767px) 480px, (max-width:1000px) 100vw, 1000px\" \/> <img loading=\"lazy\" decoding=\"async\" class=\"aligncenter size-full wp-image-1258\" src=\"http:\/\/vestpetproducts.com\/wp-content\/uploads\/2025\/07\/FTC-007\u82f1-\u7c73\u9ec4_04.jpg\" alt=\"\" width=\"1000\" height=\"1509\" srcset=\"https:\/\/vestpetproducts.com\/wp-content\/uploads\/2025\/07\/FTC-007\u82f1-\u7c73\u9ec4_04.jpg 1000w, https:\/\/vestpetproducts.com\/wp-content\/uploads\/2025\/07\/FTC-007\u82f1-\u7c73\u9ec4_04-331x500.jpg 331w, https:\/\/vestpetproducts.com\/wp-content\/uploads\/2025\/07\/FTC-007\u82f1-\u7c73\u9ec4_04-795x1200.jpg 795w, https:\/\/vestpetproducts.com\/wp-content\/uploads\/2025\/07\/FTC-007\u82f1-\u7c73\u9ec4_04-199x300.jpg 199w, https:\/\/vestpetproducts.com\/wp-content\/uploads\/2025\/07\/FTC-007\u82f1-\u7c73\u9ec4_04-768x1159.jpg 768w, https:\/\/vestpetproducts.com\/wp-content\/uploads\/2025\/07\/FTC-007\u82f1-\u7c73\u9ec4_04-8x12.jpg 8w, https:\/\/vestpetproducts.com\/wp-content\/uploads\/2025\/07\/FTC-007\u82f1-\u7c73\u9ec4_04-50x75.jpg 50w, https:\/\/vestpetproducts.com\/wp-content\/uploads\/2025\/07\/FTC-007\u82f1-\u7c73\u9ec4_04-480x724.jpg 480w, https:\/\/vestpetproducts.com\/wp-content\/uploads\/2025\/07\/FTC-007\u82f1-\u7c73\u9ec4_04-800x1207.jpg 800w\" sizes=\"auto, (max-width:767px) 480px, (max-width:1000px) 100vw, 1000px\" \/> <img loading=\"lazy\" decoding=\"async\" class=\"aligncenter size-full wp-image-1259\" src=\"http:\/\/vestpetproducts.com\/wp-content\/uploads\/2025\/07\/FTC-007\u82f1-\u7c73\u9ec4_05.jpg\" alt=\"\" width=\"1000\" height=\"1181\" srcset=\"https:\/\/vestpetproducts.com\/wp-content\/uploads\/2025\/07\/FTC-007\u82f1-\u7c73\u9ec4_05.jpg 1000w, https:\/\/vestpetproducts.com\/wp-content\/uploads\/2025\/07\/FTC-007\u82f1-\u7c73\u9ec4_05-423x500.jpg 423w, https:\/\/vestpetproducts.com\/wp-content\/uploads\/2025\/07\/FTC-007\u82f1-\u7c73\u9ec4_05-254x300.jpg 254w, https:\/\/vestpetproducts.com\/wp-content\/uploads\/2025\/07\/FTC-007\u82f1-\u7c73\u9ec4_05-768x907.jpg 768w, https:\/\/vestpetproducts.com\/wp-content\/uploads\/2025\/07\/FTC-007\u82f1-\u7c73\u9ec4_05-10x12.jpg 10w, https:\/\/vestpetproducts.com\/wp-content\/uploads\/2025\/07\/FTC-007\u82f1-\u7c73\u9ec4_05-64x75.jpg 64w, https:\/\/vestpetproducts.com\/wp-content\/uploads\/2025\/07\/FTC-007\u82f1-\u7c73\u9ec4_05-480x567.jpg 480w, https:\/\/vestpetproducts.com\/wp-content\/uploads\/2025\/07\/FTC-007\u82f1-\u7c73\u9ec4_05-800x945.jpg 800w\" sizes=\"auto, (max-width:767px) 480px, (max-width:1000px) 100vw, 1000px\" \/> <img loading=\"lazy\" decoding=\"async\" class=\"aligncenter size-full wp-image-1260\" src=\"http:\/\/vestpetproducts.com\/wp-content\/uploads\/2025\/07\/FTC-007\u82f1-\u7c73\u9ec4_06.jpg\" alt=\"\" width=\"1000\" height=\"1837\" srcset=\"https:\/\/vestpetproducts.com\/wp-content\/uploads\/2025\/07\/FTC-007\u82f1-\u7c73\u9ec4_06.jpg 1000w, https:\/\/vestpetproducts.com\/wp-content\/uploads\/2025\/07\/FTC-007\u82f1-\u7c73\u9ec4_06-272x500.jpg 272w, https:\/\/vestpetproducts.com\/wp-content\/uploads\/2025\/07\/FTC-007\u82f1-\u7c73\u9ec4_06-653x1200.jpg 653w, https:\/\/vestpetproducts.com\/wp-content\/uploads\/2025\/07\/FTC-007\u82f1-\u7c73\u9ec4_06-163x300.jpg 163w, https:\/\/vestpetproducts.com\/wp-content\/uploads\/2025\/07\/FTC-007\u82f1-\u7c73\u9ec4_06-768x1411.jpg 768w, https:\/\/vestpetproducts.com\/wp-content\/uploads\/2025\/07\/FTC-007\u82f1-\u7c73\u9ec4_06-836x1536.jpg 836w, https:\/\/vestpetproducts.com\/wp-content\/uploads\/2025\/07\/FTC-007\u82f1-\u7c73\u9ec4_06-7x12.jpg 7w, https:\/\/vestpetproducts.com\/wp-content\/uploads\/2025\/07\/FTC-007\u82f1-\u7c73\u9ec4_06-41x75.jpg 41w, https:\/\/vestpetproducts.com\/wp-content\/uploads\/2025\/07\/FTC-007\u82f1-\u7c73\u9ec4_06-480x882.jpg 480w, https:\/\/vestpetproducts.com\/wp-content\/uploads\/2025\/07\/FTC-007\u82f1-\u7c73\u9ec4_06-800x1470.jpg 800w\" sizes=\"auto, (max-width:767px) 480px, (max-width:1000px) 100vw, 1000px\" \/> <img loading=\"lazy\" decoding=\"async\" class=\"aligncenter size-full wp-image-1261\" src=\"http:\/\/vestpetproducts.com\/wp-content\/uploads\/2025\/07\/FTC-007\u82f1-\u7c73\u9ec4_07.jpg\" alt=\"\" width=\"1000\" height=\"777\" srcset=\"https:\/\/vestpetproducts.com\/wp-content\/uploads\/2025\/07\/FTC-007\u82f1-\u7c73\u9ec4_07.jpg 1000w, https:\/\/vestpetproducts.com\/wp-content\/uploads\/2025\/07\/FTC-007\u82f1-\u7c73\u9ec4_07-500x389.jpg 500w, https:\/\/vestpetproducts.com\/wp-content\/uploads\/2025\/07\/FTC-007\u82f1-\u7c73\u9ec4_07-300x233.jpg 300w, https:\/\/vestpetproducts.com\/wp-content\/uploads\/2025\/07\/FTC-007\u82f1-\u7c73\u9ec4_07-768x597.jpg 768w, https:\/\/vestpetproducts.com\/wp-content\/uploads\/2025\/07\/FTC-007\u82f1-\u7c73\u9ec4_07-15x12.jpg 15w, https:\/\/vestpetproducts.com\/wp-content\/uploads\/2025\/07\/FTC-007\u82f1-\u7c73\u9ec4_07-97x75.jpg 97w, https:\/\/vestpetproducts.com\/wp-content\/uploads\/2025\/07\/FTC-007\u82f1-\u7c73\u9ec4_07-480x373.jpg 480w, https:\/\/vestpetproducts.com\/wp-content\/uploads\/2025\/07\/FTC-007\u82f1-\u7c73\u9ec4_07-800x622.jpg 800w\" sizes=\"auto, (max-width:767px) 480px, (max-width:1000px) 100vw, 1000px\" \/><\/p>","protected":false},"excerpt":{"rendered":"<p>Tamanho: 48*48*236~258cm\/19*19*93~101,61 polegadas<\/p>\n<p>\u00c1rvore para Gatos com Cesto Suspenso: Os gatos adoram a sensa\u00e7\u00e3o de estarem aconchegados, o que os faz sentir-se aquecidos e seguros. Redes s\u00e3o as favoritas dos gatos mais pregui\u00e7osos. Uma rede espa\u00e7osa e macia, juntamente com um cesto suspenso confort\u00e1vel, pode trazer muita alegria aos gatos em casa.<br \/>\nDesign estrutural ideal: Esta \u00e1rvore para gatos apresenta um design estrutural multicamadas ultra luxuoso, tornando-a o apartamento dos sonhos para gatos de grande porte. Projetada de acordo com os h\u00e1bitos de escalada dos gatos, oferece amplo espa\u00e7o para eles escalarem e tamb\u00e9m pode servir como um parque de divers\u00f5es para v\u00e1rios gatos.<br \/>\nEstabilidade da \u00e1rvore para gatos: A base grande e refor\u00e7ada garante uma estabilidade excepcional, e tamb\u00e9m est\u00e1 equipada com dispositivos de seguran\u00e7a anti-tombamento para garantir a seguran\u00e7a dos gatos de todos os \u00e2ngulos, permitindo que os gatinhos pulem e brinquem livremente.<\/p>","protected":false},"featured_media":1239,"template":"","meta":{"content-type":""},"product_brand":[],"product_cat":[120],"product_tag":[],"class_list":{"0":"post-1237","1":"product","2":"type-product","3":"status-publish","4":"has-post-thumbnail","6":"product_cat-pet-cat-trees","8":"first","9":"instock","10":"shipping-taxable","11":"product-type-simple"},"yoast_head":"<!-- This site is optimized with the Yoast SEO plugin v24.9 - https:\/\/yoast.com\/wordpress\/plugins\/seo\/ -->\n<title>Wholesale Cat Trees Tower Tree House New Cute Luxury High Quality Large Pet Cat Climbing Frame Cat Tree - Shandong Vest International Trade Co., Ltd.<\/title>\n<meta name=\"robots\" content=\"index, follow, max-snippet:-1, max-image-preview:large, max-video-preview:-1\" \/>\n<link rel=\"canonical\" href=\"https:\/\/vestpetproducts.com\/pt\/produto\/wholesale-cat-trees-tower-tree-house-new-cute-luxury-high-quality-large-pet-cat-climbing-frame-cat-tree\/\" \/>\n<meta property=\"og:locale\" content=\"pt_PT\" \/>\n<meta property=\"og:type\" content=\"article\" \/>\n<meta property=\"og:title\" content=\"Wholesale Cat Trees Tower Tree House New Cute Luxury High Quality Large Pet Cat Climbing Frame Cat Tree - Shandong Vest International Trade Co., Ltd.\" \/>\n<meta property=\"og:description\" content=\"Size\uff1a48*48*236~258cm\/19*19*93~101.61 Inches  Cat Tree with Hanging Basket: Cats naturally love the feeling of being wrapped up, which makes them feel warm and secure. Hammocks are a favourite among lazy cats. A spacious, soft hammock and comfortable hanging basket can bring a sense of happiness to cats at home. Ideal structural design: This cat tree features an ultra-luxurious multi-layer structural design, making it the dream apartment for large cats. Designed according to cats&#039; climbing habits, it provides ample climbing space for cats and can also serve as a playground for multiple cats. Stability of the cat tree: The reinforced large base ensures exceptional stability, and it is also equipped with anti-tip safety devices to ensure the safety of cats from all angles, allowing kittens to jump and play freely.\" \/>\n<meta property=\"og:url\" content=\"https:\/\/vestpetproducts.com\/pt\/produto\/wholesale-cat-trees-tower-tree-house-new-cute-luxury-high-quality-large-pet-cat-climbing-frame-cat-tree\/\" \/>\n<meta property=\"og:site_name\" content=\"Shandong Vest International Trade Co., Ltd.\" \/>\n<meta property=\"article:modified_time\" content=\"2025-08-04T07:29:22+00:00\" \/>\n<meta property=\"og:image\" content=\"https:\/\/vestpetproducts.com\/wp-content\/uploads\/2025\/07\/FTC-007-01.jpg\" \/>\n\t<meta property=\"og:image:width\" content=\"1000\" \/>\n\t<meta property=\"og:image:height\" content=\"1000\" \/>\n\t<meta property=\"og:image:type\" content=\"image\/jpeg\" \/>\n<meta name=\"twitter:card\" content=\"summary_large_image\" \/>\n<meta name=\"twitter:label1\" content=\"Tempo estimado de leitura\" \/>\n\t<meta name=\"twitter:data1\" content=\"2 minutos\" \/>\n<script type=\"application\/ld+json\" class=\"yoast-schema-graph\">{\"@context\":\"https:\/\/schema.org\",\"@graph\":[{\"@type\":\"WebPage\",\"@id\":\"https:\/\/vestpetproducts.com\/product\/wholesale-cat-trees-tower-tree-house-new-cute-luxury-high-quality-large-pet-cat-climbing-frame-cat-tree\/\",\"url\":\"https:\/\/vestpetproducts.com\/product\/wholesale-cat-trees-tower-tree-house-new-cute-luxury-high-quality-large-pet-cat-climbing-frame-cat-tree\/\",\"name\":\"Wholesale Cat Trees Tower Tree House New Cute Luxury High Quality Large Pet Cat Climbing Frame Cat Tree - Shandong Vest International Trade Co., Ltd.\",\"isPartOf\":{\"@id\":\"https:\/\/vestpetproducts.com\/#website\"},\"primaryImageOfPage\":{\"@id\":\"https:\/\/vestpetproducts.com\/product\/wholesale-cat-trees-tower-tree-house-new-cute-luxury-high-quality-large-pet-cat-climbing-frame-cat-tree\/#primaryimage\"},\"image\":{\"@id\":\"https:\/\/vestpetproducts.com\/product\/wholesale-cat-trees-tower-tree-house-new-cute-luxury-high-quality-large-pet-cat-climbing-frame-cat-tree\/#primaryimage\"},\"thumbnailUrl\":\"https:\/\/vestpetproducts.com\/wp-content\/uploads\/2025\/07\/FTC-007-01.jpg\",\"datePublished\":\"2025-07-23T02:41:30+00:00\",\"dateModified\":\"2025-08-04T07:29:22+00:00\",\"breadcrumb\":{\"@id\":\"https:\/\/vestpetproducts.com\/product\/wholesale-cat-trees-tower-tree-house-new-cute-luxury-high-quality-large-pet-cat-climbing-frame-cat-tree\/#breadcrumb\"},\"inLanguage\":\"pt-PT\",\"potentialAction\":[{\"@type\":\"ReadAction\",\"target\":[\"https:\/\/vestpetproducts.com\/product\/wholesale-cat-trees-tower-tree-house-new-cute-luxury-high-quality-large-pet-cat-climbing-frame-cat-tree\/\"]}]},{\"@type\":\"ImageObject\",\"inLanguage\":\"pt-PT\",\"@id\":\"https:\/\/vestpetproducts.com\/product\/wholesale-cat-trees-tower-tree-house-new-cute-luxury-high-quality-large-pet-cat-climbing-frame-cat-tree\/#primaryimage\",\"url\":\"https:\/\/vestpetproducts.com\/wp-content\/uploads\/2025\/07\/FTC-007-01.jpg\",\"contentUrl\":\"https:\/\/vestpetproducts.com\/wp-content\/uploads\/2025\/07\/FTC-007-01.jpg\",\"width\":\"1000\",\"height\":\"1000\"},{\"@type\":\"BreadcrumbList\",\"@id\":\"https:\/\/vestpetproducts.com\/product\/wholesale-cat-trees-tower-tree-house-new-cute-luxury-high-quality-large-pet-cat-climbing-frame-cat-tree\/#breadcrumb\",\"itemListElement\":[{\"@type\":\"ListItem\",\"position\":1,\"name\":\"\u9996\u9875\",\"item\":\"https:\/\/vestpetproducts.com\/\"},{\"@type\":\"ListItem\",\"position\":2,\"name\":\"Product\",\"item\":\"https:\/\/vestpetproducts.com\/product\/\"},{\"@type\":\"ListItem\",\"position\":3,\"name\":\"Wholesale Cat Trees Tower Tree House New Cute Luxury High Quality Large Pet Cat Climbing Frame Cat Tree\"}]},{\"@type\":\"WebSite\",\"@id\":\"https:\/\/vestpetproducts.com\/#website\",\"url\":\"https:\/\/vestpetproducts.com\/\",\"name\":\"Shandong Vest International Trade Co., Ltd.\",\"description\":\"Shandong Vest International Trade Co., Ltd.\",\"potentialAction\":[{\"@type\":\"SearchAction\",\"target\":{\"@type\":\"EntryPoint\",\"urlTemplate\":\"https:\/\/vestpetproducts.com\/?s={search_term_string}\"},\"query-input\":{\"@type\":\"PropertyValueSpecification\",\"valueRequired\":true,\"valueName\":\"search_term_string\"}}],\"inLanguage\":\"pt-PT\"}]}<\/script>\n<!-- \/ Yoast SEO plugin. -->","yoast_head_json":{"title":"Wholesale Cat Trees Tower Tree House New Cute Luxury High Quality Large Pet Cat Climbing Frame Cat Tree - Shandong Vest International Trade Co., Ltd.","robots":{"index":"index","follow":"follow","max-snippet":"max-snippet:-1","max-image-preview":"max-image-preview:large","max-video-preview":"max-video-preview:-1"},"canonical":"https:\/\/vestpetproducts.com\/pt\/produto\/wholesale-cat-trees-tower-tree-house-new-cute-luxury-high-quality-large-pet-cat-climbing-frame-cat-tree\/","og_locale":"pt_PT","og_type":"article","og_title":"Wholesale Cat Trees Tower Tree House New Cute Luxury High Quality Large Pet Cat Climbing Frame Cat Tree - Shandong Vest International Trade Co., Ltd.","og_description":"Size\uff1a48*48*236~258cm\/19*19*93~101.61 Inches  Cat Tree with Hanging Basket: Cats naturally love the feeling of being wrapped up, which makes them feel warm and secure. Hammocks are a favourite among lazy cats. A spacious, soft hammock and comfortable hanging basket can bring a sense of happiness to cats at home. Ideal structural design: This cat tree features an ultra-luxurious multi-layer structural design, making it the dream apartment for large cats. Designed according to cats' climbing habits, it provides ample climbing space for cats and can also serve as a playground for multiple cats. Stability of the cat tree: The reinforced large base ensures exceptional stability, and it is also equipped with anti-tip safety devices to ensure the safety of cats from all angles, allowing kittens to jump and play freely.","og_url":"https:\/\/vestpetproducts.com\/pt\/produto\/wholesale-cat-trees-tower-tree-house-new-cute-luxury-high-quality-large-pet-cat-climbing-frame-cat-tree\/","og_site_name":"Shandong Vest International Trade Co., Ltd.","article_modified_time":"2025-08-04T07:29:22+00:00","og_image":[{"width":1000,"height":1000,"url":"https:\/\/vestpetproducts.com\/wp-content\/uploads\/2025\/07\/FTC-007-01.jpg","type":"image\/jpeg"}],"twitter_card":"summary_large_image","twitter_misc":{"Tempo estimado de leitura":"2 minutos"},"schema":{"@context":"https:\/\/schema.org","@graph":[{"@type":"WebPage","@id":"https:\/\/vestpetproducts.com\/product\/wholesale-cat-trees-tower-tree-house-new-cute-luxury-high-quality-large-pet-cat-climbing-frame-cat-tree\/","url":"https:\/\/vestpetproducts.com\/product\/wholesale-cat-trees-tower-tree-house-new-cute-luxury-high-quality-large-pet-cat-climbing-frame-cat-tree\/","name":"Wholesale Cat Trees Tower Tree House New Cute Luxury High Quality Large Pet Cat Climbing Frame Cat Tree - Shandong Vest International Trade Co., Ltd.","isPartOf":{"@id":"https:\/\/vestpetproducts.com\/#website"},"primaryImageOfPage":{"@id":"https:\/\/vestpetproducts.com\/product\/wholesale-cat-trees-tower-tree-house-new-cute-luxury-high-quality-large-pet-cat-climbing-frame-cat-tree\/#primaryimage"},"image":{"@id":"https:\/\/vestpetproducts.com\/product\/wholesale-cat-trees-tower-tree-house-new-cute-luxury-high-quality-large-pet-cat-climbing-frame-cat-tree\/#primaryimage"},"thumbnailUrl":"https:\/\/vestpetproducts.com\/wp-content\/uploads\/2025\/07\/FTC-007-01.jpg","datePublished":"2025-07-23T02:41:30+00:00","dateModified":"2025-08-04T07:29:22+00:00","breadcrumb":{"@id":"https:\/\/vestpetproducts.com\/product\/wholesale-cat-trees-tower-tree-house-new-cute-luxury-high-quality-large-pet-cat-climbing-frame-cat-tree\/#breadcrumb"},"inLanguage":"pt-PT","potentialAction":[{"@type":"ReadAction","target":["https:\/\/vestpetproducts.com\/product\/wholesale-cat-trees-tower-tree-house-new-cute-luxury-high-quality-large-pet-cat-climbing-frame-cat-tree\/"]}]},{"@type":"ImageObject","inLanguage":"pt-PT","@id":"https:\/\/vestpetproducts.com\/product\/wholesale-cat-trees-tower-tree-house-new-cute-luxury-high-quality-large-pet-cat-climbing-frame-cat-tree\/#primaryimage","url":"https:\/\/vestpetproducts.com\/wp-content\/uploads\/2025\/07\/FTC-007-01.jpg","contentUrl":"https:\/\/vestpetproducts.com\/wp-content\/uploads\/2025\/07\/FTC-007-01.jpg","width":"1000","height":"1000"},{"@type":"BreadcrumbList","@id":"https:\/\/vestpetproducts.com\/product\/wholesale-cat-trees-tower-tree-house-new-cute-luxury-high-quality-large-pet-cat-climbing-frame-cat-tree\/#breadcrumb","itemListElement":[{"@type":"ListItem","position":1,"name":"\u9996\u9875","item":"https:\/\/vestpetproducts.com\/"},{"@type":"ListItem","position":2,"name":"Product","item":"https:\/\/vestpetproducts.com\/product\/"},{"@type":"ListItem","position":3,"name":"Wholesale Cat Trees Tower Tree House New Cute Luxury High Quality Large Pet Cat Climbing Frame Cat Tree"}]},{"@type":"WebSite","@id":"https:\/\/vestpetproducts.com\/#website","url":"https:\/\/vestpetproducts.com\/","name":"Shandong Vest International Trade Co., Ltd.","description":"Shandong Vest International Trade Co., Ltd.","potentialAction":[{"@type":"SearchAction","target":{"@type":"EntryPoint","urlTemplate":"https:\/\/vestpetproducts.com\/?s={search_term_string}"},"query-input":{"@type":"PropertyValueSpecification","valueRequired":true,"valueName":"search_term_string"}}],"inLanguage":"pt-PT"}]}},"_links":{"self":[{"href":"https:\/\/vestpetproducts.com\/pt\/wp-json\/wp\/v2\/product\/1237","targetHints":{"allow":["GET"]}}],"collection":[{"href":"https:\/\/vestpetproducts.com\/pt\/wp-json\/wp\/v2\/product"}],"about":[{"href":"https:\/\/vestpetproducts.com\/pt\/wp-json\/wp\/v2\/types\/product"}],"wp:featuredmedia":[{"embeddable":true,"href":"https:\/\/vestpetproducts.com\/pt\/wp-json\/wp\/v2\/media\/1239"}],"wp:attachment":[{"href":"https:\/\/vestpetproducts.com\/pt\/wp-json\/wp\/v2\/media?parent=1237"}],"wp:term":[{"taxonomy":"product_brand","embeddable":true,"href":"https:\/\/vestpetproducts.com\/pt\/wp-json\/wp\/v2\/product_brand?post=1237"},{"taxonomy":"product_cat","embeddable":true,"href":"https:\/\/vestpetproducts.com\/pt\/wp-json\/wp\/v2\/product_cat?post=1237"},{"taxonomy":"product_tag","embeddable":true,"href":"https:\/\/vestpetproducts.com\/pt\/wp-json\/wp\/v2\/product_tag?post=1237"}],"curies":[{"name":"wp","href":"https:\/\/api.w.org\/{rel}","templated":true}]}}