{"id":1178,"date":"2025-07-23T01:56:51","date_gmt":"2025-07-23T01:56:51","guid":{"rendered":"https:\/\/vestpetproducts.com\/?post_type=product&#038;p=1178"},"modified":"2025-08-04T07:58:28","modified_gmt":"2025-08-04T07:58:28","slug":"modern-multi-level-large-real-solid-wood-cat-tree-luxury-wooden-cat-tower-cat-condo-with-multi-layer-platform","status":"publish","type":"product","link":"https:\/\/vestpetproducts.com\/pt\/produto\/modern-multi-level-large-real-solid-wood-cat-tree-luxury-wooden-cat-tower-cat-condo-with-multi-layer-platform\/","title":{"rendered":"\u00c1rvore para gatos moderna, grande, de madeira maci\u00e7a, com v\u00e1rios n\u00edveis, torre de madeira luxuosa para gatos, condom\u00ednio para gatos com plataforma multicamadas"},"content":{"rendered":"<p><img loading=\"lazy\" decoding=\"async\" class=\"aligncenter size-full wp-image-1188\" src=\"http:\/\/vestpetproducts.com\/wp-content\/uploads\/2025\/07\/CTS-001\u82f1_01.jpg\" alt=\"\" width=\"1000\" height=\"1597\" srcset=\"https:\/\/vestpetproducts.com\/wp-content\/uploads\/2025\/07\/CTS-001\u82f1_01.jpg 1000w, https:\/\/vestpetproducts.com\/wp-content\/uploads\/2025\/07\/CTS-001\u82f1_01-313x500.jpg 313w, https:\/\/vestpetproducts.com\/wp-content\/uploads\/2025\/07\/CTS-001\u82f1_01-751x1200.jpg 751w, https:\/\/vestpetproducts.com\/wp-content\/uploads\/2025\/07\/CTS-001\u82f1_01-188x300.jpg 188w, https:\/\/vestpetproducts.com\/wp-content\/uploads\/2025\/07\/CTS-001\u82f1_01-768x1226.jpg 768w, https:\/\/vestpetproducts.com\/wp-content\/uploads\/2025\/07\/CTS-001\u82f1_01-962x1536.jpg 962w, https:\/\/vestpetproducts.com\/wp-content\/uploads\/2025\/07\/CTS-001\u82f1_01-8x12.jpg 8w, https:\/\/vestpetproducts.com\/wp-content\/uploads\/2025\/07\/CTS-001\u82f1_01-47x75.jpg 47w, https:\/\/vestpetproducts.com\/wp-content\/uploads\/2025\/07\/CTS-001\u82f1_01-480x767.jpg 480w, https:\/\/vestpetproducts.com\/wp-content\/uploads\/2025\/07\/CTS-001\u82f1_01-800x1278.jpg 800w\" sizes=\"auto, (max-width:767px) 480px, (max-width:1000px) 100vw, 1000px\" \/> <img loading=\"lazy\" decoding=\"async\" class=\"aligncenter size-full wp-image-1189\" src=\"http:\/\/vestpetproducts.com\/wp-content\/uploads\/2025\/07\/CTS-001\u82f1_02.jpg\" alt=\"\" width=\"1000\" height=\"948\" srcset=\"https:\/\/vestpetproducts.com\/wp-content\/uploads\/2025\/07\/CTS-001\u82f1_02.jpg 1000w, https:\/\/vestpetproducts.com\/wp-content\/uploads\/2025\/07\/CTS-001\u82f1_02-500x474.jpg 500w, https:\/\/vestpetproducts.com\/wp-content\/uploads\/2025\/07\/CTS-001\u82f1_02-300x284.jpg 300w, https:\/\/vestpetproducts.com\/wp-content\/uploads\/2025\/07\/CTS-001\u82f1_02-768x728.jpg 768w, https:\/\/vestpetproducts.com\/wp-content\/uploads\/2025\/07\/CTS-001\u82f1_02-13x12.jpg 13w, https:\/\/vestpetproducts.com\/wp-content\/uploads\/2025\/07\/CTS-001\u82f1_02-79x75.jpg 79w, https:\/\/vestpetproducts.com\/wp-content\/uploads\/2025\/07\/CTS-001\u82f1_02-480x455.jpg 480w, https:\/\/vestpetproducts.com\/wp-content\/uploads\/2025\/07\/CTS-001\u82f1_02-800x758.jpg 800w\" sizes=\"auto, (max-width:767px) 480px, (max-width:1000px) 100vw, 1000px\" \/> <img loading=\"lazy\" decoding=\"async\" class=\"aligncenter size-full wp-image-1190\" src=\"http:\/\/vestpetproducts.com\/wp-content\/uploads\/2025\/07\/CTS-001\u82f1_03.jpg\" alt=\"\" width=\"1000\" height=\"1590\" srcset=\"https:\/\/vestpetproducts.com\/wp-content\/uploads\/2025\/07\/CTS-001\u82f1_03.jpg 1000w, https:\/\/vestpetproducts.com\/wp-content\/uploads\/2025\/07\/CTS-001\u82f1_03-314x500.jpg 314w, https:\/\/vestpetproducts.com\/wp-content\/uploads\/2025\/07\/CTS-001\u82f1_03-755x1200.jpg 755w, https:\/\/vestpetproducts.com\/wp-content\/uploads\/2025\/07\/CTS-001\u82f1_03-189x300.jpg 189w, https:\/\/vestpetproducts.com\/wp-content\/uploads\/2025\/07\/CTS-001\u82f1_03-768x1221.jpg 768w, https:\/\/vestpetproducts.com\/wp-content\/uploads\/2025\/07\/CTS-001\u82f1_03-966x1536.jpg 966w, https:\/\/vestpetproducts.com\/wp-content\/uploads\/2025\/07\/CTS-001\u82f1_03-8x12.jpg 8w, https:\/\/vestpetproducts.com\/wp-content\/uploads\/2025\/07\/CTS-001\u82f1_03-47x75.jpg 47w, https:\/\/vestpetproducts.com\/wp-content\/uploads\/2025\/07\/CTS-001\u82f1_03-480x763.jpg 480w, https:\/\/vestpetproducts.com\/wp-content\/uploads\/2025\/07\/CTS-001\u82f1_03-800x1272.jpg 800w\" sizes=\"auto, (max-width:767px) 480px, (max-width:1000px) 100vw, 1000px\" \/> <img loading=\"lazy\" decoding=\"async\" class=\"aligncenter size-full wp-image-1191\" src=\"http:\/\/vestpetproducts.com\/wp-content\/uploads\/2025\/07\/CTS-001\u82f1_04.jpg\" alt=\"\" width=\"1000\" height=\"1632\" srcset=\"https:\/\/vestpetproducts.com\/wp-content\/uploads\/2025\/07\/CTS-001\u82f1_04.jpg 1000w, https:\/\/vestpetproducts.com\/wp-content\/uploads\/2025\/07\/CTS-001\u82f1_04-306x500.jpg 306w, https:\/\/vestpetproducts.com\/wp-content\/uploads\/2025\/07\/CTS-001\u82f1_04-735x1200.jpg 735w, https:\/\/vestpetproducts.com\/wp-content\/uploads\/2025\/07\/CTS-001\u82f1_04-184x300.jpg 184w, https:\/\/vestpetproducts.com\/wp-content\/uploads\/2025\/07\/CTS-001\u82f1_04-768x1253.jpg 768w, https:\/\/vestpetproducts.com\/wp-content\/uploads\/2025\/07\/CTS-001\u82f1_04-941x1536.jpg 941w, https:\/\/vestpetproducts.com\/wp-content\/uploads\/2025\/07\/CTS-001\u82f1_04-7x12.jpg 7w, https:\/\/vestpetproducts.com\/wp-content\/uploads\/2025\/07\/CTS-001\u82f1_04-46x75.jpg 46w, https:\/\/vestpetproducts.com\/wp-content\/uploads\/2025\/07\/CTS-001\u82f1_04-480x783.jpg 480w, https:\/\/vestpetproducts.com\/wp-content\/uploads\/2025\/07\/CTS-001\u82f1_04-800x1306.jpg 800w\" sizes=\"auto, (max-width:767px) 480px, (max-width:1000px) 100vw, 1000px\" \/> <img loading=\"lazy\" decoding=\"async\" class=\"aligncenter size-full wp-image-1192\" src=\"http:\/\/vestpetproducts.com\/wp-content\/uploads\/2025\/07\/CTS-001\u82f1_05.jpg\" alt=\"\" width=\"1000\" height=\"1297\" srcset=\"https:\/\/vestpetproducts.com\/wp-content\/uploads\/2025\/07\/CTS-001\u82f1_05.jpg 1000w, https:\/\/vestpetproducts.com\/wp-content\/uploads\/2025\/07\/CTS-001\u82f1_05-386x500.jpg 386w, https:\/\/vestpetproducts.com\/wp-content\/uploads\/2025\/07\/CTS-001\u82f1_05-925x1200.jpg 925w, https:\/\/vestpetproducts.com\/wp-content\/uploads\/2025\/07\/CTS-001\u82f1_05-231x300.jpg 231w, https:\/\/vestpetproducts.com\/wp-content\/uploads\/2025\/07\/CTS-001\u82f1_05-768x996.jpg 768w, https:\/\/vestpetproducts.com\/wp-content\/uploads\/2025\/07\/CTS-001\u82f1_05-9x12.jpg 9w, https:\/\/vestpetproducts.com\/wp-content\/uploads\/2025\/07\/CTS-001\u82f1_05-58x75.jpg 58w, https:\/\/vestpetproducts.com\/wp-content\/uploads\/2025\/07\/CTS-001\u82f1_05-480x623.jpg 480w, https:\/\/vestpetproducts.com\/wp-content\/uploads\/2025\/07\/CTS-001\u82f1_05-800x1038.jpg 800w\" sizes=\"auto, (max-width:767px) 480px, (max-width:1000px) 100vw, 1000px\" \/> <img loading=\"lazy\" decoding=\"async\" class=\"aligncenter size-full wp-image-1193\" src=\"http:\/\/vestpetproducts.com\/wp-content\/uploads\/2025\/07\/CTS-001\u82f1_06.jpg\" alt=\"\" width=\"1000\" height=\"2065\" srcset=\"https:\/\/vestpetproducts.com\/wp-content\/uploads\/2025\/07\/CTS-001\u82f1_06.jpg 1000w, https:\/\/vestpetproducts.com\/wp-content\/uploads\/2025\/07\/CTS-001\u82f1_06-242x500.jpg 242w, https:\/\/vestpetproducts.com\/wp-content\/uploads\/2025\/07\/CTS-001\u82f1_06-581x1200.jpg 581w, https:\/\/vestpetproducts.com\/wp-content\/uploads\/2025\/07\/CTS-001\u82f1_06-145x300.jpg 145w, https:\/\/vestpetproducts.com\/wp-content\/uploads\/2025\/07\/CTS-001\u82f1_06-768x1586.jpg 768w, https:\/\/vestpetproducts.com\/wp-content\/uploads\/2025\/07\/CTS-001\u82f1_06-744x1536.jpg 744w, https:\/\/vestpetproducts.com\/wp-content\/uploads\/2025\/07\/CTS-001\u82f1_06-992x2048.jpg 992w, https:\/\/vestpetproducts.com\/wp-content\/uploads\/2025\/07\/CTS-001\u82f1_06-6x12.jpg 6w, https:\/\/vestpetproducts.com\/wp-content\/uploads\/2025\/07\/CTS-001\u82f1_06-36x75.jpg 36w, https:\/\/vestpetproducts.com\/wp-content\/uploads\/2025\/07\/CTS-001\u82f1_06-465x960.jpg 465w, https:\/\/vestpetproducts.com\/wp-content\/uploads\/2025\/07\/CTS-001\u82f1_06-800x1652.jpg 800w\" sizes=\"auto, (max-width:767px) 480px, (max-width:1000px) 100vw, 1000px\" \/> <img loading=\"lazy\" decoding=\"async\" class=\"aligncenter size-full wp-image-1194\" src=\"http:\/\/vestpetproducts.com\/wp-content\/uploads\/2025\/07\/CTS-001\u82f1_07.jpg\" alt=\"\" width=\"1000\" height=\"1991\" srcset=\"https:\/\/vestpetproducts.com\/wp-content\/uploads\/2025\/07\/CTS-001\u82f1_07.jpg 1000w, https:\/\/vestpetproducts.com\/wp-content\/uploads\/2025\/07\/CTS-001\u82f1_07-251x500.jpg 251w, https:\/\/vestpetproducts.com\/wp-content\/uploads\/2025\/07\/CTS-001\u82f1_07-603x1200.jpg 603w, https:\/\/vestpetproducts.com\/wp-content\/uploads\/2025\/07\/CTS-001\u82f1_07-151x300.jpg 151w, https:\/\/vestpetproducts.com\/wp-content\/uploads\/2025\/07\/CTS-001\u82f1_07-768x1529.jpg 768w, https:\/\/vestpetproducts.com\/wp-content\/uploads\/2025\/07\/CTS-001\u82f1_07-771x1536.jpg 771w, https:\/\/vestpetproducts.com\/wp-content\/uploads\/2025\/07\/CTS-001\u82f1_07-6x12.jpg 6w, https:\/\/vestpetproducts.com\/wp-content\/uploads\/2025\/07\/CTS-001\u82f1_07-38x75.jpg 38w, https:\/\/vestpetproducts.com\/wp-content\/uploads\/2025\/07\/CTS-001\u82f1_07-480x956.jpg 480w, https:\/\/vestpetproducts.com\/wp-content\/uploads\/2025\/07\/CTS-001\u82f1_07-800x1593.jpg 800w\" sizes=\"auto, (max-width:767px) 480px, (max-width:1000px) 100vw, 1000px\" \/> <img loading=\"lazy\" decoding=\"async\" class=\"aligncenter size-full wp-image-1195\" src=\"http:\/\/vestpetproducts.com\/wp-content\/uploads\/2025\/07\/CTS-001\u82f1_08.jpg\" alt=\"\" width=\"1000\" height=\"2003\" srcset=\"https:\/\/vestpetproducts.com\/wp-content\/uploads\/2025\/07\/CTS-001\u82f1_08.jpg 1000w, https:\/\/vestpetproducts.com\/wp-content\/uploads\/2025\/07\/CTS-001\u82f1_08-250x500.jpg 250w, https:\/\/vestpetproducts.com\/wp-content\/uploads\/2025\/07\/CTS-001\u82f1_08-599x1200.jpg 599w, https:\/\/vestpetproducts.com\/wp-content\/uploads\/2025\/07\/CTS-001\u82f1_08-150x300.jpg 150w, https:\/\/vestpetproducts.com\/wp-content\/uploads\/2025\/07\/CTS-001\u82f1_08-768x1538.jpg 768w, https:\/\/vestpetproducts.com\/wp-content\/uploads\/2025\/07\/CTS-001\u82f1_08-767x1536.jpg 767w, https:\/\/vestpetproducts.com\/wp-content\/uploads\/2025\/07\/CTS-001\u82f1_08-6x12.jpg 6w, https:\/\/vestpetproducts.com\/wp-content\/uploads\/2025\/07\/CTS-001\u82f1_08-37x75.jpg 37w, https:\/\/vestpetproducts.com\/wp-content\/uploads\/2025\/07\/CTS-001\u82f1_08-480x960.jpg 480w, https:\/\/vestpetproducts.com\/wp-content\/uploads\/2025\/07\/CTS-001\u82f1_08-800x1602.jpg 800w\" sizes=\"auto, (max-width:767px) 480px, (max-width:1000px) 100vw, 1000px\" \/><\/p>","protected":false},"excerpt":{"rendered":"<p>Tamanho: 99*40*163,5 cm\/38,97*15,75*64,37 polegadas<\/p>\n<p>Feito de madeira maci\u00e7a para maior durabilidade: este arranhador para gatos \u00e9 feito de madeira maci\u00e7a, garantindo uma estrutura robusta e dur\u00e1vel com excelente capacidade de suportar peso. At\u00e9 gatos ativos e brincalh\u00f5es podem aproveit\u00e1-lo ao m\u00e1ximo. Colunas refor\u00e7adas e uma base est\u00e1vel garantem que o arranhador fique firme como uma montanha, para que voc\u00ea n\u00e3o precise se preocupar mesmo quando v\u00e1rios gatos brincam nele ao mesmo tempo.<br \/>\nDesign multifuncional, criando um para\u00edso para gatos: Com uma estrutura de v\u00e1rios n\u00edveis, esta \u00e1rvore para gatos oferece amplo espa\u00e7o para os gatos se movimentarem. De plataformas altas a ninhos aconchegantes e cabines escondidas, cada degrau satisfaz os instintos naturais dos gatos de escalar, se esconder e explorar. Seja pulando, escalando ou descansando, os gatos podem encontrar seu pr\u00f3prio prazer aqui.<br \/>\nDesign elegante, integra-se perfeitamente \u00e0 decora\u00e7\u00e3o da casa: esta estrutura de escalada para gatos apresenta um design elegante e moderno, com um tom de madeira natural que complementa diversos estilos de decora\u00e7\u00e3o. Seja em estilo n\u00f3rdico, japon\u00eas ou industrial, ela se integra perfeitamente ao ambiente dom\u00e9stico, tornando-se um ponto focal \u00fanico na casa.<\/p>","protected":false},"featured_media":1179,"template":"","meta":{"content-type":""},"product_brand":[],"product_cat":[120],"product_tag":[],"class_list":{"0":"post-1178","1":"product","2":"type-product","3":"status-publish","4":"has-post-thumbnail","6":"product_cat-pet-cat-trees","8":"first","9":"instock","10":"shipping-taxable","11":"product-type-simple"},"yoast_head":"<!-- This site is optimized with the Yoast SEO plugin v24.9 - https:\/\/yoast.com\/wordpress\/plugins\/seo\/ -->\n<title>Modern Multi-Level Large Real Solid Wood Cat Tree, Luxury Wooden Cat Tower Cat Condo with Multi-Layer Platform - Shandong Vest International Trade Co., Ltd.<\/title>\n<meta name=\"robots\" content=\"index, follow, max-snippet:-1, max-image-preview:large, max-video-preview:-1\" \/>\n<link rel=\"canonical\" href=\"https:\/\/vestpetproducts.com\/pt\/produto\/modern-multi-level-large-real-solid-wood-cat-tree-luxury-wooden-cat-tower-cat-condo-with-multi-layer-platform\/\" \/>\n<meta property=\"og:locale\" content=\"pt_PT\" \/>\n<meta property=\"og:type\" content=\"article\" \/>\n<meta property=\"og:title\" content=\"Modern Multi-Level Large Real Solid Wood Cat Tree, Luxury Wooden Cat Tower Cat Condo with Multi-Layer Platform - Shandong Vest International Trade Co., Ltd.\" \/>\n<meta property=\"og:description\" content=\"Size:99*40*163.5cm\/38.97*15.75*64.37Inches  Made from solid wood for durability: This cat tree is crafted from solid wood, ensuring a sturdy and durable structure with excellent weight-bearing capacity. Even active and playful cats can enjoy it to the fullest. Reinforced columns and a stable base ensure the cat tree stands as firmly as a mountain, so you don\u2019t have to worry even when multiple cats play on it at the same time. Multi-functional design, creating a paradise for cats: Featuring a multi-tiered structure, this cat tree provides ample space for cats to move around. From high platforms to cosy nests and hidden cabins, every step satisfies a cat&#039;s natural instincts to climb, hide, and explore. Whether jumping, climbing, or resting, cats can find their own enjoyment here. Stylish design, seamlessly integrates into home decor: This cat climbing frame features a sleek, modern design with a natural wood tone that complements various decor styles. Whether it&#039;s Nordic, Japanese, or industrial style, it seamlessly blends into the home environment, becoming a unique focal point in the house.\" \/>\n<meta property=\"og:url\" content=\"https:\/\/vestpetproducts.com\/pt\/produto\/modern-multi-level-large-real-solid-wood-cat-tree-luxury-wooden-cat-tower-cat-condo-with-multi-layer-platform\/\" \/>\n<meta property=\"og:site_name\" content=\"Shandong Vest International Trade Co., Ltd.\" \/>\n<meta property=\"article:modified_time\" content=\"2025-08-04T07:58:28+00:00\" \/>\n<meta property=\"og:image\" content=\"https:\/\/vestpetproducts.com\/wp-content\/uploads\/2025\/07\/CTS-001-01.jpg\" \/>\n\t<meta property=\"og:image:width\" content=\"1000\" \/>\n\t<meta property=\"og:image:height\" content=\"1000\" \/>\n\t<meta property=\"og:image:type\" content=\"image\/jpeg\" \/>\n<meta name=\"twitter:card\" content=\"summary_large_image\" \/>\n<meta name=\"twitter:label1\" content=\"Tempo estimado de leitura\" \/>\n\t<meta name=\"twitter:data1\" content=\"2 minutos\" \/>\n<script type=\"application\/ld+json\" class=\"yoast-schema-graph\">{\"@context\":\"https:\/\/schema.org\",\"@graph\":[{\"@type\":\"WebPage\",\"@id\":\"https:\/\/vestpetproducts.com\/product\/modern-multi-level-large-real-solid-wood-cat-tree-luxury-wooden-cat-tower-cat-condo-with-multi-layer-platform\/\",\"url\":\"https:\/\/vestpetproducts.com\/product\/modern-multi-level-large-real-solid-wood-cat-tree-luxury-wooden-cat-tower-cat-condo-with-multi-layer-platform\/\",\"name\":\"Modern Multi-Level Large Real Solid Wood Cat Tree, Luxury Wooden Cat Tower Cat Condo with Multi-Layer Platform - Shandong Vest International Trade Co., Ltd.\",\"isPartOf\":{\"@id\":\"https:\/\/vestpetproducts.com\/#website\"},\"primaryImageOfPage\":{\"@id\":\"https:\/\/vestpetproducts.com\/product\/modern-multi-level-large-real-solid-wood-cat-tree-luxury-wooden-cat-tower-cat-condo-with-multi-layer-platform\/#primaryimage\"},\"image\":{\"@id\":\"https:\/\/vestpetproducts.com\/product\/modern-multi-level-large-real-solid-wood-cat-tree-luxury-wooden-cat-tower-cat-condo-with-multi-layer-platform\/#primaryimage\"},\"thumbnailUrl\":\"https:\/\/vestpetproducts.com\/wp-content\/uploads\/2025\/07\/CTS-001-01.jpg\",\"datePublished\":\"2025-07-23T01:56:51+00:00\",\"dateModified\":\"2025-08-04T07:58:28+00:00\",\"breadcrumb\":{\"@id\":\"https:\/\/vestpetproducts.com\/product\/modern-multi-level-large-real-solid-wood-cat-tree-luxury-wooden-cat-tower-cat-condo-with-multi-layer-platform\/#breadcrumb\"},\"inLanguage\":\"pt-PT\",\"potentialAction\":[{\"@type\":\"ReadAction\",\"target\":[\"https:\/\/vestpetproducts.com\/product\/modern-multi-level-large-real-solid-wood-cat-tree-luxury-wooden-cat-tower-cat-condo-with-multi-layer-platform\/\"]}]},{\"@type\":\"ImageObject\",\"inLanguage\":\"pt-PT\",\"@id\":\"https:\/\/vestpetproducts.com\/product\/modern-multi-level-large-real-solid-wood-cat-tree-luxury-wooden-cat-tower-cat-condo-with-multi-layer-platform\/#primaryimage\",\"url\":\"https:\/\/vestpetproducts.com\/wp-content\/uploads\/2025\/07\/CTS-001-01.jpg\",\"contentUrl\":\"https:\/\/vestpetproducts.com\/wp-content\/uploads\/2025\/07\/CTS-001-01.jpg\",\"width\":1000,\"height\":1000},{\"@type\":\"BreadcrumbList\",\"@id\":\"https:\/\/vestpetproducts.com\/product\/modern-multi-level-large-real-solid-wood-cat-tree-luxury-wooden-cat-tower-cat-condo-with-multi-layer-platform\/#breadcrumb\",\"itemListElement\":[{\"@type\":\"ListItem\",\"position\":1,\"name\":\"\u9996\u9875\",\"item\":\"https:\/\/vestpetproducts.com\/\"},{\"@type\":\"ListItem\",\"position\":2,\"name\":\"Product\",\"item\":\"https:\/\/vestpetproducts.com\/product\/\"},{\"@type\":\"ListItem\",\"position\":3,\"name\":\"Modern Multi-Level Large Real Solid Wood Cat Tree, Luxury Wooden Cat Tower Cat Condo with Multi-Layer Platform\"}]},{\"@type\":\"WebSite\",\"@id\":\"https:\/\/vestpetproducts.com\/#website\",\"url\":\"https:\/\/vestpetproducts.com\/\",\"name\":\"Shandong Vest International Trade Co., Ltd.\",\"description\":\"Shandong Vest International Trade Co., Ltd.\",\"potentialAction\":[{\"@type\":\"SearchAction\",\"target\":{\"@type\":\"EntryPoint\",\"urlTemplate\":\"https:\/\/vestpetproducts.com\/?s={search_term_string}\"},\"query-input\":{\"@type\":\"PropertyValueSpecification\",\"valueRequired\":true,\"valueName\":\"search_term_string\"}}],\"inLanguage\":\"pt-PT\"}]}<\/script>\n<!-- \/ Yoast SEO plugin. -->","yoast_head_json":{"title":"Modern Multi-Level Large Real Solid Wood Cat Tree, Luxury Wooden Cat Tower Cat Condo with Multi-Layer Platform - Shandong Vest International Trade Co., Ltd.","robots":{"index":"index","follow":"follow","max-snippet":"max-snippet:-1","max-image-preview":"max-image-preview:large","max-video-preview":"max-video-preview:-1"},"canonical":"https:\/\/vestpetproducts.com\/pt\/produto\/modern-multi-level-large-real-solid-wood-cat-tree-luxury-wooden-cat-tower-cat-condo-with-multi-layer-platform\/","og_locale":"pt_PT","og_type":"article","og_title":"Modern Multi-Level Large Real Solid Wood Cat Tree, Luxury Wooden Cat Tower Cat Condo with Multi-Layer Platform - Shandong Vest International Trade Co., Ltd.","og_description":"Size:99*40*163.5cm\/38.97*15.75*64.37Inches  Made from solid wood for durability: This cat tree is crafted from solid wood, ensuring a sturdy and durable structure with excellent weight-bearing capacity. Even active and playful cats can enjoy it to the fullest. Reinforced columns and a stable base ensure the cat tree stands as firmly as a mountain, so you don\u2019t have to worry even when multiple cats play on it at the same time. Multi-functional design, creating a paradise for cats: Featuring a multi-tiered structure, this cat tree provides ample space for cats to move around. From high platforms to cosy nests and hidden cabins, every step satisfies a cat's natural instincts to climb, hide, and explore. Whether jumping, climbing, or resting, cats can find their own enjoyment here. Stylish design, seamlessly integrates into home decor: This cat climbing frame features a sleek, modern design with a natural wood tone that complements various decor styles. Whether it's Nordic, Japanese, or industrial style, it seamlessly blends into the home environment, becoming a unique focal point in the house.","og_url":"https:\/\/vestpetproducts.com\/pt\/produto\/modern-multi-level-large-real-solid-wood-cat-tree-luxury-wooden-cat-tower-cat-condo-with-multi-layer-platform\/","og_site_name":"Shandong Vest International Trade Co., Ltd.","article_modified_time":"2025-08-04T07:58:28+00:00","og_image":[{"width":1000,"height":1000,"url":"https:\/\/vestpetproducts.com\/wp-content\/uploads\/2025\/07\/CTS-001-01.jpg","type":"image\/jpeg"}],"twitter_card":"summary_large_image","twitter_misc":{"Tempo estimado de leitura":"2 minutos"},"schema":{"@context":"https:\/\/schema.org","@graph":[{"@type":"WebPage","@id":"https:\/\/vestpetproducts.com\/product\/modern-multi-level-large-real-solid-wood-cat-tree-luxury-wooden-cat-tower-cat-condo-with-multi-layer-platform\/","url":"https:\/\/vestpetproducts.com\/product\/modern-multi-level-large-real-solid-wood-cat-tree-luxury-wooden-cat-tower-cat-condo-with-multi-layer-platform\/","name":"Modern Multi-Level Large Real Solid Wood Cat Tree, Luxury Wooden Cat Tower Cat Condo with Multi-Layer Platform - Shandong Vest International Trade Co., Ltd.","isPartOf":{"@id":"https:\/\/vestpetproducts.com\/#website"},"primaryImageOfPage":{"@id":"https:\/\/vestpetproducts.com\/product\/modern-multi-level-large-real-solid-wood-cat-tree-luxury-wooden-cat-tower-cat-condo-with-multi-layer-platform\/#primaryimage"},"image":{"@id":"https:\/\/vestpetproducts.com\/product\/modern-multi-level-large-real-solid-wood-cat-tree-luxury-wooden-cat-tower-cat-condo-with-multi-layer-platform\/#primaryimage"},"thumbnailUrl":"https:\/\/vestpetproducts.com\/wp-content\/uploads\/2025\/07\/CTS-001-01.jpg","datePublished":"2025-07-23T01:56:51+00:00","dateModified":"2025-08-04T07:58:28+00:00","breadcrumb":{"@id":"https:\/\/vestpetproducts.com\/product\/modern-multi-level-large-real-solid-wood-cat-tree-luxury-wooden-cat-tower-cat-condo-with-multi-layer-platform\/#breadcrumb"},"inLanguage":"pt-PT","potentialAction":[{"@type":"ReadAction","target":["https:\/\/vestpetproducts.com\/product\/modern-multi-level-large-real-solid-wood-cat-tree-luxury-wooden-cat-tower-cat-condo-with-multi-layer-platform\/"]}]},{"@type":"ImageObject","inLanguage":"pt-PT","@id":"https:\/\/vestpetproducts.com\/product\/modern-multi-level-large-real-solid-wood-cat-tree-luxury-wooden-cat-tower-cat-condo-with-multi-layer-platform\/#primaryimage","url":"https:\/\/vestpetproducts.com\/wp-content\/uploads\/2025\/07\/CTS-001-01.jpg","contentUrl":"https:\/\/vestpetproducts.com\/wp-content\/uploads\/2025\/07\/CTS-001-01.jpg","width":1000,"height":1000},{"@type":"BreadcrumbList","@id":"https:\/\/vestpetproducts.com\/product\/modern-multi-level-large-real-solid-wood-cat-tree-luxury-wooden-cat-tower-cat-condo-with-multi-layer-platform\/#breadcrumb","itemListElement":[{"@type":"ListItem","position":1,"name":"\u9996\u9875","item":"https:\/\/vestpetproducts.com\/"},{"@type":"ListItem","position":2,"name":"Product","item":"https:\/\/vestpetproducts.com\/product\/"},{"@type":"ListItem","position":3,"name":"Modern Multi-Level Large Real Solid Wood Cat Tree, Luxury Wooden Cat Tower Cat Condo with Multi-Layer Platform"}]},{"@type":"WebSite","@id":"https:\/\/vestpetproducts.com\/#website","url":"https:\/\/vestpetproducts.com\/","name":"Shandong Vest International Trade Co., Ltd.","description":"Shandong Vest International Trade Co., Ltd.","potentialAction":[{"@type":"SearchAction","target":{"@type":"EntryPoint","urlTemplate":"https:\/\/vestpetproducts.com\/?s={search_term_string}"},"query-input":{"@type":"PropertyValueSpecification","valueRequired":true,"valueName":"search_term_string"}}],"inLanguage":"pt-PT"}]}},"_links":{"self":[{"href":"https:\/\/vestpetproducts.com\/pt\/wp-json\/wp\/v2\/product\/1178","targetHints":{"allow":["GET"]}}],"collection":[{"href":"https:\/\/vestpetproducts.com\/pt\/wp-json\/wp\/v2\/product"}],"about":[{"href":"https:\/\/vestpetproducts.com\/pt\/wp-json\/wp\/v2\/types\/product"}],"wp:featuredmedia":[{"embeddable":true,"href":"https:\/\/vestpetproducts.com\/pt\/wp-json\/wp\/v2\/media\/1179"}],"wp:attachment":[{"href":"https:\/\/vestpetproducts.com\/pt\/wp-json\/wp\/v2\/media?parent=1178"}],"wp:term":[{"taxonomy":"product_brand","embeddable":true,"href":"https:\/\/vestpetproducts.com\/pt\/wp-json\/wp\/v2\/product_brand?post=1178"},{"taxonomy":"product_cat","embeddable":true,"href":"https:\/\/vestpetproducts.com\/pt\/wp-json\/wp\/v2\/product_cat?post=1178"},{"taxonomy":"product_tag","embeddable":true,"href":"https:\/\/vestpetproducts.com\/pt\/wp-json\/wp\/v2\/product_tag?post=1178"}],"curies":[{"name":"wp","href":"https:\/\/api.w.org\/{rel}","templated":true}]}}