{"id":1107,"date":"2025-07-22T08:59:51","date_gmt":"2025-07-22T08:59:51","guid":{"rendered":"https:\/\/vestpetproducts.com\/?post_type=product&#038;p=1107"},"modified":"2025-08-04T08:15:51","modified_gmt":"2025-08-04T08:15:51","slug":"factory-sisal-cat-climbing-frame-wooden-pet-scratching-post","status":"publish","type":"product","link":"https:\/\/vestpetproducts.com\/pt\/produto\/factory-sisal-cat-climbing-frame-wooden-pet-scratching-post\/","title":{"rendered":"Estrutura de escalada para gatos de sisal de f\u00e1brica, poste de arranhar de madeira para animais de estima\u00e7\u00e3o"},"content":{"rendered":"<p><img loading=\"lazy\" decoding=\"async\" class=\"aligncenter size-full wp-image-1111\" src=\"http:\/\/vestpetproducts.com\/wp-content\/uploads\/2025\/07\/CT-002-\u82f1\u6587_01.jpg\" alt=\"\" width=\"1000\" height=\"1629\" srcset=\"https:\/\/vestpetproducts.com\/wp-content\/uploads\/2025\/07\/CT-002-\u82f1\u6587_01.jpg 1000w, https:\/\/vestpetproducts.com\/wp-content\/uploads\/2025\/07\/CT-002-\u82f1\u6587_01-307x500.jpg 307w, https:\/\/vestpetproducts.com\/wp-content\/uploads\/2025\/07\/CT-002-\u82f1\u6587_01-737x1200.jpg 737w, https:\/\/vestpetproducts.com\/wp-content\/uploads\/2025\/07\/CT-002-\u82f1\u6587_01-184x300.jpg 184w, https:\/\/vestpetproducts.com\/wp-content\/uploads\/2025\/07\/CT-002-\u82f1\u6587_01-768x1251.jpg 768w, https:\/\/vestpetproducts.com\/wp-content\/uploads\/2025\/07\/CT-002-\u82f1\u6587_01-943x1536.jpg 943w, https:\/\/vestpetproducts.com\/wp-content\/uploads\/2025\/07\/CT-002-\u82f1\u6587_01-7x12.jpg 7w, https:\/\/vestpetproducts.com\/wp-content\/uploads\/2025\/07\/CT-002-\u82f1\u6587_01-46x75.jpg 46w, https:\/\/vestpetproducts.com\/wp-content\/uploads\/2025\/07\/CT-002-\u82f1\u6587_01-480x782.jpg 480w, https:\/\/vestpetproducts.com\/wp-content\/uploads\/2025\/07\/CT-002-\u82f1\u6587_01-800x1303.jpg 800w\" sizes=\"auto, (max-width:767px) 480px, (max-width:1000px) 100vw, 1000px\" \/><img loading=\"lazy\" decoding=\"async\" class=\"aligncenter size-full wp-image-1112\" src=\"http:\/\/vestpetproducts.com\/wp-content\/uploads\/2025\/07\/CT-002-\u82f1\u6587_02.jpg\" alt=\"\" width=\"1000\" height=\"1361\" srcset=\"https:\/\/vestpetproducts.com\/wp-content\/uploads\/2025\/07\/CT-002-\u82f1\u6587_02.jpg 1000w, https:\/\/vestpetproducts.com\/wp-content\/uploads\/2025\/07\/CT-002-\u82f1\u6587_02-367x500.jpg 367w, https:\/\/vestpetproducts.com\/wp-content\/uploads\/2025\/07\/CT-002-\u82f1\u6587_02-882x1200.jpg 882w, https:\/\/vestpetproducts.com\/wp-content\/uploads\/2025\/07\/CT-002-\u82f1\u6587_02-220x300.jpg 220w, https:\/\/vestpetproducts.com\/wp-content\/uploads\/2025\/07\/CT-002-\u82f1\u6587_02-768x1045.jpg 768w, https:\/\/vestpetproducts.com\/wp-content\/uploads\/2025\/07\/CT-002-\u82f1\u6587_02-9x12.jpg 9w, https:\/\/vestpetproducts.com\/wp-content\/uploads\/2025\/07\/CT-002-\u82f1\u6587_02-55x75.jpg 55w, https:\/\/vestpetproducts.com\/wp-content\/uploads\/2025\/07\/CT-002-\u82f1\u6587_02-480x653.jpg 480w, https:\/\/vestpetproducts.com\/wp-content\/uploads\/2025\/07\/CT-002-\u82f1\u6587_02-800x1089.jpg 800w\" sizes=\"auto, (max-width:767px) 480px, (max-width:1000px) 100vw, 1000px\" \/><img loading=\"lazy\" decoding=\"async\" class=\"aligncenter size-full wp-image-1113\" src=\"http:\/\/vestpetproducts.com\/wp-content\/uploads\/2025\/07\/CT-002-\u82f1\u6587_03.jpg\" alt=\"\" width=\"1000\" height=\"1414\" srcset=\"https:\/\/vestpetproducts.com\/wp-content\/uploads\/2025\/07\/CT-002-\u82f1\u6587_03.jpg 1000w, https:\/\/vestpetproducts.com\/wp-content\/uploads\/2025\/07\/CT-002-\u82f1\u6587_03-354x500.jpg 354w, https:\/\/vestpetproducts.com\/wp-content\/uploads\/2025\/07\/CT-002-\u82f1\u6587_03-849x1200.jpg 849w, https:\/\/vestpetproducts.com\/wp-content\/uploads\/2025\/07\/CT-002-\u82f1\u6587_03-212x300.jpg 212w, https:\/\/vestpetproducts.com\/wp-content\/uploads\/2025\/07\/CT-002-\u82f1\u6587_03-768x1086.jpg 768w, https:\/\/vestpetproducts.com\/wp-content\/uploads\/2025\/07\/CT-002-\u82f1\u6587_03-8x12.jpg 8w, https:\/\/vestpetproducts.com\/wp-content\/uploads\/2025\/07\/CT-002-\u82f1\u6587_03-53x75.jpg 53w, https:\/\/vestpetproducts.com\/wp-content\/uploads\/2025\/07\/CT-002-\u82f1\u6587_03-480x679.jpg 480w, https:\/\/vestpetproducts.com\/wp-content\/uploads\/2025\/07\/CT-002-\u82f1\u6587_03-800x1131.jpg 800w\" sizes=\"auto, (max-width:767px) 480px, (max-width:1000px) 100vw, 1000px\" \/><img loading=\"lazy\" decoding=\"async\" class=\"aligncenter size-full wp-image-1114\" src=\"http:\/\/vestpetproducts.com\/wp-content\/uploads\/2025\/07\/CT-002-\u82f1\u6587_04.jpg\" alt=\"\" width=\"1000\" height=\"1500\" srcset=\"https:\/\/vestpetproducts.com\/wp-content\/uploads\/2025\/07\/CT-002-\u82f1\u6587_04.jpg 1000w, https:\/\/vestpetproducts.com\/wp-content\/uploads\/2025\/07\/CT-002-\u82f1\u6587_04-333x500.jpg 333w, https:\/\/vestpetproducts.com\/wp-content\/uploads\/2025\/07\/CT-002-\u82f1\u6587_04-800x1200.jpg 800w, https:\/\/vestpetproducts.com\/wp-content\/uploads\/2025\/07\/CT-002-\u82f1\u6587_04-200x300.jpg 200w, https:\/\/vestpetproducts.com\/wp-content\/uploads\/2025\/07\/CT-002-\u82f1\u6587_04-768x1152.jpg 768w, https:\/\/vestpetproducts.com\/wp-content\/uploads\/2025\/07\/CT-002-\u82f1\u6587_04-8x12.jpg 8w, https:\/\/vestpetproducts.com\/wp-content\/uploads\/2025\/07\/CT-002-\u82f1\u6587_04-50x75.jpg 50w, https:\/\/vestpetproducts.com\/wp-content\/uploads\/2025\/07\/CT-002-\u82f1\u6587_04-480x720.jpg 480w\" sizes=\"auto, (max-width:767px) 480px, (max-width:1000px) 100vw, 1000px\" \/><img loading=\"lazy\" decoding=\"async\" class=\"aligncenter size-full wp-image-1115\" src=\"http:\/\/vestpetproducts.com\/wp-content\/uploads\/2025\/07\/CT-002-\u82f1\u6587_05.jpg\" alt=\"\" width=\"1000\" height=\"1165\" srcset=\"https:\/\/vestpetproducts.com\/wp-content\/uploads\/2025\/07\/CT-002-\u82f1\u6587_05.jpg 1000w, https:\/\/vestpetproducts.com\/wp-content\/uploads\/2025\/07\/CT-002-\u82f1\u6587_05-429x500.jpg 429w, https:\/\/vestpetproducts.com\/wp-content\/uploads\/2025\/07\/CT-002-\u82f1\u6587_05-258x300.jpg 258w, https:\/\/vestpetproducts.com\/wp-content\/uploads\/2025\/07\/CT-002-\u82f1\u6587_05-768x895.jpg 768w, https:\/\/vestpetproducts.com\/wp-content\/uploads\/2025\/07\/CT-002-\u82f1\u6587_05-10x12.jpg 10w, https:\/\/vestpetproducts.com\/wp-content\/uploads\/2025\/07\/CT-002-\u82f1\u6587_05-64x75.jpg 64w, https:\/\/vestpetproducts.com\/wp-content\/uploads\/2025\/07\/CT-002-\u82f1\u6587_05-480x559.jpg 480w, https:\/\/vestpetproducts.com\/wp-content\/uploads\/2025\/07\/CT-002-\u82f1\u6587_05-800x932.jpg 800w\" sizes=\"auto, (max-width:767px) 480px, (max-width:1000px) 100vw, 1000px\" \/><img loading=\"lazy\" decoding=\"async\" class=\"aligncenter size-full wp-image-1116\" src=\"http:\/\/vestpetproducts.com\/wp-content\/uploads\/2025\/07\/CT-002-\u82f1\u6587_06.jpg\" alt=\"\" width=\"1000\" height=\"1759\" srcset=\"https:\/\/vestpetproducts.com\/wp-content\/uploads\/2025\/07\/CT-002-\u82f1\u6587_06.jpg 1000w, https:\/\/vestpetproducts.com\/wp-content\/uploads\/2025\/07\/CT-002-\u82f1\u6587_06-284x500.jpg 284w, https:\/\/vestpetproducts.com\/wp-content\/uploads\/2025\/07\/CT-002-\u82f1\u6587_06-682x1200.jpg 682w, https:\/\/vestpetproducts.com\/wp-content\/uploads\/2025\/07\/CT-002-\u82f1\u6587_06-171x300.jpg 171w, https:\/\/vestpetproducts.com\/wp-content\/uploads\/2025\/07\/CT-002-\u82f1\u6587_06-768x1351.jpg 768w, https:\/\/vestpetproducts.com\/wp-content\/uploads\/2025\/07\/CT-002-\u82f1\u6587_06-873x1536.jpg 873w, https:\/\/vestpetproducts.com\/wp-content\/uploads\/2025\/07\/CT-002-\u82f1\u6587_06-7x12.jpg 7w, https:\/\/vestpetproducts.com\/wp-content\/uploads\/2025\/07\/CT-002-\u82f1\u6587_06-43x75.jpg 43w, https:\/\/vestpetproducts.com\/wp-content\/uploads\/2025\/07\/CT-002-\u82f1\u6587_06-480x844.jpg 480w, https:\/\/vestpetproducts.com\/wp-content\/uploads\/2025\/07\/CT-002-\u82f1\u6587_06-800x1407.jpg 800w\" sizes=\"auto, (max-width:767px) 480px, (max-width:1000px) 100vw, 1000px\" \/><img loading=\"lazy\" decoding=\"async\" class=\"aligncenter size-full wp-image-1110\" src=\"http:\/\/vestpetproducts.com\/wp-content\/uploads\/2025\/07\/CT-002-\u82f1\u6587_07.jpg\" alt=\"\" width=\"1000\" height=\"1659\" srcset=\"https:\/\/vestpetproducts.com\/wp-content\/uploads\/2025\/07\/CT-002-\u82f1\u6587_07.jpg 1000w, https:\/\/vestpetproducts.com\/wp-content\/uploads\/2025\/07\/CT-002-\u82f1\u6587_07-301x500.jpg 301w, https:\/\/vestpetproducts.com\/wp-content\/uploads\/2025\/07\/CT-002-\u82f1\u6587_07-723x1200.jpg 723w, https:\/\/vestpetproducts.com\/wp-content\/uploads\/2025\/07\/CT-002-\u82f1\u6587_07-181x300.jpg 181w, https:\/\/vestpetproducts.com\/wp-content\/uploads\/2025\/07\/CT-002-\u82f1\u6587_07-768x1274.jpg 768w, https:\/\/vestpetproducts.com\/wp-content\/uploads\/2025\/07\/CT-002-\u82f1\u6587_07-926x1536.jpg 926w, https:\/\/vestpetproducts.com\/wp-content\/uploads\/2025\/07\/CT-002-\u82f1\u6587_07-7x12.jpg 7w, https:\/\/vestpetproducts.com\/wp-content\/uploads\/2025\/07\/CT-002-\u82f1\u6587_07-45x75.jpg 45w, https:\/\/vestpetproducts.com\/wp-content\/uploads\/2025\/07\/CT-002-\u82f1\u6587_07-480x796.jpg 480w, https:\/\/vestpetproducts.com\/wp-content\/uploads\/2025\/07\/CT-002-\u82f1\u6587_07-800x1327.jpg 800w\" sizes=\"auto, (max-width:767px) 480px, (max-width:1000px) 100vw, 1000px\" \/><img loading=\"lazy\" decoding=\"async\" class=\"aligncenter size-full wp-image-1109\" src=\"http:\/\/vestpetproducts.com\/wp-content\/uploads\/2025\/07\/CT-002-\u82f1\u6587_08.jpg\" alt=\"\" width=\"1000\" height=\"1485\" srcset=\"https:\/\/vestpetproducts.com\/wp-content\/uploads\/2025\/07\/CT-002-\u82f1\u6587_08.jpg 1000w, https:\/\/vestpetproducts.com\/wp-content\/uploads\/2025\/07\/CT-002-\u82f1\u6587_08-337x500.jpg 337w, https:\/\/vestpetproducts.com\/wp-content\/uploads\/2025\/07\/CT-002-\u82f1\u6587_08-808x1200.jpg 808w, https:\/\/vestpetproducts.com\/wp-content\/uploads\/2025\/07\/CT-002-\u82f1\u6587_08-202x300.jpg 202w, https:\/\/vestpetproducts.com\/wp-content\/uploads\/2025\/07\/CT-002-\u82f1\u6587_08-768x1140.jpg 768w, https:\/\/vestpetproducts.com\/wp-content\/uploads\/2025\/07\/CT-002-\u82f1\u6587_08-8x12.jpg 8w, https:\/\/vestpetproducts.com\/wp-content\/uploads\/2025\/07\/CT-002-\u82f1\u6587_08-51x75.jpg 51w, https:\/\/vestpetproducts.com\/wp-content\/uploads\/2025\/07\/CT-002-\u82f1\u6587_08-480x713.jpg 480w, https:\/\/vestpetproducts.com\/wp-content\/uploads\/2025\/07\/CT-002-\u82f1\u6587_08-800x1188.jpg 800w\" sizes=\"auto, (max-width:767px) 480px, (max-width:1000px) 100vw, 1000px\" \/><img loading=\"lazy\" decoding=\"async\" class=\"aligncenter size-full wp-image-1108\" src=\"http:\/\/vestpetproducts.com\/wp-content\/uploads\/2025\/07\/CT-002-\u82f1\u6587_09.jpg\" alt=\"\" width=\"1000\" height=\"862\" srcset=\"https:\/\/vestpetproducts.com\/wp-content\/uploads\/2025\/07\/CT-002-\u82f1\u6587_09.jpg 1000w, https:\/\/vestpetproducts.com\/wp-content\/uploads\/2025\/07\/CT-002-\u82f1\u6587_09-500x431.jpg 500w, https:\/\/vestpetproducts.com\/wp-content\/uploads\/2025\/07\/CT-002-\u82f1\u6587_09-300x259.jpg 300w, https:\/\/vestpetproducts.com\/wp-content\/uploads\/2025\/07\/CT-002-\u82f1\u6587_09-768x662.jpg 768w, https:\/\/vestpetproducts.com\/wp-content\/uploads\/2025\/07\/CT-002-\u82f1\u6587_09-14x12.jpg 14w, https:\/\/vestpetproducts.com\/wp-content\/uploads\/2025\/07\/CT-002-\u82f1\u6587_09-87x75.jpg 87w, https:\/\/vestpetproducts.com\/wp-content\/uploads\/2025\/07\/CT-002-\u82f1\u6587_09-480x414.jpg 480w, https:\/\/vestpetproducts.com\/wp-content\/uploads\/2025\/07\/CT-002-\u82f1\u6587_09-800x690.jpg 800w\" sizes=\"auto, (max-width:767px) 480px, (max-width:1000px) 100vw, 1000px\" \/><\/p>","protected":false},"excerpt":{"rendered":"<p>Tamanho: 46*40*40cm\/18,11*15,75*15,75 polegadas<\/p>\n<p>Divers\u00e3o completa: combina arranhadores, tapetes, esconderijos e espregui\u00e7adeiras para atividades felinas<br \/>\nSeguro e dur\u00e1vel: feito com pel\u00facia natural e sisal, seguro para animais de estima\u00e7\u00e3o.<br \/>\nPlataformas resistentes: plataformas em camadas oferecem suporte seguro para escalada e relaxamento para gatos<br \/>\nEstilo que economiza espa\u00e7o: design compacto com tons neutros que se adapta perfeitamente aos espa\u00e7os modernos<\/p>","protected":false},"featured_media":1119,"template":"","meta":{"content-type":""},"product_brand":[],"product_cat":[120],"product_tag":[],"class_list":{"0":"post-1107","1":"product","2":"type-product","3":"status-publish","4":"has-post-thumbnail","6":"product_cat-pet-cat-trees","8":"first","9":"instock","10":"shipping-taxable","11":"product-type-simple"},"yoast_head":"<!-- This site is optimized with the Yoast SEO plugin v24.9 - https:\/\/yoast.com\/wordpress\/plugins\/seo\/ -->\n<title>Factory Sisal cat climbing frame Wooden pet scratching post - Shandong Vest International Trade Co., Ltd.<\/title>\n<meta name=\"robots\" content=\"index, follow, max-snippet:-1, max-image-preview:large, max-video-preview:-1\" \/>\n<link rel=\"canonical\" href=\"https:\/\/vestpetproducts.com\/pt\/produto\/factory-sisal-cat-climbing-frame-wooden-pet-scratching-post\/\" \/>\n<meta property=\"og:locale\" content=\"pt_PT\" \/>\n<meta property=\"og:type\" content=\"article\" \/>\n<meta property=\"og:title\" content=\"Factory Sisal cat climbing frame Wooden pet scratching post - Shandong Vest International Trade Co., Ltd.\" \/>\n<meta property=\"og:description\" content=\"Size\uff1a46*40*40cm\/18.11*15.75*15.75Inches  All-in-one fun: Combines scratching posts, pads, hideouts, and lounges for cat activities Safe &amp; durable: Made with pet-safe plush, natural sisal. Sturdy platforms: Tiered platforms securely support climbing and relaxing for cats Space-saving style: Compact design with neutral tones fits modern spaces perfectly\" \/>\n<meta property=\"og:url\" content=\"https:\/\/vestpetproducts.com\/pt\/produto\/factory-sisal-cat-climbing-frame-wooden-pet-scratching-post\/\" \/>\n<meta property=\"og:site_name\" content=\"Shandong Vest International Trade Co., Ltd.\" \/>\n<meta property=\"article:modified_time\" content=\"2025-08-04T08:15:51+00:00\" \/>\n<meta property=\"og:image\" content=\"https:\/\/vestpetproducts.com\/wp-content\/uploads\/2025\/07\/CT-002-10.jpg\" \/>\n\t<meta property=\"og:image:width\" content=\"1000\" \/>\n\t<meta property=\"og:image:height\" content=\"1000\" \/>\n\t<meta property=\"og:image:type\" content=\"image\/jpeg\" \/>\n<meta name=\"twitter:card\" content=\"summary_large_image\" \/>\n<meta name=\"twitter:label1\" content=\"Tempo estimado de leitura\" \/>\n\t<meta name=\"twitter:data1\" content=\"2 minutos\" \/>\n<script type=\"application\/ld+json\" class=\"yoast-schema-graph\">{\"@context\":\"https:\/\/schema.org\",\"@graph\":[{\"@type\":\"WebPage\",\"@id\":\"https:\/\/vestpetproducts.com\/product\/factory-sisal-cat-climbing-frame-wooden-pet-scratching-post\/\",\"url\":\"https:\/\/vestpetproducts.com\/product\/factory-sisal-cat-climbing-frame-wooden-pet-scratching-post\/\",\"name\":\"Factory Sisal cat climbing frame Wooden pet scratching post - Shandong Vest International Trade Co., Ltd.\",\"isPartOf\":{\"@id\":\"https:\/\/vestpetproducts.com\/#website\"},\"primaryImageOfPage\":{\"@id\":\"https:\/\/vestpetproducts.com\/product\/factory-sisal-cat-climbing-frame-wooden-pet-scratching-post\/#primaryimage\"},\"image\":{\"@id\":\"https:\/\/vestpetproducts.com\/product\/factory-sisal-cat-climbing-frame-wooden-pet-scratching-post\/#primaryimage\"},\"thumbnailUrl\":\"https:\/\/vestpetproducts.com\/wp-content\/uploads\/2025\/07\/CT-002-10.jpg\",\"datePublished\":\"2025-07-22T08:59:51+00:00\",\"dateModified\":\"2025-08-04T08:15:51+00:00\",\"breadcrumb\":{\"@id\":\"https:\/\/vestpetproducts.com\/product\/factory-sisal-cat-climbing-frame-wooden-pet-scratching-post\/#breadcrumb\"},\"inLanguage\":\"pt-PT\",\"potentialAction\":[{\"@type\":\"ReadAction\",\"target\":[\"https:\/\/vestpetproducts.com\/product\/factory-sisal-cat-climbing-frame-wooden-pet-scratching-post\/\"]}]},{\"@type\":\"ImageObject\",\"inLanguage\":\"pt-PT\",\"@id\":\"https:\/\/vestpetproducts.com\/product\/factory-sisal-cat-climbing-frame-wooden-pet-scratching-post\/#primaryimage\",\"url\":\"https:\/\/vestpetproducts.com\/wp-content\/uploads\/2025\/07\/CT-002-10.jpg\",\"contentUrl\":\"https:\/\/vestpetproducts.com\/wp-content\/uploads\/2025\/07\/CT-002-10.jpg\",\"width\":1000,\"height\":1000},{\"@type\":\"BreadcrumbList\",\"@id\":\"https:\/\/vestpetproducts.com\/product\/factory-sisal-cat-climbing-frame-wooden-pet-scratching-post\/#breadcrumb\",\"itemListElement\":[{\"@type\":\"ListItem\",\"position\":1,\"name\":\"\u9996\u9875\",\"item\":\"https:\/\/vestpetproducts.com\/\"},{\"@type\":\"ListItem\",\"position\":2,\"name\":\"Product\",\"item\":\"https:\/\/vestpetproducts.com\/product\/\"},{\"@type\":\"ListItem\",\"position\":3,\"name\":\"Factory Sisal cat climbing frame Wooden pet scratching post\"}]},{\"@type\":\"WebSite\",\"@id\":\"https:\/\/vestpetproducts.com\/#website\",\"url\":\"https:\/\/vestpetproducts.com\/\",\"name\":\"Shandong Vest International Trade Co., Ltd.\",\"description\":\"Shandong Vest International Trade Co., Ltd.\",\"potentialAction\":[{\"@type\":\"SearchAction\",\"target\":{\"@type\":\"EntryPoint\",\"urlTemplate\":\"https:\/\/vestpetproducts.com\/?s={search_term_string}\"},\"query-input\":{\"@type\":\"PropertyValueSpecification\",\"valueRequired\":true,\"valueName\":\"search_term_string\"}}],\"inLanguage\":\"pt-PT\"}]}<\/script>\n<!-- \/ Yoast SEO plugin. -->","yoast_head_json":{"title":"Factory Sisal cat climbing frame Wooden pet scratching post - Shandong Vest International Trade Co., Ltd.","robots":{"index":"index","follow":"follow","max-snippet":"max-snippet:-1","max-image-preview":"max-image-preview:large","max-video-preview":"max-video-preview:-1"},"canonical":"https:\/\/vestpetproducts.com\/pt\/produto\/factory-sisal-cat-climbing-frame-wooden-pet-scratching-post\/","og_locale":"pt_PT","og_type":"article","og_title":"Factory Sisal cat climbing frame Wooden pet scratching post - Shandong Vest International Trade Co., Ltd.","og_description":"Size\uff1a46*40*40cm\/18.11*15.75*15.75Inches  All-in-one fun: Combines scratching posts, pads, hideouts, and lounges for cat activities Safe &amp; durable: Made with pet-safe plush, natural sisal. Sturdy platforms: Tiered platforms securely support climbing and relaxing for cats Space-saving style: Compact design with neutral tones fits modern spaces perfectly","og_url":"https:\/\/vestpetproducts.com\/pt\/produto\/factory-sisal-cat-climbing-frame-wooden-pet-scratching-post\/","og_site_name":"Shandong Vest International Trade Co., Ltd.","article_modified_time":"2025-08-04T08:15:51+00:00","og_image":[{"width":1000,"height":1000,"url":"https:\/\/vestpetproducts.com\/wp-content\/uploads\/2025\/07\/CT-002-10.jpg","type":"image\/jpeg"}],"twitter_card":"summary_large_image","twitter_misc":{"Tempo estimado de leitura":"2 minutos"},"schema":{"@context":"https:\/\/schema.org","@graph":[{"@type":"WebPage","@id":"https:\/\/vestpetproducts.com\/product\/factory-sisal-cat-climbing-frame-wooden-pet-scratching-post\/","url":"https:\/\/vestpetproducts.com\/product\/factory-sisal-cat-climbing-frame-wooden-pet-scratching-post\/","name":"Factory Sisal cat climbing frame Wooden pet scratching post - Shandong Vest International Trade Co., Ltd.","isPartOf":{"@id":"https:\/\/vestpetproducts.com\/#website"},"primaryImageOfPage":{"@id":"https:\/\/vestpetproducts.com\/product\/factory-sisal-cat-climbing-frame-wooden-pet-scratching-post\/#primaryimage"},"image":{"@id":"https:\/\/vestpetproducts.com\/product\/factory-sisal-cat-climbing-frame-wooden-pet-scratching-post\/#primaryimage"},"thumbnailUrl":"https:\/\/vestpetproducts.com\/wp-content\/uploads\/2025\/07\/CT-002-10.jpg","datePublished":"2025-07-22T08:59:51+00:00","dateModified":"2025-08-04T08:15:51+00:00","breadcrumb":{"@id":"https:\/\/vestpetproducts.com\/product\/factory-sisal-cat-climbing-frame-wooden-pet-scratching-post\/#breadcrumb"},"inLanguage":"pt-PT","potentialAction":[{"@type":"ReadAction","target":["https:\/\/vestpetproducts.com\/product\/factory-sisal-cat-climbing-frame-wooden-pet-scratching-post\/"]}]},{"@type":"ImageObject","inLanguage":"pt-PT","@id":"https:\/\/vestpetproducts.com\/product\/factory-sisal-cat-climbing-frame-wooden-pet-scratching-post\/#primaryimage","url":"https:\/\/vestpetproducts.com\/wp-content\/uploads\/2025\/07\/CT-002-10.jpg","contentUrl":"https:\/\/vestpetproducts.com\/wp-content\/uploads\/2025\/07\/CT-002-10.jpg","width":1000,"height":1000},{"@type":"BreadcrumbList","@id":"https:\/\/vestpetproducts.com\/product\/factory-sisal-cat-climbing-frame-wooden-pet-scratching-post\/#breadcrumb","itemListElement":[{"@type":"ListItem","position":1,"name":"\u9996\u9875","item":"https:\/\/vestpetproducts.com\/"},{"@type":"ListItem","position":2,"name":"Product","item":"https:\/\/vestpetproducts.com\/product\/"},{"@type":"ListItem","position":3,"name":"Factory Sisal cat climbing frame Wooden pet scratching post"}]},{"@type":"WebSite","@id":"https:\/\/vestpetproducts.com\/#website","url":"https:\/\/vestpetproducts.com\/","name":"Shandong Vest International Trade Co., Ltd.","description":"Shandong Vest International Trade Co., Ltd.","potentialAction":[{"@type":"SearchAction","target":{"@type":"EntryPoint","urlTemplate":"https:\/\/vestpetproducts.com\/?s={search_term_string}"},"query-input":{"@type":"PropertyValueSpecification","valueRequired":true,"valueName":"search_term_string"}}],"inLanguage":"pt-PT"}]}},"_links":{"self":[{"href":"https:\/\/vestpetproducts.com\/pt\/wp-json\/wp\/v2\/product\/1107","targetHints":{"allow":["GET"]}}],"collection":[{"href":"https:\/\/vestpetproducts.com\/pt\/wp-json\/wp\/v2\/product"}],"about":[{"href":"https:\/\/vestpetproducts.com\/pt\/wp-json\/wp\/v2\/types\/product"}],"wp:featuredmedia":[{"embeddable":true,"href":"https:\/\/vestpetproducts.com\/pt\/wp-json\/wp\/v2\/media\/1119"}],"wp:attachment":[{"href":"https:\/\/vestpetproducts.com\/pt\/wp-json\/wp\/v2\/media?parent=1107"}],"wp:term":[{"taxonomy":"product_brand","embeddable":true,"href":"https:\/\/vestpetproducts.com\/pt\/wp-json\/wp\/v2\/product_brand?post=1107"},{"taxonomy":"product_cat","embeddable":true,"href":"https:\/\/vestpetproducts.com\/pt\/wp-json\/wp\/v2\/product_cat?post=1107"},{"taxonomy":"product_tag","embeddable":true,"href":"https:\/\/vestpetproducts.com\/pt\/wp-json\/wp\/v2\/product_tag?post=1107"}],"curies":[{"name":"wp","href":"https:\/\/api.w.org\/{rel}","templated":true}]}}