{"id":909,"date":"2025-07-22T00:46:31","date_gmt":"2025-07-22T00:46:31","guid":{"rendered":"https:\/\/vestpetproducts.com\/?post_type=product&#038;p=909"},"modified":"2025-08-07T09:19:26","modified_gmt":"2025-08-07T09:19:26","slug":"909","status":"publish","type":"product","link":"https:\/\/vestpetproducts.com\/es\/producto\/909\/","title":{"rendered":"Arena para gatos de yuca al por mayor OEM ODM"},"content":{"rendered":"<p>Caracter\u00edsticas del producto: elaborado con ingredientes de origen vegetal, seguro en caso de ingesti\u00f3n accidental.<br \/>\nDoble desodorizaci\u00f3n con extracto de algas y factores bioenzim\u00e1ticos, manteniendo el aire fresco.<br \/>\nLibre de fragancias artificiales, perfumado naturalmente con aroma a arroz, ofreciendo una experiencia olfativa natural.<br \/>\nEl tama\u00f1o moderado de part\u00edculas reduce eficazmente el seguimiento, con una apariencia elegante, una textura suave y una sensaci\u00f3n c\u00f3moda similar a la del desierto.<br \/>\nElaborado con ingredientes de origen vegetal, perfumado naturalmente con aroma a arroz, desodoriza e inhibe el olor, se absorbe r\u00e1pidamente y forma grumos, no se pega al fondo y es f\u00e1cil de recoger.<\/p>","protected":false},"excerpt":{"rendered":"<p>Ingredientes principales: almid\u00f3n de yuca, almid\u00f3n de ma\u00edz, extracto de algas.<\/p>\n<p>*Doble desodorizaci\u00f3n con extracto de algas y factores bioenzim\u00e1ticos, manteniendo el aire fresco.<br \/>\n*Libre de fragancias artificiales, perfumado naturalmente con aroma a arroz, ofreciendo una experiencia olfativa natural.<br \/>\n*El tama\u00f1o de part\u00edcula moderado reduce eficazmente el seguimiento, con una apariencia elegante.<br \/>\n*Suave y c\u00f3modo, proporciona una sensaci\u00f3n de pie similar a la del desierto.<br \/>\nVentajas del producto: Ingredientes de origen vegetal con fragancia natural a bamb\u00fa, propiedades desodorantes e inhibidoras de olores, r\u00e1pida absorci\u00f3n y aglutinaci\u00f3n, no se pega al fondo, f\u00e1cil de recoger.<\/p>","protected":false},"featured_media":911,"template":"","meta":{"content-type":""},"product_brand":[],"product_cat":[125],"product_tag":[],"class_list":{"0":"post-909","1":"product","2":"type-product","3":"status-publish","4":"has-post-thumbnail","6":"product_cat-cassava-litter","8":"first","9":"instock","10":"shipping-taxable","11":"product-type-simple"},"yoast_head":"<!-- This site is optimized with the Yoast SEO plugin v24.9 - https:\/\/yoast.com\/wordpress\/plugins\/seo\/ -->\n<title>OEM ODM wholesale cassava cat litter - Shandong Vest International Trade Co., Ltd.<\/title>\n<meta name=\"robots\" content=\"index, follow, max-snippet:-1, max-image-preview:large, max-video-preview:-1\" \/>\n<link rel=\"canonical\" href=\"https:\/\/vestpetproducts.com\/es\/producto\/909\/\" \/>\n<meta property=\"og:locale\" content=\"es_ES\" \/>\n<meta property=\"og:type\" content=\"article\" \/>\n<meta property=\"og:title\" content=\"OEM ODM wholesale cassava cat litter - Shandong Vest International Trade Co., Ltd.\" \/>\n<meta property=\"og:description\" content=\"Main ingredients: cassava starch, corn starch, seaweed extract  *Dual deodorisation with seaweed extract and bio-enzyme factors, keeping the air fresh. *Free from artificial fragrances, naturally scented with rice aroma, offering a natural olfactory experience. *Moderate particle size effectively reduces tracking, with a stylish appearance. *Smooth and comfortable, providing a desert-like foot feel. Product Advantages: Plant-based ingredients with a natural bamboo fragrance, deodorising and odour-inhibiting properties, quick absorption and clumping, does not stick to the bottom, easy to scoop up.\" \/>\n<meta property=\"og:url\" content=\"https:\/\/vestpetproducts.com\/es\/producto\/909\/\" \/>\n<meta property=\"og:site_name\" content=\"Shandong Vest International Trade Co., Ltd.\" \/>\n<meta property=\"article:modified_time\" content=\"2025-08-07T09:19:26+00:00\" \/>\n<meta property=\"og:image\" content=\"https:\/\/vestpetproducts.com\/wp-content\/uploads\/2025\/07\/\u6728\u85af\u732b\u7802G02\u4e2d\u6587\u5305\u88c5\u6b63_\u526f\u672c.jpg\" \/>\n\t<meta property=\"og:image:width\" content=\"800\" \/>\n\t<meta property=\"og:image:height\" content=\"727\" \/>\n\t<meta property=\"og:image:type\" content=\"image\/jpeg\" \/>\n<meta name=\"twitter:card\" content=\"summary_large_image\" \/>\n<meta name=\"twitter:label1\" content=\"Tiempo de lectura\" \/>\n\t<meta name=\"twitter:data1\" content=\"1 minuto\" \/>\n<script type=\"application\/ld+json\" class=\"yoast-schema-graph\">{\"@context\":\"https:\/\/schema.org\",\"@graph\":[{\"@type\":\"WebPage\",\"@id\":\"https:\/\/vestpetproducts.com\/product\/909\/\",\"url\":\"https:\/\/vestpetproducts.com\/product\/909\/\",\"name\":\"OEM ODM wholesale cassava cat litter - Shandong Vest International Trade Co., Ltd.\",\"isPartOf\":{\"@id\":\"https:\/\/vestpetproducts.com\/#website\"},\"primaryImageOfPage\":{\"@id\":\"https:\/\/vestpetproducts.com\/product\/909\/#primaryimage\"},\"image\":{\"@id\":\"https:\/\/vestpetproducts.com\/product\/909\/#primaryimage\"},\"thumbnailUrl\":\"https:\/\/vestpetproducts.com\/wp-content\/uploads\/2025\/07\/\u6728\u85af\u732b\u7802G02\u4e2d\u6587\u5305\u88c5\u6b63_\u526f\u672c.jpg\",\"datePublished\":\"2025-07-22T00:46:31+00:00\",\"dateModified\":\"2025-08-07T09:19:26+00:00\",\"breadcrumb\":{\"@id\":\"https:\/\/vestpetproducts.com\/product\/909\/#breadcrumb\"},\"inLanguage\":\"es\",\"potentialAction\":[{\"@type\":\"ReadAction\",\"target\":[\"https:\/\/vestpetproducts.com\/product\/909\/\"]}]},{\"@type\":\"ImageObject\",\"inLanguage\":\"es\",\"@id\":\"https:\/\/vestpetproducts.com\/product\/909\/#primaryimage\",\"url\":\"https:\/\/vestpetproducts.com\/wp-content\/uploads\/2025\/07\/\u6728\u85af\u732b\u7802G02\u4e2d\u6587\u5305\u88c5\u6b63_\u526f\u672c.jpg\",\"contentUrl\":\"https:\/\/vestpetproducts.com\/wp-content\/uploads\/2025\/07\/\u6728\u85af\u732b\u7802G02\u4e2d\u6587\u5305\u88c5\u6b63_\u526f\u672c.jpg\",\"width\":800,\"height\":727},{\"@type\":\"BreadcrumbList\",\"@id\":\"https:\/\/vestpetproducts.com\/product\/909\/#breadcrumb\",\"itemListElement\":[{\"@type\":\"ListItem\",\"position\":1,\"name\":\"\u9996\u9875\",\"item\":\"https:\/\/vestpetproducts.com\/\"},{\"@type\":\"ListItem\",\"position\":2,\"name\":\"Product\",\"item\":\"https:\/\/vestpetproducts.com\/product\/\"},{\"@type\":\"ListItem\",\"position\":3,\"name\":\"OEM ODM wholesale cassava cat litter\"}]},{\"@type\":\"WebSite\",\"@id\":\"https:\/\/vestpetproducts.com\/#website\",\"url\":\"https:\/\/vestpetproducts.com\/\",\"name\":\"Shandong Vest International Trade Co., Ltd.\",\"description\":\"Shandong Vest International Trade Co., Ltd.\",\"potentialAction\":[{\"@type\":\"SearchAction\",\"target\":{\"@type\":\"EntryPoint\",\"urlTemplate\":\"https:\/\/vestpetproducts.com\/?s={search_term_string}\"},\"query-input\":{\"@type\":\"PropertyValueSpecification\",\"valueRequired\":true,\"valueName\":\"search_term_string\"}}],\"inLanguage\":\"es\"}]}<\/script>\n<!-- \/ Yoast SEO plugin. -->","yoast_head_json":{"title":"OEM ODM wholesale cassava cat litter - Shandong Vest International Trade Co., Ltd.","robots":{"index":"index","follow":"follow","max-snippet":"max-snippet:-1","max-image-preview":"max-image-preview:large","max-video-preview":"max-video-preview:-1"},"canonical":"https:\/\/vestpetproducts.com\/es\/producto\/909\/","og_locale":"es_ES","og_type":"article","og_title":"OEM ODM wholesale cassava cat litter - Shandong Vest International Trade Co., Ltd.","og_description":"Main ingredients: cassava starch, corn starch, seaweed extract  *Dual deodorisation with seaweed extract and bio-enzyme factors, keeping the air fresh. *Free from artificial fragrances, naturally scented with rice aroma, offering a natural olfactory experience. *Moderate particle size effectively reduces tracking, with a stylish appearance. *Smooth and comfortable, providing a desert-like foot feel. Product Advantages: Plant-based ingredients with a natural bamboo fragrance, deodorising and odour-inhibiting properties, quick absorption and clumping, does not stick to the bottom, easy to scoop up.","og_url":"https:\/\/vestpetproducts.com\/es\/producto\/909\/","og_site_name":"Shandong Vest International Trade Co., Ltd.","article_modified_time":"2025-08-07T09:19:26+00:00","og_image":[{"width":800,"height":727,"url":"https:\/\/vestpetproducts.com\/wp-content\/uploads\/2025\/07\/\u6728\u85af\u732b\u7802G02\u4e2d\u6587\u5305\u88c5\u6b63_\u526f\u672c.jpg","type":"image\/jpeg"}],"twitter_card":"summary_large_image","twitter_misc":{"Tiempo de lectura":"1 minuto"},"schema":{"@context":"https:\/\/schema.org","@graph":[{"@type":"WebPage","@id":"https:\/\/vestpetproducts.com\/product\/909\/","url":"https:\/\/vestpetproducts.com\/product\/909\/","name":"OEM ODM wholesale cassava cat litter - Shandong Vest International Trade Co., Ltd.","isPartOf":{"@id":"https:\/\/vestpetproducts.com\/#website"},"primaryImageOfPage":{"@id":"https:\/\/vestpetproducts.com\/product\/909\/#primaryimage"},"image":{"@id":"https:\/\/vestpetproducts.com\/product\/909\/#primaryimage"},"thumbnailUrl":"https:\/\/vestpetproducts.com\/wp-content\/uploads\/2025\/07\/\u6728\u85af\u732b\u7802G02\u4e2d\u6587\u5305\u88c5\u6b63_\u526f\u672c.jpg","datePublished":"2025-07-22T00:46:31+00:00","dateModified":"2025-08-07T09:19:26+00:00","breadcrumb":{"@id":"https:\/\/vestpetproducts.com\/product\/909\/#breadcrumb"},"inLanguage":"es","potentialAction":[{"@type":"ReadAction","target":["https:\/\/vestpetproducts.com\/product\/909\/"]}]},{"@type":"ImageObject","inLanguage":"es","@id":"https:\/\/vestpetproducts.com\/product\/909\/#primaryimage","url":"https:\/\/vestpetproducts.com\/wp-content\/uploads\/2025\/07\/\u6728\u85af\u732b\u7802G02\u4e2d\u6587\u5305\u88c5\u6b63_\u526f\u672c.jpg","contentUrl":"https:\/\/vestpetproducts.com\/wp-content\/uploads\/2025\/07\/\u6728\u85af\u732b\u7802G02\u4e2d\u6587\u5305\u88c5\u6b63_\u526f\u672c.jpg","width":800,"height":727},{"@type":"BreadcrumbList","@id":"https:\/\/vestpetproducts.com\/product\/909\/#breadcrumb","itemListElement":[{"@type":"ListItem","position":1,"name":"\u9996\u9875","item":"https:\/\/vestpetproducts.com\/"},{"@type":"ListItem","position":2,"name":"Product","item":"https:\/\/vestpetproducts.com\/product\/"},{"@type":"ListItem","position":3,"name":"OEM ODM wholesale cassava cat litter"}]},{"@type":"WebSite","@id":"https:\/\/vestpetproducts.com\/#website","url":"https:\/\/vestpetproducts.com\/","name":"Shandong Vest International Trade Co., Ltd.","description":"Shandong Vest International Trade Co., Ltd.","potentialAction":[{"@type":"SearchAction","target":{"@type":"EntryPoint","urlTemplate":"https:\/\/vestpetproducts.com\/?s={search_term_string}"},"query-input":{"@type":"PropertyValueSpecification","valueRequired":true,"valueName":"search_term_string"}}],"inLanguage":"es"}]}},"_links":{"self":[{"href":"https:\/\/vestpetproducts.com\/es\/wp-json\/wp\/v2\/product\/909","targetHints":{"allow":["GET"]}}],"collection":[{"href":"https:\/\/vestpetproducts.com\/es\/wp-json\/wp\/v2\/product"}],"about":[{"href":"https:\/\/vestpetproducts.com\/es\/wp-json\/wp\/v2\/types\/product"}],"wp:featuredmedia":[{"embeddable":true,"href":"https:\/\/vestpetproducts.com\/es\/wp-json\/wp\/v2\/media\/911"}],"wp:attachment":[{"href":"https:\/\/vestpetproducts.com\/es\/wp-json\/wp\/v2\/media?parent=909"}],"wp:term":[{"taxonomy":"product_brand","embeddable":true,"href":"https:\/\/vestpetproducts.com\/es\/wp-json\/wp\/v2\/product_brand?post=909"},{"taxonomy":"product_cat","embeddable":true,"href":"https:\/\/vestpetproducts.com\/es\/wp-json\/wp\/v2\/product_cat?post=909"},{"taxonomy":"product_tag","embeddable":true,"href":"https:\/\/vestpetproducts.com\/es\/wp-json\/wp\/v2\/product_tag?post=909"}],"curies":[{"name":"wp","href":"https:\/\/api.w.org\/{rel}","templated":true}]}}