{"id":887,"date":"2025-07-21T06:28:00","date_gmt":"2025-07-21T06:28:00","guid":{"rendered":"https:\/\/vestpetproducts.com\/?post_type=product&#038;p=887"},"modified":"2025-08-07T09:26:48","modified_gmt":"2025-08-07T09:26:48","slug":"green-bamboo-cat-litter","status":"publish","type":"product","link":"https:\/\/vestpetproducts.com\/es\/producto\/green-bamboo-cat-litter\/","title":{"rendered":"Arena para gatos de bamb\u00fa verde"},"content":{"rendered":"<p><strong>Caracter\u00edsticas del producto:<\/strong> Hecho de fibra de bamb\u00fa verde de alta calidad, seguro si se ingiere.<br \/>\nEl bamb\u00fa verde es rico en factores de \u201cquinona de bamb\u00fa\u201d, que tienen excelentes capacidades de absorci\u00f3n de olores, manteniendo el aire fresco.<br \/>\nLibre de fragancias artificiales, emite naturalmente un aroma a bamb\u00fa verde, ofreciendo una experiencia olfativa natural.<br \/>\nEl tama\u00f1o de part\u00edcula es adecuado para minimizar el seguimiento, con una apariencia moderna, una textura suave y una sensaci\u00f3n c\u00f3moda similar a la del desierto.<br \/>\nHecho de materiales de origen vegetal, emite naturalmente una fragancia de bamb\u00fa, absorbe y neutraliza eficazmente los olores, forma grumos r\u00e1pidamente, no se pega al fondo y es f\u00e1cil de recoger.<\/p>","protected":false},"excerpt":{"rendered":"<p>Ingredientes principales: fibra de bamb\u00fa verde, almid\u00f3n de yuca, almid\u00f3n de ma\u00edz, extracto de algas.<\/p>\n<p>Caracter\u00edsticas del producto: *Hecho de fibra de bamb\u00fa verde de alta calidad.<br \/>\n*El bamb\u00fa verde es rico en factores de &#039;quinona de bamb\u00fa&#039;, que tienen excelentes capacidades desodorantes y absorbentes, manteniendo el aire fresco.<br \/>\n*Libre de fragancias artificiales, emite naturalmente el aroma del bamb\u00fa verde, ofreciendo una experiencia olfativa natural.<br \/>\n*Las part\u00edculas son de tama\u00f1o moderado, lo que reduce eficazmente la ca\u00edda de pelo. El producto tiene una apariencia moderna, una textura suave y proporciona una agradable sensaci\u00f3n de arena al caminar.<br \/>\nVentajas del producto: Materias primas de origen vegetal, fragancia de bamb\u00fa natural, propiedades desodorantes e inhibidoras de olores, r\u00e1pida absorci\u00f3n y aglutinaci\u00f3n, no se pega al fondo, f\u00e1cil de recoger.<\/p>","protected":false},"featured_media":888,"template":"","meta":{"content-type":""},"product_brand":[],"product_cat":[125],"product_tag":[],"class_list":{"0":"post-887","1":"product","2":"type-product","3":"status-publish","4":"has-post-thumbnail","6":"product_cat-cassava-litter","8":"first","9":"instock","10":"shipping-taxable","11":"product-type-simple"},"yoast_head":"<!-- This site is optimized with the Yoast SEO plugin v24.9 - https:\/\/yoast.com\/wordpress\/plugins\/seo\/ -->\n<title>Green Bamboo Cat Litter - Shandong Vest International Trade Co., Ltd.<\/title>\n<meta name=\"robots\" content=\"index, follow, max-snippet:-1, max-image-preview:large, max-video-preview:-1\" \/>\n<link rel=\"canonical\" href=\"https:\/\/vestpetproducts.com\/es\/producto\/green-bamboo-cat-litter\/\" \/>\n<meta property=\"og:locale\" content=\"es_ES\" \/>\n<meta property=\"og:type\" content=\"article\" \/>\n<meta property=\"og:title\" content=\"Green Bamboo Cat Litter - Shandong Vest International Trade Co., Ltd.\" \/>\n<meta property=\"og:description\" content=\"Main ingredients: green bamboo fiber, cassava starch, corn starch, seaweed extract  Product Features: *Made from high-quality green bamboo fibre. *Green bamboo is rich in \u2018bamboo quinone\u2019 factors, which have excellent deodorising and adsorbing capabilities, keeping the air fresh. *Free from artificial fragrances, it naturally emits the scent of green bamboo, offering a natural olfactory experience. *The particles are of moderate size, effectively reducing shedding. The product has a modern appearance, a smooth texture, and provides a comfortable, sand-like feel underfoot. Product Advantages: Plant-based raw materials, natural bamboo fragrance, deodorising and odour-inhibiting properties, quick absorption and clumping, does not stick to the bottom, easy to scoop up.\" \/>\n<meta property=\"og:url\" content=\"https:\/\/vestpetproducts.com\/es\/producto\/green-bamboo-cat-litter\/\" \/>\n<meta property=\"og:site_name\" content=\"Shandong Vest International Trade Co., Ltd.\" \/>\n<meta property=\"article:modified_time\" content=\"2025-08-07T09:26:48+00:00\" \/>\n<meta property=\"og:image\" content=\"https:\/\/vestpetproducts.com\/wp-content\/uploads\/2025\/07\/4d8ee15317727b6de4cc65b17be8a5b.jpg\" \/>\n\t<meta property=\"og:image:width\" content=\"2126\" \/>\n\t<meta property=\"og:image:height\" content=\"1772\" \/>\n\t<meta property=\"og:image:type\" content=\"image\/jpeg\" \/>\n<meta name=\"twitter:card\" content=\"summary_large_image\" \/>\n<meta name=\"twitter:label1\" content=\"Tiempo de lectura\" \/>\n\t<meta name=\"twitter:data1\" content=\"1 minuto\" \/>\n<script type=\"application\/ld+json\" class=\"yoast-schema-graph\">{\"@context\":\"https:\/\/schema.org\",\"@graph\":[{\"@type\":\"WebPage\",\"@id\":\"https:\/\/vestpetproducts.com\/product\/green-bamboo-cat-litter\/\",\"url\":\"https:\/\/vestpetproducts.com\/product\/green-bamboo-cat-litter\/\",\"name\":\"Green Bamboo Cat Litter - Shandong Vest International Trade Co., Ltd.\",\"isPartOf\":{\"@id\":\"https:\/\/vestpetproducts.com\/#website\"},\"primaryImageOfPage\":{\"@id\":\"https:\/\/vestpetproducts.com\/product\/green-bamboo-cat-litter\/#primaryimage\"},\"image\":{\"@id\":\"https:\/\/vestpetproducts.com\/product\/green-bamboo-cat-litter\/#primaryimage\"},\"thumbnailUrl\":\"https:\/\/vestpetproducts.com\/wp-content\/uploads\/2025\/07\/4d8ee15317727b6de4cc65b17be8a5b.jpg\",\"datePublished\":\"2025-07-21T06:28:00+00:00\",\"dateModified\":\"2025-08-07T09:26:48+00:00\",\"breadcrumb\":{\"@id\":\"https:\/\/vestpetproducts.com\/product\/green-bamboo-cat-litter\/#breadcrumb\"},\"inLanguage\":\"es\",\"potentialAction\":[{\"@type\":\"ReadAction\",\"target\":[\"https:\/\/vestpetproducts.com\/product\/green-bamboo-cat-litter\/\"]}]},{\"@type\":\"ImageObject\",\"inLanguage\":\"es\",\"@id\":\"https:\/\/vestpetproducts.com\/product\/green-bamboo-cat-litter\/#primaryimage\",\"url\":\"https:\/\/vestpetproducts.com\/wp-content\/uploads\/2025\/07\/4d8ee15317727b6de4cc65b17be8a5b.jpg\",\"contentUrl\":\"https:\/\/vestpetproducts.com\/wp-content\/uploads\/2025\/07\/4d8ee15317727b6de4cc65b17be8a5b.jpg\",\"width\":2126,\"height\":1772},{\"@type\":\"BreadcrumbList\",\"@id\":\"https:\/\/vestpetproducts.com\/product\/green-bamboo-cat-litter\/#breadcrumb\",\"itemListElement\":[{\"@type\":\"ListItem\",\"position\":1,\"name\":\"\u9996\u9875\",\"item\":\"https:\/\/vestpetproducts.com\/\"},{\"@type\":\"ListItem\",\"position\":2,\"name\":\"Product\",\"item\":\"https:\/\/vestpetproducts.com\/product\/\"},{\"@type\":\"ListItem\",\"position\":3,\"name\":\"Green Bamboo Cat Litter\"}]},{\"@type\":\"WebSite\",\"@id\":\"https:\/\/vestpetproducts.com\/#website\",\"url\":\"https:\/\/vestpetproducts.com\/\",\"name\":\"Shandong Vest International Trade Co., Ltd.\",\"description\":\"Shandong Vest International Trade Co., Ltd.\",\"potentialAction\":[{\"@type\":\"SearchAction\",\"target\":{\"@type\":\"EntryPoint\",\"urlTemplate\":\"https:\/\/vestpetproducts.com\/?s={search_term_string}\"},\"query-input\":{\"@type\":\"PropertyValueSpecification\",\"valueRequired\":true,\"valueName\":\"search_term_string\"}}],\"inLanguage\":\"es\"}]}<\/script>\n<!-- \/ Yoast SEO plugin. -->","yoast_head_json":{"title":"Green Bamboo Cat Litter - Shandong Vest International Trade Co., Ltd.","robots":{"index":"index","follow":"follow","max-snippet":"max-snippet:-1","max-image-preview":"max-image-preview:large","max-video-preview":"max-video-preview:-1"},"canonical":"https:\/\/vestpetproducts.com\/es\/producto\/green-bamboo-cat-litter\/","og_locale":"es_ES","og_type":"article","og_title":"Green Bamboo Cat Litter - Shandong Vest International Trade Co., Ltd.","og_description":"Main ingredients: green bamboo fiber, cassava starch, corn starch, seaweed extract  Product Features: *Made from high-quality green bamboo fibre. *Green bamboo is rich in \u2018bamboo quinone\u2019 factors, which have excellent deodorising and adsorbing capabilities, keeping the air fresh. *Free from artificial fragrances, it naturally emits the scent of green bamboo, offering a natural olfactory experience. *The particles are of moderate size, effectively reducing shedding. The product has a modern appearance, a smooth texture, and provides a comfortable, sand-like feel underfoot. Product Advantages: Plant-based raw materials, natural bamboo fragrance, deodorising and odour-inhibiting properties, quick absorption and clumping, does not stick to the bottom, easy to scoop up.","og_url":"https:\/\/vestpetproducts.com\/es\/producto\/green-bamboo-cat-litter\/","og_site_name":"Shandong Vest International Trade Co., Ltd.","article_modified_time":"2025-08-07T09:26:48+00:00","og_image":[{"width":2126,"height":1772,"url":"https:\/\/vestpetproducts.com\/wp-content\/uploads\/2025\/07\/4d8ee15317727b6de4cc65b17be8a5b.jpg","type":"image\/jpeg"}],"twitter_card":"summary_large_image","twitter_misc":{"Tiempo de lectura":"1 minuto"},"schema":{"@context":"https:\/\/schema.org","@graph":[{"@type":"WebPage","@id":"https:\/\/vestpetproducts.com\/product\/green-bamboo-cat-litter\/","url":"https:\/\/vestpetproducts.com\/product\/green-bamboo-cat-litter\/","name":"Green Bamboo Cat Litter - Shandong Vest International Trade Co., Ltd.","isPartOf":{"@id":"https:\/\/vestpetproducts.com\/#website"},"primaryImageOfPage":{"@id":"https:\/\/vestpetproducts.com\/product\/green-bamboo-cat-litter\/#primaryimage"},"image":{"@id":"https:\/\/vestpetproducts.com\/product\/green-bamboo-cat-litter\/#primaryimage"},"thumbnailUrl":"https:\/\/vestpetproducts.com\/wp-content\/uploads\/2025\/07\/4d8ee15317727b6de4cc65b17be8a5b.jpg","datePublished":"2025-07-21T06:28:00+00:00","dateModified":"2025-08-07T09:26:48+00:00","breadcrumb":{"@id":"https:\/\/vestpetproducts.com\/product\/green-bamboo-cat-litter\/#breadcrumb"},"inLanguage":"es","potentialAction":[{"@type":"ReadAction","target":["https:\/\/vestpetproducts.com\/product\/green-bamboo-cat-litter\/"]}]},{"@type":"ImageObject","inLanguage":"es","@id":"https:\/\/vestpetproducts.com\/product\/green-bamboo-cat-litter\/#primaryimage","url":"https:\/\/vestpetproducts.com\/wp-content\/uploads\/2025\/07\/4d8ee15317727b6de4cc65b17be8a5b.jpg","contentUrl":"https:\/\/vestpetproducts.com\/wp-content\/uploads\/2025\/07\/4d8ee15317727b6de4cc65b17be8a5b.jpg","width":2126,"height":1772},{"@type":"BreadcrumbList","@id":"https:\/\/vestpetproducts.com\/product\/green-bamboo-cat-litter\/#breadcrumb","itemListElement":[{"@type":"ListItem","position":1,"name":"\u9996\u9875","item":"https:\/\/vestpetproducts.com\/"},{"@type":"ListItem","position":2,"name":"Product","item":"https:\/\/vestpetproducts.com\/product\/"},{"@type":"ListItem","position":3,"name":"Green Bamboo Cat Litter"}]},{"@type":"WebSite","@id":"https:\/\/vestpetproducts.com\/#website","url":"https:\/\/vestpetproducts.com\/","name":"Shandong Vest International Trade Co., Ltd.","description":"Shandong Vest International Trade Co., Ltd.","potentialAction":[{"@type":"SearchAction","target":{"@type":"EntryPoint","urlTemplate":"https:\/\/vestpetproducts.com\/?s={search_term_string}"},"query-input":{"@type":"PropertyValueSpecification","valueRequired":true,"valueName":"search_term_string"}}],"inLanguage":"es"}]}},"_links":{"self":[{"href":"https:\/\/vestpetproducts.com\/es\/wp-json\/wp\/v2\/product\/887","targetHints":{"allow":["GET"]}}],"collection":[{"href":"https:\/\/vestpetproducts.com\/es\/wp-json\/wp\/v2\/product"}],"about":[{"href":"https:\/\/vestpetproducts.com\/es\/wp-json\/wp\/v2\/types\/product"}],"wp:featuredmedia":[{"embeddable":true,"href":"https:\/\/vestpetproducts.com\/es\/wp-json\/wp\/v2\/media\/888"}],"wp:attachment":[{"href":"https:\/\/vestpetproducts.com\/es\/wp-json\/wp\/v2\/media?parent=887"}],"wp:term":[{"taxonomy":"product_brand","embeddable":true,"href":"https:\/\/vestpetproducts.com\/es\/wp-json\/wp\/v2\/product_brand?post=887"},{"taxonomy":"product_cat","embeddable":true,"href":"https:\/\/vestpetproducts.com\/es\/wp-json\/wp\/v2\/product_cat?post=887"},{"taxonomy":"product_tag","embeddable":true,"href":"https:\/\/vestpetproducts.com\/es\/wp-json\/wp\/v2\/product_tag?post=887"}],"curies":[{"name":"wp","href":"https:\/\/api.w.org\/{rel}","templated":true}]}}