{"id":879,"date":"2025-07-21T06:14:34","date_gmt":"2025-07-21T06:14:34","guid":{"rendered":"https:\/\/vestpetproducts.com\/?post_type=product&#038;p=879"},"modified":"2025-08-07T09:31:45","modified_gmt":"2025-08-07T09:31:45","slug":"algae-deodorizing-granules-specifically-for-cat-litter","status":"publish","type":"product","link":"https:\/\/vestpetproducts.com\/es\/producto\/algae-deodorizing-granules-specifically-for-cat-litter\/","title":{"rendered":"Gr\u00e1nulos desodorizantes de algas espec\u00edficos para arena para gatos"},"content":{"rendered":"<p><strong>Uso del producto:<\/strong> \u00daselo con arena para gatos para eliminar el olor a heces. Compatible con todos los tipos de arena para gatos disponibles en el mercado.<br \/>\n<strong>Caracter\u00edsticas del producto:<\/strong> Eliminaci\u00f3n dual de olores con alginato de sodio y enzimas vegetales para mantener el aire fresco.<br \/>\nAutoadhesivo, se adhiere f\u00e1cilmente con todos los tipos de arena para gatos disponibles en el mercado.<br \/>\nSin fragancias, sin colorantes, f\u00f3rmula minimalista, suave para la salud de tu gato.<br \/>\nEl tama\u00f1o de part\u00edcula es moderado, suave y delicado, proporcionando una sensaci\u00f3n confortable similar al desierto.<br \/>\n<strong>Mecanismo de desodorizaci\u00f3n:<\/strong><br \/>\n1&gt; Alginato de sodio: un extracto vegetal derivado de algas de aguas profundas, seguro y respetuoso con el medio ambiente, absorbe eficazmente el amon\u00edaco producido por la orina de gato para eliminar los olores.<br \/>\n2&gt; Enzimas vegetales: ricas en enzimas bioactivas con capacidades de descomposici\u00f3n catal\u00edtica, que descomponen y absorben los compuestos org\u00e1nicos que causan olores en su origen para eliminar realmente las mol\u00e9culas de olor.<br \/>\nInstrucciones de uso: Distribuya los gr\u00e1nulos desodorantes de algas uniformemente sobre la arena para gatos. Dosis recomendada: 200 g por caja de arena.<\/p>","protected":false},"excerpt":{"rendered":"<p>Ingredientes principales: Alginato de sodio, enzimas vegetales.<\/p>\n<p>En cuanto a la eliminaci\u00f3n de olores: Tanto el almid\u00f3n de yuca como la fibra de bamb\u00fa poseen propiedades de adsorci\u00f3n excepcionalmente fuertes. Las paredes celulares de la fibra de bamb\u00fa contienen una sustancia antibacteriana llamada &quot;quinona de bamb\u00fa&quot;, con propiedades antibacterianas, anti\u00e1caros y antiolor naturales. Posee un potente efecto inhibidor sobre bacterias como Staphylococcus aureus, Escherichia coli y Candida albicans. Adem\u00e1s, al combinarse con extractos de algas y enzimas desodorantes naturales, la capacidad de adsorci\u00f3n se vuelve a\u00fan mayor, absorbiendo eficazmente el olor a excremento de gato. La tasa de adsorci\u00f3n efectiva para las mol\u00e9culas de amon\u00edaco supera los 95%.<br \/>\nHemos a\u00f1adido alginato de sodio, un extracto vegetal derivado de algas marinas. El alginato de sodio es el espesante vegetal m\u00e1s natural y seguro, con gran viscosidad y potentes propiedades de adsorci\u00f3n, degradaci\u00f3n e intercambio i\u00f3nico. Absorbe y descompone eficazmente los olores presentes en los excrementos de gato.<\/p>","protected":false},"featured_media":883,"template":"","meta":{"content-type":""},"product_brand":[],"product_cat":[125],"product_tag":[],"class_list":{"0":"post-879","1":"product","2":"type-product","3":"status-publish","4":"has-post-thumbnail","6":"product_cat-cassava-litter","8":"first","9":"instock","10":"shipping-taxable","11":"product-type-simple"},"yoast_head":"<!-- This site is optimized with the Yoast SEO plugin v24.9 - https:\/\/yoast.com\/wordpress\/plugins\/seo\/ -->\n<title>Algae deodorizing granules specifically for cat litter - Shandong Vest International Trade Co., Ltd.<\/title>\n<meta name=\"robots\" content=\"index, follow, max-snippet:-1, max-image-preview:large, max-video-preview:-1\" \/>\n<link rel=\"canonical\" href=\"https:\/\/vestpetproducts.com\/es\/producto\/algae-deodorizing-granules-specifically-for-cat-litter\/\" \/>\n<meta property=\"og:locale\" content=\"es_ES\" \/>\n<meta property=\"og:type\" content=\"article\" \/>\n<meta property=\"og:title\" content=\"Algae deodorizing granules specifically for cat litter - Shandong Vest International Trade Co., Ltd.\" \/>\n<meta property=\"og:description\" content=\"Main Ingredients: Sodium alginate, plant enzymes.  Regarding odour removal: Both cassava starch and bamboo fibre raw materials have super strong adsorption properties. The cell walls of bamboo fibre contain an antibacterial substance called \u2018bamboo quinone,\u2019 which has natural antibacterial, anti-mite, and anti-odour properties. It has a super strong inhibitory effect on bacteria such as Staphylococcus aureus, Escherichia coli, and Candida albicans. Additionally, when combined with seaweed extracts and natural deodorising enzymes, the adsorption capacity becomes even stronger, effectively absorbing the odour of cat excrement. The effective adsorption rate for ammonia molecules exceeds 95%. We have added sodium alginate, a plant extract derived from deep-sea kelp. Sodium alginate is the most natural and safest plant-based thickening agent, possessing viscosity and powerful adsorption, degradation, and ion exchange capabilities. It effectively adsorbs and decomposes the odours in cat excrement.\" \/>\n<meta property=\"og:url\" content=\"https:\/\/vestpetproducts.com\/es\/producto\/algae-deodorizing-granules-specifically-for-cat-litter\/\" \/>\n<meta property=\"og:site_name\" content=\"Shandong Vest International Trade Co., Ltd.\" \/>\n<meta property=\"article:modified_time\" content=\"2025-08-07T09:31:45+00:00\" \/>\n<meta property=\"og:image\" content=\"https:\/\/vestpetproducts.com\/wp-content\/uploads\/2025\/07\/\u9664\u81ed\u54c1-scaled.jpg\" \/>\n\t<meta property=\"og:image:width\" content=\"2560\" \/>\n\t<meta property=\"og:image:height\" content=\"1920\" \/>\n\t<meta property=\"og:image:type\" content=\"image\/jpeg\" \/>\n<meta name=\"twitter:card\" content=\"summary_large_image\" \/>\n<meta name=\"twitter:label1\" content=\"Tiempo de lectura\" \/>\n\t<meta name=\"twitter:data1\" content=\"1 minuto\" \/>\n<script type=\"application\/ld+json\" class=\"yoast-schema-graph\">{\"@context\":\"https:\/\/schema.org\",\"@graph\":[{\"@type\":\"WebPage\",\"@id\":\"https:\/\/vestpetproducts.com\/product\/algae-deodorizing-granules-specifically-for-cat-litter\/\",\"url\":\"https:\/\/vestpetproducts.com\/product\/algae-deodorizing-granules-specifically-for-cat-litter\/\",\"name\":\"Algae deodorizing granules specifically for cat litter - Shandong Vest International Trade Co., Ltd.\",\"isPartOf\":{\"@id\":\"https:\/\/vestpetproducts.com\/#website\"},\"primaryImageOfPage\":{\"@id\":\"https:\/\/vestpetproducts.com\/product\/algae-deodorizing-granules-specifically-for-cat-litter\/#primaryimage\"},\"image\":{\"@id\":\"https:\/\/vestpetproducts.com\/product\/algae-deodorizing-granules-specifically-for-cat-litter\/#primaryimage\"},\"thumbnailUrl\":\"https:\/\/vestpetproducts.com\/wp-content\/uploads\/2025\/07\/\u9664\u81ed\u54c1-scaled.jpg\",\"datePublished\":\"2025-07-21T06:14:34+00:00\",\"dateModified\":\"2025-08-07T09:31:45+00:00\",\"breadcrumb\":{\"@id\":\"https:\/\/vestpetproducts.com\/product\/algae-deodorizing-granules-specifically-for-cat-litter\/#breadcrumb\"},\"inLanguage\":\"es\",\"potentialAction\":[{\"@type\":\"ReadAction\",\"target\":[\"https:\/\/vestpetproducts.com\/product\/algae-deodorizing-granules-specifically-for-cat-litter\/\"]}]},{\"@type\":\"ImageObject\",\"inLanguage\":\"es\",\"@id\":\"https:\/\/vestpetproducts.com\/product\/algae-deodorizing-granules-specifically-for-cat-litter\/#primaryimage\",\"url\":\"https:\/\/vestpetproducts.com\/wp-content\/uploads\/2025\/07\/\u9664\u81ed\u54c1-scaled.jpg\",\"contentUrl\":\"https:\/\/vestpetproducts.com\/wp-content\/uploads\/2025\/07\/\u9664\u81ed\u54c1-scaled.jpg\",\"width\":2560,\"height\":1920},{\"@type\":\"BreadcrumbList\",\"@id\":\"https:\/\/vestpetproducts.com\/product\/algae-deodorizing-granules-specifically-for-cat-litter\/#breadcrumb\",\"itemListElement\":[{\"@type\":\"ListItem\",\"position\":1,\"name\":\"\u9996\u9875\",\"item\":\"https:\/\/vestpetproducts.com\/\"},{\"@type\":\"ListItem\",\"position\":2,\"name\":\"Product\",\"item\":\"https:\/\/vestpetproducts.com\/product\/\"},{\"@type\":\"ListItem\",\"position\":3,\"name\":\"Algae deodorizing granules specifically for cat litter\"}]},{\"@type\":\"WebSite\",\"@id\":\"https:\/\/vestpetproducts.com\/#website\",\"url\":\"https:\/\/vestpetproducts.com\/\",\"name\":\"Shandong Vest International Trade Co., Ltd.\",\"description\":\"Shandong Vest International Trade Co., Ltd.\",\"potentialAction\":[{\"@type\":\"SearchAction\",\"target\":{\"@type\":\"EntryPoint\",\"urlTemplate\":\"https:\/\/vestpetproducts.com\/?s={search_term_string}\"},\"query-input\":{\"@type\":\"PropertyValueSpecification\",\"valueRequired\":true,\"valueName\":\"search_term_string\"}}],\"inLanguage\":\"es\"}]}<\/script>\n<!-- \/ Yoast SEO plugin. -->","yoast_head_json":{"title":"Algae deodorizing granules specifically for cat litter - Shandong Vest International Trade Co., Ltd.","robots":{"index":"index","follow":"follow","max-snippet":"max-snippet:-1","max-image-preview":"max-image-preview:large","max-video-preview":"max-video-preview:-1"},"canonical":"https:\/\/vestpetproducts.com\/es\/producto\/algae-deodorizing-granules-specifically-for-cat-litter\/","og_locale":"es_ES","og_type":"article","og_title":"Algae deodorizing granules specifically for cat litter - Shandong Vest International Trade Co., Ltd.","og_description":"Main Ingredients: Sodium alginate, plant enzymes.  Regarding odour removal: Both cassava starch and bamboo fibre raw materials have super strong adsorption properties. The cell walls of bamboo fibre contain an antibacterial substance called \u2018bamboo quinone,\u2019 which has natural antibacterial, anti-mite, and anti-odour properties. It has a super strong inhibitory effect on bacteria such as Staphylococcus aureus, Escherichia coli, and Candida albicans. Additionally, when combined with seaweed extracts and natural deodorising enzymes, the adsorption capacity becomes even stronger, effectively absorbing the odour of cat excrement. The effective adsorption rate for ammonia molecules exceeds 95%. We have added sodium alginate, a plant extract derived from deep-sea kelp. Sodium alginate is the most natural and safest plant-based thickening agent, possessing viscosity and powerful adsorption, degradation, and ion exchange capabilities. It effectively adsorbs and decomposes the odours in cat excrement.","og_url":"https:\/\/vestpetproducts.com\/es\/producto\/algae-deodorizing-granules-specifically-for-cat-litter\/","og_site_name":"Shandong Vest International Trade Co., Ltd.","article_modified_time":"2025-08-07T09:31:45+00:00","og_image":[{"width":2560,"height":1920,"url":"https:\/\/vestpetproducts.com\/wp-content\/uploads\/2025\/07\/\u9664\u81ed\u54c1-scaled.jpg","type":"image\/jpeg"}],"twitter_card":"summary_large_image","twitter_misc":{"Tiempo de lectura":"1 minuto"},"schema":{"@context":"https:\/\/schema.org","@graph":[{"@type":"WebPage","@id":"https:\/\/vestpetproducts.com\/product\/algae-deodorizing-granules-specifically-for-cat-litter\/","url":"https:\/\/vestpetproducts.com\/product\/algae-deodorizing-granules-specifically-for-cat-litter\/","name":"Algae deodorizing granules specifically for cat litter - Shandong Vest International Trade Co., Ltd.","isPartOf":{"@id":"https:\/\/vestpetproducts.com\/#website"},"primaryImageOfPage":{"@id":"https:\/\/vestpetproducts.com\/product\/algae-deodorizing-granules-specifically-for-cat-litter\/#primaryimage"},"image":{"@id":"https:\/\/vestpetproducts.com\/product\/algae-deodorizing-granules-specifically-for-cat-litter\/#primaryimage"},"thumbnailUrl":"https:\/\/vestpetproducts.com\/wp-content\/uploads\/2025\/07\/\u9664\u81ed\u54c1-scaled.jpg","datePublished":"2025-07-21T06:14:34+00:00","dateModified":"2025-08-07T09:31:45+00:00","breadcrumb":{"@id":"https:\/\/vestpetproducts.com\/product\/algae-deodorizing-granules-specifically-for-cat-litter\/#breadcrumb"},"inLanguage":"es","potentialAction":[{"@type":"ReadAction","target":["https:\/\/vestpetproducts.com\/product\/algae-deodorizing-granules-specifically-for-cat-litter\/"]}]},{"@type":"ImageObject","inLanguage":"es","@id":"https:\/\/vestpetproducts.com\/product\/algae-deodorizing-granules-specifically-for-cat-litter\/#primaryimage","url":"https:\/\/vestpetproducts.com\/wp-content\/uploads\/2025\/07\/\u9664\u81ed\u54c1-scaled.jpg","contentUrl":"https:\/\/vestpetproducts.com\/wp-content\/uploads\/2025\/07\/\u9664\u81ed\u54c1-scaled.jpg","width":2560,"height":1920},{"@type":"BreadcrumbList","@id":"https:\/\/vestpetproducts.com\/product\/algae-deodorizing-granules-specifically-for-cat-litter\/#breadcrumb","itemListElement":[{"@type":"ListItem","position":1,"name":"\u9996\u9875","item":"https:\/\/vestpetproducts.com\/"},{"@type":"ListItem","position":2,"name":"Product","item":"https:\/\/vestpetproducts.com\/product\/"},{"@type":"ListItem","position":3,"name":"Algae deodorizing granules specifically for cat litter"}]},{"@type":"WebSite","@id":"https:\/\/vestpetproducts.com\/#website","url":"https:\/\/vestpetproducts.com\/","name":"Shandong Vest International Trade Co., Ltd.","description":"Shandong Vest International Trade Co., Ltd.","potentialAction":[{"@type":"SearchAction","target":{"@type":"EntryPoint","urlTemplate":"https:\/\/vestpetproducts.com\/?s={search_term_string}"},"query-input":{"@type":"PropertyValueSpecification","valueRequired":true,"valueName":"search_term_string"}}],"inLanguage":"es"}]}},"_links":{"self":[{"href":"https:\/\/vestpetproducts.com\/es\/wp-json\/wp\/v2\/product\/879","targetHints":{"allow":["GET"]}}],"collection":[{"href":"https:\/\/vestpetproducts.com\/es\/wp-json\/wp\/v2\/product"}],"about":[{"href":"https:\/\/vestpetproducts.com\/es\/wp-json\/wp\/v2\/types\/product"}],"wp:featuredmedia":[{"embeddable":true,"href":"https:\/\/vestpetproducts.com\/es\/wp-json\/wp\/v2\/media\/883"}],"wp:attachment":[{"href":"https:\/\/vestpetproducts.com\/es\/wp-json\/wp\/v2\/media?parent=879"}],"wp:term":[{"taxonomy":"product_brand","embeddable":true,"href":"https:\/\/vestpetproducts.com\/es\/wp-json\/wp\/v2\/product_brand?post=879"},{"taxonomy":"product_cat","embeddable":true,"href":"https:\/\/vestpetproducts.com\/es\/wp-json\/wp\/v2\/product_cat?post=879"},{"taxonomy":"product_tag","embeddable":true,"href":"https:\/\/vestpetproducts.com\/es\/wp-json\/wp\/v2\/product_tag?post=879"}],"curies":[{"name":"wp","href":"https:\/\/api.w.org\/{rel}","templated":true}]}}