{"id":819,"date":"2025-07-17T09:24:59","date_gmt":"2025-07-17T09:24:59","guid":{"rendered":"https:\/\/vestpetproducts.com\/?post_type=product&#038;p=819"},"modified":"2025-08-12T07:31:39","modified_gmt":"2025-08-12T07:31:39","slug":"mouse-pet-food-addictive-free-wholesale-oem-odm-canned-food-kittens-can-be-customization","status":"publish","type":"product","link":"https:\/\/vestpetproducts.com\/es\/producto\/mouse-pet-food-addictive-free-wholesale-oem-odm-canned-food-kittens-can-be-customization\/","title":{"rendered":"Comida enlatada para ratones, libre de adicciones, al por mayor, OEM ODM, personalizable."},"content":{"rendered":"<p><img loading=\"lazy\" decoding=\"async\" class=\"aligncenter size-full wp-image-825\" src=\"http:\/\/vestpetproducts.com\/wp-content\/uploads\/2025\/07\/85g\u6155\u65af\u7f50\u8be6\u60c5_01.jpg\" alt=\"\" width=\"750\" height=\"1041\" srcset=\"https:\/\/vestpetproducts.com\/wp-content\/uploads\/2025\/07\/85g\u6155\u65af\u7f50\u8be6\u60c5_01.jpg 750w, https:\/\/vestpetproducts.com\/wp-content\/uploads\/2025\/07\/85g\u6155\u65af\u7f50\u8be6\u60c5_01-360x500.jpg 360w, https:\/\/vestpetproducts.com\/wp-content\/uploads\/2025\/07\/85g\u6155\u65af\u7f50\u8be6\u60c5_01-216x300.jpg 216w, https:\/\/vestpetproducts.com\/wp-content\/uploads\/2025\/07\/85g\u6155\u65af\u7f50\u8be6\u60c5_01-9x12.jpg 9w, https:\/\/vestpetproducts.com\/wp-content\/uploads\/2025\/07\/85g\u6155\u65af\u7f50\u8be6\u60c5_01-54x75.jpg 54w, https:\/\/vestpetproducts.com\/wp-content\/uploads\/2025\/07\/85g\u6155\u65af\u7f50\u8be6\u60c5_01-480x666.jpg 480w\" sizes=\"auto, (max-width:767px) 480px, 750px\" \/> <img loading=\"lazy\" decoding=\"async\" class=\"aligncenter size-full wp-image-826\" src=\"http:\/\/vestpetproducts.com\/wp-content\/uploads\/2025\/07\/85g\u6155\u65af\u7f50\u8be6\u60c5_02.jpg\" alt=\"\" width=\"750\" height=\"447\" srcset=\"https:\/\/vestpetproducts.com\/wp-content\/uploads\/2025\/07\/85g\u6155\u65af\u7f50\u8be6\u60c5_02.jpg 750w, https:\/\/vestpetproducts.com\/wp-content\/uploads\/2025\/07\/85g\u6155\u65af\u7f50\u8be6\u60c5_02-500x298.jpg 500w, https:\/\/vestpetproducts.com\/wp-content\/uploads\/2025\/07\/85g\u6155\u65af\u7f50\u8be6\u60c5_02-300x179.jpg 300w, https:\/\/vestpetproducts.com\/wp-content\/uploads\/2025\/07\/85g\u6155\u65af\u7f50\u8be6\u60c5_02-18x12.jpg 18w, https:\/\/vestpetproducts.com\/wp-content\/uploads\/2025\/07\/85g\u6155\u65af\u7f50\u8be6\u60c5_02-126x75.jpg 126w, https:\/\/vestpetproducts.com\/wp-content\/uploads\/2025\/07\/85g\u6155\u65af\u7f50\u8be6\u60c5_02-480x286.jpg 480w\" sizes=\"auto, (max-width:767px) 480px, 750px\" \/> <img loading=\"lazy\" decoding=\"async\" class=\"aligncenter size-full wp-image-827\" src=\"http:\/\/vestpetproducts.com\/wp-content\/uploads\/2025\/07\/85g\u6155\u65af\u7f50\u8be6\u60c5_03.jpg\" alt=\"\" width=\"750\" height=\"513\" srcset=\"https:\/\/vestpetproducts.com\/wp-content\/uploads\/2025\/07\/85g\u6155\u65af\u7f50\u8be6\u60c5_03.jpg 750w, https:\/\/vestpetproducts.com\/wp-content\/uploads\/2025\/07\/85g\u6155\u65af\u7f50\u8be6\u60c5_03-500x342.jpg 500w, https:\/\/vestpetproducts.com\/wp-content\/uploads\/2025\/07\/85g\u6155\u65af\u7f50\u8be6\u60c5_03-300x205.jpg 300w, https:\/\/vestpetproducts.com\/wp-content\/uploads\/2025\/07\/85g\u6155\u65af\u7f50\u8be6\u60c5_03-18x12.jpg 18w, https:\/\/vestpetproducts.com\/wp-content\/uploads\/2025\/07\/85g\u6155\u65af\u7f50\u8be6\u60c5_03-110x75.jpg 110w, https:\/\/vestpetproducts.com\/wp-content\/uploads\/2025\/07\/85g\u6155\u65af\u7f50\u8be6\u60c5_03-480x328.jpg 480w\" sizes=\"auto, (max-width:767px) 480px, 750px\" \/> <img loading=\"lazy\" decoding=\"async\" class=\"aligncenter wp-image-828\" src=\"http:\/\/vestpetproducts.com\/wp-content\/uploads\/2025\/07\/85g\u6155\u65af\u7f50\u8be6\u60c5_04.jpg\" alt=\"\" width=\"686\" height=\"620\" srcset=\"https:\/\/vestpetproducts.com\/wp-content\/uploads\/2025\/07\/85g\u6155\u65af\u7f50\u8be6\u60c5_04.jpg 750w, https:\/\/vestpetproducts.com\/wp-content\/uploads\/2025\/07\/85g\u6155\u65af\u7f50\u8be6\u60c5_04-500x452.jpg 500w, https:\/\/vestpetproducts.com\/wp-content\/uploads\/2025\/07\/85g\u6155\u65af\u7f50\u8be6\u60c5_04-300x271.jpg 300w, https:\/\/vestpetproducts.com\/wp-content\/uploads\/2025\/07\/85g\u6155\u65af\u7f50\u8be6\u60c5_04-13x12.jpg 13w, https:\/\/vestpetproducts.com\/wp-content\/uploads\/2025\/07\/85g\u6155\u65af\u7f50\u8be6\u60c5_04-83x75.jpg 83w, https:\/\/vestpetproducts.com\/wp-content\/uploads\/2025\/07\/85g\u6155\u65af\u7f50\u8be6\u60c5_04-480x434.jpg 480w\" sizes=\"auto, (max-width:767px) 480px, 686px\" \/><img loading=\"lazy\" decoding=\"async\" class=\"aligncenter wp-image-832\" src=\"http:\/\/vestpetproducts.com\/wp-content\/uploads\/2025\/07\/85g\u6155\u65af\u7f50\u8be6\u60c5_05-3.jpg\" alt=\"\" width=\"687\" height=\"982\" srcset=\"https:\/\/vestpetproducts.com\/wp-content\/uploads\/2025\/07\/85g\u6155\u65af\u7f50\u8be6\u60c5_05-3.jpg 1562w, https:\/\/vestpetproducts.com\/wp-content\/uploads\/2025\/07\/85g\u6155\u65af\u7f50\u8be6\u60c5_05-3-350x500.jpg 350w, https:\/\/vestpetproducts.com\/wp-content\/uploads\/2025\/07\/85g\u6155\u65af\u7f50\u8be6\u60c5_05-3-839x1200.jpg 839w, https:\/\/vestpetproducts.com\/wp-content\/uploads\/2025\/07\/85g\u6155\u65af\u7f50\u8be6\u60c5_05-3-210x300.jpg 210w, https:\/\/vestpetproducts.com\/wp-content\/uploads\/2025\/07\/85g\u6155\u65af\u7f50\u8be6\u60c5_05-3-768x1098.jpg 768w, https:\/\/vestpetproducts.com\/wp-content\/uploads\/2025\/07\/85g\u6155\u65af\u7f50\u8be6\u60c5_05-3-1074x1536.jpg 1074w, https:\/\/vestpetproducts.com\/wp-content\/uploads\/2025\/07\/85g\u6155\u65af\u7f50\u8be6\u60c5_05-3-1433x2048.jpg 1433w, https:\/\/vestpetproducts.com\/wp-content\/uploads\/2025\/07\/85g\u6155\u65af\u7f50\u8be6\u60c5_05-3-8x12.jpg 8w, https:\/\/vestpetproducts.com\/wp-content\/uploads\/2025\/07\/85g\u6155\u65af\u7f50\u8be6\u60c5_05-3-52x75.jpg 52w, https:\/\/vestpetproducts.com\/wp-content\/uploads\/2025\/07\/85g\u6155\u65af\u7f50\u8be6\u60c5_05-3-480x686.jpg 480w, https:\/\/vestpetproducts.com\/wp-content\/uploads\/2025\/07\/85g\u6155\u65af\u7f50\u8be6\u60c5_05-3-800x1144.jpg 800w\" sizes=\"auto, (max-width:767px) 480px, 687px\" \/><img loading=\"lazy\" decoding=\"async\" class=\"aligncenter wp-image-374\" src=\"http:\/\/vestpetproducts.com\/wp-content\/uploads\/2025\/07\/\u5fae\u4fe1\u56fe\u7247_20250715165725.jpg\" alt=\"\" width=\"692\" height=\"692\" srcset=\"https:\/\/vestpetproducts.com\/wp-content\/uploads\/2025\/07\/\u5fae\u4fe1\u56fe\u7247_20250715165725.jpg 800w, https:\/\/vestpetproducts.com\/wp-content\/uploads\/2025\/07\/\u5fae\u4fe1\u56fe\u7247_20250715165725-500x500.jpg 500w, https:\/\/vestpetproducts.com\/wp-content\/uploads\/2025\/07\/\u5fae\u4fe1\u56fe\u7247_20250715165725-300x300.jpg 300w, https:\/\/vestpetproducts.com\/wp-content\/uploads\/2025\/07\/\u5fae\u4fe1\u56fe\u7247_20250715165725-768x768.jpg 768w, https:\/\/vestpetproducts.com\/wp-content\/uploads\/2025\/07\/\u5fae\u4fe1\u56fe\u7247_20250715165725-12x12.jpg 12w, https:\/\/vestpetproducts.com\/wp-content\/uploads\/2025\/07\/\u5fae\u4fe1\u56fe\u7247_20250715165725-150x150.jpg 150w, https:\/\/vestpetproducts.com\/wp-content\/uploads\/2025\/07\/\u5fae\u4fe1\u56fe\u7247_20250715165725-75x75.jpg 75w, https:\/\/vestpetproducts.com\/wp-content\/uploads\/2025\/07\/\u5fae\u4fe1\u56fe\u7247_20250715165725-480x480.jpg 480w\" sizes=\"auto, (max-width:767px) 480px, 692px\" \/><img loading=\"lazy\" decoding=\"async\" class=\"aligncenter wp-image-376\" src=\"http:\/\/vestpetproducts.com\/wp-content\/uploads\/2025\/07\/\u5fae\u4fe1\u56fe\u7247_20250715165719.jpg\" alt=\"\" width=\"680\" height=\"680\" srcset=\"https:\/\/vestpetproducts.com\/wp-content\/uploads\/2025\/07\/\u5fae\u4fe1\u56fe\u7247_20250715165719.jpg 1200w, https:\/\/vestpetproducts.com\/wp-content\/uploads\/2025\/07\/\u5fae\u4fe1\u56fe\u7247_20250715165719-500x500.jpg 500w, https:\/\/vestpetproducts.com\/wp-content\/uploads\/2025\/07\/\u5fae\u4fe1\u56fe\u7247_20250715165719-300x300.jpg 300w, https:\/\/vestpetproducts.com\/wp-content\/uploads\/2025\/07\/\u5fae\u4fe1\u56fe\u7247_20250715165719-768x768.jpg 768w, https:\/\/vestpetproducts.com\/wp-content\/uploads\/2025\/07\/\u5fae\u4fe1\u56fe\u7247_20250715165719-12x12.jpg 12w, https:\/\/vestpetproducts.com\/wp-content\/uploads\/2025\/07\/\u5fae\u4fe1\u56fe\u7247_20250715165719-150x150.jpg 150w, https:\/\/vestpetproducts.com\/wp-content\/uploads\/2025\/07\/\u5fae\u4fe1\u56fe\u7247_20250715165719-75x75.jpg 75w, https:\/\/vestpetproducts.com\/wp-content\/uploads\/2025\/07\/\u5fae\u4fe1\u56fe\u7247_20250715165719-480x480.jpg 480w, https:\/\/vestpetproducts.com\/wp-content\/uploads\/2025\/07\/\u5fae\u4fe1\u56fe\u7247_20250715165719-800x800.jpg 800w\" sizes=\"auto, (max-width:767px) 480px, 680px\" \/><\/p>\n<p><img loading=\"lazy\" decoding=\"async\" class=\"wp-image-391 aligncenter\" src=\"http:\/\/vestpetproducts.com\/wp-content\/uploads\/2025\/07\/\u8d44\u8d28\u8bc1\u4e66\u5c55\u793a.jpg\" alt=\"\" width=\"730\" height=\"814\" srcset=\"https:\/\/vestpetproducts.com\/wp-content\/uploads\/2025\/07\/\u8d44\u8d28\u8bc1\u4e66\u5c55\u793a.jpg 918w, https:\/\/vestpetproducts.com\/wp-content\/uploads\/2025\/07\/\u8d44\u8d28\u8bc1\u4e66\u5c55\u793a-448x500.jpg 448w, https:\/\/vestpetproducts.com\/wp-content\/uploads\/2025\/07\/\u8d44\u8d28\u8bc1\u4e66\u5c55\u793a-269x300.jpg 269w, https:\/\/vestpetproducts.com\/wp-content\/uploads\/2025\/07\/\u8d44\u8d28\u8bc1\u4e66\u5c55\u793a-768x857.jpg 768w, https:\/\/vestpetproducts.com\/wp-content\/uploads\/2025\/07\/\u8d44\u8d28\u8bc1\u4e66\u5c55\u793a-11x12.jpg 11w, https:\/\/vestpetproducts.com\/wp-content\/uploads\/2025\/07\/\u8d44\u8d28\u8bc1\u4e66\u5c55\u793a-67x75.jpg 67w, https:\/\/vestpetproducts.com\/wp-content\/uploads\/2025\/07\/\u8d44\u8d28\u8bc1\u4e66\u5c55\u793a-480x535.jpg 480w, https:\/\/vestpetproducts.com\/wp-content\/uploads\/2025\/07\/\u8d44\u8d28\u8bc1\u4e66\u5c55\u793a-800x892.jpg 800w\" sizes=\"auto, (max-width:767px) 480px, 730px\" \/><\/p>\n<p>&nbsp;<\/p>\n<p><img loading=\"lazy\" decoding=\"async\" class=\"aligncenter wp-image-379\" src=\"http:\/\/vestpetproducts.com\/wp-content\/uploads\/2025\/07\/\u5fae\u4fe1\u56fe\u7247_20250715165659.jpg\" alt=\"\" width=\"728\" height=\"1056\" srcset=\"https:\/\/vestpetproducts.com\/wp-content\/uploads\/2025\/07\/\u5fae\u4fe1\u56fe\u7247_20250715165659.jpg 803w, https:\/\/vestpetproducts.com\/wp-content\/uploads\/2025\/07\/\u5fae\u4fe1\u56fe\u7247_20250715165659-345x500.jpg 345w, https:\/\/vestpetproducts.com\/wp-content\/uploads\/2025\/07\/\u5fae\u4fe1\u56fe\u7247_20250715165659-207x300.jpg 207w, https:\/\/vestpetproducts.com\/wp-content\/uploads\/2025\/07\/\u5fae\u4fe1\u56fe\u7247_20250715165659-768x1114.jpg 768w, https:\/\/vestpetproducts.com\/wp-content\/uploads\/2025\/07\/\u5fae\u4fe1\u56fe\u7247_20250715165659-8x12.jpg 8w, https:\/\/vestpetproducts.com\/wp-content\/uploads\/2025\/07\/\u5fae\u4fe1\u56fe\u7247_20250715165659-52x75.jpg 52w, https:\/\/vestpetproducts.com\/wp-content\/uploads\/2025\/07\/\u5fae\u4fe1\u56fe\u7247_20250715165659-480x696.jpg 480w, https:\/\/vestpetproducts.com\/wp-content\/uploads\/2025\/07\/\u5fae\u4fe1\u56fe\u7247_20250715165659-800x1161.jpg 800w\" sizes=\"auto, (max-width:767px) 480px, 728px\" \/><\/p>","protected":false},"excerpt":{"rendered":"<p>Peso unitario: 85 g*ud.<\/p>\n<p>Sabor: Pollo, ternera, pollo y at\u00fan<\/p>\n<p>\ud83d\udc31\ud83d\udc96\u3010\u00a1Un fest\u00edn de carne de verdad!\u3011Comida nutritiva para gatos en latas con m\u00faltiples sabores, formulada cient\u00edficamente para satisfacer incluso a los paladares m\u00e1s exigentes. \ud83d\udc96\ud83d\udc31<br \/>\nTexto principal:<br \/>\nIngredientes premium seleccionados, \u00a1con calidad visible!<br \/>\n1: Pechuga de pollo + h\u00edgado de pollo + coraz\u00f3n de pollo + pasta de m\u00e9dula \u00f3sea de pollo, combinados con zanahorias, \u00a1para una textura suave y una nutrici\u00f3n equilibrada!<br \/>\n2: Pechuga de pollo + h\u00edgado de pollo + carne de res + pasta de m\u00e9dula \u00f3sea de pollo, \u00a1fuentes de carne duales para satisfacer las diversas preferencias de carne de los gatos!<br \/>\n3: Pechuga de pollo + at\u00fan + h\u00edgado de pollo + coraz\u00f3n de pollo, una mezcla perfecta de mariscos y aves, \u00a1incluso los gatos m\u00e1s exigentes se vuelven locos!<br \/>\n\u00a1Formulado cient\u00edficamente para duplicar los beneficios para la salud!<br \/>\nNutrientes esenciales: taurina, vitaminas (A\/D3\/E), minerales (hierro, cobre, zinc, etc.), \u00a1que favorecen el coraz\u00f3n, la visi\u00f3n y la inmunidad de tu gato!<\/p>","protected":false},"featured_media":821,"template":"","meta":{"content-type":""},"product_brand":[],"product_cat":[14,121],"product_tag":[],"class_list":{"0":"post-819","1":"product","2":"type-product","3":"status-publish","4":"has-post-thumbnail","6":"product_cat-pet-food","7":"product_cat-wet-food","9":"first","10":"instock","11":"shipping-taxable","12":"product-type-simple"},"yoast_head":"<!-- This site is optimized with the Yoast SEO plugin v24.9 - https:\/\/yoast.com\/wordpress\/plugins\/seo\/ -->\n<title>Mouse Pet Food Addictive Free Wholesale OEM ODM Canned Food Kittens Can Be Customization - Shandong Vest International Trade Co., Ltd.<\/title>\n<meta name=\"robots\" content=\"index, follow, max-snippet:-1, max-image-preview:large, max-video-preview:-1\" \/>\n<link rel=\"canonical\" href=\"https:\/\/vestpetproducts.com\/es\/producto\/mouse-pet-food-addictive-free-wholesale-oem-odm-canned-food-kittens-can-be-customization\/\" \/>\n<meta property=\"og:locale\" content=\"es_ES\" \/>\n<meta property=\"og:type\" content=\"article\" \/>\n<meta property=\"og:title\" content=\"Mouse Pet Food Addictive Free Wholesale OEM ODM Canned Food Kittens Can Be Customization - Shandong Vest International Trade Co., Ltd.\" \/>\n<meta property=\"og:description\" content=\"Unit Weight\uff1a85g*pc  Flavor\uff1aChicken\u00a0 \u00a0Beef\u00a0 \u00a0Chicken+Tuna  &#x1f431;&#x1f496;\u3010A Feast of Real Meat!\u3011Multi-flavoured nutritious cat food cans \u2014 scientifically formulated to satisfy even the most discerning palates! &#x1f496;&#x1f431; Main Text: Selected premium ingredients, with visible quality! 1: Chicken breast + chicken liver + chicken heart + chicken bone marrow paste, paired with carrots, for a smooth texture and balanced nutrition! 2: Chicken breast + chicken liver + beef + chicken bone marrow paste, dual meat sources to meet cats&#039; diverse meat preferences! 3: Chicken breast + tuna + chicken liver + chicken heart, a perfect blend of seafood and poultry, even picky cats go wild! Scientifically formulated for double the health benefits! Essential nutrients: taurine, vitamins (A\/D3\/E), minerals (iron, copper, zinc, etc.), supporting your cat&#039;s heart, vision, and immunity!\" \/>\n<meta property=\"og:url\" content=\"https:\/\/vestpetproducts.com\/es\/producto\/mouse-pet-food-addictive-free-wholesale-oem-odm-canned-food-kittens-can-be-customization\/\" \/>\n<meta property=\"og:site_name\" content=\"Shandong Vest International Trade Co., Ltd.\" \/>\n<meta property=\"article:modified_time\" content=\"2025-08-12T07:31:39+00:00\" \/>\n<meta property=\"og:image\" content=\"https:\/\/vestpetproducts.com\/wp-content\/uploads\/2025\/07\/\u6cd5\u6069\u8d1d85g\u6155\u65af\u7f50\u4e3b\u56fe-2.jpg\" \/>\n\t<meta property=\"og:image:width\" content=\"800\" \/>\n\t<meta property=\"og:image:height\" content=\"800\" \/>\n\t<meta property=\"og:image:type\" content=\"image\/jpeg\" \/>\n<meta name=\"twitter:card\" content=\"summary_large_image\" \/>\n<meta name=\"twitter:label1\" content=\"Tiempo de lectura\" \/>\n\t<meta name=\"twitter:data1\" content=\"2 minutos\" \/>\n<script type=\"application\/ld+json\" class=\"yoast-schema-graph\">{\"@context\":\"https:\/\/schema.org\",\"@graph\":[{\"@type\":\"WebPage\",\"@id\":\"https:\/\/vestpetproducts.com\/product\/mouse-pet-food-addictive-free-wholesale-oem-odm-canned-food-kittens-can-be-customization\/\",\"url\":\"https:\/\/vestpetproducts.com\/product\/mouse-pet-food-addictive-free-wholesale-oem-odm-canned-food-kittens-can-be-customization\/\",\"name\":\"Mouse Pet Food Addictive Free Wholesale OEM ODM Canned Food Kittens Can Be Customization - Shandong Vest International Trade Co., Ltd.\",\"isPartOf\":{\"@id\":\"https:\/\/vestpetproducts.com\/#website\"},\"primaryImageOfPage\":{\"@id\":\"https:\/\/vestpetproducts.com\/product\/mouse-pet-food-addictive-free-wholesale-oem-odm-canned-food-kittens-can-be-customization\/#primaryimage\"},\"image\":{\"@id\":\"https:\/\/vestpetproducts.com\/product\/mouse-pet-food-addictive-free-wholesale-oem-odm-canned-food-kittens-can-be-customization\/#primaryimage\"},\"thumbnailUrl\":\"https:\/\/vestpetproducts.com\/wp-content\/uploads\/2025\/07\/\u6cd5\u6069\u8d1d85g\u6155\u65af\u7f50\u4e3b\u56fe-2.jpg\",\"datePublished\":\"2025-07-17T09:24:59+00:00\",\"dateModified\":\"2025-08-12T07:31:39+00:00\",\"breadcrumb\":{\"@id\":\"https:\/\/vestpetproducts.com\/product\/mouse-pet-food-addictive-free-wholesale-oem-odm-canned-food-kittens-can-be-customization\/#breadcrumb\"},\"inLanguage\":\"es\",\"potentialAction\":[{\"@type\":\"ReadAction\",\"target\":[\"https:\/\/vestpetproducts.com\/product\/mouse-pet-food-addictive-free-wholesale-oem-odm-canned-food-kittens-can-be-customization\/\"]}]},{\"@type\":\"ImageObject\",\"inLanguage\":\"es\",\"@id\":\"https:\/\/vestpetproducts.com\/product\/mouse-pet-food-addictive-free-wholesale-oem-odm-canned-food-kittens-can-be-customization\/#primaryimage\",\"url\":\"https:\/\/vestpetproducts.com\/wp-content\/uploads\/2025\/07\/\u6cd5\u6069\u8d1d85g\u6155\u65af\u7f50\u4e3b\u56fe-2.jpg\",\"contentUrl\":\"https:\/\/vestpetproducts.com\/wp-content\/uploads\/2025\/07\/\u6cd5\u6069\u8d1d85g\u6155\u65af\u7f50\u4e3b\u56fe-2.jpg\",\"width\":800,\"height\":800},{\"@type\":\"BreadcrumbList\",\"@id\":\"https:\/\/vestpetproducts.com\/product\/mouse-pet-food-addictive-free-wholesale-oem-odm-canned-food-kittens-can-be-customization\/#breadcrumb\",\"itemListElement\":[{\"@type\":\"ListItem\",\"position\":1,\"name\":\"\u9996\u9875\",\"item\":\"https:\/\/vestpetproducts.com\/\"},{\"@type\":\"ListItem\",\"position\":2,\"name\":\"Product\",\"item\":\"https:\/\/vestpetproducts.com\/product\/\"},{\"@type\":\"ListItem\",\"position\":3,\"name\":\"Mouse Pet Food Addictive Free Wholesale OEM ODM Canned Food Kittens Can Be Customization\"}]},{\"@type\":\"WebSite\",\"@id\":\"https:\/\/vestpetproducts.com\/#website\",\"url\":\"https:\/\/vestpetproducts.com\/\",\"name\":\"Shandong Vest International Trade Co., Ltd.\",\"description\":\"Shandong Vest International Trade Co., Ltd.\",\"potentialAction\":[{\"@type\":\"SearchAction\",\"target\":{\"@type\":\"EntryPoint\",\"urlTemplate\":\"https:\/\/vestpetproducts.com\/?s={search_term_string}\"},\"query-input\":{\"@type\":\"PropertyValueSpecification\",\"valueRequired\":true,\"valueName\":\"search_term_string\"}}],\"inLanguage\":\"es\"}]}<\/script>\n<!-- \/ Yoast SEO plugin. -->","yoast_head_json":{"title":"Mouse Pet Food Addictive Free Wholesale OEM ODM Canned Food Kittens Can Be Customization - Shandong Vest International Trade Co., Ltd.","robots":{"index":"index","follow":"follow","max-snippet":"max-snippet:-1","max-image-preview":"max-image-preview:large","max-video-preview":"max-video-preview:-1"},"canonical":"https:\/\/vestpetproducts.com\/es\/producto\/mouse-pet-food-addictive-free-wholesale-oem-odm-canned-food-kittens-can-be-customization\/","og_locale":"es_ES","og_type":"article","og_title":"Mouse Pet Food Addictive Free Wholesale OEM ODM Canned Food Kittens Can Be Customization - Shandong Vest International Trade Co., Ltd.","og_description":"Unit Weight\uff1a85g*pc  Flavor\uff1aChicken\u00a0 \u00a0Beef\u00a0 \u00a0Chicken+Tuna  &#x1f431;&#x1f496;\u3010A Feast of Real Meat!\u3011Multi-flavoured nutritious cat food cans \u2014 scientifically formulated to satisfy even the most discerning palates! &#x1f496;&#x1f431; Main Text: Selected premium ingredients, with visible quality! 1: Chicken breast + chicken liver + chicken heart + chicken bone marrow paste, paired with carrots, for a smooth texture and balanced nutrition! 2: Chicken breast + chicken liver + beef + chicken bone marrow paste, dual meat sources to meet cats' diverse meat preferences! 3: Chicken breast + tuna + chicken liver + chicken heart, a perfect blend of seafood and poultry, even picky cats go wild! Scientifically formulated for double the health benefits! Essential nutrients: taurine, vitamins (A\/D3\/E), minerals (iron, copper, zinc, etc.), supporting your cat's heart, vision, and immunity!","og_url":"https:\/\/vestpetproducts.com\/es\/producto\/mouse-pet-food-addictive-free-wholesale-oem-odm-canned-food-kittens-can-be-customization\/","og_site_name":"Shandong Vest International Trade Co., Ltd.","article_modified_time":"2025-08-12T07:31:39+00:00","og_image":[{"width":800,"height":800,"url":"https:\/\/vestpetproducts.com\/wp-content\/uploads\/2025\/07\/\u6cd5\u6069\u8d1d85g\u6155\u65af\u7f50\u4e3b\u56fe-2.jpg","type":"image\/jpeg"}],"twitter_card":"summary_large_image","twitter_misc":{"Tiempo de lectura":"2 minutos"},"schema":{"@context":"https:\/\/schema.org","@graph":[{"@type":"WebPage","@id":"https:\/\/vestpetproducts.com\/product\/mouse-pet-food-addictive-free-wholesale-oem-odm-canned-food-kittens-can-be-customization\/","url":"https:\/\/vestpetproducts.com\/product\/mouse-pet-food-addictive-free-wholesale-oem-odm-canned-food-kittens-can-be-customization\/","name":"Mouse Pet Food Addictive Free Wholesale OEM ODM Canned Food Kittens Can Be Customization - Shandong Vest International Trade Co., Ltd.","isPartOf":{"@id":"https:\/\/vestpetproducts.com\/#website"},"primaryImageOfPage":{"@id":"https:\/\/vestpetproducts.com\/product\/mouse-pet-food-addictive-free-wholesale-oem-odm-canned-food-kittens-can-be-customization\/#primaryimage"},"image":{"@id":"https:\/\/vestpetproducts.com\/product\/mouse-pet-food-addictive-free-wholesale-oem-odm-canned-food-kittens-can-be-customization\/#primaryimage"},"thumbnailUrl":"https:\/\/vestpetproducts.com\/wp-content\/uploads\/2025\/07\/\u6cd5\u6069\u8d1d85g\u6155\u65af\u7f50\u4e3b\u56fe-2.jpg","datePublished":"2025-07-17T09:24:59+00:00","dateModified":"2025-08-12T07:31:39+00:00","breadcrumb":{"@id":"https:\/\/vestpetproducts.com\/product\/mouse-pet-food-addictive-free-wholesale-oem-odm-canned-food-kittens-can-be-customization\/#breadcrumb"},"inLanguage":"es","potentialAction":[{"@type":"ReadAction","target":["https:\/\/vestpetproducts.com\/product\/mouse-pet-food-addictive-free-wholesale-oem-odm-canned-food-kittens-can-be-customization\/"]}]},{"@type":"ImageObject","inLanguage":"es","@id":"https:\/\/vestpetproducts.com\/product\/mouse-pet-food-addictive-free-wholesale-oem-odm-canned-food-kittens-can-be-customization\/#primaryimage","url":"https:\/\/vestpetproducts.com\/wp-content\/uploads\/2025\/07\/\u6cd5\u6069\u8d1d85g\u6155\u65af\u7f50\u4e3b\u56fe-2.jpg","contentUrl":"https:\/\/vestpetproducts.com\/wp-content\/uploads\/2025\/07\/\u6cd5\u6069\u8d1d85g\u6155\u65af\u7f50\u4e3b\u56fe-2.jpg","width":800,"height":800},{"@type":"BreadcrumbList","@id":"https:\/\/vestpetproducts.com\/product\/mouse-pet-food-addictive-free-wholesale-oem-odm-canned-food-kittens-can-be-customization\/#breadcrumb","itemListElement":[{"@type":"ListItem","position":1,"name":"\u9996\u9875","item":"https:\/\/vestpetproducts.com\/"},{"@type":"ListItem","position":2,"name":"Product","item":"https:\/\/vestpetproducts.com\/product\/"},{"@type":"ListItem","position":3,"name":"Mouse Pet Food Addictive Free Wholesale OEM ODM Canned Food Kittens Can Be Customization"}]},{"@type":"WebSite","@id":"https:\/\/vestpetproducts.com\/#website","url":"https:\/\/vestpetproducts.com\/","name":"Shandong Vest International Trade Co., Ltd.","description":"Shandong Vest International Trade Co., Ltd.","potentialAction":[{"@type":"SearchAction","target":{"@type":"EntryPoint","urlTemplate":"https:\/\/vestpetproducts.com\/?s={search_term_string}"},"query-input":{"@type":"PropertyValueSpecification","valueRequired":true,"valueName":"search_term_string"}}],"inLanguage":"es"}]}},"_links":{"self":[{"href":"https:\/\/vestpetproducts.com\/es\/wp-json\/wp\/v2\/product\/819","targetHints":{"allow":["GET"]}}],"collection":[{"href":"https:\/\/vestpetproducts.com\/es\/wp-json\/wp\/v2\/product"}],"about":[{"href":"https:\/\/vestpetproducts.com\/es\/wp-json\/wp\/v2\/types\/product"}],"wp:featuredmedia":[{"embeddable":true,"href":"https:\/\/vestpetproducts.com\/es\/wp-json\/wp\/v2\/media\/821"}],"wp:attachment":[{"href":"https:\/\/vestpetproducts.com\/es\/wp-json\/wp\/v2\/media?parent=819"}],"wp:term":[{"taxonomy":"product_brand","embeddable":true,"href":"https:\/\/vestpetproducts.com\/es\/wp-json\/wp\/v2\/product_brand?post=819"},{"taxonomy":"product_cat","embeddable":true,"href":"https:\/\/vestpetproducts.com\/es\/wp-json\/wp\/v2\/product_cat?post=819"},{"taxonomy":"product_tag","embeddable":true,"href":"https:\/\/vestpetproducts.com\/es\/wp-json\/wp\/v2\/product_tag?post=819"}],"curies":[{"name":"wp","href":"https:\/\/api.w.org\/{rel}","templated":true}]}}