{"id":762,"date":"2025-07-17T07:50:43","date_gmt":"2025-07-17T07:50:43","guid":{"rendered":"https:\/\/vestpetproducts.com\/?post_type=product&#038;p=762"},"modified":"2025-08-12T08:07:41","modified_gmt":"2025-08-12T08:07:41","slug":"pet-snack-wholesale-mousse-wet-food-pouch-bulk-2025-new-package-chicken-tuna-beef-all-life-stages-85g-for-cat-and-dog-oem-odm","status":"publish","type":"product","link":"https:\/\/vestpetproducts.com\/es\/producto\/pet-snack-wholesale-mousse-wet-food-pouch-bulk-2025-new-package-chicken-tuna-beef-all-life-stages-85g-for-cat-and-dog-oem-odm\/","title":{"rendered":"Snack para mascotas, mousse de comida h\u00fameda al por mayor, bolsa a granel (2025), pollo, at\u00fan, res, todas las etapas de la vida, 85 g, para gatos y perros, OEM\/ODM."},"content":{"rendered":"<p><img loading=\"lazy\" decoding=\"async\" class=\"aligncenter size-full wp-image-768\" src=\"http:\/\/vestpetproducts.com\/wp-content\/uploads\/2025\/07\/85g\u5ba0\u7269\u6155\u65af\u6e7f\u7cae\u5305\u76d2\u88c501.jpg\" alt=\"\" width=\"750\" height=\"926\" srcset=\"https:\/\/vestpetproducts.com\/wp-content\/uploads\/2025\/07\/85g\u5ba0\u7269\u6155\u65af\u6e7f\u7cae\u5305\u76d2\u88c501.jpg 750w, https:\/\/vestpetproducts.com\/wp-content\/uploads\/2025\/07\/85g\u5ba0\u7269\u6155\u65af\u6e7f\u7cae\u5305\u76d2\u88c501-405x500.jpg 405w, https:\/\/vestpetproducts.com\/wp-content\/uploads\/2025\/07\/85g\u5ba0\u7269\u6155\u65af\u6e7f\u7cae\u5305\u76d2\u88c501-243x300.jpg 243w, https:\/\/vestpetproducts.com\/wp-content\/uploads\/2025\/07\/85g\u5ba0\u7269\u6155\u65af\u6e7f\u7cae\u5305\u76d2\u88c501-10x12.jpg 10w, https:\/\/vestpetproducts.com\/wp-content\/uploads\/2025\/07\/85g\u5ba0\u7269\u6155\u65af\u6e7f\u7cae\u5305\u76d2\u88c501-61x75.jpg 61w, https:\/\/vestpetproducts.com\/wp-content\/uploads\/2025\/07\/85g\u5ba0\u7269\u6155\u65af\u6e7f\u7cae\u5305\u76d2\u88c501-480x593.jpg 480w\" sizes=\"auto, (max-width:767px) 480px, 750px\" \/> <img loading=\"lazy\" decoding=\"async\" class=\"aligncenter size-full wp-image-769\" src=\"http:\/\/vestpetproducts.com\/wp-content\/uploads\/2025\/07\/85g\u5ba0\u7269\u6155\u65af\u6e7f\u7cae\u5305\u76d2\u88c502.jpg\" alt=\"\" width=\"750\" height=\"830\" srcset=\"https:\/\/vestpetproducts.com\/wp-content\/uploads\/2025\/07\/85g\u5ba0\u7269\u6155\u65af\u6e7f\u7cae\u5305\u76d2\u88c502.jpg 750w, https:\/\/vestpetproducts.com\/wp-content\/uploads\/2025\/07\/85g\u5ba0\u7269\u6155\u65af\u6e7f\u7cae\u5305\u76d2\u88c502-452x500.jpg 452w, https:\/\/vestpetproducts.com\/wp-content\/uploads\/2025\/07\/85g\u5ba0\u7269\u6155\u65af\u6e7f\u7cae\u5305\u76d2\u88c502-271x300.jpg 271w, https:\/\/vestpetproducts.com\/wp-content\/uploads\/2025\/07\/85g\u5ba0\u7269\u6155\u65af\u6e7f\u7cae\u5305\u76d2\u88c502-11x12.jpg 11w, https:\/\/vestpetproducts.com\/wp-content\/uploads\/2025\/07\/85g\u5ba0\u7269\u6155\u65af\u6e7f\u7cae\u5305\u76d2\u88c502-68x75.jpg 68w, https:\/\/vestpetproducts.com\/wp-content\/uploads\/2025\/07\/85g\u5ba0\u7269\u6155\u65af\u6e7f\u7cae\u5305\u76d2\u88c502-480x531.jpg 480w\" sizes=\"auto, (max-width:767px) 480px, 750px\" \/> <img loading=\"lazy\" decoding=\"async\" class=\"aligncenter size-full wp-image-770\" src=\"http:\/\/vestpetproducts.com\/wp-content\/uploads\/2025\/07\/85g\u5ba0\u7269\u6155\u65af\u6e7f\u7cae\u5305\u76d2\u88c503.jpg\" alt=\"\" width=\"750\" height=\"815\" srcset=\"https:\/\/vestpetproducts.com\/wp-content\/uploads\/2025\/07\/85g\u5ba0\u7269\u6155\u65af\u6e7f\u7cae\u5305\u76d2\u88c503.jpg 750w, https:\/\/vestpetproducts.com\/wp-content\/uploads\/2025\/07\/85g\u5ba0\u7269\u6155\u65af\u6e7f\u7cae\u5305\u76d2\u88c503-460x500.jpg 460w, https:\/\/vestpetproducts.com\/wp-content\/uploads\/2025\/07\/85g\u5ba0\u7269\u6155\u65af\u6e7f\u7cae\u5305\u76d2\u88c503-276x300.jpg 276w, https:\/\/vestpetproducts.com\/wp-content\/uploads\/2025\/07\/85g\u5ba0\u7269\u6155\u65af\u6e7f\u7cae\u5305\u76d2\u88c503-11x12.jpg 11w, https:\/\/vestpetproducts.com\/wp-content\/uploads\/2025\/07\/85g\u5ba0\u7269\u6155\u65af\u6e7f\u7cae\u5305\u76d2\u88c503-69x75.jpg 69w, https:\/\/vestpetproducts.com\/wp-content\/uploads\/2025\/07\/85g\u5ba0\u7269\u6155\u65af\u6e7f\u7cae\u5305\u76d2\u88c503-480x522.jpg 480w\" sizes=\"auto, (max-width:767px) 480px, 750px\" \/> <img loading=\"lazy\" decoding=\"async\" class=\"aligncenter size-full wp-image-771\" src=\"http:\/\/vestpetproducts.com\/wp-content\/uploads\/2025\/07\/85g\u5ba0\u7269\u6155\u65af\u6e7f\u7cae\u5305\u76d2\u88c504.jpg\" alt=\"\" width=\"750\" height=\"768\" srcset=\"https:\/\/vestpetproducts.com\/wp-content\/uploads\/2025\/07\/85g\u5ba0\u7269\u6155\u65af\u6e7f\u7cae\u5305\u76d2\u88c504.jpg 750w, https:\/\/vestpetproducts.com\/wp-content\/uploads\/2025\/07\/85g\u5ba0\u7269\u6155\u65af\u6e7f\u7cae\u5305\u76d2\u88c504-488x500.jpg 488w, https:\/\/vestpetproducts.com\/wp-content\/uploads\/2025\/07\/85g\u5ba0\u7269\u6155\u65af\u6e7f\u7cae\u5305\u76d2\u88c504-293x300.jpg 293w, https:\/\/vestpetproducts.com\/wp-content\/uploads\/2025\/07\/85g\u5ba0\u7269\u6155\u65af\u6e7f\u7cae\u5305\u76d2\u88c504-12x12.jpg 12w, https:\/\/vestpetproducts.com\/wp-content\/uploads\/2025\/07\/85g\u5ba0\u7269\u6155\u65af\u6e7f\u7cae\u5305\u76d2\u88c504-73x75.jpg 73w, https:\/\/vestpetproducts.com\/wp-content\/uploads\/2025\/07\/85g\u5ba0\u7269\u6155\u65af\u6e7f\u7cae\u5305\u76d2\u88c504-480x492.jpg 480w\" sizes=\"auto, (max-width:767px) 480px, 750px\" \/> <img loading=\"lazy\" decoding=\"async\" class=\"aligncenter size-full wp-image-772\" src=\"http:\/\/vestpetproducts.com\/wp-content\/uploads\/2025\/07\/85g\u5ba0\u7269\u6155\u65af\u6e7f\u7cae\u5305\u76d2\u88c505.jpg\" alt=\"\" width=\"750\" height=\"1044\" srcset=\"https:\/\/vestpetproducts.com\/wp-content\/uploads\/2025\/07\/85g\u5ba0\u7269\u6155\u65af\u6e7f\u7cae\u5305\u76d2\u88c505.jpg 750w, https:\/\/vestpetproducts.com\/wp-content\/uploads\/2025\/07\/85g\u5ba0\u7269\u6155\u65af\u6e7f\u7cae\u5305\u76d2\u88c505-359x500.jpg 359w, https:\/\/vestpetproducts.com\/wp-content\/uploads\/2025\/07\/85g\u5ba0\u7269\u6155\u65af\u6e7f\u7cae\u5305\u76d2\u88c505-216x300.jpg 216w, https:\/\/vestpetproducts.com\/wp-content\/uploads\/2025\/07\/85g\u5ba0\u7269\u6155\u65af\u6e7f\u7cae\u5305\u76d2\u88c505-9x12.jpg 9w, https:\/\/vestpetproducts.com\/wp-content\/uploads\/2025\/07\/85g\u5ba0\u7269\u6155\u65af\u6e7f\u7cae\u5305\u76d2\u88c505-54x75.jpg 54w, https:\/\/vestpetproducts.com\/wp-content\/uploads\/2025\/07\/85g\u5ba0\u7269\u6155\u65af\u6e7f\u7cae\u5305\u76d2\u88c505-480x668.jpg 480w\" sizes=\"auto, (max-width:767px) 480px, 750px\" \/> <img loading=\"lazy\" decoding=\"async\" class=\"aligncenter wp-image-374\" src=\"http:\/\/vestpetproducts.com\/wp-content\/uploads\/2025\/07\/\u5fae\u4fe1\u56fe\u7247_20250715165725.jpg\" alt=\"\" width=\"766\" height=\"766\" srcset=\"https:\/\/vestpetproducts.com\/wp-content\/uploads\/2025\/07\/\u5fae\u4fe1\u56fe\u7247_20250715165725.jpg 800w, https:\/\/vestpetproducts.com\/wp-content\/uploads\/2025\/07\/\u5fae\u4fe1\u56fe\u7247_20250715165725-500x500.jpg 500w, https:\/\/vestpetproducts.com\/wp-content\/uploads\/2025\/07\/\u5fae\u4fe1\u56fe\u7247_20250715165725-300x300.jpg 300w, https:\/\/vestpetproducts.com\/wp-content\/uploads\/2025\/07\/\u5fae\u4fe1\u56fe\u7247_20250715165725-768x768.jpg 768w, https:\/\/vestpetproducts.com\/wp-content\/uploads\/2025\/07\/\u5fae\u4fe1\u56fe\u7247_20250715165725-12x12.jpg 12w, https:\/\/vestpetproducts.com\/wp-content\/uploads\/2025\/07\/\u5fae\u4fe1\u56fe\u7247_20250715165725-150x150.jpg 150w, https:\/\/vestpetproducts.com\/wp-content\/uploads\/2025\/07\/\u5fae\u4fe1\u56fe\u7247_20250715165725-75x75.jpg 75w, https:\/\/vestpetproducts.com\/wp-content\/uploads\/2025\/07\/\u5fae\u4fe1\u56fe\u7247_20250715165725-480x480.jpg 480w\" sizes=\"auto, (max-width:767px) 480px, 766px\" \/><img loading=\"lazy\" decoding=\"async\" class=\"aligncenter wp-image-376\" src=\"http:\/\/vestpetproducts.com\/wp-content\/uploads\/2025\/07\/\u5fae\u4fe1\u56fe\u7247_20250715165719.jpg\" alt=\"\" width=\"680\" height=\"680\" srcset=\"https:\/\/vestpetproducts.com\/wp-content\/uploads\/2025\/07\/\u5fae\u4fe1\u56fe\u7247_20250715165719.jpg 1200w, https:\/\/vestpetproducts.com\/wp-content\/uploads\/2025\/07\/\u5fae\u4fe1\u56fe\u7247_20250715165719-500x500.jpg 500w, https:\/\/vestpetproducts.com\/wp-content\/uploads\/2025\/07\/\u5fae\u4fe1\u56fe\u7247_20250715165719-300x300.jpg 300w, https:\/\/vestpetproducts.com\/wp-content\/uploads\/2025\/07\/\u5fae\u4fe1\u56fe\u7247_20250715165719-768x768.jpg 768w, https:\/\/vestpetproducts.com\/wp-content\/uploads\/2025\/07\/\u5fae\u4fe1\u56fe\u7247_20250715165719-12x12.jpg 12w, https:\/\/vestpetproducts.com\/wp-content\/uploads\/2025\/07\/\u5fae\u4fe1\u56fe\u7247_20250715165719-150x150.jpg 150w, https:\/\/vestpetproducts.com\/wp-content\/uploads\/2025\/07\/\u5fae\u4fe1\u56fe\u7247_20250715165719-75x75.jpg 75w, https:\/\/vestpetproducts.com\/wp-content\/uploads\/2025\/07\/\u5fae\u4fe1\u56fe\u7247_20250715165719-480x480.jpg 480w, https:\/\/vestpetproducts.com\/wp-content\/uploads\/2025\/07\/\u5fae\u4fe1\u56fe\u7247_20250715165719-800x800.jpg 800w\" sizes=\"auto, (max-width:767px) 480px, 680px\" \/><\/p>\n<p><img loading=\"lazy\" decoding=\"async\" class=\"wp-image-391 aligncenter\" src=\"http:\/\/vestpetproducts.com\/wp-content\/uploads\/2025\/07\/\u8d44\u8d28\u8bc1\u4e66\u5c55\u793a.jpg\" alt=\"\" width=\"730\" height=\"814\" srcset=\"https:\/\/vestpetproducts.com\/wp-content\/uploads\/2025\/07\/\u8d44\u8d28\u8bc1\u4e66\u5c55\u793a.jpg 918w, https:\/\/vestpetproducts.com\/wp-content\/uploads\/2025\/07\/\u8d44\u8d28\u8bc1\u4e66\u5c55\u793a-448x500.jpg 448w, https:\/\/vestpetproducts.com\/wp-content\/uploads\/2025\/07\/\u8d44\u8d28\u8bc1\u4e66\u5c55\u793a-269x300.jpg 269w, https:\/\/vestpetproducts.com\/wp-content\/uploads\/2025\/07\/\u8d44\u8d28\u8bc1\u4e66\u5c55\u793a-768x857.jpg 768w, https:\/\/vestpetproducts.com\/wp-content\/uploads\/2025\/07\/\u8d44\u8d28\u8bc1\u4e66\u5c55\u793a-11x12.jpg 11w, https:\/\/vestpetproducts.com\/wp-content\/uploads\/2025\/07\/\u8d44\u8d28\u8bc1\u4e66\u5c55\u793a-67x75.jpg 67w, https:\/\/vestpetproducts.com\/wp-content\/uploads\/2025\/07\/\u8d44\u8d28\u8bc1\u4e66\u5c55\u793a-480x535.jpg 480w, https:\/\/vestpetproducts.com\/wp-content\/uploads\/2025\/07\/\u8d44\u8d28\u8bc1\u4e66\u5c55\u793a-800x892.jpg 800w\" sizes=\"auto, (max-width:767px) 480px, 730px\" \/><\/p>\n<p>&nbsp;<\/p>\n<p><img loading=\"lazy\" decoding=\"async\" class=\"aligncenter wp-image-379\" src=\"http:\/\/vestpetproducts.com\/wp-content\/uploads\/2025\/07\/\u5fae\u4fe1\u56fe\u7247_20250715165659.jpg\" alt=\"\" width=\"728\" height=\"1056\" srcset=\"https:\/\/vestpetproducts.com\/wp-content\/uploads\/2025\/07\/\u5fae\u4fe1\u56fe\u7247_20250715165659.jpg 803w, https:\/\/vestpetproducts.com\/wp-content\/uploads\/2025\/07\/\u5fae\u4fe1\u56fe\u7247_20250715165659-345x500.jpg 345w, https:\/\/vestpetproducts.com\/wp-content\/uploads\/2025\/07\/\u5fae\u4fe1\u56fe\u7247_20250715165659-207x300.jpg 207w, https:\/\/vestpetproducts.com\/wp-content\/uploads\/2025\/07\/\u5fae\u4fe1\u56fe\u7247_20250715165659-768x1114.jpg 768w, https:\/\/vestpetproducts.com\/wp-content\/uploads\/2025\/07\/\u5fae\u4fe1\u56fe\u7247_20250715165659-8x12.jpg 8w, https:\/\/vestpetproducts.com\/wp-content\/uploads\/2025\/07\/\u5fae\u4fe1\u56fe\u7247_20250715165659-52x75.jpg 52w, https:\/\/vestpetproducts.com\/wp-content\/uploads\/2025\/07\/\u5fae\u4fe1\u56fe\u7247_20250715165659-480x696.jpg 480w, https:\/\/vestpetproducts.com\/wp-content\/uploads\/2025\/07\/\u5fae\u4fe1\u56fe\u7247_20250715165659-800x1161.jpg 800w\" sizes=\"auto, (max-width:767px) 480px, 728px\" \/><\/p>","protected":false},"excerpt":{"rendered":"<p>Peso unitario: 85 g * bolsa<\/p>\n<p>Sabor: Pollo, ternera, pollo y at\u00fan<\/p>\n<p>Alimento h\u00famedo con bolitas de leche de cabra: \u00a1Un triple premio nutritivo, especialmente dise\u00f1ado para gatos exigentes! Nuestro exclusivo caldo de leche de cabra envuelve bolitas de carne grandes, ofreciendo una explosi\u00f3n de sabor en cada bocado.<br \/>\nFuente de prote\u00edna animal 90%+: elaborada con ingredientes reales, sin rellenos de carne en polvo.<br \/>\nRelaci\u00f3n cient\u00edfica de calcio y f\u00f3sforo de 1,2:1: condroitina especialmente a\u00f1adida para proteger la salud de las articulaciones.<\/p>","protected":false},"featured_media":763,"template":"","meta":{"content-type":""},"product_brand":[],"product_cat":[14,121],"product_tag":[],"class_list":{"0":"post-762","1":"product","2":"type-product","3":"status-publish","4":"has-post-thumbnail","6":"product_cat-pet-food","7":"product_cat-wet-food","9":"first","10":"instock","11":"shipping-taxable","12":"product-type-simple"},"yoast_head":"<!-- This site is optimized with the Yoast SEO plugin v24.9 - https:\/\/yoast.com\/wordpress\/plugins\/seo\/ -->\n<title>Pet Snack Wholesale Mousse Wet Food Pouch Bulk 2025 New Package Chicken Tuna Beef All Life Stages 85g for Cat and Dog OEM\/ODM - Shandong Vest International Trade Co., Ltd.<\/title>\n<meta name=\"robots\" content=\"index, follow, max-snippet:-1, max-image-preview:large, max-video-preview:-1\" \/>\n<link rel=\"canonical\" href=\"https:\/\/vestpetproducts.com\/es\/producto\/pet-snack-wholesale-mousse-wet-food-pouch-bulk-2025-new-package-chicken-tuna-beef-all-life-stages-85g-for-cat-and-dog-oem-odm\/\" \/>\n<meta property=\"og:locale\" content=\"es_ES\" \/>\n<meta property=\"og:type\" content=\"article\" \/>\n<meta property=\"og:title\" content=\"Pet Snack Wholesale Mousse Wet Food Pouch Bulk 2025 New Package Chicken Tuna Beef All Life Stages 85g for Cat and Dog OEM\/ODM - Shandong Vest International Trade Co., Ltd.\" \/>\n<meta property=\"og:description\" content=\"Unit Weight\uff1a85g*bag  Flavor\uff1aChicken Beef\u00a0 chicken+tuna  \u3010Goat Milk Meat Ball Wet Food Pack\u3011A triple treat of delicious nutrition \u2014 specially designed for picky cats! Visible goat milk meat balls \u2014 our unique goat milk broth envelops large meat balls, offering an explosion of flavour with every bite. 90%+ animal protein source \u2014 made with real ingredients, no meat powder fillers. Scientific calcium-phosphorus ratio of 1.2:1 \u2014 specially added chondroitin to protect joint health.\" \/>\n<meta property=\"og:url\" content=\"https:\/\/vestpetproducts.com\/es\/producto\/pet-snack-wholesale-mousse-wet-food-pouch-bulk-2025-new-package-chicken-tuna-beef-all-life-stages-85g-for-cat-and-dog-oem-odm\/\" \/>\n<meta property=\"og:site_name\" content=\"Shandong Vest International Trade Co., Ltd.\" \/>\n<meta property=\"article:modified_time\" content=\"2025-08-12T08:07:41+00:00\" \/>\n<meta property=\"og:image\" content=\"https:\/\/vestpetproducts.com\/wp-content\/uploads\/2025\/07\/\u6cd5\u6069\u8d1d85g\u6155\u65af\u5305\u4e3b\u56fe\u76d2\u88c5-\u767d\u5e95.jpg\" \/>\n\t<meta property=\"og:image:width\" content=\"800\" \/>\n\t<meta property=\"og:image:height\" content=\"800\" \/>\n\t<meta property=\"og:image:type\" content=\"image\/jpeg\" \/>\n<meta name=\"twitter:card\" content=\"summary_large_image\" \/>\n<meta name=\"twitter:label1\" content=\"Tiempo de lectura\" \/>\n\t<meta name=\"twitter:data1\" content=\"2 minutos\" \/>\n<script type=\"application\/ld+json\" class=\"yoast-schema-graph\">{\"@context\":\"https:\/\/schema.org\",\"@graph\":[{\"@type\":\"WebPage\",\"@id\":\"https:\/\/vestpetproducts.com\/product\/pet-snack-wholesale-mousse-wet-food-pouch-bulk-2025-new-package-chicken-tuna-beef-all-life-stages-85g-for-cat-and-dog-oem-odm\/\",\"url\":\"https:\/\/vestpetproducts.com\/product\/pet-snack-wholesale-mousse-wet-food-pouch-bulk-2025-new-package-chicken-tuna-beef-all-life-stages-85g-for-cat-and-dog-oem-odm\/\",\"name\":\"Pet Snack Wholesale Mousse Wet Food Pouch Bulk 2025 New Package Chicken Tuna Beef All Life Stages 85g for Cat and Dog OEM\/ODM - Shandong Vest International Trade Co., Ltd.\",\"isPartOf\":{\"@id\":\"https:\/\/vestpetproducts.com\/#website\"},\"primaryImageOfPage\":{\"@id\":\"https:\/\/vestpetproducts.com\/product\/pet-snack-wholesale-mousse-wet-food-pouch-bulk-2025-new-package-chicken-tuna-beef-all-life-stages-85g-for-cat-and-dog-oem-odm\/#primaryimage\"},\"image\":{\"@id\":\"https:\/\/vestpetproducts.com\/product\/pet-snack-wholesale-mousse-wet-food-pouch-bulk-2025-new-package-chicken-tuna-beef-all-life-stages-85g-for-cat-and-dog-oem-odm\/#primaryimage\"},\"thumbnailUrl\":\"https:\/\/vestpetproducts.com\/wp-content\/uploads\/2025\/07\/\u6cd5\u6069\u8d1d85g\u6155\u65af\u5305\u4e3b\u56fe\u76d2\u88c5-\u767d\u5e95.jpg\",\"datePublished\":\"2025-07-17T07:50:43+00:00\",\"dateModified\":\"2025-08-12T08:07:41+00:00\",\"breadcrumb\":{\"@id\":\"https:\/\/vestpetproducts.com\/product\/pet-snack-wholesale-mousse-wet-food-pouch-bulk-2025-new-package-chicken-tuna-beef-all-life-stages-85g-for-cat-and-dog-oem-odm\/#breadcrumb\"},\"inLanguage\":\"es\",\"potentialAction\":[{\"@type\":\"ReadAction\",\"target\":[\"https:\/\/vestpetproducts.com\/product\/pet-snack-wholesale-mousse-wet-food-pouch-bulk-2025-new-package-chicken-tuna-beef-all-life-stages-85g-for-cat-and-dog-oem-odm\/\"]}]},{\"@type\":\"ImageObject\",\"inLanguage\":\"es\",\"@id\":\"https:\/\/vestpetproducts.com\/product\/pet-snack-wholesale-mousse-wet-food-pouch-bulk-2025-new-package-chicken-tuna-beef-all-life-stages-85g-for-cat-and-dog-oem-odm\/#primaryimage\",\"url\":\"https:\/\/vestpetproducts.com\/wp-content\/uploads\/2025\/07\/\u6cd5\u6069\u8d1d85g\u6155\u65af\u5305\u4e3b\u56fe\u76d2\u88c5-\u767d\u5e95.jpg\",\"contentUrl\":\"https:\/\/vestpetproducts.com\/wp-content\/uploads\/2025\/07\/\u6cd5\u6069\u8d1d85g\u6155\u65af\u5305\u4e3b\u56fe\u76d2\u88c5-\u767d\u5e95.jpg\",\"width\":800,\"height\":800},{\"@type\":\"BreadcrumbList\",\"@id\":\"https:\/\/vestpetproducts.com\/product\/pet-snack-wholesale-mousse-wet-food-pouch-bulk-2025-new-package-chicken-tuna-beef-all-life-stages-85g-for-cat-and-dog-oem-odm\/#breadcrumb\",\"itemListElement\":[{\"@type\":\"ListItem\",\"position\":1,\"name\":\"\u9996\u9875\",\"item\":\"https:\/\/vestpetproducts.com\/\"},{\"@type\":\"ListItem\",\"position\":2,\"name\":\"Product\",\"item\":\"https:\/\/vestpetproducts.com\/product\/\"},{\"@type\":\"ListItem\",\"position\":3,\"name\":\"Pet Snack Wholesale Mousse Wet Food Pouch Bulk 2025 New Package Chicken Tuna Beef All Life Stages 85g for Cat and Dog OEM\/ODM\"}]},{\"@type\":\"WebSite\",\"@id\":\"https:\/\/vestpetproducts.com\/#website\",\"url\":\"https:\/\/vestpetproducts.com\/\",\"name\":\"Shandong Vest International Trade Co., Ltd.\",\"description\":\"Shandong Vest International Trade Co., Ltd.\",\"potentialAction\":[{\"@type\":\"SearchAction\",\"target\":{\"@type\":\"EntryPoint\",\"urlTemplate\":\"https:\/\/vestpetproducts.com\/?s={search_term_string}\"},\"query-input\":{\"@type\":\"PropertyValueSpecification\",\"valueRequired\":true,\"valueName\":\"search_term_string\"}}],\"inLanguage\":\"es\"}]}<\/script>\n<!-- \/ Yoast SEO plugin. -->","yoast_head_json":{"title":"Pet Snack Wholesale Mousse Wet Food Pouch Bulk 2025 New Package Chicken Tuna Beef All Life Stages 85g for Cat and Dog OEM\/ODM - Shandong Vest International Trade Co., Ltd.","robots":{"index":"index","follow":"follow","max-snippet":"max-snippet:-1","max-image-preview":"max-image-preview:large","max-video-preview":"max-video-preview:-1"},"canonical":"https:\/\/vestpetproducts.com\/es\/producto\/pet-snack-wholesale-mousse-wet-food-pouch-bulk-2025-new-package-chicken-tuna-beef-all-life-stages-85g-for-cat-and-dog-oem-odm\/","og_locale":"es_ES","og_type":"article","og_title":"Pet Snack Wholesale Mousse Wet Food Pouch Bulk 2025 New Package Chicken Tuna Beef All Life Stages 85g for Cat and Dog OEM\/ODM - Shandong Vest International Trade Co., Ltd.","og_description":"Unit Weight\uff1a85g*bag  Flavor\uff1aChicken Beef\u00a0 chicken+tuna  \u3010Goat Milk Meat Ball Wet Food Pack\u3011A triple treat of delicious nutrition \u2014 specially designed for picky cats! Visible goat milk meat balls \u2014 our unique goat milk broth envelops large meat balls, offering an explosion of flavour with every bite. 90%+ animal protein source \u2014 made with real ingredients, no meat powder fillers. Scientific calcium-phosphorus ratio of 1.2:1 \u2014 specially added chondroitin to protect joint health.","og_url":"https:\/\/vestpetproducts.com\/es\/producto\/pet-snack-wholesale-mousse-wet-food-pouch-bulk-2025-new-package-chicken-tuna-beef-all-life-stages-85g-for-cat-and-dog-oem-odm\/","og_site_name":"Shandong Vest International Trade Co., Ltd.","article_modified_time":"2025-08-12T08:07:41+00:00","og_image":[{"width":800,"height":800,"url":"https:\/\/vestpetproducts.com\/wp-content\/uploads\/2025\/07\/\u6cd5\u6069\u8d1d85g\u6155\u65af\u5305\u4e3b\u56fe\u76d2\u88c5-\u767d\u5e95.jpg","type":"image\/jpeg"}],"twitter_card":"summary_large_image","twitter_misc":{"Tiempo de lectura":"2 minutos"},"schema":{"@context":"https:\/\/schema.org","@graph":[{"@type":"WebPage","@id":"https:\/\/vestpetproducts.com\/product\/pet-snack-wholesale-mousse-wet-food-pouch-bulk-2025-new-package-chicken-tuna-beef-all-life-stages-85g-for-cat-and-dog-oem-odm\/","url":"https:\/\/vestpetproducts.com\/product\/pet-snack-wholesale-mousse-wet-food-pouch-bulk-2025-new-package-chicken-tuna-beef-all-life-stages-85g-for-cat-and-dog-oem-odm\/","name":"Pet Snack Wholesale Mousse Wet Food Pouch Bulk 2025 New Package Chicken Tuna Beef All Life Stages 85g for Cat and Dog OEM\/ODM - Shandong Vest International Trade Co., Ltd.","isPartOf":{"@id":"https:\/\/vestpetproducts.com\/#website"},"primaryImageOfPage":{"@id":"https:\/\/vestpetproducts.com\/product\/pet-snack-wholesale-mousse-wet-food-pouch-bulk-2025-new-package-chicken-tuna-beef-all-life-stages-85g-for-cat-and-dog-oem-odm\/#primaryimage"},"image":{"@id":"https:\/\/vestpetproducts.com\/product\/pet-snack-wholesale-mousse-wet-food-pouch-bulk-2025-new-package-chicken-tuna-beef-all-life-stages-85g-for-cat-and-dog-oem-odm\/#primaryimage"},"thumbnailUrl":"https:\/\/vestpetproducts.com\/wp-content\/uploads\/2025\/07\/\u6cd5\u6069\u8d1d85g\u6155\u65af\u5305\u4e3b\u56fe\u76d2\u88c5-\u767d\u5e95.jpg","datePublished":"2025-07-17T07:50:43+00:00","dateModified":"2025-08-12T08:07:41+00:00","breadcrumb":{"@id":"https:\/\/vestpetproducts.com\/product\/pet-snack-wholesale-mousse-wet-food-pouch-bulk-2025-new-package-chicken-tuna-beef-all-life-stages-85g-for-cat-and-dog-oem-odm\/#breadcrumb"},"inLanguage":"es","potentialAction":[{"@type":"ReadAction","target":["https:\/\/vestpetproducts.com\/product\/pet-snack-wholesale-mousse-wet-food-pouch-bulk-2025-new-package-chicken-tuna-beef-all-life-stages-85g-for-cat-and-dog-oem-odm\/"]}]},{"@type":"ImageObject","inLanguage":"es","@id":"https:\/\/vestpetproducts.com\/product\/pet-snack-wholesale-mousse-wet-food-pouch-bulk-2025-new-package-chicken-tuna-beef-all-life-stages-85g-for-cat-and-dog-oem-odm\/#primaryimage","url":"https:\/\/vestpetproducts.com\/wp-content\/uploads\/2025\/07\/\u6cd5\u6069\u8d1d85g\u6155\u65af\u5305\u4e3b\u56fe\u76d2\u88c5-\u767d\u5e95.jpg","contentUrl":"https:\/\/vestpetproducts.com\/wp-content\/uploads\/2025\/07\/\u6cd5\u6069\u8d1d85g\u6155\u65af\u5305\u4e3b\u56fe\u76d2\u88c5-\u767d\u5e95.jpg","width":800,"height":800},{"@type":"BreadcrumbList","@id":"https:\/\/vestpetproducts.com\/product\/pet-snack-wholesale-mousse-wet-food-pouch-bulk-2025-new-package-chicken-tuna-beef-all-life-stages-85g-for-cat-and-dog-oem-odm\/#breadcrumb","itemListElement":[{"@type":"ListItem","position":1,"name":"\u9996\u9875","item":"https:\/\/vestpetproducts.com\/"},{"@type":"ListItem","position":2,"name":"Product","item":"https:\/\/vestpetproducts.com\/product\/"},{"@type":"ListItem","position":3,"name":"Pet Snack Wholesale Mousse Wet Food Pouch Bulk 2025 New Package Chicken Tuna Beef All Life Stages 85g for Cat and Dog OEM\/ODM"}]},{"@type":"WebSite","@id":"https:\/\/vestpetproducts.com\/#website","url":"https:\/\/vestpetproducts.com\/","name":"Shandong Vest International Trade Co., Ltd.","description":"Shandong Vest International Trade Co., Ltd.","potentialAction":[{"@type":"SearchAction","target":{"@type":"EntryPoint","urlTemplate":"https:\/\/vestpetproducts.com\/?s={search_term_string}"},"query-input":{"@type":"PropertyValueSpecification","valueRequired":true,"valueName":"search_term_string"}}],"inLanguage":"es"}]}},"_links":{"self":[{"href":"https:\/\/vestpetproducts.com\/es\/wp-json\/wp\/v2\/product\/762","targetHints":{"allow":["GET"]}}],"collection":[{"href":"https:\/\/vestpetproducts.com\/es\/wp-json\/wp\/v2\/product"}],"about":[{"href":"https:\/\/vestpetproducts.com\/es\/wp-json\/wp\/v2\/types\/product"}],"wp:featuredmedia":[{"embeddable":true,"href":"https:\/\/vestpetproducts.com\/es\/wp-json\/wp\/v2\/media\/763"}],"wp:attachment":[{"href":"https:\/\/vestpetproducts.com\/es\/wp-json\/wp\/v2\/media?parent=762"}],"wp:term":[{"taxonomy":"product_brand","embeddable":true,"href":"https:\/\/vestpetproducts.com\/es\/wp-json\/wp\/v2\/product_brand?post=762"},{"taxonomy":"product_cat","embeddable":true,"href":"https:\/\/vestpetproducts.com\/es\/wp-json\/wp\/v2\/product_cat?post=762"},{"taxonomy":"product_tag","embeddable":true,"href":"https:\/\/vestpetproducts.com\/es\/wp-json\/wp\/v2\/product_tag?post=762"}],"curies":[{"name":"wp","href":"https:\/\/api.w.org\/{rel}","templated":true}]}}