{"id":691,"date":"2025-07-17T06:34:45","date_gmt":"2025-07-17T06:34:45","guid":{"rendered":"https:\/\/vestpetproducts.com\/?post_type=product&#038;p=691"},"modified":"2025-08-12T08:36:36","modified_gmt":"2025-08-12T08:36:36","slug":"oem-available-pet-snacks-cat-wet-food-snacks-chicken-salmon-tuna-flavors-cat-creamy-stick-15g","status":"publish","type":"product","link":"https:\/\/vestpetproducts.com\/es\/producto\/oem-available-pet-snacks-cat-wet-food-snacks-chicken-salmon-tuna-flavors-cat-creamy-stick-15g\/","title":{"rendered":"Snacks para mascotas OEM disponibles, comida h\u00fameda para gatos, snacks de pollo, salm\u00f3n y at\u00fan, palitos cremosos para gatos, 15 g"},"content":{"rendered":"<p><img loading=\"lazy\" decoding=\"async\" class=\"aligncenter size-full wp-image-700\" src=\"http:\/\/vestpetproducts.com\/wp-content\/uploads\/2025\/07\/1-4.jpg\" alt=\"\" width=\"748\" height=\"432\" srcset=\"https:\/\/vestpetproducts.com\/wp-content\/uploads\/2025\/07\/1-4.jpg 748w, https:\/\/vestpetproducts.com\/wp-content\/uploads\/2025\/07\/1-4-500x289.jpg 500w, https:\/\/vestpetproducts.com\/wp-content\/uploads\/2025\/07\/1-4-300x173.jpg 300w, https:\/\/vestpetproducts.com\/wp-content\/uploads\/2025\/07\/1-4-18x10.jpg 18w, https:\/\/vestpetproducts.com\/wp-content\/uploads\/2025\/07\/1-4-130x75.jpg 130w, https:\/\/vestpetproducts.com\/wp-content\/uploads\/2025\/07\/1-4-480x277.jpg 480w\" sizes=\"auto, (max-width:767px) 480px, 748px\" \/><img loading=\"lazy\" decoding=\"async\" class=\"aligncenter size-full wp-image-699\" src=\"http:\/\/vestpetproducts.com\/wp-content\/uploads\/2025\/07\/3-7.jpg\" alt=\"\" width=\"750\" height=\"620\" srcset=\"https:\/\/vestpetproducts.com\/wp-content\/uploads\/2025\/07\/3-7.jpg 750w, https:\/\/vestpetproducts.com\/wp-content\/uploads\/2025\/07\/3-7-500x413.jpg 500w, https:\/\/vestpetproducts.com\/wp-content\/uploads\/2025\/07\/3-7-300x248.jpg 300w, https:\/\/vestpetproducts.com\/wp-content\/uploads\/2025\/07\/3-7-15x12.jpg 15w, https:\/\/vestpetproducts.com\/wp-content\/uploads\/2025\/07\/3-7-91x75.jpg 91w, https:\/\/vestpetproducts.com\/wp-content\/uploads\/2025\/07\/3-7-480x397.jpg 480w\" sizes=\"auto, (max-width:767px) 480px, 750px\" \/><img loading=\"lazy\" decoding=\"async\" class=\"aligncenter size-full wp-image-698\" src=\"http:\/\/vestpetproducts.com\/wp-content\/uploads\/2025\/07\/2-3.jpg\" alt=\"\" width=\"748\" height=\"508\" srcset=\"https:\/\/vestpetproducts.com\/wp-content\/uploads\/2025\/07\/2-3.jpg 748w, https:\/\/vestpetproducts.com\/wp-content\/uploads\/2025\/07\/2-3-500x340.jpg 500w, https:\/\/vestpetproducts.com\/wp-content\/uploads\/2025\/07\/2-3-300x204.jpg 300w, https:\/\/vestpetproducts.com\/wp-content\/uploads\/2025\/07\/2-3-18x12.jpg 18w, https:\/\/vestpetproducts.com\/wp-content\/uploads\/2025\/07\/2-3-110x75.jpg 110w, https:\/\/vestpetproducts.com\/wp-content\/uploads\/2025\/07\/2-3-480x326.jpg 480w\" sizes=\"auto, (max-width:767px) 480px, 748px\" \/><img loading=\"lazy\" decoding=\"async\" class=\"aligncenter size-full wp-image-701\" src=\"http:\/\/vestpetproducts.com\/wp-content\/uploads\/2025\/07\/4-3.jpg\" alt=\"\" width=\"750\" height=\"1084\" srcset=\"https:\/\/vestpetproducts.com\/wp-content\/uploads\/2025\/07\/4-3.jpg 750w, https:\/\/vestpetproducts.com\/wp-content\/uploads\/2025\/07\/4-3-346x500.jpg 346w, https:\/\/vestpetproducts.com\/wp-content\/uploads\/2025\/07\/4-3-208x300.jpg 208w, https:\/\/vestpetproducts.com\/wp-content\/uploads\/2025\/07\/4-3-8x12.jpg 8w, https:\/\/vestpetproducts.com\/wp-content\/uploads\/2025\/07\/4-3-52x75.jpg 52w, https:\/\/vestpetproducts.com\/wp-content\/uploads\/2025\/07\/4-3-480x694.jpg 480w\" sizes=\"auto, (max-width:767px) 480px, 750px\" \/> <img loading=\"lazy\" decoding=\"async\" class=\"aligncenter size-full wp-image-702\" src=\"http:\/\/vestpetproducts.com\/wp-content\/uploads\/2025\/07\/5-1.jpg\" alt=\"\" width=\"750\" height=\"866\" srcset=\"https:\/\/vestpetproducts.com\/wp-content\/uploads\/2025\/07\/5-1.jpg 750w, https:\/\/vestpetproducts.com\/wp-content\/uploads\/2025\/07\/5-1-433x500.jpg 433w, https:\/\/vestpetproducts.com\/wp-content\/uploads\/2025\/07\/5-1-260x300.jpg 260w, https:\/\/vestpetproducts.com\/wp-content\/uploads\/2025\/07\/5-1-10x12.jpg 10w, https:\/\/vestpetproducts.com\/wp-content\/uploads\/2025\/07\/5-1-65x75.jpg 65w, https:\/\/vestpetproducts.com\/wp-content\/uploads\/2025\/07\/5-1-480x554.jpg 480w\" sizes=\"auto, (max-width:767px) 480px, 750px\" \/> <img loading=\"lazy\" decoding=\"async\" class=\"aligncenter size-full wp-image-703\" src=\"http:\/\/vestpetproducts.com\/wp-content\/uploads\/2025\/07\/6-1.jpg\" alt=\"\" width=\"750\" height=\"472\" srcset=\"https:\/\/vestpetproducts.com\/wp-content\/uploads\/2025\/07\/6-1.jpg 750w, https:\/\/vestpetproducts.com\/wp-content\/uploads\/2025\/07\/6-1-500x315.jpg 500w, https:\/\/vestpetproducts.com\/wp-content\/uploads\/2025\/07\/6-1-300x189.jpg 300w, https:\/\/vestpetproducts.com\/wp-content\/uploads\/2025\/07\/6-1-18x12.jpg 18w, https:\/\/vestpetproducts.com\/wp-content\/uploads\/2025\/07\/6-1-119x75.jpg 119w, https:\/\/vestpetproducts.com\/wp-content\/uploads\/2025\/07\/6-1-480x302.jpg 480w\" sizes=\"auto, (max-width:767px) 480px, 750px\" \/><\/p>\n<p><img loading=\"lazy\" decoding=\"async\" class=\"aligncenter size-full wp-image-374\" src=\"http:\/\/vestpetproducts.com\/wp-content\/uploads\/2025\/07\/\u5fae\u4fe1\u56fe\u7247_20250715165725.jpg\" alt=\"\" width=\"800\" height=\"800\" srcset=\"https:\/\/vestpetproducts.com\/wp-content\/uploads\/2025\/07\/\u5fae\u4fe1\u56fe\u7247_20250715165725.jpg 800w, https:\/\/vestpetproducts.com\/wp-content\/uploads\/2025\/07\/\u5fae\u4fe1\u56fe\u7247_20250715165725-500x500.jpg 500w, https:\/\/vestpetproducts.com\/wp-content\/uploads\/2025\/07\/\u5fae\u4fe1\u56fe\u7247_20250715165725-300x300.jpg 300w, https:\/\/vestpetproducts.com\/wp-content\/uploads\/2025\/07\/\u5fae\u4fe1\u56fe\u7247_20250715165725-768x768.jpg 768w, https:\/\/vestpetproducts.com\/wp-content\/uploads\/2025\/07\/\u5fae\u4fe1\u56fe\u7247_20250715165725-12x12.jpg 12w, https:\/\/vestpetproducts.com\/wp-content\/uploads\/2025\/07\/\u5fae\u4fe1\u56fe\u7247_20250715165725-150x150.jpg 150w, https:\/\/vestpetproducts.com\/wp-content\/uploads\/2025\/07\/\u5fae\u4fe1\u56fe\u7247_20250715165725-75x75.jpg 75w, https:\/\/vestpetproducts.com\/wp-content\/uploads\/2025\/07\/\u5fae\u4fe1\u56fe\u7247_20250715165725-480x480.jpg 480w\" sizes=\"auto, (max-width:767px) 480px, (max-width:800px) 100vw, 800px\" \/><img loading=\"lazy\" decoding=\"async\" class=\"aligncenter wp-image-376\" src=\"http:\/\/vestpetproducts.com\/wp-content\/uploads\/2025\/07\/\u5fae\u4fe1\u56fe\u7247_20250715165719.jpg\" alt=\"\" width=\"680\" height=\"680\" srcset=\"https:\/\/vestpetproducts.com\/wp-content\/uploads\/2025\/07\/\u5fae\u4fe1\u56fe\u7247_20250715165719.jpg 1200w, https:\/\/vestpetproducts.com\/wp-content\/uploads\/2025\/07\/\u5fae\u4fe1\u56fe\u7247_20250715165719-500x500.jpg 500w, https:\/\/vestpetproducts.com\/wp-content\/uploads\/2025\/07\/\u5fae\u4fe1\u56fe\u7247_20250715165719-300x300.jpg 300w, https:\/\/vestpetproducts.com\/wp-content\/uploads\/2025\/07\/\u5fae\u4fe1\u56fe\u7247_20250715165719-768x768.jpg 768w, https:\/\/vestpetproducts.com\/wp-content\/uploads\/2025\/07\/\u5fae\u4fe1\u56fe\u7247_20250715165719-12x12.jpg 12w, https:\/\/vestpetproducts.com\/wp-content\/uploads\/2025\/07\/\u5fae\u4fe1\u56fe\u7247_20250715165719-150x150.jpg 150w, https:\/\/vestpetproducts.com\/wp-content\/uploads\/2025\/07\/\u5fae\u4fe1\u56fe\u7247_20250715165719-75x75.jpg 75w, https:\/\/vestpetproducts.com\/wp-content\/uploads\/2025\/07\/\u5fae\u4fe1\u56fe\u7247_20250715165719-480x480.jpg 480w, https:\/\/vestpetproducts.com\/wp-content\/uploads\/2025\/07\/\u5fae\u4fe1\u56fe\u7247_20250715165719-800x800.jpg 800w\" sizes=\"auto, (max-width:767px) 480px, 680px\" \/><\/p>\n<p><img loading=\"lazy\" decoding=\"async\" class=\"wp-image-391 aligncenter\" src=\"http:\/\/vestpetproducts.com\/wp-content\/uploads\/2025\/07\/\u8d44\u8d28\u8bc1\u4e66\u5c55\u793a.jpg\" alt=\"\" width=\"730\" height=\"814\" srcset=\"https:\/\/vestpetproducts.com\/wp-content\/uploads\/2025\/07\/\u8d44\u8d28\u8bc1\u4e66\u5c55\u793a.jpg 918w, https:\/\/vestpetproducts.com\/wp-content\/uploads\/2025\/07\/\u8d44\u8d28\u8bc1\u4e66\u5c55\u793a-448x500.jpg 448w, https:\/\/vestpetproducts.com\/wp-content\/uploads\/2025\/07\/\u8d44\u8d28\u8bc1\u4e66\u5c55\u793a-269x300.jpg 269w, https:\/\/vestpetproducts.com\/wp-content\/uploads\/2025\/07\/\u8d44\u8d28\u8bc1\u4e66\u5c55\u793a-768x857.jpg 768w, https:\/\/vestpetproducts.com\/wp-content\/uploads\/2025\/07\/\u8d44\u8d28\u8bc1\u4e66\u5c55\u793a-11x12.jpg 11w, https:\/\/vestpetproducts.com\/wp-content\/uploads\/2025\/07\/\u8d44\u8d28\u8bc1\u4e66\u5c55\u793a-67x75.jpg 67w, https:\/\/vestpetproducts.com\/wp-content\/uploads\/2025\/07\/\u8d44\u8d28\u8bc1\u4e66\u5c55\u793a-480x535.jpg 480w, https:\/\/vestpetproducts.com\/wp-content\/uploads\/2025\/07\/\u8d44\u8d28\u8bc1\u4e66\u5c55\u793a-800x892.jpg 800w\" sizes=\"auto, (max-width:767px) 480px, 730px\" \/><\/p>\n<p>&nbsp;<\/p>\n<p><img loading=\"lazy\" decoding=\"async\" class=\"aligncenter wp-image-379\" src=\"http:\/\/vestpetproducts.com\/wp-content\/uploads\/2025\/07\/\u5fae\u4fe1\u56fe\u7247_20250715165659.jpg\" alt=\"\" width=\"728\" height=\"1056\" srcset=\"https:\/\/vestpetproducts.com\/wp-content\/uploads\/2025\/07\/\u5fae\u4fe1\u56fe\u7247_20250715165659.jpg 803w, https:\/\/vestpetproducts.com\/wp-content\/uploads\/2025\/07\/\u5fae\u4fe1\u56fe\u7247_20250715165659-345x500.jpg 345w, https:\/\/vestpetproducts.com\/wp-content\/uploads\/2025\/07\/\u5fae\u4fe1\u56fe\u7247_20250715165659-207x300.jpg 207w, https:\/\/vestpetproducts.com\/wp-content\/uploads\/2025\/07\/\u5fae\u4fe1\u56fe\u7247_20250715165659-768x1114.jpg 768w, https:\/\/vestpetproducts.com\/wp-content\/uploads\/2025\/07\/\u5fae\u4fe1\u56fe\u7247_20250715165659-8x12.jpg 8w, https:\/\/vestpetproducts.com\/wp-content\/uploads\/2025\/07\/\u5fae\u4fe1\u56fe\u7247_20250715165659-52x75.jpg 52w, https:\/\/vestpetproducts.com\/wp-content\/uploads\/2025\/07\/\u5fae\u4fe1\u56fe\u7247_20250715165659-480x696.jpg 480w, https:\/\/vestpetproducts.com\/wp-content\/uploads\/2025\/07\/\u5fae\u4fe1\u56fe\u7247_20250715165659-800x1161.jpg 800w\" sizes=\"auto, (max-width:767px) 480px, 728px\" \/><\/p>","protected":false},"excerpt":{"rendered":"<p>Peso unitario: 15 g<\/p>\n<p>Sabor: Samlon At\u00fan Pollo<\/p>\n<p>Palitos Gourmet para Gatos: Paquete Variado de Salm\u00f3n, At\u00fan y Pollo<\/p>\n<p>Consiente a tu felino con una deliciosa experiencia de mariscos y aves con nuestros palitos premium para gatos. Estas golosinas, ricas en prote\u00ednas y sin cereales, contienen pescado y carne de verdad como ingrediente principal, ofreciendo un sabor y nutrici\u00f3n irresistibles en cada bocado.<\/p>\n<p>Beneficios clave:<br \/>\n\u2714 3 deliciosos sabores: satisface los antojos de tu gato con variedades de salm\u00f3n, at\u00fan y pollo<br \/>\n\u2714 Textura suave y masticable: perfecta para gatos de todas las edades, desde gatitos hasta adultos.<br \/>\n\u2714 F\u00f3rmula alta en prote\u00ednas: favorece el mantenimiento de la masa muscular magra<br \/>\n\u2714 Sin aditivos artificiales: libre de rellenos, colorantes y conservantes.<br \/>\n\u2714 Pr\u00e1cticos palitos individuales: ideales para entrenamiento, creaci\u00f3n de v\u00ednculos o recompensas diarias<\/p>","protected":false},"featured_media":692,"template":"","meta":{"content-type":""},"product_brand":[],"product_cat":[14,121],"product_tag":[],"class_list":{"0":"post-691","1":"product","2":"type-product","3":"status-publish","4":"has-post-thumbnail","6":"product_cat-pet-food","7":"product_cat-wet-food","9":"first","10":"instock","11":"shipping-taxable","12":"product-type-simple"},"yoast_head":"<!-- This site is optimized with the Yoast SEO plugin v24.9 - https:\/\/yoast.com\/wordpress\/plugins\/seo\/ -->\n<title>Oem Available Pet Snacks Cat Wet Food Snacks Chicken Salmon Tuna Flavors Cat Creamy Stick 15g - Shandong Vest International Trade Co., Ltd.<\/title>\n<meta name=\"robots\" content=\"index, follow, max-snippet:-1, max-image-preview:large, max-video-preview:-1\" \/>\n<link rel=\"canonical\" href=\"https:\/\/vestpetproducts.com\/es\/producto\/oem-available-pet-snacks-cat-wet-food-snacks-chicken-salmon-tuna-flavors-cat-creamy-stick-15g\/\" \/>\n<meta property=\"og:locale\" content=\"es_ES\" \/>\n<meta property=\"og:type\" content=\"article\" \/>\n<meta property=\"og:title\" content=\"Oem Available Pet Snacks Cat Wet Food Snacks Chicken Salmon Tuna Flavors Cat Creamy Stick 15g - Shandong Vest International Trade Co., Ltd.\" \/>\n<meta property=\"og:description\" content=\"Unit Weight\uff1a15g pcs  Flavor\uff1a Samlon Tuna\u00a0 \u00a0Chicken  Gourmet Cat Sticks - Salmon, Tuna &amp; Chicken Variety Pack  Treat your feline companion to a flavorful seafood and poultry experience with our premium cat sticks. These protein-packed, grain-free treats feature real fish and meat as the first ingredient, delivering irresistible taste and nutrition in every bite-sized stick.  Key Benefits: &#x2714; 3 Delicious Flavors - Satisfy your cat&#039;s cravings with salmon, tuna and chicken varieties &#x2714; Soft, Chewy Texture - Perfect for cats of all ages, from kittens to seniors &#x2714; High Protein Formula - Supports lean muscle maintenance &#x2714; No Artificial Additives - Free from fillers, colors and preservatives &#x2714; Convenient Single-Serve Sticks - Ideal for training, bonding or daily rewards\" \/>\n<meta property=\"og:url\" content=\"https:\/\/vestpetproducts.com\/es\/producto\/oem-available-pet-snacks-cat-wet-food-snacks-chicken-salmon-tuna-flavors-cat-creamy-stick-15g\/\" \/>\n<meta property=\"og:site_name\" content=\"Shandong Vest International Trade Co., Ltd.\" \/>\n<meta property=\"article:modified_time\" content=\"2025-08-12T08:36:36+00:00\" \/>\n<meta property=\"og:image\" content=\"https:\/\/vestpetproducts.com\/wp-content\/uploads\/2025\/07\/333_\u526f\u672c.png\" \/>\n\t<meta property=\"og:image:width\" content=\"800\" \/>\n\t<meta property=\"og:image:height\" content=\"800\" \/>\n\t<meta property=\"og:image:type\" content=\"image\/png\" \/>\n<meta name=\"twitter:card\" content=\"summary_large_image\" \/>\n<meta name=\"twitter:label1\" content=\"Tiempo de lectura\" \/>\n\t<meta name=\"twitter:data1\" content=\"3 minutos\" \/>\n<script type=\"application\/ld+json\" class=\"yoast-schema-graph\">{\"@context\":\"https:\/\/schema.org\",\"@graph\":[{\"@type\":\"WebPage\",\"@id\":\"https:\/\/vestpetproducts.com\/product\/oem-available-pet-snacks-cat-wet-food-snacks-chicken-salmon-tuna-flavors-cat-creamy-stick-15g\/\",\"url\":\"https:\/\/vestpetproducts.com\/product\/oem-available-pet-snacks-cat-wet-food-snacks-chicken-salmon-tuna-flavors-cat-creamy-stick-15g\/\",\"name\":\"Oem Available Pet Snacks Cat Wet Food Snacks Chicken Salmon Tuna Flavors Cat Creamy Stick 15g - Shandong Vest International Trade Co., Ltd.\",\"isPartOf\":{\"@id\":\"https:\/\/vestpetproducts.com\/#website\"},\"primaryImageOfPage\":{\"@id\":\"https:\/\/vestpetproducts.com\/product\/oem-available-pet-snacks-cat-wet-food-snacks-chicken-salmon-tuna-flavors-cat-creamy-stick-15g\/#primaryimage\"},\"image\":{\"@id\":\"https:\/\/vestpetproducts.com\/product\/oem-available-pet-snacks-cat-wet-food-snacks-chicken-salmon-tuna-flavors-cat-creamy-stick-15g\/#primaryimage\"},\"thumbnailUrl\":\"https:\/\/vestpetproducts.com\/wp-content\/uploads\/2025\/07\/333_\u526f\u672c.png\",\"datePublished\":\"2025-07-17T06:34:45+00:00\",\"dateModified\":\"2025-08-12T08:36:36+00:00\",\"breadcrumb\":{\"@id\":\"https:\/\/vestpetproducts.com\/product\/oem-available-pet-snacks-cat-wet-food-snacks-chicken-salmon-tuna-flavors-cat-creamy-stick-15g\/#breadcrumb\"},\"inLanguage\":\"es\",\"potentialAction\":[{\"@type\":\"ReadAction\",\"target\":[\"https:\/\/vestpetproducts.com\/product\/oem-available-pet-snacks-cat-wet-food-snacks-chicken-salmon-tuna-flavors-cat-creamy-stick-15g\/\"]}]},{\"@type\":\"ImageObject\",\"inLanguage\":\"es\",\"@id\":\"https:\/\/vestpetproducts.com\/product\/oem-available-pet-snacks-cat-wet-food-snacks-chicken-salmon-tuna-flavors-cat-creamy-stick-15g\/#primaryimage\",\"url\":\"https:\/\/vestpetproducts.com\/wp-content\/uploads\/2025\/07\/333_\u526f\u672c.png\",\"contentUrl\":\"https:\/\/vestpetproducts.com\/wp-content\/uploads\/2025\/07\/333_\u526f\u672c.png\",\"width\":800,\"height\":800},{\"@type\":\"BreadcrumbList\",\"@id\":\"https:\/\/vestpetproducts.com\/product\/oem-available-pet-snacks-cat-wet-food-snacks-chicken-salmon-tuna-flavors-cat-creamy-stick-15g\/#breadcrumb\",\"itemListElement\":[{\"@type\":\"ListItem\",\"position\":1,\"name\":\"\u9996\u9875\",\"item\":\"https:\/\/vestpetproducts.com\/\"},{\"@type\":\"ListItem\",\"position\":2,\"name\":\"Product\",\"item\":\"https:\/\/vestpetproducts.com\/product\/\"},{\"@type\":\"ListItem\",\"position\":3,\"name\":\"Oem Available Pet Snacks Cat Wet Food Snacks Chicken Salmon Tuna Flavors Cat Creamy Stick 15g\"}]},{\"@type\":\"WebSite\",\"@id\":\"https:\/\/vestpetproducts.com\/#website\",\"url\":\"https:\/\/vestpetproducts.com\/\",\"name\":\"Shandong Vest International Trade Co., Ltd.\",\"description\":\"Shandong Vest International Trade Co., Ltd.\",\"potentialAction\":[{\"@type\":\"SearchAction\",\"target\":{\"@type\":\"EntryPoint\",\"urlTemplate\":\"https:\/\/vestpetproducts.com\/?s={search_term_string}\"},\"query-input\":{\"@type\":\"PropertyValueSpecification\",\"valueRequired\":true,\"valueName\":\"search_term_string\"}}],\"inLanguage\":\"es\"}]}<\/script>\n<!-- \/ Yoast SEO plugin. -->","yoast_head_json":{"title":"Oem Available Pet Snacks Cat Wet Food Snacks Chicken Salmon Tuna Flavors Cat Creamy Stick 15g - Shandong Vest International Trade Co., Ltd.","robots":{"index":"index","follow":"follow","max-snippet":"max-snippet:-1","max-image-preview":"max-image-preview:large","max-video-preview":"max-video-preview:-1"},"canonical":"https:\/\/vestpetproducts.com\/es\/producto\/oem-available-pet-snacks-cat-wet-food-snacks-chicken-salmon-tuna-flavors-cat-creamy-stick-15g\/","og_locale":"es_ES","og_type":"article","og_title":"Oem Available Pet Snacks Cat Wet Food Snacks Chicken Salmon Tuna Flavors Cat Creamy Stick 15g - Shandong Vest International Trade Co., Ltd.","og_description":"Unit Weight\uff1a15g pcs  Flavor\uff1a Samlon Tuna\u00a0 \u00a0Chicken  Gourmet Cat Sticks - Salmon, Tuna &amp; Chicken Variety Pack  Treat your feline companion to a flavorful seafood and poultry experience with our premium cat sticks. These protein-packed, grain-free treats feature real fish and meat as the first ingredient, delivering irresistible taste and nutrition in every bite-sized stick.  Key Benefits: &#x2714; 3 Delicious Flavors - Satisfy your cat's cravings with salmon, tuna and chicken varieties &#x2714; Soft, Chewy Texture - Perfect for cats of all ages, from kittens to seniors &#x2714; High Protein Formula - Supports lean muscle maintenance &#x2714; No Artificial Additives - Free from fillers, colors and preservatives &#x2714; Convenient Single-Serve Sticks - Ideal for training, bonding or daily rewards","og_url":"https:\/\/vestpetproducts.com\/es\/producto\/oem-available-pet-snacks-cat-wet-food-snacks-chicken-salmon-tuna-flavors-cat-creamy-stick-15g\/","og_site_name":"Shandong Vest International Trade Co., Ltd.","article_modified_time":"2025-08-12T08:36:36+00:00","og_image":[{"width":800,"height":800,"url":"https:\/\/vestpetproducts.com\/wp-content\/uploads\/2025\/07\/333_\u526f\u672c.png","type":"image\/png"}],"twitter_card":"summary_large_image","twitter_misc":{"Tiempo de lectura":"3 minutos"},"schema":{"@context":"https:\/\/schema.org","@graph":[{"@type":"WebPage","@id":"https:\/\/vestpetproducts.com\/product\/oem-available-pet-snacks-cat-wet-food-snacks-chicken-salmon-tuna-flavors-cat-creamy-stick-15g\/","url":"https:\/\/vestpetproducts.com\/product\/oem-available-pet-snacks-cat-wet-food-snacks-chicken-salmon-tuna-flavors-cat-creamy-stick-15g\/","name":"Oem Available Pet Snacks Cat Wet Food Snacks Chicken Salmon Tuna Flavors Cat Creamy Stick 15g - Shandong Vest International Trade Co., Ltd.","isPartOf":{"@id":"https:\/\/vestpetproducts.com\/#website"},"primaryImageOfPage":{"@id":"https:\/\/vestpetproducts.com\/product\/oem-available-pet-snacks-cat-wet-food-snacks-chicken-salmon-tuna-flavors-cat-creamy-stick-15g\/#primaryimage"},"image":{"@id":"https:\/\/vestpetproducts.com\/product\/oem-available-pet-snacks-cat-wet-food-snacks-chicken-salmon-tuna-flavors-cat-creamy-stick-15g\/#primaryimage"},"thumbnailUrl":"https:\/\/vestpetproducts.com\/wp-content\/uploads\/2025\/07\/333_\u526f\u672c.png","datePublished":"2025-07-17T06:34:45+00:00","dateModified":"2025-08-12T08:36:36+00:00","breadcrumb":{"@id":"https:\/\/vestpetproducts.com\/product\/oem-available-pet-snacks-cat-wet-food-snacks-chicken-salmon-tuna-flavors-cat-creamy-stick-15g\/#breadcrumb"},"inLanguage":"es","potentialAction":[{"@type":"ReadAction","target":["https:\/\/vestpetproducts.com\/product\/oem-available-pet-snacks-cat-wet-food-snacks-chicken-salmon-tuna-flavors-cat-creamy-stick-15g\/"]}]},{"@type":"ImageObject","inLanguage":"es","@id":"https:\/\/vestpetproducts.com\/product\/oem-available-pet-snacks-cat-wet-food-snacks-chicken-salmon-tuna-flavors-cat-creamy-stick-15g\/#primaryimage","url":"https:\/\/vestpetproducts.com\/wp-content\/uploads\/2025\/07\/333_\u526f\u672c.png","contentUrl":"https:\/\/vestpetproducts.com\/wp-content\/uploads\/2025\/07\/333_\u526f\u672c.png","width":800,"height":800},{"@type":"BreadcrumbList","@id":"https:\/\/vestpetproducts.com\/product\/oem-available-pet-snacks-cat-wet-food-snacks-chicken-salmon-tuna-flavors-cat-creamy-stick-15g\/#breadcrumb","itemListElement":[{"@type":"ListItem","position":1,"name":"\u9996\u9875","item":"https:\/\/vestpetproducts.com\/"},{"@type":"ListItem","position":2,"name":"Product","item":"https:\/\/vestpetproducts.com\/product\/"},{"@type":"ListItem","position":3,"name":"Oem Available Pet Snacks Cat Wet Food Snacks Chicken Salmon Tuna Flavors Cat Creamy Stick 15g"}]},{"@type":"WebSite","@id":"https:\/\/vestpetproducts.com\/#website","url":"https:\/\/vestpetproducts.com\/","name":"Shandong Vest International Trade Co., Ltd.","description":"Shandong Vest International Trade Co., Ltd.","potentialAction":[{"@type":"SearchAction","target":{"@type":"EntryPoint","urlTemplate":"https:\/\/vestpetproducts.com\/?s={search_term_string}"},"query-input":{"@type":"PropertyValueSpecification","valueRequired":true,"valueName":"search_term_string"}}],"inLanguage":"es"}]}},"_links":{"self":[{"href":"https:\/\/vestpetproducts.com\/es\/wp-json\/wp\/v2\/product\/691","targetHints":{"allow":["GET"]}}],"collection":[{"href":"https:\/\/vestpetproducts.com\/es\/wp-json\/wp\/v2\/product"}],"about":[{"href":"https:\/\/vestpetproducts.com\/es\/wp-json\/wp\/v2\/types\/product"}],"wp:featuredmedia":[{"embeddable":true,"href":"https:\/\/vestpetproducts.com\/es\/wp-json\/wp\/v2\/media\/692"}],"wp:attachment":[{"href":"https:\/\/vestpetproducts.com\/es\/wp-json\/wp\/v2\/media?parent=691"}],"wp:term":[{"taxonomy":"product_brand","embeddable":true,"href":"https:\/\/vestpetproducts.com\/es\/wp-json\/wp\/v2\/product_brand?post=691"},{"taxonomy":"product_cat","embeddable":true,"href":"https:\/\/vestpetproducts.com\/es\/wp-json\/wp\/v2\/product_cat?post=691"},{"taxonomy":"product_tag","embeddable":true,"href":"https:\/\/vestpetproducts.com\/es\/wp-json\/wp\/v2\/product_tag?post=691"}],"curies":[{"name":"wp","href":"https:\/\/api.w.org\/{rel}","templated":true}]}}