{"id":670,"date":"2025-07-17T06:09:00","date_gmt":"2025-07-17T06:09:00","guid":{"rendered":"https:\/\/vestpetproducts.com\/?post_type=product&#038;p=670"},"modified":"2025-08-12T08:42:12","modified_gmt":"2025-08-12T08:42:12","slug":"wholesale-pet-snack-milkshake-fresh-packet-cat-wet-food-pouch-12-bags-box-chicken-goat-milk-tuna-goat-milk","status":"publish","type":"product","link":"https:\/\/vestpetproducts.com\/es\/producto\/wholesale-pet-snack-milkshake-fresh-packet-cat-wet-food-pouch-12-bags-box-chicken-goat-milk-tuna-goat-milk\/","title":{"rendered":"Batido de leche fresco para mascotas, paquete de comida h\u00fameda para gatos, 12 bolsas\/caja, pollo, leche de cabra, at\u00fan y leche de cabra."},"content":{"rendered":"<p><img loading=\"lazy\" decoding=\"async\" class=\"aligncenter size-full wp-image-673\" src=\"http:\/\/vestpetproducts.com\/wp-content\/uploads\/2025\/07\/85g\u5976\u6614\u5305\u888b\u88c5\u8be6\u60c5_01.jpg\" alt=\"\" width=\"750\" height=\"610\" srcset=\"https:\/\/vestpetproducts.com\/wp-content\/uploads\/2025\/07\/85g\u5976\u6614\u5305\u888b\u88c5\u8be6\u60c5_01.jpg 750w, https:\/\/vestpetproducts.com\/wp-content\/uploads\/2025\/07\/85g\u5976\u6614\u5305\u888b\u88c5\u8be6\u60c5_01-500x407.jpg 500w, https:\/\/vestpetproducts.com\/wp-content\/uploads\/2025\/07\/85g\u5976\u6614\u5305\u888b\u88c5\u8be6\u60c5_01-300x244.jpg 300w, https:\/\/vestpetproducts.com\/wp-content\/uploads\/2025\/07\/85g\u5976\u6614\u5305\u888b\u88c5\u8be6\u60c5_01-15x12.jpg 15w, https:\/\/vestpetproducts.com\/wp-content\/uploads\/2025\/07\/85g\u5976\u6614\u5305\u888b\u88c5\u8be6\u60c5_01-92x75.jpg 92w, https:\/\/vestpetproducts.com\/wp-content\/uploads\/2025\/07\/85g\u5976\u6614\u5305\u888b\u88c5\u8be6\u60c5_01-480x390.jpg 480w\" sizes=\"auto, (max-width:767px) 480px, 750px\" \/><img loading=\"lazy\" decoding=\"async\" class=\"aligncenter size-full wp-image-674\" src=\"http:\/\/vestpetproducts.com\/wp-content\/uploads\/2025\/07\/85g\u5976\u6614\u5305\u888b\u88c5\u8be6\u60c5_02.jpg\" alt=\"\" width=\"750\" height=\"722\" srcset=\"https:\/\/vestpetproducts.com\/wp-content\/uploads\/2025\/07\/85g\u5976\u6614\u5305\u888b\u88c5\u8be6\u60c5_02.jpg 750w, https:\/\/vestpetproducts.com\/wp-content\/uploads\/2025\/07\/85g\u5976\u6614\u5305\u888b\u88c5\u8be6\u60c5_02-500x481.jpg 500w, https:\/\/vestpetproducts.com\/wp-content\/uploads\/2025\/07\/85g\u5976\u6614\u5305\u888b\u88c5\u8be6\u60c5_02-300x289.jpg 300w, https:\/\/vestpetproducts.com\/wp-content\/uploads\/2025\/07\/85g\u5976\u6614\u5305\u888b\u88c5\u8be6\u60c5_02-12x12.jpg 12w, https:\/\/vestpetproducts.com\/wp-content\/uploads\/2025\/07\/85g\u5976\u6614\u5305\u888b\u88c5\u8be6\u60c5_02-78x75.jpg 78w, https:\/\/vestpetproducts.com\/wp-content\/uploads\/2025\/07\/85g\u5976\u6614\u5305\u888b\u88c5\u8be6\u60c5_02-480x462.jpg 480w\" sizes=\"auto, (max-width:767px) 480px, 750px\" \/><img loading=\"lazy\" decoding=\"async\" class=\"aligncenter size-full wp-image-675\" src=\"http:\/\/vestpetproducts.com\/wp-content\/uploads\/2025\/07\/85g\u5976\u6614\u5305\u888b\u88c5\u8be6\u60c5_03.jpg\" alt=\"\" width=\"750\" height=\"1059\" srcset=\"https:\/\/vestpetproducts.com\/wp-content\/uploads\/2025\/07\/85g\u5976\u6614\u5305\u888b\u88c5\u8be6\u60c5_03.jpg 750w, https:\/\/vestpetproducts.com\/wp-content\/uploads\/2025\/07\/85g\u5976\u6614\u5305\u888b\u88c5\u8be6\u60c5_03-354x500.jpg 354w, https:\/\/vestpetproducts.com\/wp-content\/uploads\/2025\/07\/85g\u5976\u6614\u5305\u888b\u88c5\u8be6\u60c5_03-212x300.jpg 212w, https:\/\/vestpetproducts.com\/wp-content\/uploads\/2025\/07\/85g\u5976\u6614\u5305\u888b\u88c5\u8be6\u60c5_03-8x12.jpg 8w, https:\/\/vestpetproducts.com\/wp-content\/uploads\/2025\/07\/85g\u5976\u6614\u5305\u888b\u88c5\u8be6\u60c5_03-53x75.jpg 53w, https:\/\/vestpetproducts.com\/wp-content\/uploads\/2025\/07\/85g\u5976\u6614\u5305\u888b\u88c5\u8be6\u60c5_03-480x678.jpg 480w\" sizes=\"auto, (max-width:767px) 480px, 750px\" \/><img loading=\"lazy\" decoding=\"async\" class=\"aligncenter size-full wp-image-676\" src=\"http:\/\/vestpetproducts.com\/wp-content\/uploads\/2025\/07\/85g\u5976\u6614\u5305\u888b\u88c5\u8be6\u60c5_04.jpg\" alt=\"\" width=\"750\" height=\"1081\" srcset=\"https:\/\/vestpetproducts.com\/wp-content\/uploads\/2025\/07\/85g\u5976\u6614\u5305\u888b\u88c5\u8be6\u60c5_04.jpg 750w, https:\/\/vestpetproducts.com\/wp-content\/uploads\/2025\/07\/85g\u5976\u6614\u5305\u888b\u88c5\u8be6\u60c5_04-347x500.jpg 347w, https:\/\/vestpetproducts.com\/wp-content\/uploads\/2025\/07\/85g\u5976\u6614\u5305\u888b\u88c5\u8be6\u60c5_04-208x300.jpg 208w, https:\/\/vestpetproducts.com\/wp-content\/uploads\/2025\/07\/85g\u5976\u6614\u5305\u888b\u88c5\u8be6\u60c5_04-8x12.jpg 8w, https:\/\/vestpetproducts.com\/wp-content\/uploads\/2025\/07\/85g\u5976\u6614\u5305\u888b\u88c5\u8be6\u60c5_04-52x75.jpg 52w, https:\/\/vestpetproducts.com\/wp-content\/uploads\/2025\/07\/85g\u5976\u6614\u5305\u888b\u88c5\u8be6\u60c5_04-480x692.jpg 480w\" sizes=\"auto, (max-width:767px) 480px, 750px\" \/><\/p>\n<p><img loading=\"lazy\" decoding=\"async\" class=\"aligncenter size-full wp-image-374\" src=\"http:\/\/vestpetproducts.com\/wp-content\/uploads\/2025\/07\/\u5fae\u4fe1\u56fe\u7247_20250715165725.jpg\" alt=\"\" width=\"800\" height=\"800\" srcset=\"https:\/\/vestpetproducts.com\/wp-content\/uploads\/2025\/07\/\u5fae\u4fe1\u56fe\u7247_20250715165725.jpg 800w, https:\/\/vestpetproducts.com\/wp-content\/uploads\/2025\/07\/\u5fae\u4fe1\u56fe\u7247_20250715165725-500x500.jpg 500w, https:\/\/vestpetproducts.com\/wp-content\/uploads\/2025\/07\/\u5fae\u4fe1\u56fe\u7247_20250715165725-300x300.jpg 300w, https:\/\/vestpetproducts.com\/wp-content\/uploads\/2025\/07\/\u5fae\u4fe1\u56fe\u7247_20250715165725-768x768.jpg 768w, https:\/\/vestpetproducts.com\/wp-content\/uploads\/2025\/07\/\u5fae\u4fe1\u56fe\u7247_20250715165725-12x12.jpg 12w, https:\/\/vestpetproducts.com\/wp-content\/uploads\/2025\/07\/\u5fae\u4fe1\u56fe\u7247_20250715165725-150x150.jpg 150w, https:\/\/vestpetproducts.com\/wp-content\/uploads\/2025\/07\/\u5fae\u4fe1\u56fe\u7247_20250715165725-75x75.jpg 75w, https:\/\/vestpetproducts.com\/wp-content\/uploads\/2025\/07\/\u5fae\u4fe1\u56fe\u7247_20250715165725-480x480.jpg 480w\" sizes=\"auto, (max-width:767px) 480px, (max-width:800px) 100vw, 800px\" \/><img loading=\"lazy\" decoding=\"async\" class=\"aligncenter wp-image-376\" src=\"http:\/\/vestpetproducts.com\/wp-content\/uploads\/2025\/07\/\u5fae\u4fe1\u56fe\u7247_20250715165719.jpg\" alt=\"\" width=\"680\" height=\"680\" srcset=\"https:\/\/vestpetproducts.com\/wp-content\/uploads\/2025\/07\/\u5fae\u4fe1\u56fe\u7247_20250715165719.jpg 1200w, https:\/\/vestpetproducts.com\/wp-content\/uploads\/2025\/07\/\u5fae\u4fe1\u56fe\u7247_20250715165719-500x500.jpg 500w, https:\/\/vestpetproducts.com\/wp-content\/uploads\/2025\/07\/\u5fae\u4fe1\u56fe\u7247_20250715165719-300x300.jpg 300w, https:\/\/vestpetproducts.com\/wp-content\/uploads\/2025\/07\/\u5fae\u4fe1\u56fe\u7247_20250715165719-768x768.jpg 768w, https:\/\/vestpetproducts.com\/wp-content\/uploads\/2025\/07\/\u5fae\u4fe1\u56fe\u7247_20250715165719-12x12.jpg 12w, https:\/\/vestpetproducts.com\/wp-content\/uploads\/2025\/07\/\u5fae\u4fe1\u56fe\u7247_20250715165719-150x150.jpg 150w, https:\/\/vestpetproducts.com\/wp-content\/uploads\/2025\/07\/\u5fae\u4fe1\u56fe\u7247_20250715165719-75x75.jpg 75w, https:\/\/vestpetproducts.com\/wp-content\/uploads\/2025\/07\/\u5fae\u4fe1\u56fe\u7247_20250715165719-480x480.jpg 480w, https:\/\/vestpetproducts.com\/wp-content\/uploads\/2025\/07\/\u5fae\u4fe1\u56fe\u7247_20250715165719-800x800.jpg 800w\" sizes=\"auto, (max-width:767px) 480px, 680px\" \/><\/p>\n<p><img loading=\"lazy\" decoding=\"async\" class=\"wp-image-391 aligncenter\" src=\"http:\/\/vestpetproducts.com\/wp-content\/uploads\/2025\/07\/\u8d44\u8d28\u8bc1\u4e66\u5c55\u793a.jpg\" alt=\"\" width=\"730\" height=\"814\" srcset=\"https:\/\/vestpetproducts.com\/wp-content\/uploads\/2025\/07\/\u8d44\u8d28\u8bc1\u4e66\u5c55\u793a.jpg 918w, https:\/\/vestpetproducts.com\/wp-content\/uploads\/2025\/07\/\u8d44\u8d28\u8bc1\u4e66\u5c55\u793a-448x500.jpg 448w, https:\/\/vestpetproducts.com\/wp-content\/uploads\/2025\/07\/\u8d44\u8d28\u8bc1\u4e66\u5c55\u793a-269x300.jpg 269w, https:\/\/vestpetproducts.com\/wp-content\/uploads\/2025\/07\/\u8d44\u8d28\u8bc1\u4e66\u5c55\u793a-768x857.jpg 768w, https:\/\/vestpetproducts.com\/wp-content\/uploads\/2025\/07\/\u8d44\u8d28\u8bc1\u4e66\u5c55\u793a-11x12.jpg 11w, https:\/\/vestpetproducts.com\/wp-content\/uploads\/2025\/07\/\u8d44\u8d28\u8bc1\u4e66\u5c55\u793a-67x75.jpg 67w, https:\/\/vestpetproducts.com\/wp-content\/uploads\/2025\/07\/\u8d44\u8d28\u8bc1\u4e66\u5c55\u793a-480x535.jpg 480w, https:\/\/vestpetproducts.com\/wp-content\/uploads\/2025\/07\/\u8d44\u8d28\u8bc1\u4e66\u5c55\u793a-800x892.jpg 800w\" sizes=\"auto, (max-width:767px) 480px, 730px\" \/><\/p>\n<p>&nbsp;<\/p>\n<p><img loading=\"lazy\" decoding=\"async\" class=\"aligncenter wp-image-379\" src=\"http:\/\/vestpetproducts.com\/wp-content\/uploads\/2025\/07\/\u5fae\u4fe1\u56fe\u7247_20250715165659.jpg\" alt=\"\" width=\"728\" height=\"1056\" srcset=\"https:\/\/vestpetproducts.com\/wp-content\/uploads\/2025\/07\/\u5fae\u4fe1\u56fe\u7247_20250715165659.jpg 803w, https:\/\/vestpetproducts.com\/wp-content\/uploads\/2025\/07\/\u5fae\u4fe1\u56fe\u7247_20250715165659-345x500.jpg 345w, https:\/\/vestpetproducts.com\/wp-content\/uploads\/2025\/07\/\u5fae\u4fe1\u56fe\u7247_20250715165659-207x300.jpg 207w, https:\/\/vestpetproducts.com\/wp-content\/uploads\/2025\/07\/\u5fae\u4fe1\u56fe\u7247_20250715165659-768x1114.jpg 768w, https:\/\/vestpetproducts.com\/wp-content\/uploads\/2025\/07\/\u5fae\u4fe1\u56fe\u7247_20250715165659-8x12.jpg 8w, https:\/\/vestpetproducts.com\/wp-content\/uploads\/2025\/07\/\u5fae\u4fe1\u56fe\u7247_20250715165659-52x75.jpg 52w, https:\/\/vestpetproducts.com\/wp-content\/uploads\/2025\/07\/\u5fae\u4fe1\u56fe\u7247_20250715165659-480x696.jpg 480w, https:\/\/vestpetproducts.com\/wp-content\/uploads\/2025\/07\/\u5fae\u4fe1\u56fe\u7247_20250715165659-800x1161.jpg 800w\" sizes=\"auto, (max-width:767px) 480px, 728px\" \/><\/p>","protected":false},"excerpt":{"rendered":"<p>Peso unitario: 10 g<\/p>\n<p>Sabor: 1. Pollo 2. At\u00fan 3. Pollo con leche de cabra en polvo 4. At\u00fan con leche de cabra en polvo<\/p>\n<p>Pur\u00e9 de mousse cremoso para gatos: premios gourmet suaves y sedosos<\/p>\n<p>Consiente el paladar refinado de tu felino con nuestra mousse ultrasuave y f\u00e1cil de lamer: una textura exquisita que encanta a los gatos. Estos pur\u00e9s, ricos en prote\u00ednas y aprobados por veterinarios, ofrecen un sabor irresistible en una f\u00f3rmula f\u00e1cil de digerir, perfecta para consentir a tu mascota.<\/p>\n<p>Caracter\u00edsticas Premium:<br \/>\n\u2714 Textura de mousse aterciopelada: especialmente dise\u00f1ada para las preferencias felinas<br \/>\n\u2714 Alto contenido de humedad: satisface las necesidades diarias de hidrataci\u00f3n.<br \/>\n\u2714 Comodidad de porciones individuales: porciones listas para servir y sin desorden<\/p>\n<p>&nbsp;<\/p>","protected":false},"featured_media":678,"template":"","meta":{"content-type":""},"product_brand":[],"product_cat":[14,121],"product_tag":[],"class_list":{"0":"post-670","1":"product","2":"type-product","3":"status-publish","4":"has-post-thumbnail","6":"product_cat-pet-food","7":"product_cat-wet-food","9":"first","10":"instock","11":"shipping-taxable","12":"product-type-simple"},"yoast_head":"<!-- This site is optimized with the Yoast SEO plugin v24.9 - https:\/\/yoast.com\/wordpress\/plugins\/seo\/ -->\n<title>Wholesale Pet Snack Milkshake Fresh Packet Cat Wet Food Pouch 12 Bags\/Box Chicken Goat Milk Tuna Goat Milk - Shandong Vest International Trade Co., Ltd.<\/title>\n<meta name=\"robots\" content=\"index, follow, max-snippet:-1, max-image-preview:large, max-video-preview:-1\" \/>\n<link rel=\"canonical\" href=\"https:\/\/vestpetproducts.com\/es\/producto\/wholesale-pet-snack-milkshake-fresh-packet-cat-wet-food-pouch-12-bags-box-chicken-goat-milk-tuna-goat-milk\/\" \/>\n<meta property=\"og:locale\" content=\"es_ES\" \/>\n<meta property=\"og:type\" content=\"article\" \/>\n<meta property=\"og:title\" content=\"Wholesale Pet Snack Milkshake Fresh Packet Cat Wet Food Pouch 12 Bags\/Box Chicken Goat Milk Tuna Goat Milk - Shandong Vest International Trade Co., Ltd.\" \/>\n<meta property=\"og:description\" content=\"Unit Weight\uff1a10g pcs  Flavor\uff1a 1.Cicken 2.Tuna 3.Chicken Goat Milk Powder\u00a0 4.Tuna Goat Powder  Creamy Mousse Pur\u00e9e for Cats - Silky Smooth Gourmet Treats  Indulge your feline&#039;s refined palate with our ultra-smooth, lickable mousse - a decadent texture cats go wild for. These vet-approved, protein-rich pur\u00e9es deliver irresistible flavor in an easy-to-digest formula perfect for pampering your pet.  Premium Features: &#x2714; Velvety Mousse Texture - Specially crafted for feline preferences &#x2714; High Moisture Content - Supports daily hydration needs &#x2714; Single-Serve Convenience - No-mess, ready-to-serve portions  &nbsp;\" \/>\n<meta property=\"og:url\" content=\"https:\/\/vestpetproducts.com\/es\/producto\/wholesale-pet-snack-milkshake-fresh-packet-cat-wet-food-pouch-12-bags-box-chicken-goat-milk-tuna-goat-milk\/\" \/>\n<meta property=\"og:site_name\" content=\"Shandong Vest International Trade Co., Ltd.\" \/>\n<meta property=\"article:modified_time\" content=\"2025-08-12T08:42:12+00:00\" \/>\n<meta property=\"og:image\" content=\"https:\/\/vestpetproducts.com\/wp-content\/uploads\/2025\/07\/\u6cd5\u6069\u8d1d85g\u5976\u7cd5\u5305\u4e3b\u56fe-2.jpg\" \/>\n\t<meta property=\"og:image:width\" content=\"800\" \/>\n\t<meta property=\"og:image:height\" content=\"800\" \/>\n\t<meta property=\"og:image:type\" content=\"image\/jpeg\" \/>\n<meta name=\"twitter:card\" content=\"summary_large_image\" \/>\n<meta name=\"twitter:label1\" content=\"Tiempo de lectura\" \/>\n\t<meta name=\"twitter:data1\" content=\"2 minutos\" \/>\n<script type=\"application\/ld+json\" class=\"yoast-schema-graph\">{\"@context\":\"https:\/\/schema.org\",\"@graph\":[{\"@type\":\"WebPage\",\"@id\":\"https:\/\/vestpetproducts.com\/product\/wholesale-pet-snack-milkshake-fresh-packet-cat-wet-food-pouch-12-bags-box-chicken-goat-milk-tuna-goat-milk\/\",\"url\":\"https:\/\/vestpetproducts.com\/product\/wholesale-pet-snack-milkshake-fresh-packet-cat-wet-food-pouch-12-bags-box-chicken-goat-milk-tuna-goat-milk\/\",\"name\":\"Wholesale Pet Snack Milkshake Fresh Packet Cat Wet Food Pouch 12 Bags\/Box Chicken Goat Milk Tuna Goat Milk - Shandong Vest International Trade Co., Ltd.\",\"isPartOf\":{\"@id\":\"https:\/\/vestpetproducts.com\/#website\"},\"primaryImageOfPage\":{\"@id\":\"https:\/\/vestpetproducts.com\/product\/wholesale-pet-snack-milkshake-fresh-packet-cat-wet-food-pouch-12-bags-box-chicken-goat-milk-tuna-goat-milk\/#primaryimage\"},\"image\":{\"@id\":\"https:\/\/vestpetproducts.com\/product\/wholesale-pet-snack-milkshake-fresh-packet-cat-wet-food-pouch-12-bags-box-chicken-goat-milk-tuna-goat-milk\/#primaryimage\"},\"thumbnailUrl\":\"https:\/\/vestpetproducts.com\/wp-content\/uploads\/2025\/07\/\u6cd5\u6069\u8d1d85g\u5976\u7cd5\u5305\u4e3b\u56fe-2.jpg\",\"datePublished\":\"2025-07-17T06:09:00+00:00\",\"dateModified\":\"2025-08-12T08:42:12+00:00\",\"breadcrumb\":{\"@id\":\"https:\/\/vestpetproducts.com\/product\/wholesale-pet-snack-milkshake-fresh-packet-cat-wet-food-pouch-12-bags-box-chicken-goat-milk-tuna-goat-milk\/#breadcrumb\"},\"inLanguage\":\"es\",\"potentialAction\":[{\"@type\":\"ReadAction\",\"target\":[\"https:\/\/vestpetproducts.com\/product\/wholesale-pet-snack-milkshake-fresh-packet-cat-wet-food-pouch-12-bags-box-chicken-goat-milk-tuna-goat-milk\/\"]}]},{\"@type\":\"ImageObject\",\"inLanguage\":\"es\",\"@id\":\"https:\/\/vestpetproducts.com\/product\/wholesale-pet-snack-milkshake-fresh-packet-cat-wet-food-pouch-12-bags-box-chicken-goat-milk-tuna-goat-milk\/#primaryimage\",\"url\":\"https:\/\/vestpetproducts.com\/wp-content\/uploads\/2025\/07\/\u6cd5\u6069\u8d1d85g\u5976\u7cd5\u5305\u4e3b\u56fe-2.jpg\",\"contentUrl\":\"https:\/\/vestpetproducts.com\/wp-content\/uploads\/2025\/07\/\u6cd5\u6069\u8d1d85g\u5976\u7cd5\u5305\u4e3b\u56fe-2.jpg\",\"width\":800,\"height\":800},{\"@type\":\"BreadcrumbList\",\"@id\":\"https:\/\/vestpetproducts.com\/product\/wholesale-pet-snack-milkshake-fresh-packet-cat-wet-food-pouch-12-bags-box-chicken-goat-milk-tuna-goat-milk\/#breadcrumb\",\"itemListElement\":[{\"@type\":\"ListItem\",\"position\":1,\"name\":\"\u9996\u9875\",\"item\":\"https:\/\/vestpetproducts.com\/\"},{\"@type\":\"ListItem\",\"position\":2,\"name\":\"Product\",\"item\":\"https:\/\/vestpetproducts.com\/product\/\"},{\"@type\":\"ListItem\",\"position\":3,\"name\":\"Wholesale Pet Snack Milkshake Fresh Packet Cat Wet Food Pouch 12 Bags\/Box Chicken Goat Milk Tuna Goat Milk\"}]},{\"@type\":\"WebSite\",\"@id\":\"https:\/\/vestpetproducts.com\/#website\",\"url\":\"https:\/\/vestpetproducts.com\/\",\"name\":\"Shandong Vest International Trade Co., Ltd.\",\"description\":\"Shandong Vest International Trade Co., Ltd.\",\"potentialAction\":[{\"@type\":\"SearchAction\",\"target\":{\"@type\":\"EntryPoint\",\"urlTemplate\":\"https:\/\/vestpetproducts.com\/?s={search_term_string}\"},\"query-input\":{\"@type\":\"PropertyValueSpecification\",\"valueRequired\":true,\"valueName\":\"search_term_string\"}}],\"inLanguage\":\"es\"}]}<\/script>\n<!-- \/ Yoast SEO plugin. -->","yoast_head_json":{"title":"Wholesale Pet Snack Milkshake Fresh Packet Cat Wet Food Pouch 12 Bags\/Box Chicken Goat Milk Tuna Goat Milk - Shandong Vest International Trade Co., Ltd.","robots":{"index":"index","follow":"follow","max-snippet":"max-snippet:-1","max-image-preview":"max-image-preview:large","max-video-preview":"max-video-preview:-1"},"canonical":"https:\/\/vestpetproducts.com\/es\/producto\/wholesale-pet-snack-milkshake-fresh-packet-cat-wet-food-pouch-12-bags-box-chicken-goat-milk-tuna-goat-milk\/","og_locale":"es_ES","og_type":"article","og_title":"Wholesale Pet Snack Milkshake Fresh Packet Cat Wet Food Pouch 12 Bags\/Box Chicken Goat Milk Tuna Goat Milk - Shandong Vest International Trade Co., Ltd.","og_description":"Unit Weight\uff1a10g pcs  Flavor\uff1a 1.Cicken 2.Tuna 3.Chicken Goat Milk Powder\u00a0 4.Tuna Goat Powder  Creamy Mousse Pur\u00e9e for Cats - Silky Smooth Gourmet Treats  Indulge your feline's refined palate with our ultra-smooth, lickable mousse - a decadent texture cats go wild for. These vet-approved, protein-rich pur\u00e9es deliver irresistible flavor in an easy-to-digest formula perfect for pampering your pet.  Premium Features: &#x2714; Velvety Mousse Texture - Specially crafted for feline preferences &#x2714; High Moisture Content - Supports daily hydration needs &#x2714; Single-Serve Convenience - No-mess, ready-to-serve portions  &nbsp;","og_url":"https:\/\/vestpetproducts.com\/es\/producto\/wholesale-pet-snack-milkshake-fresh-packet-cat-wet-food-pouch-12-bags-box-chicken-goat-milk-tuna-goat-milk\/","og_site_name":"Shandong Vest International Trade Co., Ltd.","article_modified_time":"2025-08-12T08:42:12+00:00","og_image":[{"width":800,"height":800,"url":"https:\/\/vestpetproducts.com\/wp-content\/uploads\/2025\/07\/\u6cd5\u6069\u8d1d85g\u5976\u7cd5\u5305\u4e3b\u56fe-2.jpg","type":"image\/jpeg"}],"twitter_card":"summary_large_image","twitter_misc":{"Tiempo de lectura":"2 minutos"},"schema":{"@context":"https:\/\/schema.org","@graph":[{"@type":"WebPage","@id":"https:\/\/vestpetproducts.com\/product\/wholesale-pet-snack-milkshake-fresh-packet-cat-wet-food-pouch-12-bags-box-chicken-goat-milk-tuna-goat-milk\/","url":"https:\/\/vestpetproducts.com\/product\/wholesale-pet-snack-milkshake-fresh-packet-cat-wet-food-pouch-12-bags-box-chicken-goat-milk-tuna-goat-milk\/","name":"Wholesale Pet Snack Milkshake Fresh Packet Cat Wet Food Pouch 12 Bags\/Box Chicken Goat Milk Tuna Goat Milk - Shandong Vest International Trade Co., Ltd.","isPartOf":{"@id":"https:\/\/vestpetproducts.com\/#website"},"primaryImageOfPage":{"@id":"https:\/\/vestpetproducts.com\/product\/wholesale-pet-snack-milkshake-fresh-packet-cat-wet-food-pouch-12-bags-box-chicken-goat-milk-tuna-goat-milk\/#primaryimage"},"image":{"@id":"https:\/\/vestpetproducts.com\/product\/wholesale-pet-snack-milkshake-fresh-packet-cat-wet-food-pouch-12-bags-box-chicken-goat-milk-tuna-goat-milk\/#primaryimage"},"thumbnailUrl":"https:\/\/vestpetproducts.com\/wp-content\/uploads\/2025\/07\/\u6cd5\u6069\u8d1d85g\u5976\u7cd5\u5305\u4e3b\u56fe-2.jpg","datePublished":"2025-07-17T06:09:00+00:00","dateModified":"2025-08-12T08:42:12+00:00","breadcrumb":{"@id":"https:\/\/vestpetproducts.com\/product\/wholesale-pet-snack-milkshake-fresh-packet-cat-wet-food-pouch-12-bags-box-chicken-goat-milk-tuna-goat-milk\/#breadcrumb"},"inLanguage":"es","potentialAction":[{"@type":"ReadAction","target":["https:\/\/vestpetproducts.com\/product\/wholesale-pet-snack-milkshake-fresh-packet-cat-wet-food-pouch-12-bags-box-chicken-goat-milk-tuna-goat-milk\/"]}]},{"@type":"ImageObject","inLanguage":"es","@id":"https:\/\/vestpetproducts.com\/product\/wholesale-pet-snack-milkshake-fresh-packet-cat-wet-food-pouch-12-bags-box-chicken-goat-milk-tuna-goat-milk\/#primaryimage","url":"https:\/\/vestpetproducts.com\/wp-content\/uploads\/2025\/07\/\u6cd5\u6069\u8d1d85g\u5976\u7cd5\u5305\u4e3b\u56fe-2.jpg","contentUrl":"https:\/\/vestpetproducts.com\/wp-content\/uploads\/2025\/07\/\u6cd5\u6069\u8d1d85g\u5976\u7cd5\u5305\u4e3b\u56fe-2.jpg","width":800,"height":800},{"@type":"BreadcrumbList","@id":"https:\/\/vestpetproducts.com\/product\/wholesale-pet-snack-milkshake-fresh-packet-cat-wet-food-pouch-12-bags-box-chicken-goat-milk-tuna-goat-milk\/#breadcrumb","itemListElement":[{"@type":"ListItem","position":1,"name":"\u9996\u9875","item":"https:\/\/vestpetproducts.com\/"},{"@type":"ListItem","position":2,"name":"Product","item":"https:\/\/vestpetproducts.com\/product\/"},{"@type":"ListItem","position":3,"name":"Wholesale Pet Snack Milkshake Fresh Packet Cat Wet Food Pouch 12 Bags\/Box Chicken Goat Milk Tuna Goat Milk"}]},{"@type":"WebSite","@id":"https:\/\/vestpetproducts.com\/#website","url":"https:\/\/vestpetproducts.com\/","name":"Shandong Vest International Trade Co., Ltd.","description":"Shandong Vest International Trade Co., Ltd.","potentialAction":[{"@type":"SearchAction","target":{"@type":"EntryPoint","urlTemplate":"https:\/\/vestpetproducts.com\/?s={search_term_string}"},"query-input":{"@type":"PropertyValueSpecification","valueRequired":true,"valueName":"search_term_string"}}],"inLanguage":"es"}]}},"_links":{"self":[{"href":"https:\/\/vestpetproducts.com\/es\/wp-json\/wp\/v2\/product\/670","targetHints":{"allow":["GET"]}}],"collection":[{"href":"https:\/\/vestpetproducts.com\/es\/wp-json\/wp\/v2\/product"}],"about":[{"href":"https:\/\/vestpetproducts.com\/es\/wp-json\/wp\/v2\/types\/product"}],"wp:featuredmedia":[{"embeddable":true,"href":"https:\/\/vestpetproducts.com\/es\/wp-json\/wp\/v2\/media\/678"}],"wp:attachment":[{"href":"https:\/\/vestpetproducts.com\/es\/wp-json\/wp\/v2\/media?parent=670"}],"wp:term":[{"taxonomy":"product_brand","embeddable":true,"href":"https:\/\/vestpetproducts.com\/es\/wp-json\/wp\/v2\/product_brand?post=670"},{"taxonomy":"product_cat","embeddable":true,"href":"https:\/\/vestpetproducts.com\/es\/wp-json\/wp\/v2\/product_cat?post=670"},{"taxonomy":"product_tag","embeddable":true,"href":"https:\/\/vestpetproducts.com\/es\/wp-json\/wp\/v2\/product_tag?post=670"}],"curies":[{"name":"wp","href":"https:\/\/api.w.org\/{rel}","templated":true}]}}