{"id":469,"date":"2025-07-16T07:41:00","date_gmt":"2025-07-16T07:41:00","guid":{"rendered":"https:\/\/vestpetproducts.com\/?post_type=product&#038;p=469"},"modified":"2025-08-13T03:18:09","modified_gmt":"2025-08-13T03:18:09","slug":"sell-well-85g-wet-food-package-pet-snacks-wet-food-pouch-cat-treats-meat-particle-pet-food","status":"publish","type":"product","link":"https:\/\/vestpetproducts.com\/es\/producto\/sell-well-85g-wet-food-package-pet-snacks-wet-food-pouch-cat-treats-meat-particle-pet-food\/","title":{"rendered":"Sell Well - Paquete de comida h\u00fameda de 85 g para mascotas, snacks, bolsas de comida h\u00fameda, premios para gatos, alimento para mascotas con part\u00edculas de carne"},"content":{"rendered":"<p>&nbsp;<\/p>\n<p><img loading=\"lazy\" decoding=\"async\" class=\"aligncenter size-full wp-image-478\" src=\"http:\/\/vestpetproducts.com\/wp-content\/uploads\/2025\/07\/85g\u6e7f\u7cae\u5305\u8be6\u60c5\u76d2\u88c5-1.png\" alt=\"\" width=\"750\" height=\"1440\" srcset=\"https:\/\/vestpetproducts.com\/wp-content\/uploads\/2025\/07\/85g\u6e7f\u7cae\u5305\u8be6\u60c5\u76d2\u88c5-1.png 750w, https:\/\/vestpetproducts.com\/wp-content\/uploads\/2025\/07\/85g\u6e7f\u7cae\u5305\u8be6\u60c5\u76d2\u88c5-1-260x500.png 260w, https:\/\/vestpetproducts.com\/wp-content\/uploads\/2025\/07\/85g\u6e7f\u7cae\u5305\u8be6\u60c5\u76d2\u88c5-1-625x1200.png 625w, https:\/\/vestpetproducts.com\/wp-content\/uploads\/2025\/07\/85g\u6e7f\u7cae\u5305\u8be6\u60c5\u76d2\u88c5-1-156x300.png 156w, https:\/\/vestpetproducts.com\/wp-content\/uploads\/2025\/07\/85g\u6e7f\u7cae\u5305\u8be6\u60c5\u76d2\u88c5-1-6x12.png 6w, https:\/\/vestpetproducts.com\/wp-content\/uploads\/2025\/07\/85g\u6e7f\u7cae\u5305\u8be6\u60c5\u76d2\u88c5-1-39x75.png 39w, https:\/\/vestpetproducts.com\/wp-content\/uploads\/2025\/07\/85g\u6e7f\u7cae\u5305\u8be6\u60c5\u76d2\u88c5-1-480x922.png 480w\" sizes=\"auto, (max-width:767px) 480px, 750px\" \/> <img loading=\"lazy\" decoding=\"async\" class=\"aligncenter size-full wp-image-479\" src=\"http:\/\/vestpetproducts.com\/wp-content\/uploads\/2025\/07\/85g\u6e7f\u7cae\u5305\u8be6\u60c5\u76d2\u88c5-2.png\" alt=\"\" width=\"750\" height=\"500\" srcset=\"https:\/\/vestpetproducts.com\/wp-content\/uploads\/2025\/07\/85g\u6e7f\u7cae\u5305\u8be6\u60c5\u76d2\u88c5-2.png 750w, https:\/\/vestpetproducts.com\/wp-content\/uploads\/2025\/07\/85g\u6e7f\u7cae\u5305\u8be6\u60c5\u76d2\u88c5-2-500x333.png 500w, https:\/\/vestpetproducts.com\/wp-content\/uploads\/2025\/07\/85g\u6e7f\u7cae\u5305\u8be6\u60c5\u76d2\u88c5-2-300x200.png 300w, https:\/\/vestpetproducts.com\/wp-content\/uploads\/2025\/07\/85g\u6e7f\u7cae\u5305\u8be6\u60c5\u76d2\u88c5-2-18x12.png 18w, https:\/\/vestpetproducts.com\/wp-content\/uploads\/2025\/07\/85g\u6e7f\u7cae\u5305\u8be6\u60c5\u76d2\u88c5-2-113x75.png 113w, https:\/\/vestpetproducts.com\/wp-content\/uploads\/2025\/07\/85g\u6e7f\u7cae\u5305\u8be6\u60c5\u76d2\u88c5-2-480x320.png 480w\" sizes=\"auto, (max-width:767px) 480px, 750px\" \/> <img loading=\"lazy\" decoding=\"async\" class=\"aligncenter size-full wp-image-480\" src=\"http:\/\/vestpetproducts.com\/wp-content\/uploads\/2025\/07\/85g\u6e7f\u7cae\u5305\u8be6\u60c5\u76d2\u88c5-3.png\" alt=\"\" width=\"750\" height=\"580\" srcset=\"https:\/\/vestpetproducts.com\/wp-content\/uploads\/2025\/07\/85g\u6e7f\u7cae\u5305\u8be6\u60c5\u76d2\u88c5-3.png 750w, https:\/\/vestpetproducts.com\/wp-content\/uploads\/2025\/07\/85g\u6e7f\u7cae\u5305\u8be6\u60c5\u76d2\u88c5-3-500x387.png 500w, https:\/\/vestpetproducts.com\/wp-content\/uploads\/2025\/07\/85g\u6e7f\u7cae\u5305\u8be6\u60c5\u76d2\u88c5-3-300x232.png 300w, https:\/\/vestpetproducts.com\/wp-content\/uploads\/2025\/07\/85g\u6e7f\u7cae\u5305\u8be6\u60c5\u76d2\u88c5-3-16x12.png 16w, https:\/\/vestpetproducts.com\/wp-content\/uploads\/2025\/07\/85g\u6e7f\u7cae\u5305\u8be6\u60c5\u76d2\u88c5-3-97x75.png 97w, https:\/\/vestpetproducts.com\/wp-content\/uploads\/2025\/07\/85g\u6e7f\u7cae\u5305\u8be6\u60c5\u76d2\u88c5-3-480x371.png 480w\" sizes=\"auto, (max-width:767px) 480px, 750px\" \/> <img loading=\"lazy\" decoding=\"async\" class=\"aligncenter size-full wp-image-481\" src=\"http:\/\/vestpetproducts.com\/wp-content\/uploads\/2025\/07\/85g\u6e7f\u7cae\u5305\u8be6\u60c5\u76d2\u88c5-4.png\" alt=\"\" width=\"750\" height=\"750\" srcset=\"https:\/\/vestpetproducts.com\/wp-content\/uploads\/2025\/07\/85g\u6e7f\u7cae\u5305\u8be6\u60c5\u76d2\u88c5-4.png 750w, https:\/\/vestpetproducts.com\/wp-content\/uploads\/2025\/07\/85g\u6e7f\u7cae\u5305\u8be6\u60c5\u76d2\u88c5-4-500x500.png 500w, https:\/\/vestpetproducts.com\/wp-content\/uploads\/2025\/07\/85g\u6e7f\u7cae\u5305\u8be6\u60c5\u76d2\u88c5-4-300x300.png 300w, https:\/\/vestpetproducts.com\/wp-content\/uploads\/2025\/07\/85g\u6e7f\u7cae\u5305\u8be6\u60c5\u76d2\u88c5-4-12x12.png 12w, https:\/\/vestpetproducts.com\/wp-content\/uploads\/2025\/07\/85g\u6e7f\u7cae\u5305\u8be6\u60c5\u76d2\u88c5-4-150x150.png 150w, https:\/\/vestpetproducts.com\/wp-content\/uploads\/2025\/07\/85g\u6e7f\u7cae\u5305\u8be6\u60c5\u76d2\u88c5-4-75x75.png 75w, https:\/\/vestpetproducts.com\/wp-content\/uploads\/2025\/07\/85g\u6e7f\u7cae\u5305\u8be6\u60c5\u76d2\u88c5-4-480x480.png 480w\" sizes=\"auto, (max-width:767px) 480px, 750px\" \/> <img loading=\"lazy\" decoding=\"async\" class=\"aligncenter size-full wp-image-482\" src=\"http:\/\/vestpetproducts.com\/wp-content\/uploads\/2025\/07\/85g\u6e7f\u7cae\u5305\u8be6\u60c5\u76d2\u88c5-5.png\" alt=\"\" width=\"750\" height=\"1000\" srcset=\"https:\/\/vestpetproducts.com\/wp-content\/uploads\/2025\/07\/85g\u6e7f\u7cae\u5305\u8be6\u60c5\u76d2\u88c5-5.png 750w, https:\/\/vestpetproducts.com\/wp-content\/uploads\/2025\/07\/85g\u6e7f\u7cae\u5305\u8be6\u60c5\u76d2\u88c5-5-375x500.png 375w, https:\/\/vestpetproducts.com\/wp-content\/uploads\/2025\/07\/85g\u6e7f\u7cae\u5305\u8be6\u60c5\u76d2\u88c5-5-225x300.png 225w, https:\/\/vestpetproducts.com\/wp-content\/uploads\/2025\/07\/85g\u6e7f\u7cae\u5305\u8be6\u60c5\u76d2\u88c5-5-9x12.png 9w, https:\/\/vestpetproducts.com\/wp-content\/uploads\/2025\/07\/85g\u6e7f\u7cae\u5305\u8be6\u60c5\u76d2\u88c5-5-56x75.png 56w, https:\/\/vestpetproducts.com\/wp-content\/uploads\/2025\/07\/85g\u6e7f\u7cae\u5305\u8be6\u60c5\u76d2\u88c5-5-480x640.png 480w\" sizes=\"auto, (max-width:767px) 480px, 750px\" \/><img loading=\"lazy\" decoding=\"async\" class=\"aligncenter wp-image-374\" src=\"http:\/\/vestpetproducts.com\/wp-content\/uploads\/2025\/07\/\u5fae\u4fe1\u56fe\u7247_20250715165725.jpg\" alt=\"\" width=\"712\" height=\"712\" srcset=\"https:\/\/vestpetproducts.com\/wp-content\/uploads\/2025\/07\/\u5fae\u4fe1\u56fe\u7247_20250715165725.jpg 800w, https:\/\/vestpetproducts.com\/wp-content\/uploads\/2025\/07\/\u5fae\u4fe1\u56fe\u7247_20250715165725-500x500.jpg 500w, https:\/\/vestpetproducts.com\/wp-content\/uploads\/2025\/07\/\u5fae\u4fe1\u56fe\u7247_20250715165725-300x300.jpg 300w, https:\/\/vestpetproducts.com\/wp-content\/uploads\/2025\/07\/\u5fae\u4fe1\u56fe\u7247_20250715165725-768x768.jpg 768w, https:\/\/vestpetproducts.com\/wp-content\/uploads\/2025\/07\/\u5fae\u4fe1\u56fe\u7247_20250715165725-12x12.jpg 12w, https:\/\/vestpetproducts.com\/wp-content\/uploads\/2025\/07\/\u5fae\u4fe1\u56fe\u7247_20250715165725-150x150.jpg 150w, https:\/\/vestpetproducts.com\/wp-content\/uploads\/2025\/07\/\u5fae\u4fe1\u56fe\u7247_20250715165725-75x75.jpg 75w, https:\/\/vestpetproducts.com\/wp-content\/uploads\/2025\/07\/\u5fae\u4fe1\u56fe\u7247_20250715165725-480x480.jpg 480w\" sizes=\"auto, (max-width:767px) 480px, 712px\" \/><img loading=\"lazy\" decoding=\"async\" class=\"aligncenter wp-image-376\" src=\"http:\/\/vestpetproducts.com\/wp-content\/uploads\/2025\/07\/\u5fae\u4fe1\u56fe\u7247_20250715165719.jpg\" alt=\"\" width=\"791\" height=\"791\" srcset=\"https:\/\/vestpetproducts.com\/wp-content\/uploads\/2025\/07\/\u5fae\u4fe1\u56fe\u7247_20250715165719.jpg 1200w, https:\/\/vestpetproducts.com\/wp-content\/uploads\/2025\/07\/\u5fae\u4fe1\u56fe\u7247_20250715165719-500x500.jpg 500w, https:\/\/vestpetproducts.com\/wp-content\/uploads\/2025\/07\/\u5fae\u4fe1\u56fe\u7247_20250715165719-300x300.jpg 300w, https:\/\/vestpetproducts.com\/wp-content\/uploads\/2025\/07\/\u5fae\u4fe1\u56fe\u7247_20250715165719-768x768.jpg 768w, https:\/\/vestpetproducts.com\/wp-content\/uploads\/2025\/07\/\u5fae\u4fe1\u56fe\u7247_20250715165719-12x12.jpg 12w, https:\/\/vestpetproducts.com\/wp-content\/uploads\/2025\/07\/\u5fae\u4fe1\u56fe\u7247_20250715165719-150x150.jpg 150w, https:\/\/vestpetproducts.com\/wp-content\/uploads\/2025\/07\/\u5fae\u4fe1\u56fe\u7247_20250715165719-75x75.jpg 75w, https:\/\/vestpetproducts.com\/wp-content\/uploads\/2025\/07\/\u5fae\u4fe1\u56fe\u7247_20250715165719-480x480.jpg 480w, https:\/\/vestpetproducts.com\/wp-content\/uploads\/2025\/07\/\u5fae\u4fe1\u56fe\u7247_20250715165719-800x800.jpg 800w\" sizes=\"auto, (max-width:767px) 480px, (max-width:791px) 100vw, 791px\" \/><\/p>\n<p><img loading=\"lazy\" decoding=\"async\" class=\"wp-image-391 aligncenter\" src=\"http:\/\/vestpetproducts.com\/wp-content\/uploads\/2025\/07\/\u8d44\u8d28\u8bc1\u4e66\u5c55\u793a.jpg\" alt=\"\" width=\"764\" height=\"853\" srcset=\"https:\/\/vestpetproducts.com\/wp-content\/uploads\/2025\/07\/\u8d44\u8d28\u8bc1\u4e66\u5c55\u793a.jpg 918w, https:\/\/vestpetproducts.com\/wp-content\/uploads\/2025\/07\/\u8d44\u8d28\u8bc1\u4e66\u5c55\u793a-448x500.jpg 448w, https:\/\/vestpetproducts.com\/wp-content\/uploads\/2025\/07\/\u8d44\u8d28\u8bc1\u4e66\u5c55\u793a-269x300.jpg 269w, https:\/\/vestpetproducts.com\/wp-content\/uploads\/2025\/07\/\u8d44\u8d28\u8bc1\u4e66\u5c55\u793a-768x857.jpg 768w, https:\/\/vestpetproducts.com\/wp-content\/uploads\/2025\/07\/\u8d44\u8d28\u8bc1\u4e66\u5c55\u793a-11x12.jpg 11w, https:\/\/vestpetproducts.com\/wp-content\/uploads\/2025\/07\/\u8d44\u8d28\u8bc1\u4e66\u5c55\u793a-67x75.jpg 67w, https:\/\/vestpetproducts.com\/wp-content\/uploads\/2025\/07\/\u8d44\u8d28\u8bc1\u4e66\u5c55\u793a-480x535.jpg 480w, https:\/\/vestpetproducts.com\/wp-content\/uploads\/2025\/07\/\u8d44\u8d28\u8bc1\u4e66\u5c55\u793a-800x892.jpg 800w\" sizes=\"auto, (max-width:767px) 480px, 764px\" \/><\/p>\n<p><img loading=\"lazy\" decoding=\"async\" class=\"aligncenter wp-image-379\" src=\"http:\/\/vestpetproducts.com\/wp-content\/uploads\/2025\/07\/\u5fae\u4fe1\u56fe\u7247_20250715165659.jpg\" alt=\"\" width=\"787\" height=\"1142\" srcset=\"https:\/\/vestpetproducts.com\/wp-content\/uploads\/2025\/07\/\u5fae\u4fe1\u56fe\u7247_20250715165659.jpg 803w, https:\/\/vestpetproducts.com\/wp-content\/uploads\/2025\/07\/\u5fae\u4fe1\u56fe\u7247_20250715165659-345x500.jpg 345w, https:\/\/vestpetproducts.com\/wp-content\/uploads\/2025\/07\/\u5fae\u4fe1\u56fe\u7247_20250715165659-207x300.jpg 207w, https:\/\/vestpetproducts.com\/wp-content\/uploads\/2025\/07\/\u5fae\u4fe1\u56fe\u7247_20250715165659-768x1114.jpg 768w, https:\/\/vestpetproducts.com\/wp-content\/uploads\/2025\/07\/\u5fae\u4fe1\u56fe\u7247_20250715165659-8x12.jpg 8w, https:\/\/vestpetproducts.com\/wp-content\/uploads\/2025\/07\/\u5fae\u4fe1\u56fe\u7247_20250715165659-52x75.jpg 52w, https:\/\/vestpetproducts.com\/wp-content\/uploads\/2025\/07\/\u5fae\u4fe1\u56fe\u7247_20250715165659-480x696.jpg 480w, https:\/\/vestpetproducts.com\/wp-content\/uploads\/2025\/07\/\u5fae\u4fe1\u56fe\u7247_20250715165659-800x1161.jpg 800w\" sizes=\"auto, (max-width:767px) 480px, (max-width:787px) 100vw, 787px\" \/><\/p>","protected":false},"excerpt":{"rendered":"<p>Tres sabores disponibles en bolsas o cajas con un exquisito empaque<\/p>\n<p>Bolsitas de comida para gatos premium en trozos<br \/>\nF\u00f3rmula de carne roja con alto contenido proteico y trozos de carne visibles para una comida felina satisfactoria.<\/p>\n<p>Textura que los gatos adoran<br \/>\nGenerosos trozos de carne tierna en una salsa rica para un disfrute gastron\u00f3mico superior.<\/p>\n<p>Completo y equilibrado<br \/>\nEnriquecido con nutrientes esenciales para favorecer la salud y la vitalidad en general.<\/p>\n<p>Tama\u00f1o: bolsa de 85 g<\/p>","protected":false},"featured_media":470,"template":"","meta":{"content-type":""},"product_brand":[],"product_cat":[14,121],"product_tag":[],"class_list":{"0":"post-469","1":"product","2":"type-product","3":"status-publish","4":"has-post-thumbnail","6":"product_cat-pet-food","7":"product_cat-wet-food","9":"first","10":"instock","11":"shipping-taxable","12":"product-type-simple"},"yoast_head":"<!-- This site is optimized with the Yoast SEO plugin v24.9 - https:\/\/yoast.com\/wordpress\/plugins\/seo\/ -->\n<title>Sell Well 85g Wet Food Package Pet Snacks Wet Food Pouch Cat Treats Meat Particle Pet Food - Shandong Vest International Trade Co., Ltd.<\/title>\n<meta name=\"robots\" content=\"index, follow, max-snippet:-1, max-image-preview:large, max-video-preview:-1\" \/>\n<link rel=\"canonical\" href=\"https:\/\/vestpetproducts.com\/es\/producto\/sell-well-85g-wet-food-package-pet-snacks-wet-food-pouch-cat-treats-meat-particle-pet-food\/\" \/>\n<meta property=\"og:locale\" content=\"es_ES\" \/>\n<meta property=\"og:type\" content=\"article\" \/>\n<meta property=\"og:title\" content=\"Sell Well 85g Wet Food Package Pet Snacks Wet Food Pouch Cat Treats Meat Particle Pet Food - Shandong Vest International Trade Co., Ltd.\" \/>\n<meta property=\"og:description\" content=\"Three flavors are available in bags or boxes with exquisite packaging  Premium Chunky Cat Food Pouches High-protein red meat formula with visible meat chunks for satisfying feline meals  Texture Cats Crave Generous tender meat pieces in rich gravy for enhanced dining enjoyment  Complete &amp; Balanced Fortified with essential nutrients to support overall health and vitality  Size: 85g pouch\" \/>\n<meta property=\"og:url\" content=\"https:\/\/vestpetproducts.com\/es\/producto\/sell-well-85g-wet-food-package-pet-snacks-wet-food-pouch-cat-treats-meat-particle-pet-food\/\" \/>\n<meta property=\"og:site_name\" content=\"Shandong Vest International Trade Co., Ltd.\" \/>\n<meta property=\"article:modified_time\" content=\"2025-08-13T03:18:09+00:00\" \/>\n<meta property=\"og:image\" content=\"https:\/\/vestpetproducts.com\/wp-content\/uploads\/2025\/07\/\u6cd5\u6069\u8d1d85g\u6e7f\u7cae\u5305\u4e3b\u56fe-\u767d\u5e95.jpg\" \/>\n\t<meta property=\"og:image:width\" content=\"800\" \/>\n\t<meta property=\"og:image:height\" content=\"800\" \/>\n\t<meta property=\"og:image:type\" content=\"image\/jpeg\" \/>\n<meta name=\"twitter:card\" content=\"summary_large_image\" \/>\n<meta name=\"twitter:label1\" content=\"Tiempo de lectura\" \/>\n\t<meta name=\"twitter:data1\" content=\"2 minutos\" \/>\n<script type=\"application\/ld+json\" class=\"yoast-schema-graph\">{\"@context\":\"https:\/\/schema.org\",\"@graph\":[{\"@type\":\"WebPage\",\"@id\":\"https:\/\/vestpetproducts.com\/product\/sell-well-85g-wet-food-package-pet-snacks-wet-food-pouch-cat-treats-meat-particle-pet-food\/\",\"url\":\"https:\/\/vestpetproducts.com\/product\/sell-well-85g-wet-food-package-pet-snacks-wet-food-pouch-cat-treats-meat-particle-pet-food\/\",\"name\":\"Sell Well 85g Wet Food Package Pet Snacks Wet Food Pouch Cat Treats Meat Particle Pet Food - Shandong Vest International Trade Co., Ltd.\",\"isPartOf\":{\"@id\":\"https:\/\/vestpetproducts.com\/#website\"},\"primaryImageOfPage\":{\"@id\":\"https:\/\/vestpetproducts.com\/product\/sell-well-85g-wet-food-package-pet-snacks-wet-food-pouch-cat-treats-meat-particle-pet-food\/#primaryimage\"},\"image\":{\"@id\":\"https:\/\/vestpetproducts.com\/product\/sell-well-85g-wet-food-package-pet-snacks-wet-food-pouch-cat-treats-meat-particle-pet-food\/#primaryimage\"},\"thumbnailUrl\":\"https:\/\/vestpetproducts.com\/wp-content\/uploads\/2025\/07\/\u6cd5\u6069\u8d1d85g\u6e7f\u7cae\u5305\u4e3b\u56fe-\u767d\u5e95.jpg\",\"datePublished\":\"2025-07-16T07:41:00+00:00\",\"dateModified\":\"2025-08-13T03:18:09+00:00\",\"breadcrumb\":{\"@id\":\"https:\/\/vestpetproducts.com\/product\/sell-well-85g-wet-food-package-pet-snacks-wet-food-pouch-cat-treats-meat-particle-pet-food\/#breadcrumb\"},\"inLanguage\":\"es\",\"potentialAction\":[{\"@type\":\"ReadAction\",\"target\":[\"https:\/\/vestpetproducts.com\/product\/sell-well-85g-wet-food-package-pet-snacks-wet-food-pouch-cat-treats-meat-particle-pet-food\/\"]}]},{\"@type\":\"ImageObject\",\"inLanguage\":\"es\",\"@id\":\"https:\/\/vestpetproducts.com\/product\/sell-well-85g-wet-food-package-pet-snacks-wet-food-pouch-cat-treats-meat-particle-pet-food\/#primaryimage\",\"url\":\"https:\/\/vestpetproducts.com\/wp-content\/uploads\/2025\/07\/\u6cd5\u6069\u8d1d85g\u6e7f\u7cae\u5305\u4e3b\u56fe-\u767d\u5e95.jpg\",\"contentUrl\":\"https:\/\/vestpetproducts.com\/wp-content\/uploads\/2025\/07\/\u6cd5\u6069\u8d1d85g\u6e7f\u7cae\u5305\u4e3b\u56fe-\u767d\u5e95.jpg\",\"width\":800,\"height\":800},{\"@type\":\"BreadcrumbList\",\"@id\":\"https:\/\/vestpetproducts.com\/product\/sell-well-85g-wet-food-package-pet-snacks-wet-food-pouch-cat-treats-meat-particle-pet-food\/#breadcrumb\",\"itemListElement\":[{\"@type\":\"ListItem\",\"position\":1,\"name\":\"\u9996\u9875\",\"item\":\"https:\/\/vestpetproducts.com\/\"},{\"@type\":\"ListItem\",\"position\":2,\"name\":\"Product\",\"item\":\"https:\/\/vestpetproducts.com\/product\/\"},{\"@type\":\"ListItem\",\"position\":3,\"name\":\"Sell Well 85g Wet Food Package Pet Snacks Wet Food Pouch Cat Treats Meat Particle Pet Food\"}]},{\"@type\":\"WebSite\",\"@id\":\"https:\/\/vestpetproducts.com\/#website\",\"url\":\"https:\/\/vestpetproducts.com\/\",\"name\":\"Shandong Vest International Trade Co., Ltd.\",\"description\":\"Shandong Vest International Trade Co., Ltd.\",\"potentialAction\":[{\"@type\":\"SearchAction\",\"target\":{\"@type\":\"EntryPoint\",\"urlTemplate\":\"https:\/\/vestpetproducts.com\/?s={search_term_string}\"},\"query-input\":{\"@type\":\"PropertyValueSpecification\",\"valueRequired\":true,\"valueName\":\"search_term_string\"}}],\"inLanguage\":\"es\"}]}<\/script>\n<!-- \/ Yoast SEO plugin. -->","yoast_head_json":{"title":"Sell Well 85g Wet Food Package Pet Snacks Wet Food Pouch Cat Treats Meat Particle Pet Food - Shandong Vest International Trade Co., Ltd.","robots":{"index":"index","follow":"follow","max-snippet":"max-snippet:-1","max-image-preview":"max-image-preview:large","max-video-preview":"max-video-preview:-1"},"canonical":"https:\/\/vestpetproducts.com\/es\/producto\/sell-well-85g-wet-food-package-pet-snacks-wet-food-pouch-cat-treats-meat-particle-pet-food\/","og_locale":"es_ES","og_type":"article","og_title":"Sell Well 85g Wet Food Package Pet Snacks Wet Food Pouch Cat Treats Meat Particle Pet Food - Shandong Vest International Trade Co., Ltd.","og_description":"Three flavors are available in bags or boxes with exquisite packaging  Premium Chunky Cat Food Pouches High-protein red meat formula with visible meat chunks for satisfying feline meals  Texture Cats Crave Generous tender meat pieces in rich gravy for enhanced dining enjoyment  Complete &amp; Balanced Fortified with essential nutrients to support overall health and vitality  Size: 85g pouch","og_url":"https:\/\/vestpetproducts.com\/es\/producto\/sell-well-85g-wet-food-package-pet-snacks-wet-food-pouch-cat-treats-meat-particle-pet-food\/","og_site_name":"Shandong Vest International Trade Co., Ltd.","article_modified_time":"2025-08-13T03:18:09+00:00","og_image":[{"width":800,"height":800,"url":"https:\/\/vestpetproducts.com\/wp-content\/uploads\/2025\/07\/\u6cd5\u6069\u8d1d85g\u6e7f\u7cae\u5305\u4e3b\u56fe-\u767d\u5e95.jpg","type":"image\/jpeg"}],"twitter_card":"summary_large_image","twitter_misc":{"Tiempo de lectura":"2 minutos"},"schema":{"@context":"https:\/\/schema.org","@graph":[{"@type":"WebPage","@id":"https:\/\/vestpetproducts.com\/product\/sell-well-85g-wet-food-package-pet-snacks-wet-food-pouch-cat-treats-meat-particle-pet-food\/","url":"https:\/\/vestpetproducts.com\/product\/sell-well-85g-wet-food-package-pet-snacks-wet-food-pouch-cat-treats-meat-particle-pet-food\/","name":"Sell Well 85g Wet Food Package Pet Snacks Wet Food Pouch Cat Treats Meat Particle Pet Food - Shandong Vest International Trade Co., Ltd.","isPartOf":{"@id":"https:\/\/vestpetproducts.com\/#website"},"primaryImageOfPage":{"@id":"https:\/\/vestpetproducts.com\/product\/sell-well-85g-wet-food-package-pet-snacks-wet-food-pouch-cat-treats-meat-particle-pet-food\/#primaryimage"},"image":{"@id":"https:\/\/vestpetproducts.com\/product\/sell-well-85g-wet-food-package-pet-snacks-wet-food-pouch-cat-treats-meat-particle-pet-food\/#primaryimage"},"thumbnailUrl":"https:\/\/vestpetproducts.com\/wp-content\/uploads\/2025\/07\/\u6cd5\u6069\u8d1d85g\u6e7f\u7cae\u5305\u4e3b\u56fe-\u767d\u5e95.jpg","datePublished":"2025-07-16T07:41:00+00:00","dateModified":"2025-08-13T03:18:09+00:00","breadcrumb":{"@id":"https:\/\/vestpetproducts.com\/product\/sell-well-85g-wet-food-package-pet-snacks-wet-food-pouch-cat-treats-meat-particle-pet-food\/#breadcrumb"},"inLanguage":"es","potentialAction":[{"@type":"ReadAction","target":["https:\/\/vestpetproducts.com\/product\/sell-well-85g-wet-food-package-pet-snacks-wet-food-pouch-cat-treats-meat-particle-pet-food\/"]}]},{"@type":"ImageObject","inLanguage":"es","@id":"https:\/\/vestpetproducts.com\/product\/sell-well-85g-wet-food-package-pet-snacks-wet-food-pouch-cat-treats-meat-particle-pet-food\/#primaryimage","url":"https:\/\/vestpetproducts.com\/wp-content\/uploads\/2025\/07\/\u6cd5\u6069\u8d1d85g\u6e7f\u7cae\u5305\u4e3b\u56fe-\u767d\u5e95.jpg","contentUrl":"https:\/\/vestpetproducts.com\/wp-content\/uploads\/2025\/07\/\u6cd5\u6069\u8d1d85g\u6e7f\u7cae\u5305\u4e3b\u56fe-\u767d\u5e95.jpg","width":800,"height":800},{"@type":"BreadcrumbList","@id":"https:\/\/vestpetproducts.com\/product\/sell-well-85g-wet-food-package-pet-snacks-wet-food-pouch-cat-treats-meat-particle-pet-food\/#breadcrumb","itemListElement":[{"@type":"ListItem","position":1,"name":"\u9996\u9875","item":"https:\/\/vestpetproducts.com\/"},{"@type":"ListItem","position":2,"name":"Product","item":"https:\/\/vestpetproducts.com\/product\/"},{"@type":"ListItem","position":3,"name":"Sell Well 85g Wet Food Package Pet Snacks Wet Food Pouch Cat Treats Meat Particle Pet Food"}]},{"@type":"WebSite","@id":"https:\/\/vestpetproducts.com\/#website","url":"https:\/\/vestpetproducts.com\/","name":"Shandong Vest International Trade Co., Ltd.","description":"Shandong Vest International Trade Co., Ltd.","potentialAction":[{"@type":"SearchAction","target":{"@type":"EntryPoint","urlTemplate":"https:\/\/vestpetproducts.com\/?s={search_term_string}"},"query-input":{"@type":"PropertyValueSpecification","valueRequired":true,"valueName":"search_term_string"}}],"inLanguage":"es"}]}},"_links":{"self":[{"href":"https:\/\/vestpetproducts.com\/es\/wp-json\/wp\/v2\/product\/469","targetHints":{"allow":["GET"]}}],"collection":[{"href":"https:\/\/vestpetproducts.com\/es\/wp-json\/wp\/v2\/product"}],"about":[{"href":"https:\/\/vestpetproducts.com\/es\/wp-json\/wp\/v2\/types\/product"}],"wp:featuredmedia":[{"embeddable":true,"href":"https:\/\/vestpetproducts.com\/es\/wp-json\/wp\/v2\/media\/470"}],"wp:attachment":[{"href":"https:\/\/vestpetproducts.com\/es\/wp-json\/wp\/v2\/media?parent=469"}],"wp:term":[{"taxonomy":"product_brand","embeddable":true,"href":"https:\/\/vestpetproducts.com\/es\/wp-json\/wp\/v2\/product_brand?post=469"},{"taxonomy":"product_cat","embeddable":true,"href":"https:\/\/vestpetproducts.com\/es\/wp-json\/wp\/v2\/product_cat?post=469"},{"taxonomy":"product_tag","embeddable":true,"href":"https:\/\/vestpetproducts.com\/es\/wp-json\/wp\/v2\/product_tag?post=469"}],"curies":[{"name":"wp","href":"https:\/\/api.w.org\/{rel}","templated":true}]}}