{"id":421,"date":"2025-07-16T06:18:08","date_gmt":"2025-07-16T06:18:08","guid":{"rendered":"https:\/\/vestpetproducts.com\/?post_type=product&#038;p=421"},"modified":"2025-08-13T03:35:22","modified_gmt":"2025-08-13T03:35:22","slug":"cat-creamy-snack-faenbei-brand-cat-food-creamy-stick-various-flavor-wet-snack-for-cats","status":"publish","type":"product","link":"https:\/\/vestpetproducts.com\/es\/producto\/cat-creamy-snack-faenbei-brand-cat-food-creamy-stick-various-flavor-wet-snack-for-cats\/","title":{"rendered":"Snack cremoso para gatos de la marca Faenbei, alimento cremoso en barra con varios sabores, snack h\u00famedo para gatos"},"content":{"rendered":"<p>&nbsp;<\/p>\n<p><img loading=\"lazy\" decoding=\"async\" class=\"aligncenter size-full wp-image-430\" src=\"http:\/\/vestpetproducts.com\/wp-content\/uploads\/2025\/07\/\u65b0\u6b3e\u732b\u676103.jpg\" alt=\"\" width=\"750\" height=\"835\" srcset=\"https:\/\/vestpetproducts.com\/wp-content\/uploads\/2025\/07\/\u65b0\u6b3e\u732b\u676103.jpg 750w, https:\/\/vestpetproducts.com\/wp-content\/uploads\/2025\/07\/\u65b0\u6b3e\u732b\u676103-449x500.jpg 449w, https:\/\/vestpetproducts.com\/wp-content\/uploads\/2025\/07\/\u65b0\u6b3e\u732b\u676103-269x300.jpg 269w, https:\/\/vestpetproducts.com\/wp-content\/uploads\/2025\/07\/\u65b0\u6b3e\u732b\u676103-11x12.jpg 11w, https:\/\/vestpetproducts.com\/wp-content\/uploads\/2025\/07\/\u65b0\u6b3e\u732b\u676103-67x75.jpg 67w, https:\/\/vestpetproducts.com\/wp-content\/uploads\/2025\/07\/\u65b0\u6b3e\u732b\u676103-480x534.jpg 480w\" sizes=\"auto, (max-width:767px) 480px, 750px\" \/><img loading=\"lazy\" decoding=\"async\" class=\"aligncenter size-full wp-image-431\" src=\"http:\/\/vestpetproducts.com\/wp-content\/uploads\/2025\/07\/\u65b0\u6b3e\u732b\u676104.jpg\" alt=\"\" width=\"750\" height=\"835\" \/><img loading=\"lazy\" decoding=\"async\" class=\"aligncenter size-full wp-image-429\" src=\"http:\/\/vestpetproducts.com\/wp-content\/uploads\/2025\/07\/\u65b0\u6b3e\u732b\u676102.jpg\" alt=\"\" width=\"750\" height=\"834\" \/><img loading=\"lazy\" decoding=\"async\" class=\"aligncenter size-full wp-image-432\" src=\"http:\/\/vestpetproducts.com\/wp-content\/uploads\/2025\/07\/\u65b0\u6b3e\u732b\u676105.jpg\" alt=\"\" width=\"750\" height=\"834\" srcset=\"https:\/\/vestpetproducts.com\/wp-content\/uploads\/2025\/07\/\u65b0\u6b3e\u732b\u676105.jpg 750w, https:\/\/vestpetproducts.com\/wp-content\/uploads\/2025\/07\/\u65b0\u6b3e\u732b\u676105-450x500.jpg 450w, https:\/\/vestpetproducts.com\/wp-content\/uploads\/2025\/07\/\u65b0\u6b3e\u732b\u676105-270x300.jpg 270w, https:\/\/vestpetproducts.com\/wp-content\/uploads\/2025\/07\/\u65b0\u6b3e\u732b\u676105-11x12.jpg 11w, https:\/\/vestpetproducts.com\/wp-content\/uploads\/2025\/07\/\u65b0\u6b3e\u732b\u676105-67x75.jpg 67w, https:\/\/vestpetproducts.com\/wp-content\/uploads\/2025\/07\/\u65b0\u6b3e\u732b\u676105-480x534.jpg 480w\" sizes=\"auto, (max-width:767px) 480px, 750px\" \/><img loading=\"lazy\" decoding=\"async\" class=\"aligncenter size-full wp-image-433\" src=\"http:\/\/vestpetproducts.com\/wp-content\/uploads\/2025\/07\/\u65b0\u6b3e\u732b\u676106.png\" alt=\"\" width=\"800\" height=\"800\" srcset=\"https:\/\/vestpetproducts.com\/wp-content\/uploads\/2025\/07\/\u65b0\u6b3e\u732b\u676106.png 800w, https:\/\/vestpetproducts.com\/wp-content\/uploads\/2025\/07\/\u65b0\u6b3e\u732b\u676106-500x500.png 500w, https:\/\/vestpetproducts.com\/wp-content\/uploads\/2025\/07\/\u65b0\u6b3e\u732b\u676106-300x300.png 300w, https:\/\/vestpetproducts.com\/wp-content\/uploads\/2025\/07\/\u65b0\u6b3e\u732b\u676106-768x768.png 768w, https:\/\/vestpetproducts.com\/wp-content\/uploads\/2025\/07\/\u65b0\u6b3e\u732b\u676106-12x12.png 12w, https:\/\/vestpetproducts.com\/wp-content\/uploads\/2025\/07\/\u65b0\u6b3e\u732b\u676106-150x150.png 150w, https:\/\/vestpetproducts.com\/wp-content\/uploads\/2025\/07\/\u65b0\u6b3e\u732b\u676106-75x75.png 75w, https:\/\/vestpetproducts.com\/wp-content\/uploads\/2025\/07\/\u65b0\u6b3e\u732b\u676106-480x480.png 480w\" sizes=\"auto, (max-width:767px) 480px, (max-width:800px) 100vw, 800px\" \/><img loading=\"lazy\" decoding=\"async\" class=\"aligncenter size-full wp-image-374\" src=\"http:\/\/vestpetproducts.com\/wp-content\/uploads\/2025\/07\/\u5fae\u4fe1\u56fe\u7247_20250715165725.jpg\" alt=\"\" width=\"800\" height=\"800\" srcset=\"https:\/\/vestpetproducts.com\/wp-content\/uploads\/2025\/07\/\u5fae\u4fe1\u56fe\u7247_20250715165725.jpg 800w, https:\/\/vestpetproducts.com\/wp-content\/uploads\/2025\/07\/\u5fae\u4fe1\u56fe\u7247_20250715165725-500x500.jpg 500w, https:\/\/vestpetproducts.com\/wp-content\/uploads\/2025\/07\/\u5fae\u4fe1\u56fe\u7247_20250715165725-300x300.jpg 300w, https:\/\/vestpetproducts.com\/wp-content\/uploads\/2025\/07\/\u5fae\u4fe1\u56fe\u7247_20250715165725-768x768.jpg 768w, https:\/\/vestpetproducts.com\/wp-content\/uploads\/2025\/07\/\u5fae\u4fe1\u56fe\u7247_20250715165725-12x12.jpg 12w, https:\/\/vestpetproducts.com\/wp-content\/uploads\/2025\/07\/\u5fae\u4fe1\u56fe\u7247_20250715165725-150x150.jpg 150w, https:\/\/vestpetproducts.com\/wp-content\/uploads\/2025\/07\/\u5fae\u4fe1\u56fe\u7247_20250715165725-75x75.jpg 75w, https:\/\/vestpetproducts.com\/wp-content\/uploads\/2025\/07\/\u5fae\u4fe1\u56fe\u7247_20250715165725-480x480.jpg 480w\" sizes=\"auto, (max-width:767px) 480px, (max-width:800px) 100vw, 800px\" \/><img loading=\"lazy\" decoding=\"async\" class=\"aligncenter wp-image-376\" src=\"http:\/\/vestpetproducts.com\/wp-content\/uploads\/2025\/07\/\u5fae\u4fe1\u56fe\u7247_20250715165719.jpg\" alt=\"\" width=\"791\" height=\"791\" srcset=\"https:\/\/vestpetproducts.com\/wp-content\/uploads\/2025\/07\/\u5fae\u4fe1\u56fe\u7247_20250715165719.jpg 1200w, https:\/\/vestpetproducts.com\/wp-content\/uploads\/2025\/07\/\u5fae\u4fe1\u56fe\u7247_20250715165719-500x500.jpg 500w, https:\/\/vestpetproducts.com\/wp-content\/uploads\/2025\/07\/\u5fae\u4fe1\u56fe\u7247_20250715165719-300x300.jpg 300w, https:\/\/vestpetproducts.com\/wp-content\/uploads\/2025\/07\/\u5fae\u4fe1\u56fe\u7247_20250715165719-768x768.jpg 768w, https:\/\/vestpetproducts.com\/wp-content\/uploads\/2025\/07\/\u5fae\u4fe1\u56fe\u7247_20250715165719-12x12.jpg 12w, https:\/\/vestpetproducts.com\/wp-content\/uploads\/2025\/07\/\u5fae\u4fe1\u56fe\u7247_20250715165719-150x150.jpg 150w, https:\/\/vestpetproducts.com\/wp-content\/uploads\/2025\/07\/\u5fae\u4fe1\u56fe\u7247_20250715165719-75x75.jpg 75w, https:\/\/vestpetproducts.com\/wp-content\/uploads\/2025\/07\/\u5fae\u4fe1\u56fe\u7247_20250715165719-480x480.jpg 480w, https:\/\/vestpetproducts.com\/wp-content\/uploads\/2025\/07\/\u5fae\u4fe1\u56fe\u7247_20250715165719-800x800.jpg 800w\" sizes=\"auto, (max-width:767px) 480px, (max-width:791px) 100vw, 791px\" \/><\/p>\n<p><img loading=\"lazy\" decoding=\"async\" class=\"wp-image-391 aligncenter\" src=\"http:\/\/vestpetproducts.com\/wp-content\/uploads\/2025\/07\/\u8d44\u8d28\u8bc1\u4e66\u5c55\u793a.jpg\" alt=\"\" width=\"764\" height=\"853\" srcset=\"https:\/\/vestpetproducts.com\/wp-content\/uploads\/2025\/07\/\u8d44\u8d28\u8bc1\u4e66\u5c55\u793a.jpg 918w, https:\/\/vestpetproducts.com\/wp-content\/uploads\/2025\/07\/\u8d44\u8d28\u8bc1\u4e66\u5c55\u793a-448x500.jpg 448w, https:\/\/vestpetproducts.com\/wp-content\/uploads\/2025\/07\/\u8d44\u8d28\u8bc1\u4e66\u5c55\u793a-269x300.jpg 269w, https:\/\/vestpetproducts.com\/wp-content\/uploads\/2025\/07\/\u8d44\u8d28\u8bc1\u4e66\u5c55\u793a-768x857.jpg 768w, https:\/\/vestpetproducts.com\/wp-content\/uploads\/2025\/07\/\u8d44\u8d28\u8bc1\u4e66\u5c55\u793a-11x12.jpg 11w, https:\/\/vestpetproducts.com\/wp-content\/uploads\/2025\/07\/\u8d44\u8d28\u8bc1\u4e66\u5c55\u793a-67x75.jpg 67w, https:\/\/vestpetproducts.com\/wp-content\/uploads\/2025\/07\/\u8d44\u8d28\u8bc1\u4e66\u5c55\u793a-480x535.jpg 480w, https:\/\/vestpetproducts.com\/wp-content\/uploads\/2025\/07\/\u8d44\u8d28\u8bc1\u4e66\u5c55\u793a-800x892.jpg 800w\" sizes=\"auto, (max-width:767px) 480px, 764px\" \/><\/p>\n<p><img loading=\"lazy\" decoding=\"async\" class=\"aligncenter wp-image-379\" src=\"http:\/\/vestpetproducts.com\/wp-content\/uploads\/2025\/07\/\u5fae\u4fe1\u56fe\u7247_20250715165659.jpg\" alt=\"\" width=\"787\" height=\"1142\" srcset=\"https:\/\/vestpetproducts.com\/wp-content\/uploads\/2025\/07\/\u5fae\u4fe1\u56fe\u7247_20250715165659.jpg 803w, https:\/\/vestpetproducts.com\/wp-content\/uploads\/2025\/07\/\u5fae\u4fe1\u56fe\u7247_20250715165659-345x500.jpg 345w, https:\/\/vestpetproducts.com\/wp-content\/uploads\/2025\/07\/\u5fae\u4fe1\u56fe\u7247_20250715165659-207x300.jpg 207w, https:\/\/vestpetproducts.com\/wp-content\/uploads\/2025\/07\/\u5fae\u4fe1\u56fe\u7247_20250715165659-768x1114.jpg 768w, https:\/\/vestpetproducts.com\/wp-content\/uploads\/2025\/07\/\u5fae\u4fe1\u56fe\u7247_20250715165659-8x12.jpg 8w, https:\/\/vestpetproducts.com\/wp-content\/uploads\/2025\/07\/\u5fae\u4fe1\u56fe\u7247_20250715165659-52x75.jpg 52w, https:\/\/vestpetproducts.com\/wp-content\/uploads\/2025\/07\/\u5fae\u4fe1\u56fe\u7247_20250715165659-480x696.jpg 480w, https:\/\/vestpetproducts.com\/wp-content\/uploads\/2025\/07\/\u5fae\u4fe1\u56fe\u7247_20250715165659-800x1161.jpg 800w\" sizes=\"auto, (max-width:767px) 480px, (max-width:787px) 100vw, 787px\" \/><\/p>","protected":false},"excerpt":{"rendered":"<p>Cinco sabores: yema de huevo de gallina, hierba de gato de pollo, salm\u00f3n con ar\u00e1ndanos, camarones de at\u00fan, huevas de at\u00fan<\/p>\n<p>Palitos de golosinas premium para gatos<br \/>\nOpciones de snacks irresistibles para deleitar a tu amigo felino<\/p>\n<p>Variedad de triple sabor<br \/>\nM\u00faltiples opciones deliciosas para disfrutar todos los d\u00edas.<\/p>\n<p>Conveniente porci\u00f3n individual<br \/>\nPalitos de 15 g con porciones perfectas para una alimentaci\u00f3n f\u00e1cil.<\/p>\n<p>Tipo: Snacks complementarios para gatos<br \/>\nTama\u00f1o: 15 g\/pieza<\/p>","protected":false},"featured_media":422,"template":"","meta":{"content-type":""},"product_brand":[],"product_cat":[14,121],"product_tag":[],"class_list":{"0":"post-421","1":"product","2":"type-product","3":"status-publish","4":"has-post-thumbnail","6":"product_cat-pet-food","7":"product_cat-wet-food","9":"first","10":"instock","11":"shipping-taxable","12":"product-type-simple"},"yoast_head":"<!-- This site is optimized with the Yoast SEO plugin v24.9 - https:\/\/yoast.com\/wordpress\/plugins\/seo\/ -->\n<title>Cat Creamy Snack Faenbei Brand Cat Food Creamy Stick Various Flavor Wet Snack for Cats - Shandong Vest International Trade Co., Ltd.<\/title>\n<meta name=\"robots\" content=\"index, follow, max-snippet:-1, max-image-preview:large, max-video-preview:-1\" \/>\n<link rel=\"canonical\" href=\"https:\/\/vestpetproducts.com\/es\/producto\/cat-creamy-snack-faenbei-brand-cat-food-creamy-stick-various-flavor-wet-snack-for-cats\/\" \/>\n<meta property=\"og:locale\" content=\"es_ES\" \/>\n<meta property=\"og:type\" content=\"article\" \/>\n<meta property=\"og:title\" content=\"Cat Creamy Snack Faenbei Brand Cat Food Creamy Stick Various Flavor Wet Snack for Cats - Shandong Vest International Trade Co., Ltd.\" \/>\n<meta property=\"og:description\" content=\"Five flavors:Chicken egg yolk,chicken cat grass,salmon cranberry,tuna shrimp,tuna fish roe  Premium Cat Treat Sticks Irresistible snack options to delight your feline friend  Triple Flavor Variety Multiple delicious choices for everyday enjoyment  Convenient Single-Serve Perfectly portioned 15g sticks for easy feeding  Type: Complementary cat snacks Size: 15g \/pcs\" \/>\n<meta property=\"og:url\" content=\"https:\/\/vestpetproducts.com\/es\/producto\/cat-creamy-snack-faenbei-brand-cat-food-creamy-stick-various-flavor-wet-snack-for-cats\/\" \/>\n<meta property=\"og:site_name\" content=\"Shandong Vest International Trade Co., Ltd.\" \/>\n<meta property=\"article:modified_time\" content=\"2025-08-13T03:35:22+00:00\" \/>\n<meta property=\"og:image\" content=\"https:\/\/vestpetproducts.com\/wp-content\/uploads\/2025\/07\/\u888b\u88c5-\u9e21\u8089\u86cb\u9ec4.png\" \/>\n\t<meta property=\"og:image:width\" content=\"800\" \/>\n\t<meta property=\"og:image:height\" content=\"800\" \/>\n\t<meta property=\"og:image:type\" content=\"image\/png\" \/>\n<meta name=\"twitter:card\" content=\"summary_large_image\" \/>\n<meta name=\"twitter:label1\" content=\"Tiempo de lectura\" \/>\n\t<meta name=\"twitter:data1\" content=\"2 minutos\" \/>\n<script type=\"application\/ld+json\" class=\"yoast-schema-graph\">{\"@context\":\"https:\/\/schema.org\",\"@graph\":[{\"@type\":\"WebPage\",\"@id\":\"https:\/\/vestpetproducts.com\/product\/cat-creamy-snack-faenbei-brand-cat-food-creamy-stick-various-flavor-wet-snack-for-cats\/\",\"url\":\"https:\/\/vestpetproducts.com\/product\/cat-creamy-snack-faenbei-brand-cat-food-creamy-stick-various-flavor-wet-snack-for-cats\/\",\"name\":\"Cat Creamy Snack Faenbei Brand Cat Food Creamy Stick Various Flavor Wet Snack for Cats - Shandong Vest International Trade Co., Ltd.\",\"isPartOf\":{\"@id\":\"https:\/\/vestpetproducts.com\/#website\"},\"primaryImageOfPage\":{\"@id\":\"https:\/\/vestpetproducts.com\/product\/cat-creamy-snack-faenbei-brand-cat-food-creamy-stick-various-flavor-wet-snack-for-cats\/#primaryimage\"},\"image\":{\"@id\":\"https:\/\/vestpetproducts.com\/product\/cat-creamy-snack-faenbei-brand-cat-food-creamy-stick-various-flavor-wet-snack-for-cats\/#primaryimage\"},\"thumbnailUrl\":\"https:\/\/vestpetproducts.com\/wp-content\/uploads\/2025\/07\/\u888b\u88c5-\u9e21\u8089\u86cb\u9ec4.png\",\"datePublished\":\"2025-07-16T06:18:08+00:00\",\"dateModified\":\"2025-08-13T03:35:22+00:00\",\"breadcrumb\":{\"@id\":\"https:\/\/vestpetproducts.com\/product\/cat-creamy-snack-faenbei-brand-cat-food-creamy-stick-various-flavor-wet-snack-for-cats\/#breadcrumb\"},\"inLanguage\":\"es\",\"potentialAction\":[{\"@type\":\"ReadAction\",\"target\":[\"https:\/\/vestpetproducts.com\/product\/cat-creamy-snack-faenbei-brand-cat-food-creamy-stick-various-flavor-wet-snack-for-cats\/\"]}]},{\"@type\":\"ImageObject\",\"inLanguage\":\"es\",\"@id\":\"https:\/\/vestpetproducts.com\/product\/cat-creamy-snack-faenbei-brand-cat-food-creamy-stick-various-flavor-wet-snack-for-cats\/#primaryimage\",\"url\":\"https:\/\/vestpetproducts.com\/wp-content\/uploads\/2025\/07\/\u888b\u88c5-\u9e21\u8089\u86cb\u9ec4.png\",\"contentUrl\":\"https:\/\/vestpetproducts.com\/wp-content\/uploads\/2025\/07\/\u888b\u88c5-\u9e21\u8089\u86cb\u9ec4.png\",\"width\":800,\"height\":800},{\"@type\":\"BreadcrumbList\",\"@id\":\"https:\/\/vestpetproducts.com\/product\/cat-creamy-snack-faenbei-brand-cat-food-creamy-stick-various-flavor-wet-snack-for-cats\/#breadcrumb\",\"itemListElement\":[{\"@type\":\"ListItem\",\"position\":1,\"name\":\"\u9996\u9875\",\"item\":\"https:\/\/vestpetproducts.com\/\"},{\"@type\":\"ListItem\",\"position\":2,\"name\":\"Product\",\"item\":\"https:\/\/vestpetproducts.com\/product\/\"},{\"@type\":\"ListItem\",\"position\":3,\"name\":\"Cat Creamy Snack Faenbei Brand Cat Food Creamy Stick Various Flavor Wet Snack for Cats\"}]},{\"@type\":\"WebSite\",\"@id\":\"https:\/\/vestpetproducts.com\/#website\",\"url\":\"https:\/\/vestpetproducts.com\/\",\"name\":\"Shandong Vest International Trade Co., Ltd.\",\"description\":\"Shandong Vest International Trade Co., Ltd.\",\"potentialAction\":[{\"@type\":\"SearchAction\",\"target\":{\"@type\":\"EntryPoint\",\"urlTemplate\":\"https:\/\/vestpetproducts.com\/?s={search_term_string}\"},\"query-input\":{\"@type\":\"PropertyValueSpecification\",\"valueRequired\":true,\"valueName\":\"search_term_string\"}}],\"inLanguage\":\"es\"}]}<\/script>\n<!-- \/ Yoast SEO plugin. -->","yoast_head_json":{"title":"Cat Creamy Snack Faenbei Brand Cat Food Creamy Stick Various Flavor Wet Snack for Cats - Shandong Vest International Trade Co., Ltd.","robots":{"index":"index","follow":"follow","max-snippet":"max-snippet:-1","max-image-preview":"max-image-preview:large","max-video-preview":"max-video-preview:-1"},"canonical":"https:\/\/vestpetproducts.com\/es\/producto\/cat-creamy-snack-faenbei-brand-cat-food-creamy-stick-various-flavor-wet-snack-for-cats\/","og_locale":"es_ES","og_type":"article","og_title":"Cat Creamy Snack Faenbei Brand Cat Food Creamy Stick Various Flavor Wet Snack for Cats - Shandong Vest International Trade Co., Ltd.","og_description":"Five flavors:Chicken egg yolk,chicken cat grass,salmon cranberry,tuna shrimp,tuna fish roe  Premium Cat Treat Sticks Irresistible snack options to delight your feline friend  Triple Flavor Variety Multiple delicious choices for everyday enjoyment  Convenient Single-Serve Perfectly portioned 15g sticks for easy feeding  Type: Complementary cat snacks Size: 15g \/pcs","og_url":"https:\/\/vestpetproducts.com\/es\/producto\/cat-creamy-snack-faenbei-brand-cat-food-creamy-stick-various-flavor-wet-snack-for-cats\/","og_site_name":"Shandong Vest International Trade Co., Ltd.","article_modified_time":"2025-08-13T03:35:22+00:00","og_image":[{"width":800,"height":800,"url":"https:\/\/vestpetproducts.com\/wp-content\/uploads\/2025\/07\/\u888b\u88c5-\u9e21\u8089\u86cb\u9ec4.png","type":"image\/png"}],"twitter_card":"summary_large_image","twitter_misc":{"Tiempo de lectura":"2 minutos"},"schema":{"@context":"https:\/\/schema.org","@graph":[{"@type":"WebPage","@id":"https:\/\/vestpetproducts.com\/product\/cat-creamy-snack-faenbei-brand-cat-food-creamy-stick-various-flavor-wet-snack-for-cats\/","url":"https:\/\/vestpetproducts.com\/product\/cat-creamy-snack-faenbei-brand-cat-food-creamy-stick-various-flavor-wet-snack-for-cats\/","name":"Cat Creamy Snack Faenbei Brand Cat Food Creamy Stick Various Flavor Wet Snack for Cats - Shandong Vest International Trade Co., Ltd.","isPartOf":{"@id":"https:\/\/vestpetproducts.com\/#website"},"primaryImageOfPage":{"@id":"https:\/\/vestpetproducts.com\/product\/cat-creamy-snack-faenbei-brand-cat-food-creamy-stick-various-flavor-wet-snack-for-cats\/#primaryimage"},"image":{"@id":"https:\/\/vestpetproducts.com\/product\/cat-creamy-snack-faenbei-brand-cat-food-creamy-stick-various-flavor-wet-snack-for-cats\/#primaryimage"},"thumbnailUrl":"https:\/\/vestpetproducts.com\/wp-content\/uploads\/2025\/07\/\u888b\u88c5-\u9e21\u8089\u86cb\u9ec4.png","datePublished":"2025-07-16T06:18:08+00:00","dateModified":"2025-08-13T03:35:22+00:00","breadcrumb":{"@id":"https:\/\/vestpetproducts.com\/product\/cat-creamy-snack-faenbei-brand-cat-food-creamy-stick-various-flavor-wet-snack-for-cats\/#breadcrumb"},"inLanguage":"es","potentialAction":[{"@type":"ReadAction","target":["https:\/\/vestpetproducts.com\/product\/cat-creamy-snack-faenbei-brand-cat-food-creamy-stick-various-flavor-wet-snack-for-cats\/"]}]},{"@type":"ImageObject","inLanguage":"es","@id":"https:\/\/vestpetproducts.com\/product\/cat-creamy-snack-faenbei-brand-cat-food-creamy-stick-various-flavor-wet-snack-for-cats\/#primaryimage","url":"https:\/\/vestpetproducts.com\/wp-content\/uploads\/2025\/07\/\u888b\u88c5-\u9e21\u8089\u86cb\u9ec4.png","contentUrl":"https:\/\/vestpetproducts.com\/wp-content\/uploads\/2025\/07\/\u888b\u88c5-\u9e21\u8089\u86cb\u9ec4.png","width":800,"height":800},{"@type":"BreadcrumbList","@id":"https:\/\/vestpetproducts.com\/product\/cat-creamy-snack-faenbei-brand-cat-food-creamy-stick-various-flavor-wet-snack-for-cats\/#breadcrumb","itemListElement":[{"@type":"ListItem","position":1,"name":"\u9996\u9875","item":"https:\/\/vestpetproducts.com\/"},{"@type":"ListItem","position":2,"name":"Product","item":"https:\/\/vestpetproducts.com\/product\/"},{"@type":"ListItem","position":3,"name":"Cat Creamy Snack Faenbei Brand Cat Food Creamy Stick Various Flavor Wet Snack for Cats"}]},{"@type":"WebSite","@id":"https:\/\/vestpetproducts.com\/#website","url":"https:\/\/vestpetproducts.com\/","name":"Shandong Vest International Trade Co., Ltd.","description":"Shandong Vest International Trade Co., Ltd.","potentialAction":[{"@type":"SearchAction","target":{"@type":"EntryPoint","urlTemplate":"https:\/\/vestpetproducts.com\/?s={search_term_string}"},"query-input":{"@type":"PropertyValueSpecification","valueRequired":true,"valueName":"search_term_string"}}],"inLanguage":"es"}]}},"_links":{"self":[{"href":"https:\/\/vestpetproducts.com\/es\/wp-json\/wp\/v2\/product\/421","targetHints":{"allow":["GET"]}}],"collection":[{"href":"https:\/\/vestpetproducts.com\/es\/wp-json\/wp\/v2\/product"}],"about":[{"href":"https:\/\/vestpetproducts.com\/es\/wp-json\/wp\/v2\/types\/product"}],"wp:featuredmedia":[{"embeddable":true,"href":"https:\/\/vestpetproducts.com\/es\/wp-json\/wp\/v2\/media\/422"}],"wp:attachment":[{"href":"https:\/\/vestpetproducts.com\/es\/wp-json\/wp\/v2\/media?parent=421"}],"wp:term":[{"taxonomy":"product_brand","embeddable":true,"href":"https:\/\/vestpetproducts.com\/es\/wp-json\/wp\/v2\/product_brand?post=421"},{"taxonomy":"product_cat","embeddable":true,"href":"https:\/\/vestpetproducts.com\/es\/wp-json\/wp\/v2\/product_cat?post=421"},{"taxonomy":"product_tag","embeddable":true,"href":"https:\/\/vestpetproducts.com\/es\/wp-json\/wp\/v2\/product_tag?post=421"}],"curies":[{"name":"wp","href":"https:\/\/api.w.org\/{rel}","templated":true}]}}