{"id":385,"date":"2025-07-16T03:06:32","date_gmt":"2025-07-16T03:06:32","guid":{"rendered":"https:\/\/vestpetproducts.com\/?post_type=product&#038;p=385"},"modified":"2025-08-13T05:58:29","modified_gmt":"2025-08-13T05:58:29","slug":"wholesale-cat-snacks-used-for-nourishing-and-fattening-chicken-tuna-cat-liquid-cat-strips","status":"publish","type":"product","link":"https:\/\/vestpetproducts.com\/es\/producto\/wholesale-cat-snacks-used-for-nourishing-and-fattening-chicken-tuna-cat-liquid-cat-strips\/","title":{"rendered":"Snacks para gatos al por mayor, utilizados para nutrir y engordar tiras l\u00edquidas de pollo y at\u00fan para gatos."},"content":{"rendered":"<p><img loading=\"lazy\" decoding=\"async\" class=\"aligncenter size-full wp-image-367\" src=\"http:\/\/vestpetproducts.com\/wp-content\/uploads\/2025\/07\/\u5fae\u4fe1\u56fe\u7247_20250715164446.jpg\" alt=\"\" width=\"1920\" height=\"960\" srcset=\"https:\/\/vestpetproducts.com\/wp-content\/uploads\/2025\/07\/\u5fae\u4fe1\u56fe\u7247_20250715164446.jpg 1920w, https:\/\/vestpetproducts.com\/wp-content\/uploads\/2025\/07\/\u5fae\u4fe1\u56fe\u7247_20250715164446-500x250.jpg 500w, https:\/\/vestpetproducts.com\/wp-content\/uploads\/2025\/07\/\u5fae\u4fe1\u56fe\u7247_20250715164446-1200x600.jpg 1200w, https:\/\/vestpetproducts.com\/wp-content\/uploads\/2025\/07\/\u5fae\u4fe1\u56fe\u7247_20250715164446-300x150.jpg 300w, https:\/\/vestpetproducts.com\/wp-content\/uploads\/2025\/07\/\u5fae\u4fe1\u56fe\u7247_20250715164446-768x384.jpg 768w, https:\/\/vestpetproducts.com\/wp-content\/uploads\/2025\/07\/\u5fae\u4fe1\u56fe\u7247_20250715164446-1536x768.jpg 1536w, https:\/\/vestpetproducts.com\/wp-content\/uploads\/2025\/07\/\u5fae\u4fe1\u56fe\u7247_20250715164446-18x9.jpg 18w, https:\/\/vestpetproducts.com\/wp-content\/uploads\/2025\/07\/\u5fae\u4fe1\u56fe\u7247_20250715164446-150x75.jpg 150w, https:\/\/vestpetproducts.com\/wp-content\/uploads\/2025\/07\/\u5fae\u4fe1\u56fe\u7247_20250715164446-480x240.jpg 480w, https:\/\/vestpetproducts.com\/wp-content\/uploads\/2025\/07\/\u5fae\u4fe1\u56fe\u7247_20250715164446-800x400.jpg 800w\" sizes=\"auto, (max-width:767px) 480px, (max-width:1920px) 100vw, 1920px\" \/><img loading=\"lazy\" decoding=\"async\" class=\"aligncenter size-full wp-image-370\" src=\"http:\/\/vestpetproducts.com\/wp-content\/uploads\/2025\/07\/\u6cd5\u6069\u8d1d15g\u82f1\u6587\u732b\u676135\u8089\u542b-\u7834\u6d1e\u732b_04.jpg\" alt=\"\" width=\"750\" height=\"1220\" srcset=\"https:\/\/vestpetproducts.com\/wp-content\/uploads\/2025\/07\/\u6cd5\u6069\u8d1d15g\u82f1\u6587\u732b\u676135\u8089\u542b-\u7834\u6d1e\u732b_04.jpg 750w, https:\/\/vestpetproducts.com\/wp-content\/uploads\/2025\/07\/\u6cd5\u6069\u8d1d15g\u82f1\u6587\u732b\u676135\u8089\u542b-\u7834\u6d1e\u732b_04-307x500.jpg 307w, https:\/\/vestpetproducts.com\/wp-content\/uploads\/2025\/07\/\u6cd5\u6069\u8d1d15g\u82f1\u6587\u732b\u676135\u8089\u542b-\u7834\u6d1e\u732b_04-738x1200.jpg 738w, https:\/\/vestpetproducts.com\/wp-content\/uploads\/2025\/07\/\u6cd5\u6069\u8d1d15g\u82f1\u6587\u732b\u676135\u8089\u542b-\u7834\u6d1e\u732b_04-184x300.jpg 184w, https:\/\/vestpetproducts.com\/wp-content\/uploads\/2025\/07\/\u6cd5\u6069\u8d1d15g\u82f1\u6587\u732b\u676135\u8089\u542b-\u7834\u6d1e\u732b_04-7x12.jpg 7w, https:\/\/vestpetproducts.com\/wp-content\/uploads\/2025\/07\/\u6cd5\u6069\u8d1d15g\u82f1\u6587\u732b\u676135\u8089\u542b-\u7834\u6d1e\u732b_04-46x75.jpg 46w, https:\/\/vestpetproducts.com\/wp-content\/uploads\/2025\/07\/\u6cd5\u6069\u8d1d15g\u82f1\u6587\u732b\u676135\u8089\u542b-\u7834\u6d1e\u732b_04-480x781.jpg 480w\" sizes=\"auto, (max-width:767px) 480px, 750px\" \/><img loading=\"lazy\" decoding=\"async\" class=\"aligncenter size-full wp-image-371\" src=\"http:\/\/vestpetproducts.com\/wp-content\/uploads\/2025\/07\/\u6cd5\u6069\u8d1d15g\u82f1\u6587\u732b\u676135\u8089\u542b-\u7834\u6d1e\u732b_05.jpg\" alt=\"\" width=\"750\" height=\"974\" srcset=\"https:\/\/vestpetproducts.com\/wp-content\/uploads\/2025\/07\/\u6cd5\u6069\u8d1d15g\u82f1\u6587\u732b\u676135\u8089\u542b-\u7834\u6d1e\u732b_05.jpg 750w, https:\/\/vestpetproducts.com\/wp-content\/uploads\/2025\/07\/\u6cd5\u6069\u8d1d15g\u82f1\u6587\u732b\u676135\u8089\u542b-\u7834\u6d1e\u732b_05-385x500.jpg 385w, https:\/\/vestpetproducts.com\/wp-content\/uploads\/2025\/07\/\u6cd5\u6069\u8d1d15g\u82f1\u6587\u732b\u676135\u8089\u542b-\u7834\u6d1e\u732b_05-231x300.jpg 231w, https:\/\/vestpetproducts.com\/wp-content\/uploads\/2025\/07\/\u6cd5\u6069\u8d1d15g\u82f1\u6587\u732b\u676135\u8089\u542b-\u7834\u6d1e\u732b_05-9x12.jpg 9w, https:\/\/vestpetproducts.com\/wp-content\/uploads\/2025\/07\/\u6cd5\u6069\u8d1d15g\u82f1\u6587\u732b\u676135\u8089\u542b-\u7834\u6d1e\u732b_05-58x75.jpg 58w, https:\/\/vestpetproducts.com\/wp-content\/uploads\/2025\/07\/\u6cd5\u6069\u8d1d15g\u82f1\u6587\u732b\u676135\u8089\u542b-\u7834\u6d1e\u732b_05-480x623.jpg 480w\" sizes=\"auto, (max-width:767px) 480px, 750px\" \/><img loading=\"lazy\" decoding=\"async\" class=\"aligncenter size-full wp-image-374\" src=\"http:\/\/vestpetproducts.com\/wp-content\/uploads\/2025\/07\/\u5fae\u4fe1\u56fe\u7247_20250715165725.jpg\" alt=\"\" width=\"800\" height=\"800\" srcset=\"https:\/\/vestpetproducts.com\/wp-content\/uploads\/2025\/07\/\u5fae\u4fe1\u56fe\u7247_20250715165725.jpg 800w, https:\/\/vestpetproducts.com\/wp-content\/uploads\/2025\/07\/\u5fae\u4fe1\u56fe\u7247_20250715165725-500x500.jpg 500w, https:\/\/vestpetproducts.com\/wp-content\/uploads\/2025\/07\/\u5fae\u4fe1\u56fe\u7247_20250715165725-300x300.jpg 300w, https:\/\/vestpetproducts.com\/wp-content\/uploads\/2025\/07\/\u5fae\u4fe1\u56fe\u7247_20250715165725-768x768.jpg 768w, https:\/\/vestpetproducts.com\/wp-content\/uploads\/2025\/07\/\u5fae\u4fe1\u56fe\u7247_20250715165725-12x12.jpg 12w, https:\/\/vestpetproducts.com\/wp-content\/uploads\/2025\/07\/\u5fae\u4fe1\u56fe\u7247_20250715165725-150x150.jpg 150w, https:\/\/vestpetproducts.com\/wp-content\/uploads\/2025\/07\/\u5fae\u4fe1\u56fe\u7247_20250715165725-75x75.jpg 75w, https:\/\/vestpetproducts.com\/wp-content\/uploads\/2025\/07\/\u5fae\u4fe1\u56fe\u7247_20250715165725-480x480.jpg 480w\" sizes=\"auto, (max-width:767px) 480px, (max-width:800px) 100vw, 800px\" \/><img loading=\"lazy\" decoding=\"async\" class=\"aligncenter wp-image-376\" src=\"http:\/\/vestpetproducts.com\/wp-content\/uploads\/2025\/07\/\u5fae\u4fe1\u56fe\u7247_20250715165719.jpg\" alt=\"\" width=\"791\" height=\"791\" srcset=\"https:\/\/vestpetproducts.com\/wp-content\/uploads\/2025\/07\/\u5fae\u4fe1\u56fe\u7247_20250715165719.jpg 1200w, https:\/\/vestpetproducts.com\/wp-content\/uploads\/2025\/07\/\u5fae\u4fe1\u56fe\u7247_20250715165719-500x500.jpg 500w, https:\/\/vestpetproducts.com\/wp-content\/uploads\/2025\/07\/\u5fae\u4fe1\u56fe\u7247_20250715165719-300x300.jpg 300w, https:\/\/vestpetproducts.com\/wp-content\/uploads\/2025\/07\/\u5fae\u4fe1\u56fe\u7247_20250715165719-768x768.jpg 768w, https:\/\/vestpetproducts.com\/wp-content\/uploads\/2025\/07\/\u5fae\u4fe1\u56fe\u7247_20250715165719-12x12.jpg 12w, https:\/\/vestpetproducts.com\/wp-content\/uploads\/2025\/07\/\u5fae\u4fe1\u56fe\u7247_20250715165719-150x150.jpg 150w, https:\/\/vestpetproducts.com\/wp-content\/uploads\/2025\/07\/\u5fae\u4fe1\u56fe\u7247_20250715165719-75x75.jpg 75w, https:\/\/vestpetproducts.com\/wp-content\/uploads\/2025\/07\/\u5fae\u4fe1\u56fe\u7247_20250715165719-480x480.jpg 480w, https:\/\/vestpetproducts.com\/wp-content\/uploads\/2025\/07\/\u5fae\u4fe1\u56fe\u7247_20250715165719-800x800.jpg 800w\" sizes=\"auto, (max-width:767px) 480px, (max-width:791px) 100vw, 791px\" \/><img loading=\"lazy\" decoding=\"async\" class=\"aligncenter size-full wp-image-378\" src=\"http:\/\/vestpetproducts.com\/wp-content\/uploads\/2025\/07\/\u5fae\u4fe1\u56fe\u7247_20250715165758.jpg\" alt=\"\" width=\"827\" height=\"924\" srcset=\"https:\/\/vestpetproducts.com\/wp-content\/uploads\/2025\/07\/\u5fae\u4fe1\u56fe\u7247_20250715165758.jpg 827w, https:\/\/vestpetproducts.com\/wp-content\/uploads\/2025\/07\/\u5fae\u4fe1\u56fe\u7247_20250715165758-448x500.jpg 448w, https:\/\/vestpetproducts.com\/wp-content\/uploads\/2025\/07\/\u5fae\u4fe1\u56fe\u7247_20250715165758-269x300.jpg 269w, https:\/\/vestpetproducts.com\/wp-content\/uploads\/2025\/07\/\u5fae\u4fe1\u56fe\u7247_20250715165758-768x858.jpg 768w, https:\/\/vestpetproducts.com\/wp-content\/uploads\/2025\/07\/\u5fae\u4fe1\u56fe\u7247_20250715165758-11x12.jpg 11w, https:\/\/vestpetproducts.com\/wp-content\/uploads\/2025\/07\/\u5fae\u4fe1\u56fe\u7247_20250715165758-67x75.jpg 67w, https:\/\/vestpetproducts.com\/wp-content\/uploads\/2025\/07\/\u5fae\u4fe1\u56fe\u7247_20250715165758-480x536.jpg 480w, https:\/\/vestpetproducts.com\/wp-content\/uploads\/2025\/07\/\u5fae\u4fe1\u56fe\u7247_20250715165758-800x894.jpg 800w\" sizes=\"auto, (max-width:767px) 480px, (max-width:827px) 100vw, 827px\" \/><img loading=\"lazy\" decoding=\"async\" class=\"aligncenter size-full wp-image-379\" src=\"http:\/\/vestpetproducts.com\/wp-content\/uploads\/2025\/07\/\u5fae\u4fe1\u56fe\u7247_20250715165659.jpg\" alt=\"\" width=\"803\" height=\"1165\" srcset=\"https:\/\/vestpetproducts.com\/wp-content\/uploads\/2025\/07\/\u5fae\u4fe1\u56fe\u7247_20250715165659.jpg 803w, https:\/\/vestpetproducts.com\/wp-content\/uploads\/2025\/07\/\u5fae\u4fe1\u56fe\u7247_20250715165659-345x500.jpg 345w, https:\/\/vestpetproducts.com\/wp-content\/uploads\/2025\/07\/\u5fae\u4fe1\u56fe\u7247_20250715165659-207x300.jpg 207w, https:\/\/vestpetproducts.com\/wp-content\/uploads\/2025\/07\/\u5fae\u4fe1\u56fe\u7247_20250715165659-768x1114.jpg 768w, https:\/\/vestpetproducts.com\/wp-content\/uploads\/2025\/07\/\u5fae\u4fe1\u56fe\u7247_20250715165659-8x12.jpg 8w, https:\/\/vestpetproducts.com\/wp-content\/uploads\/2025\/07\/\u5fae\u4fe1\u56fe\u7247_20250715165659-52x75.jpg 52w, https:\/\/vestpetproducts.com\/wp-content\/uploads\/2025\/07\/\u5fae\u4fe1\u56fe\u7247_20250715165659-480x696.jpg 480w, https:\/\/vestpetproducts.com\/wp-content\/uploads\/2025\/07\/\u5fae\u4fe1\u56fe\u7247_20250715165659-800x1161.jpg 800w\" sizes=\"auto, (max-width:767px) 480px, (max-width:803px) 100vw, 803px\" \/><\/p>","protected":false},"excerpt":{"rendered":"<p>Tres sabores: yema de huevo, salm\u00f3n y krill ant\u00e1rtico, at\u00fan y mejillones.<\/p>\n<p>Ingredientes principales: yema de huevo, salm\u00f3n de agua, krill ant\u00e1rtico, at\u00fan de agua, mejillones, agua.<\/p>\n<p>Palitos de golosinas premium para gatos<br \/>\nOpciones de snacks ricos en nutrientes para favorecer la salud y la felicidad de tu gato.<\/p>\n<p>Selecci\u00f3n de triple prote\u00edna<br \/>\nVariedad de combinaciones de prote\u00ednas de alta calidad para el disfrute felino.<\/p>\n<p>Nutrientes esenciales fortificados<br \/>\nEnriquecido con vitaminas y amino\u00e1cidos para un bienestar completo.<\/p>\n<p>Flexibilidad en la alimentaci\u00f3n<br \/>\nSe pueden servir como golosinas independientes o mezcladas con comidas habituales.<\/p>\n<p>Tama\u00f1o: 15 g por barra<br \/>\nTipo: Snacks complementarios para gatos<\/p>\n<p>&nbsp;<\/p>","protected":false},"featured_media":356,"template":"","meta":{"content-type":""},"product_brand":[],"product_cat":[14,121],"product_tag":[],"class_list":{"0":"post-385","1":"product","2":"type-product","3":"status-publish","4":"has-post-thumbnail","6":"product_cat-pet-food","7":"product_cat-wet-food","9":"first","10":"instock","11":"shipping-taxable","12":"product-type-simple"},"yoast_head":"<!-- This site is optimized with the Yoast SEO plugin v24.9 - https:\/\/yoast.com\/wordpress\/plugins\/seo\/ -->\n<title>Wholesale cat snacks, used for nourishing and fattening chicken tuna cat liquid cat strips - Shandong Vest International Trade Co., Ltd.<\/title>\n<meta name=\"robots\" content=\"index, follow, max-snippet:-1, max-image-preview:large, max-video-preview:-1\" \/>\n<link rel=\"canonical\" href=\"https:\/\/vestpetproducts.com\/es\/producto\/wholesale-cat-snacks-used-for-nourishing-and-fattening-chicken-tuna-cat-liquid-cat-strips\/\" \/>\n<meta property=\"og:locale\" content=\"es_ES\" \/>\n<meta property=\"og:type\" content=\"article\" \/>\n<meta property=\"og:title\" content=\"Wholesale cat snacks, used for nourishing and fattening chicken tuna cat liquid cat strips - Shandong Vest International Trade Co., Ltd.\" \/>\n<meta property=\"og:description\" content=\"Three flavors: egg yolk, salmon and Antarctic krill, tuna and mussels  Main ingredients: egg yolk, water salmon, Antarctic krill, water tuna, mussels, water  Premium Cat Treat Sticks Nutrient-rich snack options to support your cat&#039;s health and happiness  Triple Protein Selection Variety of high-quality protein combinations for feline enjoyment  Essential Nutrient Fortified Enhanced with vitamins and amino acids for complete wellbeing  Feeding Flexibility Can be served as standalone treats or mixed with regular meals  Size: 15g per stick Type: Complementary cat snacks  &nbsp;\" \/>\n<meta property=\"og:url\" content=\"https:\/\/vestpetproducts.com\/es\/producto\/wholesale-cat-snacks-used-for-nourishing-and-fattening-chicken-tuna-cat-liquid-cat-strips\/\" \/>\n<meta property=\"og:site_name\" content=\"Shandong Vest International Trade Co., Ltd.\" \/>\n<meta property=\"article:modified_time\" content=\"2025-08-13T05:58:29+00:00\" \/>\n<meta property=\"og:image\" content=\"https:\/\/vestpetproducts.com\/wp-content\/uploads\/2025\/07\/\u732b\u676135\u8089\u542b-\u7834\u6d1e\u4e3b\u56fe-4.jpg\" \/>\n\t<meta property=\"og:image:width\" content=\"800\" \/>\n\t<meta property=\"og:image:height\" content=\"800\" \/>\n\t<meta property=\"og:image:type\" content=\"image\/jpeg\" \/>\n<meta name=\"twitter:card\" content=\"summary_large_image\" \/>\n<meta name=\"twitter:label1\" content=\"Tiempo de lectura\" \/>\n\t<meta name=\"twitter:data1\" content=\"2 minutos\" \/>\n<script type=\"application\/ld+json\" class=\"yoast-schema-graph\">{\"@context\":\"https:\/\/schema.org\",\"@graph\":[{\"@type\":\"WebPage\",\"@id\":\"https:\/\/vestpetproducts.com\/product\/wholesale-cat-snacks-used-for-nourishing-and-fattening-chicken-tuna-cat-liquid-cat-strips\/\",\"url\":\"https:\/\/vestpetproducts.com\/product\/wholesale-cat-snacks-used-for-nourishing-and-fattening-chicken-tuna-cat-liquid-cat-strips\/\",\"name\":\"Wholesale cat snacks, used for nourishing and fattening chicken tuna cat liquid cat strips - Shandong Vest International Trade Co., Ltd.\",\"isPartOf\":{\"@id\":\"https:\/\/vestpetproducts.com\/#website\"},\"primaryImageOfPage\":{\"@id\":\"https:\/\/vestpetproducts.com\/product\/wholesale-cat-snacks-used-for-nourishing-and-fattening-chicken-tuna-cat-liquid-cat-strips\/#primaryimage\"},\"image\":{\"@id\":\"https:\/\/vestpetproducts.com\/product\/wholesale-cat-snacks-used-for-nourishing-and-fattening-chicken-tuna-cat-liquid-cat-strips\/#primaryimage\"},\"thumbnailUrl\":\"https:\/\/vestpetproducts.com\/wp-content\/uploads\/2025\/07\/\u732b\u676135\u8089\u542b-\u7834\u6d1e\u4e3b\u56fe-4.jpg\",\"datePublished\":\"2025-07-16T03:06:32+00:00\",\"dateModified\":\"2025-08-13T05:58:29+00:00\",\"breadcrumb\":{\"@id\":\"https:\/\/vestpetproducts.com\/product\/wholesale-cat-snacks-used-for-nourishing-and-fattening-chicken-tuna-cat-liquid-cat-strips\/#breadcrumb\"},\"inLanguage\":\"es\",\"potentialAction\":[{\"@type\":\"ReadAction\",\"target\":[\"https:\/\/vestpetproducts.com\/product\/wholesale-cat-snacks-used-for-nourishing-and-fattening-chicken-tuna-cat-liquid-cat-strips\/\"]}]},{\"@type\":\"ImageObject\",\"inLanguage\":\"es\",\"@id\":\"https:\/\/vestpetproducts.com\/product\/wholesale-cat-snacks-used-for-nourishing-and-fattening-chicken-tuna-cat-liquid-cat-strips\/#primaryimage\",\"url\":\"https:\/\/vestpetproducts.com\/wp-content\/uploads\/2025\/07\/\u732b\u676135\u8089\u542b-\u7834\u6d1e\u4e3b\u56fe-4.jpg\",\"contentUrl\":\"https:\/\/vestpetproducts.com\/wp-content\/uploads\/2025\/07\/\u732b\u676135\u8089\u542b-\u7834\u6d1e\u4e3b\u56fe-4.jpg\",\"width\":800,\"height\":800},{\"@type\":\"BreadcrumbList\",\"@id\":\"https:\/\/vestpetproducts.com\/product\/wholesale-cat-snacks-used-for-nourishing-and-fattening-chicken-tuna-cat-liquid-cat-strips\/#breadcrumb\",\"itemListElement\":[{\"@type\":\"ListItem\",\"position\":1,\"name\":\"\u9996\u9875\",\"item\":\"https:\/\/vestpetproducts.com\/\"},{\"@type\":\"ListItem\",\"position\":2,\"name\":\"Product\",\"item\":\"https:\/\/vestpetproducts.com\/product\/\"},{\"@type\":\"ListItem\",\"position\":3,\"name\":\"Wholesale cat snacks, used for nourishing and fattening chicken tuna cat liquid cat strips\"}]},{\"@type\":\"WebSite\",\"@id\":\"https:\/\/vestpetproducts.com\/#website\",\"url\":\"https:\/\/vestpetproducts.com\/\",\"name\":\"Shandong Vest International Trade Co., Ltd.\",\"description\":\"Shandong Vest International Trade Co., Ltd.\",\"potentialAction\":[{\"@type\":\"SearchAction\",\"target\":{\"@type\":\"EntryPoint\",\"urlTemplate\":\"https:\/\/vestpetproducts.com\/?s={search_term_string}\"},\"query-input\":{\"@type\":\"PropertyValueSpecification\",\"valueRequired\":true,\"valueName\":\"search_term_string\"}}],\"inLanguage\":\"es\"}]}<\/script>\n<!-- \/ Yoast SEO plugin. -->","yoast_head_json":{"title":"Wholesale cat snacks, used for nourishing and fattening chicken tuna cat liquid cat strips - Shandong Vest International Trade Co., Ltd.","robots":{"index":"index","follow":"follow","max-snippet":"max-snippet:-1","max-image-preview":"max-image-preview:large","max-video-preview":"max-video-preview:-1"},"canonical":"https:\/\/vestpetproducts.com\/es\/producto\/wholesale-cat-snacks-used-for-nourishing-and-fattening-chicken-tuna-cat-liquid-cat-strips\/","og_locale":"es_ES","og_type":"article","og_title":"Wholesale cat snacks, used for nourishing and fattening chicken tuna cat liquid cat strips - Shandong Vest International Trade Co., Ltd.","og_description":"Three flavors: egg yolk, salmon and Antarctic krill, tuna and mussels  Main ingredients: egg yolk, water salmon, Antarctic krill, water tuna, mussels, water  Premium Cat Treat Sticks Nutrient-rich snack options to support your cat's health and happiness  Triple Protein Selection Variety of high-quality protein combinations for feline enjoyment  Essential Nutrient Fortified Enhanced with vitamins and amino acids for complete wellbeing  Feeding Flexibility Can be served as standalone treats or mixed with regular meals  Size: 15g per stick Type: Complementary cat snacks  &nbsp;","og_url":"https:\/\/vestpetproducts.com\/es\/producto\/wholesale-cat-snacks-used-for-nourishing-and-fattening-chicken-tuna-cat-liquid-cat-strips\/","og_site_name":"Shandong Vest International Trade Co., Ltd.","article_modified_time":"2025-08-13T05:58:29+00:00","og_image":[{"width":800,"height":800,"url":"https:\/\/vestpetproducts.com\/wp-content\/uploads\/2025\/07\/\u732b\u676135\u8089\u542b-\u7834\u6d1e\u4e3b\u56fe-4.jpg","type":"image\/jpeg"}],"twitter_card":"summary_large_image","twitter_misc":{"Tiempo de lectura":"2 minutos"},"schema":{"@context":"https:\/\/schema.org","@graph":[{"@type":"WebPage","@id":"https:\/\/vestpetproducts.com\/product\/wholesale-cat-snacks-used-for-nourishing-and-fattening-chicken-tuna-cat-liquid-cat-strips\/","url":"https:\/\/vestpetproducts.com\/product\/wholesale-cat-snacks-used-for-nourishing-and-fattening-chicken-tuna-cat-liquid-cat-strips\/","name":"Wholesale cat snacks, used for nourishing and fattening chicken tuna cat liquid cat strips - Shandong Vest International Trade Co., Ltd.","isPartOf":{"@id":"https:\/\/vestpetproducts.com\/#website"},"primaryImageOfPage":{"@id":"https:\/\/vestpetproducts.com\/product\/wholesale-cat-snacks-used-for-nourishing-and-fattening-chicken-tuna-cat-liquid-cat-strips\/#primaryimage"},"image":{"@id":"https:\/\/vestpetproducts.com\/product\/wholesale-cat-snacks-used-for-nourishing-and-fattening-chicken-tuna-cat-liquid-cat-strips\/#primaryimage"},"thumbnailUrl":"https:\/\/vestpetproducts.com\/wp-content\/uploads\/2025\/07\/\u732b\u676135\u8089\u542b-\u7834\u6d1e\u4e3b\u56fe-4.jpg","datePublished":"2025-07-16T03:06:32+00:00","dateModified":"2025-08-13T05:58:29+00:00","breadcrumb":{"@id":"https:\/\/vestpetproducts.com\/product\/wholesale-cat-snacks-used-for-nourishing-and-fattening-chicken-tuna-cat-liquid-cat-strips\/#breadcrumb"},"inLanguage":"es","potentialAction":[{"@type":"ReadAction","target":["https:\/\/vestpetproducts.com\/product\/wholesale-cat-snacks-used-for-nourishing-and-fattening-chicken-tuna-cat-liquid-cat-strips\/"]}]},{"@type":"ImageObject","inLanguage":"es","@id":"https:\/\/vestpetproducts.com\/product\/wholesale-cat-snacks-used-for-nourishing-and-fattening-chicken-tuna-cat-liquid-cat-strips\/#primaryimage","url":"https:\/\/vestpetproducts.com\/wp-content\/uploads\/2025\/07\/\u732b\u676135\u8089\u542b-\u7834\u6d1e\u4e3b\u56fe-4.jpg","contentUrl":"https:\/\/vestpetproducts.com\/wp-content\/uploads\/2025\/07\/\u732b\u676135\u8089\u542b-\u7834\u6d1e\u4e3b\u56fe-4.jpg","width":800,"height":800},{"@type":"BreadcrumbList","@id":"https:\/\/vestpetproducts.com\/product\/wholesale-cat-snacks-used-for-nourishing-and-fattening-chicken-tuna-cat-liquid-cat-strips\/#breadcrumb","itemListElement":[{"@type":"ListItem","position":1,"name":"\u9996\u9875","item":"https:\/\/vestpetproducts.com\/"},{"@type":"ListItem","position":2,"name":"Product","item":"https:\/\/vestpetproducts.com\/product\/"},{"@type":"ListItem","position":3,"name":"Wholesale cat snacks, used for nourishing and fattening chicken tuna cat liquid cat strips"}]},{"@type":"WebSite","@id":"https:\/\/vestpetproducts.com\/#website","url":"https:\/\/vestpetproducts.com\/","name":"Shandong Vest International Trade Co., Ltd.","description":"Shandong Vest International Trade Co., Ltd.","potentialAction":[{"@type":"SearchAction","target":{"@type":"EntryPoint","urlTemplate":"https:\/\/vestpetproducts.com\/?s={search_term_string}"},"query-input":{"@type":"PropertyValueSpecification","valueRequired":true,"valueName":"search_term_string"}}],"inLanguage":"es"}]}},"_links":{"self":[{"href":"https:\/\/vestpetproducts.com\/es\/wp-json\/wp\/v2\/product\/385","targetHints":{"allow":["GET"]}}],"collection":[{"href":"https:\/\/vestpetproducts.com\/es\/wp-json\/wp\/v2\/product"}],"about":[{"href":"https:\/\/vestpetproducts.com\/es\/wp-json\/wp\/v2\/types\/product"}],"wp:featuredmedia":[{"embeddable":true,"href":"https:\/\/vestpetproducts.com\/es\/wp-json\/wp\/v2\/media\/356"}],"wp:attachment":[{"href":"https:\/\/vestpetproducts.com\/es\/wp-json\/wp\/v2\/media?parent=385"}],"wp:term":[{"taxonomy":"product_brand","embeddable":true,"href":"https:\/\/vestpetproducts.com\/es\/wp-json\/wp\/v2\/product_brand?post=385"},{"taxonomy":"product_cat","embeddable":true,"href":"https:\/\/vestpetproducts.com\/es\/wp-json\/wp\/v2\/product_cat?post=385"},{"taxonomy":"product_tag","embeddable":true,"href":"https:\/\/vestpetproducts.com\/es\/wp-json\/wp\/v2\/product_tag?post=385"}],"curies":[{"name":"wp","href":"https:\/\/api.w.org\/{rel}","templated":true}]}}