{"id":1929,"date":"2025-08-15T03:18:28","date_gmt":"2025-08-15T03:18:28","guid":{"rendered":"https:\/\/vestpetproducts.com\/?post_type=product&#038;p=1929"},"modified":"2025-08-15T03:20:27","modified_gmt":"2025-08-15T03:20:27","slug":"1929","status":"publish","type":"product","link":"https:\/\/vestpetproducts.com\/es\/producto\/1929\/","title":{"rendered":"Cama c\u00e1lida para gatos en invierno: cama para mascotas con forma de calabaza: vell\u00f3n de algod\u00f3n grueso para protecci\u00f3n contra el fr\u00edo"},"content":{"rendered":"<p><img loading=\"lazy\" decoding=\"async\" class=\"aligncenter size-full wp-image-1934\" src=\"http:\/\/vestpetproducts.com\/wp-content\/uploads\/2025\/08\/O1CN0150hMBC1NAKYzjMhF0_2217204891529-0-cib.jpg\" alt=\"\" width=\"1000\" height=\"1588\" srcset=\"https:\/\/vestpetproducts.com\/wp-content\/uploads\/2025\/08\/O1CN0150hMBC1NAKYzjMhF0_2217204891529-0-cib.jpg 1000w, https:\/\/vestpetproducts.com\/wp-content\/uploads\/2025\/08\/O1CN0150hMBC1NAKYzjMhF0_2217204891529-0-cib-315x500.jpg 315w, https:\/\/vestpetproducts.com\/wp-content\/uploads\/2025\/08\/O1CN0150hMBC1NAKYzjMhF0_2217204891529-0-cib-756x1200.jpg 756w, https:\/\/vestpetproducts.com\/wp-content\/uploads\/2025\/08\/O1CN0150hMBC1NAKYzjMhF0_2217204891529-0-cib-189x300.jpg 189w, https:\/\/vestpetproducts.com\/wp-content\/uploads\/2025\/08\/O1CN0150hMBC1NAKYzjMhF0_2217204891529-0-cib-768x1220.jpg 768w, https:\/\/vestpetproducts.com\/wp-content\/uploads\/2025\/08\/O1CN0150hMBC1NAKYzjMhF0_2217204891529-0-cib-967x1536.jpg 967w, https:\/\/vestpetproducts.com\/wp-content\/uploads\/2025\/08\/O1CN0150hMBC1NAKYzjMhF0_2217204891529-0-cib-8x12.jpg 8w, https:\/\/vestpetproducts.com\/wp-content\/uploads\/2025\/08\/O1CN0150hMBC1NAKYzjMhF0_2217204891529-0-cib-47x75.jpg 47w, https:\/\/vestpetproducts.com\/wp-content\/uploads\/2025\/08\/O1CN0150hMBC1NAKYzjMhF0_2217204891529-0-cib-480x762.jpg 480w, https:\/\/vestpetproducts.com\/wp-content\/uploads\/2025\/08\/O1CN0150hMBC1NAKYzjMhF0_2217204891529-0-cib-800x1270.jpg 800w\" sizes=\"auto, (max-width:767px) 480px, (max-width:1000px) 100vw, 1000px\" \/> <img loading=\"lazy\" decoding=\"async\" class=\"aligncenter size-full wp-image-1935\" src=\"http:\/\/vestpetproducts.com\/wp-content\/uploads\/2025\/08\/O1CN01g8uTzV1NAKZ790WAC_2217204891529-0-cib.jpg\" alt=\"\" width=\"1000\" height=\"1279\" srcset=\"https:\/\/vestpetproducts.com\/wp-content\/uploads\/2025\/08\/O1CN01g8uTzV1NAKZ790WAC_2217204891529-0-cib.jpg 1000w, https:\/\/vestpetproducts.com\/wp-content\/uploads\/2025\/08\/O1CN01g8uTzV1NAKZ790WAC_2217204891529-0-cib-391x500.jpg 391w, https:\/\/vestpetproducts.com\/wp-content\/uploads\/2025\/08\/O1CN01g8uTzV1NAKZ790WAC_2217204891529-0-cib-938x1200.jpg 938w, https:\/\/vestpetproducts.com\/wp-content\/uploads\/2025\/08\/O1CN01g8uTzV1NAKZ790WAC_2217204891529-0-cib-235x300.jpg 235w, https:\/\/vestpetproducts.com\/wp-content\/uploads\/2025\/08\/O1CN01g8uTzV1NAKZ790WAC_2217204891529-0-cib-768x982.jpg 768w, https:\/\/vestpetproducts.com\/wp-content\/uploads\/2025\/08\/O1CN01g8uTzV1NAKZ790WAC_2217204891529-0-cib-9x12.jpg 9w, https:\/\/vestpetproducts.com\/wp-content\/uploads\/2025\/08\/O1CN01g8uTzV1NAKZ790WAC_2217204891529-0-cib-59x75.jpg 59w, https:\/\/vestpetproducts.com\/wp-content\/uploads\/2025\/08\/O1CN01g8uTzV1NAKZ790WAC_2217204891529-0-cib-480x614.jpg 480w, https:\/\/vestpetproducts.com\/wp-content\/uploads\/2025\/08\/O1CN01g8uTzV1NAKZ790WAC_2217204891529-0-cib-800x1023.jpg 800w\" sizes=\"auto, (max-width:767px) 480px, (max-width:1000px) 100vw, 1000px\" \/> <img loading=\"lazy\" decoding=\"async\" class=\"aligncenter size-full wp-image-1936\" src=\"http:\/\/vestpetproducts.com\/wp-content\/uploads\/2025\/08\/O1CN01qhxkrn1NAKZ4BZbdz_2217204891529-0-cib.jpg\" alt=\"\" width=\"1000\" height=\"1000\" srcset=\"https:\/\/vestpetproducts.com\/wp-content\/uploads\/2025\/08\/O1CN01qhxkrn1NAKZ4BZbdz_2217204891529-0-cib.jpg 1000w, https:\/\/vestpetproducts.com\/wp-content\/uploads\/2025\/08\/O1CN01qhxkrn1NAKZ4BZbdz_2217204891529-0-cib-500x500.jpg 500w, https:\/\/vestpetproducts.com\/wp-content\/uploads\/2025\/08\/O1CN01qhxkrn1NAKZ4BZbdz_2217204891529-0-cib-300x300.jpg 300w, https:\/\/vestpetproducts.com\/wp-content\/uploads\/2025\/08\/O1CN01qhxkrn1NAKZ4BZbdz_2217204891529-0-cib-768x768.jpg 768w, https:\/\/vestpetproducts.com\/wp-content\/uploads\/2025\/08\/O1CN01qhxkrn1NAKZ4BZbdz_2217204891529-0-cib-12x12.jpg 12w, https:\/\/vestpetproducts.com\/wp-content\/uploads\/2025\/08\/O1CN01qhxkrn1NAKZ4BZbdz_2217204891529-0-cib-150x150.jpg 150w, https:\/\/vestpetproducts.com\/wp-content\/uploads\/2025\/08\/O1CN01qhxkrn1NAKZ4BZbdz_2217204891529-0-cib-75x75.jpg 75w, https:\/\/vestpetproducts.com\/wp-content\/uploads\/2025\/08\/O1CN01qhxkrn1NAKZ4BZbdz_2217204891529-0-cib-480x480.jpg 480w, https:\/\/vestpetproducts.com\/wp-content\/uploads\/2025\/08\/O1CN01qhxkrn1NAKZ4BZbdz_2217204891529-0-cib-800x800.jpg 800w\" sizes=\"auto, (max-width:767px) 480px, (max-width:1000px) 100vw, 1000px\" \/><\/p>","protected":false},"excerpt":{"rendered":"<p><img loading=\"lazy\" decoding=\"async\" class=\"wp-image-1937 alignleft\" src=\"http:\/\/vestpetproducts.com\/wp-content\/uploads\/2025\/08\/\u5fae\u4fe1\u622a\u56fe_20250815111350.jpg\" alt=\"\" width=\"556\" height=\"357\" srcset=\"https:\/\/vestpetproducts.com\/wp-content\/uploads\/2025\/08\/\u5fae\u4fe1\u622a\u56fe_20250815111350.jpg 765w, https:\/\/vestpetproducts.com\/wp-content\/uploads\/2025\/08\/\u5fae\u4fe1\u622a\u56fe_20250815111350-500x321.jpg 500w, https:\/\/vestpetproducts.com\/wp-content\/uploads\/2025\/08\/\u5fae\u4fe1\u622a\u56fe_20250815111350-300x193.jpg 300w, https:\/\/vestpetproducts.com\/wp-content\/uploads\/2025\/08\/\u5fae\u4fe1\u622a\u56fe_20250815111350-18x12.jpg 18w, https:\/\/vestpetproducts.com\/wp-content\/uploads\/2025\/08\/\u5fae\u4fe1\u622a\u56fe_20250815111350-117x75.jpg 117w, https:\/\/vestpetproducts.com\/wp-content\/uploads\/2025\/08\/\u5fae\u4fe1\u622a\u56fe_20250815111350-480x308.jpg 480w\" sizes=\"auto, (max-width:767px) 480px, 556px\" \/><\/p>","protected":false},"featured_media":1930,"template":"","meta":{"content-type":""},"product_brand":[],"product_cat":[17],"product_tag":[],"class_list":{"0":"post-1929","1":"product","2":"type-product","3":"status-publish","4":"has-post-thumbnail","6":"product_cat-pet-supplies","8":"first","9":"instock","10":"shipping-taxable","11":"product-type-simple"},"yoast_head":"<!-- This site is optimized with the Yoast SEO plugin v24.9 - https:\/\/yoast.com\/wordpress\/plugins\/seo\/ -->\n<title>Winter Warm Cat Bed - Pumpkin-shaped pet bed: Thickened cotton fleece for cold protection - Shandong Vest International Trade Co., Ltd.<\/title>\n<meta name=\"robots\" content=\"index, follow, max-snippet:-1, max-image-preview:large, max-video-preview:-1\" \/>\n<link rel=\"canonical\" href=\"https:\/\/vestpetproducts.com\/es\/producto\/1929\/\" \/>\n<meta property=\"og:locale\" content=\"es_ES\" \/>\n<meta property=\"og:type\" content=\"article\" \/>\n<meta property=\"og:title\" content=\"Winter Warm Cat Bed - Pumpkin-shaped pet bed: Thickened cotton fleece for cold protection - Shandong Vest International Trade Co., Ltd.\" \/>\n<meta property=\"og:url\" content=\"https:\/\/vestpetproducts.com\/es\/producto\/1929\/\" \/>\n<meta property=\"og:site_name\" content=\"Shandong Vest International Trade Co., Ltd.\" \/>\n<meta property=\"article:modified_time\" content=\"2025-08-15T03:20:27+00:00\" \/>\n<meta property=\"og:image\" content=\"https:\/\/vestpetproducts.com\/wp-content\/uploads\/2025\/08\/O1CN01AsxjOU1NAKZA5CrBd_2217204891529-0-cib-1.jpg\" \/>\n\t<meta property=\"og:image:width\" content=\"1000\" \/>\n\t<meta property=\"og:image:height\" content=\"1000\" \/>\n\t<meta property=\"og:image:type\" content=\"image\/jpeg\" \/>\n<meta name=\"twitter:card\" content=\"summary_large_image\" \/>\n<meta name=\"twitter:label1\" content=\"Tiempo de lectura\" \/>\n\t<meta name=\"twitter:data1\" content=\"1 minuto\" \/>\n<script type=\"application\/ld+json\" class=\"yoast-schema-graph\">{\"@context\":\"https:\/\/schema.org\",\"@graph\":[{\"@type\":\"WebPage\",\"@id\":\"https:\/\/vestpetproducts.com\/product\/1929\/\",\"url\":\"https:\/\/vestpetproducts.com\/product\/1929\/\",\"name\":\"Winter Warm Cat Bed - Pumpkin-shaped pet bed: Thickened cotton fleece for cold protection - Shandong Vest International Trade Co., Ltd.\",\"isPartOf\":{\"@id\":\"https:\/\/vestpetproducts.com\/#website\"},\"primaryImageOfPage\":{\"@id\":\"https:\/\/vestpetproducts.com\/product\/1929\/#primaryimage\"},\"image\":{\"@id\":\"https:\/\/vestpetproducts.com\/product\/1929\/#primaryimage\"},\"thumbnailUrl\":\"https:\/\/vestpetproducts.com\/wp-content\/uploads\/2025\/08\/O1CN01AsxjOU1NAKZA5CrBd_2217204891529-0-cib-1.jpg\",\"datePublished\":\"2025-08-15T03:18:28+00:00\",\"dateModified\":\"2025-08-15T03:20:27+00:00\",\"breadcrumb\":{\"@id\":\"https:\/\/vestpetproducts.com\/product\/1929\/#breadcrumb\"},\"inLanguage\":\"es\",\"potentialAction\":[{\"@type\":\"ReadAction\",\"target\":[\"https:\/\/vestpetproducts.com\/product\/1929\/\"]}]},{\"@type\":\"ImageObject\",\"inLanguage\":\"es\",\"@id\":\"https:\/\/vestpetproducts.com\/product\/1929\/#primaryimage\",\"url\":\"https:\/\/vestpetproducts.com\/wp-content\/uploads\/2025\/08\/O1CN01AsxjOU1NAKZA5CrBd_2217204891529-0-cib-1.jpg\",\"contentUrl\":\"https:\/\/vestpetproducts.com\/wp-content\/uploads\/2025\/08\/O1CN01AsxjOU1NAKZA5CrBd_2217204891529-0-cib-1.jpg\",\"width\":1000,\"height\":1000},{\"@type\":\"BreadcrumbList\",\"@id\":\"https:\/\/vestpetproducts.com\/product\/1929\/#breadcrumb\",\"itemListElement\":[{\"@type\":\"ListItem\",\"position\":1,\"name\":\"\u9996\u9875\",\"item\":\"https:\/\/vestpetproducts.com\/\"},{\"@type\":\"ListItem\",\"position\":2,\"name\":\"Product\",\"item\":\"https:\/\/vestpetproducts.com\/product\/\"},{\"@type\":\"ListItem\",\"position\":3,\"name\":\"Winter Warm Cat Bed &#8211; Pumpkin-shaped pet bed: Thickened cotton fleece for cold protection\"}]},{\"@type\":\"WebSite\",\"@id\":\"https:\/\/vestpetproducts.com\/#website\",\"url\":\"https:\/\/vestpetproducts.com\/\",\"name\":\"Shandong Vest International Trade Co., Ltd.\",\"description\":\"Shandong Vest International Trade Co., Ltd.\",\"potentialAction\":[{\"@type\":\"SearchAction\",\"target\":{\"@type\":\"EntryPoint\",\"urlTemplate\":\"https:\/\/vestpetproducts.com\/?s={search_term_string}\"},\"query-input\":{\"@type\":\"PropertyValueSpecification\",\"valueRequired\":true,\"valueName\":\"search_term_string\"}}],\"inLanguage\":\"es\"}]}<\/script>\n<!-- \/ Yoast SEO plugin. -->","yoast_head_json":{"title":"Winter Warm Cat Bed - Pumpkin-shaped pet bed: Thickened cotton fleece for cold protection - Shandong Vest International Trade Co., Ltd.","robots":{"index":"index","follow":"follow","max-snippet":"max-snippet:-1","max-image-preview":"max-image-preview:large","max-video-preview":"max-video-preview:-1"},"canonical":"https:\/\/vestpetproducts.com\/es\/producto\/1929\/","og_locale":"es_ES","og_type":"article","og_title":"Winter Warm Cat Bed - Pumpkin-shaped pet bed: Thickened cotton fleece for cold protection - Shandong Vest International Trade Co., Ltd.","og_url":"https:\/\/vestpetproducts.com\/es\/producto\/1929\/","og_site_name":"Shandong Vest International Trade Co., Ltd.","article_modified_time":"2025-08-15T03:20:27+00:00","og_image":[{"width":1000,"height":1000,"url":"https:\/\/vestpetproducts.com\/wp-content\/uploads\/2025\/08\/O1CN01AsxjOU1NAKZA5CrBd_2217204891529-0-cib-1.jpg","type":"image\/jpeg"}],"twitter_card":"summary_large_image","twitter_misc":{"Tiempo de lectura":"1 minuto"},"schema":{"@context":"https:\/\/schema.org","@graph":[{"@type":"WebPage","@id":"https:\/\/vestpetproducts.com\/product\/1929\/","url":"https:\/\/vestpetproducts.com\/product\/1929\/","name":"Winter Warm Cat Bed - Pumpkin-shaped pet bed: Thickened cotton fleece for cold protection - Shandong Vest International Trade Co., Ltd.","isPartOf":{"@id":"https:\/\/vestpetproducts.com\/#website"},"primaryImageOfPage":{"@id":"https:\/\/vestpetproducts.com\/product\/1929\/#primaryimage"},"image":{"@id":"https:\/\/vestpetproducts.com\/product\/1929\/#primaryimage"},"thumbnailUrl":"https:\/\/vestpetproducts.com\/wp-content\/uploads\/2025\/08\/O1CN01AsxjOU1NAKZA5CrBd_2217204891529-0-cib-1.jpg","datePublished":"2025-08-15T03:18:28+00:00","dateModified":"2025-08-15T03:20:27+00:00","breadcrumb":{"@id":"https:\/\/vestpetproducts.com\/product\/1929\/#breadcrumb"},"inLanguage":"es","potentialAction":[{"@type":"ReadAction","target":["https:\/\/vestpetproducts.com\/product\/1929\/"]}]},{"@type":"ImageObject","inLanguage":"es","@id":"https:\/\/vestpetproducts.com\/product\/1929\/#primaryimage","url":"https:\/\/vestpetproducts.com\/wp-content\/uploads\/2025\/08\/O1CN01AsxjOU1NAKZA5CrBd_2217204891529-0-cib-1.jpg","contentUrl":"https:\/\/vestpetproducts.com\/wp-content\/uploads\/2025\/08\/O1CN01AsxjOU1NAKZA5CrBd_2217204891529-0-cib-1.jpg","width":1000,"height":1000},{"@type":"BreadcrumbList","@id":"https:\/\/vestpetproducts.com\/product\/1929\/#breadcrumb","itemListElement":[{"@type":"ListItem","position":1,"name":"\u9996\u9875","item":"https:\/\/vestpetproducts.com\/"},{"@type":"ListItem","position":2,"name":"Product","item":"https:\/\/vestpetproducts.com\/product\/"},{"@type":"ListItem","position":3,"name":"Winter Warm Cat Bed &#8211; Pumpkin-shaped pet bed: Thickened cotton fleece for cold protection"}]},{"@type":"WebSite","@id":"https:\/\/vestpetproducts.com\/#website","url":"https:\/\/vestpetproducts.com\/","name":"Shandong Vest International Trade Co., Ltd.","description":"Shandong Vest International Trade Co., Ltd.","potentialAction":[{"@type":"SearchAction","target":{"@type":"EntryPoint","urlTemplate":"https:\/\/vestpetproducts.com\/?s={search_term_string}"},"query-input":{"@type":"PropertyValueSpecification","valueRequired":true,"valueName":"search_term_string"}}],"inLanguage":"es"}]}},"_links":{"self":[{"href":"https:\/\/vestpetproducts.com\/es\/wp-json\/wp\/v2\/product\/1929","targetHints":{"allow":["GET"]}}],"collection":[{"href":"https:\/\/vestpetproducts.com\/es\/wp-json\/wp\/v2\/product"}],"about":[{"href":"https:\/\/vestpetproducts.com\/es\/wp-json\/wp\/v2\/types\/product"}],"wp:featuredmedia":[{"embeddable":true,"href":"https:\/\/vestpetproducts.com\/es\/wp-json\/wp\/v2\/media\/1930"}],"wp:attachment":[{"href":"https:\/\/vestpetproducts.com\/es\/wp-json\/wp\/v2\/media?parent=1929"}],"wp:term":[{"taxonomy":"product_brand","embeddable":true,"href":"https:\/\/vestpetproducts.com\/es\/wp-json\/wp\/v2\/product_brand?post=1929"},{"taxonomy":"product_cat","embeddable":true,"href":"https:\/\/vestpetproducts.com\/es\/wp-json\/wp\/v2\/product_cat?post=1929"},{"taxonomy":"product_tag","embeddable":true,"href":"https:\/\/vestpetproducts.com\/es\/wp-json\/wp\/v2\/product_tag?post=1929"}],"curies":[{"name":"wp","href":"https:\/\/api.w.org\/{rel}","templated":true}]}}