{"id":1830,"date":"2025-08-01T03:13:57","date_gmt":"2025-08-01T03:13:57","guid":{"rendered":"https:\/\/vestpetproducts.com\/?post_type=product&#038;p=1830"},"modified":"2025-08-04T07:30:26","modified_gmt":"2025-08-04T07:30:26","slug":"dog-and-cat-nail-clippers-led-nail-file-nail-trimmer-cleaning-supplies","status":"publish","type":"product","link":"https:\/\/vestpetproducts.com\/es\/producto\/dog-and-cat-nail-clippers-led-nail-file-nail-trimmer-cleaning-supplies\/","title":{"rendered":"Corta\u00fa\u00f1as para perros y gatos Lima de u\u00f1as LED Corta\u00fa\u00f1as Art\u00edculos de limpieza"},"content":{"rendered":"<p><img loading=\"lazy\" decoding=\"async\" class=\"wp-image-1838 aligncenter\" src=\"http:\/\/vestpetproducts.com\/wp-content\/uploads\/2025\/08\/1-1-300x500.jpg\" alt=\"\" width=\"451\" height=\"752\" srcset=\"https:\/\/vestpetproducts.com\/wp-content\/uploads\/2025\/08\/1-1-300x500.jpg 300w, https:\/\/vestpetproducts.com\/wp-content\/uploads\/2025\/08\/1-1-719x1200.jpg 719w, https:\/\/vestpetproducts.com\/wp-content\/uploads\/2025\/08\/1-1-180x300.jpg 180w, https:\/\/vestpetproducts.com\/wp-content\/uploads\/2025\/08\/1-1-768x1281.jpg 768w, https:\/\/vestpetproducts.com\/wp-content\/uploads\/2025\/08\/1-1-7x12.jpg 7w, https:\/\/vestpetproducts.com\/wp-content\/uploads\/2025\/08\/1-1-45x75.jpg 45w, https:\/\/vestpetproducts.com\/wp-content\/uploads\/2025\/08\/1-1-480x801.jpg 480w, https:\/\/vestpetproducts.com\/wp-content\/uploads\/2025\/08\/1-1.jpg 790w\" sizes=\"auto, (max-width:767px) 451px, 451px\" \/> <img loading=\"lazy\" decoding=\"async\" class=\"wp-image-1839 aligncenter\" src=\"http:\/\/vestpetproducts.com\/wp-content\/uploads\/2025\/08\/2-1-381x500.jpg\" alt=\"\" width=\"450\" height=\"591\" srcset=\"https:\/\/vestpetproducts.com\/wp-content\/uploads\/2025\/08\/2-1-381x500.jpg 381w, https:\/\/vestpetproducts.com\/wp-content\/uploads\/2025\/08\/2-1-229x300.jpg 229w, https:\/\/vestpetproducts.com\/wp-content\/uploads\/2025\/08\/2-1-768x1008.jpg 768w, https:\/\/vestpetproducts.com\/wp-content\/uploads\/2025\/08\/2-1-9x12.jpg 9w, https:\/\/vestpetproducts.com\/wp-content\/uploads\/2025\/08\/2-1-57x75.jpg 57w, https:\/\/vestpetproducts.com\/wp-content\/uploads\/2025\/08\/2-1-480x630.jpg 480w, https:\/\/vestpetproducts.com\/wp-content\/uploads\/2025\/08\/2-1.jpg 790w\" sizes=\"auto, (max-width:767px) 450px, 450px\" \/> <img loading=\"lazy\" decoding=\"async\" class=\"wp-image-1840 aligncenter\" src=\"http:\/\/vestpetproducts.com\/wp-content\/uploads\/2025\/08\/3-1-364x500.jpg\" alt=\"\" width=\"449\" height=\"617\" srcset=\"https:\/\/vestpetproducts.com\/wp-content\/uploads\/2025\/08\/3-1-364x500.jpg 364w, https:\/\/vestpetproducts.com\/wp-content\/uploads\/2025\/08\/3-1-218x300.jpg 218w, https:\/\/vestpetproducts.com\/wp-content\/uploads\/2025\/08\/3-1-768x1056.jpg 768w, https:\/\/vestpetproducts.com\/wp-content\/uploads\/2025\/08\/3-1-9x12.jpg 9w, https:\/\/vestpetproducts.com\/wp-content\/uploads\/2025\/08\/3-1-55x75.jpg 55w, https:\/\/vestpetproducts.com\/wp-content\/uploads\/2025\/08\/3-1-480x660.jpg 480w, https:\/\/vestpetproducts.com\/wp-content\/uploads\/2025\/08\/3-1.jpg 790w\" sizes=\"auto, (max-width:767px) 449px, 449px\" \/> <img loading=\"lazy\" decoding=\"async\" class=\"wp-image-1841 aligncenter\" src=\"http:\/\/vestpetproducts.com\/wp-content\/uploads\/2025\/08\/4-1-300x500.jpg\" alt=\"\" width=\"448\" height=\"747\" srcset=\"https:\/\/vestpetproducts.com\/wp-content\/uploads\/2025\/08\/4-1-300x500.jpg 300w, https:\/\/vestpetproducts.com\/wp-content\/uploads\/2025\/08\/4-1-719x1200.jpg 719w, https:\/\/vestpetproducts.com\/wp-content\/uploads\/2025\/08\/4-1-180x300.jpg 180w, https:\/\/vestpetproducts.com\/wp-content\/uploads\/2025\/08\/4-1-768x1281.jpg 768w, https:\/\/vestpetproducts.com\/wp-content\/uploads\/2025\/08\/4-1-7x12.jpg 7w, https:\/\/vestpetproducts.com\/wp-content\/uploads\/2025\/08\/4-1-45x75.jpg 45w, https:\/\/vestpetproducts.com\/wp-content\/uploads\/2025\/08\/4-1-480x801.jpg 480w, https:\/\/vestpetproducts.com\/wp-content\/uploads\/2025\/08\/4-1.jpg 790w\" sizes=\"auto, (max-width:767px) 448px, 448px\" \/> <img loading=\"lazy\" decoding=\"async\" class=\"wp-image-1842 aligncenter\" src=\"http:\/\/vestpetproducts.com\/wp-content\/uploads\/2025\/08\/5-1-295x500.jpg\" alt=\"\" width=\"448\" height=\"759\" srcset=\"https:\/\/vestpetproducts.com\/wp-content\/uploads\/2025\/08\/5-1-295x500.jpg 295w, https:\/\/vestpetproducts.com\/wp-content\/uploads\/2025\/08\/5-1-707x1200.jpg 707w, https:\/\/vestpetproducts.com\/wp-content\/uploads\/2025\/08\/5-1-177x300.jpg 177w, https:\/\/vestpetproducts.com\/wp-content\/uploads\/2025\/08\/5-1-768x1303.jpg 768w, https:\/\/vestpetproducts.com\/wp-content\/uploads\/2025\/08\/5-1-7x12.jpg 7w, https:\/\/vestpetproducts.com\/wp-content\/uploads\/2025\/08\/5-1-44x75.jpg 44w, https:\/\/vestpetproducts.com\/wp-content\/uploads\/2025\/08\/5-1-480x814.jpg 480w, https:\/\/vestpetproducts.com\/wp-content\/uploads\/2025\/08\/5-1.jpg 790w\" sizes=\"auto, (max-width:767px) 448px, 448px\" \/> <img loading=\"lazy\" decoding=\"async\" class=\"wp-image-1843 aligncenter\" src=\"http:\/\/vestpetproducts.com\/wp-content\/uploads\/2025\/08\/6-1-257x500.jpg\" alt=\"\" width=\"444\" height=\"864\" srcset=\"https:\/\/vestpetproducts.com\/wp-content\/uploads\/2025\/08\/6-1-257x500.jpg 257w, https:\/\/vestpetproducts.com\/wp-content\/uploads\/2025\/08\/6-1-616x1200.jpg 616w, https:\/\/vestpetproducts.com\/wp-content\/uploads\/2025\/08\/6-1-154x300.jpg 154w, https:\/\/vestpetproducts.com\/wp-content\/uploads\/2025\/08\/6-1-768x1495.jpg 768w, https:\/\/vestpetproducts.com\/wp-content\/uploads\/2025\/08\/6-1-789x1536.jpg 789w, https:\/\/vestpetproducts.com\/wp-content\/uploads\/2025\/08\/6-1-6x12.jpg 6w, https:\/\/vestpetproducts.com\/wp-content\/uploads\/2025\/08\/6-1-39x75.jpg 39w, https:\/\/vestpetproducts.com\/wp-content\/uploads\/2025\/08\/6-1-480x934.jpg 480w, https:\/\/vestpetproducts.com\/wp-content\/uploads\/2025\/08\/6-1.jpg 790w\" sizes=\"auto, (max-width:767px) 444px, 444px\" \/> <img loading=\"lazy\" decoding=\"async\" class=\"wp-image-1844 aligncenter\" src=\"http:\/\/vestpetproducts.com\/wp-content\/uploads\/2025\/08\/7-1-253x500.jpg\" alt=\"\" width=\"443\" height=\"876\" srcset=\"https:\/\/vestpetproducts.com\/wp-content\/uploads\/2025\/08\/7-1-253x500.jpg 253w, https:\/\/vestpetproducts.com\/wp-content\/uploads\/2025\/08\/7-1-607x1200.jpg 607w, https:\/\/vestpetproducts.com\/wp-content\/uploads\/2025\/08\/7-1-152x300.jpg 152w, https:\/\/vestpetproducts.com\/wp-content\/uploads\/2025\/08\/7-1-768x1519.jpg 768w, https:\/\/vestpetproducts.com\/wp-content\/uploads\/2025\/08\/7-1-777x1536.jpg 777w, https:\/\/vestpetproducts.com\/wp-content\/uploads\/2025\/08\/7-1-6x12.jpg 6w, https:\/\/vestpetproducts.com\/wp-content\/uploads\/2025\/08\/7-1-38x75.jpg 38w, https:\/\/vestpetproducts.com\/wp-content\/uploads\/2025\/08\/7-1-480x949.jpg 480w, https:\/\/vestpetproducts.com\/wp-content\/uploads\/2025\/08\/7-1.jpg 790w\" sizes=\"auto, (max-width:767px) 443px, 443px\" \/> <img loading=\"lazy\" decoding=\"async\" class=\"wp-image-1845 aligncenter\" src=\"http:\/\/vestpetproducts.com\/wp-content\/uploads\/2025\/08\/8-500x290.jpg\" alt=\"\" width=\"444\" height=\"257\" srcset=\"https:\/\/vestpetproducts.com\/wp-content\/uploads\/2025\/08\/8-500x290.jpg 500w, https:\/\/vestpetproducts.com\/wp-content\/uploads\/2025\/08\/8-300x174.jpg 300w, https:\/\/vestpetproducts.com\/wp-content\/uploads\/2025\/08\/8-768x445.jpg 768w, https:\/\/vestpetproducts.com\/wp-content\/uploads\/2025\/08\/8-18x10.jpg 18w, https:\/\/vestpetproducts.com\/wp-content\/uploads\/2025\/08\/8-129x75.jpg 129w, https:\/\/vestpetproducts.com\/wp-content\/uploads\/2025\/08\/8-480x278.jpg 480w, https:\/\/vestpetproducts.com\/wp-content\/uploads\/2025\/08\/8.jpg 790w\" sizes=\"auto, (max-width:767px) 444px, 444px\" \/> <img loading=\"lazy\" decoding=\"async\" class=\"wp-image-1846 aligncenter\" src=\"http:\/\/vestpetproducts.com\/wp-content\/uploads\/2025\/08\/9-210x500.jpg\" alt=\"\" width=\"445\" height=\"1060\" srcset=\"https:\/\/vestpetproducts.com\/wp-content\/uploads\/2025\/08\/9-210x500.jpg 210w, https:\/\/vestpetproducts.com\/wp-content\/uploads\/2025\/08\/9-504x1200.jpg 504w, https:\/\/vestpetproducts.com\/wp-content\/uploads\/2025\/08\/9-126x300.jpg 126w, https:\/\/vestpetproducts.com\/wp-content\/uploads\/2025\/08\/9-768x1829.jpg 768w, https:\/\/vestpetproducts.com\/wp-content\/uploads\/2025\/08\/9-645x1536.jpg 645w, https:\/\/vestpetproducts.com\/wp-content\/uploads\/2025\/08\/9-5x12.jpg 5w, https:\/\/vestpetproducts.com\/wp-content\/uploads\/2025\/08\/9-31x75.jpg 31w, https:\/\/vestpetproducts.com\/wp-content\/uploads\/2025\/08\/9-403x960.jpg 403w, https:\/\/vestpetproducts.com\/wp-content\/uploads\/2025\/08\/9.jpg 790w\" sizes=\"auto, (max-width:767px) 445px, 445px\" \/> <img loading=\"lazy\" decoding=\"async\" class=\"wp-image-1847 aligncenter\" src=\"http:\/\/vestpetproducts.com\/wp-content\/uploads\/2025\/08\/10-270x500.jpg\" alt=\"\" width=\"446\" height=\"826\" srcset=\"https:\/\/vestpetproducts.com\/wp-content\/uploads\/2025\/08\/10-270x500.jpg 270w, https:\/\/vestpetproducts.com\/wp-content\/uploads\/2025\/08\/10-648x1200.jpg 648w, https:\/\/vestpetproducts.com\/wp-content\/uploads\/2025\/08\/10-162x300.jpg 162w, https:\/\/vestpetproducts.com\/wp-content\/uploads\/2025\/08\/10-768x1421.jpg 768w, https:\/\/vestpetproducts.com\/wp-content\/uploads\/2025\/08\/10-6x12.jpg 6w, https:\/\/vestpetproducts.com\/wp-content\/uploads\/2025\/08\/10-41x75.jpg 41w, https:\/\/vestpetproducts.com\/wp-content\/uploads\/2025\/08\/10-480x888.jpg 480w, https:\/\/vestpetproducts.com\/wp-content\/uploads\/2025\/08\/10.jpg 790w\" sizes=\"auto, (max-width:767px) 446px, 446px\" \/> <img loading=\"lazy\" decoding=\"async\" class=\"wp-image-1848 aligncenter\" src=\"http:\/\/vestpetproducts.com\/wp-content\/uploads\/2025\/08\/11-260x500.jpg\" alt=\"\" width=\"446\" height=\"857\" srcset=\"https:\/\/vestpetproducts.com\/wp-content\/uploads\/2025\/08\/11-260x500.jpg 260w, https:\/\/vestpetproducts.com\/wp-content\/uploads\/2025\/08\/11-156x300.jpg 156w, https:\/\/vestpetproducts.com\/wp-content\/uploads\/2025\/08\/11-6x12.jpg 6w, https:\/\/vestpetproducts.com\/wp-content\/uploads\/2025\/08\/11-39x75.jpg 39w\" sizes=\"auto, (max-width:767px) 446px, 446px\" \/> <img loading=\"lazy\" decoding=\"async\" class=\"wp-image-1849 aligncenter\" src=\"http:\/\/vestpetproducts.com\/wp-content\/uploads\/2025\/08\/12-266x500.jpg\" alt=\"\" width=\"447\" height=\"840\" srcset=\"https:\/\/vestpetproducts.com\/wp-content\/uploads\/2025\/08\/12-266x500.jpg 266w, https:\/\/vestpetproducts.com\/wp-content\/uploads\/2025\/08\/12-639x1200.jpg 639w, https:\/\/vestpetproducts.com\/wp-content\/uploads\/2025\/08\/12-160x300.jpg 160w, https:\/\/vestpetproducts.com\/wp-content\/uploads\/2025\/08\/12-768x1442.jpg 768w, https:\/\/vestpetproducts.com\/wp-content\/uploads\/2025\/08\/12-6x12.jpg 6w, https:\/\/vestpetproducts.com\/wp-content\/uploads\/2025\/08\/12-40x75.jpg 40w, https:\/\/vestpetproducts.com\/wp-content\/uploads\/2025\/08\/12-480x901.jpg 480w, https:\/\/vestpetproducts.com\/wp-content\/uploads\/2025\/08\/12.jpg 790w\" sizes=\"auto, (max-width:767px) 447px, 447px\" \/> <img loading=\"lazy\" decoding=\"async\" class=\"wp-image-1850 aligncenter\" src=\"http:\/\/vestpetproducts.com\/wp-content\/uploads\/2025\/08\/13-265x500.jpg\" alt=\"\" width=\"448\" height=\"845\" srcset=\"https:\/\/vestpetproducts.com\/wp-content\/uploads\/2025\/08\/13-265x500.jpg 265w, https:\/\/vestpetproducts.com\/wp-content\/uploads\/2025\/08\/13-636x1200.jpg 636w, https:\/\/vestpetproducts.com\/wp-content\/uploads\/2025\/08\/13-159x300.jpg 159w, https:\/\/vestpetproducts.com\/wp-content\/uploads\/2025\/08\/13-768x1449.jpg 768w, https:\/\/vestpetproducts.com\/wp-content\/uploads\/2025\/08\/13-6x12.jpg 6w, https:\/\/vestpetproducts.com\/wp-content\/uploads\/2025\/08\/13-40x75.jpg 40w, https:\/\/vestpetproducts.com\/wp-content\/uploads\/2025\/08\/13-480x905.jpg 480w, https:\/\/vestpetproducts.com\/wp-content\/uploads\/2025\/08\/13.jpg 790w\" sizes=\"auto, (max-width:767px) 448px, 448px\" \/> <img loading=\"lazy\" decoding=\"async\" class=\"wp-image-1851 aligncenter\" src=\"http:\/\/vestpetproducts.com\/wp-content\/uploads\/2025\/08\/14-258x500.jpg\" alt=\"\" width=\"447\" height=\"866\" srcset=\"https:\/\/vestpetproducts.com\/wp-content\/uploads\/2025\/08\/14-258x500.jpg 258w, https:\/\/vestpetproducts.com\/wp-content\/uploads\/2025\/08\/14-619x1200.jpg 619w, https:\/\/vestpetproducts.com\/wp-content\/uploads\/2025\/08\/14-155x300.jpg 155w, https:\/\/vestpetproducts.com\/wp-content\/uploads\/2025\/08\/14-768x1488.jpg 768w, https:\/\/vestpetproducts.com\/wp-content\/uploads\/2025\/08\/14-6x12.jpg 6w, https:\/\/vestpetproducts.com\/wp-content\/uploads\/2025\/08\/14-39x75.jpg 39w, https:\/\/vestpetproducts.com\/wp-content\/uploads\/2025\/08\/14-480x930.jpg 480w, https:\/\/vestpetproducts.com\/wp-content\/uploads\/2025\/08\/14.jpg 790w\" sizes=\"auto, (max-width:767px) 447px, 447px\" \/> <img loading=\"lazy\" decoding=\"async\" class=\"wp-image-1852 aligncenter\" src=\"http:\/\/vestpetproducts.com\/wp-content\/uploads\/2025\/08\/15-246x500.jpg\" alt=\"\" width=\"451\" height=\"917\" srcset=\"https:\/\/vestpetproducts.com\/wp-content\/uploads\/2025\/08\/15-246x500.jpg 246w, https:\/\/vestpetproducts.com\/wp-content\/uploads\/2025\/08\/15-590x1200.jpg 590w, https:\/\/vestpetproducts.com\/wp-content\/uploads\/2025\/08\/15-148x300.jpg 148w, https:\/\/vestpetproducts.com\/wp-content\/uploads\/2025\/08\/15-768x1561.jpg 768w, https:\/\/vestpetproducts.com\/wp-content\/uploads\/2025\/08\/15-756x1536.jpg 756w, https:\/\/vestpetproducts.com\/wp-content\/uploads\/2025\/08\/15-6x12.jpg 6w, https:\/\/vestpetproducts.com\/wp-content\/uploads\/2025\/08\/15-37x75.jpg 37w, https:\/\/vestpetproducts.com\/wp-content\/uploads\/2025\/08\/15-472x960.jpg 472w, https:\/\/vestpetproducts.com\/wp-content\/uploads\/2025\/08\/15.jpg 790w\" sizes=\"auto, (max-width:767px) 451px, 451px\" \/> <img loading=\"lazy\" decoding=\"async\" class=\"wp-image-1853 aligncenter\" src=\"http:\/\/vestpetproducts.com\/wp-content\/uploads\/2025\/08\/16-292x500.jpg\" alt=\"\" width=\"447\" height=\"765\" srcset=\"https:\/\/vestpetproducts.com\/wp-content\/uploads\/2025\/08\/16-292x500.jpg 292w, https:\/\/vestpetproducts.com\/wp-content\/uploads\/2025\/08\/16-701x1200.jpg 701w, https:\/\/vestpetproducts.com\/wp-content\/uploads\/2025\/08\/16-175x300.jpg 175w, https:\/\/vestpetproducts.com\/wp-content\/uploads\/2025\/08\/16-768x1315.jpg 768w, https:\/\/vestpetproducts.com\/wp-content\/uploads\/2025\/08\/16-7x12.jpg 7w, https:\/\/vestpetproducts.com\/wp-content\/uploads\/2025\/08\/16-44x75.jpg 44w, https:\/\/vestpetproducts.com\/wp-content\/uploads\/2025\/08\/16-480x822.jpg 480w, https:\/\/vestpetproducts.com\/wp-content\/uploads\/2025\/08\/16.jpg 790w\" sizes=\"auto, (max-width:767px) 447px, 447px\" \/><\/p>","protected":false},"excerpt":{"rendered":"<p>Colores: polvo blanco, azul blanco.<\/p>\n<p>Luz LED brillante: Nuestro corta\u00fa\u00f1as para mascotas cuenta con una luz LED ultrabrillante que ilumina los vasos sangu\u00edneos mientras corta las u\u00f1as de su mascota. Nunca tendr\u00e1 que preocuparse por cortarlas demasiado y causarle sangrado.<br \/>\nCorta\u00fa\u00f1as para mascotas: Cuchilla en forma de media luna, dise\u00f1ada para adaptarse perfectamente a la forma de las u\u00f1as de tu mascota. Fabricada en acero inoxidable ultrarresistente, garantiza cortes limpios sin rajaduras.<br \/>\nDise\u00f1o ergon\u00f3mico: Su dise\u00f1o ergon\u00f3mico garantiza un agarre c\u00f3modo, permiti\u00e9ndote cortar las u\u00f1as durante largos periodos sin forzar las manos. Compacto y port\u00e1til, es perfecto para usar en cualquier lugar.<br \/>\nDise\u00f1o con cierre de seguridad: Nuestro corta\u00fa\u00f1as para gatos cuenta con un cierre de seguridad para evitar cortes accidentales, lo que proporciona mayor protecci\u00f3n a tu peludo amigo. Se puede guardar c\u00f3modamente en cualquier lugar.<\/p>","protected":false},"featured_media":1831,"template":"","meta":{"content-type":""},"product_brand":[],"product_cat":[18],"product_tag":[],"class_list":{"0":"post-1830","1":"product","2":"type-product","3":"status-publish","4":"has-post-thumbnail","6":"product_cat-pet-health-and-wellness","8":"first","9":"instock","10":"shipping-taxable","11":"product-type-simple"},"yoast_head":"<!-- This site is optimized with the Yoast SEO plugin v24.9 - https:\/\/yoast.com\/wordpress\/plugins\/seo\/ -->\n<title>Dog and cat nail clippers LED nail file Nail trimmer Cleaning supplies - Shandong Vest International Trade Co., Ltd.<\/title>\n<meta name=\"robots\" content=\"index, follow, max-snippet:-1, max-image-preview:large, max-video-preview:-1\" \/>\n<link rel=\"canonical\" href=\"https:\/\/vestpetproducts.com\/es\/producto\/dog-and-cat-nail-clippers-led-nail-file-nail-trimmer-cleaning-supplies\/\" \/>\n<meta property=\"og:locale\" content=\"es_ES\" \/>\n<meta property=\"og:type\" content=\"article\" \/>\n<meta property=\"og:title\" content=\"Dog and cat nail clippers LED nail file Nail trimmer Cleaning supplies - Shandong Vest International Trade Co., Ltd.\" \/>\n<meta property=\"og:description\" content=\"Colors: white powder, white blue.  Bright LED Light: Our pet nail clippers are equipped with an ultra-bright LED light that illuminates blood vessels while trimming your pet&#039;s nails. You&#039;ll never have to worry about over-trimming and causing your pet to bleed. Pet Nail Clippers: Half-moon shaped blade, designed to fit your pet&#039;s nail shape perfectly. Made from ultra-hard stainless steel, ensuring clean cuts without splitting. Ergonomic Design: The ergonomic design ensures a comfortable grip, allowing you to trim nails for extended periods without straining your hands. Compact and portable, it&#039;s perfect for on-the-go use. Safety Lock Design: Our cat nail clippers feature a safety lock to prevent accidental cuts, providing extra protection for your furry friend. They can be conveniently stored anywhere.\" \/>\n<meta property=\"og:url\" content=\"https:\/\/vestpetproducts.com\/es\/producto\/dog-and-cat-nail-clippers-led-nail-file-nail-trimmer-cleaning-supplies\/\" \/>\n<meta property=\"og:site_name\" content=\"Shandong Vest International Trade Co., Ltd.\" \/>\n<meta property=\"article:modified_time\" content=\"2025-08-04T07:30:26+00:00\" \/>\n<meta property=\"og:image\" content=\"https:\/\/vestpetproducts.com\/wp-content\/uploads\/2025\/08\/O1CN01LIc8xS1xW9g1uMyXl_4058726450-0-cib.jpg\" \/>\n\t<meta property=\"og:image:width\" content=\"800\" \/>\n\t<meta property=\"og:image:height\" content=\"800\" \/>\n\t<meta property=\"og:image:type\" content=\"image\/jpeg\" \/>\n<meta name=\"twitter:card\" content=\"summary_large_image\" \/>\n<meta name=\"twitter:label1\" content=\"Tiempo de lectura\" \/>\n\t<meta name=\"twitter:data1\" content=\"4 minutos\" \/>\n<script type=\"application\/ld+json\" class=\"yoast-schema-graph\">{\"@context\":\"https:\/\/schema.org\",\"@graph\":[{\"@type\":\"WebPage\",\"@id\":\"https:\/\/vestpetproducts.com\/product\/dog-and-cat-nail-clippers-led-nail-file-nail-trimmer-cleaning-supplies\/\",\"url\":\"https:\/\/vestpetproducts.com\/product\/dog-and-cat-nail-clippers-led-nail-file-nail-trimmer-cleaning-supplies\/\",\"name\":\"Dog and cat nail clippers LED nail file Nail trimmer Cleaning supplies - Shandong Vest International Trade Co., Ltd.\",\"isPartOf\":{\"@id\":\"https:\/\/vestpetproducts.com\/#website\"},\"primaryImageOfPage\":{\"@id\":\"https:\/\/vestpetproducts.com\/product\/dog-and-cat-nail-clippers-led-nail-file-nail-trimmer-cleaning-supplies\/#primaryimage\"},\"image\":{\"@id\":\"https:\/\/vestpetproducts.com\/product\/dog-and-cat-nail-clippers-led-nail-file-nail-trimmer-cleaning-supplies\/#primaryimage\"},\"thumbnailUrl\":\"https:\/\/vestpetproducts.com\/wp-content\/uploads\/2025\/08\/O1CN01LIc8xS1xW9g1uMyXl_4058726450-0-cib.jpg\",\"datePublished\":\"2025-08-01T03:13:57+00:00\",\"dateModified\":\"2025-08-04T07:30:26+00:00\",\"breadcrumb\":{\"@id\":\"https:\/\/vestpetproducts.com\/product\/dog-and-cat-nail-clippers-led-nail-file-nail-trimmer-cleaning-supplies\/#breadcrumb\"},\"inLanguage\":\"es\",\"potentialAction\":[{\"@type\":\"ReadAction\",\"target\":[\"https:\/\/vestpetproducts.com\/product\/dog-and-cat-nail-clippers-led-nail-file-nail-trimmer-cleaning-supplies\/\"]}]},{\"@type\":\"ImageObject\",\"inLanguage\":\"es\",\"@id\":\"https:\/\/vestpetproducts.com\/product\/dog-and-cat-nail-clippers-led-nail-file-nail-trimmer-cleaning-supplies\/#primaryimage\",\"url\":\"https:\/\/vestpetproducts.com\/wp-content\/uploads\/2025\/08\/O1CN01LIc8xS1xW9g1uMyXl_4058726450-0-cib.jpg\",\"contentUrl\":\"https:\/\/vestpetproducts.com\/wp-content\/uploads\/2025\/08\/O1CN01LIc8xS1xW9g1uMyXl_4058726450-0-cib.jpg\",\"width\":800,\"height\":800},{\"@type\":\"BreadcrumbList\",\"@id\":\"https:\/\/vestpetproducts.com\/product\/dog-and-cat-nail-clippers-led-nail-file-nail-trimmer-cleaning-supplies\/#breadcrumb\",\"itemListElement\":[{\"@type\":\"ListItem\",\"position\":1,\"name\":\"\u9996\u9875\",\"item\":\"https:\/\/vestpetproducts.com\/\"},{\"@type\":\"ListItem\",\"position\":2,\"name\":\"Product\",\"item\":\"https:\/\/vestpetproducts.com\/product\/\"},{\"@type\":\"ListItem\",\"position\":3,\"name\":\"Dog and cat nail clippers LED nail file Nail trimmer Cleaning supplies\"}]},{\"@type\":\"WebSite\",\"@id\":\"https:\/\/vestpetproducts.com\/#website\",\"url\":\"https:\/\/vestpetproducts.com\/\",\"name\":\"Shandong Vest International Trade Co., Ltd.\",\"description\":\"Shandong Vest International Trade Co., Ltd.\",\"potentialAction\":[{\"@type\":\"SearchAction\",\"target\":{\"@type\":\"EntryPoint\",\"urlTemplate\":\"https:\/\/vestpetproducts.com\/?s={search_term_string}\"},\"query-input\":{\"@type\":\"PropertyValueSpecification\",\"valueRequired\":true,\"valueName\":\"search_term_string\"}}],\"inLanguage\":\"es\"}]}<\/script>\n<!-- \/ Yoast SEO plugin. -->","yoast_head_json":{"title":"Dog and cat nail clippers LED nail file Nail trimmer Cleaning supplies - Shandong Vest International Trade Co., Ltd.","robots":{"index":"index","follow":"follow","max-snippet":"max-snippet:-1","max-image-preview":"max-image-preview:large","max-video-preview":"max-video-preview:-1"},"canonical":"https:\/\/vestpetproducts.com\/es\/producto\/dog-and-cat-nail-clippers-led-nail-file-nail-trimmer-cleaning-supplies\/","og_locale":"es_ES","og_type":"article","og_title":"Dog and cat nail clippers LED nail file Nail trimmer Cleaning supplies - Shandong Vest International Trade Co., Ltd.","og_description":"Colors: white powder, white blue.  Bright LED Light: Our pet nail clippers are equipped with an ultra-bright LED light that illuminates blood vessels while trimming your pet's nails. You'll never have to worry about over-trimming and causing your pet to bleed. Pet Nail Clippers: Half-moon shaped blade, designed to fit your pet's nail shape perfectly. Made from ultra-hard stainless steel, ensuring clean cuts without splitting. Ergonomic Design: The ergonomic design ensures a comfortable grip, allowing you to trim nails for extended periods without straining your hands. Compact and portable, it's perfect for on-the-go use. Safety Lock Design: Our cat nail clippers feature a safety lock to prevent accidental cuts, providing extra protection for your furry friend. They can be conveniently stored anywhere.","og_url":"https:\/\/vestpetproducts.com\/es\/producto\/dog-and-cat-nail-clippers-led-nail-file-nail-trimmer-cleaning-supplies\/","og_site_name":"Shandong Vest International Trade Co., Ltd.","article_modified_time":"2025-08-04T07:30:26+00:00","og_image":[{"width":800,"height":800,"url":"https:\/\/vestpetproducts.com\/wp-content\/uploads\/2025\/08\/O1CN01LIc8xS1xW9g1uMyXl_4058726450-0-cib.jpg","type":"image\/jpeg"}],"twitter_card":"summary_large_image","twitter_misc":{"Tiempo de lectura":"4 minutos"},"schema":{"@context":"https:\/\/schema.org","@graph":[{"@type":"WebPage","@id":"https:\/\/vestpetproducts.com\/product\/dog-and-cat-nail-clippers-led-nail-file-nail-trimmer-cleaning-supplies\/","url":"https:\/\/vestpetproducts.com\/product\/dog-and-cat-nail-clippers-led-nail-file-nail-trimmer-cleaning-supplies\/","name":"Dog and cat nail clippers LED nail file Nail trimmer Cleaning supplies - Shandong Vest International Trade Co., Ltd.","isPartOf":{"@id":"https:\/\/vestpetproducts.com\/#website"},"primaryImageOfPage":{"@id":"https:\/\/vestpetproducts.com\/product\/dog-and-cat-nail-clippers-led-nail-file-nail-trimmer-cleaning-supplies\/#primaryimage"},"image":{"@id":"https:\/\/vestpetproducts.com\/product\/dog-and-cat-nail-clippers-led-nail-file-nail-trimmer-cleaning-supplies\/#primaryimage"},"thumbnailUrl":"https:\/\/vestpetproducts.com\/wp-content\/uploads\/2025\/08\/O1CN01LIc8xS1xW9g1uMyXl_4058726450-0-cib.jpg","datePublished":"2025-08-01T03:13:57+00:00","dateModified":"2025-08-04T07:30:26+00:00","breadcrumb":{"@id":"https:\/\/vestpetproducts.com\/product\/dog-and-cat-nail-clippers-led-nail-file-nail-trimmer-cleaning-supplies\/#breadcrumb"},"inLanguage":"es","potentialAction":[{"@type":"ReadAction","target":["https:\/\/vestpetproducts.com\/product\/dog-and-cat-nail-clippers-led-nail-file-nail-trimmer-cleaning-supplies\/"]}]},{"@type":"ImageObject","inLanguage":"es","@id":"https:\/\/vestpetproducts.com\/product\/dog-and-cat-nail-clippers-led-nail-file-nail-trimmer-cleaning-supplies\/#primaryimage","url":"https:\/\/vestpetproducts.com\/wp-content\/uploads\/2025\/08\/O1CN01LIc8xS1xW9g1uMyXl_4058726450-0-cib.jpg","contentUrl":"https:\/\/vestpetproducts.com\/wp-content\/uploads\/2025\/08\/O1CN01LIc8xS1xW9g1uMyXl_4058726450-0-cib.jpg","width":800,"height":800},{"@type":"BreadcrumbList","@id":"https:\/\/vestpetproducts.com\/product\/dog-and-cat-nail-clippers-led-nail-file-nail-trimmer-cleaning-supplies\/#breadcrumb","itemListElement":[{"@type":"ListItem","position":1,"name":"\u9996\u9875","item":"https:\/\/vestpetproducts.com\/"},{"@type":"ListItem","position":2,"name":"Product","item":"https:\/\/vestpetproducts.com\/product\/"},{"@type":"ListItem","position":3,"name":"Dog and cat nail clippers LED nail file Nail trimmer Cleaning supplies"}]},{"@type":"WebSite","@id":"https:\/\/vestpetproducts.com\/#website","url":"https:\/\/vestpetproducts.com\/","name":"Shandong Vest International Trade Co., Ltd.","description":"Shandong Vest International Trade Co., Ltd.","potentialAction":[{"@type":"SearchAction","target":{"@type":"EntryPoint","urlTemplate":"https:\/\/vestpetproducts.com\/?s={search_term_string}"},"query-input":{"@type":"PropertyValueSpecification","valueRequired":true,"valueName":"search_term_string"}}],"inLanguage":"es"}]}},"_links":{"self":[{"href":"https:\/\/vestpetproducts.com\/es\/wp-json\/wp\/v2\/product\/1830","targetHints":{"allow":["GET"]}}],"collection":[{"href":"https:\/\/vestpetproducts.com\/es\/wp-json\/wp\/v2\/product"}],"about":[{"href":"https:\/\/vestpetproducts.com\/es\/wp-json\/wp\/v2\/types\/product"}],"wp:featuredmedia":[{"embeddable":true,"href":"https:\/\/vestpetproducts.com\/es\/wp-json\/wp\/v2\/media\/1831"}],"wp:attachment":[{"href":"https:\/\/vestpetproducts.com\/es\/wp-json\/wp\/v2\/media?parent=1830"}],"wp:term":[{"taxonomy":"product_brand","embeddable":true,"href":"https:\/\/vestpetproducts.com\/es\/wp-json\/wp\/v2\/product_brand?post=1830"},{"taxonomy":"product_cat","embeddable":true,"href":"https:\/\/vestpetproducts.com\/es\/wp-json\/wp\/v2\/product_cat?post=1830"},{"taxonomy":"product_tag","embeddable":true,"href":"https:\/\/vestpetproducts.com\/es\/wp-json\/wp\/v2\/product_tag?post=1830"}],"curies":[{"name":"wp","href":"https:\/\/api.w.org\/{rel}","templated":true}]}}