{"id":1804,"date":"2025-07-31T09:37:58","date_gmt":"2025-07-31T09:37:58","guid":{"rendered":"https:\/\/vestpetproducts.com\/?post_type=product&#038;p=1804"},"modified":"2025-08-04T06:53:42","modified_gmt":"2025-08-04T06:53:42","slug":"pet-products-stainless-steel-201-cat-feed-food-bowl-15cm-5-91inch-silicone-ring-base-feeding-bowl-for-cat-and-puppy-dog-bowls","status":"publish","type":"product","link":"https:\/\/vestpetproducts.com\/es\/producto\/pet-products-stainless-steel-201-cat-feed-food-bowl-15cm-5-91inch-silicone-ring-base-feeding-bowl-for-cat-and-puppy-dog-bowls\/","title":{"rendered":"Comedero para gatos de acero inoxidable 201 de 15 cm y 5,91 pulgadas con base de anillo de silicona para gatos y cachorros."},"content":{"rendered":"<p><img loading=\"lazy\" decoding=\"async\" class=\"aligncenter size-full wp-image-1814\" src=\"http:\/\/vestpetproducts.com\/wp-content\/uploads\/2025\/07\/446d9eed538af042c8972664ce96d3d.png\" alt=\"\" width=\"737\" height=\"501\" srcset=\"https:\/\/vestpetproducts.com\/wp-content\/uploads\/2025\/07\/446d9eed538af042c8972664ce96d3d.png 737w, https:\/\/vestpetproducts.com\/wp-content\/uploads\/2025\/07\/446d9eed538af042c8972664ce96d3d-500x340.png 500w, https:\/\/vestpetproducts.com\/wp-content\/uploads\/2025\/07\/446d9eed538af042c8972664ce96d3d-300x204.png 300w, https:\/\/vestpetproducts.com\/wp-content\/uploads\/2025\/07\/446d9eed538af042c8972664ce96d3d-18x12.png 18w, https:\/\/vestpetproducts.com\/wp-content\/uploads\/2025\/07\/446d9eed538af042c8972664ce96d3d-110x75.png 110w, https:\/\/vestpetproducts.com\/wp-content\/uploads\/2025\/07\/446d9eed538af042c8972664ce96d3d-480x326.png 480w\" sizes=\"auto, (max-width:767px) 480px, 737px\" \/><img loading=\"lazy\" decoding=\"async\" class=\"aligncenter size-full wp-image-1810\" src=\"http:\/\/vestpetproducts.com\/wp-content\/uploads\/2025\/07\/5c7d07e92027fc4e833daf01ca32151.png\" alt=\"\" width=\"751\" height=\"480\" srcset=\"https:\/\/vestpetproducts.com\/wp-content\/uploads\/2025\/07\/5c7d07e92027fc4e833daf01ca32151.png 751w, https:\/\/vestpetproducts.com\/wp-content\/uploads\/2025\/07\/5c7d07e92027fc4e833daf01ca32151-500x320.png 500w, https:\/\/vestpetproducts.com\/wp-content\/uploads\/2025\/07\/5c7d07e92027fc4e833daf01ca32151-300x192.png 300w, https:\/\/vestpetproducts.com\/wp-content\/uploads\/2025\/07\/5c7d07e92027fc4e833daf01ca32151-18x12.png 18w, https:\/\/vestpetproducts.com\/wp-content\/uploads\/2025\/07\/5c7d07e92027fc4e833daf01ca32151-117x75.png 117w, https:\/\/vestpetproducts.com\/wp-content\/uploads\/2025\/07\/5c7d07e92027fc4e833daf01ca32151-480x307.png 480w\" sizes=\"auto, (max-width:767px) 480px, 751px\" \/> <img loading=\"lazy\" decoding=\"async\" class=\"aligncenter size-full wp-image-1811\" src=\"http:\/\/vestpetproducts.com\/wp-content\/uploads\/2025\/07\/000ed1f76f55dc7089f6acbdacfe8d5.png\" alt=\"\" width=\"747\" height=\"484\" srcset=\"https:\/\/vestpetproducts.com\/wp-content\/uploads\/2025\/07\/000ed1f76f55dc7089f6acbdacfe8d5.png 747w, https:\/\/vestpetproducts.com\/wp-content\/uploads\/2025\/07\/000ed1f76f55dc7089f6acbdacfe8d5-500x324.png 500w, https:\/\/vestpetproducts.com\/wp-content\/uploads\/2025\/07\/000ed1f76f55dc7089f6acbdacfe8d5-300x194.png 300w, https:\/\/vestpetproducts.com\/wp-content\/uploads\/2025\/07\/000ed1f76f55dc7089f6acbdacfe8d5-18x12.png 18w, https:\/\/vestpetproducts.com\/wp-content\/uploads\/2025\/07\/000ed1f76f55dc7089f6acbdacfe8d5-116x75.png 116w, https:\/\/vestpetproducts.com\/wp-content\/uploads\/2025\/07\/000ed1f76f55dc7089f6acbdacfe8d5-480x311.png 480w\" sizes=\"auto, (max-width:767px) 480px, 747px\" \/> <img loading=\"lazy\" decoding=\"async\" class=\"aligncenter size-full wp-image-1812\" src=\"http:\/\/vestpetproducts.com\/wp-content\/uploads\/2025\/07\/b9d9caf78c1b250e1800476109a241d.png\" alt=\"\" width=\"745\" height=\"696\" srcset=\"https:\/\/vestpetproducts.com\/wp-content\/uploads\/2025\/07\/b9d9caf78c1b250e1800476109a241d.png 745w, https:\/\/vestpetproducts.com\/wp-content\/uploads\/2025\/07\/b9d9caf78c1b250e1800476109a241d-500x467.png 500w, https:\/\/vestpetproducts.com\/wp-content\/uploads\/2025\/07\/b9d9caf78c1b250e1800476109a241d-300x280.png 300w, https:\/\/vestpetproducts.com\/wp-content\/uploads\/2025\/07\/b9d9caf78c1b250e1800476109a241d-13x12.png 13w, https:\/\/vestpetproducts.com\/wp-content\/uploads\/2025\/07\/b9d9caf78c1b250e1800476109a241d-80x75.png 80w, https:\/\/vestpetproducts.com\/wp-content\/uploads\/2025\/07\/b9d9caf78c1b250e1800476109a241d-480x448.png 480w\" sizes=\"auto, (max-width:767px) 480px, 745px\" \/> <img loading=\"lazy\" decoding=\"async\" class=\"aligncenter size-full wp-image-1813\" src=\"http:\/\/vestpetproducts.com\/wp-content\/uploads\/2025\/07\/a0d9028370e2e40297b9becef1b5010.png\" alt=\"\" width=\"752\" height=\"444\" srcset=\"https:\/\/vestpetproducts.com\/wp-content\/uploads\/2025\/07\/a0d9028370e2e40297b9becef1b5010.png 752w, https:\/\/vestpetproducts.com\/wp-content\/uploads\/2025\/07\/a0d9028370e2e40297b9becef1b5010-500x295.png 500w, https:\/\/vestpetproducts.com\/wp-content\/uploads\/2025\/07\/a0d9028370e2e40297b9becef1b5010-300x177.png 300w, https:\/\/vestpetproducts.com\/wp-content\/uploads\/2025\/07\/a0d9028370e2e40297b9becef1b5010-18x12.png 18w, https:\/\/vestpetproducts.com\/wp-content\/uploads\/2025\/07\/a0d9028370e2e40297b9becef1b5010-127x75.png 127w, https:\/\/vestpetproducts.com\/wp-content\/uploads\/2025\/07\/a0d9028370e2e40297b9becef1b5010-480x283.png 480w\" sizes=\"auto, (max-width:767px) 480px, 752px\" \/><\/p>","protected":false},"excerpt":{"rendered":"<p>Color: Verde Naranja Gris<\/p>\n<p>Acero inoxidable resistente y de alta calidad: Material de primera calidad y libre de BPA que garantiza que el taz\u00f3n no se deforme, ya sea que su gato o cachorro muerda o juegue. Su excelente tecnolog\u00eda de pulido mantiene los tazones de acero inoxidable limpios y prolonga su vida \u00fatil. Tazones de acero inoxidable para comida y agua.<br \/>\nBase de goma antideslizante y extra\u00edble: El anillo de goma especialmente modulado proporciona una fuerte fricci\u00f3n a los comederos para gatos, lo que garantiza que los comederos para gatos de interior no se vuelquen y se mantengan estables mientras tu gatito o cachorro come. El anillo de goma se puede retirar f\u00e1cilmente del comedero antes de limpiarlo. Este juego de comedero y bebedero para gatos reduce eficazmente el ruido y los deslizamientos al comer, adem\u00e1s de proteger el suelo de madera de ara\u00f1azos.<\/p>","protected":false},"featured_media":1805,"template":"","meta":{"content-type":""},"product_brand":[],"product_cat":[17],"product_tag":[],"class_list":{"0":"post-1804","1":"product","2":"type-product","3":"status-publish","4":"has-post-thumbnail","6":"product_cat-pet-supplies","8":"first","9":"instock","10":"shipping-taxable","11":"product-type-simple"},"yoast_head":"<!-- This site is optimized with the Yoast SEO plugin v24.9 - https:\/\/yoast.com\/wordpress\/plugins\/seo\/ -->\n<title>Pet Products Stainless Steel 201 Cat Feed Food Bowl 15cm 5.91inch Silicone Ring Base Feeding Bowl for Cat and Puppy Dog Bowls - Shandong Vest International Trade Co., Ltd.<\/title>\n<meta name=\"robots\" content=\"index, follow, max-snippet:-1, max-image-preview:large, max-video-preview:-1\" \/>\n<link rel=\"canonical\" href=\"https:\/\/vestpetproducts.com\/es\/producto\/pet-products-stainless-steel-201-cat-feed-food-bowl-15cm-5-91inch-silicone-ring-base-feeding-bowl-for-cat-and-puppy-dog-bowls\/\" \/>\n<meta property=\"og:locale\" content=\"es_ES\" \/>\n<meta property=\"og:type\" content=\"article\" \/>\n<meta property=\"og:title\" content=\"Pet Products Stainless Steel 201 Cat Feed Food Bowl 15cm 5.91inch Silicone Ring Base Feeding Bowl for Cat and Puppy Dog Bowls - Shandong Vest International Trade Co., Ltd.\" \/>\n<meta property=\"og:description\" content=\"Color\uff1aGreen Orange Grey  Selected Sturdy Valuable Stainless Steel: Premium-quality and BPA-Free material ensures cat bowl will not be deformed whether your cat or puppy bites or plays. Application of superb polishing technology keeps stainless steel cat bowls is produced clean with a longer product life cycle. Stainless steel cat bowls for food and water. Non-slip and Removable Rubber Base: The specially modulated rubber ring makes the cat dishes have strong friction, ensuring that cat food bowls for indoor cats will not tip over and keep stable when your kitten or puppy is eating. The rubber ring can be easily removed from the pet food bowl before cleaning. This cat food and water bowl set effectively reduce the noise and slipping during eating, also achieve effect of protecting home wooden floor from scratching.\" \/>\n<meta property=\"og:url\" content=\"https:\/\/vestpetproducts.com\/es\/producto\/pet-products-stainless-steel-201-cat-feed-food-bowl-15cm-5-91inch-silicone-ring-base-feeding-bowl-for-cat-and-puppy-dog-bowls\/\" \/>\n<meta property=\"og:site_name\" content=\"Shandong Vest International Trade Co., Ltd.\" \/>\n<meta property=\"article:modified_time\" content=\"2025-08-04T06:53:42+00:00\" \/>\n<meta property=\"og:image\" content=\"https:\/\/vestpetproducts.com\/wp-content\/uploads\/2025\/07\/5862a89d0cd4962e9bf90c21522695e.png\" \/>\n\t<meta property=\"og:image:width\" content=\"714\" \/>\n\t<meta property=\"og:image:height\" content=\"651\" \/>\n\t<meta property=\"og:image:type\" content=\"image\/png\" \/>\n<meta name=\"twitter:card\" content=\"summary_large_image\" \/>\n<meta name=\"twitter:label1\" content=\"Tiempo de lectura\" \/>\n\t<meta name=\"twitter:data1\" content=\"2 minutos\" \/>\n<script type=\"application\/ld+json\" class=\"yoast-schema-graph\">{\"@context\":\"https:\/\/schema.org\",\"@graph\":[{\"@type\":\"WebPage\",\"@id\":\"https:\/\/vestpetproducts.com\/product\/pet-products-stainless-steel-201-cat-feed-food-bowl-15cm-5-91inch-silicone-ring-base-feeding-bowl-for-cat-and-puppy-dog-bowls\/\",\"url\":\"https:\/\/vestpetproducts.com\/product\/pet-products-stainless-steel-201-cat-feed-food-bowl-15cm-5-91inch-silicone-ring-base-feeding-bowl-for-cat-and-puppy-dog-bowls\/\",\"name\":\"Pet Products Stainless Steel 201 Cat Feed Food Bowl 15cm 5.91inch Silicone Ring Base Feeding Bowl for Cat and Puppy Dog Bowls - Shandong Vest International Trade Co., Ltd.\",\"isPartOf\":{\"@id\":\"https:\/\/vestpetproducts.com\/#website\"},\"primaryImageOfPage\":{\"@id\":\"https:\/\/vestpetproducts.com\/product\/pet-products-stainless-steel-201-cat-feed-food-bowl-15cm-5-91inch-silicone-ring-base-feeding-bowl-for-cat-and-puppy-dog-bowls\/#primaryimage\"},\"image\":{\"@id\":\"https:\/\/vestpetproducts.com\/product\/pet-products-stainless-steel-201-cat-feed-food-bowl-15cm-5-91inch-silicone-ring-base-feeding-bowl-for-cat-and-puppy-dog-bowls\/#primaryimage\"},\"thumbnailUrl\":\"https:\/\/vestpetproducts.com\/wp-content\/uploads\/2025\/07\/5862a89d0cd4962e9bf90c21522695e.png\",\"datePublished\":\"2025-07-31T09:37:58+00:00\",\"dateModified\":\"2025-08-04T06:53:42+00:00\",\"breadcrumb\":{\"@id\":\"https:\/\/vestpetproducts.com\/product\/pet-products-stainless-steel-201-cat-feed-food-bowl-15cm-5-91inch-silicone-ring-base-feeding-bowl-for-cat-and-puppy-dog-bowls\/#breadcrumb\"},\"inLanguage\":\"es\",\"potentialAction\":[{\"@type\":\"ReadAction\",\"target\":[\"https:\/\/vestpetproducts.com\/product\/pet-products-stainless-steel-201-cat-feed-food-bowl-15cm-5-91inch-silicone-ring-base-feeding-bowl-for-cat-and-puppy-dog-bowls\/\"]}]},{\"@type\":\"ImageObject\",\"inLanguage\":\"es\",\"@id\":\"https:\/\/vestpetproducts.com\/product\/pet-products-stainless-steel-201-cat-feed-food-bowl-15cm-5-91inch-silicone-ring-base-feeding-bowl-for-cat-and-puppy-dog-bowls\/#primaryimage\",\"url\":\"https:\/\/vestpetproducts.com\/wp-content\/uploads\/2025\/07\/5862a89d0cd4962e9bf90c21522695e.png\",\"contentUrl\":\"https:\/\/vestpetproducts.com\/wp-content\/uploads\/2025\/07\/5862a89d0cd4962e9bf90c21522695e.png\",\"width\":\"714\",\"height\":\"651\"},{\"@type\":\"BreadcrumbList\",\"@id\":\"https:\/\/vestpetproducts.com\/product\/pet-products-stainless-steel-201-cat-feed-food-bowl-15cm-5-91inch-silicone-ring-base-feeding-bowl-for-cat-and-puppy-dog-bowls\/#breadcrumb\",\"itemListElement\":[{\"@type\":\"ListItem\",\"position\":1,\"name\":\"\u9996\u9875\",\"item\":\"https:\/\/vestpetproducts.com\/\"},{\"@type\":\"ListItem\",\"position\":2,\"name\":\"Product\",\"item\":\"https:\/\/vestpetproducts.com\/product\/\"},{\"@type\":\"ListItem\",\"position\":3,\"name\":\"Pet Products Stainless Steel 201 Cat Feed Food Bowl 15cm 5.91inch Silicone Ring Base Feeding Bowl for Cat and Puppy Dog Bowls\"}]},{\"@type\":\"WebSite\",\"@id\":\"https:\/\/vestpetproducts.com\/#website\",\"url\":\"https:\/\/vestpetproducts.com\/\",\"name\":\"Shandong Vest International Trade Co., Ltd.\",\"description\":\"Shandong Vest International Trade Co., Ltd.\",\"potentialAction\":[{\"@type\":\"SearchAction\",\"target\":{\"@type\":\"EntryPoint\",\"urlTemplate\":\"https:\/\/vestpetproducts.com\/?s={search_term_string}\"},\"query-input\":{\"@type\":\"PropertyValueSpecification\",\"valueRequired\":true,\"valueName\":\"search_term_string\"}}],\"inLanguage\":\"es\"}]}<\/script>\n<!-- \/ Yoast SEO plugin. -->","yoast_head_json":{"title":"Pet Products Stainless Steel 201 Cat Feed Food Bowl 15cm 5.91inch Silicone Ring Base Feeding Bowl for Cat and Puppy Dog Bowls - Shandong Vest International Trade Co., Ltd.","robots":{"index":"index","follow":"follow","max-snippet":"max-snippet:-1","max-image-preview":"max-image-preview:large","max-video-preview":"max-video-preview:-1"},"canonical":"https:\/\/vestpetproducts.com\/es\/producto\/pet-products-stainless-steel-201-cat-feed-food-bowl-15cm-5-91inch-silicone-ring-base-feeding-bowl-for-cat-and-puppy-dog-bowls\/","og_locale":"es_ES","og_type":"article","og_title":"Pet Products Stainless Steel 201 Cat Feed Food Bowl 15cm 5.91inch Silicone Ring Base Feeding Bowl for Cat and Puppy Dog Bowls - Shandong Vest International Trade Co., Ltd.","og_description":"Color\uff1aGreen Orange Grey  Selected Sturdy Valuable Stainless Steel: Premium-quality and BPA-Free material ensures cat bowl will not be deformed whether your cat or puppy bites or plays. Application of superb polishing technology keeps stainless steel cat bowls is produced clean with a longer product life cycle. Stainless steel cat bowls for food and water. Non-slip and Removable Rubber Base: The specially modulated rubber ring makes the cat dishes have strong friction, ensuring that cat food bowls for indoor cats will not tip over and keep stable when your kitten or puppy is eating. The rubber ring can be easily removed from the pet food bowl before cleaning. This cat food and water bowl set effectively reduce the noise and slipping during eating, also achieve effect of protecting home wooden floor from scratching.","og_url":"https:\/\/vestpetproducts.com\/es\/producto\/pet-products-stainless-steel-201-cat-feed-food-bowl-15cm-5-91inch-silicone-ring-base-feeding-bowl-for-cat-and-puppy-dog-bowls\/","og_site_name":"Shandong Vest International Trade Co., Ltd.","article_modified_time":"2025-08-04T06:53:42+00:00","og_image":[{"width":714,"height":651,"url":"https:\/\/vestpetproducts.com\/wp-content\/uploads\/2025\/07\/5862a89d0cd4962e9bf90c21522695e.png","type":"image\/png"}],"twitter_card":"summary_large_image","twitter_misc":{"Tiempo de lectura":"2 minutos"},"schema":{"@context":"https:\/\/schema.org","@graph":[{"@type":"WebPage","@id":"https:\/\/vestpetproducts.com\/product\/pet-products-stainless-steel-201-cat-feed-food-bowl-15cm-5-91inch-silicone-ring-base-feeding-bowl-for-cat-and-puppy-dog-bowls\/","url":"https:\/\/vestpetproducts.com\/product\/pet-products-stainless-steel-201-cat-feed-food-bowl-15cm-5-91inch-silicone-ring-base-feeding-bowl-for-cat-and-puppy-dog-bowls\/","name":"Pet Products Stainless Steel 201 Cat Feed Food Bowl 15cm 5.91inch Silicone Ring Base Feeding Bowl for Cat and Puppy Dog Bowls - Shandong Vest International Trade Co., Ltd.","isPartOf":{"@id":"https:\/\/vestpetproducts.com\/#website"},"primaryImageOfPage":{"@id":"https:\/\/vestpetproducts.com\/product\/pet-products-stainless-steel-201-cat-feed-food-bowl-15cm-5-91inch-silicone-ring-base-feeding-bowl-for-cat-and-puppy-dog-bowls\/#primaryimage"},"image":{"@id":"https:\/\/vestpetproducts.com\/product\/pet-products-stainless-steel-201-cat-feed-food-bowl-15cm-5-91inch-silicone-ring-base-feeding-bowl-for-cat-and-puppy-dog-bowls\/#primaryimage"},"thumbnailUrl":"https:\/\/vestpetproducts.com\/wp-content\/uploads\/2025\/07\/5862a89d0cd4962e9bf90c21522695e.png","datePublished":"2025-07-31T09:37:58+00:00","dateModified":"2025-08-04T06:53:42+00:00","breadcrumb":{"@id":"https:\/\/vestpetproducts.com\/product\/pet-products-stainless-steel-201-cat-feed-food-bowl-15cm-5-91inch-silicone-ring-base-feeding-bowl-for-cat-and-puppy-dog-bowls\/#breadcrumb"},"inLanguage":"es","potentialAction":[{"@type":"ReadAction","target":["https:\/\/vestpetproducts.com\/product\/pet-products-stainless-steel-201-cat-feed-food-bowl-15cm-5-91inch-silicone-ring-base-feeding-bowl-for-cat-and-puppy-dog-bowls\/"]}]},{"@type":"ImageObject","inLanguage":"es","@id":"https:\/\/vestpetproducts.com\/product\/pet-products-stainless-steel-201-cat-feed-food-bowl-15cm-5-91inch-silicone-ring-base-feeding-bowl-for-cat-and-puppy-dog-bowls\/#primaryimage","url":"https:\/\/vestpetproducts.com\/wp-content\/uploads\/2025\/07\/5862a89d0cd4962e9bf90c21522695e.png","contentUrl":"https:\/\/vestpetproducts.com\/wp-content\/uploads\/2025\/07\/5862a89d0cd4962e9bf90c21522695e.png","width":"714","height":"651"},{"@type":"BreadcrumbList","@id":"https:\/\/vestpetproducts.com\/product\/pet-products-stainless-steel-201-cat-feed-food-bowl-15cm-5-91inch-silicone-ring-base-feeding-bowl-for-cat-and-puppy-dog-bowls\/#breadcrumb","itemListElement":[{"@type":"ListItem","position":1,"name":"\u9996\u9875","item":"https:\/\/vestpetproducts.com\/"},{"@type":"ListItem","position":2,"name":"Product","item":"https:\/\/vestpetproducts.com\/product\/"},{"@type":"ListItem","position":3,"name":"Pet Products Stainless Steel 201 Cat Feed Food Bowl 15cm 5.91inch Silicone Ring Base Feeding Bowl for Cat and Puppy Dog Bowls"}]},{"@type":"WebSite","@id":"https:\/\/vestpetproducts.com\/#website","url":"https:\/\/vestpetproducts.com\/","name":"Shandong Vest International Trade Co., Ltd.","description":"Shandong Vest International Trade Co., Ltd.","potentialAction":[{"@type":"SearchAction","target":{"@type":"EntryPoint","urlTemplate":"https:\/\/vestpetproducts.com\/?s={search_term_string}"},"query-input":{"@type":"PropertyValueSpecification","valueRequired":true,"valueName":"search_term_string"}}],"inLanguage":"es"}]}},"_links":{"self":[{"href":"https:\/\/vestpetproducts.com\/es\/wp-json\/wp\/v2\/product\/1804","targetHints":{"allow":["GET"]}}],"collection":[{"href":"https:\/\/vestpetproducts.com\/es\/wp-json\/wp\/v2\/product"}],"about":[{"href":"https:\/\/vestpetproducts.com\/es\/wp-json\/wp\/v2\/types\/product"}],"wp:featuredmedia":[{"embeddable":true,"href":"https:\/\/vestpetproducts.com\/es\/wp-json\/wp\/v2\/media\/1805"}],"wp:attachment":[{"href":"https:\/\/vestpetproducts.com\/es\/wp-json\/wp\/v2\/media?parent=1804"}],"wp:term":[{"taxonomy":"product_brand","embeddable":true,"href":"https:\/\/vestpetproducts.com\/es\/wp-json\/wp\/v2\/product_brand?post=1804"},{"taxonomy":"product_cat","embeddable":true,"href":"https:\/\/vestpetproducts.com\/es\/wp-json\/wp\/v2\/product_cat?post=1804"},{"taxonomy":"product_tag","embeddable":true,"href":"https:\/\/vestpetproducts.com\/es\/wp-json\/wp\/v2\/product_tag?post=1804"}],"curies":[{"name":"wp","href":"https:\/\/api.w.org\/{rel}","templated":true}]}}