{"id":1746,"date":"2025-07-29T08:02:50","date_gmt":"2025-07-29T08:02:50","guid":{"rendered":"https:\/\/vestpetproducts.com\/?post_type=product&#038;p=1746"},"modified":"2025-08-04T07:13:47","modified_gmt":"2025-08-04T07:13:47","slug":"custom-flower-design-manufacturer-wholesale-cat-tree","status":"publish","type":"product","link":"https:\/\/vestpetproducts.com\/es\/producto\/custom-flower-design-manufacturer-wholesale-cat-tree\/","title":{"rendered":"\u00c1rbol para gatos al por mayor con dise\u00f1o de flores personalizado"},"content":{"rendered":"<p><img loading=\"lazy\" decoding=\"async\" class=\"aligncenter size-full wp-image-1751\" src=\"http:\/\/vestpetproducts.com\/wp-content\/uploads\/2025\/07\/imgi_48_O1CN01FrmKmB1Opq7Hp1d7R_2215982401755-0-cib.jpg_8b3ea9ea92512d73_fixed-1.jpg\" alt=\"\" width=\"1000\" height=\"1838\" srcset=\"https:\/\/vestpetproducts.com\/wp-content\/uploads\/2025\/07\/imgi_48_O1CN01FrmKmB1Opq7Hp1d7R_2215982401755-0-cib.jpg_8b3ea9ea92512d73_fixed-1.jpg 1000w, https:\/\/vestpetproducts.com\/wp-content\/uploads\/2025\/07\/imgi_48_O1CN01FrmKmB1Opq7Hp1d7R_2215982401755-0-cib.jpg_8b3ea9ea92512d73_fixed-1-272x500.jpg 272w, https:\/\/vestpetproducts.com\/wp-content\/uploads\/2025\/07\/imgi_48_O1CN01FrmKmB1Opq7Hp1d7R_2215982401755-0-cib.jpg_8b3ea9ea92512d73_fixed-1-653x1200.jpg 653w, https:\/\/vestpetproducts.com\/wp-content\/uploads\/2025\/07\/imgi_48_O1CN01FrmKmB1Opq7Hp1d7R_2215982401755-0-cib.jpg_8b3ea9ea92512d73_fixed-1-163x300.jpg 163w, https:\/\/vestpetproducts.com\/wp-content\/uploads\/2025\/07\/imgi_48_O1CN01FrmKmB1Opq7Hp1d7R_2215982401755-0-cib.jpg_8b3ea9ea92512d73_fixed-1-768x1412.jpg 768w, https:\/\/vestpetproducts.com\/wp-content\/uploads\/2025\/07\/imgi_48_O1CN01FrmKmB1Opq7Hp1d7R_2215982401755-0-cib.jpg_8b3ea9ea92512d73_fixed-1-836x1536.jpg 836w, https:\/\/vestpetproducts.com\/wp-content\/uploads\/2025\/07\/imgi_48_O1CN01FrmKmB1Opq7Hp1d7R_2215982401755-0-cib.jpg_8b3ea9ea92512d73_fixed-1-7x12.jpg 7w, https:\/\/vestpetproducts.com\/wp-content\/uploads\/2025\/07\/imgi_48_O1CN01FrmKmB1Opq7Hp1d7R_2215982401755-0-cib.jpg_8b3ea9ea92512d73_fixed-1-41x75.jpg 41w, https:\/\/vestpetproducts.com\/wp-content\/uploads\/2025\/07\/imgi_48_O1CN01FrmKmB1Opq7Hp1d7R_2215982401755-0-cib.jpg_8b3ea9ea92512d73_fixed-1-480x882.jpg 480w, https:\/\/vestpetproducts.com\/wp-content\/uploads\/2025\/07\/imgi_48_O1CN01FrmKmB1Opq7Hp1d7R_2215982401755-0-cib.jpg_8b3ea9ea92512d73_fixed-1-800x1470.jpg 800w\" sizes=\"auto, (max-width:767px) 480px, (max-width:1000px) 100vw, 1000px\" \/> <img loading=\"lazy\" decoding=\"async\" class=\"aligncenter size-full wp-image-1752\" src=\"http:\/\/vestpetproducts.com\/wp-content\/uploads\/2025\/07\/imgi_49_O1CN01dV5hU91Opq7GSa8XE_2215982401755-0-cib.jpg_a0de26651af0fc07_fixed.jpg\" alt=\"\" width=\"1000\" height=\"1034\" srcset=\"https:\/\/vestpetproducts.com\/wp-content\/uploads\/2025\/07\/imgi_49_O1CN01dV5hU91Opq7GSa8XE_2215982401755-0-cib.jpg_a0de26651af0fc07_fixed.jpg 1000w, https:\/\/vestpetproducts.com\/wp-content\/uploads\/2025\/07\/imgi_49_O1CN01dV5hU91Opq7GSa8XE_2215982401755-0-cib.jpg_a0de26651af0fc07_fixed-484x500.jpg 484w, https:\/\/vestpetproducts.com\/wp-content\/uploads\/2025\/07\/imgi_49_O1CN01dV5hU91Opq7GSa8XE_2215982401755-0-cib.jpg_a0de26651af0fc07_fixed-290x300.jpg 290w, https:\/\/vestpetproducts.com\/wp-content\/uploads\/2025\/07\/imgi_49_O1CN01dV5hU91Opq7GSa8XE_2215982401755-0-cib.jpg_a0de26651af0fc07_fixed-768x794.jpg 768w, https:\/\/vestpetproducts.com\/wp-content\/uploads\/2025\/07\/imgi_49_O1CN01dV5hU91Opq7GSa8XE_2215982401755-0-cib.jpg_a0de26651af0fc07_fixed-12x12.jpg 12w, https:\/\/vestpetproducts.com\/wp-content\/uploads\/2025\/07\/imgi_49_O1CN01dV5hU91Opq7GSa8XE_2215982401755-0-cib.jpg_a0de26651af0fc07_fixed-73x75.jpg 73w, https:\/\/vestpetproducts.com\/wp-content\/uploads\/2025\/07\/imgi_49_O1CN01dV5hU91Opq7GSa8XE_2215982401755-0-cib.jpg_a0de26651af0fc07_fixed-480x496.jpg 480w, https:\/\/vestpetproducts.com\/wp-content\/uploads\/2025\/07\/imgi_49_O1CN01dV5hU91Opq7GSa8XE_2215982401755-0-cib.jpg_a0de26651af0fc07_fixed-800x827.jpg 800w\" sizes=\"auto, (max-width:767px) 480px, (max-width:1000px) 100vw, 1000px\" \/> <img loading=\"lazy\" decoding=\"async\" class=\"aligncenter size-full wp-image-1753\" src=\"http:\/\/vestpetproducts.com\/wp-content\/uploads\/2025\/07\/imgi_51_O1CN01nVGvs01Opq7IUS3yo_2215982401755-0-cib.jpg_da856597961972af_fixed.jpg\" alt=\"\" width=\"1000\" height=\"1568\" srcset=\"https:\/\/vestpetproducts.com\/wp-content\/uploads\/2025\/07\/imgi_51_O1CN01nVGvs01Opq7IUS3yo_2215982401755-0-cib.jpg_da856597961972af_fixed.jpg 1000w, https:\/\/vestpetproducts.com\/wp-content\/uploads\/2025\/07\/imgi_51_O1CN01nVGvs01Opq7IUS3yo_2215982401755-0-cib.jpg_da856597961972af_fixed-319x500.jpg 319w, https:\/\/vestpetproducts.com\/wp-content\/uploads\/2025\/07\/imgi_51_O1CN01nVGvs01Opq7IUS3yo_2215982401755-0-cib.jpg_da856597961972af_fixed-765x1200.jpg 765w, https:\/\/vestpetproducts.com\/wp-content\/uploads\/2025\/07\/imgi_51_O1CN01nVGvs01Opq7IUS3yo_2215982401755-0-cib.jpg_da856597961972af_fixed-191x300.jpg 191w, https:\/\/vestpetproducts.com\/wp-content\/uploads\/2025\/07\/imgi_51_O1CN01nVGvs01Opq7IUS3yo_2215982401755-0-cib.jpg_da856597961972af_fixed-768x1204.jpg 768w, https:\/\/vestpetproducts.com\/wp-content\/uploads\/2025\/07\/imgi_51_O1CN01nVGvs01Opq7IUS3yo_2215982401755-0-cib.jpg_da856597961972af_fixed-980x1536.jpg 980w, https:\/\/vestpetproducts.com\/wp-content\/uploads\/2025\/07\/imgi_51_O1CN01nVGvs01Opq7IUS3yo_2215982401755-0-cib.jpg_da856597961972af_fixed-8x12.jpg 8w, https:\/\/vestpetproducts.com\/wp-content\/uploads\/2025\/07\/imgi_51_O1CN01nVGvs01Opq7IUS3yo_2215982401755-0-cib.jpg_da856597961972af_fixed-48x75.jpg 48w, https:\/\/vestpetproducts.com\/wp-content\/uploads\/2025\/07\/imgi_51_O1CN01nVGvs01Opq7IUS3yo_2215982401755-0-cib.jpg_da856597961972af_fixed-480x753.jpg 480w, https:\/\/vestpetproducts.com\/wp-content\/uploads\/2025\/07\/imgi_51_O1CN01nVGvs01Opq7IUS3yo_2215982401755-0-cib.jpg_da856597961972af_fixed-800x1254.jpg 800w\" sizes=\"auto, (max-width:767px) 480px, (max-width:1000px) 100vw, 1000px\" \/> <img loading=\"lazy\" decoding=\"async\" class=\"aligncenter size-full wp-image-1754\" src=\"http:\/\/vestpetproducts.com\/wp-content\/uploads\/2025\/07\/imgi_52_O1CN01rg7obG1Opq7FD77uH_2215982401755-0-cib.jpg_512db5ff9751c345_fixed.jpg\" alt=\"\" width=\"1000\" height=\"1573\" srcset=\"https:\/\/vestpetproducts.com\/wp-content\/uploads\/2025\/07\/imgi_52_O1CN01rg7obG1Opq7FD77uH_2215982401755-0-cib.jpg_512db5ff9751c345_fixed.jpg 1000w, https:\/\/vestpetproducts.com\/wp-content\/uploads\/2025\/07\/imgi_52_O1CN01rg7obG1Opq7FD77uH_2215982401755-0-cib.jpg_512db5ff9751c345_fixed-318x500.jpg 318w, https:\/\/vestpetproducts.com\/wp-content\/uploads\/2025\/07\/imgi_52_O1CN01rg7obG1Opq7FD77uH_2215982401755-0-cib.jpg_512db5ff9751c345_fixed-763x1200.jpg 763w, https:\/\/vestpetproducts.com\/wp-content\/uploads\/2025\/07\/imgi_52_O1CN01rg7obG1Opq7FD77uH_2215982401755-0-cib.jpg_512db5ff9751c345_fixed-191x300.jpg 191w, https:\/\/vestpetproducts.com\/wp-content\/uploads\/2025\/07\/imgi_52_O1CN01rg7obG1Opq7FD77uH_2215982401755-0-cib.jpg_512db5ff9751c345_fixed-768x1208.jpg 768w, https:\/\/vestpetproducts.com\/wp-content\/uploads\/2025\/07\/imgi_52_O1CN01rg7obG1Opq7FD77uH_2215982401755-0-cib.jpg_512db5ff9751c345_fixed-976x1536.jpg 976w, https:\/\/vestpetproducts.com\/wp-content\/uploads\/2025\/07\/imgi_52_O1CN01rg7obG1Opq7FD77uH_2215982401755-0-cib.jpg_512db5ff9751c345_fixed-8x12.jpg 8w, https:\/\/vestpetproducts.com\/wp-content\/uploads\/2025\/07\/imgi_52_O1CN01rg7obG1Opq7FD77uH_2215982401755-0-cib.jpg_512db5ff9751c345_fixed-48x75.jpg 48w, https:\/\/vestpetproducts.com\/wp-content\/uploads\/2025\/07\/imgi_52_O1CN01rg7obG1Opq7FD77uH_2215982401755-0-cib.jpg_512db5ff9751c345_fixed-480x755.jpg 480w, https:\/\/vestpetproducts.com\/wp-content\/uploads\/2025\/07\/imgi_52_O1CN01rg7obG1Opq7FD77uH_2215982401755-0-cib.jpg_512db5ff9751c345_fixed-800x1258.jpg 800w\" sizes=\"auto, (max-width:767px) 480px, (max-width:1000px) 100vw, 1000px\" \/> <img loading=\"lazy\" decoding=\"async\" class=\"aligncenter size-full wp-image-1755\" src=\"http:\/\/vestpetproducts.com\/wp-content\/uploads\/2025\/07\/imgi_54_O1CN014pBCu21Opq7Gqxbqn_2215982401755-0-cib.jpg_1938ad4fe1ab014e_fixed.jpg\" alt=\"\" width=\"1000\" height=\"2048\" srcset=\"https:\/\/vestpetproducts.com\/wp-content\/uploads\/2025\/07\/imgi_54_O1CN014pBCu21Opq7Gqxbqn_2215982401755-0-cib.jpg_1938ad4fe1ab014e_fixed.jpg 1000w, https:\/\/vestpetproducts.com\/wp-content\/uploads\/2025\/07\/imgi_54_O1CN014pBCu21Opq7Gqxbqn_2215982401755-0-cib.jpg_1938ad4fe1ab014e_fixed-244x500.jpg 244w, https:\/\/vestpetproducts.com\/wp-content\/uploads\/2025\/07\/imgi_54_O1CN014pBCu21Opq7Gqxbqn_2215982401755-0-cib.jpg_1938ad4fe1ab014e_fixed-586x1200.jpg 586w, https:\/\/vestpetproducts.com\/wp-content\/uploads\/2025\/07\/imgi_54_O1CN014pBCu21Opq7Gqxbqn_2215982401755-0-cib.jpg_1938ad4fe1ab014e_fixed-146x300.jpg 146w, https:\/\/vestpetproducts.com\/wp-content\/uploads\/2025\/07\/imgi_54_O1CN014pBCu21Opq7Gqxbqn_2215982401755-0-cib.jpg_1938ad4fe1ab014e_fixed-768x1573.jpg 768w, https:\/\/vestpetproducts.com\/wp-content\/uploads\/2025\/07\/imgi_54_O1CN014pBCu21Opq7Gqxbqn_2215982401755-0-cib.jpg_1938ad4fe1ab014e_fixed-750x1536.jpg 750w, https:\/\/vestpetproducts.com\/wp-content\/uploads\/2025\/07\/imgi_54_O1CN014pBCu21Opq7Gqxbqn_2215982401755-0-cib.jpg_1938ad4fe1ab014e_fixed-6x12.jpg 6w, https:\/\/vestpetproducts.com\/wp-content\/uploads\/2025\/07\/imgi_54_O1CN014pBCu21Opq7Gqxbqn_2215982401755-0-cib.jpg_1938ad4fe1ab014e_fixed-37x75.jpg 37w, https:\/\/vestpetproducts.com\/wp-content\/uploads\/2025\/07\/imgi_54_O1CN014pBCu21Opq7Gqxbqn_2215982401755-0-cib.jpg_1938ad4fe1ab014e_fixed-469x960.jpg 469w, https:\/\/vestpetproducts.com\/wp-content\/uploads\/2025\/07\/imgi_54_O1CN014pBCu21Opq7Gqxbqn_2215982401755-0-cib.jpg_1938ad4fe1ab014e_fixed-800x1638.jpg 800w\" sizes=\"auto, (max-width:767px) 480px, (max-width:1000px) 100vw, 1000px\" \/><\/p>","protected":false},"excerpt":{"rendered":"<p>Plataforma superior: satisface la naturaleza activa de los gatos.<br \/>\nDise\u00f1o de expresi\u00f3n facial divertido: las expresiones lindas agregan diversi\u00f3n a tu hogar.<br \/>\nDise\u00f1o de cuerda de c\u00e1\u00f1amo: Cuerda de c\u00e1\u00f1amo resistente al desgaste y a los ara\u00f1azos para que los gatos afilen sus garras.<br \/>\nBase estable: la base engrosada es estable y no se vuelca, lo que garantiza la seguridad.<\/p>","protected":false},"featured_media":1747,"template":"","meta":{"content-type":""},"product_brand":[],"product_cat":[120],"product_tag":[],"class_list":{"0":"post-1746","1":"product","2":"type-product","3":"status-publish","4":"has-post-thumbnail","6":"product_cat-pet-cat-trees","8":"first","9":"instock","10":"shipping-taxable","11":"product-type-simple"},"yoast_head":"<!-- This site is optimized with the Yoast SEO plugin v24.9 - https:\/\/yoast.com\/wordpress\/plugins\/seo\/ -->\n<title>Custom Flower Design Manufacturer Wholesale Cat Tree - Shandong Vest International Trade Co., Ltd.<\/title>\n<meta name=\"robots\" content=\"index, follow, max-snippet:-1, max-image-preview:large, max-video-preview:-1\" \/>\n<link rel=\"canonical\" href=\"https:\/\/vestpetproducts.com\/es\/producto\/custom-flower-design-manufacturer-wholesale-cat-tree\/\" \/>\n<meta property=\"og:locale\" content=\"es_ES\" \/>\n<meta property=\"og:type\" content=\"article\" \/>\n<meta property=\"og:title\" content=\"Custom Flower Design Manufacturer Wholesale Cat Tree - Shandong Vest International Trade Co., Ltd.\" \/>\n<meta property=\"og:description\" content=\"Top platform: Satisfies cats&#039; active nature Funny facial expression design: Cute expressions add fun to your home Hemp rope design: Wear-resistant and scratch-resistant hemp rope for cats to sharpen their claws Stable base: Thickened base is stable and won&#039;t tip over, ensuring safety\" \/>\n<meta property=\"og:url\" content=\"https:\/\/vestpetproducts.com\/es\/producto\/custom-flower-design-manufacturer-wholesale-cat-tree\/\" \/>\n<meta property=\"og:site_name\" content=\"Shandong Vest International Trade Co., Ltd.\" \/>\n<meta property=\"article:modified_time\" content=\"2025-08-04T07:13:47+00:00\" \/>\n<meta property=\"og:image\" content=\"https:\/\/vestpetproducts.com\/wp-content\/uploads\/2025\/07\/O1CN019jhlbG1Opq7oyrV9n_2215982401755-0-cib.jpg_208e6dae3b191e69_fixed_\u526f\u672c.jpg\" \/>\n\t<meta property=\"og:image:width\" content=\"1000\" \/>\n\t<meta property=\"og:image:height\" content=\"1000\" \/>\n\t<meta property=\"og:image:type\" content=\"image\/jpeg\" \/>\n<meta name=\"twitter:card\" content=\"summary_large_image\" \/>\n<meta name=\"twitter:label1\" content=\"Tiempo de lectura\" \/>\n\t<meta name=\"twitter:data1\" content=\"2 minutos\" \/>\n<script type=\"application\/ld+json\" class=\"yoast-schema-graph\">{\"@context\":\"https:\/\/schema.org\",\"@graph\":[{\"@type\":\"WebPage\",\"@id\":\"https:\/\/vestpetproducts.com\/product\/custom-flower-design-manufacturer-wholesale-cat-tree\/\",\"url\":\"https:\/\/vestpetproducts.com\/product\/custom-flower-design-manufacturer-wholesale-cat-tree\/\",\"name\":\"Custom Flower Design Manufacturer Wholesale Cat Tree - Shandong Vest International Trade Co., Ltd.\",\"isPartOf\":{\"@id\":\"https:\/\/vestpetproducts.com\/#website\"},\"primaryImageOfPage\":{\"@id\":\"https:\/\/vestpetproducts.com\/product\/custom-flower-design-manufacturer-wholesale-cat-tree\/#primaryimage\"},\"image\":{\"@id\":\"https:\/\/vestpetproducts.com\/product\/custom-flower-design-manufacturer-wholesale-cat-tree\/#primaryimage\"},\"thumbnailUrl\":\"https:\/\/vestpetproducts.com\/wp-content\/uploads\/2025\/07\/O1CN019jhlbG1Opq7oyrV9n_2215982401755-0-cib.jpg_208e6dae3b191e69_fixed_\u526f\u672c.jpg\",\"datePublished\":\"2025-07-29T08:02:50+00:00\",\"dateModified\":\"2025-08-04T07:13:47+00:00\",\"breadcrumb\":{\"@id\":\"https:\/\/vestpetproducts.com\/product\/custom-flower-design-manufacturer-wholesale-cat-tree\/#breadcrumb\"},\"inLanguage\":\"es\",\"potentialAction\":[{\"@type\":\"ReadAction\",\"target\":[\"https:\/\/vestpetproducts.com\/product\/custom-flower-design-manufacturer-wholesale-cat-tree\/\"]}]},{\"@type\":\"ImageObject\",\"inLanguage\":\"es\",\"@id\":\"https:\/\/vestpetproducts.com\/product\/custom-flower-design-manufacturer-wholesale-cat-tree\/#primaryimage\",\"url\":\"https:\/\/vestpetproducts.com\/wp-content\/uploads\/2025\/07\/O1CN019jhlbG1Opq7oyrV9n_2215982401755-0-cib.jpg_208e6dae3b191e69_fixed_\u526f\u672c.jpg\",\"contentUrl\":\"https:\/\/vestpetproducts.com\/wp-content\/uploads\/2025\/07\/O1CN019jhlbG1Opq7oyrV9n_2215982401755-0-cib.jpg_208e6dae3b191e69_fixed_\u526f\u672c.jpg\",\"width\":1000,\"height\":1000},{\"@type\":\"BreadcrumbList\",\"@id\":\"https:\/\/vestpetproducts.com\/product\/custom-flower-design-manufacturer-wholesale-cat-tree\/#breadcrumb\",\"itemListElement\":[{\"@type\":\"ListItem\",\"position\":1,\"name\":\"\u9996\u9875\",\"item\":\"https:\/\/vestpetproducts.com\/\"},{\"@type\":\"ListItem\",\"position\":2,\"name\":\"Product\",\"item\":\"https:\/\/vestpetproducts.com\/product\/\"},{\"@type\":\"ListItem\",\"position\":3,\"name\":\"Custom Flower Design Manufacturer Wholesale Cat Tree\"}]},{\"@type\":\"WebSite\",\"@id\":\"https:\/\/vestpetproducts.com\/#website\",\"url\":\"https:\/\/vestpetproducts.com\/\",\"name\":\"Shandong Vest International Trade Co., Ltd.\",\"description\":\"Shandong Vest International Trade Co., Ltd.\",\"potentialAction\":[{\"@type\":\"SearchAction\",\"target\":{\"@type\":\"EntryPoint\",\"urlTemplate\":\"https:\/\/vestpetproducts.com\/?s={search_term_string}\"},\"query-input\":{\"@type\":\"PropertyValueSpecification\",\"valueRequired\":true,\"valueName\":\"search_term_string\"}}],\"inLanguage\":\"es\"}]}<\/script>\n<!-- \/ Yoast SEO plugin. -->","yoast_head_json":{"title":"Custom Flower Design Manufacturer Wholesale Cat Tree - Shandong Vest International Trade Co., Ltd.","robots":{"index":"index","follow":"follow","max-snippet":"max-snippet:-1","max-image-preview":"max-image-preview:large","max-video-preview":"max-video-preview:-1"},"canonical":"https:\/\/vestpetproducts.com\/es\/producto\/custom-flower-design-manufacturer-wholesale-cat-tree\/","og_locale":"es_ES","og_type":"article","og_title":"Custom Flower Design Manufacturer Wholesale Cat Tree - Shandong Vest International Trade Co., Ltd.","og_description":"Top platform: Satisfies cats' active nature Funny facial expression design: Cute expressions add fun to your home Hemp rope design: Wear-resistant and scratch-resistant hemp rope for cats to sharpen their claws Stable base: Thickened base is stable and won't tip over, ensuring safety","og_url":"https:\/\/vestpetproducts.com\/es\/producto\/custom-flower-design-manufacturer-wholesale-cat-tree\/","og_site_name":"Shandong Vest International Trade Co., Ltd.","article_modified_time":"2025-08-04T07:13:47+00:00","og_image":[{"width":1000,"height":1000,"url":"https:\/\/vestpetproducts.com\/wp-content\/uploads\/2025\/07\/O1CN019jhlbG1Opq7oyrV9n_2215982401755-0-cib.jpg_208e6dae3b191e69_fixed_\u526f\u672c.jpg","type":"image\/jpeg"}],"twitter_card":"summary_large_image","twitter_misc":{"Tiempo de lectura":"2 minutos"},"schema":{"@context":"https:\/\/schema.org","@graph":[{"@type":"WebPage","@id":"https:\/\/vestpetproducts.com\/product\/custom-flower-design-manufacturer-wholesale-cat-tree\/","url":"https:\/\/vestpetproducts.com\/product\/custom-flower-design-manufacturer-wholesale-cat-tree\/","name":"Custom Flower Design Manufacturer Wholesale Cat Tree - Shandong Vest International Trade Co., Ltd.","isPartOf":{"@id":"https:\/\/vestpetproducts.com\/#website"},"primaryImageOfPage":{"@id":"https:\/\/vestpetproducts.com\/product\/custom-flower-design-manufacturer-wholesale-cat-tree\/#primaryimage"},"image":{"@id":"https:\/\/vestpetproducts.com\/product\/custom-flower-design-manufacturer-wholesale-cat-tree\/#primaryimage"},"thumbnailUrl":"https:\/\/vestpetproducts.com\/wp-content\/uploads\/2025\/07\/O1CN019jhlbG1Opq7oyrV9n_2215982401755-0-cib.jpg_208e6dae3b191e69_fixed_\u526f\u672c.jpg","datePublished":"2025-07-29T08:02:50+00:00","dateModified":"2025-08-04T07:13:47+00:00","breadcrumb":{"@id":"https:\/\/vestpetproducts.com\/product\/custom-flower-design-manufacturer-wholesale-cat-tree\/#breadcrumb"},"inLanguage":"es","potentialAction":[{"@type":"ReadAction","target":["https:\/\/vestpetproducts.com\/product\/custom-flower-design-manufacturer-wholesale-cat-tree\/"]}]},{"@type":"ImageObject","inLanguage":"es","@id":"https:\/\/vestpetproducts.com\/product\/custom-flower-design-manufacturer-wholesale-cat-tree\/#primaryimage","url":"https:\/\/vestpetproducts.com\/wp-content\/uploads\/2025\/07\/O1CN019jhlbG1Opq7oyrV9n_2215982401755-0-cib.jpg_208e6dae3b191e69_fixed_\u526f\u672c.jpg","contentUrl":"https:\/\/vestpetproducts.com\/wp-content\/uploads\/2025\/07\/O1CN019jhlbG1Opq7oyrV9n_2215982401755-0-cib.jpg_208e6dae3b191e69_fixed_\u526f\u672c.jpg","width":1000,"height":1000},{"@type":"BreadcrumbList","@id":"https:\/\/vestpetproducts.com\/product\/custom-flower-design-manufacturer-wholesale-cat-tree\/#breadcrumb","itemListElement":[{"@type":"ListItem","position":1,"name":"\u9996\u9875","item":"https:\/\/vestpetproducts.com\/"},{"@type":"ListItem","position":2,"name":"Product","item":"https:\/\/vestpetproducts.com\/product\/"},{"@type":"ListItem","position":3,"name":"Custom Flower Design Manufacturer Wholesale Cat Tree"}]},{"@type":"WebSite","@id":"https:\/\/vestpetproducts.com\/#website","url":"https:\/\/vestpetproducts.com\/","name":"Shandong Vest International Trade Co., Ltd.","description":"Shandong Vest International Trade Co., Ltd.","potentialAction":[{"@type":"SearchAction","target":{"@type":"EntryPoint","urlTemplate":"https:\/\/vestpetproducts.com\/?s={search_term_string}"},"query-input":{"@type":"PropertyValueSpecification","valueRequired":true,"valueName":"search_term_string"}}],"inLanguage":"es"}]}},"_links":{"self":[{"href":"https:\/\/vestpetproducts.com\/es\/wp-json\/wp\/v2\/product\/1746","targetHints":{"allow":["GET"]}}],"collection":[{"href":"https:\/\/vestpetproducts.com\/es\/wp-json\/wp\/v2\/product"}],"about":[{"href":"https:\/\/vestpetproducts.com\/es\/wp-json\/wp\/v2\/types\/product"}],"wp:featuredmedia":[{"embeddable":true,"href":"https:\/\/vestpetproducts.com\/es\/wp-json\/wp\/v2\/media\/1747"}],"wp:attachment":[{"href":"https:\/\/vestpetproducts.com\/es\/wp-json\/wp\/v2\/media?parent=1746"}],"wp:term":[{"taxonomy":"product_brand","embeddable":true,"href":"https:\/\/vestpetproducts.com\/es\/wp-json\/wp\/v2\/product_brand?post=1746"},{"taxonomy":"product_cat","embeddable":true,"href":"https:\/\/vestpetproducts.com\/es\/wp-json\/wp\/v2\/product_cat?post=1746"},{"taxonomy":"product_tag","embeddable":true,"href":"https:\/\/vestpetproducts.com\/es\/wp-json\/wp\/v2\/product_tag?post=1746"}],"curies":[{"name":"wp","href":"https:\/\/api.w.org\/{rel}","templated":true}]}}