{"id":1600,"date":"2025-07-24T08:51:54","date_gmt":"2025-07-24T08:51:54","guid":{"rendered":"https:\/\/vestpetproducts.com\/?post_type=product&#038;p=1600"},"modified":"2025-08-05T00:52:51","modified_gmt":"2025-08-05T00:52:51","slug":"rechargeable-wireless-oem-low-noise-cat-claw-grooming-scissors-with-led-light-display","status":"publish","type":"product","link":"https:\/\/vestpetproducts.com\/es\/producto\/rechargeable-wireless-oem-low-noise-cat-claw-grooming-scissors-with-led-light-display\/","title":{"rendered":"Tijeras de aseo para gatos recargables, inal\u00e1mbricas y de bajo ruido, con pantalla LED."},"content":{"rendered":"<p><img loading=\"lazy\" decoding=\"async\" class=\"aligncenter size-full wp-image-1608\" src=\"http:\/\/vestpetproducts.com\/wp-content\/uploads\/2025\/07\/O1CN01SMFHcc2Hxu08y5k8b_2504059218-0-cib.jpg\" alt=\"\" width=\"790\" height=\"1470\" srcset=\"https:\/\/vestpetproducts.com\/wp-content\/uploads\/2025\/07\/O1CN01SMFHcc2Hxu08y5k8b_2504059218-0-cib.jpg 790w, https:\/\/vestpetproducts.com\/wp-content\/uploads\/2025\/07\/O1CN01SMFHcc2Hxu08y5k8b_2504059218-0-cib-269x500.jpg 269w, https:\/\/vestpetproducts.com\/wp-content\/uploads\/2025\/07\/O1CN01SMFHcc2Hxu08y5k8b_2504059218-0-cib-645x1200.jpg 645w, https:\/\/vestpetproducts.com\/wp-content\/uploads\/2025\/07\/O1CN01SMFHcc2Hxu08y5k8b_2504059218-0-cib-161x300.jpg 161w, https:\/\/vestpetproducts.com\/wp-content\/uploads\/2025\/07\/O1CN01SMFHcc2Hxu08y5k8b_2504059218-0-cib-768x1429.jpg 768w, https:\/\/vestpetproducts.com\/wp-content\/uploads\/2025\/07\/O1CN01SMFHcc2Hxu08y5k8b_2504059218-0-cib-6x12.jpg 6w, https:\/\/vestpetproducts.com\/wp-content\/uploads\/2025\/07\/O1CN01SMFHcc2Hxu08y5k8b_2504059218-0-cib-40x75.jpg 40w, https:\/\/vestpetproducts.com\/wp-content\/uploads\/2025\/07\/O1CN01SMFHcc2Hxu08y5k8b_2504059218-0-cib-480x893.jpg 480w\" sizes=\"auto, (max-width:767px) 480px, (max-width:790px) 100vw, 790px\" \/> <img loading=\"lazy\" decoding=\"async\" class=\"aligncenter size-full wp-image-1609\" src=\"http:\/\/vestpetproducts.com\/wp-content\/uploads\/2025\/07\/O1CN01trntjZ2Hxu08zgMRn_2504059218-0-cib.jpg\" alt=\"\" width=\"790\" height=\"1660\" srcset=\"https:\/\/vestpetproducts.com\/wp-content\/uploads\/2025\/07\/O1CN01trntjZ2Hxu08zgMRn_2504059218-0-cib.jpg 790w, https:\/\/vestpetproducts.com\/wp-content\/uploads\/2025\/07\/O1CN01trntjZ2Hxu08zgMRn_2504059218-0-cib-238x500.jpg 238w, https:\/\/vestpetproducts.com\/wp-content\/uploads\/2025\/07\/O1CN01trntjZ2Hxu08zgMRn_2504059218-0-cib-571x1200.jpg 571w, https:\/\/vestpetproducts.com\/wp-content\/uploads\/2025\/07\/O1CN01trntjZ2Hxu08zgMRn_2504059218-0-cib-143x300.jpg 143w, https:\/\/vestpetproducts.com\/wp-content\/uploads\/2025\/07\/O1CN01trntjZ2Hxu08zgMRn_2504059218-0-cib-768x1614.jpg 768w, https:\/\/vestpetproducts.com\/wp-content\/uploads\/2025\/07\/O1CN01trntjZ2Hxu08zgMRn_2504059218-0-cib-731x1536.jpg 731w, https:\/\/vestpetproducts.com\/wp-content\/uploads\/2025\/07\/O1CN01trntjZ2Hxu08zgMRn_2504059218-0-cib-6x12.jpg 6w, https:\/\/vestpetproducts.com\/wp-content\/uploads\/2025\/07\/O1CN01trntjZ2Hxu08zgMRn_2504059218-0-cib-36x75.jpg 36w, https:\/\/vestpetproducts.com\/wp-content\/uploads\/2025\/07\/O1CN01trntjZ2Hxu08zgMRn_2504059218-0-cib-457x960.jpg 457w\" sizes=\"auto, (max-width:767px) 480px, (max-width:790px) 100vw, 790px\" \/> <img loading=\"lazy\" decoding=\"async\" class=\"aligncenter size-full wp-image-1610\" src=\"http:\/\/vestpetproducts.com\/wp-content\/uploads\/2025\/07\/O1CN01RPjqi22Hxu083ZdK3_2504059218-0-cib.jpg\" alt=\"\" width=\"790\" height=\"1089\" srcset=\"https:\/\/vestpetproducts.com\/wp-content\/uploads\/2025\/07\/O1CN01RPjqi22Hxu083ZdK3_2504059218-0-cib.jpg 790w, https:\/\/vestpetproducts.com\/wp-content\/uploads\/2025\/07\/O1CN01RPjqi22Hxu083ZdK3_2504059218-0-cib-363x500.jpg 363w, https:\/\/vestpetproducts.com\/wp-content\/uploads\/2025\/07\/O1CN01RPjqi22Hxu083ZdK3_2504059218-0-cib-218x300.jpg 218w, https:\/\/vestpetproducts.com\/wp-content\/uploads\/2025\/07\/O1CN01RPjqi22Hxu083ZdK3_2504059218-0-cib-768x1059.jpg 768w, https:\/\/vestpetproducts.com\/wp-content\/uploads\/2025\/07\/O1CN01RPjqi22Hxu083ZdK3_2504059218-0-cib-9x12.jpg 9w, https:\/\/vestpetproducts.com\/wp-content\/uploads\/2025\/07\/O1CN01RPjqi22Hxu083ZdK3_2504059218-0-cib-54x75.jpg 54w, https:\/\/vestpetproducts.com\/wp-content\/uploads\/2025\/07\/O1CN01RPjqi22Hxu083ZdK3_2504059218-0-cib-480x662.jpg 480w\" sizes=\"auto, (max-width:767px) 480px, (max-width:790px) 100vw, 790px\" \/> <img loading=\"lazy\" decoding=\"async\" class=\"aligncenter size-full wp-image-1611\" src=\"http:\/\/vestpetproducts.com\/wp-content\/uploads\/2025\/07\/O1CN01H7m2E82Hxu09jI4d2_2504059218-0-cib.jpg\" alt=\"\" width=\"790\" height=\"1049\" srcset=\"https:\/\/vestpetproducts.com\/wp-content\/uploads\/2025\/07\/O1CN01H7m2E82Hxu09jI4d2_2504059218-0-cib.jpg 790w, https:\/\/vestpetproducts.com\/wp-content\/uploads\/2025\/07\/O1CN01H7m2E82Hxu09jI4d2_2504059218-0-cib-377x500.jpg 377w, https:\/\/vestpetproducts.com\/wp-content\/uploads\/2025\/07\/O1CN01H7m2E82Hxu09jI4d2_2504059218-0-cib-226x300.jpg 226w, https:\/\/vestpetproducts.com\/wp-content\/uploads\/2025\/07\/O1CN01H7m2E82Hxu09jI4d2_2504059218-0-cib-768x1020.jpg 768w, https:\/\/vestpetproducts.com\/wp-content\/uploads\/2025\/07\/O1CN01H7m2E82Hxu09jI4d2_2504059218-0-cib-9x12.jpg 9w, https:\/\/vestpetproducts.com\/wp-content\/uploads\/2025\/07\/O1CN01H7m2E82Hxu09jI4d2_2504059218-0-cib-56x75.jpg 56w, https:\/\/vestpetproducts.com\/wp-content\/uploads\/2025\/07\/O1CN01H7m2E82Hxu09jI4d2_2504059218-0-cib-480x637.jpg 480w\" sizes=\"auto, (max-width:767px) 480px, (max-width:790px) 100vw, 790px\" \/> <img loading=\"lazy\" decoding=\"async\" class=\"aligncenter size-full wp-image-1612\" src=\"http:\/\/vestpetproducts.com\/wp-content\/uploads\/2025\/07\/O1CN01wufK5m2Hxu09Pa9mZ_2504059218-0-cib.jpg\" alt=\"\" width=\"790\" height=\"1391\" srcset=\"https:\/\/vestpetproducts.com\/wp-content\/uploads\/2025\/07\/O1CN01wufK5m2Hxu09Pa9mZ_2504059218-0-cib.jpg 790w, https:\/\/vestpetproducts.com\/wp-content\/uploads\/2025\/07\/O1CN01wufK5m2Hxu09Pa9mZ_2504059218-0-cib-284x500.jpg 284w, https:\/\/vestpetproducts.com\/wp-content\/uploads\/2025\/07\/O1CN01wufK5m2Hxu09Pa9mZ_2504059218-0-cib-682x1200.jpg 682w, https:\/\/vestpetproducts.com\/wp-content\/uploads\/2025\/07\/O1CN01wufK5m2Hxu09Pa9mZ_2504059218-0-cib-170x300.jpg 170w, https:\/\/vestpetproducts.com\/wp-content\/uploads\/2025\/07\/O1CN01wufK5m2Hxu09Pa9mZ_2504059218-0-cib-768x1352.jpg 768w, https:\/\/vestpetproducts.com\/wp-content\/uploads\/2025\/07\/O1CN01wufK5m2Hxu09Pa9mZ_2504059218-0-cib-7x12.jpg 7w, https:\/\/vestpetproducts.com\/wp-content\/uploads\/2025\/07\/O1CN01wufK5m2Hxu09Pa9mZ_2504059218-0-cib-43x75.jpg 43w, https:\/\/vestpetproducts.com\/wp-content\/uploads\/2025\/07\/O1CN01wufK5m2Hxu09Pa9mZ_2504059218-0-cib-480x845.jpg 480w\" sizes=\"auto, (max-width:767px) 480px, (max-width:790px) 100vw, 790px\" \/> <img loading=\"lazy\" decoding=\"async\" class=\"aligncenter size-full wp-image-1613\" src=\"http:\/\/vestpetproducts.com\/wp-content\/uploads\/2025\/07\/O1CN01xeVBHB2Hxu06y9Inl_2504059218-0-cib.jpg\" alt=\"\" width=\"790\" height=\"1547\" srcset=\"https:\/\/vestpetproducts.com\/wp-content\/uploads\/2025\/07\/O1CN01xeVBHB2Hxu06y9Inl_2504059218-0-cib.jpg 790w, https:\/\/vestpetproducts.com\/wp-content\/uploads\/2025\/07\/O1CN01xeVBHB2Hxu06y9Inl_2504059218-0-cib-255x500.jpg 255w, https:\/\/vestpetproducts.com\/wp-content\/uploads\/2025\/07\/O1CN01xeVBHB2Hxu06y9Inl_2504059218-0-cib-613x1200.jpg 613w, https:\/\/vestpetproducts.com\/wp-content\/uploads\/2025\/07\/O1CN01xeVBHB2Hxu06y9Inl_2504059218-0-cib-153x300.jpg 153w, https:\/\/vestpetproducts.com\/wp-content\/uploads\/2025\/07\/O1CN01xeVBHB2Hxu06y9Inl_2504059218-0-cib-768x1504.jpg 768w, https:\/\/vestpetproducts.com\/wp-content\/uploads\/2025\/07\/O1CN01xeVBHB2Hxu06y9Inl_2504059218-0-cib-784x1536.jpg 784w, https:\/\/vestpetproducts.com\/wp-content\/uploads\/2025\/07\/O1CN01xeVBHB2Hxu06y9Inl_2504059218-0-cib-6x12.jpg 6w, https:\/\/vestpetproducts.com\/wp-content\/uploads\/2025\/07\/O1CN01xeVBHB2Hxu06y9Inl_2504059218-0-cib-38x75.jpg 38w, https:\/\/vestpetproducts.com\/wp-content\/uploads\/2025\/07\/O1CN01xeVBHB2Hxu06y9Inl_2504059218-0-cib-480x940.jpg 480w\" sizes=\"auto, (max-width:767px) 480px, (max-width:790px) 100vw, 790px\" \/> <img loading=\"lazy\" decoding=\"async\" class=\"aligncenter size-full wp-image-1615\" src=\"http:\/\/vestpetproducts.com\/wp-content\/uploads\/2025\/07\/O1CN01qH47Ok2Hxu09jJx0s_2504059218-0-cib.jpg\" alt=\"\" width=\"790\" height=\"1203\" srcset=\"https:\/\/vestpetproducts.com\/wp-content\/uploads\/2025\/07\/O1CN01qH47Ok2Hxu09jJx0s_2504059218-0-cib.jpg 790w, https:\/\/vestpetproducts.com\/wp-content\/uploads\/2025\/07\/O1CN01qH47Ok2Hxu09jJx0s_2504059218-0-cib-328x500.jpg 328w, https:\/\/vestpetproducts.com\/wp-content\/uploads\/2025\/07\/O1CN01qH47Ok2Hxu09jJx0s_2504059218-0-cib-788x1200.jpg 788w, https:\/\/vestpetproducts.com\/wp-content\/uploads\/2025\/07\/O1CN01qH47Ok2Hxu09jJx0s_2504059218-0-cib-197x300.jpg 197w, https:\/\/vestpetproducts.com\/wp-content\/uploads\/2025\/07\/O1CN01qH47Ok2Hxu09jJx0s_2504059218-0-cib-768x1169.jpg 768w, https:\/\/vestpetproducts.com\/wp-content\/uploads\/2025\/07\/O1CN01qH47Ok2Hxu09jJx0s_2504059218-0-cib-8x12.jpg 8w, https:\/\/vestpetproducts.com\/wp-content\/uploads\/2025\/07\/O1CN01qH47Ok2Hxu09jJx0s_2504059218-0-cib-49x75.jpg 49w, https:\/\/vestpetproducts.com\/wp-content\/uploads\/2025\/07\/O1CN01qH47Ok2Hxu09jJx0s_2504059218-0-cib-480x731.jpg 480w\" sizes=\"auto, (max-width:767px) 480px, (max-width:790px) 100vw, 790px\" \/><img loading=\"lazy\" decoding=\"async\" class=\"aligncenter size-full wp-image-1602\" src=\"http:\/\/vestpetproducts.com\/wp-content\/uploads\/2025\/07\/O1CN01cVpSDJ2Hxu08S29l7_2504059218-0-cib.jpg\" alt=\"\" width=\"790\" height=\"914\" srcset=\"https:\/\/vestpetproducts.com\/wp-content\/uploads\/2025\/07\/O1CN01cVpSDJ2Hxu08S29l7_2504059218-0-cib.jpg 790w, https:\/\/vestpetproducts.com\/wp-content\/uploads\/2025\/07\/O1CN01cVpSDJ2Hxu08S29l7_2504059218-0-cib-432x500.jpg 432w, https:\/\/vestpetproducts.com\/wp-content\/uploads\/2025\/07\/O1CN01cVpSDJ2Hxu08S29l7_2504059218-0-cib-259x300.jpg 259w, https:\/\/vestpetproducts.com\/wp-content\/uploads\/2025\/07\/O1CN01cVpSDJ2Hxu08S29l7_2504059218-0-cib-768x889.jpg 768w, https:\/\/vestpetproducts.com\/wp-content\/uploads\/2025\/07\/O1CN01cVpSDJ2Hxu08S29l7_2504059218-0-cib-10x12.jpg 10w, https:\/\/vestpetproducts.com\/wp-content\/uploads\/2025\/07\/O1CN01cVpSDJ2Hxu08S29l7_2504059218-0-cib-65x75.jpg 65w, https:\/\/vestpetproducts.com\/wp-content\/uploads\/2025\/07\/O1CN01cVpSDJ2Hxu08S29l7_2504059218-0-cib-480x555.jpg 480w\" sizes=\"auto, (max-width:767px) 480px, (max-width:790px) 100vw, 790px\" \/><\/p>","protected":false},"excerpt":{"rendered":"<p>Color: Blanco Amarillo Negro<\/p>\n<p>Tijeras de corte de precisi\u00f3n para perros: Cortan con precisi\u00f3n y eficacia zonas peque\u00f1as como garras, ojos, orejas, cara y cuartos traseros. Ideales para perros y gatos, sus hojas garantizan un corte seguro en zonas sensibles, lo que las hace perfectas para un aseo preciso.<br \/>\n\u3010Luz LED integrada\u3011La luz LED integrada ilumina las zonas oscuras de dif\u00edcil acceso, mejorando la precisi\u00f3n del aseo. Ya sea para recortar garras o zonas faciales delicadas, la luz LED garantiza una visibilidad \u00f3ptima, facilitando y haciendo m\u00e1s preciso el aseo de su mascota, especialmente en zonas peque\u00f1as como ojos y orejas.<br \/>\n\u3010Totalmente impermeable y f\u00e1cil de limpiar\u3011F\u00e1cil de limpiar con agua corriente, lo que garantiza higiene y limpieza. Su impermeabilidad garantiza un rendimiento duradero, ideal para uso diario y f\u00e1cil mantenimiento.<br \/>\nAseo silencioso y sin estr\u00e9s: Utiliza tecnolog\u00eda de bajo ruido para minimizar el ruido durante el corte de pelo, reduciendo la ansiedad. Perfecto para mascotas sensibles al ruido, garantizando una experiencia de aseo tranquila y apacible, especialmente indicado para mascotas sensibles.<\/p>","protected":false},"featured_media":1601,"template":"","meta":{"content-type":""},"product_brand":[],"product_cat":[18],"product_tag":[],"class_list":{"0":"post-1600","1":"product","2":"type-product","3":"status-publish","4":"has-post-thumbnail","6":"product_cat-pet-health-and-wellness","8":"first","9":"instock","10":"shipping-taxable","11":"product-type-simple"},"yoast_head":"<!-- This site is optimized with the Yoast SEO plugin v24.9 - https:\/\/yoast.com\/wordpress\/plugins\/seo\/ -->\n<title>Rechargeable Wireless OEM Low Noise Cat Claw Grooming Scissors with LED Light Display - Shandong Vest International Trade Co., Ltd.<\/title>\n<meta name=\"robots\" content=\"index, follow, max-snippet:-1, max-image-preview:large, max-video-preview:-1\" \/>\n<link rel=\"canonical\" href=\"https:\/\/vestpetproducts.com\/es\/producto\/rechargeable-wireless-oem-low-noise-cat-claw-grooming-scissors-with-led-light-display\/\" \/>\n<meta property=\"og:locale\" content=\"es_ES\" \/>\n<meta property=\"og:type\" content=\"article\" \/>\n<meta property=\"og:title\" content=\"Rechargeable Wireless OEM Low Noise Cat Claw Grooming Scissors with LED Light Display - Shandong Vest International Trade Co., Ltd.\" \/>\n<meta property=\"og:description\" content=\"Color: White Yellow\u00a0 Black  \u3010Precision Trimming Dog Scissors\u3011Precisely and effectively groom small areas such as claws, eyes, ears, face, and hindquarters. Ideal for dogs and cats, the blades ensure safe trimming in sensitive areas, making them perfect for precise grooming. \u3010Built-in LED Light\u3011The built-in LED light illuminates hard-to-reach dark areas, enhancing grooming precision. Whether trimming claws or delicate facial areas, the LED light ensures optimal visibility, making your pet grooming experience easier and more accurate, especially for small areas like eyes and ears. \u3010Fully Waterproof and Easy to Clean\u3011Easy to clean under running water, ensuring hygiene and cleanliness. Its waterproof performance guarantees durable and long-lasting performance, making it an ideal choice for daily use and easy maintenance. Low-Noise, Stress-Free Grooming: Utilizes low-noise technology to minimize noise during hair trimming, reducing anxiety during the process. Perfect for pets sensitive to sound, ensuring a calm and peaceful grooming experience, especially suitable for sensitive pets.\" \/>\n<meta property=\"og:url\" content=\"https:\/\/vestpetproducts.com\/es\/producto\/rechargeable-wireless-oem-low-noise-cat-claw-grooming-scissors-with-led-light-display\/\" \/>\n<meta property=\"og:site_name\" content=\"Shandong Vest International Trade Co., Ltd.\" \/>\n<meta property=\"article:modified_time\" content=\"2025-08-05T00:52:51+00:00\" \/>\n<meta property=\"og:image\" content=\"https:\/\/vestpetproducts.com\/wp-content\/uploads\/2025\/07\/O1CN01Tv0nni2Hxu082zRmM_2504059218-0-cib.jpg\" \/>\n\t<meta property=\"og:image:width\" content=\"800\" \/>\n\t<meta property=\"og:image:height\" content=\"800\" \/>\n\t<meta property=\"og:image:type\" content=\"image\/jpeg\" \/>\n<meta name=\"twitter:card\" content=\"summary_large_image\" \/>\n<meta name=\"twitter:label1\" content=\"Tiempo de lectura\" \/>\n\t<meta name=\"twitter:data1\" content=\"2 minutos\" \/>\n<script type=\"application\/ld+json\" class=\"yoast-schema-graph\">{\"@context\":\"https:\/\/schema.org\",\"@graph\":[{\"@type\":\"WebPage\",\"@id\":\"https:\/\/vestpetproducts.com\/product\/rechargeable-wireless-oem-low-noise-cat-claw-grooming-scissors-with-led-light-display\/\",\"url\":\"https:\/\/vestpetproducts.com\/product\/rechargeable-wireless-oem-low-noise-cat-claw-grooming-scissors-with-led-light-display\/\",\"name\":\"Rechargeable Wireless OEM Low Noise Cat Claw Grooming Scissors with LED Light Display - Shandong Vest International Trade Co., Ltd.\",\"isPartOf\":{\"@id\":\"https:\/\/vestpetproducts.com\/#website\"},\"primaryImageOfPage\":{\"@id\":\"https:\/\/vestpetproducts.com\/product\/rechargeable-wireless-oem-low-noise-cat-claw-grooming-scissors-with-led-light-display\/#primaryimage\"},\"image\":{\"@id\":\"https:\/\/vestpetproducts.com\/product\/rechargeable-wireless-oem-low-noise-cat-claw-grooming-scissors-with-led-light-display\/#primaryimage\"},\"thumbnailUrl\":\"https:\/\/vestpetproducts.com\/wp-content\/uploads\/2025\/07\/O1CN01Tv0nni2Hxu082zRmM_2504059218-0-cib.jpg\",\"datePublished\":\"2025-07-24T08:51:54+00:00\",\"dateModified\":\"2025-08-05T00:52:51+00:00\",\"breadcrumb\":{\"@id\":\"https:\/\/vestpetproducts.com\/product\/rechargeable-wireless-oem-low-noise-cat-claw-grooming-scissors-with-led-light-display\/#breadcrumb\"},\"inLanguage\":\"es\",\"potentialAction\":[{\"@type\":\"ReadAction\",\"target\":[\"https:\/\/vestpetproducts.com\/product\/rechargeable-wireless-oem-low-noise-cat-claw-grooming-scissors-with-led-light-display\/\"]}]},{\"@type\":\"ImageObject\",\"inLanguage\":\"es\",\"@id\":\"https:\/\/vestpetproducts.com\/product\/rechargeable-wireless-oem-low-noise-cat-claw-grooming-scissors-with-led-light-display\/#primaryimage\",\"url\":\"https:\/\/vestpetproducts.com\/wp-content\/uploads\/2025\/07\/O1CN01Tv0nni2Hxu082zRmM_2504059218-0-cib.jpg\",\"contentUrl\":\"https:\/\/vestpetproducts.com\/wp-content\/uploads\/2025\/07\/O1CN01Tv0nni2Hxu082zRmM_2504059218-0-cib.jpg\",\"width\":\"800\",\"height\":\"800\"},{\"@type\":\"BreadcrumbList\",\"@id\":\"https:\/\/vestpetproducts.com\/product\/rechargeable-wireless-oem-low-noise-cat-claw-grooming-scissors-with-led-light-display\/#breadcrumb\",\"itemListElement\":[{\"@type\":\"ListItem\",\"position\":1,\"name\":\"\u9996\u9875\",\"item\":\"https:\/\/vestpetproducts.com\/\"},{\"@type\":\"ListItem\",\"position\":2,\"name\":\"Product\",\"item\":\"https:\/\/vestpetproducts.com\/product\/\"},{\"@type\":\"ListItem\",\"position\":3,\"name\":\"Rechargeable Wireless OEM Low Noise Cat Claw Grooming Scissors with LED Light Display\"}]},{\"@type\":\"WebSite\",\"@id\":\"https:\/\/vestpetproducts.com\/#website\",\"url\":\"https:\/\/vestpetproducts.com\/\",\"name\":\"Shandong Vest International Trade Co., Ltd.\",\"description\":\"Shandong Vest International Trade Co., Ltd.\",\"potentialAction\":[{\"@type\":\"SearchAction\",\"target\":{\"@type\":\"EntryPoint\",\"urlTemplate\":\"https:\/\/vestpetproducts.com\/?s={search_term_string}\"},\"query-input\":{\"@type\":\"PropertyValueSpecification\",\"valueRequired\":true,\"valueName\":\"search_term_string\"}}],\"inLanguage\":\"es\"}]}<\/script>\n<!-- \/ Yoast SEO plugin. -->","yoast_head_json":{"title":"Rechargeable Wireless OEM Low Noise Cat Claw Grooming Scissors with LED Light Display - Shandong Vest International Trade Co., Ltd.","robots":{"index":"index","follow":"follow","max-snippet":"max-snippet:-1","max-image-preview":"max-image-preview:large","max-video-preview":"max-video-preview:-1"},"canonical":"https:\/\/vestpetproducts.com\/es\/producto\/rechargeable-wireless-oem-low-noise-cat-claw-grooming-scissors-with-led-light-display\/","og_locale":"es_ES","og_type":"article","og_title":"Rechargeable Wireless OEM Low Noise Cat Claw Grooming Scissors with LED Light Display - Shandong Vest International Trade Co., Ltd.","og_description":"Color: White Yellow\u00a0 Black  \u3010Precision Trimming Dog Scissors\u3011Precisely and effectively groom small areas such as claws, eyes, ears, face, and hindquarters. Ideal for dogs and cats, the blades ensure safe trimming in sensitive areas, making them perfect for precise grooming. \u3010Built-in LED Light\u3011The built-in LED light illuminates hard-to-reach dark areas, enhancing grooming precision. Whether trimming claws or delicate facial areas, the LED light ensures optimal visibility, making your pet grooming experience easier and more accurate, especially for small areas like eyes and ears. \u3010Fully Waterproof and Easy to Clean\u3011Easy to clean under running water, ensuring hygiene and cleanliness. Its waterproof performance guarantees durable and long-lasting performance, making it an ideal choice for daily use and easy maintenance. Low-Noise, Stress-Free Grooming: Utilizes low-noise technology to minimize noise during hair trimming, reducing anxiety during the process. Perfect for pets sensitive to sound, ensuring a calm and peaceful grooming experience, especially suitable for sensitive pets.","og_url":"https:\/\/vestpetproducts.com\/es\/producto\/rechargeable-wireless-oem-low-noise-cat-claw-grooming-scissors-with-led-light-display\/","og_site_name":"Shandong Vest International Trade Co., Ltd.","article_modified_time":"2025-08-05T00:52:51+00:00","og_image":[{"width":800,"height":800,"url":"https:\/\/vestpetproducts.com\/wp-content\/uploads\/2025\/07\/O1CN01Tv0nni2Hxu082zRmM_2504059218-0-cib.jpg","type":"image\/jpeg"}],"twitter_card":"summary_large_image","twitter_misc":{"Tiempo de lectura":"2 minutos"},"schema":{"@context":"https:\/\/schema.org","@graph":[{"@type":"WebPage","@id":"https:\/\/vestpetproducts.com\/product\/rechargeable-wireless-oem-low-noise-cat-claw-grooming-scissors-with-led-light-display\/","url":"https:\/\/vestpetproducts.com\/product\/rechargeable-wireless-oem-low-noise-cat-claw-grooming-scissors-with-led-light-display\/","name":"Rechargeable Wireless OEM Low Noise Cat Claw Grooming Scissors with LED Light Display - Shandong Vest International Trade Co., Ltd.","isPartOf":{"@id":"https:\/\/vestpetproducts.com\/#website"},"primaryImageOfPage":{"@id":"https:\/\/vestpetproducts.com\/product\/rechargeable-wireless-oem-low-noise-cat-claw-grooming-scissors-with-led-light-display\/#primaryimage"},"image":{"@id":"https:\/\/vestpetproducts.com\/product\/rechargeable-wireless-oem-low-noise-cat-claw-grooming-scissors-with-led-light-display\/#primaryimage"},"thumbnailUrl":"https:\/\/vestpetproducts.com\/wp-content\/uploads\/2025\/07\/O1CN01Tv0nni2Hxu082zRmM_2504059218-0-cib.jpg","datePublished":"2025-07-24T08:51:54+00:00","dateModified":"2025-08-05T00:52:51+00:00","breadcrumb":{"@id":"https:\/\/vestpetproducts.com\/product\/rechargeable-wireless-oem-low-noise-cat-claw-grooming-scissors-with-led-light-display\/#breadcrumb"},"inLanguage":"es","potentialAction":[{"@type":"ReadAction","target":["https:\/\/vestpetproducts.com\/product\/rechargeable-wireless-oem-low-noise-cat-claw-grooming-scissors-with-led-light-display\/"]}]},{"@type":"ImageObject","inLanguage":"es","@id":"https:\/\/vestpetproducts.com\/product\/rechargeable-wireless-oem-low-noise-cat-claw-grooming-scissors-with-led-light-display\/#primaryimage","url":"https:\/\/vestpetproducts.com\/wp-content\/uploads\/2025\/07\/O1CN01Tv0nni2Hxu082zRmM_2504059218-0-cib.jpg","contentUrl":"https:\/\/vestpetproducts.com\/wp-content\/uploads\/2025\/07\/O1CN01Tv0nni2Hxu082zRmM_2504059218-0-cib.jpg","width":"800","height":"800"},{"@type":"BreadcrumbList","@id":"https:\/\/vestpetproducts.com\/product\/rechargeable-wireless-oem-low-noise-cat-claw-grooming-scissors-with-led-light-display\/#breadcrumb","itemListElement":[{"@type":"ListItem","position":1,"name":"\u9996\u9875","item":"https:\/\/vestpetproducts.com\/"},{"@type":"ListItem","position":2,"name":"Product","item":"https:\/\/vestpetproducts.com\/product\/"},{"@type":"ListItem","position":3,"name":"Rechargeable Wireless OEM Low Noise Cat Claw Grooming Scissors with LED Light Display"}]},{"@type":"WebSite","@id":"https:\/\/vestpetproducts.com\/#website","url":"https:\/\/vestpetproducts.com\/","name":"Shandong Vest International Trade Co., Ltd.","description":"Shandong Vest International Trade Co., Ltd.","potentialAction":[{"@type":"SearchAction","target":{"@type":"EntryPoint","urlTemplate":"https:\/\/vestpetproducts.com\/?s={search_term_string}"},"query-input":{"@type":"PropertyValueSpecification","valueRequired":true,"valueName":"search_term_string"}}],"inLanguage":"es"}]}},"_links":{"self":[{"href":"https:\/\/vestpetproducts.com\/es\/wp-json\/wp\/v2\/product\/1600","targetHints":{"allow":["GET"]}}],"collection":[{"href":"https:\/\/vestpetproducts.com\/es\/wp-json\/wp\/v2\/product"}],"about":[{"href":"https:\/\/vestpetproducts.com\/es\/wp-json\/wp\/v2\/types\/product"}],"wp:featuredmedia":[{"embeddable":true,"href":"https:\/\/vestpetproducts.com\/es\/wp-json\/wp\/v2\/media\/1601"}],"wp:attachment":[{"href":"https:\/\/vestpetproducts.com\/es\/wp-json\/wp\/v2\/media?parent=1600"}],"wp:term":[{"taxonomy":"product_brand","embeddable":true,"href":"https:\/\/vestpetproducts.com\/es\/wp-json\/wp\/v2\/product_brand?post=1600"},{"taxonomy":"product_cat","embeddable":true,"href":"https:\/\/vestpetproducts.com\/es\/wp-json\/wp\/v2\/product_cat?post=1600"},{"taxonomy":"product_tag","embeddable":true,"href":"https:\/\/vestpetproducts.com\/es\/wp-json\/wp\/v2\/product_tag?post=1600"}],"curies":[{"name":"wp","href":"https:\/\/api.w.org\/{rel}","templated":true}]}}