{"id":1579,"date":"2025-07-24T08:38:11","date_gmt":"2025-07-24T08:38:11","guid":{"rendered":"https:\/\/vestpetproducts.com\/?post_type=product&#038;p=1579"},"modified":"2025-08-14T01:58:38","modified_gmt":"2025-08-14T01:58:38","slug":"new-soft-pet-massage-brush-shampoo-dispenser-for-dog-bath-and-cats-shower-grooming","status":"publish","type":"product","link":"https:\/\/vestpetproducts.com\/es\/producto\/new-soft-pet-massage-brush-shampoo-dispenser-for-dog-bath-and-cats-shower-grooming\/","title":{"rendered":"Nuevo cepillo masajeador suave para mascotas, dispensador de champ\u00fa para ba\u00f1o de perros y ducha de gatos."},"content":{"rendered":"<p><img loading=\"lazy\" decoding=\"async\" class=\"aligncenter size-full wp-image-1588\" src=\"http:\/\/vestpetproducts.com\/wp-content\/uploads\/2025\/07\/O1CN01T4QYnt27J0PYE6GCF_2217004767775-0-cib.jpg\" alt=\"\" width=\"750\" height=\"960\" srcset=\"https:\/\/vestpetproducts.com\/wp-content\/uploads\/2025\/07\/O1CN01T4QYnt27J0PYE6GCF_2217004767775-0-cib.jpg 750w, https:\/\/vestpetproducts.com\/wp-content\/uploads\/2025\/07\/O1CN01T4QYnt27J0PYE6GCF_2217004767775-0-cib-391x500.jpg 391w, https:\/\/vestpetproducts.com\/wp-content\/uploads\/2025\/07\/O1CN01T4QYnt27J0PYE6GCF_2217004767775-0-cib-234x300.jpg 234w, https:\/\/vestpetproducts.com\/wp-content\/uploads\/2025\/07\/O1CN01T4QYnt27J0PYE6GCF_2217004767775-0-cib-9x12.jpg 9w, https:\/\/vestpetproducts.com\/wp-content\/uploads\/2025\/07\/O1CN01T4QYnt27J0PYE6GCF_2217004767775-0-cib-59x75.jpg 59w, https:\/\/vestpetproducts.com\/wp-content\/uploads\/2025\/07\/O1CN01T4QYnt27J0PYE6GCF_2217004767775-0-cib-480x614.jpg 480w\" sizes=\"auto, (max-width:767px) 480px, 750px\" \/> <img loading=\"lazy\" decoding=\"async\" class=\"aligncenter size-full wp-image-1590\" src=\"http:\/\/vestpetproducts.com\/wp-content\/uploads\/2025\/07\/O1CN014JH0w527J0PWEDX2g_2217004767775-0-cib.jpg\" alt=\"\" width=\"750\" height=\"960\" srcset=\"https:\/\/vestpetproducts.com\/wp-content\/uploads\/2025\/07\/O1CN014JH0w527J0PWEDX2g_2217004767775-0-cib.jpg 750w, https:\/\/vestpetproducts.com\/wp-content\/uploads\/2025\/07\/O1CN014JH0w527J0PWEDX2g_2217004767775-0-cib-391x500.jpg 391w, https:\/\/vestpetproducts.com\/wp-content\/uploads\/2025\/07\/O1CN014JH0w527J0PWEDX2g_2217004767775-0-cib-234x300.jpg 234w, https:\/\/vestpetproducts.com\/wp-content\/uploads\/2025\/07\/O1CN014JH0w527J0PWEDX2g_2217004767775-0-cib-9x12.jpg 9w, https:\/\/vestpetproducts.com\/wp-content\/uploads\/2025\/07\/O1CN014JH0w527J0PWEDX2g_2217004767775-0-cib-59x75.jpg 59w, https:\/\/vestpetproducts.com\/wp-content\/uploads\/2025\/07\/O1CN014JH0w527J0PWEDX2g_2217004767775-0-cib-480x614.jpg 480w\" sizes=\"auto, (max-width:767px) 480px, 750px\" \/> <img loading=\"lazy\" decoding=\"async\" class=\"aligncenter size-full wp-image-1591\" src=\"http:\/\/vestpetproducts.com\/wp-content\/uploads\/2025\/07\/O1CN01paImtH27J0PWuGMcM_2217004767775-0-cib.jpg\" alt=\"\" width=\"750\" height=\"960\" srcset=\"https:\/\/vestpetproducts.com\/wp-content\/uploads\/2025\/07\/O1CN01paImtH27J0PWuGMcM_2217004767775-0-cib.jpg 750w, https:\/\/vestpetproducts.com\/wp-content\/uploads\/2025\/07\/O1CN01paImtH27J0PWuGMcM_2217004767775-0-cib-391x500.jpg 391w, https:\/\/vestpetproducts.com\/wp-content\/uploads\/2025\/07\/O1CN01paImtH27J0PWuGMcM_2217004767775-0-cib-234x300.jpg 234w, https:\/\/vestpetproducts.com\/wp-content\/uploads\/2025\/07\/O1CN01paImtH27J0PWuGMcM_2217004767775-0-cib-9x12.jpg 9w, https:\/\/vestpetproducts.com\/wp-content\/uploads\/2025\/07\/O1CN01paImtH27J0PWuGMcM_2217004767775-0-cib-59x75.jpg 59w, https:\/\/vestpetproducts.com\/wp-content\/uploads\/2025\/07\/O1CN01paImtH27J0PWuGMcM_2217004767775-0-cib-480x614.jpg 480w\" sizes=\"auto, (max-width:767px) 480px, 750px\" \/> <img loading=\"lazy\" decoding=\"async\" class=\"aligncenter size-full wp-image-1592\" src=\"http:\/\/vestpetproducts.com\/wp-content\/uploads\/2025\/07\/O1CN01bdR1J427J0PXInAMH_2217004767775-0-cib.jpg\" alt=\"\" width=\"750\" height=\"960\" srcset=\"https:\/\/vestpetproducts.com\/wp-content\/uploads\/2025\/07\/O1CN01bdR1J427J0PXInAMH_2217004767775-0-cib.jpg 750w, https:\/\/vestpetproducts.com\/wp-content\/uploads\/2025\/07\/O1CN01bdR1J427J0PXInAMH_2217004767775-0-cib-391x500.jpg 391w, https:\/\/vestpetproducts.com\/wp-content\/uploads\/2025\/07\/O1CN01bdR1J427J0PXInAMH_2217004767775-0-cib-234x300.jpg 234w, https:\/\/vestpetproducts.com\/wp-content\/uploads\/2025\/07\/O1CN01bdR1J427J0PXInAMH_2217004767775-0-cib-9x12.jpg 9w, https:\/\/vestpetproducts.com\/wp-content\/uploads\/2025\/07\/O1CN01bdR1J427J0PXInAMH_2217004767775-0-cib-59x75.jpg 59w, https:\/\/vestpetproducts.com\/wp-content\/uploads\/2025\/07\/O1CN01bdR1J427J0PXInAMH_2217004767775-0-cib-480x614.jpg 480w\" sizes=\"auto, (max-width:767px) 480px, 750px\" \/> <img loading=\"lazy\" decoding=\"async\" class=\"aligncenter size-full wp-image-1593\" src=\"http:\/\/vestpetproducts.com\/wp-content\/uploads\/2025\/07\/O1CN01GZECEf27J0PZI8rak_2217004767775-0-cib.jpg\" alt=\"\" width=\"750\" height=\"960\" srcset=\"https:\/\/vestpetproducts.com\/wp-content\/uploads\/2025\/07\/O1CN01GZECEf27J0PZI8rak_2217004767775-0-cib.jpg 750w, https:\/\/vestpetproducts.com\/wp-content\/uploads\/2025\/07\/O1CN01GZECEf27J0PZI8rak_2217004767775-0-cib-391x500.jpg 391w, https:\/\/vestpetproducts.com\/wp-content\/uploads\/2025\/07\/O1CN01GZECEf27J0PZI8rak_2217004767775-0-cib-234x300.jpg 234w, https:\/\/vestpetproducts.com\/wp-content\/uploads\/2025\/07\/O1CN01GZECEf27J0PZI8rak_2217004767775-0-cib-9x12.jpg 9w, https:\/\/vestpetproducts.com\/wp-content\/uploads\/2025\/07\/O1CN01GZECEf27J0PZI8rak_2217004767775-0-cib-59x75.jpg 59w, https:\/\/vestpetproducts.com\/wp-content\/uploads\/2025\/07\/O1CN01GZECEf27J0PZI8rak_2217004767775-0-cib-480x614.jpg 480w\" sizes=\"auto, (max-width:767px) 480px, 750px\" \/> <img loading=\"lazy\" decoding=\"async\" class=\"aligncenter wp-image-1595\" src=\"http:\/\/vestpetproducts.com\/wp-content\/uploads\/2025\/07\/O1CN01YfepnI27J0RweKmfE_2217004767775-0-cib.jpg\" alt=\"\" width=\"594\" height=\"760\" srcset=\"https:\/\/vestpetproducts.com\/wp-content\/uploads\/2025\/07\/O1CN01YfepnI27J0RweKmfE_2217004767775-0-cib.jpg 750w, https:\/\/vestpetproducts.com\/wp-content\/uploads\/2025\/07\/O1CN01YfepnI27J0RweKmfE_2217004767775-0-cib-391x500.jpg 391w, https:\/\/vestpetproducts.com\/wp-content\/uploads\/2025\/07\/O1CN01YfepnI27J0RweKmfE_2217004767775-0-cib-234x300.jpg 234w, https:\/\/vestpetproducts.com\/wp-content\/uploads\/2025\/07\/O1CN01YfepnI27J0RweKmfE_2217004767775-0-cib-9x12.jpg 9w, https:\/\/vestpetproducts.com\/wp-content\/uploads\/2025\/07\/O1CN01YfepnI27J0RweKmfE_2217004767775-0-cib-59x75.jpg 59w, https:\/\/vestpetproducts.com\/wp-content\/uploads\/2025\/07\/O1CN01YfepnI27J0RweKmfE_2217004767775-0-cib-480x614.jpg 480w\" sizes=\"auto, (max-width:767px) 480px, 594px\" \/><img loading=\"lazy\" decoding=\"async\" class=\"aligncenter wp-image-1597\" src=\"http:\/\/vestpetproducts.com\/wp-content\/uploads\/2025\/07\/O1CN01dUtIN327J0RwsCATr_2217004767775-0-cib-1.jpg\" alt=\"\" width=\"594\" height=\"761\" srcset=\"https:\/\/vestpetproducts.com\/wp-content\/uploads\/2025\/07\/O1CN01dUtIN327J0RwsCATr_2217004767775-0-cib-1.jpg 750w, https:\/\/vestpetproducts.com\/wp-content\/uploads\/2025\/07\/O1CN01dUtIN327J0RwsCATr_2217004767775-0-cib-1-391x500.jpg 391w, https:\/\/vestpetproducts.com\/wp-content\/uploads\/2025\/07\/O1CN01dUtIN327J0RwsCATr_2217004767775-0-cib-1-234x300.jpg 234w, https:\/\/vestpetproducts.com\/wp-content\/uploads\/2025\/07\/O1CN01dUtIN327J0RwsCATr_2217004767775-0-cib-1-9x12.jpg 9w, https:\/\/vestpetproducts.com\/wp-content\/uploads\/2025\/07\/O1CN01dUtIN327J0RwsCATr_2217004767775-0-cib-1-59x75.jpg 59w, https:\/\/vestpetproducts.com\/wp-content\/uploads\/2025\/07\/O1CN01dUtIN327J0RwsCATr_2217004767775-0-cib-1-480x614.jpg 480w\" sizes=\"auto, (max-width:767px) 480px, 594px\" \/><img loading=\"lazy\" decoding=\"async\" class=\"aligncenter wp-image-1599\" src=\"http:\/\/vestpetproducts.com\/wp-content\/uploads\/2025\/07\/11857f8ef5a6f5c9f76b21fac3b13a0.jpg\" alt=\"\" width=\"596\" height=\"326\" srcset=\"https:\/\/vestpetproducts.com\/wp-content\/uploads\/2025\/07\/11857f8ef5a6f5c9f76b21fac3b13a0.jpg 750w, https:\/\/vestpetproducts.com\/wp-content\/uploads\/2025\/07\/11857f8ef5a6f5c9f76b21fac3b13a0-500x273.jpg 500w, https:\/\/vestpetproducts.com\/wp-content\/uploads\/2025\/07\/11857f8ef5a6f5c9f76b21fac3b13a0-300x164.jpg 300w, https:\/\/vestpetproducts.com\/wp-content\/uploads\/2025\/07\/11857f8ef5a6f5c9f76b21fac3b13a0-18x10.jpg 18w, https:\/\/vestpetproducts.com\/wp-content\/uploads\/2025\/07\/11857f8ef5a6f5c9f76b21fac3b13a0-137x75.jpg 137w, https:\/\/vestpetproducts.com\/wp-content\/uploads\/2025\/07\/11857f8ef5a6f5c9f76b21fac3b13a0-480x262.jpg 480w\" sizes=\"auto, (max-width:767px) 480px, 596px\" \/><\/p>","protected":false},"excerpt":{"rendered":"<p>Color: rosa, azul y verde<\/p>\n<ul class=\"a-unordered-list a-vertical a-spacing-mini\">\n<li class=\"a-spacing-mini\"><span class=\"a-list-item\">Cepillo de ba\u00f1o para perros con dispensador de jab\u00f3n y champ\u00fa. Se rellena con champ\u00fa y se aprieta f\u00e1cilmente para crear una espuma abundante, ahorrando as\u00ed champ\u00fa. F\u00e1cil de usar, limpia a fondo y r\u00e1pidamente.<\/span><\/li>\n<li class=\"a-spacing-mini\"><span class=\"a-list-item\">Dise\u00f1o patentado a prueba de fugas y duradero: nuestro cepillo fregador de ba\u00f1o para perros multifuncional est\u00e1 hecho de mango ABS de alta calidad y dise\u00f1o de cerdas de silicona suave. Prueba a prueba de fugas 100%, agarre c\u00f3modo sin deformaci\u00f3n, seguro, resistente y duradero.<\/span><\/li>\n<li class=\"a-spacing-mini\"><span class=\"a-list-item\">F\u00e1cil de usar y limpiar: Nuestro cepillo para champ\u00fa para perros se adapta a todo tipo de jabones y champ\u00fas, y aumenta la eficacia de la espuma para lograr una limpieza m\u00e1s profunda que con solo champ\u00fa. Simplemente abra la tapa superior para limpiar el cepillo f\u00e1cil y r\u00e1pidamente despu\u00e9s de ba\u00f1ar a su mascota.<\/span><\/li>\n<li class=\"a-spacing-mini\"><span class=\"a-list-item\">Cuidado ideal para tus mascotas: el cabezal de goma suave del cepillo de aseo para perros no solo le da a tu mascota una sensaci\u00f3n suave y c\u00f3moda, sino que tambi\u00e9n ofrece un masaje relajante y elimina el pelo suelto. Ofrece una experiencia de ba\u00f1o m\u00e1s segura y c\u00f3moda para tus peludos amigos. Creemos que este cepillo de masaje para ba\u00f1o es uno de los mejores regalos para ti y tu mascota.<\/span><\/li>\n<li class=\"a-spacing-mini\"><span class=\"a-list-item\">Experiencia sin preocupaciones para mascotas de pelo corto: Somos una empresa profesional de productos de ducha para perros, comprometida con ofrecer los productos m\u00e1s seguros y satisfactorios para sus mascotas. Ofrecemos servicio posventa 24\/7. Si tiene alguna pregunta, no dude en contactarnos.<\/span><\/li>\n<\/ul>","protected":false},"featured_media":1580,"template":"","meta":{"content-type":""},"product_brand":[],"product_cat":[17],"product_tag":[],"class_list":{"0":"post-1579","1":"product","2":"type-product","3":"status-publish","4":"has-post-thumbnail","6":"product_cat-pet-supplies","8":"first","9":"instock","10":"shipping-taxable","11":"product-type-simple"},"yoast_head":"<!-- This site is optimized with the Yoast SEO plugin v24.9 - https:\/\/yoast.com\/wordpress\/plugins\/seo\/ -->\n<title>New Soft Pet Massage Brush Shampoo Dispenser for Dog Bath and Cats Shower Grooming - Shandong Vest International Trade Co., Ltd.<\/title>\n<meta name=\"robots\" content=\"index, follow, max-snippet:-1, max-image-preview:large, max-video-preview:-1\" \/>\n<link rel=\"canonical\" href=\"https:\/\/vestpetproducts.com\/es\/producto\/new-soft-pet-massage-brush-shampoo-dispenser-for-dog-bath-and-cats-shower-grooming\/\" \/>\n<meta property=\"og:locale\" content=\"es_ES\" \/>\n<meta property=\"og:type\" content=\"article\" \/>\n<meta property=\"og:title\" content=\"New Soft Pet Massage Brush Shampoo Dispenser for Dog Bath and Cats Shower Grooming - Shandong Vest International Trade Co., Ltd.\" \/>\n<meta property=\"og:description\" content=\"Color\uff1aPink Blue Green   Bubble Maker - This dog bath brush is designed with Soap and Shampoo Dispenser, it can be refilled with shampoo and easy squeezing to create rich foam, which can achieve the effect of saving shampoo. Easy to use, deep and quick to clean.  Patented Leak-proof Design &amp; Durable - Our multi-functional dog bath scrubber brush is made of high-quality ABS handle &amp; soft silicone Bristle design. 100% leak-proof test, comfortable grip without deformation, safe, sturdy and durable.  Easy to Use &amp; Clean - Our dog shampoo brush scrubber adapts all kinds of Soap and Shampoo, also increases the effectiveness of shampoo lathering, to achieve a deeper clean than shampooing alone. Just open the cap on the top, so that you can clean the washing brush easily and quickly after washing your pet.  Ideal Care for Your Pets - The soft rubber dog grooming brush head not only gives your pet a soft and comfortable feeling, but also has a soothing massage and shedding. Provides a safer and more comfortable bath experience for your furry friends. We believe this bath massage brush is one of the best gifts for you and your pet.  Worry-free Experience for Short-haired Pets - We are a professional dog shower products company, committed to bringing the safest, satisfied pet products. We provide 7*24 hours after-sales service, if you have any questions, please feel free to contact us.\" \/>\n<meta property=\"og:url\" content=\"https:\/\/vestpetproducts.com\/es\/producto\/new-soft-pet-massage-brush-shampoo-dispenser-for-dog-bath-and-cats-shower-grooming\/\" \/>\n<meta property=\"og:site_name\" content=\"Shandong Vest International Trade Co., Ltd.\" \/>\n<meta property=\"article:modified_time\" content=\"2025-08-14T01:58:38+00:00\" \/>\n<meta property=\"og:image\" content=\"https:\/\/vestpetproducts.com\/wp-content\/uploads\/2025\/07\/O1CN01irjC6b27J0Oaw5QXz_2217004767775-0-cib.jpg\" \/>\n\t<meta property=\"og:image:width\" content=\"800\" \/>\n\t<meta property=\"og:image:height\" content=\"800\" \/>\n\t<meta property=\"og:image:type\" content=\"image\/jpeg\" \/>\n<meta name=\"twitter:card\" content=\"summary_large_image\" \/>\n<meta name=\"twitter:label1\" content=\"Tiempo de lectura\" \/>\n\t<meta name=\"twitter:data1\" content=\"2 minutos\" \/>\n<script type=\"application\/ld+json\" class=\"yoast-schema-graph\">{\"@context\":\"https:\/\/schema.org\",\"@graph\":[{\"@type\":\"WebPage\",\"@id\":\"https:\/\/vestpetproducts.com\/product\/new-soft-pet-massage-brush-shampoo-dispenser-for-dog-bath-and-cats-shower-grooming\/\",\"url\":\"https:\/\/vestpetproducts.com\/product\/new-soft-pet-massage-brush-shampoo-dispenser-for-dog-bath-and-cats-shower-grooming\/\",\"name\":\"New Soft Pet Massage Brush Shampoo Dispenser for Dog Bath and Cats Shower Grooming - Shandong Vest International Trade Co., Ltd.\",\"isPartOf\":{\"@id\":\"https:\/\/vestpetproducts.com\/#website\"},\"primaryImageOfPage\":{\"@id\":\"https:\/\/vestpetproducts.com\/product\/new-soft-pet-massage-brush-shampoo-dispenser-for-dog-bath-and-cats-shower-grooming\/#primaryimage\"},\"image\":{\"@id\":\"https:\/\/vestpetproducts.com\/product\/new-soft-pet-massage-brush-shampoo-dispenser-for-dog-bath-and-cats-shower-grooming\/#primaryimage\"},\"thumbnailUrl\":\"https:\/\/vestpetproducts.com\/wp-content\/uploads\/2025\/07\/O1CN01irjC6b27J0Oaw5QXz_2217004767775-0-cib.jpg\",\"datePublished\":\"2025-07-24T08:38:11+00:00\",\"dateModified\":\"2025-08-14T01:58:38+00:00\",\"breadcrumb\":{\"@id\":\"https:\/\/vestpetproducts.com\/product\/new-soft-pet-massage-brush-shampoo-dispenser-for-dog-bath-and-cats-shower-grooming\/#breadcrumb\"},\"inLanguage\":\"es\",\"potentialAction\":[{\"@type\":\"ReadAction\",\"target\":[\"https:\/\/vestpetproducts.com\/product\/new-soft-pet-massage-brush-shampoo-dispenser-for-dog-bath-and-cats-shower-grooming\/\"]}]},{\"@type\":\"ImageObject\",\"inLanguage\":\"es\",\"@id\":\"https:\/\/vestpetproducts.com\/product\/new-soft-pet-massage-brush-shampoo-dispenser-for-dog-bath-and-cats-shower-grooming\/#primaryimage\",\"url\":\"https:\/\/vestpetproducts.com\/wp-content\/uploads\/2025\/07\/O1CN01irjC6b27J0Oaw5QXz_2217004767775-0-cib.jpg\",\"contentUrl\":\"https:\/\/vestpetproducts.com\/wp-content\/uploads\/2025\/07\/O1CN01irjC6b27J0Oaw5QXz_2217004767775-0-cib.jpg\",\"width\":800,\"height\":800},{\"@type\":\"BreadcrumbList\",\"@id\":\"https:\/\/vestpetproducts.com\/product\/new-soft-pet-massage-brush-shampoo-dispenser-for-dog-bath-and-cats-shower-grooming\/#breadcrumb\",\"itemListElement\":[{\"@type\":\"ListItem\",\"position\":1,\"name\":\"\u9996\u9875\",\"item\":\"https:\/\/vestpetproducts.com\/\"},{\"@type\":\"ListItem\",\"position\":2,\"name\":\"Product\",\"item\":\"https:\/\/vestpetproducts.com\/product\/\"},{\"@type\":\"ListItem\",\"position\":3,\"name\":\"New Soft Pet Massage Brush Shampoo Dispenser for Dog Bath and Cats Shower Grooming\"}]},{\"@type\":\"WebSite\",\"@id\":\"https:\/\/vestpetproducts.com\/#website\",\"url\":\"https:\/\/vestpetproducts.com\/\",\"name\":\"Shandong Vest International Trade Co., Ltd.\",\"description\":\"Shandong Vest International Trade Co., Ltd.\",\"potentialAction\":[{\"@type\":\"SearchAction\",\"target\":{\"@type\":\"EntryPoint\",\"urlTemplate\":\"https:\/\/vestpetproducts.com\/?s={search_term_string}\"},\"query-input\":{\"@type\":\"PropertyValueSpecification\",\"valueRequired\":true,\"valueName\":\"search_term_string\"}}],\"inLanguage\":\"es\"}]}<\/script>\n<!-- \/ Yoast SEO plugin. -->","yoast_head_json":{"title":"New Soft Pet Massage Brush Shampoo Dispenser for Dog Bath and Cats Shower Grooming - Shandong Vest International Trade Co., Ltd.","robots":{"index":"index","follow":"follow","max-snippet":"max-snippet:-1","max-image-preview":"max-image-preview:large","max-video-preview":"max-video-preview:-1"},"canonical":"https:\/\/vestpetproducts.com\/es\/producto\/new-soft-pet-massage-brush-shampoo-dispenser-for-dog-bath-and-cats-shower-grooming\/","og_locale":"es_ES","og_type":"article","og_title":"New Soft Pet Massage Brush Shampoo Dispenser for Dog Bath and Cats Shower Grooming - Shandong Vest International Trade Co., Ltd.","og_description":"Color\uff1aPink Blue Green   Bubble Maker - This dog bath brush is designed with Soap and Shampoo Dispenser, it can be refilled with shampoo and easy squeezing to create rich foam, which can achieve the effect of saving shampoo. Easy to use, deep and quick to clean.  Patented Leak-proof Design &amp; Durable - Our multi-functional dog bath scrubber brush is made of high-quality ABS handle &amp; soft silicone Bristle design. 100% leak-proof test, comfortable grip without deformation, safe, sturdy and durable.  Easy to Use &amp; Clean - Our dog shampoo brush scrubber adapts all kinds of Soap and Shampoo, also increases the effectiveness of shampoo lathering, to achieve a deeper clean than shampooing alone. Just open the cap on the top, so that you can clean the washing brush easily and quickly after washing your pet.  Ideal Care for Your Pets - The soft rubber dog grooming brush head not only gives your pet a soft and comfortable feeling, but also has a soothing massage and shedding. Provides a safer and more comfortable bath experience for your furry friends. We believe this bath massage brush is one of the best gifts for you and your pet.  Worry-free Experience for Short-haired Pets - We are a professional dog shower products company, committed to bringing the safest, satisfied pet products. We provide 7*24 hours after-sales service, if you have any questions, please feel free to contact us.","og_url":"https:\/\/vestpetproducts.com\/es\/producto\/new-soft-pet-massage-brush-shampoo-dispenser-for-dog-bath-and-cats-shower-grooming\/","og_site_name":"Shandong Vest International Trade Co., Ltd.","article_modified_time":"2025-08-14T01:58:38+00:00","og_image":[{"width":800,"height":800,"url":"https:\/\/vestpetproducts.com\/wp-content\/uploads\/2025\/07\/O1CN01irjC6b27J0Oaw5QXz_2217004767775-0-cib.jpg","type":"image\/jpeg"}],"twitter_card":"summary_large_image","twitter_misc":{"Tiempo de lectura":"2 minutos"},"schema":{"@context":"https:\/\/schema.org","@graph":[{"@type":"WebPage","@id":"https:\/\/vestpetproducts.com\/product\/new-soft-pet-massage-brush-shampoo-dispenser-for-dog-bath-and-cats-shower-grooming\/","url":"https:\/\/vestpetproducts.com\/product\/new-soft-pet-massage-brush-shampoo-dispenser-for-dog-bath-and-cats-shower-grooming\/","name":"New Soft Pet Massage Brush Shampoo Dispenser for Dog Bath and Cats Shower Grooming - Shandong Vest International Trade Co., Ltd.","isPartOf":{"@id":"https:\/\/vestpetproducts.com\/#website"},"primaryImageOfPage":{"@id":"https:\/\/vestpetproducts.com\/product\/new-soft-pet-massage-brush-shampoo-dispenser-for-dog-bath-and-cats-shower-grooming\/#primaryimage"},"image":{"@id":"https:\/\/vestpetproducts.com\/product\/new-soft-pet-massage-brush-shampoo-dispenser-for-dog-bath-and-cats-shower-grooming\/#primaryimage"},"thumbnailUrl":"https:\/\/vestpetproducts.com\/wp-content\/uploads\/2025\/07\/O1CN01irjC6b27J0Oaw5QXz_2217004767775-0-cib.jpg","datePublished":"2025-07-24T08:38:11+00:00","dateModified":"2025-08-14T01:58:38+00:00","breadcrumb":{"@id":"https:\/\/vestpetproducts.com\/product\/new-soft-pet-massage-brush-shampoo-dispenser-for-dog-bath-and-cats-shower-grooming\/#breadcrumb"},"inLanguage":"es","potentialAction":[{"@type":"ReadAction","target":["https:\/\/vestpetproducts.com\/product\/new-soft-pet-massage-brush-shampoo-dispenser-for-dog-bath-and-cats-shower-grooming\/"]}]},{"@type":"ImageObject","inLanguage":"es","@id":"https:\/\/vestpetproducts.com\/product\/new-soft-pet-massage-brush-shampoo-dispenser-for-dog-bath-and-cats-shower-grooming\/#primaryimage","url":"https:\/\/vestpetproducts.com\/wp-content\/uploads\/2025\/07\/O1CN01irjC6b27J0Oaw5QXz_2217004767775-0-cib.jpg","contentUrl":"https:\/\/vestpetproducts.com\/wp-content\/uploads\/2025\/07\/O1CN01irjC6b27J0Oaw5QXz_2217004767775-0-cib.jpg","width":800,"height":800},{"@type":"BreadcrumbList","@id":"https:\/\/vestpetproducts.com\/product\/new-soft-pet-massage-brush-shampoo-dispenser-for-dog-bath-and-cats-shower-grooming\/#breadcrumb","itemListElement":[{"@type":"ListItem","position":1,"name":"\u9996\u9875","item":"https:\/\/vestpetproducts.com\/"},{"@type":"ListItem","position":2,"name":"Product","item":"https:\/\/vestpetproducts.com\/product\/"},{"@type":"ListItem","position":3,"name":"New Soft Pet Massage Brush Shampoo Dispenser for Dog Bath and Cats Shower Grooming"}]},{"@type":"WebSite","@id":"https:\/\/vestpetproducts.com\/#website","url":"https:\/\/vestpetproducts.com\/","name":"Shandong Vest International Trade Co., Ltd.","description":"Shandong Vest International Trade Co., Ltd.","potentialAction":[{"@type":"SearchAction","target":{"@type":"EntryPoint","urlTemplate":"https:\/\/vestpetproducts.com\/?s={search_term_string}"},"query-input":{"@type":"PropertyValueSpecification","valueRequired":true,"valueName":"search_term_string"}}],"inLanguage":"es"}]}},"_links":{"self":[{"href":"https:\/\/vestpetproducts.com\/es\/wp-json\/wp\/v2\/product\/1579","targetHints":{"allow":["GET"]}}],"collection":[{"href":"https:\/\/vestpetproducts.com\/es\/wp-json\/wp\/v2\/product"}],"about":[{"href":"https:\/\/vestpetproducts.com\/es\/wp-json\/wp\/v2\/types\/product"}],"wp:featuredmedia":[{"embeddable":true,"href":"https:\/\/vestpetproducts.com\/es\/wp-json\/wp\/v2\/media\/1580"}],"wp:attachment":[{"href":"https:\/\/vestpetproducts.com\/es\/wp-json\/wp\/v2\/media?parent=1579"}],"wp:term":[{"taxonomy":"product_brand","embeddable":true,"href":"https:\/\/vestpetproducts.com\/es\/wp-json\/wp\/v2\/product_brand?post=1579"},{"taxonomy":"product_cat","embeddable":true,"href":"https:\/\/vestpetproducts.com\/es\/wp-json\/wp\/v2\/product_cat?post=1579"},{"taxonomy":"product_tag","embeddable":true,"href":"https:\/\/vestpetproducts.com\/es\/wp-json\/wp\/v2\/product_tag?post=1579"}],"curies":[{"name":"wp","href":"https:\/\/api.w.org\/{rel}","templated":true}]}}