{"id":1548,"date":"2025-07-24T06:48:53","date_gmt":"2025-07-24T06:48:53","guid":{"rendered":"https:\/\/vestpetproducts.com\/?post_type=product&#038;p=1548"},"modified":"2025-08-13T08:25:44","modified_gmt":"2025-08-13T08:25:44","slug":"silicone-crystal-cat-litter-best-cat-sand-for-cats-toilet","status":"publish","type":"product","link":"https:\/\/vestpetproducts.com\/es\/producto\/silicone-crystal-cat-litter-best-cat-sand-for-cats-toilet\/","title":{"rendered":"Arena de cristal de silicona para gatos: la mejor arena para el ba\u00f1o de gatos."},"content":{"rendered":"<p><img loading=\"lazy\" decoding=\"async\" class=\"aligncenter size-full wp-image-1555\" src=\"http:\/\/vestpetproducts.com\/wp-content\/uploads\/2025\/07\/O1CN010gy8YS1nK77MBSmGV_2215391235070-0-cib.jpg\" alt=\"\" width=\"790\" height=\"678\" srcset=\"https:\/\/vestpetproducts.com\/wp-content\/uploads\/2025\/07\/O1CN010gy8YS1nK77MBSmGV_2215391235070-0-cib.jpg 790w, https:\/\/vestpetproducts.com\/wp-content\/uploads\/2025\/07\/O1CN010gy8YS1nK77MBSmGV_2215391235070-0-cib-500x429.jpg 500w, https:\/\/vestpetproducts.com\/wp-content\/uploads\/2025\/07\/O1CN010gy8YS1nK77MBSmGV_2215391235070-0-cib-300x257.jpg 300w, https:\/\/vestpetproducts.com\/wp-content\/uploads\/2025\/07\/O1CN010gy8YS1nK77MBSmGV_2215391235070-0-cib-768x659.jpg 768w, https:\/\/vestpetproducts.com\/wp-content\/uploads\/2025\/07\/O1CN010gy8YS1nK77MBSmGV_2215391235070-0-cib-14x12.jpg 14w, https:\/\/vestpetproducts.com\/wp-content\/uploads\/2025\/07\/O1CN010gy8YS1nK77MBSmGV_2215391235070-0-cib-87x75.jpg 87w, https:\/\/vestpetproducts.com\/wp-content\/uploads\/2025\/07\/O1CN010gy8YS1nK77MBSmGV_2215391235070-0-cib-480x412.jpg 480w\" sizes=\"auto, (max-width:767px) 480px, (max-width:790px) 100vw, 790px\" \/> <img loading=\"lazy\" decoding=\"async\" class=\"aligncenter size-full wp-image-1556\" src=\"http:\/\/vestpetproducts.com\/wp-content\/uploads\/2025\/07\/O1CN013ICjmm1nK77LWb6oW_2215391235070-0-cib.jpg\" alt=\"\" width=\"790\" height=\"679\" srcset=\"https:\/\/vestpetproducts.com\/wp-content\/uploads\/2025\/07\/O1CN013ICjmm1nK77LWb6oW_2215391235070-0-cib.jpg 790w, https:\/\/vestpetproducts.com\/wp-content\/uploads\/2025\/07\/O1CN013ICjmm1nK77LWb6oW_2215391235070-0-cib-500x430.jpg 500w, https:\/\/vestpetproducts.com\/wp-content\/uploads\/2025\/07\/O1CN013ICjmm1nK77LWb6oW_2215391235070-0-cib-300x258.jpg 300w, https:\/\/vestpetproducts.com\/wp-content\/uploads\/2025\/07\/O1CN013ICjmm1nK77LWb6oW_2215391235070-0-cib-768x660.jpg 768w, https:\/\/vestpetproducts.com\/wp-content\/uploads\/2025\/07\/O1CN013ICjmm1nK77LWb6oW_2215391235070-0-cib-14x12.jpg 14w, https:\/\/vestpetproducts.com\/wp-content\/uploads\/2025\/07\/O1CN013ICjmm1nK77LWb6oW_2215391235070-0-cib-87x75.jpg 87w, https:\/\/vestpetproducts.com\/wp-content\/uploads\/2025\/07\/O1CN013ICjmm1nK77LWb6oW_2215391235070-0-cib-480x413.jpg 480w\" sizes=\"auto, (max-width:767px) 480px, (max-width:790px) 100vw, 790px\" \/><img loading=\"lazy\" decoding=\"async\" class=\"aligncenter size-full wp-image-1564\" src=\"http:\/\/vestpetproducts.com\/wp-content\/uploads\/2025\/07\/O1CN01Fm0eY41nK77FADzv2_2215391235070-0-cib.jpg\" alt=\"\" width=\"790\" height=\"678\" srcset=\"https:\/\/vestpetproducts.com\/wp-content\/uploads\/2025\/07\/O1CN01Fm0eY41nK77FADzv2_2215391235070-0-cib.jpg 790w, https:\/\/vestpetproducts.com\/wp-content\/uploads\/2025\/07\/O1CN01Fm0eY41nK77FADzv2_2215391235070-0-cib-500x429.jpg 500w, https:\/\/vestpetproducts.com\/wp-content\/uploads\/2025\/07\/O1CN01Fm0eY41nK77FADzv2_2215391235070-0-cib-300x257.jpg 300w, https:\/\/vestpetproducts.com\/wp-content\/uploads\/2025\/07\/O1CN01Fm0eY41nK77FADzv2_2215391235070-0-cib-768x659.jpg 768w, https:\/\/vestpetproducts.com\/wp-content\/uploads\/2025\/07\/O1CN01Fm0eY41nK77FADzv2_2215391235070-0-cib-14x12.jpg 14w, https:\/\/vestpetproducts.com\/wp-content\/uploads\/2025\/07\/O1CN01Fm0eY41nK77FADzv2_2215391235070-0-cib-87x75.jpg 87w, https:\/\/vestpetproducts.com\/wp-content\/uploads\/2025\/07\/O1CN01Fm0eY41nK77FADzv2_2215391235070-0-cib-480x412.jpg 480w\" sizes=\"auto, (max-width:767px) 480px, (max-width:790px) 100vw, 790px\" \/> <img loading=\"lazy\" decoding=\"async\" class=\"aligncenter size-full wp-image-1559\" src=\"http:\/\/vestpetproducts.com\/wp-content\/uploads\/2025\/07\/O1CN01dYvbvw1nK77K0zqwB_2215391235070-0-cib.jpg\" alt=\"\" width=\"790\" height=\"679\" srcset=\"https:\/\/vestpetproducts.com\/wp-content\/uploads\/2025\/07\/O1CN01dYvbvw1nK77K0zqwB_2215391235070-0-cib.jpg 790w, https:\/\/vestpetproducts.com\/wp-content\/uploads\/2025\/07\/O1CN01dYvbvw1nK77K0zqwB_2215391235070-0-cib-500x430.jpg 500w, https:\/\/vestpetproducts.com\/wp-content\/uploads\/2025\/07\/O1CN01dYvbvw1nK77K0zqwB_2215391235070-0-cib-300x258.jpg 300w, https:\/\/vestpetproducts.com\/wp-content\/uploads\/2025\/07\/O1CN01dYvbvw1nK77K0zqwB_2215391235070-0-cib-768x660.jpg 768w, https:\/\/vestpetproducts.com\/wp-content\/uploads\/2025\/07\/O1CN01dYvbvw1nK77K0zqwB_2215391235070-0-cib-14x12.jpg 14w, https:\/\/vestpetproducts.com\/wp-content\/uploads\/2025\/07\/O1CN01dYvbvw1nK77K0zqwB_2215391235070-0-cib-87x75.jpg 87w, https:\/\/vestpetproducts.com\/wp-content\/uploads\/2025\/07\/O1CN01dYvbvw1nK77K0zqwB_2215391235070-0-cib-480x413.jpg 480w\" sizes=\"auto, (max-width:767px) 480px, (max-width:790px) 100vw, 790px\" \/> <img loading=\"lazy\" decoding=\"async\" class=\"aligncenter size-full wp-image-1561\" src=\"http:\/\/vestpetproducts.com\/wp-content\/uploads\/2025\/07\/O1CN01xfw5q01nK77LrFXjm_2215391235070-0-cib.jpg\" alt=\"\" width=\"790\" height=\"678\" srcset=\"https:\/\/vestpetproducts.com\/wp-content\/uploads\/2025\/07\/O1CN01xfw5q01nK77LrFXjm_2215391235070-0-cib.jpg 790w, https:\/\/vestpetproducts.com\/wp-content\/uploads\/2025\/07\/O1CN01xfw5q01nK77LrFXjm_2215391235070-0-cib-500x429.jpg 500w, https:\/\/vestpetproducts.com\/wp-content\/uploads\/2025\/07\/O1CN01xfw5q01nK77LrFXjm_2215391235070-0-cib-300x257.jpg 300w, https:\/\/vestpetproducts.com\/wp-content\/uploads\/2025\/07\/O1CN01xfw5q01nK77LrFXjm_2215391235070-0-cib-768x659.jpg 768w, https:\/\/vestpetproducts.com\/wp-content\/uploads\/2025\/07\/O1CN01xfw5q01nK77LrFXjm_2215391235070-0-cib-14x12.jpg 14w, https:\/\/vestpetproducts.com\/wp-content\/uploads\/2025\/07\/O1CN01xfw5q01nK77LrFXjm_2215391235070-0-cib-87x75.jpg 87w, https:\/\/vestpetproducts.com\/wp-content\/uploads\/2025\/07\/O1CN01xfw5q01nK77LrFXjm_2215391235070-0-cib-480x412.jpg 480w\" sizes=\"auto, (max-width:767px) 480px, (max-width:790px) 100vw, 790px\" \/><img loading=\"lazy\" decoding=\"async\" class=\"aligncenter size-full wp-image-1560\" src=\"http:\/\/vestpetproducts.com\/wp-content\/uploads\/2025\/07\/O1CN01NJbUeh1nK77MwDa6P_2215391235070-0-cib.jpg\" alt=\"\" width=\"790\" height=\"679\" srcset=\"https:\/\/vestpetproducts.com\/wp-content\/uploads\/2025\/07\/O1CN01NJbUeh1nK77MwDa6P_2215391235070-0-cib.jpg 790w, https:\/\/vestpetproducts.com\/wp-content\/uploads\/2025\/07\/O1CN01NJbUeh1nK77MwDa6P_2215391235070-0-cib-500x430.jpg 500w, https:\/\/vestpetproducts.com\/wp-content\/uploads\/2025\/07\/O1CN01NJbUeh1nK77MwDa6P_2215391235070-0-cib-300x258.jpg 300w, https:\/\/vestpetproducts.com\/wp-content\/uploads\/2025\/07\/O1CN01NJbUeh1nK77MwDa6P_2215391235070-0-cib-768x660.jpg 768w, https:\/\/vestpetproducts.com\/wp-content\/uploads\/2025\/07\/O1CN01NJbUeh1nK77MwDa6P_2215391235070-0-cib-14x12.jpg 14w, https:\/\/vestpetproducts.com\/wp-content\/uploads\/2025\/07\/O1CN01NJbUeh1nK77MwDa6P_2215391235070-0-cib-87x75.jpg 87w, https:\/\/vestpetproducts.com\/wp-content\/uploads\/2025\/07\/O1CN01NJbUeh1nK77MwDa6P_2215391235070-0-cib-480x413.jpg 480w\" sizes=\"auto, (max-width:767px) 480px, (max-width:790px) 100vw, 790px\" \/> <img loading=\"lazy\" decoding=\"async\" class=\"aligncenter size-full wp-image-1562\" src=\"http:\/\/vestpetproducts.com\/wp-content\/uploads\/2025\/07\/O1CN01YIvqCE1nK77LWadje_2215391235070-0-cib.jpg\" alt=\"\" width=\"790\" height=\"678\" srcset=\"https:\/\/vestpetproducts.com\/wp-content\/uploads\/2025\/07\/O1CN01YIvqCE1nK77LWadje_2215391235070-0-cib.jpg 790w, https:\/\/vestpetproducts.com\/wp-content\/uploads\/2025\/07\/O1CN01YIvqCE1nK77LWadje_2215391235070-0-cib-500x429.jpg 500w, https:\/\/vestpetproducts.com\/wp-content\/uploads\/2025\/07\/O1CN01YIvqCE1nK77LWadje_2215391235070-0-cib-300x257.jpg 300w, https:\/\/vestpetproducts.com\/wp-content\/uploads\/2025\/07\/O1CN01YIvqCE1nK77LWadje_2215391235070-0-cib-768x659.jpg 768w, https:\/\/vestpetproducts.com\/wp-content\/uploads\/2025\/07\/O1CN01YIvqCE1nK77LWadje_2215391235070-0-cib-14x12.jpg 14w, https:\/\/vestpetproducts.com\/wp-content\/uploads\/2025\/07\/O1CN01YIvqCE1nK77LWadje_2215391235070-0-cib-87x75.jpg 87w, https:\/\/vestpetproducts.com\/wp-content\/uploads\/2025\/07\/O1CN01YIvqCE1nK77LWadje_2215391235070-0-cib-480x412.jpg 480w\" sizes=\"auto, (max-width:767px) 480px, (max-width:790px) 100vw, 790px\" \/> <img loading=\"lazy\" decoding=\"async\" class=\"aligncenter size-full wp-image-1563\" src=\"http:\/\/vestpetproducts.com\/wp-content\/uploads\/2025\/07\/O1CN01Rs4eDA1nK77LBvhW4_2215391235070-0-cib.jpg\" alt=\"\" width=\"790\" height=\"679\" srcset=\"https:\/\/vestpetproducts.com\/wp-content\/uploads\/2025\/07\/O1CN01Rs4eDA1nK77LBvhW4_2215391235070-0-cib.jpg 790w, https:\/\/vestpetproducts.com\/wp-content\/uploads\/2025\/07\/O1CN01Rs4eDA1nK77LBvhW4_2215391235070-0-cib-500x430.jpg 500w, https:\/\/vestpetproducts.com\/wp-content\/uploads\/2025\/07\/O1CN01Rs4eDA1nK77LBvhW4_2215391235070-0-cib-300x258.jpg 300w, https:\/\/vestpetproducts.com\/wp-content\/uploads\/2025\/07\/O1CN01Rs4eDA1nK77LBvhW4_2215391235070-0-cib-768x660.jpg 768w, https:\/\/vestpetproducts.com\/wp-content\/uploads\/2025\/07\/O1CN01Rs4eDA1nK77LBvhW4_2215391235070-0-cib-14x12.jpg 14w, https:\/\/vestpetproducts.com\/wp-content\/uploads\/2025\/07\/O1CN01Rs4eDA1nK77LBvhW4_2215391235070-0-cib-87x75.jpg 87w, https:\/\/vestpetproducts.com\/wp-content\/uploads\/2025\/07\/O1CN01Rs4eDA1nK77LBvhW4_2215391235070-0-cib-480x413.jpg 480w\" sizes=\"auto, (max-width:767px) 480px, (max-width:790px) 100vw, 790px\" \/><img loading=\"lazy\" decoding=\"async\" class=\"aligncenter size-full wp-image-1554\" src=\"http:\/\/vestpetproducts.com\/wp-content\/uploads\/2025\/07\/O1CN01qSd9lt1nK77LWZQt4_2215391235070-0-cib.jpg\" alt=\"\" width=\"790\" height=\"678\" srcset=\"https:\/\/vestpetproducts.com\/wp-content\/uploads\/2025\/07\/O1CN01qSd9lt1nK77LWZQt4_2215391235070-0-cib.jpg 790w, https:\/\/vestpetproducts.com\/wp-content\/uploads\/2025\/07\/O1CN01qSd9lt1nK77LWZQt4_2215391235070-0-cib-500x429.jpg 500w, https:\/\/vestpetproducts.com\/wp-content\/uploads\/2025\/07\/O1CN01qSd9lt1nK77LWZQt4_2215391235070-0-cib-300x257.jpg 300w, https:\/\/vestpetproducts.com\/wp-content\/uploads\/2025\/07\/O1CN01qSd9lt1nK77LWZQt4_2215391235070-0-cib-768x659.jpg 768w, https:\/\/vestpetproducts.com\/wp-content\/uploads\/2025\/07\/O1CN01qSd9lt1nK77LWZQt4_2215391235070-0-cib-14x12.jpg 14w, https:\/\/vestpetproducts.com\/wp-content\/uploads\/2025\/07\/O1CN01qSd9lt1nK77LWZQt4_2215391235070-0-cib-87x75.jpg 87w, https:\/\/vestpetproducts.com\/wp-content\/uploads\/2025\/07\/O1CN01qSd9lt1nK77LWZQt4_2215391235070-0-cib-480x412.jpg 480w\" sizes=\"auto, (max-width:767px) 480px, (max-width:790px) 100vw, 790px\" \/><img loading=\"lazy\" decoding=\"async\" class=\"aligncenter size-full wp-image-1565\" src=\"http:\/\/vestpetproducts.com\/wp-content\/uploads\/2025\/07\/O1CN01Bt6ZDo1nK77JXAIRB_2215391235070-0-cib1.jpg\" alt=\"\" width=\"790\" height=\"679\" srcset=\"https:\/\/vestpetproducts.com\/wp-content\/uploads\/2025\/07\/O1CN01Bt6ZDo1nK77JXAIRB_2215391235070-0-cib1.jpg 790w, https:\/\/vestpetproducts.com\/wp-content\/uploads\/2025\/07\/O1CN01Bt6ZDo1nK77JXAIRB_2215391235070-0-cib1-500x430.jpg 500w, https:\/\/vestpetproducts.com\/wp-content\/uploads\/2025\/07\/O1CN01Bt6ZDo1nK77JXAIRB_2215391235070-0-cib1-300x258.jpg 300w, https:\/\/vestpetproducts.com\/wp-content\/uploads\/2025\/07\/O1CN01Bt6ZDo1nK77JXAIRB_2215391235070-0-cib1-768x660.jpg 768w, https:\/\/vestpetproducts.com\/wp-content\/uploads\/2025\/07\/O1CN01Bt6ZDo1nK77JXAIRB_2215391235070-0-cib1-14x12.jpg 14w, https:\/\/vestpetproducts.com\/wp-content\/uploads\/2025\/07\/O1CN01Bt6ZDo1nK77JXAIRB_2215391235070-0-cib1-87x75.jpg 87w, https:\/\/vestpetproducts.com\/wp-content\/uploads\/2025\/07\/O1CN01Bt6ZDo1nK77JXAIRB_2215391235070-0-cib1-480x413.jpg 480w\" sizes=\"auto, (max-width:767px) 480px, (max-width:790px) 100vw, 790px\" \/><\/p>","protected":false},"excerpt":{"rendered":"<p>Color: Azul<\/p>\n<p>Nuestra s\u00edlice puede absorber todos los excrementos y orina de las mascotas y el olor peculiar que desprenden.<\/p>\n<p>Tambi\u00e9n pueden controlar el crecimiento de bacterias y mantener la superficie de las arenas seca y limpia, para que las mascotas puedan vivir en un entorno seguro y sanitario.<\/p>\n<p>Arena para gatos de gel de s\u00edlice premium: control m\u00e1ximo de olores y humedad<\/p>\n<p>Tecnolog\u00eda de absorci\u00f3n avanzada<br \/>\n\u2022 Bloquea instant\u00e1neamente todos los desechos l\u00edquidos y olores.<br \/>\n\u2022 Neutraliza completamente los olores a amoniaco.<\/p>\n<p>Sistema de protecci\u00f3n higi\u00e9nica<br \/>\n\u2022 Las propiedades antibacterianas incorporadas inhiben el crecimiento bacteriano.<br \/>\n\u2022 Mantiene la superficie seca para evitar la contaminaci\u00f3n de las patas.<\/p>\n<p>Garant\u00eda de seguridad<br \/>\n\u2022 Crea un ambiente m\u00e1s limpio y saludable para las mascotas.<\/p>\n<p>Beneficios clave:<\/p>\n<p>Absorci\u00f3n de orina 3 veces m\u00e1s r\u00e1pida que la arena convencional<\/p>\n<p>La f\u00f3rmula de bajo contenido de polvo protege la salud respiratoria.<\/p>\n<p>Ultraligero para un f\u00e1cil manejo.<\/p>","protected":false},"featured_media":1549,"template":"","meta":{"content-type":""},"product_brand":[],"product_cat":[126],"product_tag":[],"class_list":{"0":"post-1548","1":"product","2":"type-product","3":"status-publish","4":"has-post-thumbnail","6":"product_cat-silicone-cat-litter","8":"first","9":"instock","10":"shipping-taxable","11":"product-type-simple"},"yoast_head":"<!-- This site is optimized with the Yoast SEO plugin v24.9 - https:\/\/yoast.com\/wordpress\/plugins\/seo\/ -->\n<title>Silicone Crystal Cat Litter Best Cat Sand for Cats Toilet - Shandong Vest International Trade Co., Ltd.<\/title>\n<meta name=\"robots\" content=\"index, follow, max-snippet:-1, max-image-preview:large, max-video-preview:-1\" \/>\n<link rel=\"canonical\" href=\"https:\/\/vestpetproducts.com\/es\/producto\/silicone-crystal-cat-litter-best-cat-sand-for-cats-toilet\/\" \/>\n<meta property=\"og:locale\" content=\"es_ES\" \/>\n<meta property=\"og:type\" content=\"article\" \/>\n<meta property=\"og:title\" content=\"Silicone Crystal Cat Litter Best Cat Sand for Cats Toilet - Shandong Vest International Trade Co., Ltd.\" \/>\n<meta property=\"og:description\" content=\"Color\uff1aBlue  Our silica can absorb all excrement and urine of pets and peculiar smell given off from them.  They can also control the growth of bacterium and keep the surface of the sands dry and clean, so the pets may live in a safe and sanitary environment.  Premium Silica Gel Cat Litter - Ultimate Odor &amp; Moisture Control  Advanced Absorption Technology \u2022 Instantly locks in all liquid waste and odors \u2022 Neutralizes ammonia smells completely  Hygienic Protection System \u2022 Built-in antibacterial properties inhibit bacterial growth \u2022 Maintains dry surface to prevent paw contamination  Safety Assurance \u2022 Creates cleaner, healthier environment for pets  Key Benefits:  3x faster urine absorption vs regular litter  Low-dust formula protects respiratory health  Ultra-lightweight for easy handling\" \/>\n<meta property=\"og:url\" content=\"https:\/\/vestpetproducts.com\/es\/producto\/silicone-crystal-cat-litter-best-cat-sand-for-cats-toilet\/\" \/>\n<meta property=\"og:site_name\" content=\"Shandong Vest International Trade Co., Ltd.\" \/>\n<meta property=\"article:modified_time\" content=\"2025-08-13T08:25:44+00:00\" \/>\n<meta property=\"og:image\" content=\"https:\/\/vestpetproducts.com\/wp-content\/uploads\/2025\/07\/O1CN0153I95f1nK73j7fool_2215391235070-0-cib.jpg\" \/>\n\t<meta property=\"og:image:width\" content=\"800\" \/>\n\t<meta property=\"og:image:height\" content=\"800\" \/>\n\t<meta property=\"og:image:type\" content=\"image\/jpeg\" \/>\n<meta name=\"twitter:card\" content=\"summary_large_image\" \/>\n<meta name=\"twitter:label1\" content=\"Tiempo de lectura\" \/>\n\t<meta name=\"twitter:data1\" content=\"3 minutos\" \/>\n<script type=\"application\/ld+json\" class=\"yoast-schema-graph\">{\"@context\":\"https:\/\/schema.org\",\"@graph\":[{\"@type\":\"WebPage\",\"@id\":\"https:\/\/vestpetproducts.com\/product\/silicone-crystal-cat-litter-best-cat-sand-for-cats-toilet\/\",\"url\":\"https:\/\/vestpetproducts.com\/product\/silicone-crystal-cat-litter-best-cat-sand-for-cats-toilet\/\",\"name\":\"Silicone Crystal Cat Litter Best Cat Sand for Cats Toilet - Shandong Vest International Trade Co., Ltd.\",\"isPartOf\":{\"@id\":\"https:\/\/vestpetproducts.com\/#website\"},\"primaryImageOfPage\":{\"@id\":\"https:\/\/vestpetproducts.com\/product\/silicone-crystal-cat-litter-best-cat-sand-for-cats-toilet\/#primaryimage\"},\"image\":{\"@id\":\"https:\/\/vestpetproducts.com\/product\/silicone-crystal-cat-litter-best-cat-sand-for-cats-toilet\/#primaryimage\"},\"thumbnailUrl\":\"https:\/\/vestpetproducts.com\/wp-content\/uploads\/2025\/07\/O1CN0153I95f1nK73j7fool_2215391235070-0-cib.jpg\",\"datePublished\":\"2025-07-24T06:48:53+00:00\",\"dateModified\":\"2025-08-13T08:25:44+00:00\",\"breadcrumb\":{\"@id\":\"https:\/\/vestpetproducts.com\/product\/silicone-crystal-cat-litter-best-cat-sand-for-cats-toilet\/#breadcrumb\"},\"inLanguage\":\"es\",\"potentialAction\":[{\"@type\":\"ReadAction\",\"target\":[\"https:\/\/vestpetproducts.com\/product\/silicone-crystal-cat-litter-best-cat-sand-for-cats-toilet\/\"]}]},{\"@type\":\"ImageObject\",\"inLanguage\":\"es\",\"@id\":\"https:\/\/vestpetproducts.com\/product\/silicone-crystal-cat-litter-best-cat-sand-for-cats-toilet\/#primaryimage\",\"url\":\"https:\/\/vestpetproducts.com\/wp-content\/uploads\/2025\/07\/O1CN0153I95f1nK73j7fool_2215391235070-0-cib.jpg\",\"contentUrl\":\"https:\/\/vestpetproducts.com\/wp-content\/uploads\/2025\/07\/O1CN0153I95f1nK73j7fool_2215391235070-0-cib.jpg\",\"width\":800,\"height\":800},{\"@type\":\"BreadcrumbList\",\"@id\":\"https:\/\/vestpetproducts.com\/product\/silicone-crystal-cat-litter-best-cat-sand-for-cats-toilet\/#breadcrumb\",\"itemListElement\":[{\"@type\":\"ListItem\",\"position\":1,\"name\":\"\u9996\u9875\",\"item\":\"https:\/\/vestpetproducts.com\/\"},{\"@type\":\"ListItem\",\"position\":2,\"name\":\"Product\",\"item\":\"https:\/\/vestpetproducts.com\/product\/\"},{\"@type\":\"ListItem\",\"position\":3,\"name\":\"Silicone Crystal Cat Litter Best Cat Sand for Cats Toilet\"}]},{\"@type\":\"WebSite\",\"@id\":\"https:\/\/vestpetproducts.com\/#website\",\"url\":\"https:\/\/vestpetproducts.com\/\",\"name\":\"Shandong Vest International Trade Co., Ltd.\",\"description\":\"Shandong Vest International Trade Co., Ltd.\",\"potentialAction\":[{\"@type\":\"SearchAction\",\"target\":{\"@type\":\"EntryPoint\",\"urlTemplate\":\"https:\/\/vestpetproducts.com\/?s={search_term_string}\"},\"query-input\":{\"@type\":\"PropertyValueSpecification\",\"valueRequired\":true,\"valueName\":\"search_term_string\"}}],\"inLanguage\":\"es\"}]}<\/script>\n<!-- \/ Yoast SEO plugin. -->","yoast_head_json":{"title":"Silicone Crystal Cat Litter Best Cat Sand for Cats Toilet - Shandong Vest International Trade Co., Ltd.","robots":{"index":"index","follow":"follow","max-snippet":"max-snippet:-1","max-image-preview":"max-image-preview:large","max-video-preview":"max-video-preview:-1"},"canonical":"https:\/\/vestpetproducts.com\/es\/producto\/silicone-crystal-cat-litter-best-cat-sand-for-cats-toilet\/","og_locale":"es_ES","og_type":"article","og_title":"Silicone Crystal Cat Litter Best Cat Sand for Cats Toilet - Shandong Vest International Trade Co., Ltd.","og_description":"Color\uff1aBlue  Our silica can absorb all excrement and urine of pets and peculiar smell given off from them.  They can also control the growth of bacterium and keep the surface of the sands dry and clean, so the pets may live in a safe and sanitary environment.  Premium Silica Gel Cat Litter - Ultimate Odor &amp; Moisture Control  Advanced Absorption Technology \u2022 Instantly locks in all liquid waste and odors \u2022 Neutralizes ammonia smells completely  Hygienic Protection System \u2022 Built-in antibacterial properties inhibit bacterial growth \u2022 Maintains dry surface to prevent paw contamination  Safety Assurance \u2022 Creates cleaner, healthier environment for pets  Key Benefits:  3x faster urine absorption vs regular litter  Low-dust formula protects respiratory health  Ultra-lightweight for easy handling","og_url":"https:\/\/vestpetproducts.com\/es\/producto\/silicone-crystal-cat-litter-best-cat-sand-for-cats-toilet\/","og_site_name":"Shandong Vest International Trade Co., Ltd.","article_modified_time":"2025-08-13T08:25:44+00:00","og_image":[{"width":800,"height":800,"url":"https:\/\/vestpetproducts.com\/wp-content\/uploads\/2025\/07\/O1CN0153I95f1nK73j7fool_2215391235070-0-cib.jpg","type":"image\/jpeg"}],"twitter_card":"summary_large_image","twitter_misc":{"Tiempo de lectura":"3 minutos"},"schema":{"@context":"https:\/\/schema.org","@graph":[{"@type":"WebPage","@id":"https:\/\/vestpetproducts.com\/product\/silicone-crystal-cat-litter-best-cat-sand-for-cats-toilet\/","url":"https:\/\/vestpetproducts.com\/product\/silicone-crystal-cat-litter-best-cat-sand-for-cats-toilet\/","name":"Silicone Crystal Cat Litter Best Cat Sand for Cats Toilet - Shandong Vest International Trade Co., Ltd.","isPartOf":{"@id":"https:\/\/vestpetproducts.com\/#website"},"primaryImageOfPage":{"@id":"https:\/\/vestpetproducts.com\/product\/silicone-crystal-cat-litter-best-cat-sand-for-cats-toilet\/#primaryimage"},"image":{"@id":"https:\/\/vestpetproducts.com\/product\/silicone-crystal-cat-litter-best-cat-sand-for-cats-toilet\/#primaryimage"},"thumbnailUrl":"https:\/\/vestpetproducts.com\/wp-content\/uploads\/2025\/07\/O1CN0153I95f1nK73j7fool_2215391235070-0-cib.jpg","datePublished":"2025-07-24T06:48:53+00:00","dateModified":"2025-08-13T08:25:44+00:00","breadcrumb":{"@id":"https:\/\/vestpetproducts.com\/product\/silicone-crystal-cat-litter-best-cat-sand-for-cats-toilet\/#breadcrumb"},"inLanguage":"es","potentialAction":[{"@type":"ReadAction","target":["https:\/\/vestpetproducts.com\/product\/silicone-crystal-cat-litter-best-cat-sand-for-cats-toilet\/"]}]},{"@type":"ImageObject","inLanguage":"es","@id":"https:\/\/vestpetproducts.com\/product\/silicone-crystal-cat-litter-best-cat-sand-for-cats-toilet\/#primaryimage","url":"https:\/\/vestpetproducts.com\/wp-content\/uploads\/2025\/07\/O1CN0153I95f1nK73j7fool_2215391235070-0-cib.jpg","contentUrl":"https:\/\/vestpetproducts.com\/wp-content\/uploads\/2025\/07\/O1CN0153I95f1nK73j7fool_2215391235070-0-cib.jpg","width":800,"height":800},{"@type":"BreadcrumbList","@id":"https:\/\/vestpetproducts.com\/product\/silicone-crystal-cat-litter-best-cat-sand-for-cats-toilet\/#breadcrumb","itemListElement":[{"@type":"ListItem","position":1,"name":"\u9996\u9875","item":"https:\/\/vestpetproducts.com\/"},{"@type":"ListItem","position":2,"name":"Product","item":"https:\/\/vestpetproducts.com\/product\/"},{"@type":"ListItem","position":3,"name":"Silicone Crystal Cat Litter Best Cat Sand for Cats Toilet"}]},{"@type":"WebSite","@id":"https:\/\/vestpetproducts.com\/#website","url":"https:\/\/vestpetproducts.com\/","name":"Shandong Vest International Trade Co., Ltd.","description":"Shandong Vest International Trade Co., Ltd.","potentialAction":[{"@type":"SearchAction","target":{"@type":"EntryPoint","urlTemplate":"https:\/\/vestpetproducts.com\/?s={search_term_string}"},"query-input":{"@type":"PropertyValueSpecification","valueRequired":true,"valueName":"search_term_string"}}],"inLanguage":"es"}]}},"_links":{"self":[{"href":"https:\/\/vestpetproducts.com\/es\/wp-json\/wp\/v2\/product\/1548","targetHints":{"allow":["GET"]}}],"collection":[{"href":"https:\/\/vestpetproducts.com\/es\/wp-json\/wp\/v2\/product"}],"about":[{"href":"https:\/\/vestpetproducts.com\/es\/wp-json\/wp\/v2\/types\/product"}],"wp:featuredmedia":[{"embeddable":true,"href":"https:\/\/vestpetproducts.com\/es\/wp-json\/wp\/v2\/media\/1549"}],"wp:attachment":[{"href":"https:\/\/vestpetproducts.com\/es\/wp-json\/wp\/v2\/media?parent=1548"}],"wp:term":[{"taxonomy":"product_brand","embeddable":true,"href":"https:\/\/vestpetproducts.com\/es\/wp-json\/wp\/v2\/product_brand?post=1548"},{"taxonomy":"product_cat","embeddable":true,"href":"https:\/\/vestpetproducts.com\/es\/wp-json\/wp\/v2\/product_cat?post=1548"},{"taxonomy":"product_tag","embeddable":true,"href":"https:\/\/vestpetproducts.com\/es\/wp-json\/wp\/v2\/product_tag?post=1548"}],"curies":[{"name":"wp","href":"https:\/\/api.w.org\/{rel}","templated":true}]}}