{"id":1479,"date":"2025-07-24T03:08:22","date_gmt":"2025-07-24T03:08:22","guid":{"rendered":"https:\/\/vestpetproducts.com\/?post_type=product&#038;p=1479"},"modified":"2025-08-05T09:41:15","modified_gmt":"2025-08-05T09:41:15","slug":"white-memorial-box-urn-cremation-storage-box-funeral-supplies","status":"publish","type":"product","link":"https:\/\/vestpetproducts.com\/es\/producto\/white-memorial-box-urn-cremation-storage-box-funeral-supplies\/","title":{"rendered":"Urna conmemorativa blanca, caja de cremaci\u00f3n, suministros funerarios"},"content":{"rendered":"<p><img loading=\"lazy\" decoding=\"async\" class=\"aligncenter size-full wp-image-1486\" src=\"http:\/\/vestpetproducts.com\/wp-content\/uploads\/2025\/07\/O1CN01g0Jzd91HYi2F5mrEH_2208325010770-0-cib.jpg\" alt=\"\" width=\"800\" height=\"954\" srcset=\"https:\/\/vestpetproducts.com\/wp-content\/uploads\/2025\/07\/O1CN01g0Jzd91HYi2F5mrEH_2208325010770-0-cib.jpg 800w, https:\/\/vestpetproducts.com\/wp-content\/uploads\/2025\/07\/O1CN01g0Jzd91HYi2F5mrEH_2208325010770-0-cib-419x500.jpg 419w, https:\/\/vestpetproducts.com\/wp-content\/uploads\/2025\/07\/O1CN01g0Jzd91HYi2F5mrEH_2208325010770-0-cib-252x300.jpg 252w, https:\/\/vestpetproducts.com\/wp-content\/uploads\/2025\/07\/O1CN01g0Jzd91HYi2F5mrEH_2208325010770-0-cib-768x916.jpg 768w, https:\/\/vestpetproducts.com\/wp-content\/uploads\/2025\/07\/O1CN01g0Jzd91HYi2F5mrEH_2208325010770-0-cib-10x12.jpg 10w, https:\/\/vestpetproducts.com\/wp-content\/uploads\/2025\/07\/O1CN01g0Jzd91HYi2F5mrEH_2208325010770-0-cib-63x75.jpg 63w, https:\/\/vestpetproducts.com\/wp-content\/uploads\/2025\/07\/O1CN01g0Jzd91HYi2F5mrEH_2208325010770-0-cib-480x572.jpg 480w\" sizes=\"auto, (max-width:767px) 480px, (max-width:800px) 100vw, 800px\" \/> <img loading=\"lazy\" decoding=\"async\" class=\"aligncenter size-full wp-image-1487\" src=\"http:\/\/vestpetproducts.com\/wp-content\/uploads\/2025\/07\/O1CN019h8MCP1HYi2FDD8hK_2208325010770-0-cib.jpg\" alt=\"\" width=\"800\" height=\"840\" srcset=\"https:\/\/vestpetproducts.com\/wp-content\/uploads\/2025\/07\/O1CN019h8MCP1HYi2FDD8hK_2208325010770-0-cib.jpg 800w, https:\/\/vestpetproducts.com\/wp-content\/uploads\/2025\/07\/O1CN019h8MCP1HYi2FDD8hK_2208325010770-0-cib-476x500.jpg 476w, https:\/\/vestpetproducts.com\/wp-content\/uploads\/2025\/07\/O1CN019h8MCP1HYi2FDD8hK_2208325010770-0-cib-286x300.jpg 286w, https:\/\/vestpetproducts.com\/wp-content\/uploads\/2025\/07\/O1CN019h8MCP1HYi2FDD8hK_2208325010770-0-cib-768x806.jpg 768w, https:\/\/vestpetproducts.com\/wp-content\/uploads\/2025\/07\/O1CN019h8MCP1HYi2FDD8hK_2208325010770-0-cib-11x12.jpg 11w, https:\/\/vestpetproducts.com\/wp-content\/uploads\/2025\/07\/O1CN019h8MCP1HYi2FDD8hK_2208325010770-0-cib-71x75.jpg 71w, https:\/\/vestpetproducts.com\/wp-content\/uploads\/2025\/07\/O1CN019h8MCP1HYi2FDD8hK_2208325010770-0-cib-480x504.jpg 480w\" sizes=\"auto, (max-width:767px) 480px, (max-width:800px) 100vw, 800px\" \/> <img loading=\"lazy\" decoding=\"async\" class=\"aligncenter size-full wp-image-1488\" src=\"http:\/\/vestpetproducts.com\/wp-content\/uploads\/2025\/07\/O1CN01bSB3JR1HYi28kV0fB_2208325010770-0-cib.jpg\" alt=\"\" width=\"800\" height=\"696\" srcset=\"https:\/\/vestpetproducts.com\/wp-content\/uploads\/2025\/07\/O1CN01bSB3JR1HYi28kV0fB_2208325010770-0-cib.jpg 800w, https:\/\/vestpetproducts.com\/wp-content\/uploads\/2025\/07\/O1CN01bSB3JR1HYi28kV0fB_2208325010770-0-cib-500x435.jpg 500w, https:\/\/vestpetproducts.com\/wp-content\/uploads\/2025\/07\/O1CN01bSB3JR1HYi28kV0fB_2208325010770-0-cib-300x261.jpg 300w, https:\/\/vestpetproducts.com\/wp-content\/uploads\/2025\/07\/O1CN01bSB3JR1HYi28kV0fB_2208325010770-0-cib-768x668.jpg 768w, https:\/\/vestpetproducts.com\/wp-content\/uploads\/2025\/07\/O1CN01bSB3JR1HYi28kV0fB_2208325010770-0-cib-14x12.jpg 14w, https:\/\/vestpetproducts.com\/wp-content\/uploads\/2025\/07\/O1CN01bSB3JR1HYi28kV0fB_2208325010770-0-cib-86x75.jpg 86w, https:\/\/vestpetproducts.com\/wp-content\/uploads\/2025\/07\/O1CN01bSB3JR1HYi28kV0fB_2208325010770-0-cib-480x418.jpg 480w\" sizes=\"auto, (max-width:767px) 480px, (max-width:800px) 100vw, 800px\" \/> <img loading=\"lazy\" decoding=\"async\" class=\"aligncenter size-full wp-image-1489\" src=\"http:\/\/vestpetproducts.com\/wp-content\/uploads\/2025\/07\/O1CN015UJ0xj1HYi2F5ow87_2208325010770-0-cib.jpg\" alt=\"\" width=\"800\" height=\"950\" srcset=\"https:\/\/vestpetproducts.com\/wp-content\/uploads\/2025\/07\/O1CN015UJ0xj1HYi2F5ow87_2208325010770-0-cib.jpg 800w, https:\/\/vestpetproducts.com\/wp-content\/uploads\/2025\/07\/O1CN015UJ0xj1HYi2F5ow87_2208325010770-0-cib-421x500.jpg 421w, https:\/\/vestpetproducts.com\/wp-content\/uploads\/2025\/07\/O1CN015UJ0xj1HYi2F5ow87_2208325010770-0-cib-253x300.jpg 253w, https:\/\/vestpetproducts.com\/wp-content\/uploads\/2025\/07\/O1CN015UJ0xj1HYi2F5ow87_2208325010770-0-cib-768x912.jpg 768w, https:\/\/vestpetproducts.com\/wp-content\/uploads\/2025\/07\/O1CN015UJ0xj1HYi2F5ow87_2208325010770-0-cib-10x12.jpg 10w, https:\/\/vestpetproducts.com\/wp-content\/uploads\/2025\/07\/O1CN015UJ0xj1HYi2F5ow87_2208325010770-0-cib-63x75.jpg 63w, https:\/\/vestpetproducts.com\/wp-content\/uploads\/2025\/07\/O1CN015UJ0xj1HYi2F5ow87_2208325010770-0-cib-480x570.jpg 480w\" sizes=\"auto, (max-width:767px) 480px, (max-width:800px) 100vw, 800px\" \/> <img loading=\"lazy\" decoding=\"async\" class=\"aligncenter size-full wp-image-1490\" src=\"http:\/\/vestpetproducts.com\/wp-content\/uploads\/2025\/07\/O1CN016jejLg1HYi2DadSRp_2208325010770-0-cib.jpg\" alt=\"\" width=\"800\" height=\"777\" srcset=\"https:\/\/vestpetproducts.com\/wp-content\/uploads\/2025\/07\/O1CN016jejLg1HYi2DadSRp_2208325010770-0-cib.jpg 800w, https:\/\/vestpetproducts.com\/wp-content\/uploads\/2025\/07\/O1CN016jejLg1HYi2DadSRp_2208325010770-0-cib-500x486.jpg 500w, https:\/\/vestpetproducts.com\/wp-content\/uploads\/2025\/07\/O1CN016jejLg1HYi2DadSRp_2208325010770-0-cib-300x291.jpg 300w, https:\/\/vestpetproducts.com\/wp-content\/uploads\/2025\/07\/O1CN016jejLg1HYi2DadSRp_2208325010770-0-cib-768x746.jpg 768w, https:\/\/vestpetproducts.com\/wp-content\/uploads\/2025\/07\/O1CN016jejLg1HYi2DadSRp_2208325010770-0-cib-12x12.jpg 12w, https:\/\/vestpetproducts.com\/wp-content\/uploads\/2025\/07\/O1CN016jejLg1HYi2DadSRp_2208325010770-0-cib-77x75.jpg 77w, https:\/\/vestpetproducts.com\/wp-content\/uploads\/2025\/07\/O1CN016jejLg1HYi2DadSRp_2208325010770-0-cib-480x466.jpg 480w\" sizes=\"auto, (max-width:767px) 480px, (max-width:800px) 100vw, 800px\" \/> <img loading=\"lazy\" decoding=\"async\" class=\"aligncenter size-full wp-image-1491\" src=\"http:\/\/vestpetproducts.com\/wp-content\/uploads\/2025\/07\/O1CN01LTYuK11HYi2FjYujs_2208325010770-0-cib.jpg\" alt=\"\" width=\"800\" height=\"579\" srcset=\"https:\/\/vestpetproducts.com\/wp-content\/uploads\/2025\/07\/O1CN01LTYuK11HYi2FjYujs_2208325010770-0-cib.jpg 800w, https:\/\/vestpetproducts.com\/wp-content\/uploads\/2025\/07\/O1CN01LTYuK11HYi2FjYujs_2208325010770-0-cib-500x362.jpg 500w, https:\/\/vestpetproducts.com\/wp-content\/uploads\/2025\/07\/O1CN01LTYuK11HYi2FjYujs_2208325010770-0-cib-300x217.jpg 300w, https:\/\/vestpetproducts.com\/wp-content\/uploads\/2025\/07\/O1CN01LTYuK11HYi2FjYujs_2208325010770-0-cib-768x556.jpg 768w, https:\/\/vestpetproducts.com\/wp-content\/uploads\/2025\/07\/O1CN01LTYuK11HYi2FjYujs_2208325010770-0-cib-18x12.jpg 18w, https:\/\/vestpetproducts.com\/wp-content\/uploads\/2025\/07\/O1CN01LTYuK11HYi2FjYujs_2208325010770-0-cib-104x75.jpg 104w, https:\/\/vestpetproducts.com\/wp-content\/uploads\/2025\/07\/O1CN01LTYuK11HYi2FjYujs_2208325010770-0-cib-480x347.jpg 480w\" sizes=\"auto, (max-width:767px) 480px, (max-width:800px) 100vw, 800px\" \/> <img loading=\"lazy\" decoding=\"async\" class=\"aligncenter size-full wp-image-1492\" src=\"http:\/\/vestpetproducts.com\/wp-content\/uploads\/2025\/07\/O1CN012o1SGR1HYi2DabmUT_2208325010770-0-cib.jpg\" alt=\"\" width=\"800\" height=\"456\" srcset=\"https:\/\/vestpetproducts.com\/wp-content\/uploads\/2025\/07\/O1CN012o1SGR1HYi2DabmUT_2208325010770-0-cib.jpg 800w, https:\/\/vestpetproducts.com\/wp-content\/uploads\/2025\/07\/O1CN012o1SGR1HYi2DabmUT_2208325010770-0-cib-500x285.jpg 500w, https:\/\/vestpetproducts.com\/wp-content\/uploads\/2025\/07\/O1CN012o1SGR1HYi2DabmUT_2208325010770-0-cib-300x171.jpg 300w, https:\/\/vestpetproducts.com\/wp-content\/uploads\/2025\/07\/O1CN012o1SGR1HYi2DabmUT_2208325010770-0-cib-768x438.jpg 768w, https:\/\/vestpetproducts.com\/wp-content\/uploads\/2025\/07\/O1CN012o1SGR1HYi2DabmUT_2208325010770-0-cib-18x10.jpg 18w, https:\/\/vestpetproducts.com\/wp-content\/uploads\/2025\/07\/O1CN012o1SGR1HYi2DabmUT_2208325010770-0-cib-132x75.jpg 132w, https:\/\/vestpetproducts.com\/wp-content\/uploads\/2025\/07\/O1CN012o1SGR1HYi2DabmUT_2208325010770-0-cib-480x274.jpg 480w\" sizes=\"auto, (max-width:767px) 480px, (max-width:800px) 100vw, 800px\" \/><\/p>","protected":false},"excerpt":{"rendered":"<p>Colores: negro, rosa, gris, blanco.<\/p>\n<p>Dimensiones: Dimensiones totales: 13 cm de largo x 11,5 cm de alto. Peso: 1018 g. Capacidad: 350 ml. Esta urna conmemorativa es una forma hermosa y significativa de guardar las cenizas de perros, gatos u otras mascotas.<br \/>\nUrna conmemorativa para mascotas de alta calidad: esta urna conmemorativa para mascotas est\u00e1 hecha de cemento Portland, presenta una artesan\u00eda \u00fanica, durabilidad y un dise\u00f1o bien construido con bordes suaves y redondeados.<br \/>\nRegalo de condolencias por la p\u00e9rdida de una mascota: Ya sea que busque una manera de conmemorar a su amigo peludo o brindar consuelo a quienes han perdido al suyo, esta urna conmemorativa personalizada es una forma hermosa y significativa de hacerlo. Es un regalo que atesorar\u00e1 por a\u00f1os, manteniendo vivo el recuerdo de su mascota y cerca de su coraz\u00f3n.<\/p>","protected":false},"featured_media":1480,"template":"","meta":{"content-type":""},"product_brand":[],"product_cat":[19],"product_tag":[],"class_list":{"0":"post-1479","1":"product","2":"type-product","3":"status-publish","4":"has-post-thumbnail","6":"product_cat-pet-memorial-products","8":"first","9":"instock","10":"shipping-taxable","11":"product-type-simple"},"yoast_head":"<!-- This site is optimized with the Yoast SEO plugin v24.9 - https:\/\/yoast.com\/wordpress\/plugins\/seo\/ -->\n<title>White Memorial Box Urn Cremation Storage Box Funeral Supplies - Shandong Vest International Trade Co., Ltd.<\/title>\n<meta name=\"robots\" content=\"index, follow, max-snippet:-1, max-image-preview:large, max-video-preview:-1\" \/>\n<link rel=\"canonical\" href=\"https:\/\/vestpetproducts.com\/es\/producto\/white-memorial-box-urn-cremation-storage-box-funeral-supplies\/\" \/>\n<meta property=\"og:locale\" content=\"es_ES\" \/>\n<meta property=\"og:type\" content=\"article\" \/>\n<meta property=\"og:title\" content=\"White Memorial Box Urn Cremation Storage Box Funeral Supplies - Shandong Vest International Trade Co., Ltd.\" \/>\n<meta property=\"og:description\" content=\"Colors: black, pink, gray, white  Dimensions: Overall dimensions: 13 cm long x 11.5 cm high. Weight: 1018g. Capacity: 350ml. This memorial urn is a beautiful and meaningful way to store the ashes of various dogs, cats, or other pets. High-quality pet memorial urn: This pet memorial urn is made of Portland cement, featuring unique craftsmanship, durability, and a well-constructed design with smooth, rounded edges. Pet Loss Sympathy Gift: Whether you are looking for a way to commemorate your own furry friend or to offer comfort to others who have lost theirs, this personalized memorial urn is a beautiful and meaningful way to do so. It is a gift that will be cherished for years to come, keeping your pet&#039;s memory alive and close to your heart.\" \/>\n<meta property=\"og:url\" content=\"https:\/\/vestpetproducts.com\/es\/producto\/white-memorial-box-urn-cremation-storage-box-funeral-supplies\/\" \/>\n<meta property=\"og:site_name\" content=\"Shandong Vest International Trade Co., Ltd.\" \/>\n<meta property=\"article:modified_time\" content=\"2025-08-05T09:41:15+00:00\" \/>\n<meta property=\"og:image\" content=\"https:\/\/vestpetproducts.com\/wp-content\/uploads\/2025\/07\/O1CN013CTk0Y1HYi2Fk1778_2208325010770-0-cib.jpg\" \/>\n\t<meta property=\"og:image:width\" content=\"800\" \/>\n\t<meta property=\"og:image:height\" content=\"708\" \/>\n\t<meta property=\"og:image:type\" content=\"image\/jpeg\" \/>\n<meta name=\"twitter:card\" content=\"summary_large_image\" \/>\n<meta name=\"twitter:label1\" content=\"Tiempo de lectura\" \/>\n\t<meta name=\"twitter:data1\" content=\"2 minutos\" \/>\n<script type=\"application\/ld+json\" class=\"yoast-schema-graph\">{\"@context\":\"https:\/\/schema.org\",\"@graph\":[{\"@type\":\"WebPage\",\"@id\":\"https:\/\/vestpetproducts.com\/product\/white-memorial-box-urn-cremation-storage-box-funeral-supplies\/\",\"url\":\"https:\/\/vestpetproducts.com\/product\/white-memorial-box-urn-cremation-storage-box-funeral-supplies\/\",\"name\":\"White Memorial Box Urn Cremation Storage Box Funeral Supplies - Shandong Vest International Trade Co., Ltd.\",\"isPartOf\":{\"@id\":\"https:\/\/vestpetproducts.com\/#website\"},\"primaryImageOfPage\":{\"@id\":\"https:\/\/vestpetproducts.com\/product\/white-memorial-box-urn-cremation-storage-box-funeral-supplies\/#primaryimage\"},\"image\":{\"@id\":\"https:\/\/vestpetproducts.com\/product\/white-memorial-box-urn-cremation-storage-box-funeral-supplies\/#primaryimage\"},\"thumbnailUrl\":\"https:\/\/vestpetproducts.com\/wp-content\/uploads\/2025\/07\/O1CN013CTk0Y1HYi2Fk1778_2208325010770-0-cib.jpg\",\"datePublished\":\"2025-07-24T03:08:22+00:00\",\"dateModified\":\"2025-08-05T09:41:15+00:00\",\"breadcrumb\":{\"@id\":\"https:\/\/vestpetproducts.com\/product\/white-memorial-box-urn-cremation-storage-box-funeral-supplies\/#breadcrumb\"},\"inLanguage\":\"es\",\"potentialAction\":[{\"@type\":\"ReadAction\",\"target\":[\"https:\/\/vestpetproducts.com\/product\/white-memorial-box-urn-cremation-storage-box-funeral-supplies\/\"]}]},{\"@type\":\"ImageObject\",\"inLanguage\":\"es\",\"@id\":\"https:\/\/vestpetproducts.com\/product\/white-memorial-box-urn-cremation-storage-box-funeral-supplies\/#primaryimage\",\"url\":\"https:\/\/vestpetproducts.com\/wp-content\/uploads\/2025\/07\/O1CN013CTk0Y1HYi2Fk1778_2208325010770-0-cib.jpg\",\"contentUrl\":\"https:\/\/vestpetproducts.com\/wp-content\/uploads\/2025\/07\/O1CN013CTk0Y1HYi2Fk1778_2208325010770-0-cib.jpg\",\"width\":\"800\",\"height\":\"708\"},{\"@type\":\"BreadcrumbList\",\"@id\":\"https:\/\/vestpetproducts.com\/product\/white-memorial-box-urn-cremation-storage-box-funeral-supplies\/#breadcrumb\",\"itemListElement\":[{\"@type\":\"ListItem\",\"position\":1,\"name\":\"\u9996\u9875\",\"item\":\"https:\/\/vestpetproducts.com\/\"},{\"@type\":\"ListItem\",\"position\":2,\"name\":\"Product\",\"item\":\"https:\/\/vestpetproducts.com\/product\/\"},{\"@type\":\"ListItem\",\"position\":3,\"name\":\"White Memorial Box Urn Cremation Storage Box Funeral Supplies\"}]},{\"@type\":\"WebSite\",\"@id\":\"https:\/\/vestpetproducts.com\/#website\",\"url\":\"https:\/\/vestpetproducts.com\/\",\"name\":\"Shandong Vest International Trade Co., Ltd.\",\"description\":\"Shandong Vest International Trade Co., Ltd.\",\"potentialAction\":[{\"@type\":\"SearchAction\",\"target\":{\"@type\":\"EntryPoint\",\"urlTemplate\":\"https:\/\/vestpetproducts.com\/?s={search_term_string}\"},\"query-input\":{\"@type\":\"PropertyValueSpecification\",\"valueRequired\":true,\"valueName\":\"search_term_string\"}}],\"inLanguage\":\"es\"}]}<\/script>\n<!-- \/ Yoast SEO plugin. -->","yoast_head_json":{"title":"White Memorial Box Urn Cremation Storage Box Funeral Supplies - Shandong Vest International Trade Co., Ltd.","robots":{"index":"index","follow":"follow","max-snippet":"max-snippet:-1","max-image-preview":"max-image-preview:large","max-video-preview":"max-video-preview:-1"},"canonical":"https:\/\/vestpetproducts.com\/es\/producto\/white-memorial-box-urn-cremation-storage-box-funeral-supplies\/","og_locale":"es_ES","og_type":"article","og_title":"White Memorial Box Urn Cremation Storage Box Funeral Supplies - Shandong Vest International Trade Co., Ltd.","og_description":"Colors: black, pink, gray, white  Dimensions: Overall dimensions: 13 cm long x 11.5 cm high. Weight: 1018g. Capacity: 350ml. This memorial urn is a beautiful and meaningful way to store the ashes of various dogs, cats, or other pets. High-quality pet memorial urn: This pet memorial urn is made of Portland cement, featuring unique craftsmanship, durability, and a well-constructed design with smooth, rounded edges. Pet Loss Sympathy Gift: Whether you are looking for a way to commemorate your own furry friend or to offer comfort to others who have lost theirs, this personalized memorial urn is a beautiful and meaningful way to do so. It is a gift that will be cherished for years to come, keeping your pet's memory alive and close to your heart.","og_url":"https:\/\/vestpetproducts.com\/es\/producto\/white-memorial-box-urn-cremation-storage-box-funeral-supplies\/","og_site_name":"Shandong Vest International Trade Co., Ltd.","article_modified_time":"2025-08-05T09:41:15+00:00","og_image":[{"width":800,"height":708,"url":"https:\/\/vestpetproducts.com\/wp-content\/uploads\/2025\/07\/O1CN013CTk0Y1HYi2Fk1778_2208325010770-0-cib.jpg","type":"image\/jpeg"}],"twitter_card":"summary_large_image","twitter_misc":{"Tiempo de lectura":"2 minutos"},"schema":{"@context":"https:\/\/schema.org","@graph":[{"@type":"WebPage","@id":"https:\/\/vestpetproducts.com\/product\/white-memorial-box-urn-cremation-storage-box-funeral-supplies\/","url":"https:\/\/vestpetproducts.com\/product\/white-memorial-box-urn-cremation-storage-box-funeral-supplies\/","name":"White Memorial Box Urn Cremation Storage Box Funeral Supplies - Shandong Vest International Trade Co., Ltd.","isPartOf":{"@id":"https:\/\/vestpetproducts.com\/#website"},"primaryImageOfPage":{"@id":"https:\/\/vestpetproducts.com\/product\/white-memorial-box-urn-cremation-storage-box-funeral-supplies\/#primaryimage"},"image":{"@id":"https:\/\/vestpetproducts.com\/product\/white-memorial-box-urn-cremation-storage-box-funeral-supplies\/#primaryimage"},"thumbnailUrl":"https:\/\/vestpetproducts.com\/wp-content\/uploads\/2025\/07\/O1CN013CTk0Y1HYi2Fk1778_2208325010770-0-cib.jpg","datePublished":"2025-07-24T03:08:22+00:00","dateModified":"2025-08-05T09:41:15+00:00","breadcrumb":{"@id":"https:\/\/vestpetproducts.com\/product\/white-memorial-box-urn-cremation-storage-box-funeral-supplies\/#breadcrumb"},"inLanguage":"es","potentialAction":[{"@type":"ReadAction","target":["https:\/\/vestpetproducts.com\/product\/white-memorial-box-urn-cremation-storage-box-funeral-supplies\/"]}]},{"@type":"ImageObject","inLanguage":"es","@id":"https:\/\/vestpetproducts.com\/product\/white-memorial-box-urn-cremation-storage-box-funeral-supplies\/#primaryimage","url":"https:\/\/vestpetproducts.com\/wp-content\/uploads\/2025\/07\/O1CN013CTk0Y1HYi2Fk1778_2208325010770-0-cib.jpg","contentUrl":"https:\/\/vestpetproducts.com\/wp-content\/uploads\/2025\/07\/O1CN013CTk0Y1HYi2Fk1778_2208325010770-0-cib.jpg","width":"800","height":"708"},{"@type":"BreadcrumbList","@id":"https:\/\/vestpetproducts.com\/product\/white-memorial-box-urn-cremation-storage-box-funeral-supplies\/#breadcrumb","itemListElement":[{"@type":"ListItem","position":1,"name":"\u9996\u9875","item":"https:\/\/vestpetproducts.com\/"},{"@type":"ListItem","position":2,"name":"Product","item":"https:\/\/vestpetproducts.com\/product\/"},{"@type":"ListItem","position":3,"name":"White Memorial Box Urn Cremation Storage Box Funeral Supplies"}]},{"@type":"WebSite","@id":"https:\/\/vestpetproducts.com\/#website","url":"https:\/\/vestpetproducts.com\/","name":"Shandong Vest International Trade Co., Ltd.","description":"Shandong Vest International Trade Co., Ltd.","potentialAction":[{"@type":"SearchAction","target":{"@type":"EntryPoint","urlTemplate":"https:\/\/vestpetproducts.com\/?s={search_term_string}"},"query-input":{"@type":"PropertyValueSpecification","valueRequired":true,"valueName":"search_term_string"}}],"inLanguage":"es"}]}},"_links":{"self":[{"href":"https:\/\/vestpetproducts.com\/es\/wp-json\/wp\/v2\/product\/1479","targetHints":{"allow":["GET"]}}],"collection":[{"href":"https:\/\/vestpetproducts.com\/es\/wp-json\/wp\/v2\/product"}],"about":[{"href":"https:\/\/vestpetproducts.com\/es\/wp-json\/wp\/v2\/types\/product"}],"wp:featuredmedia":[{"embeddable":true,"href":"https:\/\/vestpetproducts.com\/es\/wp-json\/wp\/v2\/media\/1480"}],"wp:attachment":[{"href":"https:\/\/vestpetproducts.com\/es\/wp-json\/wp\/v2\/media?parent=1479"}],"wp:term":[{"taxonomy":"product_brand","embeddable":true,"href":"https:\/\/vestpetproducts.com\/es\/wp-json\/wp\/v2\/product_brand?post=1479"},{"taxonomy":"product_cat","embeddable":true,"href":"https:\/\/vestpetproducts.com\/es\/wp-json\/wp\/v2\/product_cat?post=1479"},{"taxonomy":"product_tag","embeddable":true,"href":"https:\/\/vestpetproducts.com\/es\/wp-json\/wp\/v2\/product_tag?post=1479"}],"curies":[{"name":"wp","href":"https:\/\/api.w.org\/{rel}","templated":true}]}}